{"id":4857,"date":"2023-03-25T22:19:20","date_gmt":"2023-03-25T22:19:20","guid":{"rendered":"https:\/\/archivehub.io\/partners\/registrieren-sie-eine-gelegenheit\/"},"modified":"2023-04-09T08:11:10","modified_gmt":"2023-04-09T08:11:10","slug":"registrieren-sie-eine-gelegenheit","status":"publish","type":"page","link":"https:\/\/archivehub.io\/de\/partners\/registrieren-sie-eine-gelegenheit\/","title":{"rendered":"Registrieren Sie eine Gelegenheit"},"content":{"rendered":"\t\t<div data-elementor-type=\"wp-page\" data-elementor-id=\"4857\" class=\"elementor elementor-4857 elementor-2996\">\n\t\t\t\t\t\t<section class=\"elementor-section elementor-top-section elementor-element elementor-element-7c25384 elementor-section-boxed elementor-section-height-default elementor-section-height-default\" data-id=\"7c25384\" data-element_type=\"section\">\n\t\t\t\t\t\t<div class=\"elementor-container elementor-column-gap-default\">\n\t\t\t\t\t<div class=\"elementor-column elementor-col-100 elementor-top-column elementor-element elementor-element-dcb959c\" data-id=\"dcb959c\" data-element_type=\"column\">\n\t\t\t<div class=\"elementor-widget-wrap elementor-element-populated\">\n\t\t\t\t\t\t<div class=\"elementor-element elementor-element-82276ac elementor-widget elementor-widget-text-editor\" data-id=\"82276ac\" data-element_type=\"widget\" data-widget_type=\"text-editor.default\">\n\t\t\t\t<div class=\"elementor-widget-container\">\n\t\t\t\t\t\t\t\t\t<p>Das ArchiveHub-Empfehlungsprogramm bietet Partnern, die neue Leads f\u00fcr Lizenzen, Abonnements und professionelle Dienstleistungen gewinnen, Findergeb\u00fchren. Verweisen Sie auf ArchiveHub auf neue Gelegenheiten, um Gesch\u00e4fte zu beschleunigen, den Umsatz zu steigern und Kunden zu gewinnen. Deals m\u00fcssen registriert und genehmigt werden, um sich zu qualifizieren.<\/p>\n\t\t\t\t\t\t\t\t<\/div>\n\t\t\t\t<\/div>\n\t\t\t\t\t<\/div>\n\t\t<\/div>\n\t\t\t\t\t<\/div>\n\t\t<\/section>\n\t\t\t\t<section class=\"elementor-section elementor-top-section elementor-element elementor-element-a43c8fa elementor-section-boxed elementor-section-height-default elementor-section-height-default\" data-id=\"a43c8fa\" data-element_type=\"section\">\n\t\t\t\t\t\t<div class=\"elementor-container elementor-column-gap-default\">\n\t\t\t\t\t<div class=\"elementor-column elementor-col-100 elementor-top-column elementor-element elementor-element-0ced44b\" data-id=\"0ced44b\" data-element_type=\"column\">\n\t\t\t<div class=\"elementor-widget-wrap elementor-element-populated\">\n\t\t\t\t\t\t<div class=\"elementor-element elementor-element-dbe38d7 elementor-widget elementor-widget-formidable\" data-id=\"dbe38d7\" data-element_type=\"widget\" data-widget_type=\"formidable.default\">\n\t\t\t\t<div class=\"elementor-widget-container\">\n\t\t\t\t\t<div class=\"frm_forms  with_frm_style frm_style_formidable-style\" id=\"frm_form_3_container\" data-token=\"6a3a64b560ee6c8147b9006171728e51\">\n<form enctype=\"multipart\/form-data\" method=\"post\" class=\"frm-show-form  frm_pro_form \" id=\"form_registeropportunity\" data-token=\"6a3a64b560ee6c8147b9006171728e51\">\n<div class=\"frm_form_fields \">\n<fieldset>\n<legend class=\"frm_screen_reader\">Register Opportunity<\/legend>\r\n\r\n<div class=\"frm_fields_container\">\n<input type=\"hidden\" name=\"frm_action\" value=\"create\" \/>\n<input type=\"hidden\" name=\"form_id\" value=\"3\" \/>\n<input type=\"hidden\" name=\"frm_hide_fields_3\" id=\"frm_hide_fields_3\" value=\"\" \/>\n<input type=\"hidden\" name=\"form_key\" value=\"registeropportunity\" \/>\n<input type=\"hidden\" name=\"item_meta[0]\" value=\"\" \/>\n<input type=\"hidden\" id=\"frm_submit_entry_3\" name=\"frm_submit_entry_3\" value=\"ac3b846e92\" \/><input type=\"hidden\" name=\"_wp_http_referer\" value=\"\/de\/wp-json\/wp\/v2\/pages\/4857\" \/><div id=\"frm_field_90_container\" class=\"frm_form_field frm_section_heading form-field  frm12 frm_first\">\r\n<h3 class=\"frm_pos_top frm_section_spacing\">Partner Details<\/h3>\r\n\r\n\r\n<div id=\"frm_field_50_container\" class=\"frm_form_field form-field  frm_required_field frm_top_container frm12 frm_first\">\r\n    <label for=\"field_rng28\" id=\"field_rng28_label\" class=\"frm_primary_label\">Partner Company\r\n        <span class=\"frm_required\" aria-hidden=\"true\">*<\/span>\r\n    <\/label>\r\n    <input  type=\"text\" id=\"field_rng28\" name=\"item_meta[50]\" value=\"\"  data-sectionid=\"90\"  data-reqmsg=\"Partner Company cannot be blank.\" aria-required=\"true\" data-invmsg=\"Text is invalid\" aria-invalid=\"false\"   \/>\r\n    \r\n    \r\n<\/div>\n<div id=\"frm_field_51_container\" class=\"frm_form_field form-field  frm_required_field frm_top_container frm6 frm_first\">\r\n    <label for=\"field_euogj\" id=\"field_euogj_label\" class=\"frm_primary_label\">Partner Contact Name\r\n        <span class=\"frm_required\" aria-hidden=\"true\">*<\/span>\r\n    <\/label>\r\n    <input  type=\"text\" id=\"field_euogj\" name=\"item_meta[51]\" value=\"\"  data-sectionid=\"90\"  data-reqmsg=\"Partner Contact Name cannot be blank.\" aria-required=\"true\" data-invmsg=\"Text is invalid\" aria-invalid=\"false\"   \/>\r\n    \r\n    \r\n<\/div>\n<div id=\"frm_field_88_container\" class=\"frm_form_field form-field  frm_required_field frm_top_container frm6\">\r\n    <label for=\"field_hfgx6\" id=\"field_hfgx6_label\" class=\"frm_primary_label\">Partner Phone\r\n        <span class=\"frm_required\" aria-hidden=\"true\">*<\/span>\r\n    <\/label>\r\n    <input  type=\"text\" id=\"field_hfgx6\" name=\"item_meta[88]\" value=\"\"  data-reqmsg=\"Partner Phone cannot be blank.\" aria-required=\"true\" data-invmsg=\"Text is invalid\" aria-invalid=\"false\"   \/>\r\n    \r\n    \r\n<\/div>\n<div id=\"frm_field_54_container\" class=\"frm_form_field form-field  frm_required_field frm_top_container frm6 frm_first\">\r\n    <label for=\"field_i2bn7\" id=\"field_i2bn7_label\" class=\"frm_primary_label\">Partner City\r\n        <span class=\"frm_required\" aria-hidden=\"true\">*<\/span>\r\n    <\/label>\r\n    <input  type=\"text\" id=\"field_i2bn7\" name=\"item_meta[54]\" value=\"\"  data-sectionid=\"90\"  data-reqmsg=\"Partner City cannot be blank.\" aria-required=\"true\" data-invmsg=\"Text is invalid\" aria-invalid=\"false\"   \/>\r\n    \r\n    \r\n<\/div>\n<div id=\"frm_field_55_container\" class=\"frm_form_field form-field  frm_required_field frm_top_container frm6\">\r\n    <label for=\"field_ml60q\" id=\"field_ml60q_label\" class=\"frm_primary_label\">Partne Country\r\n        <span class=\"frm_required\" aria-hidden=\"true\">*<\/span>\r\n    <\/label>\r\n    <input  type=\"text\" id=\"field_ml60q\" name=\"item_meta[55]\" value=\"\"  data-reqmsg=\"Partne Country cannot be blank.\" aria-required=\"true\" data-invmsg=\"Text is invalid\" aria-invalid=\"false\"   \/>\r\n    \r\n    \r\n<\/div>\n<\/div>\n<div id=\"frm_field_92_container\" class=\"frm_form_field frm_section_heading form-field \">\r\n<h3 class=\"frm_pos_top frm_section_spacing\">Prospect Comapny Details<\/h3>\r\n\r\n\r\n<div id=\"frm_field_56_container\" class=\"frm_form_field form-field  frm_required_field frm_top_container frm6 frm_first\">\r\n    <label for=\"field_rsru7\" id=\"field_rsru7_label\" class=\"frm_primary_label\">Prospect Company\r\n        <span class=\"frm_required\" aria-hidden=\"true\">*<\/span>\r\n    <\/label>\r\n    <input  type=\"text\" id=\"field_rsru7\" name=\"item_meta[56]\" value=\"\"  data-sectionid=\"92\"  data-reqmsg=\"Prospect Company cannot be blank.\" aria-required=\"true\" data-invmsg=\"Text is invalid\" aria-invalid=\"false\"   \/>\r\n    \r\n    \r\n<\/div>\n<div id=\"frm_field_57_container\" class=\"frm_form_field form-field  frm_required_field frm_top_container frm6\">\r\n    <label for=\"field_19ryc\" id=\"field_19ryc_label\" class=\"frm_primary_label\">Prospect Contact Name\r\n        <span class=\"frm_required\" aria-hidden=\"true\">*<\/span>\r\n    <\/label>\r\n    <input  type=\"text\" id=\"field_19ryc\" name=\"item_meta[57]\" value=\"\"  data-sectionid=\"92\"  data-reqmsg=\"Prospect Contact Name cannot be blank.\" aria-required=\"true\" data-invmsg=\"Text is invalid\" aria-invalid=\"false\"   \/>\r\n    \r\n    \r\n<\/div>\n<div id=\"frm_field_58_container\" class=\"frm_form_field form-field  frm_required_field frm_top_container frm6 frm_first\">\r\n    <label for=\"field_ale1p\" id=\"field_ale1p_label\" class=\"frm_primary_label\">Prospect Email\r\n        <span class=\"frm_required\" aria-hidden=\"true\">*<\/span>\r\n    <\/label>\r\n    <input  type=\"text\" id=\"field_ale1p\" name=\"item_meta[58]\" value=\"\"  data-sectionid=\"92\"  data-reqmsg=\"Prospect Email cannot be blank.\" aria-required=\"true\" data-invmsg=\"Text is invalid\" aria-invalid=\"false\"   \/>\r\n    \r\n    \r\n<\/div>\n<div id=\"frm_field_59_container\" class=\"frm_form_field form-field  frm_required_field frm_top_container frm6\">\r\n    <label for=\"field_r3ij2\" id=\"field_r3ij2_label\" class=\"frm_primary_label\">Prospect Phone Number\r\n        <span class=\"frm_required\" aria-hidden=\"true\">*<\/span>\r\n    <\/label>\r\n    <input  type=\"text\" id=\"field_r3ij2\" name=\"item_meta[59]\" value=\"\"  data-sectionid=\"92\"  data-reqmsg=\"Prospect Phone Number cannot be blank.\" aria-required=\"true\" data-invmsg=\"Text is invalid\" aria-invalid=\"false\"   \/>\r\n    \r\n    \r\n<\/div>\n<div id=\"frm_field_60_container\" class=\"frm_form_field form-field  frm_required_field frm_top_container frm6 frm_first\">\r\n    <label for=\"field_7ustk\" id=\"field_7ustk_label\" class=\"frm_primary_label\">Prospect City\r\n        <span class=\"frm_required\" aria-hidden=\"true\">*<\/span>\r\n    <\/label>\r\n    <input  type=\"text\" id=\"field_7ustk\" name=\"item_meta[60]\" value=\"\"  data-sectionid=\"92\"  data-reqmsg=\"Prospect City cannot be blank.\" aria-required=\"true\" data-invmsg=\"Text is invalid\" aria-invalid=\"false\"   \/>\r\n    \r\n    \r\n<\/div>\n<div id=\"frm_field_61_container\" class=\"frm_form_field form-field  frm_required_field frm_top_container frm6\">\r\n    <label for=\"field_xjwxa\" id=\"field_xjwxa_label\" class=\"frm_primary_label\">Prospect Country\r\n        <span class=\"frm_required\" aria-hidden=\"true\">*<\/span>\r\n    <\/label>\r\n    <input  type=\"text\" id=\"field_xjwxa\" name=\"item_meta[61]\" value=\"\"  data-sectionid=\"92\"  data-reqmsg=\"Prospect Country cannot be blank.\" aria-required=\"true\" data-invmsg=\"Text is invalid\" aria-invalid=\"false\"   \/>\r\n    \r\n    \r\n<\/div>\n<div id=\"frm_field_62_container\" class=\"frm_form_field form-field  frm_required_field frm_top_container\">\r\n    <label for=\"field_fh3sq\" id=\"field_fh3sq_label\" class=\"frm_primary_label\">Opportunity Details\r\n        <span class=\"frm_required\" aria-hidden=\"true\">*<\/span>\r\n    <\/label>\r\n    <textarea name=\"item_meta[62]\" id=\"field_fh3sq\" rows=\"5\"  data-sectionid=\"92\"  data-reqmsg=\"Opportunity Details cannot be blank.\" aria-required=\"true\" data-invmsg=\"Opportunity Details is invalid\" aria-invalid=\"false\"  ><\/textarea>\r\n    \r\n    \r\n<\/div>\n<\/div>\n<div id=\"frm_field_97_container\" class=\"frm_form_field form-field  frm_none_container\">\r\n    <label for=\"h-captcha-response\" id=\"field_vtl4h_label\" class=\"frm_primary_label\">Captcha\r\n        <span class=\"frm_required\" aria-hidden=\"true\"><\/span>\r\n    <\/label>\r\n    <div  id=\"field_vtl4h\" class=\"h-captcha\" data-sitekey=\"03174ff0-3985-46c6-be28-f44a181bf015\" data-size=\"normal\" data-theme=\"light\"><\/div>\r\n    \r\n    \r\n<\/div>\n\t<input type=\"hidden\" name=\"item_key\" value=\"\" \/>\n\t\t\t\t<div class=\"frm__681305af9d1d6\">\n\t\t\t\t<label for=\"frm_email_3\" >\n\t\t\t\t\tFalls Du menschlich bist, lasse dieses Feld leer.\t\t\t\t<\/label>\n\t\t\t\t<input  id=\"frm_email_3\" type=\"text\" class=\"frm_verify\" name=\"frm__681305af9d1d6\" value=\"\" autocomplete=\"off\"  \/>\n\t\t\t<\/div>\n\t\t<input name=\"frm_state\" type=\"hidden\" value=\"hOkFpaYGR1onkFKe7EctNHGtx8YGwcl8xNqenzyHXOk=\" \/><div class=\"frm_submit\">\r\n\r\n<button class=\"frm_button_submit frm_final_submit\" type=\"submit\"  >Submit<\/button>\r\n\r\n\r\n<\/div><\/div>\n<\/fieldset>\n<\/div>\n\n<\/form>\n<\/div>\n\t\t\t\t<\/div>\n\t\t\t\t<\/div>\n\t\t\t\t\t<\/div>\n\t\t<\/div>\n\t\t\t\t\t<\/div>\n\t\t<\/section>\n\t\t\t\t<\/div>\n\t\t","protected":false},"excerpt":{"rendered":"<p>Das ArchiveHub-Empfehlungsprogramm bietet Partnern, die neue Leads f\u00fcr Lizenzen, Abonnements und professionelle Dienstleistungen gewinnen, Findergeb\u00fchren. Verweisen Sie auf ArchiveHub auf neue Gelegenheiten, um Gesch\u00e4fte zu beschleunigen, den Umsatz zu steigern und Kunden zu gewinnen. Deals m\u00fcssen registriert und genehmigt werden, um sich zu qualifizieren. Register Opportunity Partner Details Partner Company * Partner Contact Name * [&hellip;]<\/p>\n","protected":false},"author":1,"featured_media":0,"parent":4851,"menu_order":0,"comment_status":"closed","ping_status":"closed","template":"","meta":{"om_disable_all_campaigns":false,"_monsterinsights_skip_tracking":false,"_monsterinsights_sitenote_active":false,"_monsterinsights_sitenote_note":"","_monsterinsights_sitenote_category":0,"footnotes":""},"class_list":["post-4857","page","type-page","status-publish","hentry"],"aioseo_notices":[],"yoast_head":"<!-- This site is optimized with the Yoast SEO plugin v25.0 - https:\/\/yoast.com\/wordpress\/plugins\/seo\/ -->\n<title>Registrieren Sie eine Gelegenheit - ArchiveHub.io<\/title>\n<meta name=\"description\" content=\"Das ArchiveHub-Empfehlungsprogramm bietet Partnern, die neue Leads f\u00fcr Lizenzen, Abonnements und professionelle Dienstleistungen gewinnen, Findergeb\u00fchren. Verweisen Sie auf ArchiveHub auf neue Gelegenheiten, um Gesch\u00e4fte zu beschleunigen, den Umsatz zu steigern und Kunden zu gewinnen. Deals m\u00fcssen registriert und genehmigt werden, um sich zu qualifizieren.\" \/>\n<meta name=\"robots\" content=\"noindex, nofollow\" \/>\n<meta property=\"og:locale\" content=\"de_DE\" \/>\n<meta property=\"og:type\" content=\"article\" \/>\n<meta property=\"og:title\" content=\"Registrieren Sie eine Gelegenheit - ArchiveHub.io\" \/>\n<meta property=\"og:description\" content=\"Das ArchiveHub-Empfehlungsprogramm bietet Partnern, die neue Leads f\u00fcr Lizenzen, Abonnements und professionelle Dienstleistungen gewinnen, Findergeb\u00fchren. Verweisen Sie auf ArchiveHub auf neue Gelegenheiten, um Gesch\u00e4fte zu beschleunigen, den Umsatz zu steigern und Kunden zu gewinnen. Deals m\u00fcssen registriert und genehmigt werden, um sich zu qualifizieren.\" \/>\n<meta property=\"og:url\" content=\"https:\/\/archivehub.io\/de\/partners\/registrieren-sie-eine-gelegenheit\/\" \/>\n<meta property=\"og:site_name\" content=\"ArchiveHub.io\" \/>\n<meta property=\"article:publisher\" content=\"https:\/\/www.facebook.com\/people\/ArchiveHubio\/100091316926341\/\" \/>\n<meta property=\"article:modified_time\" content=\"2023-04-09T08:11:10+00:00\" \/>\n<meta name=\"twitter:card\" content=\"summary_large_image\" \/>\n<script type=\"application\/ld+json\" class=\"yoast-schema-graph\">{\"@context\":\"https:\/\/schema.org\",\"@graph\":[{\"@type\":\"WebPage\",\"@id\":\"https:\/\/archivehub.io\/de\/partners\/registrieren-sie-eine-gelegenheit\/\",\"url\":\"https:\/\/archivehub.io\/de\/partners\/registrieren-sie-eine-gelegenheit\/\",\"name\":\"Registrieren Sie eine Gelegenheit - ArchiveHub.io\",\"isPartOf\":{\"@id\":\"https:\/\/archivehub.io\/de\/#website\"},\"datePublished\":\"2023-03-25T22:19:20+00:00\",\"dateModified\":\"2023-04-09T08:11:10+00:00\",\"description\":\"Das ArchiveHub-Empfehlungsprogramm bietet Partnern, die neue Leads f\u00fcr Lizenzen, Abonnements und professionelle Dienstleistungen gewinnen, Findergeb\u00fchren. Verweisen Sie auf ArchiveHub auf neue Gelegenheiten, um Gesch\u00e4fte zu beschleunigen, den Umsatz zu steigern und Kunden zu gewinnen. Deals m\u00fcssen registriert und genehmigt werden, um sich zu qualifizieren.\",\"breadcrumb\":{\"@id\":\"https:\/\/archivehub.io\/de\/partners\/registrieren-sie-eine-gelegenheit\/#breadcrumb\"},\"inLanguage\":\"de\",\"potentialAction\":[{\"@type\":\"ReadAction\",\"target\":[\"https:\/\/archivehub.io\/de\/partners\/registrieren-sie-eine-gelegenheit\/\"]}]},{\"@type\":\"BreadcrumbList\",\"@id\":\"https:\/\/archivehub.io\/de\/partners\/registrieren-sie-eine-gelegenheit\/#breadcrumb\",\"itemListElement\":[{\"@type\":\"ListItem\",\"position\":1,\"name\":\"Partners\",\"item\":\"https:\/\/archivehub.io\/de\/partners\/\"},{\"@type\":\"ListItem\",\"position\":2,\"name\":\"Registrieren Sie eine Gelegenheit\"}]},{\"@type\":\"WebSite\",\"@id\":\"https:\/\/archivehub.io\/de\/#website\",\"url\":\"https:\/\/archivehub.io\/de\/\",\"name\":\"ArchiveHub.io\",\"description\":\"SAP Archived Data Reporting Made Easy\",\"publisher\":{\"@id\":\"https:\/\/archivehub.io\/de\/#organization\"},\"potentialAction\":[{\"@type\":\"SearchAction\",\"target\":{\"@type\":\"EntryPoint\",\"urlTemplate\":\"https:\/\/archivehub.io\/de\/?s={search_term_string}\"},\"query-input\":{\"@type\":\"PropertyValueSpecification\",\"valueRequired\":true,\"valueName\":\"search_term_string\"}}],\"inLanguage\":\"de\"},{\"@type\":\"Organization\",\"@id\":\"https:\/\/archivehub.io\/de\/#organization\",\"name\":\"ArchiveHub.io\",\"url\":\"https:\/\/archivehub.io\/de\/\",\"logo\":{\"@type\":\"ImageObject\",\"inLanguage\":\"de\",\"@id\":\"https:\/\/archivehub.io\/de\/#\/schema\/logo\/image\/\",\"url\":\"https:\/\/archivehub.io\/wp-content\/uploads\/2023\/03\/350px.png\",\"contentUrl\":\"https:\/\/archivehub.io\/wp-content\/uploads\/2023\/03\/350px.png\",\"width\":351,\"height\":77,\"caption\":\"ArchiveHub.io\"},\"image\":{\"@id\":\"https:\/\/archivehub.io\/de\/#\/schema\/logo\/image\/\"},\"sameAs\":[\"https:\/\/www.facebook.com\/people\/ArchiveHubio\/100091316926341\/\"]}]}<\/script>\n<!-- \/ Yoast SEO plugin. -->","yoast_head_json":{"title":"Registrieren Sie eine Gelegenheit - ArchiveHub.io","description":"Das ArchiveHub-Empfehlungsprogramm bietet Partnern, die neue Leads f\u00fcr Lizenzen, Abonnements und professionelle Dienstleistungen gewinnen, Findergeb\u00fchren. Verweisen Sie auf ArchiveHub auf neue Gelegenheiten, um Gesch\u00e4fte zu beschleunigen, den Umsatz zu steigern und Kunden zu gewinnen. Deals m\u00fcssen registriert und genehmigt werden, um sich zu qualifizieren.","robots":{"index":"noindex","follow":"nofollow"},"og_locale":"de_DE","og_type":"article","og_title":"Registrieren Sie eine Gelegenheit - ArchiveHub.io","og_description":"Das ArchiveHub-Empfehlungsprogramm bietet Partnern, die neue Leads f\u00fcr Lizenzen, Abonnements und professionelle Dienstleistungen gewinnen, Findergeb\u00fchren. Verweisen Sie auf ArchiveHub auf neue Gelegenheiten, um Gesch\u00e4fte zu beschleunigen, den Umsatz zu steigern und Kunden zu gewinnen. Deals m\u00fcssen registriert und genehmigt werden, um sich zu qualifizieren.","og_url":"https:\/\/archivehub.io\/de\/partners\/registrieren-sie-eine-gelegenheit\/","og_site_name":"ArchiveHub.io","article_publisher":"https:\/\/www.facebook.com\/people\/ArchiveHubio\/100091316926341\/","article_modified_time":"2023-04-09T08:11:10+00:00","twitter_card":"summary_large_image","schema":{"@context":"https:\/\/schema.org","@graph":[{"@type":"WebPage","@id":"https:\/\/archivehub.io\/de\/partners\/registrieren-sie-eine-gelegenheit\/","url":"https:\/\/archivehub.io\/de\/partners\/registrieren-sie-eine-gelegenheit\/","name":"Registrieren Sie eine Gelegenheit - ArchiveHub.io","isPartOf":{"@id":"https:\/\/archivehub.io\/de\/#website"},"datePublished":"2023-03-25T22:19:20+00:00","dateModified":"2023-04-09T08:11:10+00:00","description":"Das ArchiveHub-Empfehlungsprogramm bietet Partnern, die neue Leads f\u00fcr Lizenzen, Abonnements und professionelle Dienstleistungen gewinnen, Findergeb\u00fchren. Verweisen Sie auf ArchiveHub auf neue Gelegenheiten, um Gesch\u00e4fte zu beschleunigen, den Umsatz zu steigern und Kunden zu gewinnen. Deals m\u00fcssen registriert und genehmigt werden, um sich zu qualifizieren.","breadcrumb":{"@id":"https:\/\/archivehub.io\/de\/partners\/registrieren-sie-eine-gelegenheit\/#breadcrumb"},"inLanguage":"de","potentialAction":[{"@type":"ReadAction","target":["https:\/\/archivehub.io\/de\/partners\/registrieren-sie-eine-gelegenheit\/"]}]},{"@type":"BreadcrumbList","@id":"https:\/\/archivehub.io\/de\/partners\/registrieren-sie-eine-gelegenheit\/#breadcrumb","itemListElement":[{"@type":"ListItem","position":1,"name":"Partners","item":"https:\/\/archivehub.io\/de\/partners\/"},{"@type":"ListItem","position":2,"name":"Registrieren Sie eine Gelegenheit"}]},{"@type":"WebSite","@id":"https:\/\/archivehub.io\/de\/#website","url":"https:\/\/archivehub.io\/de\/","name":"ArchiveHub.io","description":"SAP Archived Data Reporting Made Easy","publisher":{"@id":"https:\/\/archivehub.io\/de\/#organization"},"potentialAction":[{"@type":"SearchAction","target":{"@type":"EntryPoint","urlTemplate":"https:\/\/archivehub.io\/de\/?s={search_term_string}"},"query-input":{"@type":"PropertyValueSpecification","valueRequired":true,"valueName":"search_term_string"}}],"inLanguage":"de"},{"@type":"Organization","@id":"https:\/\/archivehub.io\/de\/#organization","name":"ArchiveHub.io","url":"https:\/\/archivehub.io\/de\/","logo":{"@type":"ImageObject","inLanguage":"de","@id":"https:\/\/archivehub.io\/de\/#\/schema\/logo\/image\/","url":"https:\/\/archivehub.io\/wp-content\/uploads\/2023\/03\/350px.png","contentUrl":"https:\/\/archivehub.io\/wp-content\/uploads\/2023\/03\/350px.png","width":351,"height":77,"caption":"ArchiveHub.io"},"image":{"@id":"https:\/\/archivehub.io\/de\/#\/schema\/logo\/image\/"},"sameAs":["https:\/\/www.facebook.com\/people\/ArchiveHubio\/100091316926341\/"]}]}},"_links":{"self":[{"href":"https:\/\/archivehub.io\/de\/wp-json\/wp\/v2\/pages\/4857","targetHints":{"allow":["GET"]}}],"collection":[{"href":"https:\/\/archivehub.io\/de\/wp-json\/wp\/v2\/pages"}],"about":[{"href":"https:\/\/archivehub.io\/de\/wp-json\/wp\/v2\/types\/page"}],"author":[{"embeddable":true,"href":"https:\/\/archivehub.io\/de\/wp-json\/wp\/v2\/users\/1"}],"replies":[{"embeddable":true,"href":"https:\/\/archivehub.io\/de\/wp-json\/wp\/v2\/comments?post=4857"}],"version-history":[{"count":1,"href":"https:\/\/archivehub.io\/de\/wp-json\/wp\/v2\/pages\/4857\/revisions"}],"predecessor-version":[{"id":4858,"href":"https:\/\/archivehub.io\/de\/wp-json\/wp\/v2\/pages\/4857\/revisions\/4858"}],"up":[{"embeddable":true,"href":"https:\/\/archivehub.io\/de\/wp-json\/wp\/v2\/pages\/4851"}],"wp:attachment":[{"href":"https:\/\/archivehub.io\/de\/wp-json\/wp\/v2\/media?parent=4857"}],"curies":[{"name":"wp","href":"https:\/\/api.w.org\/{rel}","templated":true}]}}