{"id":4837,"date":"2023-03-25T11:01:52","date_gmt":"2023-03-25T11:01:52","guid":{"rendered":"https:\/\/archivehub.io\/archivehub-archivdatenauswertung-fuer-sap-ecc-mit-ilm\/"},"modified":"2023-04-09T07:40:52","modified_gmt":"2023-04-09T07:40:52","slug":"archivehub-archivdatenauswertung-fuer-sap-ecc-mit-ilm","status":"publish","type":"page","link":"https:\/\/archivehub.io\/de\/archivehub-archivdatenauswertung-fuer-sap-ecc-mit-ilm\/","title":{"rendered":"ArchiveHub Archivdatenauswertung f\u00fcr SAP ECC mit ILM"},"content":{"rendered":"\t\t<div data-elementor-type=\"wp-page\" data-elementor-id=\"4837\" class=\"elementor elementor-4837 elementor-2732\">\n\t\t\t\t\t\t<section class=\"elementor-section elementor-top-section elementor-element elementor-element-9f514e8 elementor-section-boxed elementor-section-height-default elementor-section-height-default\" data-id=\"9f514e8\" data-element_type=\"section\">\n\t\t\t\t\t\t<div class=\"elementor-container elementor-column-gap-default\">\n\t\t\t\t\t<div class=\"elementor-column elementor-col-50 elementor-top-column elementor-element elementor-element-a0ca7a2\" data-id=\"a0ca7a2\" data-element_type=\"column\">\n\t\t\t<div class=\"elementor-widget-wrap elementor-element-populated\">\n\t\t\t\t\t\t<div class=\"elementor-element elementor-element-6af534a elementor-widget elementor-widget-image\" data-id=\"6af534a\" data-element_type=\"widget\" data-widget_type=\"image.default\">\n\t\t\t\t<div class=\"elementor-widget-container\">\n\t\t\t\t\t\t\t\t\t\t\t\t\t\t\t<img fetchpriority=\"high\" decoding=\"async\" width=\"530\" height=\"350\" src=\"https:\/\/archivehub.io\/wp-content\/uploads\/2023\/03\/ecc_ilm.png\" class=\"attachment-large size-large wp-image-4611\" alt=\"\" srcset=\"https:\/\/archivehub.io\/wp-content\/uploads\/2023\/03\/ecc_ilm.png 530w, https:\/\/archivehub.io\/wp-content\/uploads\/2023\/03\/ecc_ilm-300x198.png 300w\" sizes=\"(max-width: 530px) 100vw, 530px\" \/>\t\t\t\t\t\t\t\t\t\t\t\t\t\t\t<\/div>\n\t\t\t\t<\/div>\n\t\t\t\t\t<\/div>\n\t\t<\/div>\n\t\t\t\t<div class=\"elementor-column elementor-col-50 elementor-top-column elementor-element elementor-element-02ab878\" data-id=\"02ab878\" data-element_type=\"column\">\n\t\t\t<div class=\"elementor-widget-wrap elementor-element-populated\">\n\t\t\t\t\t\t<div class=\"elementor-element elementor-element-ead2f8c elementor-widget elementor-widget-text-editor\" data-id=\"ead2f8c\" data-element_type=\"widget\" data-widget_type=\"text-editor.default\">\n\t\t\t\t<div class=\"elementor-widget-container\">\n\t\t\t\t\t\t\t\t\t<p>Bei der Datenarchivierung in SAP ECC werden Daten, auf die nur selten zugegriffen wird oder die veraltet sind, aus der prim\u00e4ren Datenbank in ein separates, kosteng\u00fcnstigeres Speichersystem verschoben, wobei der Zugriff auf die Daten aus rechtlichen oder gesch\u00e4ftlichen Gr\u00fcnden erhalten bleibt und die Aufbewahrungsfristen eingehalten werden. Die Archivierung tr\u00e4gt dazu bei, die Systemleistung aufrechtzuerhalten, den Datenbestand zu reduzieren und die Gesamtbetriebskosten zu senken.<\/p>\n<p>Im Zusammenhang mit SAP ECC ist die Datenarchivierung besonders wichtig, da das System auf die leistungsstarke In-Memory-Datenbank HANA (Suite on HANA) oder anyDB setzt. Da das Datenvolumen im Laufe der Zeit w\u00e4chst, ist eine effiziente Datenverwaltung von entscheidender Bedeutung, um die Systemleistung zu optimieren und den reibungslosen Betrieb des Systems zu gew\u00e4hrleisten.<\/p>\n\t\t\t\t\t\t\t\t<\/div>\n\t\t\t\t<\/div>\n\t\t\t\t\t<\/div>\n\t\t<\/div>\n\t\t\t\t\t<\/div>\n\t\t<\/section>\n\t\t\t\t<section class=\"elementor-section elementor-top-section elementor-element elementor-element-baa34e7 elementor-section-boxed elementor-section-height-default elementor-section-height-default\" data-id=\"baa34e7\" data-element_type=\"section\">\n\t\t\t\t\t\t<div class=\"elementor-container elementor-column-gap-default\">\n\t\t\t\t\t<div class=\"elementor-column elementor-col-100 elementor-top-column elementor-element elementor-element-e46f716\" data-id=\"e46f716\" data-element_type=\"column\">\n\t\t\t<div class=\"elementor-widget-wrap elementor-element-populated\">\n\t\t\t\t\t\t<div class=\"elementor-element elementor-element-7f24d70 elementor-widget elementor-widget-text-editor\" data-id=\"7f24d70\" data-element_type=\"widget\" data-widget_type=\"text-editor.default\">\n\t\t\t\t<div class=\"elementor-widget-container\">\n\t\t\t\t\t\t\t\t\t<p>Die Verk\u00fcrzung der Residenzzeit ist der Schl\u00fcssel zur Kontrolle des Datenwachstums. Dies kann nur erreicht werden, wenn die Gesch\u00e4ftsanwender davon \u00fcberzeugt sind, dass sie auf die Daten auf die gleiche Weise wie in SAP ECC zugreifen k\u00f6nnen. ArchiveHub Archive Data Reporting for SAP ECC with ILM f\u00fcllt diese L\u00fccke vollst\u00e4ndig aus, so dass die Gesch\u00e4ftsanwender die archivierten Daten in modernen Fiori-Anwendungen sehen k\u00f6nnen.<\/p>\n\t\t\t\t\t\t\t\t<\/div>\n\t\t\t\t<\/div>\n\t\t\t\t\t<\/div>\n\t\t<\/div>\n\t\t\t\t\t<\/div>\n\t\t<\/section>\n\t\t\t\t<\/div>\n\t\t","protected":false},"excerpt":{"rendered":"<p>Bei der Datenarchivierung in SAP ECC werden Daten, auf die nur selten zugegriffen wird oder die veraltet sind, aus der prim\u00e4ren Datenbank in ein separates, kosteng\u00fcnstigeres Speichersystem verschoben, wobei der Zugriff auf die Daten aus rechtlichen oder gesch\u00e4ftlichen Gr\u00fcnden erhalten bleibt und die Aufbewahrungsfristen eingehalten werden. Die Archivierung tr\u00e4gt dazu bei, die Systemleistung aufrechtzuerhalten, den [&hellip;]<\/p>\n","protected":false},"author":1,"featured_media":0,"parent":0,"menu_order":0,"comment_status":"closed","ping_status":"closed","template":"","meta":{"om_disable_all_campaigns":false,"_monsterinsights_skip_tracking":false,"_monsterinsights_sitenote_active":false,"_monsterinsights_sitenote_note":"","_monsterinsights_sitenote_category":0,"footnotes":""},"class_list":["post-4837","page","type-page","status-publish","hentry"],"aioseo_notices":[],"yoast_head":"<!-- This site is optimized with the Yoast SEO plugin v25.0 - https:\/\/yoast.com\/wordpress\/plugins\/seo\/ -->\n<title>ArchiveHub Archivdatenauswertung f\u00fcr SAP ECC mit ILM - ArchiveHub.io<\/title>\n<meta name=\"description\" content=\"Die Datenarchivierung in SAP ECC mit ILM bezieht sich auf den Prozess der Verlagerung von Daten, auf die nur selten zugegriffen wird oder die veraltet sind, von der prim\u00e4ren Datenbank in ein separates, kosteng\u00fcnstigeres Speichersystem, wobei der Zugriff auf die Daten f\u00fcr rechtliche oder gesch\u00e4ftliche Anforderungen zusammen mit den Aufbewahrungsmanagementfunktionen erhalten bleibt. Die Archivierung tr\u00e4gt dazu bei, die Systemleistung aufrechtzuerhalten, den Datenbestand zu reduzieren und die Gesamtbetriebskosten zu senken.\" \/>\n<meta name=\"robots\" content=\"index, follow, max-snippet:-1, max-image-preview:large, max-video-preview:-1\" \/>\n<link rel=\"canonical\" href=\"https:\/\/archivehub.io\/de\/archivehub-archivdatenauswertung-fuer-sap-ecc-mit-ilm\/\" \/>\n<meta property=\"og:locale\" content=\"de_DE\" \/>\n<meta property=\"og:type\" content=\"article\" \/>\n<meta property=\"og:title\" content=\"ArchiveHub Archivdatenauswertung f\u00fcr SAP ECC mit ILM - ArchiveHub.io\" \/>\n<meta property=\"og:description\" content=\"Die Datenarchivierung in SAP ECC mit ILM bezieht sich auf den Prozess der Verlagerung von Daten, auf die nur selten zugegriffen wird oder die veraltet sind, von der prim\u00e4ren Datenbank in ein separates, kosteng\u00fcnstigeres Speichersystem, wobei der Zugriff auf die Daten f\u00fcr rechtliche oder gesch\u00e4ftliche Anforderungen zusammen mit den Aufbewahrungsmanagementfunktionen erhalten bleibt. Die Archivierung tr\u00e4gt dazu bei, die Systemleistung aufrechtzuerhalten, den Datenbestand zu reduzieren und die Gesamtbetriebskosten zu senken.\" \/>\n<meta property=\"og:url\" content=\"https:\/\/archivehub.io\/de\/archivehub-archivdatenauswertung-fuer-sap-ecc-mit-ilm\/\" \/>\n<meta property=\"og:site_name\" content=\"ArchiveHub.io\" \/>\n<meta property=\"article:publisher\" content=\"https:\/\/www.facebook.com\/people\/ArchiveHubio\/100091316926341\/\" \/>\n<meta property=\"article:modified_time\" content=\"2023-04-09T07:40:52+00:00\" \/>\n<meta property=\"og:image\" content=\"https:\/\/archivehub.io\/wp-content\/uploads\/2023\/03\/ecc_ilm.png\" \/>\n<meta name=\"twitter:card\" content=\"summary_large_image\" \/>\n<meta name=\"twitter:label1\" content=\"Gesch\u00e4tzte Lesezeit\" \/>\n\t<meta name=\"twitter:data1\" content=\"1\u00a0Minute\" \/>\n<script type=\"application\/ld+json\" class=\"yoast-schema-graph\">{\"@context\":\"https:\/\/schema.org\",\"@graph\":[{\"@type\":\"WebPage\",\"@id\":\"https:\/\/archivehub.io\/de\/archivehub-archivdatenauswertung-fuer-sap-ecc-mit-ilm\/\",\"url\":\"https:\/\/archivehub.io\/de\/archivehub-archivdatenauswertung-fuer-sap-ecc-mit-ilm\/\",\"name\":\"ArchiveHub Archivdatenauswertung f\u00fcr SAP ECC mit ILM - ArchiveHub.io\",\"isPartOf\":{\"@id\":\"https:\/\/archivehub.io\/de\/#website\"},\"primaryImageOfPage\":{\"@id\":\"https:\/\/archivehub.io\/de\/archivehub-archivdatenauswertung-fuer-sap-ecc-mit-ilm\/#primaryimage\"},\"image\":{\"@id\":\"https:\/\/archivehub.io\/de\/archivehub-archivdatenauswertung-fuer-sap-ecc-mit-ilm\/#primaryimage\"},\"thumbnailUrl\":\"https:\/\/archivehub.io\/wp-content\/uploads\/2023\/03\/ecc_ilm.png\",\"datePublished\":\"2023-03-25T11:01:52+00:00\",\"dateModified\":\"2023-04-09T07:40:52+00:00\",\"description\":\"Die Datenarchivierung in SAP ECC mit ILM bezieht sich auf den Prozess der Verlagerung von Daten, auf die nur selten zugegriffen wird oder die veraltet sind, von der prim\u00e4ren Datenbank in ein separates, kosteng\u00fcnstigeres Speichersystem, wobei der Zugriff auf die Daten f\u00fcr rechtliche oder gesch\u00e4ftliche Anforderungen zusammen mit den Aufbewahrungsmanagementfunktionen erhalten bleibt. Die Archivierung tr\u00e4gt dazu bei, die Systemleistung aufrechtzuerhalten, den Datenbestand zu reduzieren und die Gesamtbetriebskosten zu senken.\",\"inLanguage\":\"de\",\"potentialAction\":[{\"@type\":\"ReadAction\",\"target\":[\"https:\/\/archivehub.io\/de\/archivehub-archivdatenauswertung-fuer-sap-ecc-mit-ilm\/\"]}]},{\"@type\":\"ImageObject\",\"inLanguage\":\"de\",\"@id\":\"https:\/\/archivehub.io\/de\/archivehub-archivdatenauswertung-fuer-sap-ecc-mit-ilm\/#primaryimage\",\"url\":\"https:\/\/archivehub.io\/wp-content\/uploads\/2023\/03\/ecc_ilm.png\",\"contentUrl\":\"https:\/\/archivehub.io\/wp-content\/uploads\/2023\/03\/ecc_ilm.png\"},{\"@type\":\"WebSite\",\"@id\":\"https:\/\/archivehub.io\/de\/#website\",\"url\":\"https:\/\/archivehub.io\/de\/\",\"name\":\"ArchiveHub.io\",\"description\":\"SAP Archived Data Reporting Made Easy\",\"publisher\":{\"@id\":\"https:\/\/archivehub.io\/de\/#organization\"},\"potentialAction\":[{\"@type\":\"SearchAction\",\"target\":{\"@type\":\"EntryPoint\",\"urlTemplate\":\"https:\/\/archivehub.io\/de\/?s={search_term_string}\"},\"query-input\":{\"@type\":\"PropertyValueSpecification\",\"valueRequired\":true,\"valueName\":\"search_term_string\"}}],\"inLanguage\":\"de\"},{\"@type\":\"Organization\",\"@id\":\"https:\/\/archivehub.io\/de\/#organization\",\"name\":\"ArchiveHub.io\",\"url\":\"https:\/\/archivehub.io\/de\/\",\"logo\":{\"@type\":\"ImageObject\",\"inLanguage\":\"de\",\"@id\":\"https:\/\/archivehub.io\/de\/#\/schema\/logo\/image\/\",\"url\":\"https:\/\/archivehub.io\/wp-content\/uploads\/2023\/03\/350px.png\",\"contentUrl\":\"https:\/\/archivehub.io\/wp-content\/uploads\/2023\/03\/350px.png\",\"width\":351,\"height\":77,\"caption\":\"ArchiveHub.io\"},\"image\":{\"@id\":\"https:\/\/archivehub.io\/de\/#\/schema\/logo\/image\/\"},\"sameAs\":[\"https:\/\/www.facebook.com\/people\/ArchiveHubio\/100091316926341\/\"]}]}<\/script>\n<!-- \/ Yoast SEO plugin. -->","yoast_head_json":{"title":"ArchiveHub Archivdatenauswertung f\u00fcr SAP ECC mit ILM - ArchiveHub.io","description":"Die Datenarchivierung in SAP ECC mit ILM bezieht sich auf den Prozess der Verlagerung von Daten, auf die nur selten zugegriffen wird oder die veraltet sind, von der prim\u00e4ren Datenbank in ein separates, kosteng\u00fcnstigeres Speichersystem, wobei der Zugriff auf die Daten f\u00fcr rechtliche oder gesch\u00e4ftliche Anforderungen zusammen mit den Aufbewahrungsmanagementfunktionen erhalten bleibt. Die Archivierung tr\u00e4gt dazu bei, die Systemleistung aufrechtzuerhalten, den Datenbestand zu reduzieren und die Gesamtbetriebskosten zu senken.","robots":{"index":"index","follow":"follow","max-snippet":"max-snippet:-1","max-image-preview":"max-image-preview:large","max-video-preview":"max-video-preview:-1"},"canonical":"https:\/\/archivehub.io\/de\/archivehub-archivdatenauswertung-fuer-sap-ecc-mit-ilm\/","og_locale":"de_DE","og_type":"article","og_title":"ArchiveHub Archivdatenauswertung f\u00fcr SAP ECC mit ILM - ArchiveHub.io","og_description":"Die Datenarchivierung in SAP ECC mit ILM bezieht sich auf den Prozess der Verlagerung von Daten, auf die nur selten zugegriffen wird oder die veraltet sind, von der prim\u00e4ren Datenbank in ein separates, kosteng\u00fcnstigeres Speichersystem, wobei der Zugriff auf die Daten f\u00fcr rechtliche oder gesch\u00e4ftliche Anforderungen zusammen mit den Aufbewahrungsmanagementfunktionen erhalten bleibt. Die Archivierung tr\u00e4gt dazu bei, die Systemleistung aufrechtzuerhalten, den Datenbestand zu reduzieren und die Gesamtbetriebskosten zu senken.","og_url":"https:\/\/archivehub.io\/de\/archivehub-archivdatenauswertung-fuer-sap-ecc-mit-ilm\/","og_site_name":"ArchiveHub.io","article_publisher":"https:\/\/www.facebook.com\/people\/ArchiveHubio\/100091316926341\/","article_modified_time":"2023-04-09T07:40:52+00:00","og_image":[{"url":"https:\/\/archivehub.io\/wp-content\/uploads\/2023\/03\/ecc_ilm.png","type":"","width":"","height":""}],"twitter_card":"summary_large_image","twitter_misc":{"Gesch\u00e4tzte Lesezeit":"1\u00a0Minute"},"schema":{"@context":"https:\/\/schema.org","@graph":[{"@type":"WebPage","@id":"https:\/\/archivehub.io\/de\/archivehub-archivdatenauswertung-fuer-sap-ecc-mit-ilm\/","url":"https:\/\/archivehub.io\/de\/archivehub-archivdatenauswertung-fuer-sap-ecc-mit-ilm\/","name":"ArchiveHub Archivdatenauswertung f\u00fcr SAP ECC mit ILM - ArchiveHub.io","isPartOf":{"@id":"https:\/\/archivehub.io\/de\/#website"},"primaryImageOfPage":{"@id":"https:\/\/archivehub.io\/de\/archivehub-archivdatenauswertung-fuer-sap-ecc-mit-ilm\/#primaryimage"},"image":{"@id":"https:\/\/archivehub.io\/de\/archivehub-archivdatenauswertung-fuer-sap-ecc-mit-ilm\/#primaryimage"},"thumbnailUrl":"https:\/\/archivehub.io\/wp-content\/uploads\/2023\/03\/ecc_ilm.png","datePublished":"2023-03-25T11:01:52+00:00","dateModified":"2023-04-09T07:40:52+00:00","description":"Die Datenarchivierung in SAP ECC mit ILM bezieht sich auf den Prozess der Verlagerung von Daten, auf die nur selten zugegriffen wird oder die veraltet sind, von der prim\u00e4ren Datenbank in ein separates, kosteng\u00fcnstigeres Speichersystem, wobei der Zugriff auf die Daten f\u00fcr rechtliche oder gesch\u00e4ftliche Anforderungen zusammen mit den Aufbewahrungsmanagementfunktionen erhalten bleibt. Die Archivierung tr\u00e4gt dazu bei, die Systemleistung aufrechtzuerhalten, den Datenbestand zu reduzieren und die Gesamtbetriebskosten zu senken.","inLanguage":"de","potentialAction":[{"@type":"ReadAction","target":["https:\/\/archivehub.io\/de\/archivehub-archivdatenauswertung-fuer-sap-ecc-mit-ilm\/"]}]},{"@type":"ImageObject","inLanguage":"de","@id":"https:\/\/archivehub.io\/de\/archivehub-archivdatenauswertung-fuer-sap-ecc-mit-ilm\/#primaryimage","url":"https:\/\/archivehub.io\/wp-content\/uploads\/2023\/03\/ecc_ilm.png","contentUrl":"https:\/\/archivehub.io\/wp-content\/uploads\/2023\/03\/ecc_ilm.png"},{"@type":"WebSite","@id":"https:\/\/archivehub.io\/de\/#website","url":"https:\/\/archivehub.io\/de\/","name":"ArchiveHub.io","description":"SAP Archived Data Reporting Made Easy","publisher":{"@id":"https:\/\/archivehub.io\/de\/#organization"},"potentialAction":[{"@type":"SearchAction","target":{"@type":"EntryPoint","urlTemplate":"https:\/\/archivehub.io\/de\/?s={search_term_string}"},"query-input":{"@type":"PropertyValueSpecification","valueRequired":true,"valueName":"search_term_string"}}],"inLanguage":"de"},{"@type":"Organization","@id":"https:\/\/archivehub.io\/de\/#organization","name":"ArchiveHub.io","url":"https:\/\/archivehub.io\/de\/","logo":{"@type":"ImageObject","inLanguage":"de","@id":"https:\/\/archivehub.io\/de\/#\/schema\/logo\/image\/","url":"https:\/\/archivehub.io\/wp-content\/uploads\/2023\/03\/350px.png","contentUrl":"https:\/\/archivehub.io\/wp-content\/uploads\/2023\/03\/350px.png","width":351,"height":77,"caption":"ArchiveHub.io"},"image":{"@id":"https:\/\/archivehub.io\/de\/#\/schema\/logo\/image\/"},"sameAs":["https:\/\/www.facebook.com\/people\/ArchiveHubio\/100091316926341\/"]}]}},"_links":{"self":[{"href":"https:\/\/archivehub.io\/de\/wp-json\/wp\/v2\/pages\/4837","targetHints":{"allow":["GET"]}}],"collection":[{"href":"https:\/\/archivehub.io\/de\/wp-json\/wp\/v2\/pages"}],"about":[{"href":"https:\/\/archivehub.io\/de\/wp-json\/wp\/v2\/types\/page"}],"author":[{"embeddable":true,"href":"https:\/\/archivehub.io\/de\/wp-json\/wp\/v2\/users\/1"}],"replies":[{"embeddable":true,"href":"https:\/\/archivehub.io\/de\/wp-json\/wp\/v2\/comments?post=4837"}],"version-history":[{"count":1,"href":"https:\/\/archivehub.io\/de\/wp-json\/wp\/v2\/pages\/4837\/revisions"}],"predecessor-version":[{"id":4838,"href":"https:\/\/archivehub.io\/de\/wp-json\/wp\/v2\/pages\/4837\/revisions\/4838"}],"wp:attachment":[{"href":"https:\/\/archivehub.io\/de\/wp-json\/wp\/v2\/media?parent=4837"}],"curies":[{"name":"wp","href":"https:\/\/api.w.org\/{rel}","templated":true}]}}