{"id":4756,"date":"2023-03-25T09:42:35","date_gmt":"2023-03-25T09:42:35","guid":{"rendered":"https:\/\/archivehub.io\/sap-ilm-rw-einfuehrung\/"},"modified":"2023-04-10T07:53:01","modified_gmt":"2023-04-10T07:53:01","slug":"sap-ilm-rw-einfuehrung","status":"publish","type":"page","link":"https:\/\/archivehub.io\/de\/sap-ilm-rw-einfuehrung\/","title":{"rendered":"SAP ILM RW-Einf\u00fchrung"},"content":{"rendered":"\t\t<div data-elementor-type=\"wp-page\" data-elementor-id=\"4756\" class=\"elementor elementor-4756 elementor-2709\">\n\t\t\t\t\t\t<section class=\"elementor-section elementor-top-section elementor-element elementor-element-e5f0b0a elementor-section-boxed elementor-section-height-default elementor-section-height-default\" data-id=\"e5f0b0a\" data-element_type=\"section\">\n\t\t\t\t\t\t<div class=\"elementor-container elementor-column-gap-default\">\n\t\t\t\t\t<div class=\"elementor-column elementor-col-100 elementor-top-column elementor-element elementor-element-c36fd3e\" data-id=\"c36fd3e\" data-element_type=\"column\">\n\t\t\t<div class=\"elementor-widget-wrap elementor-element-populated\">\n\t\t\t\t\t\t<div class=\"elementor-element elementor-element-3233729 elementor-widget elementor-widget-image\" data-id=\"3233729\" data-element_type=\"widget\" data-widget_type=\"image.default\">\n\t\t\t\t<div class=\"elementor-widget-container\">\n\t\t\t\t\t\t\t\t\t\t\t\t\t\t\t<img fetchpriority=\"high\" decoding=\"async\" width=\"940\" height=\"305\" src=\"https:\/\/archivehub.io\/wp-content\/uploads\/2023\/04\/sap_ilm_rw_de-1024x332.png\" class=\"attachment-large size-large wp-image-5175\" alt=\"\" srcset=\"https:\/\/archivehub.io\/wp-content\/uploads\/2023\/04\/sap_ilm_rw_de-1024x332.png 1024w, https:\/\/archivehub.io\/wp-content\/uploads\/2023\/04\/sap_ilm_rw_de-300x97.png 300w, https:\/\/archivehub.io\/wp-content\/uploads\/2023\/04\/sap_ilm_rw_de-768x249.png 768w, https:\/\/archivehub.io\/wp-content\/uploads\/2023\/04\/sap_ilm_rw_de.png 1080w\" sizes=\"(max-width: 940px) 100vw, 940px\" \/>\t\t\t\t\t\t\t\t\t\t\t\t\t\t\t<\/div>\n\t\t\t\t<\/div>\n\t\t\t\t\t<\/div>\n\t\t<\/div>\n\t\t\t\t\t<\/div>\n\t\t<\/section>\n\t\t\t\t<section class=\"elementor-section elementor-top-section elementor-element elementor-element-3bd5e00 elementor-section-boxed elementor-section-height-default elementor-section-height-default\" data-id=\"3bd5e00\" data-element_type=\"section\">\n\t\t\t\t\t\t<div class=\"elementor-container elementor-column-gap-default\">\n\t\t\t\t\t<div class=\"elementor-column elementor-col-100 elementor-top-column elementor-element elementor-element-d768b79\" data-id=\"d768b79\" data-element_type=\"column\">\n\t\t\t<div class=\"elementor-widget-wrap elementor-element-populated\">\n\t\t\t\t\t\t<div class=\"elementor-element elementor-element-6c14d03 elementor-widget elementor-widget-text-editor\" data-id=\"6c14d03\" data-element_type=\"widget\" data-widget_type=\"text-editor.default\">\n\t\t\t\t<div class=\"elementor-widget-container\">\n\t\t\t\t\t\t\t\t\t<p><span class=\"S1PPyQ\">Das Retention Warehouse konzentriert sich speziell auf die Speicherung, Aufbewahrung und den Zugriff auf archivierte Daten, die aus rechtlichen, beh\u00f6rdlichen oder gesch\u00e4ftlichen Gr\u00fcnden aufbewahrt werden m\u00fcssen, und gew\u00e4hrleistet gleichzeitig, dass sie sicher, zug\u00e4nglich und nachvollziehbar bleiben. Diese Komponente hilft Unternehmen, ihren Datenbedarf zu reduzieren, die Speicherkosten zu minimieren und die Einhaltung von Datenschutz- und Aufbewahrungsrichtlinien zu gew\u00e4hrleisten.<\/span><\/p>\n<\/p>\n<p>Mit ILM Retention Warehouse k\u00f6nnen Unternehmen Aufbewahrungsregeln und -richtlinien f\u00fcr archivierte Daten festlegen, den Archivierungsprozess automatisieren, den Zugriff auf archivierte Daten nachverfolgen und verwalten und die Daten schlie\u00dflich l\u00f6schen, sobald die Aufbewahrungsfrist abgelaufen ist und alle rechtlichen und beh\u00f6rdlichen Anforderungen erf\u00fcllt sind. Dies hilft Unternehmen, einen rationalisierten und konformen Datenverwaltungsprozess innerhalb ihrer SAP-Umgebung aufrechtzuerhalten.<\/p>\n<p>ArchiveHub ist bekannt als f\u00fchrender Implementierungspartner f\u00fcr SAP ILM RW in k\u00fcrzester Projektzeit und bietet automatisiertes Fiori Reporting der ILM RW Daten.<\/p>\n\t\t\t\t\t\t\t\t<\/div>\n\t\t\t\t<\/div>\n\t\t\t\t\t<\/div>\n\t\t<\/div>\n\t\t\t\t\t<\/div>\n\t\t<\/section>\n\t\t\t\t<\/div>\n\t\t","protected":false},"excerpt":{"rendered":"<p>Das Retention Warehouse konzentriert sich speziell auf die Speicherung, Aufbewahrung und den Zugriff auf archivierte Daten, die aus rechtlichen, beh\u00f6rdlichen oder gesch\u00e4ftlichen Gr\u00fcnden aufbewahrt werden m\u00fcssen, und gew\u00e4hrleistet gleichzeitig, dass sie sicher, zug\u00e4nglich und nachvollziehbar bleiben. Diese Komponente hilft Unternehmen, ihren Datenbedarf zu reduzieren, die Speicherkosten zu minimieren und die Einhaltung von Datenschutz- und Aufbewahrungsrichtlinien [&hellip;]<\/p>\n","protected":false},"author":1,"featured_media":0,"parent":0,"menu_order":0,"comment_status":"closed","ping_status":"closed","template":"","meta":{"om_disable_all_campaigns":false,"_monsterinsights_skip_tracking":false,"_monsterinsights_sitenote_active":false,"_monsterinsights_sitenote_note":"","_monsterinsights_sitenote_category":0,"footnotes":""},"class_list":["post-4756","page","type-page","status-publish","hentry"],"aioseo_notices":[],"yoast_head":"<!-- This site is optimized with the Yoast SEO plugin v25.0 - https:\/\/yoast.com\/wordpress\/plugins\/seo\/ -->\n<title>SAP ILM RW-Einf\u00fchrung - ArchiveHub.io<\/title>\n<meta name=\"description\" content=\"SAP ILM (Information Lifecycle Management) Retention Warehouse ist eine Komponente der ILM-L\u00f6sung von SAP, die es Unternehmen erm\u00f6glicht, den gesamten Lebenszyklus ihrer Daten von der Erstellung \u00fcber die Aufbewahrung bis hin zur L\u00f6schung unter Einhaltung gesetzlicher und beh\u00f6rdlicher Vorschriften zu verwalten.\" \/>\n<meta name=\"robots\" content=\"index, follow, max-snippet:-1, max-image-preview:large, max-video-preview:-1\" \/>\n<link rel=\"canonical\" href=\"https:\/\/archivehub.io\/de\/sap-ilm-rw-einfuehrung\/\" \/>\n<meta property=\"og:locale\" content=\"de_DE\" \/>\n<meta property=\"og:type\" content=\"article\" \/>\n<meta property=\"og:title\" content=\"SAP ILM RW-Einf\u00fchrung - ArchiveHub.io\" \/>\n<meta property=\"og:description\" content=\"SAP ILM (Information Lifecycle Management) Retention Warehouse ist eine Komponente der ILM-L\u00f6sung von SAP, die es Unternehmen erm\u00f6glicht, den gesamten Lebenszyklus ihrer Daten von der Erstellung \u00fcber die Aufbewahrung bis hin zur L\u00f6schung unter Einhaltung gesetzlicher und beh\u00f6rdlicher Vorschriften zu verwalten.\" \/>\n<meta property=\"og:url\" content=\"https:\/\/archivehub.io\/de\/sap-ilm-rw-einfuehrung\/\" \/>\n<meta property=\"og:site_name\" content=\"ArchiveHub.io\" \/>\n<meta property=\"article:publisher\" content=\"https:\/\/www.facebook.com\/people\/ArchiveHubio\/100091316926341\/\" \/>\n<meta property=\"article:modified_time\" content=\"2023-04-10T07:53:01+00:00\" \/>\n<meta property=\"og:image\" content=\"https:\/\/archivehub.io\/wp-content\/uploads\/2023\/04\/sap_ilm_rw_de-1024x332.png\" \/>\n<meta name=\"twitter:card\" content=\"summary_large_image\" \/>\n<meta name=\"twitter:label1\" content=\"Gesch\u00e4tzte Lesezeit\" \/>\n\t<meta name=\"twitter:data1\" content=\"1\u00a0Minute\" \/>\n<script type=\"application\/ld+json\" class=\"yoast-schema-graph\">{\"@context\":\"https:\/\/schema.org\",\"@graph\":[{\"@type\":\"WebPage\",\"@id\":\"https:\/\/archivehub.io\/de\/sap-ilm-rw-einfuehrung\/\",\"url\":\"https:\/\/archivehub.io\/de\/sap-ilm-rw-einfuehrung\/\",\"name\":\"SAP ILM RW-Einf\u00fchrung - ArchiveHub.io\",\"isPartOf\":{\"@id\":\"https:\/\/archivehub.io\/de\/#website\"},\"primaryImageOfPage\":{\"@id\":\"https:\/\/archivehub.io\/de\/sap-ilm-rw-einfuehrung\/#primaryimage\"},\"image\":{\"@id\":\"https:\/\/archivehub.io\/de\/sap-ilm-rw-einfuehrung\/#primaryimage\"},\"thumbnailUrl\":\"https:\/\/archivehub.io\/wp-content\/uploads\/2023\/04\/sap_ilm_rw_de-1024x332.png\",\"datePublished\":\"2023-03-25T09:42:35+00:00\",\"dateModified\":\"2023-04-10T07:53:01+00:00\",\"description\":\"SAP ILM (Information Lifecycle Management) Retention Warehouse ist eine Komponente der ILM-L\u00f6sung von SAP, die es Unternehmen erm\u00f6glicht, den gesamten Lebenszyklus ihrer Daten von der Erstellung \u00fcber die Aufbewahrung bis hin zur L\u00f6schung unter Einhaltung gesetzlicher und beh\u00f6rdlicher Vorschriften zu verwalten.\",\"inLanguage\":\"de\",\"potentialAction\":[{\"@type\":\"ReadAction\",\"target\":[\"https:\/\/archivehub.io\/de\/sap-ilm-rw-einfuehrung\/\"]}]},{\"@type\":\"ImageObject\",\"inLanguage\":\"de\",\"@id\":\"https:\/\/archivehub.io\/de\/sap-ilm-rw-einfuehrung\/#primaryimage\",\"url\":\"https:\/\/archivehub.io\/wp-content\/uploads\/2023\/04\/sap_ilm_rw_de-1024x332.png\",\"contentUrl\":\"https:\/\/archivehub.io\/wp-content\/uploads\/2023\/04\/sap_ilm_rw_de-1024x332.png\"},{\"@type\":\"WebSite\",\"@id\":\"https:\/\/archivehub.io\/de\/#website\",\"url\":\"https:\/\/archivehub.io\/de\/\",\"name\":\"ArchiveHub.io\",\"description\":\"SAP Archived Data Reporting Made Easy\",\"publisher\":{\"@id\":\"https:\/\/archivehub.io\/de\/#organization\"},\"potentialAction\":[{\"@type\":\"SearchAction\",\"target\":{\"@type\":\"EntryPoint\",\"urlTemplate\":\"https:\/\/archivehub.io\/de\/?s={search_term_string}\"},\"query-input\":{\"@type\":\"PropertyValueSpecification\",\"valueRequired\":true,\"valueName\":\"search_term_string\"}}],\"inLanguage\":\"de\"},{\"@type\":\"Organization\",\"@id\":\"https:\/\/archivehub.io\/de\/#organization\",\"name\":\"ArchiveHub.io\",\"url\":\"https:\/\/archivehub.io\/de\/\",\"logo\":{\"@type\":\"ImageObject\",\"inLanguage\":\"de\",\"@id\":\"https:\/\/archivehub.io\/de\/#\/schema\/logo\/image\/\",\"url\":\"https:\/\/archivehub.io\/wp-content\/uploads\/2023\/03\/350px.png\",\"contentUrl\":\"https:\/\/archivehub.io\/wp-content\/uploads\/2023\/03\/350px.png\",\"width\":351,\"height\":77,\"caption\":\"ArchiveHub.io\"},\"image\":{\"@id\":\"https:\/\/archivehub.io\/de\/#\/schema\/logo\/image\/\"},\"sameAs\":[\"https:\/\/www.facebook.com\/people\/ArchiveHubio\/100091316926341\/\"]}]}<\/script>\n<!-- \/ Yoast SEO plugin. -->","yoast_head_json":{"title":"SAP ILM RW-Einf\u00fchrung - ArchiveHub.io","description":"SAP ILM (Information Lifecycle Management) Retention Warehouse ist eine Komponente der ILM-L\u00f6sung von SAP, die es Unternehmen erm\u00f6glicht, den gesamten Lebenszyklus ihrer Daten von der Erstellung \u00fcber die Aufbewahrung bis hin zur L\u00f6schung unter Einhaltung gesetzlicher und beh\u00f6rdlicher Vorschriften zu verwalten.","robots":{"index":"index","follow":"follow","max-snippet":"max-snippet:-1","max-image-preview":"max-image-preview:large","max-video-preview":"max-video-preview:-1"},"canonical":"https:\/\/archivehub.io\/de\/sap-ilm-rw-einfuehrung\/","og_locale":"de_DE","og_type":"article","og_title":"SAP ILM RW-Einf\u00fchrung - ArchiveHub.io","og_description":"SAP ILM (Information Lifecycle Management) Retention Warehouse ist eine Komponente der ILM-L\u00f6sung von SAP, die es Unternehmen erm\u00f6glicht, den gesamten Lebenszyklus ihrer Daten von der Erstellung \u00fcber die Aufbewahrung bis hin zur L\u00f6schung unter Einhaltung gesetzlicher und beh\u00f6rdlicher Vorschriften zu verwalten.","og_url":"https:\/\/archivehub.io\/de\/sap-ilm-rw-einfuehrung\/","og_site_name":"ArchiveHub.io","article_publisher":"https:\/\/www.facebook.com\/people\/ArchiveHubio\/100091316926341\/","article_modified_time":"2023-04-10T07:53:01+00:00","og_image":[{"url":"https:\/\/archivehub.io\/wp-content\/uploads\/2023\/04\/sap_ilm_rw_de-1024x332.png","type":"","width":"","height":""}],"twitter_card":"summary_large_image","twitter_misc":{"Gesch\u00e4tzte Lesezeit":"1\u00a0Minute"},"schema":{"@context":"https:\/\/schema.org","@graph":[{"@type":"WebPage","@id":"https:\/\/archivehub.io\/de\/sap-ilm-rw-einfuehrung\/","url":"https:\/\/archivehub.io\/de\/sap-ilm-rw-einfuehrung\/","name":"SAP ILM RW-Einf\u00fchrung - ArchiveHub.io","isPartOf":{"@id":"https:\/\/archivehub.io\/de\/#website"},"primaryImageOfPage":{"@id":"https:\/\/archivehub.io\/de\/sap-ilm-rw-einfuehrung\/#primaryimage"},"image":{"@id":"https:\/\/archivehub.io\/de\/sap-ilm-rw-einfuehrung\/#primaryimage"},"thumbnailUrl":"https:\/\/archivehub.io\/wp-content\/uploads\/2023\/04\/sap_ilm_rw_de-1024x332.png","datePublished":"2023-03-25T09:42:35+00:00","dateModified":"2023-04-10T07:53:01+00:00","description":"SAP ILM (Information Lifecycle Management) Retention Warehouse ist eine Komponente der ILM-L\u00f6sung von SAP, die es Unternehmen erm\u00f6glicht, den gesamten Lebenszyklus ihrer Daten von der Erstellung \u00fcber die Aufbewahrung bis hin zur L\u00f6schung unter Einhaltung gesetzlicher und beh\u00f6rdlicher Vorschriften zu verwalten.","inLanguage":"de","potentialAction":[{"@type":"ReadAction","target":["https:\/\/archivehub.io\/de\/sap-ilm-rw-einfuehrung\/"]}]},{"@type":"ImageObject","inLanguage":"de","@id":"https:\/\/archivehub.io\/de\/sap-ilm-rw-einfuehrung\/#primaryimage","url":"https:\/\/archivehub.io\/wp-content\/uploads\/2023\/04\/sap_ilm_rw_de-1024x332.png","contentUrl":"https:\/\/archivehub.io\/wp-content\/uploads\/2023\/04\/sap_ilm_rw_de-1024x332.png"},{"@type":"WebSite","@id":"https:\/\/archivehub.io\/de\/#website","url":"https:\/\/archivehub.io\/de\/","name":"ArchiveHub.io","description":"SAP Archived Data Reporting Made Easy","publisher":{"@id":"https:\/\/archivehub.io\/de\/#organization"},"potentialAction":[{"@type":"SearchAction","target":{"@type":"EntryPoint","urlTemplate":"https:\/\/archivehub.io\/de\/?s={search_term_string}"},"query-input":{"@type":"PropertyValueSpecification","valueRequired":true,"valueName":"search_term_string"}}],"inLanguage":"de"},{"@type":"Organization","@id":"https:\/\/archivehub.io\/de\/#organization","name":"ArchiveHub.io","url":"https:\/\/archivehub.io\/de\/","logo":{"@type":"ImageObject","inLanguage":"de","@id":"https:\/\/archivehub.io\/de\/#\/schema\/logo\/image\/","url":"https:\/\/archivehub.io\/wp-content\/uploads\/2023\/03\/350px.png","contentUrl":"https:\/\/archivehub.io\/wp-content\/uploads\/2023\/03\/350px.png","width":351,"height":77,"caption":"ArchiveHub.io"},"image":{"@id":"https:\/\/archivehub.io\/de\/#\/schema\/logo\/image\/"},"sameAs":["https:\/\/www.facebook.com\/people\/ArchiveHubio\/100091316926341\/"]}]}},"_links":{"self":[{"href":"https:\/\/archivehub.io\/de\/wp-json\/wp\/v2\/pages\/4756","targetHints":{"allow":["GET"]}}],"collection":[{"href":"https:\/\/archivehub.io\/de\/wp-json\/wp\/v2\/pages"}],"about":[{"href":"https:\/\/archivehub.io\/de\/wp-json\/wp\/v2\/types\/page"}],"author":[{"embeddable":true,"href":"https:\/\/archivehub.io\/de\/wp-json\/wp\/v2\/users\/1"}],"replies":[{"embeddable":true,"href":"https:\/\/archivehub.io\/de\/wp-json\/wp\/v2\/comments?post=4756"}],"version-history":[{"count":5,"href":"https:\/\/archivehub.io\/de\/wp-json\/wp\/v2\/pages\/4756\/revisions"}],"predecessor-version":[{"id":5192,"href":"https:\/\/archivehub.io\/de\/wp-json\/wp\/v2\/pages\/4756\/revisions\/5192"}],"wp:attachment":[{"href":"https:\/\/archivehub.io\/de\/wp-json\/wp\/v2\/media?parent=4756"}],"curies":[{"name":"wp","href":"https:\/\/api.w.org\/{rel}","templated":true}]}}