{"id":5743,"date":"2023-04-13T10:09:42","date_gmt":"2023-04-13T10:09:42","guid":{"rendered":"https:\/\/archivehub.io\/rapport-de-donnees-archivees-ecc-pour-s-4hana-avec-ilm\/"},"modified":"2023-04-13T14:06:23","modified_gmt":"2023-04-13T14:06:23","slug":"rapport-de-donnees-archivees-ecc-pour-s-4hana-avec-ilm","status":"publish","type":"page","link":"https:\/\/archivehub.io\/fr\/rapport-de-donnees-archivees-ecc-pour-s-4hana-avec-ilm\/","title":{"rendered":"Rapport de donn\u00e9es archiv\u00e9es ECC pour S\/4HANA avec ILM"},"content":{"rendered":"\t\t<div data-elementor-type=\"wp-page\" data-elementor-id=\"5743\" class=\"elementor elementor-5743 elementor-5634\">\n\t\t\t\t\t\t<section class=\"elementor-section elementor-top-section elementor-element elementor-element-cca3575 elementor-section-boxed elementor-section-height-default elementor-section-height-default\" data-id=\"cca3575\" data-element_type=\"section\">\n\t\t\t\t\t\t<div class=\"elementor-container elementor-column-gap-default\">\n\t\t\t\t\t<div class=\"elementor-column elementor-col-100 elementor-top-column elementor-element elementor-element-29f8a2b\" data-id=\"29f8a2b\" data-element_type=\"column\">\n\t\t\t<div class=\"elementor-widget-wrap elementor-element-populated\">\n\t\t\t\t\t\t<div class=\"elementor-element elementor-element-d157f3d elementor-widget elementor-widget-heading\" data-id=\"d157f3d\" data-element_type=\"widget\" data-widget_type=\"heading.default\">\n\t\t\t\t<div class=\"elementor-widget-container\">\n\t\t\t\t\t<h2 class=\"elementor-heading-title elementor-size-default\">Le r\u00f4le crucial de l'archivage des donn\u00e9es avant la migration S\/4HANA<\/h2>\t\t\t\t<\/div>\n\t\t\t\t<\/div>\n\t\t\t\t\t<\/div>\n\t\t<\/div>\n\t\t\t\t\t<\/div>\n\t\t<\/section>\n\t\t\t\t<section class=\"elementor-section elementor-top-section elementor-element elementor-element-b90f85b elementor-section-boxed elementor-section-height-default elementor-section-height-default\" data-id=\"b90f85b\" data-element_type=\"section\">\n\t\t\t\t\t\t<div class=\"elementor-container elementor-column-gap-default\">\n\t\t\t\t\t<div class=\"elementor-column elementor-col-50 elementor-top-column elementor-element elementor-element-6bc3a8f\" data-id=\"6bc3a8f\" data-element_type=\"column\">\n\t\t\t<div class=\"elementor-widget-wrap elementor-element-populated\">\n\t\t\t\t\t\t<div class=\"elementor-element elementor-element-cc6b299 elementor-widget elementor-widget-image\" data-id=\"cc6b299\" data-element_type=\"widget\" data-widget_type=\"image.default\">\n\t\t\t\t<div class=\"elementor-widget-container\">\n\t\t\t\t\t\t\t\t\t\t\t\t\t\t\t<img fetchpriority=\"high\" decoding=\"async\" width=\"530\" height=\"350\" src=\"https:\/\/archivehub.io\/wp-content\/uploads\/2023\/04\/ecc_s4hana_ilm.png\" class=\"attachment-large size-large wp-image-5621\" alt=\"\" srcset=\"https:\/\/archivehub.io\/wp-content\/uploads\/2023\/04\/ecc_s4hana_ilm.png 530w, https:\/\/archivehub.io\/wp-content\/uploads\/2023\/04\/ecc_s4hana_ilm-300x198.png 300w\" sizes=\"(max-width: 530px) 100vw, 530px\" \/>\t\t\t\t\t\t\t\t\t\t\t\t\t\t\t<\/div>\n\t\t\t\t<\/div>\n\t\t\t\t\t<\/div>\n\t\t<\/div>\n\t\t\t\t<div class=\"elementor-column elementor-col-50 elementor-top-column elementor-element elementor-element-183e4ad\" data-id=\"183e4ad\" data-element_type=\"column\">\n\t\t\t<div class=\"elementor-widget-wrap elementor-element-populated\">\n\t\t\t\t\t\t<div class=\"elementor-element elementor-element-f9656d5 elementor-widget elementor-widget-text-editor\" data-id=\"f9656d5\" data-element_type=\"widget\" data-widget_type=\"text-editor.default\">\n\t\t\t\t<div class=\"elementor-widget-container\">\n\t\t\t\t\t\t\t\t\t<p>SAP S\/4HANA est optimis\u00e9 par la plate-forme de base de donn\u00e9es en m\u00e9moire HANA de pointe, con\u00e7ue pour g\u00e9rer sans effort des t\u00e9raoctets de donn\u00e9es gr\u00e2ce \u00e0 sa structure de base de donn\u00e9es en colonnes. Cependant, une consid\u00e9ration majeure pour le fonctionnement futur de S\/4HANA est la quantit\u00e9 substantielle de RAM requise pour ex\u00e9cuter la base de donn\u00e9es en m\u00e9moire. Ce type de base de donn\u00e9es est environ cinq fois plus cher que les bases de donn\u00e9es traditionnelles, car ses co\u00fbts de licence sont bas\u00e9s sur le volume.<\/p>\n\t\t\t\t\t\t\t\t<\/div>\n\t\t\t\t<\/div>\n\t\t\t\t\t<\/div>\n\t\t<\/div>\n\t\t\t\t\t<\/div>\n\t\t<\/section>\n\t\t\t\t<section class=\"elementor-section elementor-top-section elementor-element elementor-element-0dd78e6 elementor-section-boxed elementor-section-height-default elementor-section-height-default\" data-id=\"0dd78e6\" data-element_type=\"section\">\n\t\t\t\t\t\t<div class=\"elementor-container elementor-column-gap-default\">\n\t\t\t\t\t<div class=\"elementor-column elementor-col-100 elementor-top-column elementor-element elementor-element-669ffdb\" data-id=\"669ffdb\" data-element_type=\"column\">\n\t\t\t<div class=\"elementor-widget-wrap elementor-element-populated\">\n\t\t\t\t\t\t<div class=\"elementor-element elementor-element-144e4f8 elementor-widget elementor-widget-text-editor\" data-id=\"144e4f8\" data-element_type=\"widget\" data-widget_type=\"text-editor.default\">\n\t\t\t\t<div class=\"elementor-widget-container\">\n\t\t\t\t\t\t\t\t\tEntreprendre l&#8217;archivage des donn\u00e9es SAP avant de migrer vers S\/4HANA est crucial pour \u00e9viter la mont\u00e9e en fl\u00e8che des d\u00e9penses op\u00e9rationnelles associ\u00e9es \u00e0 l&#8217;ex\u00e9cution de la suite ERP avanc\u00e9e. Bien que vous puissiez avoir besoin d&#8217;acc\u00e9der \u00e0 de grandes quantit\u00e9s de donn\u00e9es, il n&#8217;est pas n\u00e9cessaire de tout stocker dans la base de donn\u00e9es HANA du syst\u00e8me de production. L&#8217;archivage des donn\u00e9es aide \u00e0 contr\u00f4ler les co\u00fbts, et les organisations doivent le prioriser avant de passer \u00e0 S\/4HANA. De plus, l&#8217;archivage des donn\u00e9es peut r\u00e9duire consid\u00e9rablement le d\u00e9lai de conversion r\u00e9elle du syst\u00e8me SAP S\/4HANA, rationalisant ainsi le processus de migration.\n\nMais voici les limitations actuelles :\n<ul>\n \t<li>Les applications Fiori qui acc\u00e8dent aux donn\u00e9es S\/4HANA \u00e0 l&#8217;aide des services oDATA ne r\u00e9cup\u00e8rent pas les donn\u00e9es archiv\u00e9es car les services oDATA standard ne sont pas configur\u00e9s pour s\u00e9lectionner les donn\u00e9es archiv\u00e9es.<\/li>\n \t<br><li>Les rapports Analysis for Office n&#8217;affichent pas non plus automatiquement les donn\u00e9es archiv\u00e9es de S\/4HANA.<\/li>\n \t<br><li>Lors de la cr\u00e9ation de rapports bas\u00e9s sur la table ACDOCA, il est essentiel de prendre en compte le statut du document et les lignes d&#8217;\u00e9quilibrage totales g\u00e9n\u00e9r\u00e9es lors du processus d&#8217;archivage.<\/li>\n \t<br><li>Dans une architecture financi\u00e8re centrale o\u00f9 un ou plusieurs syst\u00e8mes sources se connectent \u00e0 un syst\u00e8me financier central, les rapports de rapprochement standard ne prennent pas en compte les donn\u00e9es archiv\u00e9es.<\/li>\n<\/ul>\nEntrez &#8220;ArchiveHub&#8221;. Toutes les limitations sont surmont\u00e9es avec la cr\u00e9ation de rapports de donn\u00e9es archiv\u00e9es ECC pour S\/4HANA avec ILM\t\t\t\t\t\t\t\t<\/div>\n\t\t\t\t<\/div>\n\t\t\t\t\t<\/div>\n\t\t<\/div>\n\t\t\t\t\t<\/div>\n\t\t<\/section>\n\t\t\t\t<\/div>\n\t\t","protected":false},"excerpt":{"rendered":"<p>Le r\u00f4le crucial de l&#8217;archivage des donn\u00e9es avant la migration S\/4HANA SAP S\/4HANA est optimis\u00e9 par la plate-forme de base de donn\u00e9es en m\u00e9moire HANA de pointe, con\u00e7ue pour g\u00e9rer sans effort des t\u00e9raoctets de donn\u00e9es gr\u00e2ce \u00e0 sa structure de base de donn\u00e9es en colonnes. Cependant, une consid\u00e9ration majeure pour le fonctionnement futur de [&hellip;]<\/p>\n","protected":false},"author":2,"featured_media":0,"parent":0,"menu_order":0,"comment_status":"closed","ping_status":"closed","template":"","meta":{"om_disable_all_campaigns":false,"_monsterinsights_skip_tracking":false,"_monsterinsights_sitenote_active":false,"_monsterinsights_sitenote_note":"","_monsterinsights_sitenote_category":0,"footnotes":""},"class_list":["post-5743","page","type-page","status-publish","hentry"],"aioseo_notices":[],"yoast_head":"<!-- This site is optimized with the Yoast SEO plugin v25.0 - https:\/\/yoast.com\/wordpress\/plugins\/seo\/ -->\n<title>Rapport de donn\u00e9es archiv\u00e9es ECC pour S\/4HANA avec ILM - ArchiveHub.io<\/title>\n<meta name=\"description\" content=\"D\u00e9couvrez la puissance de la solution d&#039;archivage de donn\u00e9es d&#039;ArchiveHub, sp\u00e9cialement con\u00e7ue pour relever les d\u00e9fis de la migration SAP S\/4HANA, offrant un acc\u00e8s facile aux donn\u00e9es ECC archiv\u00e9es critiques et optimisant les co\u00fbts\" \/>\n<meta name=\"robots\" content=\"index, follow, max-snippet:-1, max-image-preview:large, max-video-preview:-1\" \/>\n<link rel=\"canonical\" href=\"https:\/\/archivehub.io\/fr\/rapport-de-donnees-archivees-ecc-pour-s-4hana-avec-ilm\/\" \/>\n<meta property=\"og:locale\" content=\"fr_FR\" \/>\n<meta property=\"og:type\" content=\"article\" \/>\n<meta property=\"og:title\" content=\"Rapport de donn\u00e9es archiv\u00e9es ECC pour S\/4HANA avec ILM - ArchiveHub.io\" \/>\n<meta property=\"og:description\" content=\"D\u00e9couvrez la puissance de la solution d&#039;archivage de donn\u00e9es d&#039;ArchiveHub, sp\u00e9cialement con\u00e7ue pour relever les d\u00e9fis de la migration SAP S\/4HANA, offrant un acc\u00e8s facile aux donn\u00e9es ECC archiv\u00e9es critiques et optimisant les co\u00fbts\" \/>\n<meta property=\"og:url\" content=\"https:\/\/archivehub.io\/fr\/rapport-de-donnees-archivees-ecc-pour-s-4hana-avec-ilm\/\" \/>\n<meta property=\"og:site_name\" content=\"ArchiveHub.io\" \/>\n<meta property=\"article:publisher\" content=\"https:\/\/www.facebook.com\/people\/ArchiveHubio\/100091316926341\/\" \/>\n<meta property=\"article:modified_time\" content=\"2023-04-13T14:06:23+00:00\" \/>\n<meta property=\"og:image\" content=\"https:\/\/archivehub.io\/wp-content\/uploads\/2023\/04\/ecc_s4hana_ilm.png\" \/>\n<meta name=\"twitter:card\" content=\"summary_large_image\" \/>\n<meta name=\"twitter:label1\" content=\"Dur\u00e9e de lecture estim\u00e9e\" \/>\n\t<meta name=\"twitter:data1\" content=\"2 minutes\" \/>\n<script type=\"application\/ld+json\" class=\"yoast-schema-graph\">{\"@context\":\"https:\/\/schema.org\",\"@graph\":[{\"@type\":\"WebPage\",\"@id\":\"https:\/\/archivehub.io\/fr\/rapport-de-donnees-archivees-ecc-pour-s-4hana-avec-ilm\/\",\"url\":\"https:\/\/archivehub.io\/fr\/rapport-de-donnees-archivees-ecc-pour-s-4hana-avec-ilm\/\",\"name\":\"Rapport de donn\u00e9es archiv\u00e9es ECC pour S\/4HANA avec ILM - ArchiveHub.io\",\"isPartOf\":{\"@id\":\"https:\/\/archivehub.io\/fr\/#website\"},\"primaryImageOfPage\":{\"@id\":\"https:\/\/archivehub.io\/fr\/rapport-de-donnees-archivees-ecc-pour-s-4hana-avec-ilm\/#primaryimage\"},\"image\":{\"@id\":\"https:\/\/archivehub.io\/fr\/rapport-de-donnees-archivees-ecc-pour-s-4hana-avec-ilm\/#primaryimage\"},\"thumbnailUrl\":\"https:\/\/archivehub.io\/wp-content\/uploads\/2023\/04\/ecc_s4hana_ilm.png\",\"datePublished\":\"2023-04-13T10:09:42+00:00\",\"dateModified\":\"2023-04-13T14:06:23+00:00\",\"description\":\"D\u00e9couvrez la puissance de la solution d'archivage de donn\u00e9es d'ArchiveHub, sp\u00e9cialement con\u00e7ue pour relever les d\u00e9fis de la migration SAP S\/4HANA, offrant un acc\u00e8s facile aux donn\u00e9es ECC archiv\u00e9es critiques et optimisant les co\u00fbts\",\"inLanguage\":\"fr-FR\",\"potentialAction\":[{\"@type\":\"ReadAction\",\"target\":[\"https:\/\/archivehub.io\/fr\/rapport-de-donnees-archivees-ecc-pour-s-4hana-avec-ilm\/\"]}]},{\"@type\":\"ImageObject\",\"inLanguage\":\"fr-FR\",\"@id\":\"https:\/\/archivehub.io\/fr\/rapport-de-donnees-archivees-ecc-pour-s-4hana-avec-ilm\/#primaryimage\",\"url\":\"https:\/\/archivehub.io\/wp-content\/uploads\/2023\/04\/ecc_s4hana_ilm.png\",\"contentUrl\":\"https:\/\/archivehub.io\/wp-content\/uploads\/2023\/04\/ecc_s4hana_ilm.png\"},{\"@type\":\"WebSite\",\"@id\":\"https:\/\/archivehub.io\/fr\/#website\",\"url\":\"https:\/\/archivehub.io\/fr\/\",\"name\":\"ArchiveHub.io\",\"description\":\"SAP Archived Data Reporting Made Easy\",\"publisher\":{\"@id\":\"https:\/\/archivehub.io\/fr\/#organization\"},\"potentialAction\":[{\"@type\":\"SearchAction\",\"target\":{\"@type\":\"EntryPoint\",\"urlTemplate\":\"https:\/\/archivehub.io\/fr\/?s={search_term_string}\"},\"query-input\":{\"@type\":\"PropertyValueSpecification\",\"valueRequired\":true,\"valueName\":\"search_term_string\"}}],\"inLanguage\":\"fr-FR\"},{\"@type\":\"Organization\",\"@id\":\"https:\/\/archivehub.io\/fr\/#organization\",\"name\":\"ArchiveHub.io\",\"url\":\"https:\/\/archivehub.io\/fr\/\",\"logo\":{\"@type\":\"ImageObject\",\"inLanguage\":\"fr-FR\",\"@id\":\"https:\/\/archivehub.io\/fr\/#\/schema\/logo\/image\/\",\"url\":\"https:\/\/archivehub.io\/wp-content\/uploads\/2023\/03\/350px.png\",\"contentUrl\":\"https:\/\/archivehub.io\/wp-content\/uploads\/2023\/03\/350px.png\",\"width\":351,\"height\":77,\"caption\":\"ArchiveHub.io\"},\"image\":{\"@id\":\"https:\/\/archivehub.io\/fr\/#\/schema\/logo\/image\/\"},\"sameAs\":[\"https:\/\/www.facebook.com\/people\/ArchiveHubio\/100091316926341\/\"]}]}<\/script>\n<!-- \/ Yoast SEO plugin. -->","yoast_head_json":{"title":"Rapport de donn\u00e9es archiv\u00e9es ECC pour S\/4HANA avec ILM - ArchiveHub.io","description":"D\u00e9couvrez la puissance de la solution d'archivage de donn\u00e9es d'ArchiveHub, sp\u00e9cialement con\u00e7ue pour relever les d\u00e9fis de la migration SAP S\/4HANA, offrant un acc\u00e8s facile aux donn\u00e9es ECC archiv\u00e9es critiques et optimisant les co\u00fbts","robots":{"index":"index","follow":"follow","max-snippet":"max-snippet:-1","max-image-preview":"max-image-preview:large","max-video-preview":"max-video-preview:-1"},"canonical":"https:\/\/archivehub.io\/fr\/rapport-de-donnees-archivees-ecc-pour-s-4hana-avec-ilm\/","og_locale":"fr_FR","og_type":"article","og_title":"Rapport de donn\u00e9es archiv\u00e9es ECC pour S\/4HANA avec ILM - ArchiveHub.io","og_description":"D\u00e9couvrez la puissance de la solution d'archivage de donn\u00e9es d'ArchiveHub, sp\u00e9cialement con\u00e7ue pour relever les d\u00e9fis de la migration SAP S\/4HANA, offrant un acc\u00e8s facile aux donn\u00e9es ECC archiv\u00e9es critiques et optimisant les co\u00fbts","og_url":"https:\/\/archivehub.io\/fr\/rapport-de-donnees-archivees-ecc-pour-s-4hana-avec-ilm\/","og_site_name":"ArchiveHub.io","article_publisher":"https:\/\/www.facebook.com\/people\/ArchiveHubio\/100091316926341\/","article_modified_time":"2023-04-13T14:06:23+00:00","og_image":[{"url":"https:\/\/archivehub.io\/wp-content\/uploads\/2023\/04\/ecc_s4hana_ilm.png","type":"","width":"","height":""}],"twitter_card":"summary_large_image","twitter_misc":{"Dur\u00e9e de lecture estim\u00e9e":"2 minutes"},"schema":{"@context":"https:\/\/schema.org","@graph":[{"@type":"WebPage","@id":"https:\/\/archivehub.io\/fr\/rapport-de-donnees-archivees-ecc-pour-s-4hana-avec-ilm\/","url":"https:\/\/archivehub.io\/fr\/rapport-de-donnees-archivees-ecc-pour-s-4hana-avec-ilm\/","name":"Rapport de donn\u00e9es archiv\u00e9es ECC pour S\/4HANA avec ILM - ArchiveHub.io","isPartOf":{"@id":"https:\/\/archivehub.io\/fr\/#website"},"primaryImageOfPage":{"@id":"https:\/\/archivehub.io\/fr\/rapport-de-donnees-archivees-ecc-pour-s-4hana-avec-ilm\/#primaryimage"},"image":{"@id":"https:\/\/archivehub.io\/fr\/rapport-de-donnees-archivees-ecc-pour-s-4hana-avec-ilm\/#primaryimage"},"thumbnailUrl":"https:\/\/archivehub.io\/wp-content\/uploads\/2023\/04\/ecc_s4hana_ilm.png","datePublished":"2023-04-13T10:09:42+00:00","dateModified":"2023-04-13T14:06:23+00:00","description":"D\u00e9couvrez la puissance de la solution d'archivage de donn\u00e9es d'ArchiveHub, sp\u00e9cialement con\u00e7ue pour relever les d\u00e9fis de la migration SAP S\/4HANA, offrant un acc\u00e8s facile aux donn\u00e9es ECC archiv\u00e9es critiques et optimisant les co\u00fbts","inLanguage":"fr-FR","potentialAction":[{"@type":"ReadAction","target":["https:\/\/archivehub.io\/fr\/rapport-de-donnees-archivees-ecc-pour-s-4hana-avec-ilm\/"]}]},{"@type":"ImageObject","inLanguage":"fr-FR","@id":"https:\/\/archivehub.io\/fr\/rapport-de-donnees-archivees-ecc-pour-s-4hana-avec-ilm\/#primaryimage","url":"https:\/\/archivehub.io\/wp-content\/uploads\/2023\/04\/ecc_s4hana_ilm.png","contentUrl":"https:\/\/archivehub.io\/wp-content\/uploads\/2023\/04\/ecc_s4hana_ilm.png"},{"@type":"WebSite","@id":"https:\/\/archivehub.io\/fr\/#website","url":"https:\/\/archivehub.io\/fr\/","name":"ArchiveHub.io","description":"SAP Archived Data Reporting Made Easy","publisher":{"@id":"https:\/\/archivehub.io\/fr\/#organization"},"potentialAction":[{"@type":"SearchAction","target":{"@type":"EntryPoint","urlTemplate":"https:\/\/archivehub.io\/fr\/?s={search_term_string}"},"query-input":{"@type":"PropertyValueSpecification","valueRequired":true,"valueName":"search_term_string"}}],"inLanguage":"fr-FR"},{"@type":"Organization","@id":"https:\/\/archivehub.io\/fr\/#organization","name":"ArchiveHub.io","url":"https:\/\/archivehub.io\/fr\/","logo":{"@type":"ImageObject","inLanguage":"fr-FR","@id":"https:\/\/archivehub.io\/fr\/#\/schema\/logo\/image\/","url":"https:\/\/archivehub.io\/wp-content\/uploads\/2023\/03\/350px.png","contentUrl":"https:\/\/archivehub.io\/wp-content\/uploads\/2023\/03\/350px.png","width":351,"height":77,"caption":"ArchiveHub.io"},"image":{"@id":"https:\/\/archivehub.io\/fr\/#\/schema\/logo\/image\/"},"sameAs":["https:\/\/www.facebook.com\/people\/ArchiveHubio\/100091316926341\/"]}]}},"_links":{"self":[{"href":"https:\/\/archivehub.io\/fr\/wp-json\/wp\/v2\/pages\/5743","targetHints":{"allow":["GET"]}}],"collection":[{"href":"https:\/\/archivehub.io\/fr\/wp-json\/wp\/v2\/pages"}],"about":[{"href":"https:\/\/archivehub.io\/fr\/wp-json\/wp\/v2\/types\/page"}],"author":[{"embeddable":true,"href":"https:\/\/archivehub.io\/fr\/wp-json\/wp\/v2\/users\/2"}],"replies":[{"embeddable":true,"href":"https:\/\/archivehub.io\/fr\/wp-json\/wp\/v2\/comments?post=5743"}],"version-history":[{"count":1,"href":"https:\/\/archivehub.io\/fr\/wp-json\/wp\/v2\/pages\/5743\/revisions"}],"predecessor-version":[{"id":5744,"href":"https:\/\/archivehub.io\/fr\/wp-json\/wp\/v2\/pages\/5743\/revisions\/5744"}],"wp:attachment":[{"href":"https:\/\/archivehub.io\/fr\/wp-json\/wp\/v2\/media?parent=5743"}],"curies":[{"name":"wp","href":"https:\/\/api.w.org\/{rel}","templated":true}]}}