{"id":5523,"date":"2023-03-30T17:40:45","date_gmt":"2023-03-30T17:40:45","guid":{"rendered":"https:\/\/archivehub.io\/declaration-des-conditions-dutilisation\/"},"modified":"2023-04-10T21:17:46","modified_gmt":"2023-04-10T21:17:46","slug":"declaration-des-conditions-dutilisation","status":"publish","type":"page","link":"https:\/\/archivehub.io\/fr\/declaration-des-conditions-dutilisation\/","title":{"rendered":"D\u00e9claration des conditions d&#8217;utilisation"},"content":{"rendered":"\t\t<div data-elementor-type=\"wp-page\" data-elementor-id=\"5523\" class=\"elementor elementor-5523 elementor-3999\">\n\t\t\t\t\t\t<section class=\"elementor-section elementor-top-section elementor-element elementor-element-488eadd elementor-section-boxed elementor-section-height-default elementor-section-height-default\" data-id=\"488eadd\" data-element_type=\"section\">\n\t\t\t\t\t\t<div class=\"elementor-container elementor-column-gap-default\">\n\t\t\t\t\t<div class=\"elementor-column elementor-col-100 elementor-top-column elementor-element elementor-element-0e001b2\" data-id=\"0e001b2\" data-element_type=\"column\">\n\t\t\t<div class=\"elementor-widget-wrap elementor-element-populated\">\n\t\t\t\t\t\t<div class=\"elementor-element elementor-element-34ee565 elementor-widget elementor-widget-text-editor\" data-id=\"34ee565\" data-element_type=\"widget\" data-widget_type=\"text-editor.default\">\n\t\t\t\t<div class=\"elementor-widget-container\">\n\t\t\t\t\t\t\t\t\t<p><em>Derni\u00e8re mise \u00e0 jour : 30 mars 2023<\/em><\/p>\n<p>Veuillez lire attentivement ces conditions d&#8217;utilisation (&#8220;Conditions&#8221;, &#8220;Conditions d&#8217;utilisation&#8221;) avant d&#8217;utiliser le site Web ArchiveHub.io (le &#8220;Service&#8221;) exploit\u00e9 par Smart ERP Soft Inc (&#8220;nous&#8221;, &#8220;nous&#8221; ou &#8220;notre&#8221; ).<\/p>\n<p>En acc\u00e9dant ou en utilisant le Service, vous acceptez d&#8217;\u00eatre li\u00e9 par ces Conditions. Si vous n&#8217;\u00eates pas d&#8217;accord avec une partie des conditions, vous ne pouvez pas acc\u00e9der au service.<\/p>\n<h4>Propri\u00e9t\u00e9 intellectuelle<\/h4>\n<p>Tout le contenu de ce site Web, y compris, mais sans s&#8217;y limiter, le texte, les images, les graphiques, les logos et les t\u00e9l\u00e9chargements num\u00e9riques, est la propri\u00e9t\u00e9 de Smart ERP Soft Inc ou de ses fournisseurs de contenu et est prot\u00e9g\u00e9 par les lois canadiennes et internationales sur le droit d&#8217;auteur. L&#8217;utilisation non autoris\u00e9e de ce contenu peut violer le droit d&#8217;auteur, les marques d\u00e9pos\u00e9es et d&#8217;autres lois.<\/p>\n<h4>Conduite de l&#8217;utilisateur<\/h4>\n<p>Vous acceptez de ne pas utiliser le Service d&#8217;une mani\u00e8re ill\u00e9gale, abusive, harcelante, mena\u00e7ante ou de toute autre mani\u00e8re qui viole les droits d&#8217;autrui. Vous \u00eates seul responsable de votre conduite lors de l&#8217;utilisation du Service.<\/p>\n<h4>Liens vers d&#8217;autres sites Web<\/h4>\n<p>Notre service peut contenir des liens vers des sites Web ou des services tiers qui ne sont ni d\u00e9tenus ni contr\u00f4l\u00e9s par Smart ERP Soft Inc. Smart ERP Soft Inc n&#8217;a aucun contr\u00f4le sur le contenu, les politiques de confidentialit\u00e9 ou les pratiques de tout site Web ou service tiers et n&#8217;assume aucune responsabilit\u00e9 \u00e0 leur \u00e9gard. Vous reconnaissez et acceptez en outre que Smart ERP Soft Inc ne sera pas responsable, directement ou indirectement, de tout dommage ou perte caus\u00e9 ou pr\u00e9sum\u00e9 avoir \u00e9t\u00e9 caus\u00e9 par ou en relation avec l&#8217;utilisation ou la confiance accord\u00e9e \u00e0 un tel contenu, biens ou les services disponibles sur ou via ces sites Web ou services.<\/p>\n<p>Nous vous conseillons vivement de lire les termes et conditions et les politiques de confidentialit\u00e9 de tous les sites Web ou services tiers que vous visitez.<\/p>\n<h4>Exclusion de garanties et limitation de responsabilit\u00e9<\/h4>\n<p>Le Service est fourni sur une base &#8220;TEL QUEL&#8221; et &#8220;TEL QUE DISPONIBLE&#8221;. Smart ERP Soft Inc ne fait aucune repr\u00e9sentation ou garantie d&#8217;aucune sorte, expresse ou implicite, quant au fonctionnement du Service ou aux informations, contenus ou \u00e9l\u00e9ments inclus dans le Service. Vous convenez express\u00e9ment que votre utilisation du Service est \u00e0 vos risques et p\u00e9rils.<\/p>\n<p>Dans toute la mesure permise par la loi, Smart ERP Soft Inc d\u00e9cline toute garantie, expresse ou implicite, y compris, mais sans s&#8217;y limiter, les garanties implicites de qualit\u00e9 marchande et d&#8217;ad\u00e9quation \u00e0 un usage particulier. Smart ERP Soft Inc ne sera pas responsable des dommages de toute nature r\u00e9sultant de l&#8217;utilisation du Service, y compris, mais sans s&#8217;y limiter, les dommages directs, indirects, accessoires, punitifs et cons\u00e9cutifs.<\/p>\n<h4>Droit applicable<\/h4>\n<p>Les pr\u00e9sentes conditions sont r\u00e9gies et interpr\u00e9t\u00e9es conform\u00e9ment aux lois du Canada et de la province de l&#8217;Ontario, sans \u00e9gard \u00e0 ses dispositions en mati\u00e8re de conflit de lois.<\/p>\n<p>Notre incapacit\u00e9 \u00e0 faire respecter un droit ou une disposition des pr\u00e9sentes Conditions ne sera pas consid\u00e9r\u00e9e comme une renonciation \u00e0 ces droits. Si une disposition des pr\u00e9sentes Conditions est jug\u00e9e invalide ou inapplicable par un tribunal, les autres dispositions des pr\u00e9sentes Conditions resteront en vigueur. Ces Conditions constituent l&#8217;int\u00e9gralit\u00e9 de l&#8217;accord entre nous concernant notre Service, et annulent et remplacent tout accord ant\u00e9rieur que nous aurions pu avoir entre nous concernant le Service.<\/p>\n<h4>Changements<\/h4>\n<p>Nous nous r\u00e9servons le droit, \u00e0 notre seule discr\u00e9tion, de modifier ou de remplacer ces Conditions \u00e0 tout moment. En continuant \u00e0 acc\u00e9der ou \u00e0 utiliser notre service apr\u00e8s l&#8217;entr\u00e9e en vigueur de toute r\u00e9vision, vous acceptez d&#8217;\u00eatre li\u00e9 par les conditions r\u00e9vis\u00e9es. Si vous n&#8217;acceptez pas les nouvelles conditions, vous n&#8217;\u00eates plus autoris\u00e9 \u00e0 utiliser le Service.<\/p>\n<h4>Contactez-nous<\/h4>\n<p>Si vous avez des questions sur ces conditions, veuillez nous contacter \u00e0 info at archivehub.io.<\/p>\n\t\t\t\t\t\t\t\t<\/div>\n\t\t\t\t<\/div>\n\t\t\t\t\t<\/div>\n\t\t<\/div>\n\t\t\t\t\t<\/div>\n\t\t<\/section>\n\t\t\t\t<\/div>\n\t\t","protected":false},"excerpt":{"rendered":"<p>Derni\u00e8re mise \u00e0 jour : 30 mars 2023 Veuillez lire attentivement ces conditions d&#8217;utilisation (&#8220;Conditions&#8221;, &#8220;Conditions d&#8217;utilisation&#8221;) avant d&#8217;utiliser le site Web ArchiveHub.io (le &#8220;Service&#8221;) exploit\u00e9 par Smart ERP Soft Inc (&#8220;nous&#8221;, &#8220;nous&#8221; ou &#8220;notre&#8221; ). En acc\u00e9dant ou en utilisant le Service, vous acceptez d&#8217;\u00eatre li\u00e9 par ces Conditions. Si vous n&#8217;\u00eates pas d&#8217;accord [&hellip;]<\/p>\n","protected":false},"author":2,"featured_media":0,"parent":0,"menu_order":0,"comment_status":"closed","ping_status":"closed","template":"","meta":{"om_disable_all_campaigns":false,"_monsterinsights_skip_tracking":false,"_monsterinsights_sitenote_active":false,"_monsterinsights_sitenote_note":"","_monsterinsights_sitenote_category":0,"footnotes":""},"class_list":["post-5523","page","type-page","status-publish","hentry"],"aioseo_notices":[],"yoast_head":"<!-- This site is optimized with the Yoast SEO plugin v25.0 - https:\/\/yoast.com\/wordpress\/plugins\/seo\/ -->\n<title>D\u00e9claration des conditions d&#039;utilisation - ArchiveHub.io<\/title>\n<meta name=\"robots\" content=\"noindex, nofollow\" \/>\n<meta property=\"og:locale\" content=\"fr_FR\" \/>\n<meta property=\"og:type\" content=\"article\" \/>\n<meta property=\"og:title\" content=\"D\u00e9claration des conditions d&#039;utilisation - ArchiveHub.io\" \/>\n<meta property=\"og:description\" content=\"Derni\u00e8re mise \u00e0 jour : 30 mars 2023 Veuillez lire attentivement ces conditions d&#8217;utilisation (&#8220;Conditions&#8221;, &#8220;Conditions d&#8217;utilisation&#8221;) avant d&#8217;utiliser le site Web ArchiveHub.io (le &#8220;Service&#8221;) exploit\u00e9 par Smart ERP Soft Inc (&#8220;nous&#8221;, &#8220;nous&#8221; ou &#8220;notre&#8221; ). En acc\u00e9dant ou en utilisant le Service, vous acceptez d&#8217;\u00eatre li\u00e9 par ces Conditions. Si vous n&#8217;\u00eates pas d&#8217;accord [&hellip;]\" \/>\n<meta property=\"og:url\" content=\"https:\/\/archivehub.io\/fr\/declaration-des-conditions-dutilisation\/\" \/>\n<meta property=\"og:site_name\" content=\"ArchiveHub.io\" \/>\n<meta property=\"article:publisher\" content=\"https:\/\/www.facebook.com\/people\/ArchiveHubio\/100091316926341\/\" \/>\n<meta property=\"article:modified_time\" content=\"2023-04-10T21:17:46+00:00\" \/>\n<meta name=\"twitter:card\" content=\"summary_large_image\" \/>\n<meta name=\"twitter:label1\" content=\"Dur\u00e9e de lecture estim\u00e9e\" \/>\n\t<meta name=\"twitter:data1\" content=\"3 minutes\" \/>\n<script type=\"application\/ld+json\" class=\"yoast-schema-graph\">{\"@context\":\"https:\/\/schema.org\",\"@graph\":[{\"@type\":\"WebPage\",\"@id\":\"https:\/\/archivehub.io\/fr\/declaration-des-conditions-dutilisation\/\",\"url\":\"https:\/\/archivehub.io\/fr\/declaration-des-conditions-dutilisation\/\",\"name\":\"D\u00e9claration des conditions d'utilisation - ArchiveHub.io\",\"isPartOf\":{\"@id\":\"https:\/\/archivehub.io\/fr\/#website\"},\"datePublished\":\"2023-03-30T17:40:45+00:00\",\"dateModified\":\"2023-04-10T21:17:46+00:00\",\"inLanguage\":\"fr-FR\",\"potentialAction\":[{\"@type\":\"ReadAction\",\"target\":[\"https:\/\/archivehub.io\/fr\/declaration-des-conditions-dutilisation\/\"]}]},{\"@type\":\"WebSite\",\"@id\":\"https:\/\/archivehub.io\/fr\/#website\",\"url\":\"https:\/\/archivehub.io\/fr\/\",\"name\":\"ArchiveHub.io\",\"description\":\"SAP Archived Data Reporting Made Easy\",\"publisher\":{\"@id\":\"https:\/\/archivehub.io\/fr\/#organization\"},\"potentialAction\":[{\"@type\":\"SearchAction\",\"target\":{\"@type\":\"EntryPoint\",\"urlTemplate\":\"https:\/\/archivehub.io\/fr\/?s={search_term_string}\"},\"query-input\":{\"@type\":\"PropertyValueSpecification\",\"valueRequired\":true,\"valueName\":\"search_term_string\"}}],\"inLanguage\":\"fr-FR\"},{\"@type\":\"Organization\",\"@id\":\"https:\/\/archivehub.io\/fr\/#organization\",\"name\":\"ArchiveHub.io\",\"url\":\"https:\/\/archivehub.io\/fr\/\",\"logo\":{\"@type\":\"ImageObject\",\"inLanguage\":\"fr-FR\",\"@id\":\"https:\/\/archivehub.io\/fr\/#\/schema\/logo\/image\/\",\"url\":\"https:\/\/archivehub.io\/wp-content\/uploads\/2023\/03\/350px.png\",\"contentUrl\":\"https:\/\/archivehub.io\/wp-content\/uploads\/2023\/03\/350px.png\",\"width\":351,\"height\":77,\"caption\":\"ArchiveHub.io\"},\"image\":{\"@id\":\"https:\/\/archivehub.io\/fr\/#\/schema\/logo\/image\/\"},\"sameAs\":[\"https:\/\/www.facebook.com\/people\/ArchiveHubio\/100091316926341\/\"]}]}<\/script>\n<!-- \/ Yoast SEO plugin. -->","yoast_head_json":{"title":"D\u00e9claration des conditions d'utilisation - ArchiveHub.io","robots":{"index":"noindex","follow":"nofollow"},"og_locale":"fr_FR","og_type":"article","og_title":"D\u00e9claration des conditions d'utilisation - ArchiveHub.io","og_description":"Derni\u00e8re mise \u00e0 jour : 30 mars 2023 Veuillez lire attentivement ces conditions d&#8217;utilisation (&#8220;Conditions&#8221;, &#8220;Conditions d&#8217;utilisation&#8221;) avant d&#8217;utiliser le site Web ArchiveHub.io (le &#8220;Service&#8221;) exploit\u00e9 par Smart ERP Soft Inc (&#8220;nous&#8221;, &#8220;nous&#8221; ou &#8220;notre&#8221; ). En acc\u00e9dant ou en utilisant le Service, vous acceptez d&#8217;\u00eatre li\u00e9 par ces Conditions. Si vous n&#8217;\u00eates pas d&#8217;accord [&hellip;]","og_url":"https:\/\/archivehub.io\/fr\/declaration-des-conditions-dutilisation\/","og_site_name":"ArchiveHub.io","article_publisher":"https:\/\/www.facebook.com\/people\/ArchiveHubio\/100091316926341\/","article_modified_time":"2023-04-10T21:17:46+00:00","twitter_card":"summary_large_image","twitter_misc":{"Dur\u00e9e de lecture estim\u00e9e":"3 minutes"},"schema":{"@context":"https:\/\/schema.org","@graph":[{"@type":"WebPage","@id":"https:\/\/archivehub.io\/fr\/declaration-des-conditions-dutilisation\/","url":"https:\/\/archivehub.io\/fr\/declaration-des-conditions-dutilisation\/","name":"D\u00e9claration des conditions d'utilisation - ArchiveHub.io","isPartOf":{"@id":"https:\/\/archivehub.io\/fr\/#website"},"datePublished":"2023-03-30T17:40:45+00:00","dateModified":"2023-04-10T21:17:46+00:00","inLanguage":"fr-FR","potentialAction":[{"@type":"ReadAction","target":["https:\/\/archivehub.io\/fr\/declaration-des-conditions-dutilisation\/"]}]},{"@type":"WebSite","@id":"https:\/\/archivehub.io\/fr\/#website","url":"https:\/\/archivehub.io\/fr\/","name":"ArchiveHub.io","description":"SAP Archived Data Reporting Made Easy","publisher":{"@id":"https:\/\/archivehub.io\/fr\/#organization"},"potentialAction":[{"@type":"SearchAction","target":{"@type":"EntryPoint","urlTemplate":"https:\/\/archivehub.io\/fr\/?s={search_term_string}"},"query-input":{"@type":"PropertyValueSpecification","valueRequired":true,"valueName":"search_term_string"}}],"inLanguage":"fr-FR"},{"@type":"Organization","@id":"https:\/\/archivehub.io\/fr\/#organization","name":"ArchiveHub.io","url":"https:\/\/archivehub.io\/fr\/","logo":{"@type":"ImageObject","inLanguage":"fr-FR","@id":"https:\/\/archivehub.io\/fr\/#\/schema\/logo\/image\/","url":"https:\/\/archivehub.io\/wp-content\/uploads\/2023\/03\/350px.png","contentUrl":"https:\/\/archivehub.io\/wp-content\/uploads\/2023\/03\/350px.png","width":351,"height":77,"caption":"ArchiveHub.io"},"image":{"@id":"https:\/\/archivehub.io\/fr\/#\/schema\/logo\/image\/"},"sameAs":["https:\/\/www.facebook.com\/people\/ArchiveHubio\/100091316926341\/"]}]}},"_links":{"self":[{"href":"https:\/\/archivehub.io\/fr\/wp-json\/wp\/v2\/pages\/5523","targetHints":{"allow":["GET"]}}],"collection":[{"href":"https:\/\/archivehub.io\/fr\/wp-json\/wp\/v2\/pages"}],"about":[{"href":"https:\/\/archivehub.io\/fr\/wp-json\/wp\/v2\/types\/page"}],"author":[{"embeddable":true,"href":"https:\/\/archivehub.io\/fr\/wp-json\/wp\/v2\/users\/2"}],"replies":[{"embeddable":true,"href":"https:\/\/archivehub.io\/fr\/wp-json\/wp\/v2\/comments?post=5523"}],"version-history":[{"count":1,"href":"https:\/\/archivehub.io\/fr\/wp-json\/wp\/v2\/pages\/5523\/revisions"}],"predecessor-version":[{"id":5524,"href":"https:\/\/archivehub.io\/fr\/wp-json\/wp\/v2\/pages\/5523\/revisions\/5524"}],"wp:attachment":[{"href":"https:\/\/archivehub.io\/fr\/wp-json\/wp\/v2\/media?parent=5523"}],"curies":[{"name":"wp","href":"https:\/\/api.w.org\/{rel}","templated":true}]}}