{"id":5517,"date":"2023-03-25T08:08:08","date_gmt":"2023-03-25T08:08:08","guid":{"rendered":"https:\/\/archivehub.io\/configuration-de-sap-ilm-store-sur-aws-s3\/"},"modified":"2023-04-10T21:01:24","modified_gmt":"2023-04-10T21:01:24","slug":"configuration-de-sap-ilm-store-sur-aws-s3","status":"publish","type":"page","link":"https:\/\/archivehub.io\/fr\/configuration-de-sap-ilm-store-sur-aws-s3\/","title":{"rendered":"Configuration de SAP ILM Store sur AWS S3"},"content":{"rendered":"\t\t<div data-elementor-type=\"wp-page\" data-elementor-id=\"5517\" class=\"elementor elementor-5517 elementor-2643\">\n\t\t\t\t\t\t<section class=\"elementor-section elementor-top-section elementor-element elementor-element-cf13887 elementor-section-boxed elementor-section-height-default elementor-section-height-default\" data-id=\"cf13887\" data-element_type=\"section\">\n\t\t\t\t\t\t<div class=\"elementor-container elementor-column-gap-default\">\n\t\t\t\t\t<div class=\"elementor-column elementor-col-100 elementor-top-column elementor-element elementor-element-8dccacf\" data-id=\"8dccacf\" data-element_type=\"column\">\n\t\t\t<div class=\"elementor-widget-wrap elementor-element-populated\">\n\t\t\t\t\t\t<div class=\"elementor-element elementor-element-383e2bc elementor-widget elementor-widget-image\" data-id=\"383e2bc\" data-element_type=\"widget\" data-widget_type=\"image.default\">\n\t\t\t\t<div class=\"elementor-widget-container\">\n\t\t\t\t\t\t\t\t\t\t\t\t\t\t\t<img fetchpriority=\"high\" decoding=\"async\" width=\"940\" height=\"305\" src=\"https:\/\/archivehub.io\/wp-content\/uploads\/2023\/03\/ilm_store_aws_s3-1024x332.png\" class=\"attachment-large size-large wp-image-5386\" alt=\"\" srcset=\"https:\/\/archivehub.io\/wp-content\/uploads\/2023\/03\/ilm_store_aws_s3-1024x332.png 1024w, https:\/\/archivehub.io\/wp-content\/uploads\/2023\/03\/ilm_store_aws_s3-300x97.png 300w, https:\/\/archivehub.io\/wp-content\/uploads\/2023\/03\/ilm_store_aws_s3-768x249.png 768w, https:\/\/archivehub.io\/wp-content\/uploads\/2023\/03\/ilm_store_aws_s3.png 1080w\" sizes=\"(max-width: 940px) 100vw, 940px\" \/>\t\t\t\t\t\t\t\t\t\t\t\t\t\t\t<\/div>\n\t\t\t\t<\/div>\n\t\t\t\t\t<\/div>\n\t\t<\/div>\n\t\t\t\t\t<\/div>\n\t\t<\/section>\n\t\t\t\t<section class=\"elementor-section elementor-top-section elementor-element elementor-element-27a6295 elementor-section-boxed elementor-section-height-default elementor-section-height-default\" data-id=\"27a6295\" data-element_type=\"section\">\n\t\t\t\t\t\t<div class=\"elementor-container elementor-column-gap-default\">\n\t\t\t\t\t<div class=\"elementor-column elementor-col-100 elementor-top-column elementor-element elementor-element-6dbb1f3\" data-id=\"6dbb1f3\" data-element_type=\"column\">\n\t\t\t<div class=\"elementor-widget-wrap elementor-element-populated\">\n\t\t\t\t\t\t<div class=\"elementor-element elementor-element-3759c70 elementor-widget elementor-widget-text-editor\" data-id=\"3759c70\" data-element_type=\"widget\" data-widget_type=\"text-editor.default\">\n\t\t\t\t<div class=\"elementor-widget-container\">\n\t\t\t\t\t\t\t\t\t<strong>Pr\u00e9sentation g\u00e9n\u00e9rale de la configuration de SAP ILM Store sur AWS S3 :<\/strong>\n<ul>\n \t<li><strong>Configurer un compartiment AWS S3 :<\/strong> Cr\u00e9ez un nouveau compartiment S3 dans AWS Management Console, qui servira de base pour la gestion et le stockage des donn\u00e9es. Choisissez la classe de stockage appropri\u00e9e en fonction des exigences de performance et de redondance de votre organisation.<\/li>\n \t<br><li><strong>Configurer les param\u00e8tres de contr\u00f4le d&#8217;acc\u00e8s et de s\u00e9curit\u00e9 : configurez les param\u00e8tres de contr\u00f4le d&#8217;acc\u00e8s et de s\u00e9curit\u00e9 appropri\u00e9s pour le compartiment S3, tels que les strat\u00e9gies de compartiment, les listes de contr\u00f4le d&#8217;acc\u00e8s (ACL) et les param\u00e8tres de chiffrement, conform\u00e9ment aux exigences de votre organisation.<\/strong><\/li>\n \t<br><li><strong>Configurer SAP ILM Store :<\/strong> Dans votre syst\u00e8me SAP, configurez un magasin ILM en cr\u00e9ant un nouveau r\u00e9f\u00e9rentiel de contenu et en le configurant pour utiliser le compartiment AWS S3. Vous devrez fournir les d\u00e9tails de connexion n\u00e9cessaires, tels que le nom du compartiment, la cl\u00e9 d&#8217;acc\u00e8s et la cl\u00e9 d&#8217;acc\u00e8s secr\u00e8te.<\/li>\n \t<br><li><strong>Installer et configurer AWS Storage Connector :<\/strong> pour permettre aux syst\u00e8mes SAP d&#8217;interagir avec le compartiment AWS S3, vous devez installer et configurer AWS Storage Connector. Le connecteur sert d&#8217;interface entre le syst\u00e8me SAP et le stockage AWS S3.<\/li>\n \t<br><li><strong>Configurer des politiques d&#8217;archivage et de conservation des donn\u00e9es :<\/strong> D\u00e9finissez des r\u00e8gles d&#8217;archivage et de conservation des donn\u00e9es dans le cadre SAP ILM pour g\u00e9rer le cycle de vie des donn\u00e9es. Cela inclut de sp\u00e9cifier quand les donn\u00e9es doivent \u00eatre archiv\u00e9es, combien de temps elles doivent \u00eatre conserv\u00e9es et quand elles doivent \u00eatre supprim\u00e9es.<\/li>\n \t<br><li><strong>Testez et validez la configuration :<\/strong> une fois le magasin SAP ILM sur AWS S3 configur\u00e9, testez le processus d&#8217;archivage, l&#8217;acc\u00e8s aux donn\u00e9es archiv\u00e9es et la suppression des donn\u00e9es apr\u00e8s l&#8217;expiration de la p\u00e9riode de conservation. Cela garantit que la configuration fonctionne comme pr\u00e9vu et r\u00e9pond aux exigences de gestion des donn\u00e9es de l&#8217;organisation.<\/li>\n<\/ul>\nEn configurant SAP ILM Store sur AWS S3, les organisations peuvent tirer parti de l&#8217;\u00e9volutivit\u00e9, de la s\u00e9curit\u00e9 et de la rentabilit\u00e9 de l&#8217;infrastructure de stockage cloud d&#8217;Amazon Web Services pour g\u00e9rer leurs donn\u00e9es SAP tout au long de leur cycle de vie tout en maintenant la conformit\u00e9 aux exigences l\u00e9gales, r\u00e9glementaires et commerciales.\t\t\t\t\t\t\t\t<\/div>\n\t\t\t\t<\/div>\n\t\t\t\t\t<\/div>\n\t\t<\/div>\n\t\t\t\t\t<\/div>\n\t\t<\/section>\n\t\t\t\t<\/div>\n\t\t","protected":false},"excerpt":{"rendered":"<p>Pr\u00e9sentation g\u00e9n\u00e9rale de la configuration de SAP ILM Store sur AWS S3 : Configurer un compartiment AWS S3 : Cr\u00e9ez un nouveau compartiment S3 dans AWS Management Console, qui servira de base pour la gestion et le stockage des donn\u00e9es. Choisissez la classe de stockage appropri\u00e9e en fonction des exigences de performance et de redondance [&hellip;]<\/p>\n","protected":false},"author":1,"featured_media":0,"parent":0,"menu_order":0,"comment_status":"closed","ping_status":"closed","template":"","meta":{"om_disable_all_campaigns":false,"_monsterinsights_skip_tracking":false,"_monsterinsights_sitenote_active":false,"_monsterinsights_sitenote_note":"","_monsterinsights_sitenote_category":0,"footnotes":""},"class_list":["post-5517","page","type-page","status-publish","hentry"],"aioseo_notices":[],"yoast_head":"<!-- This site is optimized with the Yoast SEO plugin v25.0 - https:\/\/yoast.com\/wordpress\/plugins\/seo\/ -->\n<title>Configuration de SAP ILM Store sur AWS S3 - ArchiveHub.io<\/title>\n<meta name=\"description\" content=\"La configuration de SAP ILM (Information Lifecycle Management) Store sur AWS S3 fait r\u00e9f\u00e9rence au processus de configuration d&#039;une solution de stockage sur Amazon Web Services (AWS) \u00e0 l&#039;aide d&#039;Amazon S3 (Simple Storage Service) pour servir de r\u00e9f\u00e9rentiel s\u00e9curis\u00e9 et \u00e9volutif pour la gestion des donn\u00e9es tout au long de son cycle de vie dans un environnement SAP. Cela permet aux organisations de tirer parti de l&#039;infrastructure de stockage dans le cloud d&#039;AWS pour stocker, conserver et g\u00e9rer les donn\u00e9es SAP conform\u00e9ment aux exigences l\u00e9gales, r\u00e9glementaires et commerciales.\" \/>\n<meta name=\"robots\" content=\"index, follow, max-snippet:-1, max-image-preview:large, max-video-preview:-1\" \/>\n<link rel=\"canonical\" href=\"https:\/\/archivehub.io\/fr\/configuration-de-sap-ilm-store-sur-aws-s3\/\" \/>\n<meta property=\"og:locale\" content=\"fr_FR\" \/>\n<meta property=\"og:type\" content=\"article\" \/>\n<meta property=\"og:title\" content=\"Configuration de SAP ILM Store sur AWS S3 - ArchiveHub.io\" \/>\n<meta property=\"og:description\" content=\"La configuration de SAP ILM (Information Lifecycle Management) Store sur AWS S3 fait r\u00e9f\u00e9rence au processus de configuration d&#039;une solution de stockage sur Amazon Web Services (AWS) \u00e0 l&#039;aide d&#039;Amazon S3 (Simple Storage Service) pour servir de r\u00e9f\u00e9rentiel s\u00e9curis\u00e9 et \u00e9volutif pour la gestion des donn\u00e9es tout au long de son cycle de vie dans un environnement SAP. Cela permet aux organisations de tirer parti de l&#039;infrastructure de stockage dans le cloud d&#039;AWS pour stocker, conserver et g\u00e9rer les donn\u00e9es SAP conform\u00e9ment aux exigences l\u00e9gales, r\u00e9glementaires et commerciales.\" \/>\n<meta property=\"og:url\" content=\"https:\/\/archivehub.io\/fr\/configuration-de-sap-ilm-store-sur-aws-s3\/\" \/>\n<meta property=\"og:site_name\" content=\"ArchiveHub.io\" \/>\n<meta property=\"article:publisher\" content=\"https:\/\/www.facebook.com\/people\/ArchiveHubio\/100091316926341\/\" \/>\n<meta property=\"article:modified_time\" content=\"2023-04-10T21:01:24+00:00\" \/>\n<meta property=\"og:image\" content=\"https:\/\/archivehub.io\/wp-content\/uploads\/2023\/03\/ilm_store_aws_s3-1024x332.png\" \/>\n<meta name=\"twitter:card\" content=\"summary_large_image\" \/>\n<meta name=\"twitter:label1\" content=\"Dur\u00e9e de lecture estim\u00e9e\" \/>\n\t<meta name=\"twitter:data1\" content=\"2 minutes\" \/>\n<script type=\"application\/ld+json\" class=\"yoast-schema-graph\">{\"@context\":\"https:\/\/schema.org\",\"@graph\":[{\"@type\":\"WebPage\",\"@id\":\"https:\/\/archivehub.io\/fr\/configuration-de-sap-ilm-store-sur-aws-s3\/\",\"url\":\"https:\/\/archivehub.io\/fr\/configuration-de-sap-ilm-store-sur-aws-s3\/\",\"name\":\"Configuration de SAP ILM Store sur AWS S3 - ArchiveHub.io\",\"isPartOf\":{\"@id\":\"https:\/\/archivehub.io\/fr\/#website\"},\"primaryImageOfPage\":{\"@id\":\"https:\/\/archivehub.io\/fr\/configuration-de-sap-ilm-store-sur-aws-s3\/#primaryimage\"},\"image\":{\"@id\":\"https:\/\/archivehub.io\/fr\/configuration-de-sap-ilm-store-sur-aws-s3\/#primaryimage\"},\"thumbnailUrl\":\"https:\/\/archivehub.io\/wp-content\/uploads\/2023\/03\/ilm_store_aws_s3-1024x332.png\",\"datePublished\":\"2023-03-25T08:08:08+00:00\",\"dateModified\":\"2023-04-10T21:01:24+00:00\",\"description\":\"La configuration de SAP ILM (Information Lifecycle Management) Store sur AWS S3 fait r\u00e9f\u00e9rence au processus de configuration d'une solution de stockage sur Amazon Web Services (AWS) \u00e0 l'aide d'Amazon S3 (Simple Storage Service) pour servir de r\u00e9f\u00e9rentiel s\u00e9curis\u00e9 et \u00e9volutif pour la gestion des donn\u00e9es tout au long de son cycle de vie dans un environnement SAP. Cela permet aux organisations de tirer parti de l'infrastructure de stockage dans le cloud d'AWS pour stocker, conserver et g\u00e9rer les donn\u00e9es SAP conform\u00e9ment aux exigences l\u00e9gales, r\u00e9glementaires et commerciales.\",\"inLanguage\":\"fr-FR\",\"potentialAction\":[{\"@type\":\"ReadAction\",\"target\":[\"https:\/\/archivehub.io\/fr\/configuration-de-sap-ilm-store-sur-aws-s3\/\"]}]},{\"@type\":\"ImageObject\",\"inLanguage\":\"fr-FR\",\"@id\":\"https:\/\/archivehub.io\/fr\/configuration-de-sap-ilm-store-sur-aws-s3\/#primaryimage\",\"url\":\"https:\/\/archivehub.io\/wp-content\/uploads\/2023\/03\/ilm_store_aws_s3-1024x332.png\",\"contentUrl\":\"https:\/\/archivehub.io\/wp-content\/uploads\/2023\/03\/ilm_store_aws_s3-1024x332.png\"},{\"@type\":\"WebSite\",\"@id\":\"https:\/\/archivehub.io\/fr\/#website\",\"url\":\"https:\/\/archivehub.io\/fr\/\",\"name\":\"ArchiveHub.io\",\"description\":\"SAP Archived Data Reporting Made Easy\",\"publisher\":{\"@id\":\"https:\/\/archivehub.io\/fr\/#organization\"},\"potentialAction\":[{\"@type\":\"SearchAction\",\"target\":{\"@type\":\"EntryPoint\",\"urlTemplate\":\"https:\/\/archivehub.io\/fr\/?s={search_term_string}\"},\"query-input\":{\"@type\":\"PropertyValueSpecification\",\"valueRequired\":true,\"valueName\":\"search_term_string\"}}],\"inLanguage\":\"fr-FR\"},{\"@type\":\"Organization\",\"@id\":\"https:\/\/archivehub.io\/fr\/#organization\",\"name\":\"ArchiveHub.io\",\"url\":\"https:\/\/archivehub.io\/fr\/\",\"logo\":{\"@type\":\"ImageObject\",\"inLanguage\":\"fr-FR\",\"@id\":\"https:\/\/archivehub.io\/fr\/#\/schema\/logo\/image\/\",\"url\":\"https:\/\/archivehub.io\/wp-content\/uploads\/2023\/03\/350px.png\",\"contentUrl\":\"https:\/\/archivehub.io\/wp-content\/uploads\/2023\/03\/350px.png\",\"width\":351,\"height\":77,\"caption\":\"ArchiveHub.io\"},\"image\":{\"@id\":\"https:\/\/archivehub.io\/fr\/#\/schema\/logo\/image\/\"},\"sameAs\":[\"https:\/\/www.facebook.com\/people\/ArchiveHubio\/100091316926341\/\"]}]}<\/script>\n<!-- \/ Yoast SEO plugin. -->","yoast_head_json":{"title":"Configuration de SAP ILM Store sur AWS S3 - ArchiveHub.io","description":"La configuration de SAP ILM (Information Lifecycle Management) Store sur AWS S3 fait r\u00e9f\u00e9rence au processus de configuration d'une solution de stockage sur Amazon Web Services (AWS) \u00e0 l'aide d'Amazon S3 (Simple Storage Service) pour servir de r\u00e9f\u00e9rentiel s\u00e9curis\u00e9 et \u00e9volutif pour la gestion des donn\u00e9es tout au long de son cycle de vie dans un environnement SAP. Cela permet aux organisations de tirer parti de l'infrastructure de stockage dans le cloud d'AWS pour stocker, conserver et g\u00e9rer les donn\u00e9es SAP conform\u00e9ment aux exigences l\u00e9gales, r\u00e9glementaires et commerciales.","robots":{"index":"index","follow":"follow","max-snippet":"max-snippet:-1","max-image-preview":"max-image-preview:large","max-video-preview":"max-video-preview:-1"},"canonical":"https:\/\/archivehub.io\/fr\/configuration-de-sap-ilm-store-sur-aws-s3\/","og_locale":"fr_FR","og_type":"article","og_title":"Configuration de SAP ILM Store sur AWS S3 - ArchiveHub.io","og_description":"La configuration de SAP ILM (Information Lifecycle Management) Store sur AWS S3 fait r\u00e9f\u00e9rence au processus de configuration d'une solution de stockage sur Amazon Web Services (AWS) \u00e0 l'aide d'Amazon S3 (Simple Storage Service) pour servir de r\u00e9f\u00e9rentiel s\u00e9curis\u00e9 et \u00e9volutif pour la gestion des donn\u00e9es tout au long de son cycle de vie dans un environnement SAP. Cela permet aux organisations de tirer parti de l'infrastructure de stockage dans le cloud d'AWS pour stocker, conserver et g\u00e9rer les donn\u00e9es SAP conform\u00e9ment aux exigences l\u00e9gales, r\u00e9glementaires et commerciales.","og_url":"https:\/\/archivehub.io\/fr\/configuration-de-sap-ilm-store-sur-aws-s3\/","og_site_name":"ArchiveHub.io","article_publisher":"https:\/\/www.facebook.com\/people\/ArchiveHubio\/100091316926341\/","article_modified_time":"2023-04-10T21:01:24+00:00","og_image":[{"url":"https:\/\/archivehub.io\/wp-content\/uploads\/2023\/03\/ilm_store_aws_s3-1024x332.png","type":"","width":"","height":""}],"twitter_card":"summary_large_image","twitter_misc":{"Dur\u00e9e de lecture estim\u00e9e":"2 minutes"},"schema":{"@context":"https:\/\/schema.org","@graph":[{"@type":"WebPage","@id":"https:\/\/archivehub.io\/fr\/configuration-de-sap-ilm-store-sur-aws-s3\/","url":"https:\/\/archivehub.io\/fr\/configuration-de-sap-ilm-store-sur-aws-s3\/","name":"Configuration de SAP ILM Store sur AWS S3 - ArchiveHub.io","isPartOf":{"@id":"https:\/\/archivehub.io\/fr\/#website"},"primaryImageOfPage":{"@id":"https:\/\/archivehub.io\/fr\/configuration-de-sap-ilm-store-sur-aws-s3\/#primaryimage"},"image":{"@id":"https:\/\/archivehub.io\/fr\/configuration-de-sap-ilm-store-sur-aws-s3\/#primaryimage"},"thumbnailUrl":"https:\/\/archivehub.io\/wp-content\/uploads\/2023\/03\/ilm_store_aws_s3-1024x332.png","datePublished":"2023-03-25T08:08:08+00:00","dateModified":"2023-04-10T21:01:24+00:00","description":"La configuration de SAP ILM (Information Lifecycle Management) Store sur AWS S3 fait r\u00e9f\u00e9rence au processus de configuration d'une solution de stockage sur Amazon Web Services (AWS) \u00e0 l'aide d'Amazon S3 (Simple Storage Service) pour servir de r\u00e9f\u00e9rentiel s\u00e9curis\u00e9 et \u00e9volutif pour la gestion des donn\u00e9es tout au long de son cycle de vie dans un environnement SAP. Cela permet aux organisations de tirer parti de l'infrastructure de stockage dans le cloud d'AWS pour stocker, conserver et g\u00e9rer les donn\u00e9es SAP conform\u00e9ment aux exigences l\u00e9gales, r\u00e9glementaires et commerciales.","inLanguage":"fr-FR","potentialAction":[{"@type":"ReadAction","target":["https:\/\/archivehub.io\/fr\/configuration-de-sap-ilm-store-sur-aws-s3\/"]}]},{"@type":"ImageObject","inLanguage":"fr-FR","@id":"https:\/\/archivehub.io\/fr\/configuration-de-sap-ilm-store-sur-aws-s3\/#primaryimage","url":"https:\/\/archivehub.io\/wp-content\/uploads\/2023\/03\/ilm_store_aws_s3-1024x332.png","contentUrl":"https:\/\/archivehub.io\/wp-content\/uploads\/2023\/03\/ilm_store_aws_s3-1024x332.png"},{"@type":"WebSite","@id":"https:\/\/archivehub.io\/fr\/#website","url":"https:\/\/archivehub.io\/fr\/","name":"ArchiveHub.io","description":"SAP Archived Data Reporting Made Easy","publisher":{"@id":"https:\/\/archivehub.io\/fr\/#organization"},"potentialAction":[{"@type":"SearchAction","target":{"@type":"EntryPoint","urlTemplate":"https:\/\/archivehub.io\/fr\/?s={search_term_string}"},"query-input":{"@type":"PropertyValueSpecification","valueRequired":true,"valueName":"search_term_string"}}],"inLanguage":"fr-FR"},{"@type":"Organization","@id":"https:\/\/archivehub.io\/fr\/#organization","name":"ArchiveHub.io","url":"https:\/\/archivehub.io\/fr\/","logo":{"@type":"ImageObject","inLanguage":"fr-FR","@id":"https:\/\/archivehub.io\/fr\/#\/schema\/logo\/image\/","url":"https:\/\/archivehub.io\/wp-content\/uploads\/2023\/03\/350px.png","contentUrl":"https:\/\/archivehub.io\/wp-content\/uploads\/2023\/03\/350px.png","width":351,"height":77,"caption":"ArchiveHub.io"},"image":{"@id":"https:\/\/archivehub.io\/fr\/#\/schema\/logo\/image\/"},"sameAs":["https:\/\/www.facebook.com\/people\/ArchiveHubio\/100091316926341\/"]}]}},"_links":{"self":[{"href":"https:\/\/archivehub.io\/fr\/wp-json\/wp\/v2\/pages\/5517","targetHints":{"allow":["GET"]}}],"collection":[{"href":"https:\/\/archivehub.io\/fr\/wp-json\/wp\/v2\/pages"}],"about":[{"href":"https:\/\/archivehub.io\/fr\/wp-json\/wp\/v2\/types\/page"}],"author":[{"embeddable":true,"href":"https:\/\/archivehub.io\/fr\/wp-json\/wp\/v2\/users\/1"}],"replies":[{"embeddable":true,"href":"https:\/\/archivehub.io\/fr\/wp-json\/wp\/v2\/comments?post=5517"}],"version-history":[{"count":1,"href":"https:\/\/archivehub.io\/fr\/wp-json\/wp\/v2\/pages\/5517\/revisions"}],"predecessor-version":[{"id":5518,"href":"https:\/\/archivehub.io\/fr\/wp-json\/wp\/v2\/pages\/5517\/revisions\/5518"}],"wp:attachment":[{"href":"https:\/\/archivehub.io\/fr\/wp-json\/wp\/v2\/media?parent=5517"}],"curies":[{"name":"wp","href":"https:\/\/api.w.org\/{rel}","templated":true}]}}