{"id":5515,"date":"2023-03-25T08:06:21","date_gmt":"2023-03-25T08:06:21","guid":{"rendered":"https:\/\/archivehub.io\/implementation-de-sap-nls-avec-sap-iq\/"},"modified":"2023-04-10T20:51:39","modified_gmt":"2023-04-10T20:51:39","slug":"implementation-de-sap-nls-avec-sap-iq","status":"publish","type":"page","link":"https:\/\/archivehub.io\/fr\/implementation-de-sap-nls-avec-sap-iq\/","title":{"rendered":"Impl\u00e9mentation de SAP NLS avec SAP IQ"},"content":{"rendered":"\t\t<div data-elementor-type=\"wp-page\" data-elementor-id=\"5515\" class=\"elementor elementor-5515 elementor-2635\">\n\t\t\t\t\t\t<section class=\"elementor-section elementor-top-section elementor-element elementor-element-0c25426 elementor-section-boxed elementor-section-height-default elementor-section-height-default\" data-id=\"0c25426\" data-element_type=\"section\">\n\t\t\t\t\t\t<div class=\"elementor-container elementor-column-gap-default\">\n\t\t\t\t\t<div class=\"elementor-column elementor-col-100 elementor-top-column elementor-element elementor-element-e6ed90a\" data-id=\"e6ed90a\" data-element_type=\"column\">\n\t\t\t<div class=\"elementor-widget-wrap elementor-element-populated\">\n\t\t\t\t\t\t<div class=\"elementor-element elementor-element-862210b elementor-widget elementor-widget-image\" data-id=\"862210b\" data-element_type=\"widget\" data-widget_type=\"image.default\">\n\t\t\t\t<div class=\"elementor-widget-container\">\n\t\t\t\t\t\t\t\t\t\t\t\t\t\t\t<img fetchpriority=\"high\" decoding=\"async\" width=\"940\" height=\"305\" src=\"https:\/\/archivehub.io\/wp-content\/uploads\/2023\/03\/nls_iq-1024x332.png\" class=\"attachment-large size-large wp-image-5388\" alt=\"\" srcset=\"https:\/\/archivehub.io\/wp-content\/uploads\/2023\/03\/nls_iq-1024x332.png 1024w, https:\/\/archivehub.io\/wp-content\/uploads\/2023\/03\/nls_iq-300x97.png 300w, https:\/\/archivehub.io\/wp-content\/uploads\/2023\/03\/nls_iq-768x249.png 768w, https:\/\/archivehub.io\/wp-content\/uploads\/2023\/03\/nls_iq.png 1080w\" sizes=\"(max-width: 940px) 100vw, 940px\" \/>\t\t\t\t\t\t\t\t\t\t\t\t\t\t\t<\/div>\n\t\t\t\t<\/div>\n\t\t\t\t\t<\/div>\n\t\t<\/div>\n\t\t\t\t\t<\/div>\n\t\t<\/section>\n\t\t\t\t<section class=\"elementor-section elementor-top-section elementor-element elementor-element-95c5d54 elementor-section-boxed elementor-section-height-default elementor-section-height-default\" data-id=\"95c5d54\" data-element_type=\"section\">\n\t\t\t\t\t\t<div class=\"elementor-container elementor-column-gap-default\">\n\t\t\t\t\t<div class=\"elementor-column elementor-col-100 elementor-top-column elementor-element elementor-element-c801544\" data-id=\"c801544\" data-element_type=\"column\">\n\t\t\t<div class=\"elementor-widget-wrap elementor-element-populated\">\n\t\t\t\t\t\t<div class=\"elementor-element elementor-element-4fcf1eb elementor-widget elementor-widget-heading\" data-id=\"4fcf1eb\" data-element_type=\"widget\" data-widget_type=\"heading.default\">\n\t\t\t\t<div class=\"elementor-widget-container\">\n\t\t\t\t\t<h2 class=\"elementor-heading-title elementor-size-default\">Pr\u00e9sentation de la mise en \u0153uvre de SAP NLS avec SAP IQ<\/h2>\t\t\t\t<\/div>\n\t\t\t\t<\/div>\n\t\t\t\t\t<\/div>\n\t\t<\/div>\n\t\t\t\t\t<\/div>\n\t\t<\/section>\n\t\t\t\t<section class=\"elementor-section elementor-top-section elementor-element elementor-element-dd531dc elementor-section-boxed elementor-section-height-default elementor-section-height-default\" data-id=\"dd531dc\" data-element_type=\"section\">\n\t\t\t\t\t\t<div class=\"elementor-container elementor-column-gap-default\">\n\t\t\t\t\t<div class=\"elementor-column elementor-col-100 elementor-top-column elementor-element elementor-element-df76407\" data-id=\"df76407\" data-element_type=\"column\">\n\t\t\t<div class=\"elementor-widget-wrap elementor-element-populated\">\n\t\t\t\t\t\t<div class=\"elementor-element elementor-element-f3906d5 elementor-widget elementor-widget-text-editor\" data-id=\"f3906d5\" data-element_type=\"widget\" data-widget_type=\"text-editor.default\">\n\t\t\t\t<div class=\"elementor-widget-container\">\n\t\t\t\t\t\t\t\t\t<p><strong>Stockage des donn\u00e9es :<\/strong> SAP NLS avec SAP IQ stocke les donn\u00e9es qui ne sont pas r\u00e9guli\u00e8rement consult\u00e9es ou requises pour un traitement imm\u00e9diat dans un syst\u00e8me de stockage en colonnes s\u00e9par\u00e9, compress\u00e9 et optimis\u00e9. Cela permet de r\u00e9duire la quantit\u00e9 de donn\u00e9es stock\u00e9es dans la base de donn\u00e9es principale (en ligne), am\u00e9liorant ainsi les performances globales du syst\u00e8me.<\/p>\n<p><strong>Archivage des donn\u00e9es :<\/strong> SAP NLS avec SAP IQ fonctionne de mani\u00e8re transparente avec le cadre de gestion du cycle de vie des informations (ILM) de SAP pour archiver les donn\u00e9es en fonction de r\u00e8gles et de politiques de conservation pr\u00e9d\u00e9finies. Les donn\u00e9es archiv\u00e9es sont d\u00e9plac\u00e9es de la base de donn\u00e9es principale vers le stockage de proximit\u00e9, garantissant qu&#8217;elles restent accessibles en cas de besoin tout en r\u00e9duisant l&#8217;empreinte des donn\u00e9es en ligne.<\/p>\n<p><strong>Int\u00e9gration transparente :<\/strong> SAP NLS avec SAP IQ est enti\u00e8rement int\u00e9gr\u00e9 aux syst\u00e8mes SAP, permettant aux utilisateurs d&#8217;acc\u00e9der et d&#8217;interroger les donn\u00e9es de stockage de proximit\u00e9 directement \u00e0 partir des applications SAP sans aucun outil ou interface suppl\u00e9mentaire. Cette int\u00e9gration transparente garantit que les utilisateurs peuvent acc\u00e9der aux donn\u00e9es en ligne et quasi en ligne avec facilit\u00e9 et avec un minimum de perturbations.<\/p>\n<p><strong>Performances am\u00e9lior\u00e9es :<\/strong> en d\u00e9chargeant les donn\u00e9es rarement consult\u00e9es vers SAP NLS avec SAP IQ, les organisations peuvent am\u00e9liorer les performances de leurs syst\u00e8mes SAP principaux. Cela se traduit par des temps de r\u00e9ponse aux requ\u00eates plus rapides, des temps de sauvegarde de base de donn\u00e9es r\u00e9duits et une efficacit\u00e9 globale am\u00e9lior\u00e9e du syst\u00e8me.<\/p>\n<p><strong>\u00c9conomies de co\u00fbts :<\/strong> la mise en \u0153uvre de SAP NLS avec SAP IQ peut entra\u00eener des \u00e9conomies de co\u00fbts importantes en r\u00e9duisant les besoins en stockage, en diminuant les co\u00fbts d&#8217;infrastructure et de maintenance et en am\u00e9liorant les performances du syst\u00e8me.<\/p>\n<p>En r\u00e9sum\u00e9, la mise en \u0153uvre de SAP NLS avec SAP IQ fournit aux organisations une solution efficace et int\u00e9gr\u00e9e pour g\u00e9rer de gros volumes de donn\u00e9es dans leurs syst\u00e8mes SAP. En d\u00e9chargeant les donn\u00e9es historiques ou rarement consult\u00e9es vers un stockage de proximit\u00e9, les entreprises peuvent am\u00e9liorer les performances du syst\u00e8me, am\u00e9liorer la gestion des donn\u00e9es et r\u00e9duire les co\u00fbts globaux.<\/p>\n<p><strong>Nous vous aidons \u00e0 int\u00e9grer l&#8217;installation de SAP NLS avec SAP IQ.<\/strong><\/p>\n\t\t\t\t\t\t\t\t<\/div>\n\t\t\t\t<\/div>\n\t\t\t\t\t<\/div>\n\t\t<\/div>\n\t\t\t\t\t<\/div>\n\t\t<\/section>\n\t\t\t\t<\/div>\n\t\t","protected":false},"excerpt":{"rendered":"<p>Pr\u00e9sentation de la mise en \u0153uvre de SAP NLS avec SAP IQ Stockage des donn\u00e9es : SAP NLS avec SAP IQ stocke les donn\u00e9es qui ne sont pas r\u00e9guli\u00e8rement consult\u00e9es ou requises pour un traitement imm\u00e9diat dans un syst\u00e8me de stockage en colonnes s\u00e9par\u00e9, compress\u00e9 et optimis\u00e9. Cela permet de r\u00e9duire la quantit\u00e9 de donn\u00e9es [&hellip;]<\/p>\n","protected":false},"author":1,"featured_media":0,"parent":0,"menu_order":0,"comment_status":"closed","ping_status":"closed","template":"","meta":{"om_disable_all_campaigns":false,"_monsterinsights_skip_tracking":false,"_monsterinsights_sitenote_active":false,"_monsterinsights_sitenote_note":"","_monsterinsights_sitenote_category":0,"footnotes":""},"class_list":["post-5515","page","type-page","status-publish","hentry"],"aioseo_notices":[],"yoast_head":"<!-- This site is optimized with the Yoast SEO plugin v25.0 - https:\/\/yoast.com\/wordpress\/plugins\/seo\/ -->\n<title>Impl\u00e9mentation de SAP NLS avec SAP IQ - ArchiveHub.io<\/title>\n<meta name=\"description\" content=\"La mise en \u0153uvre de SAP NLS (Near-Line Storage) avec SAP IQ est une solution con\u00e7ue pour optimiser le stockage et la gestion des donn\u00e9es dans les syst\u00e8mes SAP en int\u00e9grant la base de donn\u00e9es SAP IQ, un magasin de donn\u00e9es en colonnes hautes performances, en tant que solution de stockage de proximit\u00e9. SAP NLS permet aux organisations de g\u00e9rer efficacement de gros volumes de donn\u00e9es, en particulier des donn\u00e9es historiques ou rarement consult\u00e9es, sans compromettre les performances du syst\u00e8me.\" \/>\n<meta name=\"robots\" content=\"index, follow, max-snippet:-1, max-image-preview:large, max-video-preview:-1\" \/>\n<link rel=\"canonical\" href=\"https:\/\/archivehub.io\/fr\/implementation-de-sap-nls-avec-sap-iq\/\" \/>\n<meta property=\"og:locale\" content=\"fr_FR\" \/>\n<meta property=\"og:type\" content=\"article\" \/>\n<meta property=\"og:title\" content=\"Impl\u00e9mentation de SAP NLS avec SAP IQ - ArchiveHub.io\" \/>\n<meta property=\"og:description\" content=\"La mise en \u0153uvre de SAP NLS (Near-Line Storage) avec SAP IQ est une solution con\u00e7ue pour optimiser le stockage et la gestion des donn\u00e9es dans les syst\u00e8mes SAP en int\u00e9grant la base de donn\u00e9es SAP IQ, un magasin de donn\u00e9es en colonnes hautes performances, en tant que solution de stockage de proximit\u00e9. SAP NLS permet aux organisations de g\u00e9rer efficacement de gros volumes de donn\u00e9es, en particulier des donn\u00e9es historiques ou rarement consult\u00e9es, sans compromettre les performances du syst\u00e8me.\" \/>\n<meta property=\"og:url\" content=\"https:\/\/archivehub.io\/fr\/implementation-de-sap-nls-avec-sap-iq\/\" \/>\n<meta property=\"og:site_name\" content=\"ArchiveHub.io\" \/>\n<meta property=\"article:publisher\" content=\"https:\/\/www.facebook.com\/people\/ArchiveHubio\/100091316926341\/\" \/>\n<meta property=\"article:modified_time\" content=\"2023-04-10T20:51:39+00:00\" \/>\n<meta property=\"og:image\" content=\"https:\/\/archivehub.io\/wp-content\/uploads\/2023\/03\/nls_iq-1024x332.png\" \/>\n<meta name=\"twitter:card\" content=\"summary_large_image\" \/>\n<meta name=\"twitter:label1\" content=\"Dur\u00e9e de lecture estim\u00e9e\" \/>\n\t<meta name=\"twitter:data1\" content=\"2 minutes\" \/>\n<script type=\"application\/ld+json\" class=\"yoast-schema-graph\">{\"@context\":\"https:\/\/schema.org\",\"@graph\":[{\"@type\":\"WebPage\",\"@id\":\"https:\/\/archivehub.io\/fr\/implementation-de-sap-nls-avec-sap-iq\/\",\"url\":\"https:\/\/archivehub.io\/fr\/implementation-de-sap-nls-avec-sap-iq\/\",\"name\":\"Impl\u00e9mentation de SAP NLS avec SAP IQ - ArchiveHub.io\",\"isPartOf\":{\"@id\":\"https:\/\/archivehub.io\/fr\/#website\"},\"primaryImageOfPage\":{\"@id\":\"https:\/\/archivehub.io\/fr\/implementation-de-sap-nls-avec-sap-iq\/#primaryimage\"},\"image\":{\"@id\":\"https:\/\/archivehub.io\/fr\/implementation-de-sap-nls-avec-sap-iq\/#primaryimage\"},\"thumbnailUrl\":\"https:\/\/archivehub.io\/wp-content\/uploads\/2023\/03\/nls_iq-1024x332.png\",\"datePublished\":\"2023-03-25T08:06:21+00:00\",\"dateModified\":\"2023-04-10T20:51:39+00:00\",\"description\":\"La mise en \u0153uvre de SAP NLS (Near-Line Storage) avec SAP IQ est une solution con\u00e7ue pour optimiser le stockage et la gestion des donn\u00e9es dans les syst\u00e8mes SAP en int\u00e9grant la base de donn\u00e9es SAP IQ, un magasin de donn\u00e9es en colonnes hautes performances, en tant que solution de stockage de proximit\u00e9. SAP NLS permet aux organisations de g\u00e9rer efficacement de gros volumes de donn\u00e9es, en particulier des donn\u00e9es historiques ou rarement consult\u00e9es, sans compromettre les performances du syst\u00e8me.\",\"inLanguage\":\"fr-FR\",\"potentialAction\":[{\"@type\":\"ReadAction\",\"target\":[\"https:\/\/archivehub.io\/fr\/implementation-de-sap-nls-avec-sap-iq\/\"]}]},{\"@type\":\"ImageObject\",\"inLanguage\":\"fr-FR\",\"@id\":\"https:\/\/archivehub.io\/fr\/implementation-de-sap-nls-avec-sap-iq\/#primaryimage\",\"url\":\"https:\/\/archivehub.io\/wp-content\/uploads\/2023\/03\/nls_iq-1024x332.png\",\"contentUrl\":\"https:\/\/archivehub.io\/wp-content\/uploads\/2023\/03\/nls_iq-1024x332.png\"},{\"@type\":\"WebSite\",\"@id\":\"https:\/\/archivehub.io\/fr\/#website\",\"url\":\"https:\/\/archivehub.io\/fr\/\",\"name\":\"ArchiveHub.io\",\"description\":\"SAP Archived Data Reporting Made Easy\",\"publisher\":{\"@id\":\"https:\/\/archivehub.io\/fr\/#organization\"},\"potentialAction\":[{\"@type\":\"SearchAction\",\"target\":{\"@type\":\"EntryPoint\",\"urlTemplate\":\"https:\/\/archivehub.io\/fr\/?s={search_term_string}\"},\"query-input\":{\"@type\":\"PropertyValueSpecification\",\"valueRequired\":true,\"valueName\":\"search_term_string\"}}],\"inLanguage\":\"fr-FR\"},{\"@type\":\"Organization\",\"@id\":\"https:\/\/archivehub.io\/fr\/#organization\",\"name\":\"ArchiveHub.io\",\"url\":\"https:\/\/archivehub.io\/fr\/\",\"logo\":{\"@type\":\"ImageObject\",\"inLanguage\":\"fr-FR\",\"@id\":\"https:\/\/archivehub.io\/fr\/#\/schema\/logo\/image\/\",\"url\":\"https:\/\/archivehub.io\/wp-content\/uploads\/2023\/03\/350px.png\",\"contentUrl\":\"https:\/\/archivehub.io\/wp-content\/uploads\/2023\/03\/350px.png\",\"width\":351,\"height\":77,\"caption\":\"ArchiveHub.io\"},\"image\":{\"@id\":\"https:\/\/archivehub.io\/fr\/#\/schema\/logo\/image\/\"},\"sameAs\":[\"https:\/\/www.facebook.com\/people\/ArchiveHubio\/100091316926341\/\"]}]}<\/script>\n<!-- \/ Yoast SEO plugin. -->","yoast_head_json":{"title":"Impl\u00e9mentation de SAP NLS avec SAP IQ - ArchiveHub.io","description":"La mise en \u0153uvre de SAP NLS (Near-Line Storage) avec SAP IQ est une solution con\u00e7ue pour optimiser le stockage et la gestion des donn\u00e9es dans les syst\u00e8mes SAP en int\u00e9grant la base de donn\u00e9es SAP IQ, un magasin de donn\u00e9es en colonnes hautes performances, en tant que solution de stockage de proximit\u00e9. SAP NLS permet aux organisations de g\u00e9rer efficacement de gros volumes de donn\u00e9es, en particulier des donn\u00e9es historiques ou rarement consult\u00e9es, sans compromettre les performances du syst\u00e8me.","robots":{"index":"index","follow":"follow","max-snippet":"max-snippet:-1","max-image-preview":"max-image-preview:large","max-video-preview":"max-video-preview:-1"},"canonical":"https:\/\/archivehub.io\/fr\/implementation-de-sap-nls-avec-sap-iq\/","og_locale":"fr_FR","og_type":"article","og_title":"Impl\u00e9mentation de SAP NLS avec SAP IQ - ArchiveHub.io","og_description":"La mise en \u0153uvre de SAP NLS (Near-Line Storage) avec SAP IQ est une solution con\u00e7ue pour optimiser le stockage et la gestion des donn\u00e9es dans les syst\u00e8mes SAP en int\u00e9grant la base de donn\u00e9es SAP IQ, un magasin de donn\u00e9es en colonnes hautes performances, en tant que solution de stockage de proximit\u00e9. SAP NLS permet aux organisations de g\u00e9rer efficacement de gros volumes de donn\u00e9es, en particulier des donn\u00e9es historiques ou rarement consult\u00e9es, sans compromettre les performances du syst\u00e8me.","og_url":"https:\/\/archivehub.io\/fr\/implementation-de-sap-nls-avec-sap-iq\/","og_site_name":"ArchiveHub.io","article_publisher":"https:\/\/www.facebook.com\/people\/ArchiveHubio\/100091316926341\/","article_modified_time":"2023-04-10T20:51:39+00:00","og_image":[{"url":"https:\/\/archivehub.io\/wp-content\/uploads\/2023\/03\/nls_iq-1024x332.png","type":"","width":"","height":""}],"twitter_card":"summary_large_image","twitter_misc":{"Dur\u00e9e de lecture estim\u00e9e":"2 minutes"},"schema":{"@context":"https:\/\/schema.org","@graph":[{"@type":"WebPage","@id":"https:\/\/archivehub.io\/fr\/implementation-de-sap-nls-avec-sap-iq\/","url":"https:\/\/archivehub.io\/fr\/implementation-de-sap-nls-avec-sap-iq\/","name":"Impl\u00e9mentation de SAP NLS avec SAP IQ - ArchiveHub.io","isPartOf":{"@id":"https:\/\/archivehub.io\/fr\/#website"},"primaryImageOfPage":{"@id":"https:\/\/archivehub.io\/fr\/implementation-de-sap-nls-avec-sap-iq\/#primaryimage"},"image":{"@id":"https:\/\/archivehub.io\/fr\/implementation-de-sap-nls-avec-sap-iq\/#primaryimage"},"thumbnailUrl":"https:\/\/archivehub.io\/wp-content\/uploads\/2023\/03\/nls_iq-1024x332.png","datePublished":"2023-03-25T08:06:21+00:00","dateModified":"2023-04-10T20:51:39+00:00","description":"La mise en \u0153uvre de SAP NLS (Near-Line Storage) avec SAP IQ est une solution con\u00e7ue pour optimiser le stockage et la gestion des donn\u00e9es dans les syst\u00e8mes SAP en int\u00e9grant la base de donn\u00e9es SAP IQ, un magasin de donn\u00e9es en colonnes hautes performances, en tant que solution de stockage de proximit\u00e9. SAP NLS permet aux organisations de g\u00e9rer efficacement de gros volumes de donn\u00e9es, en particulier des donn\u00e9es historiques ou rarement consult\u00e9es, sans compromettre les performances du syst\u00e8me.","inLanguage":"fr-FR","potentialAction":[{"@type":"ReadAction","target":["https:\/\/archivehub.io\/fr\/implementation-de-sap-nls-avec-sap-iq\/"]}]},{"@type":"ImageObject","inLanguage":"fr-FR","@id":"https:\/\/archivehub.io\/fr\/implementation-de-sap-nls-avec-sap-iq\/#primaryimage","url":"https:\/\/archivehub.io\/wp-content\/uploads\/2023\/03\/nls_iq-1024x332.png","contentUrl":"https:\/\/archivehub.io\/wp-content\/uploads\/2023\/03\/nls_iq-1024x332.png"},{"@type":"WebSite","@id":"https:\/\/archivehub.io\/fr\/#website","url":"https:\/\/archivehub.io\/fr\/","name":"ArchiveHub.io","description":"SAP Archived Data Reporting Made Easy","publisher":{"@id":"https:\/\/archivehub.io\/fr\/#organization"},"potentialAction":[{"@type":"SearchAction","target":{"@type":"EntryPoint","urlTemplate":"https:\/\/archivehub.io\/fr\/?s={search_term_string}"},"query-input":{"@type":"PropertyValueSpecification","valueRequired":true,"valueName":"search_term_string"}}],"inLanguage":"fr-FR"},{"@type":"Organization","@id":"https:\/\/archivehub.io\/fr\/#organization","name":"ArchiveHub.io","url":"https:\/\/archivehub.io\/fr\/","logo":{"@type":"ImageObject","inLanguage":"fr-FR","@id":"https:\/\/archivehub.io\/fr\/#\/schema\/logo\/image\/","url":"https:\/\/archivehub.io\/wp-content\/uploads\/2023\/03\/350px.png","contentUrl":"https:\/\/archivehub.io\/wp-content\/uploads\/2023\/03\/350px.png","width":351,"height":77,"caption":"ArchiveHub.io"},"image":{"@id":"https:\/\/archivehub.io\/fr\/#\/schema\/logo\/image\/"},"sameAs":["https:\/\/www.facebook.com\/people\/ArchiveHubio\/100091316926341\/"]}]}},"_links":{"self":[{"href":"https:\/\/archivehub.io\/fr\/wp-json\/wp\/v2\/pages\/5515","targetHints":{"allow":["GET"]}}],"collection":[{"href":"https:\/\/archivehub.io\/fr\/wp-json\/wp\/v2\/pages"}],"about":[{"href":"https:\/\/archivehub.io\/fr\/wp-json\/wp\/v2\/types\/page"}],"author":[{"embeddable":true,"href":"https:\/\/archivehub.io\/fr\/wp-json\/wp\/v2\/users\/1"}],"replies":[{"embeddable":true,"href":"https:\/\/archivehub.io\/fr\/wp-json\/wp\/v2\/comments?post=5515"}],"version-history":[{"count":1,"href":"https:\/\/archivehub.io\/fr\/wp-json\/wp\/v2\/pages\/5515\/revisions"}],"predecessor-version":[{"id":5516,"href":"https:\/\/archivehub.io\/fr\/wp-json\/wp\/v2\/pages\/5515\/revisions\/5516"}],"wp:attachment":[{"href":"https:\/\/archivehub.io\/fr\/wp-json\/wp\/v2\/media?parent=5515"}],"curies":[{"name":"wp","href":"https:\/\/api.w.org\/{rel}","templated":true}]}}