{"id":5512,"date":"2023-03-25T09:42:35","date_gmt":"2023-03-25T09:42:35","guid":{"rendered":"https:\/\/archivehub.io\/implementation-sap-ilm-rw\/"},"modified":"2023-04-10T20:45:48","modified_gmt":"2023-04-10T20:45:48","slug":"implementation-sap-ilm-rw","status":"publish","type":"page","link":"https:\/\/archivehub.io\/fr\/implementation-sap-ilm-rw\/","title":{"rendered":"Impl\u00e9mentation SAP ILM RW"},"content":{"rendered":"\t\t<div data-elementor-type=\"wp-page\" data-elementor-id=\"5512\" class=\"elementor elementor-5512 elementor-2709\">\n\t\t\t\t\t\t<section class=\"elementor-section elementor-top-section elementor-element elementor-element-e5f0b0a elementor-section-boxed elementor-section-height-default elementor-section-height-default\" data-id=\"e5f0b0a\" data-element_type=\"section\">\n\t\t\t\t\t\t<div class=\"elementor-container elementor-column-gap-default\">\n\t\t\t\t\t<div class=\"elementor-column elementor-col-100 elementor-top-column elementor-element elementor-element-c36fd3e\" data-id=\"c36fd3e\" data-element_type=\"column\">\n\t\t\t<div class=\"elementor-widget-wrap elementor-element-populated\">\n\t\t\t\t\t\t<div class=\"elementor-element elementor-element-3233729 elementor-widget elementor-widget-image\" data-id=\"3233729\" data-element_type=\"widget\" data-widget_type=\"image.default\">\n\t\t\t\t<div class=\"elementor-widget-container\">\n\t\t\t\t\t\t\t\t\t\t\t\t\t\t\t<img fetchpriority=\"high\" decoding=\"async\" width=\"940\" height=\"305\" src=\"https:\/\/archivehub.io\/wp-content\/uploads\/2023\/03\/sap_ilm_rw-1024x332.png\" class=\"attachment-large size-large wp-image-5390\" alt=\"\" srcset=\"https:\/\/archivehub.io\/wp-content\/uploads\/2023\/03\/sap_ilm_rw-1024x332.png 1024w, https:\/\/archivehub.io\/wp-content\/uploads\/2023\/03\/sap_ilm_rw-300x97.png 300w, https:\/\/archivehub.io\/wp-content\/uploads\/2023\/03\/sap_ilm_rw-768x249.png 768w, https:\/\/archivehub.io\/wp-content\/uploads\/2023\/03\/sap_ilm_rw.png 1080w\" sizes=\"(max-width: 940px) 100vw, 940px\" \/>\t\t\t\t\t\t\t\t\t\t\t\t\t\t\t<\/div>\n\t\t\t\t<\/div>\n\t\t\t\t\t<\/div>\n\t\t<\/div>\n\t\t\t\t\t<\/div>\n\t\t<\/section>\n\t\t\t\t<section class=\"elementor-section elementor-top-section elementor-element elementor-element-3bd5e00 elementor-section-boxed elementor-section-height-default elementor-section-height-default\" data-id=\"3bd5e00\" data-element_type=\"section\">\n\t\t\t\t\t\t<div class=\"elementor-container elementor-column-gap-default\">\n\t\t\t\t\t<div class=\"elementor-column elementor-col-100 elementor-top-column elementor-element elementor-element-d768b79\" data-id=\"d768b79\" data-element_type=\"column\">\n\t\t\t<div class=\"elementor-widget-wrap elementor-element-populated\">\n\t\t\t\t\t\t<div class=\"elementor-element elementor-element-6c14d03 elementor-widget elementor-widget-text-editor\" data-id=\"6c14d03\" data-element_type=\"widget\" data-widget_type=\"text-editor.default\">\n\t\t\t\t<div class=\"elementor-widget-container\">\n\t\t\t\t\t\t\t\t\t<p><span class=\"S1PPyQ\">L&#8217;entrep\u00f4t de r\u00e9tention se concentre sp\u00e9cifiquement sur le stockage, la conservation et l&#8217;acc\u00e8s aux donn\u00e9es archiv\u00e9es qui doivent \u00eatre pr\u00e9serv\u00e9es pour des raisons l\u00e9gales, r\u00e9glementaires ou commerciales tout en garantissant qu&#8217;elles restent s\u00e9curis\u00e9es, accessibles et tra\u00e7ables. Ce composant aide les organisations \u00e0 r\u00e9duire leur empreinte de donn\u00e9es, \u00e0 minimiser les co\u00fbts de stockage et \u00e0 maintenir la conformit\u00e9 avec les politiques de protection et de conservation des donn\u00e9es.<\/span><\/p>\n<\/p>\n<p>En utilisant l&#8217;entrep\u00f4t de r\u00e9tention ILM, les organisations peuvent d\u00e9finir des r\u00e8gles et des politiques de r\u00e9tention pour les donn\u00e9es archiv\u00e9es, automatiser le processus d&#8217;archivage, suivre et g\u00e9rer l&#8217;acc\u00e8s aux donn\u00e9es archiv\u00e9es, et \u00e9ventuellement supprimer les donn\u00e9es une fois la p\u00e9riode de r\u00e9tention expir\u00e9e et toutes les exigences l\u00e9gales et r\u00e9glementaires respect\u00e9es. \u00e9t\u00e9 rencontr\u00e9. Cela aide les organisations \u00e0 maintenir un processus de gestion des donn\u00e9es rationalis\u00e9 et conforme au sein de leur environnement SAP.<\/p>\n<p>ArchiveHub est connu pour ses principaux partenaires de mise en \u0153uvre de SAP ILM RW dans les d\u00e9lais de projet les plus courts et offre un reporting Fiori automatis\u00e9 des donn\u00e9es ILM RW.<\/p>\n\t\t\t\t\t\t\t\t<\/div>\n\t\t\t\t<\/div>\n\t\t\t\t\t<\/div>\n\t\t<\/div>\n\t\t\t\t\t<\/div>\n\t\t<\/section>\n\t\t\t\t<\/div>\n\t\t","protected":false},"excerpt":{"rendered":"<p>L&#8217;entrep\u00f4t de r\u00e9tention se concentre sp\u00e9cifiquement sur le stockage, la conservation et l&#8217;acc\u00e8s aux donn\u00e9es archiv\u00e9es qui doivent \u00eatre pr\u00e9serv\u00e9es pour des raisons l\u00e9gales, r\u00e9glementaires ou commerciales tout en garantissant qu&#8217;elles restent s\u00e9curis\u00e9es, accessibles et tra\u00e7ables. Ce composant aide les organisations \u00e0 r\u00e9duire leur empreinte de donn\u00e9es, \u00e0 minimiser les co\u00fbts de stockage et \u00e0 [&hellip;]<\/p>\n","protected":false},"author":1,"featured_media":0,"parent":0,"menu_order":0,"comment_status":"closed","ping_status":"closed","template":"","meta":{"om_disable_all_campaigns":false,"_monsterinsights_skip_tracking":false,"_monsterinsights_sitenote_active":false,"_monsterinsights_sitenote_note":"","_monsterinsights_sitenote_category":0,"footnotes":""},"class_list":["post-5512","page","type-page","status-publish","hentry"],"aioseo_notices":[],"yoast_head":"<!-- This site is optimized with the Yoast SEO plugin v25.0 - https:\/\/yoast.com\/wordpress\/plugins\/seo\/ -->\n<title>Impl\u00e9mentation SAP ILM RW - ArchiveHub.io<\/title>\n<meta name=\"description\" content=\"SAP ILM (Information Lifecycle Management) Retention Warehouse est un composant de la solution ILM de SAP qui permet aux organisations de g\u00e9rer l&#039;int\u00e9gralit\u00e9 du cycle de vie de leurs donn\u00e9es, de la cr\u00e9ation \u00e0 la conservation et \u00e0 la suppression \u00e9ventuelle, dans le respect des exigences l\u00e9gales et r\u00e9glementaires.\" \/>\n<meta name=\"robots\" content=\"index, follow, max-snippet:-1, max-image-preview:large, max-video-preview:-1\" \/>\n<link rel=\"canonical\" href=\"https:\/\/archivehub.io\/fr\/implementation-sap-ilm-rw\/\" \/>\n<meta property=\"og:locale\" content=\"fr_FR\" \/>\n<meta property=\"og:type\" content=\"article\" \/>\n<meta property=\"og:title\" content=\"Impl\u00e9mentation SAP ILM RW - ArchiveHub.io\" \/>\n<meta property=\"og:description\" content=\"SAP ILM (Information Lifecycle Management) Retention Warehouse est un composant de la solution ILM de SAP qui permet aux organisations de g\u00e9rer l&#039;int\u00e9gralit\u00e9 du cycle de vie de leurs donn\u00e9es, de la cr\u00e9ation \u00e0 la conservation et \u00e0 la suppression \u00e9ventuelle, dans le respect des exigences l\u00e9gales et r\u00e9glementaires.\" \/>\n<meta property=\"og:url\" content=\"https:\/\/archivehub.io\/fr\/implementation-sap-ilm-rw\/\" \/>\n<meta property=\"og:site_name\" content=\"ArchiveHub.io\" \/>\n<meta property=\"article:publisher\" content=\"https:\/\/www.facebook.com\/people\/ArchiveHubio\/100091316926341\/\" \/>\n<meta property=\"article:modified_time\" content=\"2023-04-10T20:45:48+00:00\" \/>\n<meta property=\"og:image\" content=\"https:\/\/archivehub.io\/wp-content\/uploads\/2023\/03\/sap_ilm_rw-1024x332.png\" \/>\n<meta name=\"twitter:card\" content=\"summary_large_image\" \/>\n<meta name=\"twitter:label1\" content=\"Dur\u00e9e de lecture estim\u00e9e\" \/>\n\t<meta name=\"twitter:data1\" content=\"1 minute\" \/>\n<script type=\"application\/ld+json\" class=\"yoast-schema-graph\">{\"@context\":\"https:\/\/schema.org\",\"@graph\":[{\"@type\":\"WebPage\",\"@id\":\"https:\/\/archivehub.io\/fr\/implementation-sap-ilm-rw\/\",\"url\":\"https:\/\/archivehub.io\/fr\/implementation-sap-ilm-rw\/\",\"name\":\"Impl\u00e9mentation SAP ILM RW - ArchiveHub.io\",\"isPartOf\":{\"@id\":\"https:\/\/archivehub.io\/fr\/#website\"},\"primaryImageOfPage\":{\"@id\":\"https:\/\/archivehub.io\/fr\/implementation-sap-ilm-rw\/#primaryimage\"},\"image\":{\"@id\":\"https:\/\/archivehub.io\/fr\/implementation-sap-ilm-rw\/#primaryimage\"},\"thumbnailUrl\":\"https:\/\/archivehub.io\/wp-content\/uploads\/2023\/03\/sap_ilm_rw-1024x332.png\",\"datePublished\":\"2023-03-25T09:42:35+00:00\",\"dateModified\":\"2023-04-10T20:45:48+00:00\",\"description\":\"SAP ILM (Information Lifecycle Management) Retention Warehouse est un composant de la solution ILM de SAP qui permet aux organisations de g\u00e9rer l'int\u00e9gralit\u00e9 du cycle de vie de leurs donn\u00e9es, de la cr\u00e9ation \u00e0 la conservation et \u00e0 la suppression \u00e9ventuelle, dans le respect des exigences l\u00e9gales et r\u00e9glementaires.\",\"inLanguage\":\"fr-FR\",\"potentialAction\":[{\"@type\":\"ReadAction\",\"target\":[\"https:\/\/archivehub.io\/fr\/implementation-sap-ilm-rw\/\"]}]},{\"@type\":\"ImageObject\",\"inLanguage\":\"fr-FR\",\"@id\":\"https:\/\/archivehub.io\/fr\/implementation-sap-ilm-rw\/#primaryimage\",\"url\":\"https:\/\/archivehub.io\/wp-content\/uploads\/2023\/03\/sap_ilm_rw-1024x332.png\",\"contentUrl\":\"https:\/\/archivehub.io\/wp-content\/uploads\/2023\/03\/sap_ilm_rw-1024x332.png\"},{\"@type\":\"WebSite\",\"@id\":\"https:\/\/archivehub.io\/fr\/#website\",\"url\":\"https:\/\/archivehub.io\/fr\/\",\"name\":\"ArchiveHub.io\",\"description\":\"SAP Archived Data Reporting Made Easy\",\"publisher\":{\"@id\":\"https:\/\/archivehub.io\/fr\/#organization\"},\"potentialAction\":[{\"@type\":\"SearchAction\",\"target\":{\"@type\":\"EntryPoint\",\"urlTemplate\":\"https:\/\/archivehub.io\/fr\/?s={search_term_string}\"},\"query-input\":{\"@type\":\"PropertyValueSpecification\",\"valueRequired\":true,\"valueName\":\"search_term_string\"}}],\"inLanguage\":\"fr-FR\"},{\"@type\":\"Organization\",\"@id\":\"https:\/\/archivehub.io\/fr\/#organization\",\"name\":\"ArchiveHub.io\",\"url\":\"https:\/\/archivehub.io\/fr\/\",\"logo\":{\"@type\":\"ImageObject\",\"inLanguage\":\"fr-FR\",\"@id\":\"https:\/\/archivehub.io\/fr\/#\/schema\/logo\/image\/\",\"url\":\"https:\/\/archivehub.io\/wp-content\/uploads\/2023\/03\/350px.png\",\"contentUrl\":\"https:\/\/archivehub.io\/wp-content\/uploads\/2023\/03\/350px.png\",\"width\":351,\"height\":77,\"caption\":\"ArchiveHub.io\"},\"image\":{\"@id\":\"https:\/\/archivehub.io\/fr\/#\/schema\/logo\/image\/\"},\"sameAs\":[\"https:\/\/www.facebook.com\/people\/ArchiveHubio\/100091316926341\/\"]}]}<\/script>\n<!-- \/ Yoast SEO plugin. -->","yoast_head_json":{"title":"Impl\u00e9mentation SAP ILM RW - ArchiveHub.io","description":"SAP ILM (Information Lifecycle Management) Retention Warehouse est un composant de la solution ILM de SAP qui permet aux organisations de g\u00e9rer l'int\u00e9gralit\u00e9 du cycle de vie de leurs donn\u00e9es, de la cr\u00e9ation \u00e0 la conservation et \u00e0 la suppression \u00e9ventuelle, dans le respect des exigences l\u00e9gales et r\u00e9glementaires.","robots":{"index":"index","follow":"follow","max-snippet":"max-snippet:-1","max-image-preview":"max-image-preview:large","max-video-preview":"max-video-preview:-1"},"canonical":"https:\/\/archivehub.io\/fr\/implementation-sap-ilm-rw\/","og_locale":"fr_FR","og_type":"article","og_title":"Impl\u00e9mentation SAP ILM RW - ArchiveHub.io","og_description":"SAP ILM (Information Lifecycle Management) Retention Warehouse est un composant de la solution ILM de SAP qui permet aux organisations de g\u00e9rer l'int\u00e9gralit\u00e9 du cycle de vie de leurs donn\u00e9es, de la cr\u00e9ation \u00e0 la conservation et \u00e0 la suppression \u00e9ventuelle, dans le respect des exigences l\u00e9gales et r\u00e9glementaires.","og_url":"https:\/\/archivehub.io\/fr\/implementation-sap-ilm-rw\/","og_site_name":"ArchiveHub.io","article_publisher":"https:\/\/www.facebook.com\/people\/ArchiveHubio\/100091316926341\/","article_modified_time":"2023-04-10T20:45:48+00:00","og_image":[{"url":"https:\/\/archivehub.io\/wp-content\/uploads\/2023\/03\/sap_ilm_rw-1024x332.png","type":"","width":"","height":""}],"twitter_card":"summary_large_image","twitter_misc":{"Dur\u00e9e de lecture estim\u00e9e":"1 minute"},"schema":{"@context":"https:\/\/schema.org","@graph":[{"@type":"WebPage","@id":"https:\/\/archivehub.io\/fr\/implementation-sap-ilm-rw\/","url":"https:\/\/archivehub.io\/fr\/implementation-sap-ilm-rw\/","name":"Impl\u00e9mentation SAP ILM RW - ArchiveHub.io","isPartOf":{"@id":"https:\/\/archivehub.io\/fr\/#website"},"primaryImageOfPage":{"@id":"https:\/\/archivehub.io\/fr\/implementation-sap-ilm-rw\/#primaryimage"},"image":{"@id":"https:\/\/archivehub.io\/fr\/implementation-sap-ilm-rw\/#primaryimage"},"thumbnailUrl":"https:\/\/archivehub.io\/wp-content\/uploads\/2023\/03\/sap_ilm_rw-1024x332.png","datePublished":"2023-03-25T09:42:35+00:00","dateModified":"2023-04-10T20:45:48+00:00","description":"SAP ILM (Information Lifecycle Management) Retention Warehouse est un composant de la solution ILM de SAP qui permet aux organisations de g\u00e9rer l'int\u00e9gralit\u00e9 du cycle de vie de leurs donn\u00e9es, de la cr\u00e9ation \u00e0 la conservation et \u00e0 la suppression \u00e9ventuelle, dans le respect des exigences l\u00e9gales et r\u00e9glementaires.","inLanguage":"fr-FR","potentialAction":[{"@type":"ReadAction","target":["https:\/\/archivehub.io\/fr\/implementation-sap-ilm-rw\/"]}]},{"@type":"ImageObject","inLanguage":"fr-FR","@id":"https:\/\/archivehub.io\/fr\/implementation-sap-ilm-rw\/#primaryimage","url":"https:\/\/archivehub.io\/wp-content\/uploads\/2023\/03\/sap_ilm_rw-1024x332.png","contentUrl":"https:\/\/archivehub.io\/wp-content\/uploads\/2023\/03\/sap_ilm_rw-1024x332.png"},{"@type":"WebSite","@id":"https:\/\/archivehub.io\/fr\/#website","url":"https:\/\/archivehub.io\/fr\/","name":"ArchiveHub.io","description":"SAP Archived Data Reporting Made Easy","publisher":{"@id":"https:\/\/archivehub.io\/fr\/#organization"},"potentialAction":[{"@type":"SearchAction","target":{"@type":"EntryPoint","urlTemplate":"https:\/\/archivehub.io\/fr\/?s={search_term_string}"},"query-input":{"@type":"PropertyValueSpecification","valueRequired":true,"valueName":"search_term_string"}}],"inLanguage":"fr-FR"},{"@type":"Organization","@id":"https:\/\/archivehub.io\/fr\/#organization","name":"ArchiveHub.io","url":"https:\/\/archivehub.io\/fr\/","logo":{"@type":"ImageObject","inLanguage":"fr-FR","@id":"https:\/\/archivehub.io\/fr\/#\/schema\/logo\/image\/","url":"https:\/\/archivehub.io\/wp-content\/uploads\/2023\/03\/350px.png","contentUrl":"https:\/\/archivehub.io\/wp-content\/uploads\/2023\/03\/350px.png","width":351,"height":77,"caption":"ArchiveHub.io"},"image":{"@id":"https:\/\/archivehub.io\/fr\/#\/schema\/logo\/image\/"},"sameAs":["https:\/\/www.facebook.com\/people\/ArchiveHubio\/100091316926341\/"]}]}},"_links":{"self":[{"href":"https:\/\/archivehub.io\/fr\/wp-json\/wp\/v2\/pages\/5512","targetHints":{"allow":["GET"]}}],"collection":[{"href":"https:\/\/archivehub.io\/fr\/wp-json\/wp\/v2\/pages"}],"about":[{"href":"https:\/\/archivehub.io\/fr\/wp-json\/wp\/v2\/types\/page"}],"author":[{"embeddable":true,"href":"https:\/\/archivehub.io\/fr\/wp-json\/wp\/v2\/users\/1"}],"replies":[{"embeddable":true,"href":"https:\/\/archivehub.io\/fr\/wp-json\/wp\/v2\/comments?post=5512"}],"version-history":[{"count":1,"href":"https:\/\/archivehub.io\/fr\/wp-json\/wp\/v2\/pages\/5512\/revisions"}],"predecessor-version":[{"id":5513,"href":"https:\/\/archivehub.io\/fr\/wp-json\/wp\/v2\/pages\/5512\/revisions\/5513"}],"wp:attachment":[{"href":"https:\/\/archivehub.io\/fr\/wp-json\/wp\/v2\/media?parent=5512"}],"curies":[{"name":"wp","href":"https:\/\/api.w.org\/{rel}","templated":true}]}}