{"id":5510,"date":"2023-03-25T08:07:17","date_gmt":"2023-03-25T08:07:17","guid":{"rendered":"https:\/\/archivehub.io\/gestion-des-volumes-de-donnees-sap\/"},"modified":"2023-04-10T20:43:02","modified_gmt":"2023-04-10T20:43:02","slug":"gestion-des-volumes-de-donnees-sap","status":"publish","type":"page","link":"https:\/\/archivehub.io\/fr\/gestion-des-volumes-de-donnees-sap\/","title":{"rendered":"Gestion des volumes de donn\u00e9es SAP"},"content":{"rendered":"\t\t<div data-elementor-type=\"wp-page\" data-elementor-id=\"5510\" class=\"elementor elementor-5510 elementor-2639\">\n\t\t\t\t\t\t<section class=\"elementor-section elementor-top-section elementor-element elementor-element-36d137d elementor-section-boxed elementor-section-height-default elementor-section-height-default\" data-id=\"36d137d\" data-element_type=\"section\">\n\t\t\t\t\t\t<div class=\"elementor-container elementor-column-gap-default\">\n\t\t\t\t\t<div class=\"elementor-column elementor-col-100 elementor-top-column elementor-element elementor-element-edc0a23\" data-id=\"edc0a23\" data-element_type=\"column\">\n\t\t\t<div class=\"elementor-widget-wrap elementor-element-populated\">\n\t\t\t\t\t\t<div class=\"elementor-element elementor-element-f230a0a elementor-widget elementor-widget-image\" data-id=\"f230a0a\" data-element_type=\"widget\" data-widget_type=\"image.default\">\n\t\t\t\t<div class=\"elementor-widget-container\">\n\t\t\t\t\t\t\t\t\t\t\t\t\t\t\t<img fetchpriority=\"high\" decoding=\"async\" width=\"940\" height=\"305\" src=\"https:\/\/archivehub.io\/wp-content\/uploads\/2023\/03\/sap_dvm1-1024x332.png\" class=\"attachment-large size-large wp-image-5389\" alt=\"\" srcset=\"https:\/\/archivehub.io\/wp-content\/uploads\/2023\/03\/sap_dvm1-1024x332.png 1024w, https:\/\/archivehub.io\/wp-content\/uploads\/2023\/03\/sap_dvm1-300x97.png 300w, https:\/\/archivehub.io\/wp-content\/uploads\/2023\/03\/sap_dvm1-768x249.png 768w, https:\/\/archivehub.io\/wp-content\/uploads\/2023\/03\/sap_dvm1.png 1080w\" sizes=\"(max-width: 940px) 100vw, 940px\" \/>\t\t\t\t\t\t\t\t\t\t\t\t\t\t\t<\/div>\n\t\t\t\t<\/div>\n\t\t\t\t\t<\/div>\n\t\t<\/div>\n\t\t\t\t\t<\/div>\n\t\t<\/section>\n\t\t\t\t<section class=\"elementor-section elementor-top-section elementor-element elementor-element-0671fa7 elementor-section-boxed elementor-section-height-default elementor-section-height-default\" data-id=\"0671fa7\" data-element_type=\"section\">\n\t\t\t\t\t\t<div class=\"elementor-container elementor-column-gap-default\">\n\t\t\t\t\t<div class=\"elementor-column elementor-col-100 elementor-top-column elementor-element elementor-element-7ee5245\" data-id=\"7ee5245\" data-element_type=\"column\">\n\t\t\t<div class=\"elementor-widget-wrap elementor-element-populated\">\n\t\t\t\t\t\t<div class=\"elementor-element elementor-element-4dc5d6f elementor-widget elementor-widget-text-editor\" data-id=\"4dc5d6f\" data-element_type=\"widget\" data-widget_type=\"text-editor.default\">\n\t\t\t\t<div class=\"elementor-widget-container\">\n\t\t\t\t\t\t\t\t\t<strong>Les composants cl\u00e9s de SAP Data Volume Management incluent :<\/strong>\n<ul>\n \t<li><strong>Analyse et surveillance des donn\u00e9es :<\/strong> examen r\u00e9gulier du volume de donn\u00e9es et des tendances de croissance dans le syst\u00e8me SAP pour identifier les domaines \u00e0 optimiser, tels que l&#8217;archivage, la suppression ou la compression des donn\u00e9es.<\/li>\n \t<br><li><strong>Archivage des donn\u00e9es :<\/strong> mise en \u0153uvre de strat\u00e9gies d&#8217;archivage pour d\u00e9placer les donn\u00e9es historiques ou rarement consult\u00e9es vers des syst\u00e8mes de stockage proches ou hors ligne, tout en maintenant l&#8217;accessibilit\u00e9 \u00e0 des fins de reporting ou d&#8217;audit.<\/li>\n \t<br><li><strong>Compression des donn\u00e9es :<\/strong> appliquer des techniques de compression pour r\u00e9duire la taille des donn\u00e9es stock\u00e9es, optimiser l&#8217;utilisation du stockage et am\u00e9liorer les performances du syst\u00e8me.<\/li>\n \t<br><li><strong>Suppression des donn\u00e9es :<\/strong> identifier et supprimer en toute s\u00e9curit\u00e9 les donn\u00e9es qui ne sont plus n\u00e9cessaires ou qui ont d\u00e9pass\u00e9 leur dur\u00e9e de conservation, conform\u00e9ment aux exigences l\u00e9gales et r\u00e9glementaires.<\/li>\n \t<br><li><strong>Gestion de la conservation des donn\u00e9es :<\/strong> \u00c9tablir et appliquer des politiques de conservation des donn\u00e9es pour garantir que les donn\u00e9es ne sont stock\u00e9es que le temps n\u00e9cessaire et conform\u00e9ment aux exigences l\u00e9gales, r\u00e9glementaires et commerciales.<\/li>\n \t<br><li><strong>Optimisation du stockage des donn\u00e9es :<\/strong> mise en \u0153uvre de solutions de stockage efficaces, telles que le stockage hi\u00e9rarchis\u00e9 ou la d\u00e9duplication des donn\u00e9es, pour optimiser l&#8217;utilisation du stockage et r\u00e9duire les co\u00fbts.<\/li>\n \t<br><li><strong>Optimisation des processus :<\/strong> examen et optimisation des processus et des configurations SAP pour minimiser la cr\u00e9ation et la croissance des donn\u00e9es, telles que la r\u00e9duction de la redondance des donn\u00e9es et l&#8217;optimisation des processus de chargement des donn\u00e9es.<\/li>\n \t<br><li><strong>Rapports r\u00e9guliers :<\/strong> Fournir des rapports r\u00e9guliers sur le volume de donn\u00e9es, les tendances de croissance et les efforts d&#8217;optimisation pour soutenir une prise de d\u00e9cision \u00e9clair\u00e9e et une am\u00e9lioration continue.<\/li>\n<\/ul>\nLa mise en \u0153uvre d&#8217;une strat\u00e9gie efficace de gestion des volumes de donn\u00e9es SAP n\u00e9cessite une combinaison d&#8217;expertise technique, de connaissances commerciales et d&#8217;une compr\u00e9hension approfondie des syst\u00e8mes SAP. Il s&#8217;agit d&#8217;un processus continu qui implique une surveillance, une analyse et des ajustements r\u00e9guliers pour garantir des performances optimales du syst\u00e8me, une rentabilit\u00e9 et une conformit\u00e9 aux exigences de conservation des donn\u00e9es. ArchiveHub est votre partenaire strat\u00e9gique pour vous aider avec SAP DVM.\t\t\t\t\t\t\t\t<\/div>\n\t\t\t\t<\/div>\n\t\t\t\t\t<\/div>\n\t\t<\/div>\n\t\t\t\t\t<\/div>\n\t\t<\/section>\n\t\t\t\t<\/div>\n\t\t","protected":false},"excerpt":{"rendered":"<p>Les composants cl\u00e9s de SAP Data Volume Management incluent : Analyse et surveillance des donn\u00e9es : examen r\u00e9gulier du volume de donn\u00e9es et des tendances de croissance dans le syst\u00e8me SAP pour identifier les domaines \u00e0 optimiser, tels que l&#8217;archivage, la suppression ou la compression des donn\u00e9es. Archivage des donn\u00e9es : mise en \u0153uvre de [&hellip;]<\/p>\n","protected":false},"author":1,"featured_media":0,"parent":0,"menu_order":0,"comment_status":"closed","ping_status":"closed","template":"","meta":{"om_disable_all_campaigns":false,"_monsterinsights_skip_tracking":false,"_monsterinsights_sitenote_active":false,"_monsterinsights_sitenote_note":"","_monsterinsights_sitenote_category":0,"footnotes":""},"class_list":["post-5510","page","type-page","status-publish","hentry"],"aioseo_notices":[],"yoast_head":"<!-- This site is optimized with the Yoast SEO plugin v25.0 - https:\/\/yoast.com\/wordpress\/plugins\/seo\/ -->\n<title>Gestion des volumes de donn\u00e9es SAP - ArchiveHub.io<\/title>\n<meta name=\"description\" content=\"SAP Data Volume Management (DVM) est une approche compl\u00e8te de gestion de la croissance et du stockage des donn\u00e9es dans un environnement SAP. Cela implique de surveiller, d&#039;analyser et d&#039;optimiser l&#039;empreinte des donn\u00e9es dans les syst\u00e8mes SAP pour am\u00e9liorer les performances, r\u00e9duire les co\u00fbts de stockage et garantir la conformit\u00e9 avec les politiques de conservation des donn\u00e9es. L&#039;objectif de DVM est de trouver un \u00e9quilibre entre le besoin d&#039;accessibilit\u00e9 des donn\u00e9es et l&#039;utilisation efficace des ressources.\" \/>\n<meta name=\"robots\" content=\"index, follow, max-snippet:-1, max-image-preview:large, max-video-preview:-1\" \/>\n<link rel=\"canonical\" href=\"https:\/\/archivehub.io\/fr\/gestion-des-volumes-de-donnees-sap\/\" \/>\n<meta property=\"og:locale\" content=\"fr_FR\" \/>\n<meta property=\"og:type\" content=\"article\" \/>\n<meta property=\"og:title\" content=\"Gestion des volumes de donn\u00e9es SAP - ArchiveHub.io\" \/>\n<meta property=\"og:description\" content=\"SAP Data Volume Management (DVM) est une approche compl\u00e8te de gestion de la croissance et du stockage des donn\u00e9es dans un environnement SAP. Cela implique de surveiller, d&#039;analyser et d&#039;optimiser l&#039;empreinte des donn\u00e9es dans les syst\u00e8mes SAP pour am\u00e9liorer les performances, r\u00e9duire les co\u00fbts de stockage et garantir la conformit\u00e9 avec les politiques de conservation des donn\u00e9es. L&#039;objectif de DVM est de trouver un \u00e9quilibre entre le besoin d&#039;accessibilit\u00e9 des donn\u00e9es et l&#039;utilisation efficace des ressources.\" \/>\n<meta property=\"og:url\" content=\"https:\/\/archivehub.io\/fr\/gestion-des-volumes-de-donnees-sap\/\" \/>\n<meta property=\"og:site_name\" content=\"ArchiveHub.io\" \/>\n<meta property=\"article:publisher\" content=\"https:\/\/www.facebook.com\/people\/ArchiveHubio\/100091316926341\/\" \/>\n<meta property=\"article:modified_time\" content=\"2023-04-10T20:43:02+00:00\" \/>\n<meta property=\"og:image\" content=\"https:\/\/archivehub.io\/wp-content\/uploads\/2023\/03\/sap_dvm1-1024x332.png\" \/>\n<meta name=\"twitter:card\" content=\"summary_large_image\" \/>\n<meta name=\"twitter:label1\" content=\"Dur\u00e9e de lecture estim\u00e9e\" \/>\n\t<meta name=\"twitter:data1\" content=\"2 minutes\" \/>\n<script type=\"application\/ld+json\" class=\"yoast-schema-graph\">{\"@context\":\"https:\/\/schema.org\",\"@graph\":[{\"@type\":\"WebPage\",\"@id\":\"https:\/\/archivehub.io\/fr\/gestion-des-volumes-de-donnees-sap\/\",\"url\":\"https:\/\/archivehub.io\/fr\/gestion-des-volumes-de-donnees-sap\/\",\"name\":\"Gestion des volumes de donn\u00e9es SAP - ArchiveHub.io\",\"isPartOf\":{\"@id\":\"https:\/\/archivehub.io\/fr\/#website\"},\"primaryImageOfPage\":{\"@id\":\"https:\/\/archivehub.io\/fr\/gestion-des-volumes-de-donnees-sap\/#primaryimage\"},\"image\":{\"@id\":\"https:\/\/archivehub.io\/fr\/gestion-des-volumes-de-donnees-sap\/#primaryimage\"},\"thumbnailUrl\":\"https:\/\/archivehub.io\/wp-content\/uploads\/2023\/03\/sap_dvm1-1024x332.png\",\"datePublished\":\"2023-03-25T08:07:17+00:00\",\"dateModified\":\"2023-04-10T20:43:02+00:00\",\"description\":\"SAP Data Volume Management (DVM) est une approche compl\u00e8te de gestion de la croissance et du stockage des donn\u00e9es dans un environnement SAP. Cela implique de surveiller, d'analyser et d'optimiser l'empreinte des donn\u00e9es dans les syst\u00e8mes SAP pour am\u00e9liorer les performances, r\u00e9duire les co\u00fbts de stockage et garantir la conformit\u00e9 avec les politiques de conservation des donn\u00e9es. L'objectif de DVM est de trouver un \u00e9quilibre entre le besoin d'accessibilit\u00e9 des donn\u00e9es et l'utilisation efficace des ressources.\",\"inLanguage\":\"fr-FR\",\"potentialAction\":[{\"@type\":\"ReadAction\",\"target\":[\"https:\/\/archivehub.io\/fr\/gestion-des-volumes-de-donnees-sap\/\"]}]},{\"@type\":\"ImageObject\",\"inLanguage\":\"fr-FR\",\"@id\":\"https:\/\/archivehub.io\/fr\/gestion-des-volumes-de-donnees-sap\/#primaryimage\",\"url\":\"https:\/\/archivehub.io\/wp-content\/uploads\/2023\/03\/sap_dvm1-1024x332.png\",\"contentUrl\":\"https:\/\/archivehub.io\/wp-content\/uploads\/2023\/03\/sap_dvm1-1024x332.png\"},{\"@type\":\"WebSite\",\"@id\":\"https:\/\/archivehub.io\/fr\/#website\",\"url\":\"https:\/\/archivehub.io\/fr\/\",\"name\":\"ArchiveHub.io\",\"description\":\"SAP Archived Data Reporting Made Easy\",\"publisher\":{\"@id\":\"https:\/\/archivehub.io\/fr\/#organization\"},\"potentialAction\":[{\"@type\":\"SearchAction\",\"target\":{\"@type\":\"EntryPoint\",\"urlTemplate\":\"https:\/\/archivehub.io\/fr\/?s={search_term_string}\"},\"query-input\":{\"@type\":\"PropertyValueSpecification\",\"valueRequired\":true,\"valueName\":\"search_term_string\"}}],\"inLanguage\":\"fr-FR\"},{\"@type\":\"Organization\",\"@id\":\"https:\/\/archivehub.io\/fr\/#organization\",\"name\":\"ArchiveHub.io\",\"url\":\"https:\/\/archivehub.io\/fr\/\",\"logo\":{\"@type\":\"ImageObject\",\"inLanguage\":\"fr-FR\",\"@id\":\"https:\/\/archivehub.io\/fr\/#\/schema\/logo\/image\/\",\"url\":\"https:\/\/archivehub.io\/wp-content\/uploads\/2023\/03\/350px.png\",\"contentUrl\":\"https:\/\/archivehub.io\/wp-content\/uploads\/2023\/03\/350px.png\",\"width\":351,\"height\":77,\"caption\":\"ArchiveHub.io\"},\"image\":{\"@id\":\"https:\/\/archivehub.io\/fr\/#\/schema\/logo\/image\/\"},\"sameAs\":[\"https:\/\/www.facebook.com\/people\/ArchiveHubio\/100091316926341\/\"]}]}<\/script>\n<!-- \/ Yoast SEO plugin. -->","yoast_head_json":{"title":"Gestion des volumes de donn\u00e9es SAP - ArchiveHub.io","description":"SAP Data Volume Management (DVM) est une approche compl\u00e8te de gestion de la croissance et du stockage des donn\u00e9es dans un environnement SAP. Cela implique de surveiller, d'analyser et d'optimiser l'empreinte des donn\u00e9es dans les syst\u00e8mes SAP pour am\u00e9liorer les performances, r\u00e9duire les co\u00fbts de stockage et garantir la conformit\u00e9 avec les politiques de conservation des donn\u00e9es. L'objectif de DVM est de trouver un \u00e9quilibre entre le besoin d'accessibilit\u00e9 des donn\u00e9es et l'utilisation efficace des ressources.","robots":{"index":"index","follow":"follow","max-snippet":"max-snippet:-1","max-image-preview":"max-image-preview:large","max-video-preview":"max-video-preview:-1"},"canonical":"https:\/\/archivehub.io\/fr\/gestion-des-volumes-de-donnees-sap\/","og_locale":"fr_FR","og_type":"article","og_title":"Gestion des volumes de donn\u00e9es SAP - ArchiveHub.io","og_description":"SAP Data Volume Management (DVM) est une approche compl\u00e8te de gestion de la croissance et du stockage des donn\u00e9es dans un environnement SAP. Cela implique de surveiller, d'analyser et d'optimiser l'empreinte des donn\u00e9es dans les syst\u00e8mes SAP pour am\u00e9liorer les performances, r\u00e9duire les co\u00fbts de stockage et garantir la conformit\u00e9 avec les politiques de conservation des donn\u00e9es. L'objectif de DVM est de trouver un \u00e9quilibre entre le besoin d'accessibilit\u00e9 des donn\u00e9es et l'utilisation efficace des ressources.","og_url":"https:\/\/archivehub.io\/fr\/gestion-des-volumes-de-donnees-sap\/","og_site_name":"ArchiveHub.io","article_publisher":"https:\/\/www.facebook.com\/people\/ArchiveHubio\/100091316926341\/","article_modified_time":"2023-04-10T20:43:02+00:00","og_image":[{"url":"https:\/\/archivehub.io\/wp-content\/uploads\/2023\/03\/sap_dvm1-1024x332.png","type":"","width":"","height":""}],"twitter_card":"summary_large_image","twitter_misc":{"Dur\u00e9e de lecture estim\u00e9e":"2 minutes"},"schema":{"@context":"https:\/\/schema.org","@graph":[{"@type":"WebPage","@id":"https:\/\/archivehub.io\/fr\/gestion-des-volumes-de-donnees-sap\/","url":"https:\/\/archivehub.io\/fr\/gestion-des-volumes-de-donnees-sap\/","name":"Gestion des volumes de donn\u00e9es SAP - ArchiveHub.io","isPartOf":{"@id":"https:\/\/archivehub.io\/fr\/#website"},"primaryImageOfPage":{"@id":"https:\/\/archivehub.io\/fr\/gestion-des-volumes-de-donnees-sap\/#primaryimage"},"image":{"@id":"https:\/\/archivehub.io\/fr\/gestion-des-volumes-de-donnees-sap\/#primaryimage"},"thumbnailUrl":"https:\/\/archivehub.io\/wp-content\/uploads\/2023\/03\/sap_dvm1-1024x332.png","datePublished":"2023-03-25T08:07:17+00:00","dateModified":"2023-04-10T20:43:02+00:00","description":"SAP Data Volume Management (DVM) est une approche compl\u00e8te de gestion de la croissance et du stockage des donn\u00e9es dans un environnement SAP. Cela implique de surveiller, d'analyser et d'optimiser l'empreinte des donn\u00e9es dans les syst\u00e8mes SAP pour am\u00e9liorer les performances, r\u00e9duire les co\u00fbts de stockage et garantir la conformit\u00e9 avec les politiques de conservation des donn\u00e9es. L'objectif de DVM est de trouver un \u00e9quilibre entre le besoin d'accessibilit\u00e9 des donn\u00e9es et l'utilisation efficace des ressources.","inLanguage":"fr-FR","potentialAction":[{"@type":"ReadAction","target":["https:\/\/archivehub.io\/fr\/gestion-des-volumes-de-donnees-sap\/"]}]},{"@type":"ImageObject","inLanguage":"fr-FR","@id":"https:\/\/archivehub.io\/fr\/gestion-des-volumes-de-donnees-sap\/#primaryimage","url":"https:\/\/archivehub.io\/wp-content\/uploads\/2023\/03\/sap_dvm1-1024x332.png","contentUrl":"https:\/\/archivehub.io\/wp-content\/uploads\/2023\/03\/sap_dvm1-1024x332.png"},{"@type":"WebSite","@id":"https:\/\/archivehub.io\/fr\/#website","url":"https:\/\/archivehub.io\/fr\/","name":"ArchiveHub.io","description":"SAP Archived Data Reporting Made Easy","publisher":{"@id":"https:\/\/archivehub.io\/fr\/#organization"},"potentialAction":[{"@type":"SearchAction","target":{"@type":"EntryPoint","urlTemplate":"https:\/\/archivehub.io\/fr\/?s={search_term_string}"},"query-input":{"@type":"PropertyValueSpecification","valueRequired":true,"valueName":"search_term_string"}}],"inLanguage":"fr-FR"},{"@type":"Organization","@id":"https:\/\/archivehub.io\/fr\/#organization","name":"ArchiveHub.io","url":"https:\/\/archivehub.io\/fr\/","logo":{"@type":"ImageObject","inLanguage":"fr-FR","@id":"https:\/\/archivehub.io\/fr\/#\/schema\/logo\/image\/","url":"https:\/\/archivehub.io\/wp-content\/uploads\/2023\/03\/350px.png","contentUrl":"https:\/\/archivehub.io\/wp-content\/uploads\/2023\/03\/350px.png","width":351,"height":77,"caption":"ArchiveHub.io"},"image":{"@id":"https:\/\/archivehub.io\/fr\/#\/schema\/logo\/image\/"},"sameAs":["https:\/\/www.facebook.com\/people\/ArchiveHubio\/100091316926341\/"]}]}},"_links":{"self":[{"href":"https:\/\/archivehub.io\/fr\/wp-json\/wp\/v2\/pages\/5510","targetHints":{"allow":["GET"]}}],"collection":[{"href":"https:\/\/archivehub.io\/fr\/wp-json\/wp\/v2\/pages"}],"about":[{"href":"https:\/\/archivehub.io\/fr\/wp-json\/wp\/v2\/types\/page"}],"author":[{"embeddable":true,"href":"https:\/\/archivehub.io\/fr\/wp-json\/wp\/v2\/users\/1"}],"replies":[{"embeddable":true,"href":"https:\/\/archivehub.io\/fr\/wp-json\/wp\/v2\/comments?post=5510"}],"version-history":[{"count":1,"href":"https:\/\/archivehub.io\/fr\/wp-json\/wp\/v2\/pages\/5510\/revisions"}],"predecessor-version":[{"id":5511,"href":"https:\/\/archivehub.io\/fr\/wp-json\/wp\/v2\/pages\/5510\/revisions\/5511"}],"wp:attachment":[{"href":"https:\/\/archivehub.io\/fr\/wp-json\/wp\/v2\/media?parent=5510"}],"curies":[{"name":"wp","href":"https:\/\/api.w.org\/{rel}","templated":true}]}}