{"id":5507,"date":"2023-03-25T09:39:40","date_gmt":"2023-03-25T09:39:40","guid":{"rendered":"https:\/\/archivehub.io\/archivage-de-donnees-sap-archivage-ilm\/"},"modified":"2023-04-11T08:29:50","modified_gmt":"2023-04-11T08:29:50","slug":"archivage-de-donnees-sap-archivage-ilm","status":"publish","type":"page","link":"https:\/\/archivehub.io\/fr\/archivage-de-donnees-sap-archivage-ilm\/","title":{"rendered":"Archivage de donn\u00e9es SAP \/ Archivage ILM"},"content":{"rendered":"\t\t<div data-elementor-type=\"wp-page\" data-elementor-id=\"5507\" class=\"elementor elementor-5507 elementor-2704\">\n\t\t\t\t\t\t<section class=\"elementor-section elementor-top-section elementor-element elementor-element-89d77cb elementor-section-boxed elementor-section-height-default elementor-section-height-default\" data-id=\"89d77cb\" data-element_type=\"section\">\n\t\t\t\t\t\t<div class=\"elementor-container elementor-column-gap-default\">\n\t\t\t\t\t<div class=\"elementor-column elementor-col-100 elementor-top-column elementor-element elementor-element-1c5da9f\" data-id=\"1c5da9f\" data-element_type=\"column\">\n\t\t\t<div class=\"elementor-widget-wrap elementor-element-populated\">\n\t\t\t\t\t\t<div class=\"elementor-element elementor-element-234b87b elementor-widget elementor-widget-image\" data-id=\"234b87b\" data-element_type=\"widget\" data-widget_type=\"image.default\">\n\t\t\t\t<div class=\"elementor-widget-container\">\n\t\t\t\t\t\t\t\t\t\t\t\t\t\t\t<img fetchpriority=\"high\" decoding=\"async\" width=\"940\" height=\"305\" src=\"https:\/\/archivehub.io\/wp-content\/uploads\/2023\/03\/data_archiving_ilm-1024x332.png\" class=\"attachment-large size-large wp-image-5385\" alt=\"\" srcset=\"https:\/\/archivehub.io\/wp-content\/uploads\/2023\/03\/data_archiving_ilm-1024x332.png 1024w, https:\/\/archivehub.io\/wp-content\/uploads\/2023\/03\/data_archiving_ilm-300x97.png 300w, https:\/\/archivehub.io\/wp-content\/uploads\/2023\/03\/data_archiving_ilm-768x249.png 768w, https:\/\/archivehub.io\/wp-content\/uploads\/2023\/03\/data_archiving_ilm.png 1080w\" sizes=\"(max-width: 940px) 100vw, 940px\" \/>\t\t\t\t\t\t\t\t\t\t\t\t\t\t\t<\/div>\n\t\t\t\t<\/div>\n\t\t\t\t\t<\/div>\n\t\t<\/div>\n\t\t\t\t\t<\/div>\n\t\t<\/section>\n\t\t\t\t<section class=\"elementor-section elementor-top-section elementor-element elementor-element-03e3364 elementor-section-boxed elementor-section-height-default elementor-section-height-default\" data-id=\"03e3364\" data-element_type=\"section\">\n\t\t\t\t\t\t<div class=\"elementor-container elementor-column-gap-default\">\n\t\t\t\t\t<div class=\"elementor-column elementor-col-100 elementor-top-column elementor-element elementor-element-df8c566\" data-id=\"df8c566\" data-element_type=\"column\">\n\t\t\t<div class=\"elementor-widget-wrap elementor-element-populated\">\n\t\t\t\t\t\t<div class=\"elementor-element elementor-element-bff095b elementor-widget elementor-widget-text-editor\" data-id=\"bff095b\" data-element_type=\"widget\" data-widget_type=\"text-editor.default\">\n\t\t\t\t<div class=\"elementor-widget-container\">\n\t\t\t\t\t\t\t\t\t<p>Notre service d&#8217;archivage de donn\u00e9es SAP g\u00e8re efficacement cette croissance en transf\u00e9rant les donn\u00e9es SAP inactives vers un r\u00e9f\u00e9rentiel s\u00e9curis\u00e9 et facilement accessible. Cette solution fiable et test\u00e9e minimise votre empreinte de donn\u00e9es, ce qui se traduit par une r\u00e9duction des co\u00fbts de propri\u00e9t\u00e9 informatique, une am\u00e9lioration des performances informatiques et une conformit\u00e9 garantie.<\/p>\n<p>ArchiveHub est votre partenaire fiable pour l&#8217;archivage de donn\u00e9es SAP, que votre objectif soit de r\u00e9duire le stockage pour am\u00e9liorer les performances du syst\u00e8me, de migrer vers SAP S\/4HANA, de passer au cloud ou simplement de g\u00e9rer vos donn\u00e9es.<\/p>\n<p>Boostez les performances du syst\u00e8me SAP<br \/>Am\u00e9liorez les performances du syst\u00e8me en limitant la croissance de la base de donn\u00e9es et en augmentant les performances. Une base de donn\u00e9es active plus petite permet d&#8217;am\u00e9liorer les op\u00e9rations quotidiennes, avec des temps de r\u00e9ponse syst\u00e8me plus rapides et une diminution des temps d&#8217;arr\u00eat lors des mises \u00e0 jour et des sauvegardes.<\/p>\n\t\t\t\t\t\t\t\t<\/div>\n\t\t\t\t<\/div>\n\t\t\t\t\t<\/div>\n\t\t<\/div>\n\t\t\t\t\t<\/div>\n\t\t<\/section>\n\t\t\t\t<\/div>\n\t\t","protected":false},"excerpt":{"rendered":"<p>Notre service d&#8217;archivage de donn\u00e9es SAP g\u00e8re efficacement cette croissance en transf\u00e9rant les donn\u00e9es SAP inactives vers un r\u00e9f\u00e9rentiel s\u00e9curis\u00e9 et facilement accessible. Cette solution fiable et test\u00e9e minimise votre empreinte de donn\u00e9es, ce qui se traduit par une r\u00e9duction des co\u00fbts de propri\u00e9t\u00e9 informatique, une am\u00e9lioration des performances informatiques et une conformit\u00e9 garantie. ArchiveHub [&hellip;]<\/p>\n","protected":false},"author":1,"featured_media":0,"parent":0,"menu_order":0,"comment_status":"closed","ping_status":"closed","template":"","meta":{"om_disable_all_campaigns":false,"_monsterinsights_skip_tracking":false,"_monsterinsights_sitenote_active":false,"_monsterinsights_sitenote_note":"","_monsterinsights_sitenote_category":0,"footnotes":""},"class_list":["post-5507","page","type-page","status-publish","hentry"],"aioseo_notices":[],"yoast_head":"<!-- This site is optimized with the Yoast SEO plugin v25.0 - https:\/\/yoast.com\/wordpress\/plugins\/seo\/ -->\n<title>Archivage de donn\u00e9es SAP \/ Archivage ILM - ArchiveHub.io<\/title>\n<meta name=\"description\" content=\"Lib\u00e9rez tout le potentiel de l&#039;archivage de donn\u00e9es SAP. L&#039;expansion incontr\u00f4l\u00e9e des donn\u00e9es SAP peut \u00eatre persistante, impr\u00e9visible et fastidieuse. S&#039;il n&#039;est pas g\u00e9r\u00e9 correctement, il peut entra\u00eener une baisse des performances informatiques, une augmentation des d\u00e9penses et des strat\u00e9gies de conformit\u00e9 compromises.\" \/>\n<meta name=\"robots\" content=\"index, follow, max-snippet:-1, max-image-preview:large, max-video-preview:-1\" \/>\n<link rel=\"canonical\" href=\"https:\/\/archivehub.io\/fr\/archivage-de-donnees-sap-archivage-ilm\/\" \/>\n<meta property=\"og:locale\" content=\"fr_FR\" \/>\n<meta property=\"og:type\" content=\"article\" \/>\n<meta property=\"og:title\" content=\"Archivage de donn\u00e9es SAP \/ Archivage ILM - ArchiveHub.io\" \/>\n<meta property=\"og:description\" content=\"Lib\u00e9rez tout le potentiel de l&#039;archivage de donn\u00e9es SAP. L&#039;expansion incontr\u00f4l\u00e9e des donn\u00e9es SAP peut \u00eatre persistante, impr\u00e9visible et fastidieuse. S&#039;il n&#039;est pas g\u00e9r\u00e9 correctement, il peut entra\u00eener une baisse des performances informatiques, une augmentation des d\u00e9penses et des strat\u00e9gies de conformit\u00e9 compromises.\" \/>\n<meta property=\"og:url\" content=\"https:\/\/archivehub.io\/fr\/archivage-de-donnees-sap-archivage-ilm\/\" \/>\n<meta property=\"og:site_name\" content=\"ArchiveHub.io\" \/>\n<meta property=\"article:publisher\" content=\"https:\/\/www.facebook.com\/people\/ArchiveHubio\/100091316926341\/\" \/>\n<meta property=\"article:modified_time\" content=\"2023-04-11T08:29:50+00:00\" \/>\n<meta property=\"og:image\" content=\"https:\/\/archivehub.io\/wp-content\/uploads\/2023\/03\/data_archiving_ilm-1024x332.png\" \/>\n<meta name=\"twitter:card\" content=\"summary_large_image\" \/>\n<meta name=\"twitter:label1\" content=\"Dur\u00e9e de lecture estim\u00e9e\" \/>\n\t<meta name=\"twitter:data1\" content=\"1 minute\" \/>\n<script type=\"application\/ld+json\" class=\"yoast-schema-graph\">{\"@context\":\"https:\/\/schema.org\",\"@graph\":[{\"@type\":\"WebPage\",\"@id\":\"https:\/\/archivehub.io\/fr\/archivage-de-donnees-sap-archivage-ilm\/\",\"url\":\"https:\/\/archivehub.io\/fr\/archivage-de-donnees-sap-archivage-ilm\/\",\"name\":\"Archivage de donn\u00e9es SAP \/ Archivage ILM - ArchiveHub.io\",\"isPartOf\":{\"@id\":\"https:\/\/archivehub.io\/fr\/#website\"},\"primaryImageOfPage\":{\"@id\":\"https:\/\/archivehub.io\/fr\/archivage-de-donnees-sap-archivage-ilm\/#primaryimage\"},\"image\":{\"@id\":\"https:\/\/archivehub.io\/fr\/archivage-de-donnees-sap-archivage-ilm\/#primaryimage\"},\"thumbnailUrl\":\"https:\/\/archivehub.io\/wp-content\/uploads\/2023\/03\/data_archiving_ilm-1024x332.png\",\"datePublished\":\"2023-03-25T09:39:40+00:00\",\"dateModified\":\"2023-04-11T08:29:50+00:00\",\"description\":\"Lib\u00e9rez tout le potentiel de l'archivage de donn\u00e9es SAP. L'expansion incontr\u00f4l\u00e9e des donn\u00e9es SAP peut \u00eatre persistante, impr\u00e9visible et fastidieuse. S'il n'est pas g\u00e9r\u00e9 correctement, il peut entra\u00eener une baisse des performances informatiques, une augmentation des d\u00e9penses et des strat\u00e9gies de conformit\u00e9 compromises.\",\"inLanguage\":\"fr-FR\",\"potentialAction\":[{\"@type\":\"ReadAction\",\"target\":[\"https:\/\/archivehub.io\/fr\/archivage-de-donnees-sap-archivage-ilm\/\"]}]},{\"@type\":\"ImageObject\",\"inLanguage\":\"fr-FR\",\"@id\":\"https:\/\/archivehub.io\/fr\/archivage-de-donnees-sap-archivage-ilm\/#primaryimage\",\"url\":\"https:\/\/archivehub.io\/wp-content\/uploads\/2023\/03\/data_archiving_ilm-1024x332.png\",\"contentUrl\":\"https:\/\/archivehub.io\/wp-content\/uploads\/2023\/03\/data_archiving_ilm-1024x332.png\"},{\"@type\":\"WebSite\",\"@id\":\"https:\/\/archivehub.io\/fr\/#website\",\"url\":\"https:\/\/archivehub.io\/fr\/\",\"name\":\"ArchiveHub.io\",\"description\":\"SAP Archived Data Reporting Made Easy\",\"publisher\":{\"@id\":\"https:\/\/archivehub.io\/fr\/#organization\"},\"potentialAction\":[{\"@type\":\"SearchAction\",\"target\":{\"@type\":\"EntryPoint\",\"urlTemplate\":\"https:\/\/archivehub.io\/fr\/?s={search_term_string}\"},\"query-input\":{\"@type\":\"PropertyValueSpecification\",\"valueRequired\":true,\"valueName\":\"search_term_string\"}}],\"inLanguage\":\"fr-FR\"},{\"@type\":\"Organization\",\"@id\":\"https:\/\/archivehub.io\/fr\/#organization\",\"name\":\"ArchiveHub.io\",\"url\":\"https:\/\/archivehub.io\/fr\/\",\"logo\":{\"@type\":\"ImageObject\",\"inLanguage\":\"fr-FR\",\"@id\":\"https:\/\/archivehub.io\/fr\/#\/schema\/logo\/image\/\",\"url\":\"https:\/\/archivehub.io\/wp-content\/uploads\/2023\/03\/350px.png\",\"contentUrl\":\"https:\/\/archivehub.io\/wp-content\/uploads\/2023\/03\/350px.png\",\"width\":351,\"height\":77,\"caption\":\"ArchiveHub.io\"},\"image\":{\"@id\":\"https:\/\/archivehub.io\/fr\/#\/schema\/logo\/image\/\"},\"sameAs\":[\"https:\/\/www.facebook.com\/people\/ArchiveHubio\/100091316926341\/\"]}]}<\/script>\n<!-- \/ Yoast SEO plugin. -->","yoast_head_json":{"title":"Archivage de donn\u00e9es SAP \/ Archivage ILM - ArchiveHub.io","description":"Lib\u00e9rez tout le potentiel de l'archivage de donn\u00e9es SAP. L'expansion incontr\u00f4l\u00e9e des donn\u00e9es SAP peut \u00eatre persistante, impr\u00e9visible et fastidieuse. S'il n'est pas g\u00e9r\u00e9 correctement, il peut entra\u00eener une baisse des performances informatiques, une augmentation des d\u00e9penses et des strat\u00e9gies de conformit\u00e9 compromises.","robots":{"index":"index","follow":"follow","max-snippet":"max-snippet:-1","max-image-preview":"max-image-preview:large","max-video-preview":"max-video-preview:-1"},"canonical":"https:\/\/archivehub.io\/fr\/archivage-de-donnees-sap-archivage-ilm\/","og_locale":"fr_FR","og_type":"article","og_title":"Archivage de donn\u00e9es SAP \/ Archivage ILM - ArchiveHub.io","og_description":"Lib\u00e9rez tout le potentiel de l'archivage de donn\u00e9es SAP. L'expansion incontr\u00f4l\u00e9e des donn\u00e9es SAP peut \u00eatre persistante, impr\u00e9visible et fastidieuse. S'il n'est pas g\u00e9r\u00e9 correctement, il peut entra\u00eener une baisse des performances informatiques, une augmentation des d\u00e9penses et des strat\u00e9gies de conformit\u00e9 compromises.","og_url":"https:\/\/archivehub.io\/fr\/archivage-de-donnees-sap-archivage-ilm\/","og_site_name":"ArchiveHub.io","article_publisher":"https:\/\/www.facebook.com\/people\/ArchiveHubio\/100091316926341\/","article_modified_time":"2023-04-11T08:29:50+00:00","og_image":[{"url":"https:\/\/archivehub.io\/wp-content\/uploads\/2023\/03\/data_archiving_ilm-1024x332.png","type":"","width":"","height":""}],"twitter_card":"summary_large_image","twitter_misc":{"Dur\u00e9e de lecture estim\u00e9e":"1 minute"},"schema":{"@context":"https:\/\/schema.org","@graph":[{"@type":"WebPage","@id":"https:\/\/archivehub.io\/fr\/archivage-de-donnees-sap-archivage-ilm\/","url":"https:\/\/archivehub.io\/fr\/archivage-de-donnees-sap-archivage-ilm\/","name":"Archivage de donn\u00e9es SAP \/ Archivage ILM - ArchiveHub.io","isPartOf":{"@id":"https:\/\/archivehub.io\/fr\/#website"},"primaryImageOfPage":{"@id":"https:\/\/archivehub.io\/fr\/archivage-de-donnees-sap-archivage-ilm\/#primaryimage"},"image":{"@id":"https:\/\/archivehub.io\/fr\/archivage-de-donnees-sap-archivage-ilm\/#primaryimage"},"thumbnailUrl":"https:\/\/archivehub.io\/wp-content\/uploads\/2023\/03\/data_archiving_ilm-1024x332.png","datePublished":"2023-03-25T09:39:40+00:00","dateModified":"2023-04-11T08:29:50+00:00","description":"Lib\u00e9rez tout le potentiel de l'archivage de donn\u00e9es SAP. L'expansion incontr\u00f4l\u00e9e des donn\u00e9es SAP peut \u00eatre persistante, impr\u00e9visible et fastidieuse. S'il n'est pas g\u00e9r\u00e9 correctement, il peut entra\u00eener une baisse des performances informatiques, une augmentation des d\u00e9penses et des strat\u00e9gies de conformit\u00e9 compromises.","inLanguage":"fr-FR","potentialAction":[{"@type":"ReadAction","target":["https:\/\/archivehub.io\/fr\/archivage-de-donnees-sap-archivage-ilm\/"]}]},{"@type":"ImageObject","inLanguage":"fr-FR","@id":"https:\/\/archivehub.io\/fr\/archivage-de-donnees-sap-archivage-ilm\/#primaryimage","url":"https:\/\/archivehub.io\/wp-content\/uploads\/2023\/03\/data_archiving_ilm-1024x332.png","contentUrl":"https:\/\/archivehub.io\/wp-content\/uploads\/2023\/03\/data_archiving_ilm-1024x332.png"},{"@type":"WebSite","@id":"https:\/\/archivehub.io\/fr\/#website","url":"https:\/\/archivehub.io\/fr\/","name":"ArchiveHub.io","description":"SAP Archived Data Reporting Made Easy","publisher":{"@id":"https:\/\/archivehub.io\/fr\/#organization"},"potentialAction":[{"@type":"SearchAction","target":{"@type":"EntryPoint","urlTemplate":"https:\/\/archivehub.io\/fr\/?s={search_term_string}"},"query-input":{"@type":"PropertyValueSpecification","valueRequired":true,"valueName":"search_term_string"}}],"inLanguage":"fr-FR"},{"@type":"Organization","@id":"https:\/\/archivehub.io\/fr\/#organization","name":"ArchiveHub.io","url":"https:\/\/archivehub.io\/fr\/","logo":{"@type":"ImageObject","inLanguage":"fr-FR","@id":"https:\/\/archivehub.io\/fr\/#\/schema\/logo\/image\/","url":"https:\/\/archivehub.io\/wp-content\/uploads\/2023\/03\/350px.png","contentUrl":"https:\/\/archivehub.io\/wp-content\/uploads\/2023\/03\/350px.png","width":351,"height":77,"caption":"ArchiveHub.io"},"image":{"@id":"https:\/\/archivehub.io\/fr\/#\/schema\/logo\/image\/"},"sameAs":["https:\/\/www.facebook.com\/people\/ArchiveHubio\/100091316926341\/"]}]}},"_links":{"self":[{"href":"https:\/\/archivehub.io\/fr\/wp-json\/wp\/v2\/pages\/5507","targetHints":{"allow":["GET"]}}],"collection":[{"href":"https:\/\/archivehub.io\/fr\/wp-json\/wp\/v2\/pages"}],"about":[{"href":"https:\/\/archivehub.io\/fr\/wp-json\/wp\/v2\/types\/page"}],"author":[{"embeddable":true,"href":"https:\/\/archivehub.io\/fr\/wp-json\/wp\/v2\/users\/1"}],"replies":[{"embeddable":true,"href":"https:\/\/archivehub.io\/fr\/wp-json\/wp\/v2\/comments?post=5507"}],"version-history":[{"count":2,"href":"https:\/\/archivehub.io\/fr\/wp-json\/wp\/v2\/pages\/5507\/revisions"}],"predecessor-version":[{"id":5528,"href":"https:\/\/archivehub.io\/fr\/wp-json\/wp\/v2\/pages\/5507\/revisions\/5528"}],"wp:attachment":[{"href":"https:\/\/archivehub.io\/fr\/wp-json\/wp\/v2\/media?parent=5507"}],"curies":[{"name":"wp","href":"https:\/\/api.w.org\/{rel}","templated":true}]}}