{"id":5505,"date":"2023-03-25T08:06:50","date_gmt":"2023-03-25T08:06:50","guid":{"rendered":"https:\/\/archivehub.io\/migration-du-referentiel-de-contenu-sap\/"},"modified":"2023-04-10T20:31:28","modified_gmt":"2023-04-10T20:31:28","slug":"migration-du-referentiel-de-contenu-sap","status":"publish","type":"page","link":"https:\/\/archivehub.io\/fr\/migration-du-referentiel-de-contenu-sap\/","title":{"rendered":"Migration du r\u00e9f\u00e9rentiel de contenu SAP"},"content":{"rendered":"\t\t<div data-elementor-type=\"wp-page\" data-elementor-id=\"5505\" class=\"elementor elementor-5505 elementor-2637\">\n\t\t\t\t\t\t<section class=\"elementor-section elementor-top-section elementor-element elementor-element-2453efa elementor-section-boxed elementor-section-height-default elementor-section-height-default\" data-id=\"2453efa\" data-element_type=\"section\">\n\t\t\t\t\t\t<div class=\"elementor-container elementor-column-gap-default\">\n\t\t\t\t\t<div class=\"elementor-column elementor-col-100 elementor-top-column elementor-element elementor-element-66c9e3e\" data-id=\"66c9e3e\" data-element_type=\"column\">\n\t\t\t<div class=\"elementor-widget-wrap elementor-element-populated\">\n\t\t\t\t\t\t<div class=\"elementor-element elementor-element-c51705a elementor-widget elementor-widget-image\" data-id=\"c51705a\" data-element_type=\"widget\" data-widget_type=\"image.default\">\n\t\t\t\t<div class=\"elementor-widget-container\">\n\t\t\t\t\t\t\t\t\t\t\t\t\t\t\t<img fetchpriority=\"high\" decoding=\"async\" width=\"940\" height=\"305\" src=\"https:\/\/archivehub.io\/wp-content\/uploads\/2023\/03\/content_repository_migration-1024x332.png\" class=\"attachment-large size-large wp-image-5384\" alt=\"\" srcset=\"https:\/\/archivehub.io\/wp-content\/uploads\/2023\/03\/content_repository_migration-1024x332.png 1024w, https:\/\/archivehub.io\/wp-content\/uploads\/2023\/03\/content_repository_migration-300x97.png 300w, https:\/\/archivehub.io\/wp-content\/uploads\/2023\/03\/content_repository_migration-768x249.png 768w, https:\/\/archivehub.io\/wp-content\/uploads\/2023\/03\/content_repository_migration.png 1080w\" sizes=\"(max-width: 940px) 100vw, 940px\" \/>\t\t\t\t\t\t\t\t\t\t\t\t\t\t\t<\/div>\n\t\t\t\t<\/div>\n\t\t\t\t\t<\/div>\n\t\t<\/div>\n\t\t\t\t\t<\/div>\n\t\t<\/section>\n\t\t\t\t<section class=\"elementor-section elementor-top-section elementor-element elementor-element-4c6f196 elementor-section-boxed elementor-section-height-default elementor-section-height-default\" data-id=\"4c6f196\" data-element_type=\"section\">\n\t\t\t\t\t\t<div class=\"elementor-container elementor-column-gap-default\">\n\t\t\t\t\t<div class=\"elementor-column elementor-col-100 elementor-top-column elementor-element elementor-element-a7dee2d\" data-id=\"a7dee2d\" data-element_type=\"column\">\n\t\t\t<div class=\"elementor-widget-wrap elementor-element-populated\">\n\t\t\t\t\t\t<div class=\"elementor-element elementor-element-28a65e9 elementor-widget elementor-widget-heading\" data-id=\"28a65e9\" data-element_type=\"widget\" data-widget_type=\"heading.default\">\n\t\t\t\t<div class=\"elementor-widget-container\">\n\t\t\t\t\t<h2 class=\"elementor-heading-title elementor-size-default\">Plusieurs raisons pour lesquelles une organisation peut avoir besoin d'effectuer une migration de r\u00e9f\u00e9rentiel de contenu<\/h2>\t\t\t\t<\/div>\n\t\t\t\t<\/div>\n\t\t\t\t\t<\/div>\n\t\t<\/div>\n\t\t\t\t\t<\/div>\n\t\t<\/section>\n\t\t\t\t<section class=\"elementor-section elementor-top-section elementor-element elementor-element-d3e63bc elementor-section-boxed elementor-section-height-default elementor-section-height-default\" data-id=\"d3e63bc\" data-element_type=\"section\">\n\t\t\t\t\t\t<div class=\"elementor-container elementor-column-gap-default\">\n\t\t\t\t\t<div class=\"elementor-column elementor-col-100 elementor-top-column elementor-element elementor-element-e45ee42\" data-id=\"e45ee42\" data-element_type=\"column\">\n\t\t\t<div class=\"elementor-widget-wrap elementor-element-populated\">\n\t\t\t\t\t\t<div class=\"elementor-element elementor-element-aaa7d3f elementor-widget elementor-widget-text-editor\" data-id=\"aaa7d3f\" data-element_type=\"widget\" data-widget_type=\"text-editor.default\">\n\t\t\t\t<div class=\"elementor-widget-container\">\n\t\t\t\t\t\t\t\t\t<ul>\n \t<li><strong>Modifications de l&#8217;infrastructure :<\/strong> la mise \u00e0 niveau ou le remplacement des syst\u00e8mes de stockage peut n\u00e9cessiter la migration des donn\u00e9es d&#8217;un ancien r\u00e9f\u00e9rentiel de contenu vers un nouveau.<\/li>\n \t<br><li><strong>Optimisation des performances :<\/strong> la migration des donn\u00e9es vers une solution de stockage plus efficace ou plus performante peut contribuer \u00e0 am\u00e9liorer les performances globales du syst\u00e8me.<\/li>\n \t<br><li><strong>Consolidation des donn\u00e9es :<\/strong> les organisations peuvent souhaiter consolider les donn\u00e9es de plusieurs r\u00e9f\u00e9rentiels de contenu dans un r\u00e9f\u00e9rentiel unique pour une gestion et un acc\u00e8s plus faciles.<\/li>\n \t<br><li><strong>Conformit\u00e9 et exigences r\u00e9glementaires :<\/strong> il peut \u00eatre n\u00e9cessaire de migrer les donn\u00e9es vers un syst\u00e8me de stockage diff\u00e9rent pour r\u00e9pondre \u00e0 des exigences l\u00e9gales, r\u00e9glementaires ou de politique interne sp\u00e9cifiques.<\/li>\n<\/ul>\n<strong>Pour effectuer une migration du r\u00e9f\u00e9rentiel de contenu SAP, nous suivons g\u00e9n\u00e9ralement ces \u00e9tapes :<\/strong>\n<ul>\n \t<li><strong>Analyser et planifier :<\/strong> identifiez les donn\u00e9es et les documents \u00e0 migrer, passez en revue les r\u00e9f\u00e9rentiels de contenu source et cible et d\u00e9veloppez un plan de migration.<\/li>\n \t<br><li><strong>Prepare the target content repository:<\/strong> Set up the target repository according to the required storage technology and configuration and ensure compatibility with SAP applications and processes.<\/li>\n \t<br><li><strong>Effectuez la migration :<\/strong> utilisez des outils SAP ou des programmes personnalis\u00e9s pour transf\u00e9rer des donn\u00e9es et des documents du r\u00e9f\u00e9rentiel source vers le r\u00e9f\u00e9rentiel cible. Cela peut impliquer d&#8217;exporter les donn\u00e9es du r\u00e9f\u00e9rentiel source, de les transformer si n\u00e9cessaire et de les importer dans le r\u00e9f\u00e9rentiel cible.<\/li>\n \t<br><li><strong>V\u00e9rifier et valider :<\/strong> v\u00e9rifiez l&#8217;int\u00e9grit\u00e9 et la coh\u00e9rence des donn\u00e9es migr\u00e9es, en vous assurant que tous les documents et m\u00e9tadonn\u00e9es ont \u00e9t\u00e9 transf\u00e9r\u00e9s correctement et sont accessibles dans le r\u00e9f\u00e9rentiel cible.<\/li>\n \t<br><li><strong>Mettre \u00e0 jour les configurations et les processus :<\/strong> mettez \u00e0 jour les applications, les configurations et les processus SAP pour utiliser le nouveau r\u00e9f\u00e9rentiel de contenu et garantir un acc\u00e8s transparent aux donn\u00e9es migr\u00e9es.<\/li>\n<\/ul>\nL&#8217;ex\u00e9cution d&#8217;une migration de r\u00e9f\u00e9rentiel de contenu SAP n\u00e9cessite une planification, une ex\u00e9cution et des tests minutieux pour garantir une transition r\u00e9ussie et peu perturbatrice. Les organisations doivent envisager de travailler avec des consultants ou des professionnels SAP exp\u00e9riment\u00e9s pour les aider dans le processus de migration. ArchiveHub apporte une vaste exp\u00e9rience dans ce processus de migration pour vous aider.\t\t\t\t\t\t\t\t<\/div>\n\t\t\t\t<\/div>\n\t\t\t\t\t<\/div>\n\t\t<\/div>\n\t\t\t\t\t<\/div>\n\t\t<\/section>\n\t\t\t\t<\/div>\n\t\t","protected":false},"excerpt":{"rendered":"<p>Plusieurs raisons pour lesquelles une organisation peut avoir besoin d&#8217;effectuer une migration de r\u00e9f\u00e9rentiel de contenu Modifications de l&#8217;infrastructure : la mise \u00e0 niveau ou le remplacement des syst\u00e8mes de stockage peut n\u00e9cessiter la migration des donn\u00e9es d&#8217;un ancien r\u00e9f\u00e9rentiel de contenu vers un nouveau. Optimisation des performances : la migration des donn\u00e9es vers une [&hellip;]<\/p>\n","protected":false},"author":1,"featured_media":0,"parent":0,"menu_order":0,"comment_status":"closed","ping_status":"closed","template":"","meta":{"om_disable_all_campaigns":false,"_monsterinsights_skip_tracking":false,"_monsterinsights_sitenote_active":false,"_monsterinsights_sitenote_note":"","_monsterinsights_sitenote_category":0,"footnotes":""},"class_list":["post-5505","page","type-page","status-publish","hentry"],"aioseo_notices":[],"yoast_head":"<!-- This site is optimized with the Yoast SEO plugin v25.0 - https:\/\/yoast.com\/wordpress\/plugins\/seo\/ -->\n<title>Migration du r\u00e9f\u00e9rentiel de contenu SAP - ArchiveHub.io<\/title>\n<meta name=\"description\" content=\"La migration du r\u00e9f\u00e9rentiel de contenu SAP fait r\u00e9f\u00e9rence au processus de transfert de donn\u00e9es et de documents d&#039;un r\u00e9f\u00e9rentiel de contenu \u00e0 un autre au sein d&#039;un environnement SAP. Un r\u00e9f\u00e9rentiel de contenu est un syst\u00e8me de stockage utilis\u00e9 pour g\u00e9rer des donn\u00e9es non structur\u00e9es telles que des documents, des images et des fichiers multim\u00e9dias dans les applications SAP. Ces r\u00e9f\u00e9rentiels peuvent \u00eatre bas\u00e9s sur diverses technologies de stockage, notamment des syst\u00e8mes de fichiers, des bases de donn\u00e9es ou des solutions de stockage tierces.\" \/>\n<meta name=\"robots\" content=\"index, follow, max-snippet:-1, max-image-preview:large, max-video-preview:-1\" \/>\n<link rel=\"canonical\" href=\"https:\/\/archivehub.io\/fr\/migration-du-referentiel-de-contenu-sap\/\" \/>\n<meta property=\"og:locale\" content=\"fr_FR\" \/>\n<meta property=\"og:type\" content=\"article\" \/>\n<meta property=\"og:title\" content=\"Migration du r\u00e9f\u00e9rentiel de contenu SAP - ArchiveHub.io\" \/>\n<meta property=\"og:description\" content=\"La migration du r\u00e9f\u00e9rentiel de contenu SAP fait r\u00e9f\u00e9rence au processus de transfert de donn\u00e9es et de documents d&#039;un r\u00e9f\u00e9rentiel de contenu \u00e0 un autre au sein d&#039;un environnement SAP. Un r\u00e9f\u00e9rentiel de contenu est un syst\u00e8me de stockage utilis\u00e9 pour g\u00e9rer des donn\u00e9es non structur\u00e9es telles que des documents, des images et des fichiers multim\u00e9dias dans les applications SAP. Ces r\u00e9f\u00e9rentiels peuvent \u00eatre bas\u00e9s sur diverses technologies de stockage, notamment des syst\u00e8mes de fichiers, des bases de donn\u00e9es ou des solutions de stockage tierces.\" \/>\n<meta property=\"og:url\" content=\"https:\/\/archivehub.io\/fr\/migration-du-referentiel-de-contenu-sap\/\" \/>\n<meta property=\"og:site_name\" content=\"ArchiveHub.io\" \/>\n<meta property=\"article:publisher\" content=\"https:\/\/www.facebook.com\/people\/ArchiveHubio\/100091316926341\/\" \/>\n<meta property=\"article:modified_time\" content=\"2023-04-10T20:31:28+00:00\" \/>\n<meta property=\"og:image\" content=\"https:\/\/archivehub.io\/wp-content\/uploads\/2023\/03\/content_repository_migration-1024x332.png\" \/>\n<meta name=\"twitter:card\" content=\"summary_large_image\" \/>\n<meta name=\"twitter:label1\" content=\"Dur\u00e9e de lecture estim\u00e9e\" \/>\n\t<meta name=\"twitter:data1\" content=\"2 minutes\" \/>\n<script type=\"application\/ld+json\" class=\"yoast-schema-graph\">{\"@context\":\"https:\/\/schema.org\",\"@graph\":[{\"@type\":\"WebPage\",\"@id\":\"https:\/\/archivehub.io\/fr\/migration-du-referentiel-de-contenu-sap\/\",\"url\":\"https:\/\/archivehub.io\/fr\/migration-du-referentiel-de-contenu-sap\/\",\"name\":\"Migration du r\u00e9f\u00e9rentiel de contenu SAP - ArchiveHub.io\",\"isPartOf\":{\"@id\":\"https:\/\/archivehub.io\/fr\/#website\"},\"primaryImageOfPage\":{\"@id\":\"https:\/\/archivehub.io\/fr\/migration-du-referentiel-de-contenu-sap\/#primaryimage\"},\"image\":{\"@id\":\"https:\/\/archivehub.io\/fr\/migration-du-referentiel-de-contenu-sap\/#primaryimage\"},\"thumbnailUrl\":\"https:\/\/archivehub.io\/wp-content\/uploads\/2023\/03\/content_repository_migration-1024x332.png\",\"datePublished\":\"2023-03-25T08:06:50+00:00\",\"dateModified\":\"2023-04-10T20:31:28+00:00\",\"description\":\"La migration du r\u00e9f\u00e9rentiel de contenu SAP fait r\u00e9f\u00e9rence au processus de transfert de donn\u00e9es et de documents d'un r\u00e9f\u00e9rentiel de contenu \u00e0 un autre au sein d'un environnement SAP. Un r\u00e9f\u00e9rentiel de contenu est un syst\u00e8me de stockage utilis\u00e9 pour g\u00e9rer des donn\u00e9es non structur\u00e9es telles que des documents, des images et des fichiers multim\u00e9dias dans les applications SAP. Ces r\u00e9f\u00e9rentiels peuvent \u00eatre bas\u00e9s sur diverses technologies de stockage, notamment des syst\u00e8mes de fichiers, des bases de donn\u00e9es ou des solutions de stockage tierces.\",\"inLanguage\":\"fr-FR\",\"potentialAction\":[{\"@type\":\"ReadAction\",\"target\":[\"https:\/\/archivehub.io\/fr\/migration-du-referentiel-de-contenu-sap\/\"]}]},{\"@type\":\"ImageObject\",\"inLanguage\":\"fr-FR\",\"@id\":\"https:\/\/archivehub.io\/fr\/migration-du-referentiel-de-contenu-sap\/#primaryimage\",\"url\":\"https:\/\/archivehub.io\/wp-content\/uploads\/2023\/03\/content_repository_migration-1024x332.png\",\"contentUrl\":\"https:\/\/archivehub.io\/wp-content\/uploads\/2023\/03\/content_repository_migration-1024x332.png\"},{\"@type\":\"WebSite\",\"@id\":\"https:\/\/archivehub.io\/fr\/#website\",\"url\":\"https:\/\/archivehub.io\/fr\/\",\"name\":\"ArchiveHub.io\",\"description\":\"SAP Archived Data Reporting Made Easy\",\"publisher\":{\"@id\":\"https:\/\/archivehub.io\/fr\/#organization\"},\"potentialAction\":[{\"@type\":\"SearchAction\",\"target\":{\"@type\":\"EntryPoint\",\"urlTemplate\":\"https:\/\/archivehub.io\/fr\/?s={search_term_string}\"},\"query-input\":{\"@type\":\"PropertyValueSpecification\",\"valueRequired\":true,\"valueName\":\"search_term_string\"}}],\"inLanguage\":\"fr-FR\"},{\"@type\":\"Organization\",\"@id\":\"https:\/\/archivehub.io\/fr\/#organization\",\"name\":\"ArchiveHub.io\",\"url\":\"https:\/\/archivehub.io\/fr\/\",\"logo\":{\"@type\":\"ImageObject\",\"inLanguage\":\"fr-FR\",\"@id\":\"https:\/\/archivehub.io\/fr\/#\/schema\/logo\/image\/\",\"url\":\"https:\/\/archivehub.io\/wp-content\/uploads\/2023\/03\/350px.png\",\"contentUrl\":\"https:\/\/archivehub.io\/wp-content\/uploads\/2023\/03\/350px.png\",\"width\":351,\"height\":77,\"caption\":\"ArchiveHub.io\"},\"image\":{\"@id\":\"https:\/\/archivehub.io\/fr\/#\/schema\/logo\/image\/\"},\"sameAs\":[\"https:\/\/www.facebook.com\/people\/ArchiveHubio\/100091316926341\/\"]}]}<\/script>\n<!-- \/ Yoast SEO plugin. -->","yoast_head_json":{"title":"Migration du r\u00e9f\u00e9rentiel de contenu SAP - ArchiveHub.io","description":"La migration du r\u00e9f\u00e9rentiel de contenu SAP fait r\u00e9f\u00e9rence au processus de transfert de donn\u00e9es et de documents d'un r\u00e9f\u00e9rentiel de contenu \u00e0 un autre au sein d'un environnement SAP. Un r\u00e9f\u00e9rentiel de contenu est un syst\u00e8me de stockage utilis\u00e9 pour g\u00e9rer des donn\u00e9es non structur\u00e9es telles que des documents, des images et des fichiers multim\u00e9dias dans les applications SAP. Ces r\u00e9f\u00e9rentiels peuvent \u00eatre bas\u00e9s sur diverses technologies de stockage, notamment des syst\u00e8mes de fichiers, des bases de donn\u00e9es ou des solutions de stockage tierces.","robots":{"index":"index","follow":"follow","max-snippet":"max-snippet:-1","max-image-preview":"max-image-preview:large","max-video-preview":"max-video-preview:-1"},"canonical":"https:\/\/archivehub.io\/fr\/migration-du-referentiel-de-contenu-sap\/","og_locale":"fr_FR","og_type":"article","og_title":"Migration du r\u00e9f\u00e9rentiel de contenu SAP - ArchiveHub.io","og_description":"La migration du r\u00e9f\u00e9rentiel de contenu SAP fait r\u00e9f\u00e9rence au processus de transfert de donn\u00e9es et de documents d'un r\u00e9f\u00e9rentiel de contenu \u00e0 un autre au sein d'un environnement SAP. Un r\u00e9f\u00e9rentiel de contenu est un syst\u00e8me de stockage utilis\u00e9 pour g\u00e9rer des donn\u00e9es non structur\u00e9es telles que des documents, des images et des fichiers multim\u00e9dias dans les applications SAP. Ces r\u00e9f\u00e9rentiels peuvent \u00eatre bas\u00e9s sur diverses technologies de stockage, notamment des syst\u00e8mes de fichiers, des bases de donn\u00e9es ou des solutions de stockage tierces.","og_url":"https:\/\/archivehub.io\/fr\/migration-du-referentiel-de-contenu-sap\/","og_site_name":"ArchiveHub.io","article_publisher":"https:\/\/www.facebook.com\/people\/ArchiveHubio\/100091316926341\/","article_modified_time":"2023-04-10T20:31:28+00:00","og_image":[{"url":"https:\/\/archivehub.io\/wp-content\/uploads\/2023\/03\/content_repository_migration-1024x332.png","type":"","width":"","height":""}],"twitter_card":"summary_large_image","twitter_misc":{"Dur\u00e9e de lecture estim\u00e9e":"2 minutes"},"schema":{"@context":"https:\/\/schema.org","@graph":[{"@type":"WebPage","@id":"https:\/\/archivehub.io\/fr\/migration-du-referentiel-de-contenu-sap\/","url":"https:\/\/archivehub.io\/fr\/migration-du-referentiel-de-contenu-sap\/","name":"Migration du r\u00e9f\u00e9rentiel de contenu SAP - ArchiveHub.io","isPartOf":{"@id":"https:\/\/archivehub.io\/fr\/#website"},"primaryImageOfPage":{"@id":"https:\/\/archivehub.io\/fr\/migration-du-referentiel-de-contenu-sap\/#primaryimage"},"image":{"@id":"https:\/\/archivehub.io\/fr\/migration-du-referentiel-de-contenu-sap\/#primaryimage"},"thumbnailUrl":"https:\/\/archivehub.io\/wp-content\/uploads\/2023\/03\/content_repository_migration-1024x332.png","datePublished":"2023-03-25T08:06:50+00:00","dateModified":"2023-04-10T20:31:28+00:00","description":"La migration du r\u00e9f\u00e9rentiel de contenu SAP fait r\u00e9f\u00e9rence au processus de transfert de donn\u00e9es et de documents d'un r\u00e9f\u00e9rentiel de contenu \u00e0 un autre au sein d'un environnement SAP. Un r\u00e9f\u00e9rentiel de contenu est un syst\u00e8me de stockage utilis\u00e9 pour g\u00e9rer des donn\u00e9es non structur\u00e9es telles que des documents, des images et des fichiers multim\u00e9dias dans les applications SAP. Ces r\u00e9f\u00e9rentiels peuvent \u00eatre bas\u00e9s sur diverses technologies de stockage, notamment des syst\u00e8mes de fichiers, des bases de donn\u00e9es ou des solutions de stockage tierces.","inLanguage":"fr-FR","potentialAction":[{"@type":"ReadAction","target":["https:\/\/archivehub.io\/fr\/migration-du-referentiel-de-contenu-sap\/"]}]},{"@type":"ImageObject","inLanguage":"fr-FR","@id":"https:\/\/archivehub.io\/fr\/migration-du-referentiel-de-contenu-sap\/#primaryimage","url":"https:\/\/archivehub.io\/wp-content\/uploads\/2023\/03\/content_repository_migration-1024x332.png","contentUrl":"https:\/\/archivehub.io\/wp-content\/uploads\/2023\/03\/content_repository_migration-1024x332.png"},{"@type":"WebSite","@id":"https:\/\/archivehub.io\/fr\/#website","url":"https:\/\/archivehub.io\/fr\/","name":"ArchiveHub.io","description":"SAP Archived Data Reporting Made Easy","publisher":{"@id":"https:\/\/archivehub.io\/fr\/#organization"},"potentialAction":[{"@type":"SearchAction","target":{"@type":"EntryPoint","urlTemplate":"https:\/\/archivehub.io\/fr\/?s={search_term_string}"},"query-input":{"@type":"PropertyValueSpecification","valueRequired":true,"valueName":"search_term_string"}}],"inLanguage":"fr-FR"},{"@type":"Organization","@id":"https:\/\/archivehub.io\/fr\/#organization","name":"ArchiveHub.io","url":"https:\/\/archivehub.io\/fr\/","logo":{"@type":"ImageObject","inLanguage":"fr-FR","@id":"https:\/\/archivehub.io\/fr\/#\/schema\/logo\/image\/","url":"https:\/\/archivehub.io\/wp-content\/uploads\/2023\/03\/350px.png","contentUrl":"https:\/\/archivehub.io\/wp-content\/uploads\/2023\/03\/350px.png","width":351,"height":77,"caption":"ArchiveHub.io"},"image":{"@id":"https:\/\/archivehub.io\/fr\/#\/schema\/logo\/image\/"},"sameAs":["https:\/\/www.facebook.com\/people\/ArchiveHubio\/100091316926341\/"]}]}},"_links":{"self":[{"href":"https:\/\/archivehub.io\/fr\/wp-json\/wp\/v2\/pages\/5505","targetHints":{"allow":["GET"]}}],"collection":[{"href":"https:\/\/archivehub.io\/fr\/wp-json\/wp\/v2\/pages"}],"about":[{"href":"https:\/\/archivehub.io\/fr\/wp-json\/wp\/v2\/types\/page"}],"author":[{"embeddable":true,"href":"https:\/\/archivehub.io\/fr\/wp-json\/wp\/v2\/users\/1"}],"replies":[{"embeddable":true,"href":"https:\/\/archivehub.io\/fr\/wp-json\/wp\/v2\/comments?post=5505"}],"version-history":[{"count":1,"href":"https:\/\/archivehub.io\/fr\/wp-json\/wp\/v2\/pages\/5505\/revisions"}],"predecessor-version":[{"id":5506,"href":"https:\/\/archivehub.io\/fr\/wp-json\/wp\/v2\/pages\/5505\/revisions\/5506"}],"wp:attachment":[{"href":"https:\/\/archivehub.io\/fr\/wp-json\/wp\/v2\/media?parent=5505"}],"curies":[{"name":"wp","href":"https:\/\/api.w.org\/{rel}","templated":true}]}}