{"id":5503,"date":"2023-03-26T18:45:40","date_gmt":"2023-03-26T18:45:40","guid":{"rendered":"https:\/\/archivehub.io\/domaines-dapplication-sap-pris-en-charge-par-archivehub\/"},"modified":"2023-04-10T20:23:06","modified_gmt":"2023-04-10T20:23:06","slug":"domaines-dapplication-sap-pris-en-charge-par-archivehub","status":"publish","type":"page","link":"https:\/\/archivehub.io\/fr\/domaines-dapplication-sap-pris-en-charge-par-archivehub\/","title":{"rendered":"Domaines d&#8217;application SAP pris en charge par ArchiveHub"},"content":{"rendered":"\t\t<div data-elementor-type=\"wp-page\" data-elementor-id=\"5503\" class=\"elementor elementor-5503 elementor-3273\">\n\t\t\t\t\t\t<section class=\"elementor-section elementor-top-section elementor-element elementor-element-87e9de7 elementor-section-boxed elementor-section-height-default elementor-section-height-default\" data-id=\"87e9de7\" data-element_type=\"section\">\n\t\t\t\t\t\t<div class=\"elementor-container elementor-column-gap-default\">\n\t\t\t\t\t<div class=\"elementor-column elementor-col-100 elementor-top-column elementor-element elementor-element-81b746d\" data-id=\"81b746d\" data-element_type=\"column\">\n\t\t\t<div class=\"elementor-widget-wrap elementor-element-populated\">\n\t\t\t\t\t\t<div class=\"elementor-element elementor-element-5256a0e elementor-widget elementor-widget-text-editor\" data-id=\"5256a0e\" data-element_type=\"widget\" data-widget_type=\"text-editor.default\">\n\t\t\t\t<div class=\"elementor-widget-container\">\n\t\t\t\t\t\t\t\t\t<table width=\"548\">\n<tbody>\n<tr>\n<td width=\"50\"><strong>Champ d&#8217;application<\/strong><\/td>\n<td width=\"300\"><strong>Description<\/strong><\/td>\n<\/tr>\n<tr>\n<td width=\"50\">XF<\/td>\n<td width=\"407\">Non d\u00e9pendant de l&#8217;application de la comptabilit\u00e9 financi\u00e8re<\/td>\n<\/tr>\n<tr>\n<td width=\"50\">AM<\/td>\n<td width=\"407\">Comptabilit\u00e9 des actifs<\/td>\n<\/tr>\n<tr>\n<td width=\"50\">BC<\/td>\n<td width=\"407\">SAP NetWeaver<\/td>\n<\/tr>\n<tr>\n<td width=\"50\">CO<\/td>\n<td width=\"407\">Contr\u00f4ler<\/td>\n<\/tr>\n<tr>\n<td width=\"50\">FI<\/td>\n<td width=\"407\">Comptabilit\u00e9 financi\u00e8re<\/td>\n<\/tr>\n<tr>\n<td width=\"50\">GL<\/td>\n<td width=\"407\">Grand livre g\u00e9n\u00e9ral<\/td>\n<\/tr>\n<tr>\n<td width=\"50\">HR<\/td>\n<td width=\"407\">Ressources humaines<\/td>\n<\/tr>\n<tr>\n<td width=\"50\">IS<\/td>\n<td width=\"407\">Solutions sectorielles<\/td>\n<\/tr>\n<tr>\n<td width=\"50\">MC<\/td>\n<td width=\"407\">Contr\u00f4le de gestion logistique<\/td>\n<\/tr>\n<tr>\n<td width=\"50\">MM<\/td>\n<td width=\"407\">Gestion des mat\u00e9riaux<\/td>\n<\/tr>\n<tr>\n<td width=\"50\">OC<\/td>\n<td width=\"407\">Bureau &amp; Communication<\/td>\n<\/tr>\n<tr>\n<td width=\"50\">PM<\/td>\n<td width=\"407\">Maintenance de l&#8217;usine<\/td>\n<\/tr>\n<tr>\n<td width=\"50\">PP<\/td>\n<td width=\"407\">La planification de la production<\/td>\n<\/tr>\n<tr>\n<td width=\"50\">PS<\/td>\n<td width=\"407\">Syst\u00e8me de projet<\/td>\n<\/tr>\n<tr>\n<td width=\"50\">QM<\/td>\n<td width=\"407\">Gestion de la qualit\u00e9<\/td>\n<\/tr>\n<tr>\n<td width=\"50\">SD<\/td>\n<td width=\"407\">Vente et de distribution<\/td>\n<\/tr>\n<tr>\n<td width=\"50\">EC<\/td>\n<td width=\"407\">Contr\u00f4le d&#8217;entreprise<\/td>\n<\/tr>\n<tr>\n<td width=\"50\">TR<\/td>\n<td width=\"407\">Tr\u00e9sorerie<\/td>\n<\/tr>\n<tr>\n<td width=\"50\">CA<\/td>\n<td width=\"407\">Demande crois\u00e9e g\u00e9n\u00e9rale<\/td>\n<\/tr>\n<tr>\n<td width=\"50\">CR<\/td>\n<td width=\"407\">Gestion de la relation client (CRM)<\/td>\n<\/tr>\n<tr>\n<td width=\"50\">BW<\/td>\n<td width=\"407\">Entrep\u00f4t d&#8217;informations commerciales (BW)<\/td>\n<\/tr>\n<tr>\n<td width=\"50\">EB<\/td>\n<td width=\"407\">EBP (Entreprise Acheteur Professionnel)<\/td>\n<\/tr>\n<tr>\n<td width=\"50\">WM<\/td>\n<td width=\"407\">Gestion d&#8217;entrep\u00f4t<\/td>\n<\/tr>\n<tr>\n<td width=\"50\">TM<\/td>\n<td width=\"407\">Gestion des transports<\/td>\n<\/tr>\n<\/tbody>\n<\/table>\t\t\t\t\t\t\t\t<\/div>\n\t\t\t\t<\/div>\n\t\t\t\t\t<\/div>\n\t\t<\/div>\n\t\t\t\t\t<\/div>\n\t\t<\/section>\n\t\t\t\t<\/div>\n\t\t","protected":false},"excerpt":{"rendered":"<p>Champ d&#8217;application Description XF Non d\u00e9pendant de l&#8217;application de la comptabilit\u00e9 financi\u00e8re AM Comptabilit\u00e9 des actifs BC SAP NetWeaver CO Contr\u00f4ler FI Comptabilit\u00e9 financi\u00e8re GL Grand livre g\u00e9n\u00e9ral HR Ressources humaines IS Solutions sectorielles MC Contr\u00f4le de gestion logistique MM Gestion des mat\u00e9riaux OC Bureau &amp; Communication PM Maintenance de l&#8217;usine PP La planification de [&hellip;]<\/p>\n","protected":false},"author":1,"featured_media":0,"parent":0,"menu_order":0,"comment_status":"closed","ping_status":"closed","template":"","meta":{"om_disable_all_campaigns":false,"_monsterinsights_skip_tracking":false,"_monsterinsights_sitenote_active":false,"_monsterinsights_sitenote_note":"","_monsterinsights_sitenote_category":0,"footnotes":""},"class_list":["post-5503","page","type-page","status-publish","hentry"],"aioseo_notices":[],"yoast_head":"<!-- This site is optimized with the Yoast SEO plugin v25.0 - https:\/\/yoast.com\/wordpress\/plugins\/seo\/ -->\n<title>Domaines d&#039;application SAP pris en charge par ArchiveHub - ArchiveHub.io<\/title>\n<meta name=\"robots\" content=\"index, follow, max-snippet:-1, max-image-preview:large, max-video-preview:-1\" \/>\n<link rel=\"canonical\" href=\"https:\/\/archivehub.io\/fr\/domaines-dapplication-sap-pris-en-charge-par-archivehub\/\" \/>\n<meta property=\"og:locale\" content=\"fr_FR\" \/>\n<meta property=\"og:type\" content=\"article\" \/>\n<meta property=\"og:title\" content=\"Domaines d&#039;application SAP pris en charge par ArchiveHub - ArchiveHub.io\" \/>\n<meta property=\"og:description\" content=\"Champ d&#8217;application Description XF Non d\u00e9pendant de l&#8217;application de la comptabilit\u00e9 financi\u00e8re AM Comptabilit\u00e9 des actifs BC SAP NetWeaver CO Contr\u00f4ler FI Comptabilit\u00e9 financi\u00e8re GL Grand livre g\u00e9n\u00e9ral HR Ressources humaines IS Solutions sectorielles MC Contr\u00f4le de gestion logistique MM Gestion des mat\u00e9riaux OC Bureau &amp; Communication PM Maintenance de l&#8217;usine PP La planification de [&hellip;]\" \/>\n<meta property=\"og:url\" content=\"https:\/\/archivehub.io\/fr\/domaines-dapplication-sap-pris-en-charge-par-archivehub\/\" \/>\n<meta property=\"og:site_name\" content=\"ArchiveHub.io\" \/>\n<meta property=\"article:publisher\" content=\"https:\/\/www.facebook.com\/people\/ArchiveHubio\/100091316926341\/\" \/>\n<meta property=\"article:modified_time\" content=\"2023-04-10T20:23:06+00:00\" \/>\n<meta name=\"twitter:card\" content=\"summary_large_image\" \/>\n<meta name=\"twitter:label1\" content=\"Dur\u00e9e de lecture estim\u00e9e\" \/>\n\t<meta name=\"twitter:data1\" content=\"1 minute\" \/>\n<script type=\"application\/ld+json\" class=\"yoast-schema-graph\">{\"@context\":\"https:\/\/schema.org\",\"@graph\":[{\"@type\":\"WebPage\",\"@id\":\"https:\/\/archivehub.io\/fr\/domaines-dapplication-sap-pris-en-charge-par-archivehub\/\",\"url\":\"https:\/\/archivehub.io\/fr\/domaines-dapplication-sap-pris-en-charge-par-archivehub\/\",\"name\":\"Domaines d'application SAP pris en charge par ArchiveHub - ArchiveHub.io\",\"isPartOf\":{\"@id\":\"https:\/\/archivehub.io\/fr\/#website\"},\"datePublished\":\"2023-03-26T18:45:40+00:00\",\"dateModified\":\"2023-04-10T20:23:06+00:00\",\"inLanguage\":\"fr-FR\",\"potentialAction\":[{\"@type\":\"ReadAction\",\"target\":[\"https:\/\/archivehub.io\/fr\/domaines-dapplication-sap-pris-en-charge-par-archivehub\/\"]}]},{\"@type\":\"WebSite\",\"@id\":\"https:\/\/archivehub.io\/fr\/#website\",\"url\":\"https:\/\/archivehub.io\/fr\/\",\"name\":\"ArchiveHub.io\",\"description\":\"SAP Archived Data Reporting Made Easy\",\"publisher\":{\"@id\":\"https:\/\/archivehub.io\/fr\/#organization\"},\"potentialAction\":[{\"@type\":\"SearchAction\",\"target\":{\"@type\":\"EntryPoint\",\"urlTemplate\":\"https:\/\/archivehub.io\/fr\/?s={search_term_string}\"},\"query-input\":{\"@type\":\"PropertyValueSpecification\",\"valueRequired\":true,\"valueName\":\"search_term_string\"}}],\"inLanguage\":\"fr-FR\"},{\"@type\":\"Organization\",\"@id\":\"https:\/\/archivehub.io\/fr\/#organization\",\"name\":\"ArchiveHub.io\",\"url\":\"https:\/\/archivehub.io\/fr\/\",\"logo\":{\"@type\":\"ImageObject\",\"inLanguage\":\"fr-FR\",\"@id\":\"https:\/\/archivehub.io\/fr\/#\/schema\/logo\/image\/\",\"url\":\"https:\/\/archivehub.io\/wp-content\/uploads\/2023\/03\/350px.png\",\"contentUrl\":\"https:\/\/archivehub.io\/wp-content\/uploads\/2023\/03\/350px.png\",\"width\":351,\"height\":77,\"caption\":\"ArchiveHub.io\"},\"image\":{\"@id\":\"https:\/\/archivehub.io\/fr\/#\/schema\/logo\/image\/\"},\"sameAs\":[\"https:\/\/www.facebook.com\/people\/ArchiveHubio\/100091316926341\/\"]}]}<\/script>\n<!-- \/ Yoast SEO plugin. -->","yoast_head_json":{"title":"Domaines d'application SAP pris en charge par ArchiveHub - ArchiveHub.io","robots":{"index":"index","follow":"follow","max-snippet":"max-snippet:-1","max-image-preview":"max-image-preview:large","max-video-preview":"max-video-preview:-1"},"canonical":"https:\/\/archivehub.io\/fr\/domaines-dapplication-sap-pris-en-charge-par-archivehub\/","og_locale":"fr_FR","og_type":"article","og_title":"Domaines d'application SAP pris en charge par ArchiveHub - ArchiveHub.io","og_description":"Champ d&#8217;application Description XF Non d\u00e9pendant de l&#8217;application de la comptabilit\u00e9 financi\u00e8re AM Comptabilit\u00e9 des actifs BC SAP NetWeaver CO Contr\u00f4ler FI Comptabilit\u00e9 financi\u00e8re GL Grand livre g\u00e9n\u00e9ral HR Ressources humaines IS Solutions sectorielles MC Contr\u00f4le de gestion logistique MM Gestion des mat\u00e9riaux OC Bureau &amp; Communication PM Maintenance de l&#8217;usine PP La planification de [&hellip;]","og_url":"https:\/\/archivehub.io\/fr\/domaines-dapplication-sap-pris-en-charge-par-archivehub\/","og_site_name":"ArchiveHub.io","article_publisher":"https:\/\/www.facebook.com\/people\/ArchiveHubio\/100091316926341\/","article_modified_time":"2023-04-10T20:23:06+00:00","twitter_card":"summary_large_image","twitter_misc":{"Dur\u00e9e de lecture estim\u00e9e":"1 minute"},"schema":{"@context":"https:\/\/schema.org","@graph":[{"@type":"WebPage","@id":"https:\/\/archivehub.io\/fr\/domaines-dapplication-sap-pris-en-charge-par-archivehub\/","url":"https:\/\/archivehub.io\/fr\/domaines-dapplication-sap-pris-en-charge-par-archivehub\/","name":"Domaines d'application SAP pris en charge par ArchiveHub - ArchiveHub.io","isPartOf":{"@id":"https:\/\/archivehub.io\/fr\/#website"},"datePublished":"2023-03-26T18:45:40+00:00","dateModified":"2023-04-10T20:23:06+00:00","inLanguage":"fr-FR","potentialAction":[{"@type":"ReadAction","target":["https:\/\/archivehub.io\/fr\/domaines-dapplication-sap-pris-en-charge-par-archivehub\/"]}]},{"@type":"WebSite","@id":"https:\/\/archivehub.io\/fr\/#website","url":"https:\/\/archivehub.io\/fr\/","name":"ArchiveHub.io","description":"SAP Archived Data Reporting Made Easy","publisher":{"@id":"https:\/\/archivehub.io\/fr\/#organization"},"potentialAction":[{"@type":"SearchAction","target":{"@type":"EntryPoint","urlTemplate":"https:\/\/archivehub.io\/fr\/?s={search_term_string}"},"query-input":{"@type":"PropertyValueSpecification","valueRequired":true,"valueName":"search_term_string"}}],"inLanguage":"fr-FR"},{"@type":"Organization","@id":"https:\/\/archivehub.io\/fr\/#organization","name":"ArchiveHub.io","url":"https:\/\/archivehub.io\/fr\/","logo":{"@type":"ImageObject","inLanguage":"fr-FR","@id":"https:\/\/archivehub.io\/fr\/#\/schema\/logo\/image\/","url":"https:\/\/archivehub.io\/wp-content\/uploads\/2023\/03\/350px.png","contentUrl":"https:\/\/archivehub.io\/wp-content\/uploads\/2023\/03\/350px.png","width":351,"height":77,"caption":"ArchiveHub.io"},"image":{"@id":"https:\/\/archivehub.io\/fr\/#\/schema\/logo\/image\/"},"sameAs":["https:\/\/www.facebook.com\/people\/ArchiveHubio\/100091316926341\/"]}]}},"_links":{"self":[{"href":"https:\/\/archivehub.io\/fr\/wp-json\/wp\/v2\/pages\/5503","targetHints":{"allow":["GET"]}}],"collection":[{"href":"https:\/\/archivehub.io\/fr\/wp-json\/wp\/v2\/pages"}],"about":[{"href":"https:\/\/archivehub.io\/fr\/wp-json\/wp\/v2\/types\/page"}],"author":[{"embeddable":true,"href":"https:\/\/archivehub.io\/fr\/wp-json\/wp\/v2\/users\/1"}],"replies":[{"embeddable":true,"href":"https:\/\/archivehub.io\/fr\/wp-json\/wp\/v2\/comments?post=5503"}],"version-history":[{"count":1,"href":"https:\/\/archivehub.io\/fr\/wp-json\/wp\/v2\/pages\/5503\/revisions"}],"predecessor-version":[{"id":5504,"href":"https:\/\/archivehub.io\/fr\/wp-json\/wp\/v2\/pages\/5503\/revisions\/5504"}],"wp:attachment":[{"href":"https:\/\/archivehub.io\/fr\/wp-json\/wp\/v2\/media?parent=5503"}],"curies":[{"name":"wp","href":"https:\/\/api.w.org\/{rel}","templated":true}]}}