{"id":5498,"date":"2023-03-30T17:30:12","date_gmt":"2023-03-30T17:30:12","guid":{"rendered":"https:\/\/archivehub.io\/declaration-de-confidentialite\/"},"modified":"2023-04-10T20:16:00","modified_gmt":"2023-04-10T20:16:00","slug":"declaration-de-confidentialite","status":"publish","type":"page","link":"https:\/\/archivehub.io\/fr\/declaration-de-confidentialite\/","title":{"rendered":"D\u00e9claration de confidentialit\u00e9"},"content":{"rendered":"\t\t<div data-elementor-type=\"wp-page\" data-elementor-id=\"5498\" class=\"elementor elementor-5498 elementor-3987\">\n\t\t\t\t\t\t<section class=\"elementor-section elementor-top-section elementor-element elementor-element-d2f3def elementor-section-boxed elementor-section-height-default elementor-section-height-default\" data-id=\"d2f3def\" data-element_type=\"section\">\n\t\t\t\t\t\t<div class=\"elementor-container elementor-column-gap-default\">\n\t\t\t\t\t<div class=\"elementor-column elementor-col-100 elementor-top-column elementor-element elementor-element-9cc0f8e\" data-id=\"9cc0f8e\" data-element_type=\"column\">\n\t\t\t<div class=\"elementor-widget-wrap elementor-element-populated\">\n\t\t\t\t\t\t<div class=\"elementor-element elementor-element-9e6fc58 elementor-widget elementor-widget-text-editor\" data-id=\"9e6fc58\" data-element_type=\"widget\" data-widget_type=\"text-editor.default\">\n\t\t\t\t<div class=\"elementor-widget-container\">\n\t\t\t\t\t\t\t\t\t<h4><strong>D\u00e9claration de confidentialit\u00e9<\/strong><\/h4>\n<p>Chez ArchiveHub.io, nous respectons votre vie priv\u00e9e et nous nous engageons \u00e0 prot\u00e9ger vos informations personnelles. Cette d\u00e9claration de confidentialit\u00e9 explique comment nous collectons, utilisons et prot\u00e9geons les informations personnelles que nous collectons via notre site Web.<\/p>\n<h4>Informations que nous recueillons<\/h4>\n<p>Nous pouvons collecter les informations personnelles que vous nous fournissez lorsque vous cr\u00e9ez un compte, vous inscrivez \u00e0 notre newsletter ou nous contactez via notre site Web. Ces informations peuvent inclure votre nom, votre adresse e-mail, votre num\u00e9ro de t\u00e9l\u00e9phone et vos informations de facturation.<\/p>\n<p>Nous recueillons \u00e9galement automatiquement des informations sur votre utilisation de notre site Web, telles que votre adresse IP, le type de navigateur, le type d&#8217;appareil et le syst\u00e8me d&#8217;exploitation. Ces informations nous aident \u00e0 comprendre comment les visiteurs utilisent notre site Web et comment nous pouvons am\u00e9liorer nos services.<\/p>\n<h4>Utilisation des informations personnelles<\/h4>\n<p>Nous utilisons les informations personnelles que nous collectons pour vous fournir nos services, communiquer avec vous au sujet de votre compte ou de vos commandes, vous envoyer des communications marketing et am\u00e9liorer notre site Web et nos services.<\/p>\n<p>Nous pouvons partager vos informations personnelles avec des prestataires de services tiers qui nous aident \u00e0 fournir nos services ou qui ex\u00e9cutent des services en notre nom, tels que le traitement des paiements, l&#8217;ex\u00e9cution des commandes et le service client.<\/p>\n<p>Nous pouvons \u00e9galement partager vos informations personnelles avec nos partenaires pour vous proposer des offres sp\u00e9ciales, des promotions et d&#8217;autres communications marketing. Si vous ne souhaitez pas recevoir ces communications, vous pouvez vous d\u00e9sinscrire en nous contactant \u00e0 info at archivehub.io.<\/p>\n<h4>La conservation des donn\u00e9es<\/h4>\n<p>Nous conserverons vos informations personnelles aussi longtemps que n\u00e9cessaire pour atteindre les objectifs pour lesquels elles ont \u00e9t\u00e9 collect\u00e9es, \u00e0 moins qu&#8217;une p\u00e9riode de conservation plus longue ne soit requise ou autoris\u00e9e par la loi.<\/p>\n<h4>Tes droits<\/h4>\n<p>Vous disposez d&#8217;un droit d&#8217;acc\u00e8s, de rectification ou de suppression de vos informations personnelles. Vous avez \u00e9galement le droit de vous opposer \u00e0 notre traitement de vos informations personnelles ou de restreindre l&#8217;utilisation de vos informations personnelles. Pour exercer l&#8217;un de ces droits, veuillez nous contacter \u00e0 info at archivehub.io.<\/p>\n<h4>S\u00e9curit\u00e9<\/h4>\n<p>Nous prenons des mesures raisonnables pour prot\u00e9ger vos informations personnelles contre tout acc\u00e8s, utilisation et divulgation non autoris\u00e9s. Cependant, aucune transmission de donn\u00e9es sur Internet ou un r\u00e9seau sans fil ne peut \u00eatre garantie \u00e0 100 % s\u00e9curis\u00e9e.<\/p>\n<h4>Modifications de la d\u00e9claration de confidentialit\u00e9<\/h4>\n<p>Nous pouvons mettre \u00e0 jour cette d\u00e9claration de confidentialit\u00e9 de temps \u00e0 autre. Nous vous informerons de tout changement en publiant la d\u00e9claration de confidentialit\u00e9 mise \u00e0 jour sur notre site Web.<\/p>\n<h4>Contactez-nous<\/h4>\n<p>Si vous avez des questions ou des pr\u00e9occupations concernant notre d\u00e9claration de confidentialit\u00e9 ou notre utilisation de vos informations personnelles, veuillez nous contacter \u00e0 info at archivehub.io.<\/p>\n\t\t\t\t\t\t\t\t<\/div>\n\t\t\t\t<\/div>\n\t\t\t\t\t<\/div>\n\t\t<\/div>\n\t\t\t\t\t<\/div>\n\t\t<\/section>\n\t\t\t\t<\/div>\n\t\t","protected":false},"excerpt":{"rendered":"<p>D\u00e9claration de confidentialit\u00e9 Chez ArchiveHub.io, nous respectons votre vie priv\u00e9e et nous nous engageons \u00e0 prot\u00e9ger vos informations personnelles. Cette d\u00e9claration de confidentialit\u00e9 explique comment nous collectons, utilisons et prot\u00e9geons les informations personnelles que nous collectons via notre site Web. Informations que nous recueillons Nous pouvons collecter les informations personnelles que vous nous fournissez lorsque [&hellip;]<\/p>\n","protected":false},"author":2,"featured_media":0,"parent":0,"menu_order":0,"comment_status":"closed","ping_status":"closed","template":"","meta":{"om_disable_all_campaigns":false,"_monsterinsights_skip_tracking":false,"_monsterinsights_sitenote_active":false,"_monsterinsights_sitenote_note":"","_monsterinsights_sitenote_category":0,"footnotes":""},"class_list":["post-5498","page","type-page","status-publish","hentry"],"aioseo_notices":[],"yoast_head":"<!-- This site is optimized with the Yoast SEO plugin v25.0 - https:\/\/yoast.com\/wordpress\/plugins\/seo\/ -->\n<title>D\u00e9claration de confidentialit\u00e9 - ArchiveHub.io<\/title>\n<meta name=\"robots\" content=\"noindex, nofollow\" \/>\n<meta property=\"og:locale\" content=\"fr_FR\" \/>\n<meta property=\"og:type\" content=\"article\" \/>\n<meta property=\"og:title\" content=\"D\u00e9claration de confidentialit\u00e9 - ArchiveHub.io\" \/>\n<meta property=\"og:description\" content=\"D\u00e9claration de confidentialit\u00e9 Chez ArchiveHub.io, nous respectons votre vie priv\u00e9e et nous nous engageons \u00e0 prot\u00e9ger vos informations personnelles. Cette d\u00e9claration de confidentialit\u00e9 explique comment nous collectons, utilisons et prot\u00e9geons les informations personnelles que nous collectons via notre site Web. Informations que nous recueillons Nous pouvons collecter les informations personnelles que vous nous fournissez lorsque [&hellip;]\" \/>\n<meta property=\"og:url\" content=\"https:\/\/archivehub.io\/fr\/declaration-de-confidentialite\/\" \/>\n<meta property=\"og:site_name\" content=\"ArchiveHub.io\" \/>\n<meta property=\"article:publisher\" content=\"https:\/\/www.facebook.com\/people\/ArchiveHubio\/100091316926341\/\" \/>\n<meta property=\"article:modified_time\" content=\"2023-04-10T20:16:00+00:00\" \/>\n<meta name=\"twitter:card\" content=\"summary_large_image\" \/>\n<meta name=\"twitter:label1\" content=\"Dur\u00e9e de lecture estim\u00e9e\" \/>\n\t<meta name=\"twitter:data1\" content=\"2 minutes\" \/>\n<script type=\"application\/ld+json\" class=\"yoast-schema-graph\">{\"@context\":\"https:\/\/schema.org\",\"@graph\":[{\"@type\":\"WebPage\",\"@id\":\"https:\/\/archivehub.io\/fr\/declaration-de-confidentialite\/\",\"url\":\"https:\/\/archivehub.io\/fr\/declaration-de-confidentialite\/\",\"name\":\"D\u00e9claration de confidentialit\u00e9 - ArchiveHub.io\",\"isPartOf\":{\"@id\":\"https:\/\/archivehub.io\/fr\/#website\"},\"datePublished\":\"2023-03-30T17:30:12+00:00\",\"dateModified\":\"2023-04-10T20:16:00+00:00\",\"inLanguage\":\"fr-FR\",\"potentialAction\":[{\"@type\":\"ReadAction\",\"target\":[\"https:\/\/archivehub.io\/fr\/declaration-de-confidentialite\/\"]}]},{\"@type\":\"WebSite\",\"@id\":\"https:\/\/archivehub.io\/fr\/#website\",\"url\":\"https:\/\/archivehub.io\/fr\/\",\"name\":\"ArchiveHub.io\",\"description\":\"SAP Archived Data Reporting Made Easy\",\"publisher\":{\"@id\":\"https:\/\/archivehub.io\/fr\/#organization\"},\"potentialAction\":[{\"@type\":\"SearchAction\",\"target\":{\"@type\":\"EntryPoint\",\"urlTemplate\":\"https:\/\/archivehub.io\/fr\/?s={search_term_string}\"},\"query-input\":{\"@type\":\"PropertyValueSpecification\",\"valueRequired\":true,\"valueName\":\"search_term_string\"}}],\"inLanguage\":\"fr-FR\"},{\"@type\":\"Organization\",\"@id\":\"https:\/\/archivehub.io\/fr\/#organization\",\"name\":\"ArchiveHub.io\",\"url\":\"https:\/\/archivehub.io\/fr\/\",\"logo\":{\"@type\":\"ImageObject\",\"inLanguage\":\"fr-FR\",\"@id\":\"https:\/\/archivehub.io\/fr\/#\/schema\/logo\/image\/\",\"url\":\"https:\/\/archivehub.io\/wp-content\/uploads\/2023\/03\/350px.png\",\"contentUrl\":\"https:\/\/archivehub.io\/wp-content\/uploads\/2023\/03\/350px.png\",\"width\":351,\"height\":77,\"caption\":\"ArchiveHub.io\"},\"image\":{\"@id\":\"https:\/\/archivehub.io\/fr\/#\/schema\/logo\/image\/\"},\"sameAs\":[\"https:\/\/www.facebook.com\/people\/ArchiveHubio\/100091316926341\/\"]}]}<\/script>\n<!-- \/ Yoast SEO plugin. -->","yoast_head_json":{"title":"D\u00e9claration de confidentialit\u00e9 - ArchiveHub.io","robots":{"index":"noindex","follow":"nofollow"},"og_locale":"fr_FR","og_type":"article","og_title":"D\u00e9claration de confidentialit\u00e9 - ArchiveHub.io","og_description":"D\u00e9claration de confidentialit\u00e9 Chez ArchiveHub.io, nous respectons votre vie priv\u00e9e et nous nous engageons \u00e0 prot\u00e9ger vos informations personnelles. Cette d\u00e9claration de confidentialit\u00e9 explique comment nous collectons, utilisons et prot\u00e9geons les informations personnelles que nous collectons via notre site Web. Informations que nous recueillons Nous pouvons collecter les informations personnelles que vous nous fournissez lorsque [&hellip;]","og_url":"https:\/\/archivehub.io\/fr\/declaration-de-confidentialite\/","og_site_name":"ArchiveHub.io","article_publisher":"https:\/\/www.facebook.com\/people\/ArchiveHubio\/100091316926341\/","article_modified_time":"2023-04-10T20:16:00+00:00","twitter_card":"summary_large_image","twitter_misc":{"Dur\u00e9e de lecture estim\u00e9e":"2 minutes"},"schema":{"@context":"https:\/\/schema.org","@graph":[{"@type":"WebPage","@id":"https:\/\/archivehub.io\/fr\/declaration-de-confidentialite\/","url":"https:\/\/archivehub.io\/fr\/declaration-de-confidentialite\/","name":"D\u00e9claration de confidentialit\u00e9 - ArchiveHub.io","isPartOf":{"@id":"https:\/\/archivehub.io\/fr\/#website"},"datePublished":"2023-03-30T17:30:12+00:00","dateModified":"2023-04-10T20:16:00+00:00","inLanguage":"fr-FR","potentialAction":[{"@type":"ReadAction","target":["https:\/\/archivehub.io\/fr\/declaration-de-confidentialite\/"]}]},{"@type":"WebSite","@id":"https:\/\/archivehub.io\/fr\/#website","url":"https:\/\/archivehub.io\/fr\/","name":"ArchiveHub.io","description":"SAP Archived Data Reporting Made Easy","publisher":{"@id":"https:\/\/archivehub.io\/fr\/#organization"},"potentialAction":[{"@type":"SearchAction","target":{"@type":"EntryPoint","urlTemplate":"https:\/\/archivehub.io\/fr\/?s={search_term_string}"},"query-input":{"@type":"PropertyValueSpecification","valueRequired":true,"valueName":"search_term_string"}}],"inLanguage":"fr-FR"},{"@type":"Organization","@id":"https:\/\/archivehub.io\/fr\/#organization","name":"ArchiveHub.io","url":"https:\/\/archivehub.io\/fr\/","logo":{"@type":"ImageObject","inLanguage":"fr-FR","@id":"https:\/\/archivehub.io\/fr\/#\/schema\/logo\/image\/","url":"https:\/\/archivehub.io\/wp-content\/uploads\/2023\/03\/350px.png","contentUrl":"https:\/\/archivehub.io\/wp-content\/uploads\/2023\/03\/350px.png","width":351,"height":77,"caption":"ArchiveHub.io"},"image":{"@id":"https:\/\/archivehub.io\/fr\/#\/schema\/logo\/image\/"},"sameAs":["https:\/\/www.facebook.com\/people\/ArchiveHubio\/100091316926341\/"]}]}},"_links":{"self":[{"href":"https:\/\/archivehub.io\/fr\/wp-json\/wp\/v2\/pages\/5498","targetHints":{"allow":["GET"]}}],"collection":[{"href":"https:\/\/archivehub.io\/fr\/wp-json\/wp\/v2\/pages"}],"about":[{"href":"https:\/\/archivehub.io\/fr\/wp-json\/wp\/v2\/types\/page"}],"author":[{"embeddable":true,"href":"https:\/\/archivehub.io\/fr\/wp-json\/wp\/v2\/users\/2"}],"replies":[{"embeddable":true,"href":"https:\/\/archivehub.io\/fr\/wp-json\/wp\/v2\/comments?post=5498"}],"version-history":[{"count":1,"href":"https:\/\/archivehub.io\/fr\/wp-json\/wp\/v2\/pages\/5498\/revisions"}],"predecessor-version":[{"id":5499,"href":"https:\/\/archivehub.io\/fr\/wp-json\/wp\/v2\/pages\/5498\/revisions\/5499"}],"wp:attachment":[{"href":"https:\/\/archivehub.io\/fr\/wp-json\/wp\/v2\/media?parent=5498"}],"curies":[{"name":"wp","href":"https:\/\/api.w.org\/{rel}","templated":true}]}}