{"id":5488,"date":"2023-03-25T20:39:27","date_gmt":"2023-03-25T20:39:27","guid":{"rendered":"https:\/\/archivehub.io\/les-partenaires\/"},"modified":"2023-04-10T20:02:37","modified_gmt":"2023-04-10T20:02:37","slug":"les-partenaires","status":"publish","type":"page","link":"https:\/\/archivehub.io\/fr\/les-partenaires\/","title":{"rendered":"Les partenaires"},"content":{"rendered":"\t\t<div data-elementor-type=\"wp-page\" data-elementor-id=\"5488\" class=\"elementor elementor-5488 elementor-2958\">\n\t\t\t\t\t\t<section class=\"elementor-section elementor-top-section elementor-element elementor-element-c2f4476 elementor-section-boxed elementor-section-height-default elementor-section-height-default\" data-id=\"c2f4476\" data-element_type=\"section\">\n\t\t\t\t\t\t<div class=\"elementor-container elementor-column-gap-default\">\n\t\t\t\t\t<div class=\"elementor-column elementor-col-100 elementor-top-column elementor-element elementor-element-251d9f9\" data-id=\"251d9f9\" data-element_type=\"column\">\n\t\t\t<div class=\"elementor-widget-wrap elementor-element-populated\">\n\t\t\t\t\t\t<div class=\"elementor-element elementor-element-60fb5b9 elementor-widget elementor-widget-heading\" data-id=\"60fb5b9\" data-element_type=\"widget\" data-widget_type=\"heading.default\">\n\t\t\t\t<div class=\"elementor-widget-container\">\n\t\t\t\t\t<h2 class=\"elementor-heading-title elementor-size-default\">ArchiveHub s'associe \u00e0 des revendeurs, des fournisseurs de services et des experts technologiques du monde entier. Ensemble, ArchiveHub et l'\u00e9cosyst\u00e8me de partenaires aident les organisations \u00e0 g\u00e9n\u00e9rer de nouvelles activit\u00e9s, \u00e0 \u00e9tablir des avantages concurrentiels et \u00e0 cr\u00e9er une valeur commerciale d\u00e9montrable.\u200b<\/h2>\t\t\t\t<\/div>\n\t\t\t\t<\/div>\n\t\t\t\t\t<\/div>\n\t\t<\/div>\n\t\t\t\t\t<\/div>\n\t\t<\/section>\n\t\t\t\t<section class=\"elementor-section elementor-top-section elementor-element elementor-element-63706e2 elementor-section-boxed elementor-section-height-default elementor-section-height-default\" data-id=\"63706e2\" data-element_type=\"section\">\n\t\t\t\t\t\t<div class=\"elementor-container elementor-column-gap-default\">\n\t\t\t\t\t<div class=\"elementor-column elementor-col-100 elementor-top-column elementor-element elementor-element-5a58d01\" data-id=\"5a58d01\" data-element_type=\"column\">\n\t\t\t<div class=\"elementor-widget-wrap elementor-element-populated\">\n\t\t\t\t\t\t<div class=\"elementor-element elementor-element-5001427 elementor-widget elementor-widget-spacer\" data-id=\"5001427\" data-element_type=\"widget\" data-widget_type=\"spacer.default\">\n\t\t\t\t<div class=\"elementor-widget-container\">\n\t\t\t\t\t\t\t<div class=\"elementor-spacer\">\n\t\t\t<div class=\"elementor-spacer-inner\"><\/div>\n\t\t<\/div>\n\t\t\t\t\t\t<\/div>\n\t\t\t\t<\/div>\n\t\t\t\t\t<\/div>\n\t\t<\/div>\n\t\t\t\t\t<\/div>\n\t\t<\/section>\n\t\t\t\t<section class=\"elementor-section elementor-top-section elementor-element elementor-element-58ecc25 elementor-section-boxed elementor-section-height-default elementor-section-height-default\" data-id=\"58ecc25\" data-element_type=\"section\">\n\t\t\t\t\t\t<div class=\"elementor-container elementor-column-gap-default\">\n\t\t\t\t\t<div class=\"elementor-column elementor-col-100 elementor-top-column elementor-element elementor-element-2277d9f\" data-id=\"2277d9f\" data-element_type=\"column\">\n\t\t\t<div class=\"elementor-widget-wrap elementor-element-populated\">\n\t\t\t\t\t\t<div class=\"elementor-element elementor-element-0d188ff elementor-widget elementor-widget-heading\" data-id=\"0d188ff\" data-element_type=\"widget\" data-widget_type=\"heading.default\">\n\t\t\t\t<div class=\"elementor-widget-container\">\n\t\t\t\t\t<h2 class=\"elementor-heading-title elementor-size-default\">Devenir un partenaire<\/h2>\t\t\t\t<\/div>\n\t\t\t\t<\/div>\n\t\t\t\t\t<\/div>\n\t\t<\/div>\n\t\t\t\t\t<\/div>\n\t\t<\/section>\n\t\t\t\t<section class=\"elementor-section elementor-top-section elementor-element elementor-element-e1d0cba elementor-section-boxed elementor-section-height-default elementor-section-height-default\" data-id=\"e1d0cba\" data-element_type=\"section\">\n\t\t\t\t\t\t<div class=\"elementor-container elementor-column-gap-default\">\n\t\t\t\t\t<div class=\"elementor-column elementor-col-100 elementor-top-column elementor-element elementor-element-2c9bd43\" data-id=\"2c9bd43\" data-element_type=\"column\">\n\t\t\t<div class=\"elementor-widget-wrap elementor-element-populated\">\n\t\t\t\t\t\t<div class=\"elementor-element elementor-element-5cba34d elementor-widget elementor-widget-text-editor\" data-id=\"5cba34d\" data-element_type=\"widget\" data-widget_type=\"text-editor.default\">\n\t\t\t\t<div class=\"elementor-widget-container\">\n\t\t\t\t\t\t\t\t\t<p>Merci de votre int\u00e9r\u00eat \u00e0 rejoindre le programme de partenariat ArchiveHub.<\/p>\n<p>Veuillez remplir et soumettre le formulaire de demande ci-dessous. Cette candidature sera examin\u00e9e et vous serez inform\u00e9 par un responsable partenaire si votre candidature sera examin\u00e9e plus avant.<\/p>\n\t\t\t\t\t\t\t\t<\/div>\n\t\t\t\t<\/div>\n\t\t\t\t\t<\/div>\n\t\t<\/div>\n\t\t\t\t\t<\/div>\n\t\t<\/section>\n\t\t\t\t<section class=\"elementor-section elementor-top-section elementor-element elementor-element-fbbcf72 elementor-section-boxed elementor-section-height-default elementor-section-height-default\" data-id=\"fbbcf72\" data-element_type=\"section\">\n\t\t\t\t\t\t<div class=\"elementor-container elementor-column-gap-default\">\n\t\t\t\t\t<div class=\"elementor-column elementor-col-100 elementor-top-column elementor-element elementor-element-743eb9b\" data-id=\"743eb9b\" data-element_type=\"column\">\n\t\t\t<div class=\"elementor-widget-wrap elementor-element-populated\">\n\t\t\t\t\t\t<div class=\"elementor-element elementor-element-6a14563 elementor-align-center elementor-widget elementor-widget-button\" data-id=\"6a14563\" data-element_type=\"widget\" data-widget_type=\"button.default\">\n\t\t\t\t<div class=\"elementor-widget-container\">\n\t\t\t\t\t\t\t\t\t<div class=\"elementor-button-wrapper\">\n\t\t\t\t\t<a class=\"elementor-button elementor-button-link elementor-size-sm\" href=\"https:\/\/vio.exm.mybluehost.me\/partners\/become-a-partner\">\n\t\t\t\t\t\t<span class=\"elementor-button-content-wrapper\">\n\t\t\t\t\t\t\t\t\t<span class=\"elementor-button-text\">Devenir un partenaire<\/span>\n\t\t\t\t\t<\/span>\n\t\t\t\t\t<\/a>\n\t\t\t\t<\/div>\n\t\t\t\t\t\t\t\t<\/div>\n\t\t\t\t<\/div>\n\t\t\t\t\t<\/div>\n\t\t<\/div>\n\t\t\t\t\t<\/div>\n\t\t<\/section>\n\t\t\t\t<section class=\"elementor-section elementor-top-section elementor-element elementor-element-b8b21e8 elementor-section-boxed elementor-section-height-default elementor-section-height-default\" data-id=\"b8b21e8\" data-element_type=\"section\">\n\t\t\t\t\t\t<div class=\"elementor-container elementor-column-gap-default\">\n\t\t\t\t\t<div class=\"elementor-column elementor-col-100 elementor-top-column elementor-element elementor-element-5d63fa8\" data-id=\"5d63fa8\" data-element_type=\"column\">\n\t\t\t<div class=\"elementor-widget-wrap elementor-element-populated\">\n\t\t\t\t\t\t<div class=\"elementor-element elementor-element-65fa5c1 elementor-widget elementor-widget-spacer\" data-id=\"65fa5c1\" data-element_type=\"widget\" data-widget_type=\"spacer.default\">\n\t\t\t\t<div class=\"elementor-widget-container\">\n\t\t\t\t\t\t\t<div class=\"elementor-spacer\">\n\t\t\t<div class=\"elementor-spacer-inner\"><\/div>\n\t\t<\/div>\n\t\t\t\t\t\t<\/div>\n\t\t\t\t<\/div>\n\t\t\t\t\t<\/div>\n\t\t<\/div>\n\t\t\t\t\t<\/div>\n\t\t<\/section>\n\t\t\t\t<section class=\"elementor-section elementor-top-section elementor-element elementor-element-ca8d4c8 elementor-section-boxed elementor-section-height-default elementor-section-height-default\" data-id=\"ca8d4c8\" data-element_type=\"section\">\n\t\t\t\t\t\t<div class=\"elementor-container elementor-column-gap-default\">\n\t\t\t\t\t<div class=\"elementor-column elementor-col-100 elementor-top-column elementor-element elementor-element-47eccab\" data-id=\"47eccab\" data-element_type=\"column\">\n\t\t\t<div class=\"elementor-widget-wrap elementor-element-populated\">\n\t\t\t\t\t\t<div class=\"elementor-element elementor-element-2ccced4 elementor-widget elementor-widget-heading\" data-id=\"2ccced4\" data-element_type=\"widget\" data-widget_type=\"heading.default\">\n\t\t\t\t<div class=\"elementor-widget-container\">\n\t\t\t\t\t<h2 class=\"elementor-heading-title elementor-size-default\">Enregistrer une opportunit\u00e9<\/h2>\t\t\t\t<\/div>\n\t\t\t\t<\/div>\n\t\t\t\t\t<\/div>\n\t\t<\/div>\n\t\t\t\t\t<\/div>\n\t\t<\/section>\n\t\t\t\t<section class=\"elementor-section elementor-top-section elementor-element elementor-element-599c9c0 elementor-section-boxed elementor-section-height-default elementor-section-height-default\" data-id=\"599c9c0\" data-element_type=\"section\">\n\t\t\t\t\t\t<div class=\"elementor-container elementor-column-gap-default\">\n\t\t\t\t\t<div class=\"elementor-column elementor-col-100 elementor-top-column elementor-element elementor-element-05ec94c\" data-id=\"05ec94c\" data-element_type=\"column\">\n\t\t\t<div class=\"elementor-widget-wrap elementor-element-populated\">\n\t\t\t\t\t\t<div class=\"elementor-element elementor-element-09cc735 elementor-widget elementor-widget-text-editor\" data-id=\"09cc735\" data-element_type=\"widget\" data-widget_type=\"text-editor.default\">\n\t\t\t\t<div class=\"elementor-widget-container\">\n\t\t\t\t\t\t\t\t\t<p>Le programme de parrainage ArchiveHub offre des frais d&#8217;interm\u00e9diaire aux partenaires qui recherchent de nouveaux prospects pour les licences, les abonnements et les services professionnels. R\u00e9f\u00e9rez de nouvelles opportunit\u00e9s \u00e0 ArchiveHub pour acc\u00e9l\u00e9rer les transactions, g\u00e9n\u00e9rer des revenus et gagner des clients. Les offres doivent \u00eatre enregistr\u00e9es et approuv\u00e9es pour \u00eatre \u00e9ligibles.<\/p>\n\t\t\t\t\t\t\t\t<\/div>\n\t\t\t\t<\/div>\n\t\t\t\t\t<\/div>\n\t\t<\/div>\n\t\t\t\t\t<\/div>\n\t\t<\/section>\n\t\t\t\t<section class=\"elementor-section elementor-top-section elementor-element elementor-element-25b3201 elementor-section-boxed elementor-section-height-default elementor-section-height-default\" data-id=\"25b3201\" data-element_type=\"section\">\n\t\t\t\t\t\t<div class=\"elementor-container elementor-column-gap-default\">\n\t\t\t\t\t<div class=\"elementor-column elementor-col-100 elementor-top-column elementor-element elementor-element-7c6b80a\" data-id=\"7c6b80a\" data-element_type=\"column\">\n\t\t\t<div class=\"elementor-widget-wrap elementor-element-populated\">\n\t\t\t\t\t\t<div class=\"elementor-element elementor-element-2400d13 elementor-align-center elementor-widget elementor-widget-button\" data-id=\"2400d13\" data-element_type=\"widget\" data-widget_type=\"button.default\">\n\t\t\t\t<div class=\"elementor-widget-container\">\n\t\t\t\t\t\t\t\t\t<div class=\"elementor-button-wrapper\">\n\t\t\t\t\t<a class=\"elementor-button elementor-button-link elementor-size-sm\" href=\"https:\/\/vio.exm.mybluehost.me\/partners\/register-an-opportunity\/\">\n\t\t\t\t\t\t<span class=\"elementor-button-content-wrapper\">\n\t\t\t\t\t\t\t\t\t<span class=\"elementor-button-text\">Enregistrez une opportunit\u00e9<\/span>\n\t\t\t\t\t<\/span>\n\t\t\t\t\t<\/a>\n\t\t\t\t<\/div>\n\t\t\t\t\t\t\t\t<\/div>\n\t\t\t\t<\/div>\n\t\t\t\t\t<\/div>\n\t\t<\/div>\n\t\t\t\t\t<\/div>\n\t\t<\/section>\n\t\t\t\t<section class=\"elementor-section elementor-top-section elementor-element elementor-element-50758fa elementor-section-boxed elementor-section-height-default elementor-section-height-default\" data-id=\"50758fa\" data-element_type=\"section\">\n\t\t\t\t\t\t<div class=\"elementor-container elementor-column-gap-default\">\n\t\t\t\t\t<div class=\"elementor-column elementor-col-100 elementor-top-column elementor-element elementor-element-11c1b37\" data-id=\"11c1b37\" data-element_type=\"column\">\n\t\t\t<div class=\"elementor-widget-wrap elementor-element-populated\">\n\t\t\t\t\t\t<div class=\"elementor-element elementor-element-165ccc3 elementor-widget elementor-widget-spacer\" data-id=\"165ccc3\" data-element_type=\"widget\" data-widget_type=\"spacer.default\">\n\t\t\t\t<div class=\"elementor-widget-container\">\n\t\t\t\t\t\t\t<div class=\"elementor-spacer\">\n\t\t\t<div class=\"elementor-spacer-inner\"><\/div>\n\t\t<\/div>\n\t\t\t\t\t\t<\/div>\n\t\t\t\t<\/div>\n\t\t\t\t\t<\/div>\n\t\t<\/div>\n\t\t\t\t\t<\/div>\n\t\t<\/section>\n\t\t\t\t<section class=\"elementor-section elementor-top-section elementor-element elementor-element-7ae5ef6 elementor-section-boxed elementor-section-height-default elementor-section-height-default\" data-id=\"7ae5ef6\" data-element_type=\"section\">\n\t\t\t\t\t\t<div class=\"elementor-container elementor-column-gap-default\">\n\t\t\t\t\t<div class=\"elementor-column elementor-col-100 elementor-top-column elementor-element elementor-element-095602c\" data-id=\"095602c\" data-element_type=\"column\">\n\t\t\t<div class=\"elementor-widget-wrap elementor-element-populated\">\n\t\t\t\t\t\t<div class=\"elementor-element elementor-element-cb8a7df elementor-widget elementor-widget-heading\" data-id=\"cb8a7df\" data-element_type=\"widget\" data-widget_type=\"heading.default\">\n\t\t\t\t<div class=\"elementor-widget-container\">\n\t\t\t\t\t<h2 class=\"elementor-heading-title elementor-size-default\">Devenez un consultant ind\u00e9pendant ArchiveHub pour SAP<\/h2>\t\t\t\t<\/div>\n\t\t\t\t<\/div>\n\t\t\t\t\t<\/div>\n\t\t<\/div>\n\t\t\t\t\t<\/div>\n\t\t<\/section>\n\t\t\t\t<section class=\"elementor-section elementor-top-section elementor-element elementor-element-ea7c68f elementor-section-boxed elementor-section-height-default elementor-section-height-default\" data-id=\"ea7c68f\" data-element_type=\"section\">\n\t\t\t\t\t\t<div class=\"elementor-container elementor-column-gap-default\">\n\t\t\t\t\t<div class=\"elementor-column elementor-col-100 elementor-top-column elementor-element elementor-element-7ca0164\" data-id=\"7ca0164\" data-element_type=\"column\">\n\t\t\t<div class=\"elementor-widget-wrap elementor-element-populated\">\n\t\t\t\t\t\t<div class=\"elementor-element elementor-element-c637520 elementor-widget elementor-widget-text-editor\" data-id=\"c637520\" data-element_type=\"widget\" data-widget_type=\"text-editor.default\">\n\t\t\t\t<div class=\"elementor-widget-container\">\n\t\t\t\t\t\t\t\t\t<p>Merci de votre int\u00e9r\u00eat \u00e0 rejoindre le programme de consultant ind\u00e9pendant ArchiveHub.<\/p>\n<p>Veuillez remplir et soumettre le formulaire de demande ci-dessous. Veuillez noter qu&#8217;un consultant ne doit pas \u00eatre un employ\u00e9 du client final. Le consultant doit \u00eatre v\u00e9ritablement int\u00e9ress\u00e9 \u00e0 r\u00e9soudre les probl\u00e8mes d&#8217;archivage du client et trouver les solutions ArchiveHub adapt\u00e9es \u00e0 son client. Cette candidature sera examin\u00e9e et vous serez inform\u00e9 par un consultant \/ responsable partenaire si votre candidature sera examin\u00e9e plus avant.<\/p>\n\t\t\t\t\t\t\t\t<\/div>\n\t\t\t\t<\/div>\n\t\t\t\t\t<\/div>\n\t\t<\/div>\n\t\t\t\t\t<\/div>\n\t\t<\/section>\n\t\t\t\t<section class=\"elementor-section elementor-top-section elementor-element elementor-element-5da612b elementor-section-boxed elementor-section-height-default elementor-section-height-default\" data-id=\"5da612b\" data-element_type=\"section\">\n\t\t\t\t\t\t<div class=\"elementor-container elementor-column-gap-default\">\n\t\t\t\t\t<div class=\"elementor-column elementor-col-100 elementor-top-column elementor-element elementor-element-0620012\" data-id=\"0620012\" data-element_type=\"column\">\n\t\t\t<div class=\"elementor-widget-wrap elementor-element-populated\">\n\t\t\t\t\t\t<div class=\"elementor-element elementor-element-6d53e13 elementor-align-center elementor-widget elementor-widget-button\" data-id=\"6d53e13\" data-element_type=\"widget\" data-widget_type=\"button.default\">\n\t\t\t\t<div class=\"elementor-widget-container\">\n\t\t\t\t\t\t\t\t\t<div class=\"elementor-button-wrapper\">\n\t\t\t\t\t<a class=\"elementor-button elementor-button-link elementor-size-sm\" href=\"https:\/\/vio.exm.mybluehost.me\/partners\/become-an-independent-consultant\/\">\n\t\t\t\t\t\t<span class=\"elementor-button-content-wrapper\">\n\t\t\t\t\t\t\t\t\t<span class=\"elementor-button-text\">Devenir consultant ind\u00e9pendant<\/span>\n\t\t\t\t\t<\/span>\n\t\t\t\t\t<\/a>\n\t\t\t\t<\/div>\n\t\t\t\t\t\t\t\t<\/div>\n\t\t\t\t<\/div>\n\t\t\t\t\t<\/div>\n\t\t<\/div>\n\t\t\t\t\t<\/div>\n\t\t<\/section>\n\t\t\t\t<\/div>\n\t\t","protected":false},"excerpt":{"rendered":"<p>ArchiveHub s&#8217;associe \u00e0 des revendeurs, des fournisseurs de services et des experts technologiques du monde entier. Ensemble, ArchiveHub et l&#8217;\u00e9cosyst\u00e8me de partenaires aident les organisations \u00e0 g\u00e9n\u00e9rer de nouvelles activit\u00e9s, \u00e0 \u00e9tablir des avantages concurrentiels et \u00e0 cr\u00e9er une valeur commerciale d\u00e9montrable.\u200b Devenir un partenaire Merci de votre int\u00e9r\u00eat \u00e0 rejoindre le programme de partenariat [&hellip;]<\/p>\n","protected":false},"author":1,"featured_media":0,"parent":0,"menu_order":0,"comment_status":"closed","ping_status":"closed","template":"","meta":{"om_disable_all_campaigns":false,"_monsterinsights_skip_tracking":false,"_monsterinsights_sitenote_active":false,"_monsterinsights_sitenote_note":"","_monsterinsights_sitenote_category":0,"footnotes":""},"class_list":["post-5488","page","type-page","status-publish","hentry"],"aioseo_notices":[],"yoast_head":"<!-- This site is optimized with the Yoast SEO plugin v25.0 - https:\/\/yoast.com\/wordpress\/plugins\/seo\/ -->\n<title>Les partenaires - ArchiveHub.io<\/title>\n<meta name=\"description\" content=\"ArchiveHub s&#039;associe \u00e0 des revendeurs, des fournisseurs de services et des experts technologiques du monde entier. Ensemble, ArchiveHub et l&#039;\u00e9cosyst\u00e8me de partenaires aident les organisations \u00e0 g\u00e9n\u00e9rer de nouvelles activit\u00e9s, \u00e0 \u00e9tablir des avantages concurrentiels et \u00e0 cr\u00e9er une valeur commerciale d\u00e9montrable.\u200b\" \/>\n<meta name=\"robots\" content=\"index, follow, max-snippet:-1, max-image-preview:large, max-video-preview:-1\" \/>\n<link rel=\"canonical\" href=\"https:\/\/archivehub.io\/fr\/les-partenaires\/\" \/>\n<meta property=\"og:locale\" content=\"fr_FR\" \/>\n<meta property=\"og:type\" content=\"article\" \/>\n<meta property=\"og:title\" content=\"Les partenaires - ArchiveHub.io\" \/>\n<meta property=\"og:description\" content=\"ArchiveHub s&#039;associe \u00e0 des revendeurs, des fournisseurs de services et des experts technologiques du monde entier. Ensemble, ArchiveHub et l&#039;\u00e9cosyst\u00e8me de partenaires aident les organisations \u00e0 g\u00e9n\u00e9rer de nouvelles activit\u00e9s, \u00e0 \u00e9tablir des avantages concurrentiels et \u00e0 cr\u00e9er une valeur commerciale d\u00e9montrable.\u200b\" \/>\n<meta property=\"og:url\" content=\"https:\/\/archivehub.io\/fr\/les-partenaires\/\" \/>\n<meta property=\"og:site_name\" content=\"ArchiveHub.io\" \/>\n<meta property=\"article:publisher\" content=\"https:\/\/www.facebook.com\/people\/ArchiveHubio\/100091316926341\/\" \/>\n<meta property=\"article:modified_time\" content=\"2023-04-10T20:02:37+00:00\" \/>\n<meta name=\"twitter:card\" content=\"summary_large_image\" \/>\n<meta name=\"twitter:label1\" content=\"Dur\u00e9e de lecture estim\u00e9e\" \/>\n\t<meta name=\"twitter:data1\" content=\"1 minute\" \/>\n<script type=\"application\/ld+json\" class=\"yoast-schema-graph\">{\"@context\":\"https:\/\/schema.org\",\"@graph\":[{\"@type\":\"WebPage\",\"@id\":\"https:\/\/archivehub.io\/fr\/les-partenaires\/\",\"url\":\"https:\/\/archivehub.io\/fr\/les-partenaires\/\",\"name\":\"Les partenaires - ArchiveHub.io\",\"isPartOf\":{\"@id\":\"https:\/\/archivehub.io\/fr\/#website\"},\"datePublished\":\"2023-03-25T20:39:27+00:00\",\"dateModified\":\"2023-04-10T20:02:37+00:00\",\"description\":\"ArchiveHub s'associe \u00e0 des revendeurs, des fournisseurs de services et des experts technologiques du monde entier. Ensemble, ArchiveHub et l'\u00e9cosyst\u00e8me de partenaires aident les organisations \u00e0 g\u00e9n\u00e9rer de nouvelles activit\u00e9s, \u00e0 \u00e9tablir des avantages concurrentiels et \u00e0 cr\u00e9er une valeur commerciale d\u00e9montrable.\u200b\",\"inLanguage\":\"fr-FR\",\"potentialAction\":[{\"@type\":\"ReadAction\",\"target\":[\"https:\/\/archivehub.io\/fr\/les-partenaires\/\"]}]},{\"@type\":\"WebSite\",\"@id\":\"https:\/\/archivehub.io\/fr\/#website\",\"url\":\"https:\/\/archivehub.io\/fr\/\",\"name\":\"ArchiveHub.io\",\"description\":\"SAP Archived Data Reporting Made Easy\",\"publisher\":{\"@id\":\"https:\/\/archivehub.io\/fr\/#organization\"},\"potentialAction\":[{\"@type\":\"SearchAction\",\"target\":{\"@type\":\"EntryPoint\",\"urlTemplate\":\"https:\/\/archivehub.io\/fr\/?s={search_term_string}\"},\"query-input\":{\"@type\":\"PropertyValueSpecification\",\"valueRequired\":true,\"valueName\":\"search_term_string\"}}],\"inLanguage\":\"fr-FR\"},{\"@type\":\"Organization\",\"@id\":\"https:\/\/archivehub.io\/fr\/#organization\",\"name\":\"ArchiveHub.io\",\"url\":\"https:\/\/archivehub.io\/fr\/\",\"logo\":{\"@type\":\"ImageObject\",\"inLanguage\":\"fr-FR\",\"@id\":\"https:\/\/archivehub.io\/fr\/#\/schema\/logo\/image\/\",\"url\":\"https:\/\/archivehub.io\/wp-content\/uploads\/2023\/03\/350px.png\",\"contentUrl\":\"https:\/\/archivehub.io\/wp-content\/uploads\/2023\/03\/350px.png\",\"width\":351,\"height\":77,\"caption\":\"ArchiveHub.io\"},\"image\":{\"@id\":\"https:\/\/archivehub.io\/fr\/#\/schema\/logo\/image\/\"},\"sameAs\":[\"https:\/\/www.facebook.com\/people\/ArchiveHubio\/100091316926341\/\"]}]}<\/script>\n<!-- \/ Yoast SEO plugin. -->","yoast_head_json":{"title":"Les partenaires - ArchiveHub.io","description":"ArchiveHub s'associe \u00e0 des revendeurs, des fournisseurs de services et des experts technologiques du monde entier. Ensemble, ArchiveHub et l'\u00e9cosyst\u00e8me de partenaires aident les organisations \u00e0 g\u00e9n\u00e9rer de nouvelles activit\u00e9s, \u00e0 \u00e9tablir des avantages concurrentiels et \u00e0 cr\u00e9er une valeur commerciale d\u00e9montrable.\u200b","robots":{"index":"index","follow":"follow","max-snippet":"max-snippet:-1","max-image-preview":"max-image-preview:large","max-video-preview":"max-video-preview:-1"},"canonical":"https:\/\/archivehub.io\/fr\/les-partenaires\/","og_locale":"fr_FR","og_type":"article","og_title":"Les partenaires - ArchiveHub.io","og_description":"ArchiveHub s'associe \u00e0 des revendeurs, des fournisseurs de services et des experts technologiques du monde entier. Ensemble, ArchiveHub et l'\u00e9cosyst\u00e8me de partenaires aident les organisations \u00e0 g\u00e9n\u00e9rer de nouvelles activit\u00e9s, \u00e0 \u00e9tablir des avantages concurrentiels et \u00e0 cr\u00e9er une valeur commerciale d\u00e9montrable.\u200b","og_url":"https:\/\/archivehub.io\/fr\/les-partenaires\/","og_site_name":"ArchiveHub.io","article_publisher":"https:\/\/www.facebook.com\/people\/ArchiveHubio\/100091316926341\/","article_modified_time":"2023-04-10T20:02:37+00:00","twitter_card":"summary_large_image","twitter_misc":{"Dur\u00e9e de lecture estim\u00e9e":"1 minute"},"schema":{"@context":"https:\/\/schema.org","@graph":[{"@type":"WebPage","@id":"https:\/\/archivehub.io\/fr\/les-partenaires\/","url":"https:\/\/archivehub.io\/fr\/les-partenaires\/","name":"Les partenaires - ArchiveHub.io","isPartOf":{"@id":"https:\/\/archivehub.io\/fr\/#website"},"datePublished":"2023-03-25T20:39:27+00:00","dateModified":"2023-04-10T20:02:37+00:00","description":"ArchiveHub s'associe \u00e0 des revendeurs, des fournisseurs de services et des experts technologiques du monde entier. Ensemble, ArchiveHub et l'\u00e9cosyst\u00e8me de partenaires aident les organisations \u00e0 g\u00e9n\u00e9rer de nouvelles activit\u00e9s, \u00e0 \u00e9tablir des avantages concurrentiels et \u00e0 cr\u00e9er une valeur commerciale d\u00e9montrable.\u200b","inLanguage":"fr-FR","potentialAction":[{"@type":"ReadAction","target":["https:\/\/archivehub.io\/fr\/les-partenaires\/"]}]},{"@type":"WebSite","@id":"https:\/\/archivehub.io\/fr\/#website","url":"https:\/\/archivehub.io\/fr\/","name":"ArchiveHub.io","description":"SAP Archived Data Reporting Made Easy","publisher":{"@id":"https:\/\/archivehub.io\/fr\/#organization"},"potentialAction":[{"@type":"SearchAction","target":{"@type":"EntryPoint","urlTemplate":"https:\/\/archivehub.io\/fr\/?s={search_term_string}"},"query-input":{"@type":"PropertyValueSpecification","valueRequired":true,"valueName":"search_term_string"}}],"inLanguage":"fr-FR"},{"@type":"Organization","@id":"https:\/\/archivehub.io\/fr\/#organization","name":"ArchiveHub.io","url":"https:\/\/archivehub.io\/fr\/","logo":{"@type":"ImageObject","inLanguage":"fr-FR","@id":"https:\/\/archivehub.io\/fr\/#\/schema\/logo\/image\/","url":"https:\/\/archivehub.io\/wp-content\/uploads\/2023\/03\/350px.png","contentUrl":"https:\/\/archivehub.io\/wp-content\/uploads\/2023\/03\/350px.png","width":351,"height":77,"caption":"ArchiveHub.io"},"image":{"@id":"https:\/\/archivehub.io\/fr\/#\/schema\/logo\/image\/"},"sameAs":["https:\/\/www.facebook.com\/people\/ArchiveHubio\/100091316926341\/"]}]}},"_links":{"self":[{"href":"https:\/\/archivehub.io\/fr\/wp-json\/wp\/v2\/pages\/5488","targetHints":{"allow":["GET"]}}],"collection":[{"href":"https:\/\/archivehub.io\/fr\/wp-json\/wp\/v2\/pages"}],"about":[{"href":"https:\/\/archivehub.io\/fr\/wp-json\/wp\/v2\/types\/page"}],"author":[{"embeddable":true,"href":"https:\/\/archivehub.io\/fr\/wp-json\/wp\/v2\/users\/1"}],"replies":[{"embeddable":true,"href":"https:\/\/archivehub.io\/fr\/wp-json\/wp\/v2\/comments?post=5488"}],"version-history":[{"count":1,"href":"https:\/\/archivehub.io\/fr\/wp-json\/wp\/v2\/pages\/5488\/revisions"}],"predecessor-version":[{"id":5489,"href":"https:\/\/archivehub.io\/fr\/wp-json\/wp\/v2\/pages\/5488\/revisions\/5489"}],"wp:attachment":[{"href":"https:\/\/archivehub.io\/fr\/wp-json\/wp\/v2\/media?parent=5488"}],"curies":[{"name":"wp","href":"https:\/\/api.w.org\/{rel}","templated":true}]}}