{"id":5484,"date":"2023-03-25T11:43:12","date_gmt":"2023-03-25T11:43:12","guid":{"rendered":"https:\/\/archivehub.io\/solution-de-demantelement-derp-herite-sur-sap-btp\/"},"modified":"2023-04-10T19:51:03","modified_gmt":"2023-04-10T19:51:03","slug":"solution-de-demantelement-derp-herite-sur-sap-btp","status":"publish","type":"page","link":"https:\/\/archivehub.io\/fr\/solution-de-demantelement-derp-herite-sur-sap-btp\/","title":{"rendered":"Solution de d\u00e9mant\u00e8lement d&#8217;ERP h\u00e9rit\u00e9 sur SAP BTP"},"content":{"rendered":"\t\t<div data-elementor-type=\"wp-page\" data-elementor-id=\"5484\" class=\"elementor elementor-5484 elementor-2763\">\n\t\t\t\t\t\t<section class=\"elementor-section elementor-top-section elementor-element elementor-element-8fd573e elementor-section-boxed elementor-section-height-default elementor-section-height-default\" data-id=\"8fd573e\" data-element_type=\"section\">\n\t\t\t\t\t\t<div class=\"elementor-container elementor-column-gap-default\">\n\t\t\t\t\t<div class=\"elementor-column elementor-col-50 elementor-top-column elementor-element elementor-element-5c9dbd6\" data-id=\"5c9dbd6\" data-element_type=\"column\">\n\t\t\t<div class=\"elementor-widget-wrap elementor-element-populated\">\n\t\t\t\t\t\t<div class=\"elementor-element elementor-element-7dbb16e elementor-widget elementor-widget-image\" data-id=\"7dbb16e\" data-element_type=\"widget\" data-widget_type=\"image.default\">\n\t\t\t\t<div class=\"elementor-widget-container\">\n\t\t\t\t\t\t\t\t\t\t\t\t\t\t\t<img fetchpriority=\"high\" decoding=\"async\" width=\"530\" height=\"350\" src=\"https:\/\/archivehub.io\/wp-content\/uploads\/2023\/03\/legacy_decom_btp.png\" class=\"attachment-large size-large wp-image-5367\" alt=\"\" srcset=\"https:\/\/archivehub.io\/wp-content\/uploads\/2023\/03\/legacy_decom_btp.png 530w, https:\/\/archivehub.io\/wp-content\/uploads\/2023\/03\/legacy_decom_btp-300x198.png 300w\" sizes=\"(max-width: 530px) 100vw, 530px\" \/>\t\t\t\t\t\t\t\t\t\t\t\t\t\t\t<\/div>\n\t\t\t\t<\/div>\n\t\t\t\t\t<\/div>\n\t\t<\/div>\n\t\t\t\t<div class=\"elementor-column elementor-col-50 elementor-top-column elementor-element elementor-element-78e471c\" data-id=\"78e471c\" data-element_type=\"column\">\n\t\t\t<div class=\"elementor-widget-wrap elementor-element-populated\">\n\t\t\t\t\t\t<div class=\"elementor-element elementor-element-5155402 elementor-widget elementor-widget-text-editor\" data-id=\"5155402\" data-element_type=\"widget\" data-widget_type=\"text-editor.default\">\n\t\t\t\t<div class=\"elementor-widget-container\">\n\t\t\t\t\t\t\t\t\t<p>D\u00e9couvrez une solution de transformation h\u00e9rit\u00e9e simple et puissante compatible avec tous les syst\u00e8mes ERP et bases de donn\u00e9es<\/p>\n<ul>\n<li>D\u00e9coupez ou compl\u00e9tez le d\u00e9mant\u00e8lement h\u00e9rit\u00e9 avec un d\u00e9ploiement rapide pour les donn\u00e9es structur\u00e9es et non structur\u00e9es.<\/li>\n<li>Interface SAPUI5 conviviale avec un acc\u00e8s transparent aux donn\u00e9es h\u00e9rit\u00e9es et une pr\u00e9cision de 100 %.<\/li>\n<li>Plus de 100 rapports pr\u00e9-construits avec un g\u00e9n\u00e9rateur de requ\u00eate ad hoc qui permet<br \/>aux utilisateurs de cr\u00e9er leurs propres rapports \u00e0 la demande<\/li>\n<li>Solution de gestion de contenu int\u00e9gr\u00e9e optimis\u00e9e par CMIS<br \/>Solution open source avec inf\u00e9rieur | frais de licence et acc\u00e8s utilisateur illimit\u00e9<\/li>\n<\/ul>\n\t\t\t\t\t\t\t\t<\/div>\n\t\t\t\t<\/div>\n\t\t\t\t\t<\/div>\n\t\t<\/div>\n\t\t\t\t\t<\/div>\n\t\t<\/section>\n\t\t\t\t<section class=\"elementor-section elementor-top-section elementor-element elementor-element-d6599c7 elementor-section-boxed elementor-section-height-default elementor-section-height-default\" data-id=\"d6599c7\" data-element_type=\"section\">\n\t\t\t\t\t\t<div class=\"elementor-container elementor-column-gap-default\">\n\t\t\t\t\t<div class=\"elementor-column elementor-col-100 elementor-top-column elementor-element elementor-element-4934219\" data-id=\"4934219\" data-element_type=\"column\">\n\t\t\t<div class=\"elementor-widget-wrap elementor-element-populated\">\n\t\t\t\t\t\t<div class=\"elementor-element elementor-element-b08c789 elementor-widget elementor-widget-text-editor\" data-id=\"b08c789\" data-element_type=\"widget\" data-widget_type=\"text-editor.default\">\n\t\t\t\t<div class=\"elementor-widget-container\">\n\t\t\t\t\t\t\t\t\t<p>Une approche compl\u00e8te pour arr\u00eater les syst\u00e8mes h\u00e9rit\u00e9s et centraliser les donn\u00e9es des logiciels SAP et non-SAP dans SAP BTP.<\/p>\n<p>R\u00e9alisez des \u00e9conomies et am\u00e9liorez l&#8217;efficacit\u00e9 des processus en archivant les donn\u00e9es obsol\u00e8tes dans les syst\u00e8mes de stockage open source.<\/p>\n\t\t\t\t\t\t\t\t<\/div>\n\t\t\t\t<\/div>\n\t\t\t\t\t<\/div>\n\t\t<\/div>\n\t\t\t\t\t<\/div>\n\t\t<\/section>\n\t\t\t\t<\/div>\n\t\t","protected":false},"excerpt":{"rendered":"<p>D\u00e9couvrez une solution de transformation h\u00e9rit\u00e9e simple et puissante compatible avec tous les syst\u00e8mes ERP et bases de donn\u00e9es D\u00e9coupez ou compl\u00e9tez le d\u00e9mant\u00e8lement h\u00e9rit\u00e9 avec un d\u00e9ploiement rapide pour les donn\u00e9es structur\u00e9es et non structur\u00e9es. Interface SAPUI5 conviviale avec un acc\u00e8s transparent aux donn\u00e9es h\u00e9rit\u00e9es et une pr\u00e9cision de 100 %. Plus de 100 [&hellip;]<\/p>\n","protected":false},"author":1,"featured_media":0,"parent":0,"menu_order":0,"comment_status":"closed","ping_status":"closed","template":"","meta":{"om_disable_all_campaigns":false,"_monsterinsights_skip_tracking":false,"_monsterinsights_sitenote_active":false,"_monsterinsights_sitenote_note":"","_monsterinsights_sitenote_category":0,"footnotes":""},"class_list":["post-5484","page","type-page","status-publish","hentry"],"aioseo_notices":[],"yoast_head":"<!-- This site is optimized with the Yoast SEO plugin v25.0 - https:\/\/yoast.com\/wordpress\/plugins\/seo\/ -->\n<title>Solution de d\u00e9mant\u00e8lement d&#039;ERP h\u00e9rit\u00e9 sur SAP BTP - ArchiveHub.io<\/title>\n<meta name=\"description\" content=\"Explorez une solution de transformation h\u00e9rit\u00e9e simple et puissante compatible avec tous les syst\u00e8mes et bases de donn\u00e9es ERP D\u00e9composez ou compl\u00e9tez le d\u00e9mant\u00e8lement h\u00e9rit\u00e9 avec un d\u00e9ploiement rapide pour les donn\u00e9es structur\u00e9es et non structur\u00e9es. Interface SAPUI5 conviviale avec un acc\u00e8s transparent aux donn\u00e9es h\u00e9rit\u00e9es et une pr\u00e9cision de 100 %. Plus de 100 rapports pr\u00e9d\u00e9finis avec un g\u00e9n\u00e9rateur de requ\u00eates ad hoc qui permet aux utilisateurs de cr\u00e9er leurs propres rapports \u00e0 la demandeSolution de gestion de contenu int\u00e9gr\u00e9e optimis\u00e9e par CMISSolution open source avec moins | frais de licence et acc\u00e8s utilisateur illimit\u00e9\" \/>\n<meta name=\"robots\" content=\"index, follow, max-snippet:-1, max-image-preview:large, max-video-preview:-1\" \/>\n<link rel=\"canonical\" href=\"https:\/\/archivehub.io\/fr\/solution-de-demantelement-derp-herite-sur-sap-btp\/\" \/>\n<meta property=\"og:locale\" content=\"fr_FR\" \/>\n<meta property=\"og:type\" content=\"article\" \/>\n<meta property=\"og:title\" content=\"Solution de d\u00e9mant\u00e8lement d&#039;ERP h\u00e9rit\u00e9 sur SAP BTP - ArchiveHub.io\" \/>\n<meta property=\"og:description\" content=\"Explorez une solution de transformation h\u00e9rit\u00e9e simple et puissante compatible avec tous les syst\u00e8mes et bases de donn\u00e9es ERP D\u00e9composez ou compl\u00e9tez le d\u00e9mant\u00e8lement h\u00e9rit\u00e9 avec un d\u00e9ploiement rapide pour les donn\u00e9es structur\u00e9es et non structur\u00e9es. Interface SAPUI5 conviviale avec un acc\u00e8s transparent aux donn\u00e9es h\u00e9rit\u00e9es et une pr\u00e9cision de 100 %. Plus de 100 rapports pr\u00e9d\u00e9finis avec un g\u00e9n\u00e9rateur de requ\u00eates ad hoc qui permet aux utilisateurs de cr\u00e9er leurs propres rapports \u00e0 la demandeSolution de gestion de contenu int\u00e9gr\u00e9e optimis\u00e9e par CMISSolution open source avec moins | frais de licence et acc\u00e8s utilisateur illimit\u00e9\" \/>\n<meta property=\"og:url\" content=\"https:\/\/archivehub.io\/fr\/solution-de-demantelement-derp-herite-sur-sap-btp\/\" \/>\n<meta property=\"og:site_name\" content=\"ArchiveHub.io\" \/>\n<meta property=\"article:publisher\" content=\"https:\/\/www.facebook.com\/people\/ArchiveHubio\/100091316926341\/\" \/>\n<meta property=\"article:modified_time\" content=\"2023-04-10T19:51:03+00:00\" \/>\n<meta property=\"og:image\" content=\"https:\/\/archivehub.io\/wp-content\/uploads\/2023\/03\/legacy_decom_btp.png\" \/>\n<meta name=\"twitter:card\" content=\"summary_large_image\" \/>\n<meta name=\"twitter:label1\" content=\"Dur\u00e9e de lecture estim\u00e9e\" \/>\n\t<meta name=\"twitter:data1\" content=\"1 minute\" \/>\n<script type=\"application\/ld+json\" class=\"yoast-schema-graph\">{\"@context\":\"https:\/\/schema.org\",\"@graph\":[{\"@type\":\"WebPage\",\"@id\":\"https:\/\/archivehub.io\/fr\/solution-de-demantelement-derp-herite-sur-sap-btp\/\",\"url\":\"https:\/\/archivehub.io\/fr\/solution-de-demantelement-derp-herite-sur-sap-btp\/\",\"name\":\"Solution de d\u00e9mant\u00e8lement d'ERP h\u00e9rit\u00e9 sur SAP BTP - ArchiveHub.io\",\"isPartOf\":{\"@id\":\"https:\/\/archivehub.io\/fr\/#website\"},\"primaryImageOfPage\":{\"@id\":\"https:\/\/archivehub.io\/fr\/solution-de-demantelement-derp-herite-sur-sap-btp\/#primaryimage\"},\"image\":{\"@id\":\"https:\/\/archivehub.io\/fr\/solution-de-demantelement-derp-herite-sur-sap-btp\/#primaryimage\"},\"thumbnailUrl\":\"https:\/\/archivehub.io\/wp-content\/uploads\/2023\/03\/legacy_decom_btp.png\",\"datePublished\":\"2023-03-25T11:43:12+00:00\",\"dateModified\":\"2023-04-10T19:51:03+00:00\",\"description\":\"Explorez une solution de transformation h\u00e9rit\u00e9e simple et puissante compatible avec tous les syst\u00e8mes et bases de donn\u00e9es ERP D\u00e9composez ou compl\u00e9tez le d\u00e9mant\u00e8lement h\u00e9rit\u00e9 avec un d\u00e9ploiement rapide pour les donn\u00e9es structur\u00e9es et non structur\u00e9es. Interface SAPUI5 conviviale avec un acc\u00e8s transparent aux donn\u00e9es h\u00e9rit\u00e9es et une pr\u00e9cision de 100 %. Plus de 100 rapports pr\u00e9d\u00e9finis avec un g\u00e9n\u00e9rateur de requ\u00eates ad hoc qui permet aux utilisateurs de cr\u00e9er leurs propres rapports \u00e0 la demandeSolution de gestion de contenu int\u00e9gr\u00e9e optimis\u00e9e par CMISSolution open source avec moins | frais de licence et acc\u00e8s utilisateur illimit\u00e9\",\"inLanguage\":\"fr-FR\",\"potentialAction\":[{\"@type\":\"ReadAction\",\"target\":[\"https:\/\/archivehub.io\/fr\/solution-de-demantelement-derp-herite-sur-sap-btp\/\"]}]},{\"@type\":\"ImageObject\",\"inLanguage\":\"fr-FR\",\"@id\":\"https:\/\/archivehub.io\/fr\/solution-de-demantelement-derp-herite-sur-sap-btp\/#primaryimage\",\"url\":\"https:\/\/archivehub.io\/wp-content\/uploads\/2023\/03\/legacy_decom_btp.png\",\"contentUrl\":\"https:\/\/archivehub.io\/wp-content\/uploads\/2023\/03\/legacy_decom_btp.png\"},{\"@type\":\"WebSite\",\"@id\":\"https:\/\/archivehub.io\/fr\/#website\",\"url\":\"https:\/\/archivehub.io\/fr\/\",\"name\":\"ArchiveHub.io\",\"description\":\"SAP Archived Data Reporting Made Easy\",\"publisher\":{\"@id\":\"https:\/\/archivehub.io\/fr\/#organization\"},\"potentialAction\":[{\"@type\":\"SearchAction\",\"target\":{\"@type\":\"EntryPoint\",\"urlTemplate\":\"https:\/\/archivehub.io\/fr\/?s={search_term_string}\"},\"query-input\":{\"@type\":\"PropertyValueSpecification\",\"valueRequired\":true,\"valueName\":\"search_term_string\"}}],\"inLanguage\":\"fr-FR\"},{\"@type\":\"Organization\",\"@id\":\"https:\/\/archivehub.io\/fr\/#organization\",\"name\":\"ArchiveHub.io\",\"url\":\"https:\/\/archivehub.io\/fr\/\",\"logo\":{\"@type\":\"ImageObject\",\"inLanguage\":\"fr-FR\",\"@id\":\"https:\/\/archivehub.io\/fr\/#\/schema\/logo\/image\/\",\"url\":\"https:\/\/archivehub.io\/wp-content\/uploads\/2023\/03\/350px.png\",\"contentUrl\":\"https:\/\/archivehub.io\/wp-content\/uploads\/2023\/03\/350px.png\",\"width\":351,\"height\":77,\"caption\":\"ArchiveHub.io\"},\"image\":{\"@id\":\"https:\/\/archivehub.io\/fr\/#\/schema\/logo\/image\/\"},\"sameAs\":[\"https:\/\/www.facebook.com\/people\/ArchiveHubio\/100091316926341\/\"]}]}<\/script>\n<!-- \/ Yoast SEO plugin. -->","yoast_head_json":{"title":"Solution de d\u00e9mant\u00e8lement d'ERP h\u00e9rit\u00e9 sur SAP BTP - ArchiveHub.io","description":"Explorez une solution de transformation h\u00e9rit\u00e9e simple et puissante compatible avec tous les syst\u00e8mes et bases de donn\u00e9es ERP D\u00e9composez ou compl\u00e9tez le d\u00e9mant\u00e8lement h\u00e9rit\u00e9 avec un d\u00e9ploiement rapide pour les donn\u00e9es structur\u00e9es et non structur\u00e9es. Interface SAPUI5 conviviale avec un acc\u00e8s transparent aux donn\u00e9es h\u00e9rit\u00e9es et une pr\u00e9cision de 100 %. Plus de 100 rapports pr\u00e9d\u00e9finis avec un g\u00e9n\u00e9rateur de requ\u00eates ad hoc qui permet aux utilisateurs de cr\u00e9er leurs propres rapports \u00e0 la demandeSolution de gestion de contenu int\u00e9gr\u00e9e optimis\u00e9e par CMISSolution open source avec moins | frais de licence et acc\u00e8s utilisateur illimit\u00e9","robots":{"index":"index","follow":"follow","max-snippet":"max-snippet:-1","max-image-preview":"max-image-preview:large","max-video-preview":"max-video-preview:-1"},"canonical":"https:\/\/archivehub.io\/fr\/solution-de-demantelement-derp-herite-sur-sap-btp\/","og_locale":"fr_FR","og_type":"article","og_title":"Solution de d\u00e9mant\u00e8lement d'ERP h\u00e9rit\u00e9 sur SAP BTP - ArchiveHub.io","og_description":"Explorez une solution de transformation h\u00e9rit\u00e9e simple et puissante compatible avec tous les syst\u00e8mes et bases de donn\u00e9es ERP D\u00e9composez ou compl\u00e9tez le d\u00e9mant\u00e8lement h\u00e9rit\u00e9 avec un d\u00e9ploiement rapide pour les donn\u00e9es structur\u00e9es et non structur\u00e9es. Interface SAPUI5 conviviale avec un acc\u00e8s transparent aux donn\u00e9es h\u00e9rit\u00e9es et une pr\u00e9cision de 100 %. Plus de 100 rapports pr\u00e9d\u00e9finis avec un g\u00e9n\u00e9rateur de requ\u00eates ad hoc qui permet aux utilisateurs de cr\u00e9er leurs propres rapports \u00e0 la demandeSolution de gestion de contenu int\u00e9gr\u00e9e optimis\u00e9e par CMISSolution open source avec moins | frais de licence et acc\u00e8s utilisateur illimit\u00e9","og_url":"https:\/\/archivehub.io\/fr\/solution-de-demantelement-derp-herite-sur-sap-btp\/","og_site_name":"ArchiveHub.io","article_publisher":"https:\/\/www.facebook.com\/people\/ArchiveHubio\/100091316926341\/","article_modified_time":"2023-04-10T19:51:03+00:00","og_image":[{"url":"https:\/\/archivehub.io\/wp-content\/uploads\/2023\/03\/legacy_decom_btp.png","type":"","width":"","height":""}],"twitter_card":"summary_large_image","twitter_misc":{"Dur\u00e9e de lecture estim\u00e9e":"1 minute"},"schema":{"@context":"https:\/\/schema.org","@graph":[{"@type":"WebPage","@id":"https:\/\/archivehub.io\/fr\/solution-de-demantelement-derp-herite-sur-sap-btp\/","url":"https:\/\/archivehub.io\/fr\/solution-de-demantelement-derp-herite-sur-sap-btp\/","name":"Solution de d\u00e9mant\u00e8lement d'ERP h\u00e9rit\u00e9 sur SAP BTP - ArchiveHub.io","isPartOf":{"@id":"https:\/\/archivehub.io\/fr\/#website"},"primaryImageOfPage":{"@id":"https:\/\/archivehub.io\/fr\/solution-de-demantelement-derp-herite-sur-sap-btp\/#primaryimage"},"image":{"@id":"https:\/\/archivehub.io\/fr\/solution-de-demantelement-derp-herite-sur-sap-btp\/#primaryimage"},"thumbnailUrl":"https:\/\/archivehub.io\/wp-content\/uploads\/2023\/03\/legacy_decom_btp.png","datePublished":"2023-03-25T11:43:12+00:00","dateModified":"2023-04-10T19:51:03+00:00","description":"Explorez une solution de transformation h\u00e9rit\u00e9e simple et puissante compatible avec tous les syst\u00e8mes et bases de donn\u00e9es ERP D\u00e9composez ou compl\u00e9tez le d\u00e9mant\u00e8lement h\u00e9rit\u00e9 avec un d\u00e9ploiement rapide pour les donn\u00e9es structur\u00e9es et non structur\u00e9es. Interface SAPUI5 conviviale avec un acc\u00e8s transparent aux donn\u00e9es h\u00e9rit\u00e9es et une pr\u00e9cision de 100 %. Plus de 100 rapports pr\u00e9d\u00e9finis avec un g\u00e9n\u00e9rateur de requ\u00eates ad hoc qui permet aux utilisateurs de cr\u00e9er leurs propres rapports \u00e0 la demandeSolution de gestion de contenu int\u00e9gr\u00e9e optimis\u00e9e par CMISSolution open source avec moins | frais de licence et acc\u00e8s utilisateur illimit\u00e9","inLanguage":"fr-FR","potentialAction":[{"@type":"ReadAction","target":["https:\/\/archivehub.io\/fr\/solution-de-demantelement-derp-herite-sur-sap-btp\/"]}]},{"@type":"ImageObject","inLanguage":"fr-FR","@id":"https:\/\/archivehub.io\/fr\/solution-de-demantelement-derp-herite-sur-sap-btp\/#primaryimage","url":"https:\/\/archivehub.io\/wp-content\/uploads\/2023\/03\/legacy_decom_btp.png","contentUrl":"https:\/\/archivehub.io\/wp-content\/uploads\/2023\/03\/legacy_decom_btp.png"},{"@type":"WebSite","@id":"https:\/\/archivehub.io\/fr\/#website","url":"https:\/\/archivehub.io\/fr\/","name":"ArchiveHub.io","description":"SAP Archived Data Reporting Made Easy","publisher":{"@id":"https:\/\/archivehub.io\/fr\/#organization"},"potentialAction":[{"@type":"SearchAction","target":{"@type":"EntryPoint","urlTemplate":"https:\/\/archivehub.io\/fr\/?s={search_term_string}"},"query-input":{"@type":"PropertyValueSpecification","valueRequired":true,"valueName":"search_term_string"}}],"inLanguage":"fr-FR"},{"@type":"Organization","@id":"https:\/\/archivehub.io\/fr\/#organization","name":"ArchiveHub.io","url":"https:\/\/archivehub.io\/fr\/","logo":{"@type":"ImageObject","inLanguage":"fr-FR","@id":"https:\/\/archivehub.io\/fr\/#\/schema\/logo\/image\/","url":"https:\/\/archivehub.io\/wp-content\/uploads\/2023\/03\/350px.png","contentUrl":"https:\/\/archivehub.io\/wp-content\/uploads\/2023\/03\/350px.png","width":351,"height":77,"caption":"ArchiveHub.io"},"image":{"@id":"https:\/\/archivehub.io\/fr\/#\/schema\/logo\/image\/"},"sameAs":["https:\/\/www.facebook.com\/people\/ArchiveHubio\/100091316926341\/"]}]}},"_links":{"self":[{"href":"https:\/\/archivehub.io\/fr\/wp-json\/wp\/v2\/pages\/5484","targetHints":{"allow":["GET"]}}],"collection":[{"href":"https:\/\/archivehub.io\/fr\/wp-json\/wp\/v2\/pages"}],"about":[{"href":"https:\/\/archivehub.io\/fr\/wp-json\/wp\/v2\/types\/page"}],"author":[{"embeddable":true,"href":"https:\/\/archivehub.io\/fr\/wp-json\/wp\/v2\/users\/1"}],"replies":[{"embeddable":true,"href":"https:\/\/archivehub.io\/fr\/wp-json\/wp\/v2\/comments?post=5484"}],"version-history":[{"count":1,"href":"https:\/\/archivehub.io\/fr\/wp-json\/wp\/v2\/pages\/5484\/revisions"}],"predecessor-version":[{"id":5485,"href":"https:\/\/archivehub.io\/fr\/wp-json\/wp\/v2\/pages\/5484\/revisions\/5485"}],"wp:attachment":[{"href":"https:\/\/archivehub.io\/fr\/wp-json\/wp\/v2\/media?parent=5484"}],"curies":[{"name":"wp","href":"https:\/\/api.w.org\/{rel}","templated":true}]}}