{"id":5478,"date":"2023-03-26T18:19:24","date_gmt":"2023-03-26T18:19:24","guid":{"rendered":"https:\/\/archivehub.io\/questions-frequemment-posees\/"},"modified":"2023-04-10T19:29:56","modified_gmt":"2023-04-10T19:29:56","slug":"questions-frequemment-posees","status":"publish","type":"page","link":"https:\/\/archivehub.io\/fr\/questions-frequemment-posees\/","title":{"rendered":"Questions fr\u00e9quemment pos\u00e9es"},"content":{"rendered":"\t\t<div data-elementor-type=\"wp-page\" data-elementor-id=\"5478\" class=\"elementor elementor-5478 elementor-3238\">\n\t\t\t\t\t\t<section class=\"elementor-section elementor-top-section elementor-element elementor-element-9ebd08a elementor-section-boxed elementor-section-height-default elementor-section-height-default\" data-id=\"9ebd08a\" data-element_type=\"section\">\n\t\t\t\t\t\t<div class=\"elementor-container elementor-column-gap-default\">\n\t\t\t\t\t<div class=\"elementor-column elementor-col-100 elementor-top-column elementor-element elementor-element-3393cde\" data-id=\"3393cde\" data-element_type=\"column\">\n\t\t\t<div class=\"elementor-widget-wrap elementor-element-populated\">\n\t\t\t\t\t\t<div class=\"elementor-element elementor-element-276da18 elementor-widget elementor-widget-toggle\" data-id=\"276da18\" data-element_type=\"widget\" data-widget_type=\"toggle.default\">\n\t\t\t\t<div class=\"elementor-widget-container\">\n\t\t\t\t\t\t\t<div class=\"elementor-toggle\">\n\t\t\t\t\t\t\t<div class=\"elementor-toggle-item\">\n\t\t\t\t\t<div id=\"elementor-tab-title-4131\" class=\"elementor-tab-title\" data-tab=\"1\" role=\"button\" aria-controls=\"elementor-tab-content-4131\" aria-expanded=\"false\">\n\t\t\t\t\t\t\t\t\t\t\t\t<span class=\"elementor-toggle-icon elementor-toggle-icon-left\" aria-hidden=\"true\">\n\t\t\t\t\t\t\t\t\t\t\t\t\t\t\t<span class=\"elementor-toggle-icon-closed\"><i class=\"fas fa-caret-right\"><\/i><\/span>\n\t\t\t\t\t\t\t\t<span class=\"elementor-toggle-icon-opened\"><i class=\"elementor-toggle-icon-opened fas fa-caret-up\"><\/i><\/span>\n\t\t\t\t\t\t\t\t\t\t\t\t\t<\/span>\n\t\t\t\t\t\t\t\t\t\t\t\t<a class=\"elementor-toggle-title\" tabindex=\"0\">Quels syst\u00e8mes SAP sont pris en charge par ArchiveHub Archive Data Fiori Reporting ?<\/a>\n\t\t\t\t\t<\/div>\n\n\t\t\t\t\t<div id=\"elementor-tab-content-4131\" class=\"elementor-tab-content elementor-clearfix\" data-tab=\"1\" role=\"region\" aria-labelledby=\"elementor-tab-title-4131\"><p>S\/4HANA<br \/>SAP ECC<br \/>SAP ILM RW<br \/>SAP CRM<br \/>SAP BW<br \/>SAP IS<\/p>\n<\/div>\n\t\t\t\t<\/div>\n\t\t\t\t\t\t\t<div class=\"elementor-toggle-item\">\n\t\t\t\t\t<div id=\"elementor-tab-title-4132\" class=\"elementor-tab-title\" data-tab=\"2\" role=\"button\" aria-controls=\"elementor-tab-content-4132\" aria-expanded=\"false\">\n\t\t\t\t\t\t\t\t\t\t\t\t<span class=\"elementor-toggle-icon elementor-toggle-icon-left\" aria-hidden=\"true\">\n\t\t\t\t\t\t\t\t\t\t\t\t\t\t\t<span class=\"elementor-toggle-icon-closed\"><i class=\"fas fa-caret-right\"><\/i><\/span>\n\t\t\t\t\t\t\t\t<span class=\"elementor-toggle-icon-opened\"><i class=\"elementor-toggle-icon-opened fas fa-caret-up\"><\/i><\/span>\n\t\t\t\t\t\t\t\t\t\t\t\t\t<\/span>\n\t\t\t\t\t\t\t\t\t\t\t\t<a class=\"elementor-toggle-title\" tabindex=\"0\">Quels modules ou domaines d'application sont pris en charge par Archive Reporting ?<\/a>\n\t\t\t\t\t<\/div>\n\n\t\t\t\t\t<div id=\"elementor-tab-content-4132\" class=\"elementor-tab-content elementor-clearfix\" data-tab=\"2\" role=\"region\" aria-labelledby=\"elementor-tab-title-4132\"><table width=\"548\">\n<tbody>\n<tr>\n<td width=\"141\">\n<p><strong>Module<\/strong><\/p>\n<\/td>\n<td width=\"407\">\n<p><strong>Description<\/strong><\/p>\n<\/td>\n<\/tr>\n<tr>\n<td width=\"141\">\n<p>XF<\/p>\n<\/td>\n<td width=\"407\">\n<p>Non d\u00e9pendant de l&#8217;application de la vue Comptabilit\u00e9 financi\u00e8re<\/p>\n<\/td>\n<\/tr>\n<tr>\n<td width=\"141\">\n<p>AM<\/p>\n<\/td>\n<td width=\"407\">\n<p>Comptabilit\u00e9 des actifs<\/p>\n<\/td>\n<\/tr>\n<tr>\n<td width=\"141\">\n<p>BC<\/p>\n<\/td>\n<td width=\"407\">\n<p>SAP NetWeaver<\/p>\n<\/td>\n<\/tr>\n<tr>\n<td width=\"141\">\n<p>CO<\/p>\n<\/td>\n<td width=\"407\">\n<p>Contr\u00f4ler<\/p>\n<\/td>\n<\/tr>\n<tr>\n<td width=\"141\">\n<p>FI<\/p>\n<\/td>\n<td width=\"407\">\n<p>Comptabilit\u00e9 financi\u00e8re<\/p>\n<\/td>\n<\/tr>\n<tr>\n<td width=\"141\">\n<p>GL<\/p>\n<\/td>\n<td width=\"407\">\n<p>Grand livre g\u00e9n\u00e9ral<\/p>\n<\/td>\n<\/tr>\n<tr>\n<td width=\"141\">\n<p>HR<\/p>\n<\/td>\n<td width=\"407\">\n<p>Ressources humaines<\/p>\n<\/td>\n<\/tr>\n<tr>\n<td width=\"141\">\n<p>IS<\/p>\n<\/td>\n<td width=\"407\">\n<p>Solutions sectorielles<\/p>\n<\/td>\n<\/tr>\n<tr>\n<td width=\"141\">\n<p>MC<\/p>\n<\/td>\n<td width=\"407\">\n<p>Contr\u00f4le de gestion logistique<\/p>\n<\/td>\n<\/tr>\n<tr>\n<td width=\"141\">\n<p>MM<\/p>\n<\/td>\n<td width=\"407\">\n<p>Gestion des mat\u00e9riaux<\/p>\n<\/td>\n<\/tr>\n<tr>\n<td width=\"141\">\n<p>OC<\/p>\n<\/td>\n<td width=\"407\">\n<p>Bureau &amp; Communication<\/p>\n<\/td>\n<\/tr>\n<tr>\n<td width=\"141\">\n<p>PM<\/p>\n<\/td>\n<td width=\"407\">\n<p>Maintenance de l&#8217;usine<\/p>\n<\/td>\n<\/tr>\n<tr>\n<td width=\"141\">\n<p>PP<\/p>\n<\/td>\n<td width=\"407\">\n<p>La planification de la production<\/p>\n<\/td>\n<\/tr>\n<tr>\n<td width=\"141\">\n<p>PS<\/p>\n<\/td>\n<td width=\"407\">\n<p>Syst\u00e8me de projet<\/p>\n<\/td>\n<\/tr>\n<tr>\n<td width=\"141\">\n<p>QM<\/p>\n<\/td>\n<td width=\"407\">\n<p>Gestion de la qualit\u00e9<\/p>\n<\/td>\n<\/tr>\n<tr>\n<td width=\"141\">\n<p>SD<\/p>\n<\/td>\n<td width=\"407\">\n<p>Vente et de distribution<\/p>\n<\/td>\n<\/tr>\n<tr>\n<td width=\"141\">\n<p>EC<\/p>\n<\/td>\n<td width=\"407\">\n<p>Contr\u00f4le d&#8217;entreprise<\/p>\n<\/td>\n<\/tr>\n<tr>\n<td width=\"141\">\n<p>TR<\/p>\n<\/td>\n<td width=\"407\">\n<p>Tr\u00e9sorerie<\/p>\n<\/td>\n<\/tr>\n<tr>\n<td width=\"141\">\n<p>CA<\/p>\n<\/td>\n<td width=\"407\">\n<p>Demande crois\u00e9e g\u00e9n\u00e9rale<\/p>\n<\/td>\n<\/tr>\n<tr>\n<td width=\"141\">\n<p>CR<\/p>\n<\/td>\n<td width=\"407\">\n<p>Gestion de la relation client (CRM)<\/p>\n<\/td>\n<\/tr>\n<tr>\n<td width=\"141\">\n<p>BW<\/p>\n<\/td>\n<td width=\"407\">\n<p>Entrep\u00f4t d&#8217;informations commerciales (BW)<\/p>\n<\/td>\n<\/tr>\n<tr>\n<td width=\"141\">\n<p>EB<\/p>\n<\/td>\n<td width=\"407\">\n<p>EBP (Entreprise Acheteur Professionnel)<\/p>\n<\/td>\n<\/tr>\n<tr>\n<td width=\"141\">\n<p>WM<\/p>\n<\/td>\n<td width=\"407\">\n<p>Gestion d&#8217;entrep\u00f4t<\/p>\n<\/td>\n<\/tr>\n<tr>\n<td width=\"141\">\n<p>TM<\/p>\n<\/td>\n<td width=\"407\">\n<p>Gestion des transports<\/p>\n<\/td>\n<\/tr>\n<\/tbody>\n<\/table>\n<\/div>\n\t\t\t\t<\/div>\n\t\t\t\t\t\t\t<div class=\"elementor-toggle-item\">\n\t\t\t\t\t<div id=\"elementor-tab-title-4133\" class=\"elementor-tab-title\" data-tab=\"3\" role=\"button\" aria-controls=\"elementor-tab-content-4133\" aria-expanded=\"false\">\n\t\t\t\t\t\t\t\t\t\t\t\t<span class=\"elementor-toggle-icon elementor-toggle-icon-left\" aria-hidden=\"true\">\n\t\t\t\t\t\t\t\t\t\t\t\t\t\t\t<span class=\"elementor-toggle-icon-closed\"><i class=\"fas fa-caret-right\"><\/i><\/span>\n\t\t\t\t\t\t\t\t<span class=\"elementor-toggle-icon-opened\"><i class=\"elementor-toggle-icon-opened fas fa-caret-up\"><\/i><\/span>\n\t\t\t\t\t\t\t\t\t\t\t\t\t<\/span>\n\t\t\t\t\t\t\t\t\t\t\t\t<a class=\"elementor-toggle-title\" tabindex=\"0\">Dans quelles langues les rapports de donn\u00e9es d'archives sont-ils disponibles ?<\/a>\n\t\t\t\t\t<\/div>\n\n\t\t\t\t\t<div id=\"elementor-tab-content-4133\" class=\"elementor-tab-content elementor-clearfix\" data-tab=\"3\" role=\"region\" aria-labelledby=\"elementor-tab-title-4133\"><p>La cr\u00e9ation de rapports de donn\u00e9es archiv\u00e9es est prise en charge par toutes les langues prises en charge par SAP.<\/p>\n<\/div>\n\t\t\t\t<\/div>\n\t\t\t\t\t\t\t<div class=\"elementor-toggle-item\">\n\t\t\t\t\t<div id=\"elementor-tab-title-4134\" class=\"elementor-tab-title\" data-tab=\"4\" role=\"button\" aria-controls=\"elementor-tab-content-4134\" aria-expanded=\"false\">\n\t\t\t\t\t\t\t\t\t\t\t\t<span class=\"elementor-toggle-icon elementor-toggle-icon-left\" aria-hidden=\"true\">\n\t\t\t\t\t\t\t\t\t\t\t\t\t\t\t<span class=\"elementor-toggle-icon-closed\"><i class=\"fas fa-caret-right\"><\/i><\/span>\n\t\t\t\t\t\t\t\t<span class=\"elementor-toggle-icon-opened\"><i class=\"elementor-toggle-icon-opened fas fa-caret-up\"><\/i><\/span>\n\t\t\t\t\t\t\t\t\t\t\t\t\t<\/span>\n\t\t\t\t\t\t\t\t\t\t\t\t<a class=\"elementor-toggle-title\" tabindex=\"0\">Combien de temps faut-il pour impl\u00e9menter Archive Data Reporting ?<\/a>\n\t\t\t\t\t<\/div>\n\n\t\t\t\t\t<div id=\"elementor-tab-content-4134\" class=\"elementor-tab-content elementor-clearfix\" data-tab=\"4\" role=\"region\" aria-labelledby=\"elementor-tab-title-4134\"><p>La configuration prend 1 \u00e0 2 jours et non des semaines.<\/p>\n<\/div>\n\t\t\t\t<\/div>\n\t\t\t\t\t\t\t<div class=\"elementor-toggle-item\">\n\t\t\t\t\t<div id=\"elementor-tab-title-4135\" class=\"elementor-tab-title\" data-tab=\"5\" role=\"button\" aria-controls=\"elementor-tab-content-4135\" aria-expanded=\"false\">\n\t\t\t\t\t\t\t\t\t\t\t\t<span class=\"elementor-toggle-icon elementor-toggle-icon-left\" aria-hidden=\"true\">\n\t\t\t\t\t\t\t\t\t\t\t\t\t\t\t<span class=\"elementor-toggle-icon-closed\"><i class=\"fas fa-caret-right\"><\/i><\/span>\n\t\t\t\t\t\t\t\t<span class=\"elementor-toggle-icon-opened\"><i class=\"elementor-toggle-icon-opened fas fa-caret-up\"><\/i><\/span>\n\t\t\t\t\t\t\t\t\t\t\t\t\t<\/span>\n\t\t\t\t\t\t\t\t\t\t\t\t<a class=\"elementor-toggle-title\" tabindex=\"0\">Les rapports de donn\u00e9es d'archive sont-ils bas\u00e9s sur des tuiles WebGUI ?<\/a>\n\t\t\t\t\t<\/div>\n\n\t\t\t\t\t<div id=\"elementor-tab-content-4135\" class=\"elementor-tab-content elementor-clearfix\" data-tab=\"5\" role=\"region\" aria-labelledby=\"elementor-tab-title-4135\"><p>Non, ils sont bas\u00e9s sur les rapports Native Fiori<\/p>\n<\/div>\n\t\t\t\t<\/div>\n\t\t\t\t\t\t\t<div class=\"elementor-toggle-item\">\n\t\t\t\t\t<div id=\"elementor-tab-title-4136\" class=\"elementor-tab-title\" data-tab=\"6\" role=\"button\" aria-controls=\"elementor-tab-content-4136\" aria-expanded=\"false\">\n\t\t\t\t\t\t\t\t\t\t\t\t<span class=\"elementor-toggle-icon elementor-toggle-icon-left\" aria-hidden=\"true\">\n\t\t\t\t\t\t\t\t\t\t\t\t\t\t\t<span class=\"elementor-toggle-icon-closed\"><i class=\"fas fa-caret-right\"><\/i><\/span>\n\t\t\t\t\t\t\t\t<span class=\"elementor-toggle-icon-opened\"><i class=\"elementor-toggle-icon-opened fas fa-caret-up\"><\/i><\/span>\n\t\t\t\t\t\t\t\t\t\t\t\t\t<\/span>\n\t\t\t\t\t\t\t\t\t\t\t\t<a class=\"elementor-toggle-title\" tabindex=\"0\">Combien d'objets d'archivage sont pris en charge pour Archive Data Reporting ?<\/a>\n\t\t\t\t\t<\/div>\n\n\t\t\t\t\t<div id=\"elementor-tab-content-4136\" class=\"elementor-tab-content elementor-clearfix\" data-tab=\"6\" role=\"region\" aria-labelledby=\"elementor-tab-title-4136\"><p>Actuellement, 1851 objets et comptage<\/p>\n<\/div>\n\t\t\t\t<\/div>\n\t\t\t\t\t\t\t<div class=\"elementor-toggle-item\">\n\t\t\t\t\t<div id=\"elementor-tab-title-4137\" class=\"elementor-tab-title\" data-tab=\"7\" role=\"button\" aria-controls=\"elementor-tab-content-4137\" aria-expanded=\"false\">\n\t\t\t\t\t\t\t\t\t\t\t\t<span class=\"elementor-toggle-icon elementor-toggle-icon-left\" aria-hidden=\"true\">\n\t\t\t\t\t\t\t\t\t\t\t\t\t\t\t<span class=\"elementor-toggle-icon-closed\"><i class=\"fas fa-caret-right\"><\/i><\/span>\n\t\t\t\t\t\t\t\t<span class=\"elementor-toggle-icon-opened\"><i class=\"elementor-toggle-icon-opened fas fa-caret-up\"><\/i><\/span>\n\t\t\t\t\t\t\t\t\t\t\t\t\t<\/span>\n\t\t\t\t\t\t\t\t\t\t\t\t<a class=\"elementor-toggle-title\" tabindex=\"0\">Quels sont les types de licences disponibles ?<\/a>\n\t\t\t\t\t<\/div>\n\n\t\t\t\t\t<div id=\"elementor-tab-content-4137\" class=\"elementor-tab-content elementor-clearfix\" data-tab=\"7\" role=\"region\" aria-labelledby=\"elementor-tab-title-4137\"><p>Veuillez contacter l&#8217;un de nos charg\u00e9s de compte qui est pr\u00eat \u00e0 vous aider.<\/p>\n<\/div>\n\t\t\t\t<\/div>\n\t\t\t\t\t\t\t<div class=\"elementor-toggle-item\">\n\t\t\t\t\t<div id=\"elementor-tab-title-4138\" class=\"elementor-tab-title\" data-tab=\"8\" role=\"button\" aria-controls=\"elementor-tab-content-4138\" aria-expanded=\"false\">\n\t\t\t\t\t\t\t\t\t\t\t\t<span class=\"elementor-toggle-icon elementor-toggle-icon-left\" aria-hidden=\"true\">\n\t\t\t\t\t\t\t\t\t\t\t\t\t\t\t<span class=\"elementor-toggle-icon-closed\"><i class=\"fas fa-caret-right\"><\/i><\/span>\n\t\t\t\t\t\t\t\t<span class=\"elementor-toggle-icon-opened\"><i class=\"elementor-toggle-icon-opened fas fa-caret-up\"><\/i><\/span>\n\t\t\t\t\t\t\t\t\t\t\t\t\t<\/span>\n\t\t\t\t\t\t\t\t\t\t\t\t<a class=\"elementor-toggle-title\" tabindex=\"0\">Comment puis-je voir une d\u00e9mo ?<\/a>\n\t\t\t\t\t<\/div>\n\n\t\t\t\t\t<div id=\"elementor-tab-content-4138\" class=\"elementor-tab-content elementor-clearfix\" data-tab=\"8\" role=\"region\" aria-labelledby=\"elementor-tab-title-4138\"><p>Veuillez contacter l&#8217;un de nos responsables de compte qui est pr\u00eat \u00e0 vous aider avec une d\u00e9monstration.<\/p>\n<\/div>\n\t\t\t\t<\/div>\n\t\t\t\t\t\t\t\t<\/div>\n\t\t\t\t\t\t<\/div>\n\t\t\t\t<\/div>\n\t\t\t\t\t<\/div>\n\t\t<\/div>\n\t\t\t\t\t<\/div>\n\t\t<\/section>\n\t\t\t\t<\/div>\n\t\t","protected":false},"excerpt":{"rendered":"<p>Quels syst\u00e8mes SAP sont pris en charge par ArchiveHub Archive Data Fiori Reporting ? S\/4HANASAP ECCSAP ILM RWSAP CRMSAP BWSAP IS Quels modules ou domaines d&#8217;application sont pris en charge par Archive Reporting ? Module Description XF Non d\u00e9pendant de l&rsquo;application de la vue Comptabilit\u00e9 financi\u00e8re AM Comptabilit\u00e9 des actifs BC SAP NetWeaver CO Contr\u00f4ler [&hellip;]<\/p>\n","protected":false},"author":1,"featured_media":0,"parent":0,"menu_order":0,"comment_status":"closed","ping_status":"closed","template":"","meta":{"om_disable_all_campaigns":false,"_monsterinsights_skip_tracking":false,"_monsterinsights_sitenote_active":false,"_monsterinsights_sitenote_note":"","_monsterinsights_sitenote_category":0,"footnotes":""},"class_list":["post-5478","page","type-page","status-publish","hentry"],"aioseo_notices":[],"yoast_head":"<!-- This site is optimized with the Yoast SEO plugin v25.0 - https:\/\/yoast.com\/wordpress\/plugins\/seo\/ -->\n<title>Questions fr\u00e9quemment pos\u00e9es - ArchiveHub.io<\/title>\n<meta name=\"description\" content=\"Quels syst\u00e8mes SAP sont pris en charge par ArchiveHub Archive Data Fiori Reporting ?Quels modules ou domaines d&#039;application sont pris en charge par Archive Reporting ?Dans quelles langues Archive Data Reporting est disponible ?Combien de temps faut-il pour mettre en \u0153uvre Archive Data Reporting ?\" \/>\n<meta name=\"robots\" content=\"index, follow, max-snippet:-1, max-image-preview:large, max-video-preview:-1\" \/>\n<link rel=\"canonical\" href=\"https:\/\/archivehub.io\/fr\/questions-frequemment-posees\/\" \/>\n<meta property=\"og:locale\" content=\"fr_FR\" \/>\n<meta property=\"og:type\" content=\"article\" \/>\n<meta property=\"og:title\" content=\"Questions fr\u00e9quemment pos\u00e9es - ArchiveHub.io\" \/>\n<meta property=\"og:description\" content=\"Quels syst\u00e8mes SAP sont pris en charge par ArchiveHub Archive Data Fiori Reporting ?Quels modules ou domaines d&#039;application sont pris en charge par Archive Reporting ?Dans quelles langues Archive Data Reporting est disponible ?Combien de temps faut-il pour mettre en \u0153uvre Archive Data Reporting ?\" \/>\n<meta property=\"og:url\" content=\"https:\/\/archivehub.io\/fr\/questions-frequemment-posees\/\" \/>\n<meta property=\"og:site_name\" content=\"ArchiveHub.io\" \/>\n<meta property=\"article:publisher\" content=\"https:\/\/www.facebook.com\/people\/ArchiveHubio\/100091316926341\/\" \/>\n<meta property=\"article:modified_time\" content=\"2023-04-10T19:29:56+00:00\" \/>\n<meta name=\"twitter:card\" content=\"summary_large_image\" \/>\n<meta name=\"twitter:label1\" content=\"Dur\u00e9e de lecture estim\u00e9e\" \/>\n\t<meta name=\"twitter:data1\" content=\"2 minutes\" \/>\n<script type=\"application\/ld+json\" class=\"yoast-schema-graph\">{\"@context\":\"https:\/\/schema.org\",\"@graph\":[{\"@type\":\"WebPage\",\"@id\":\"https:\/\/archivehub.io\/fr\/questions-frequemment-posees\/\",\"url\":\"https:\/\/archivehub.io\/fr\/questions-frequemment-posees\/\",\"name\":\"Questions fr\u00e9quemment pos\u00e9es - ArchiveHub.io\",\"isPartOf\":{\"@id\":\"https:\/\/archivehub.io\/fr\/#website\"},\"datePublished\":\"2023-03-26T18:19:24+00:00\",\"dateModified\":\"2023-04-10T19:29:56+00:00\",\"description\":\"Quels syst\u00e8mes SAP sont pris en charge par ArchiveHub Archive Data Fiori Reporting ?Quels modules ou domaines d'application sont pris en charge par Archive Reporting ?Dans quelles langues Archive Data Reporting est disponible ?Combien de temps faut-il pour mettre en \u0153uvre Archive Data Reporting ?\",\"inLanguage\":\"fr-FR\",\"potentialAction\":[{\"@type\":\"ReadAction\",\"target\":[\"https:\/\/archivehub.io\/fr\/questions-frequemment-posees\/\"]}]},{\"@type\":\"WebSite\",\"@id\":\"https:\/\/archivehub.io\/fr\/#website\",\"url\":\"https:\/\/archivehub.io\/fr\/\",\"name\":\"ArchiveHub.io\",\"description\":\"SAP Archived Data Reporting Made Easy\",\"publisher\":{\"@id\":\"https:\/\/archivehub.io\/fr\/#organization\"},\"potentialAction\":[{\"@type\":\"SearchAction\",\"target\":{\"@type\":\"EntryPoint\",\"urlTemplate\":\"https:\/\/archivehub.io\/fr\/?s={search_term_string}\"},\"query-input\":{\"@type\":\"PropertyValueSpecification\",\"valueRequired\":true,\"valueName\":\"search_term_string\"}}],\"inLanguage\":\"fr-FR\"},{\"@type\":\"Organization\",\"@id\":\"https:\/\/archivehub.io\/fr\/#organization\",\"name\":\"ArchiveHub.io\",\"url\":\"https:\/\/archivehub.io\/fr\/\",\"logo\":{\"@type\":\"ImageObject\",\"inLanguage\":\"fr-FR\",\"@id\":\"https:\/\/archivehub.io\/fr\/#\/schema\/logo\/image\/\",\"url\":\"https:\/\/archivehub.io\/wp-content\/uploads\/2023\/03\/350px.png\",\"contentUrl\":\"https:\/\/archivehub.io\/wp-content\/uploads\/2023\/03\/350px.png\",\"width\":351,\"height\":77,\"caption\":\"ArchiveHub.io\"},\"image\":{\"@id\":\"https:\/\/archivehub.io\/fr\/#\/schema\/logo\/image\/\"},\"sameAs\":[\"https:\/\/www.facebook.com\/people\/ArchiveHubio\/100091316926341\/\"]}]}<\/script>\n<!-- \/ Yoast SEO plugin. -->","yoast_head_json":{"title":"Questions fr\u00e9quemment pos\u00e9es - ArchiveHub.io","description":"Quels syst\u00e8mes SAP sont pris en charge par ArchiveHub Archive Data Fiori Reporting ?Quels modules ou domaines d'application sont pris en charge par Archive Reporting ?Dans quelles langues Archive Data Reporting est disponible ?Combien de temps faut-il pour mettre en \u0153uvre Archive Data Reporting ?","robots":{"index":"index","follow":"follow","max-snippet":"max-snippet:-1","max-image-preview":"max-image-preview:large","max-video-preview":"max-video-preview:-1"},"canonical":"https:\/\/archivehub.io\/fr\/questions-frequemment-posees\/","og_locale":"fr_FR","og_type":"article","og_title":"Questions fr\u00e9quemment pos\u00e9es - ArchiveHub.io","og_description":"Quels syst\u00e8mes SAP sont pris en charge par ArchiveHub Archive Data Fiori Reporting ?Quels modules ou domaines d'application sont pris en charge par Archive Reporting ?Dans quelles langues Archive Data Reporting est disponible ?Combien de temps faut-il pour mettre en \u0153uvre Archive Data Reporting ?","og_url":"https:\/\/archivehub.io\/fr\/questions-frequemment-posees\/","og_site_name":"ArchiveHub.io","article_publisher":"https:\/\/www.facebook.com\/people\/ArchiveHubio\/100091316926341\/","article_modified_time":"2023-04-10T19:29:56+00:00","twitter_card":"summary_large_image","twitter_misc":{"Dur\u00e9e de lecture estim\u00e9e":"2 minutes"},"schema":{"@context":"https:\/\/schema.org","@graph":[{"@type":"WebPage","@id":"https:\/\/archivehub.io\/fr\/questions-frequemment-posees\/","url":"https:\/\/archivehub.io\/fr\/questions-frequemment-posees\/","name":"Questions fr\u00e9quemment pos\u00e9es - ArchiveHub.io","isPartOf":{"@id":"https:\/\/archivehub.io\/fr\/#website"},"datePublished":"2023-03-26T18:19:24+00:00","dateModified":"2023-04-10T19:29:56+00:00","description":"Quels syst\u00e8mes SAP sont pris en charge par ArchiveHub Archive Data Fiori Reporting ?Quels modules ou domaines d'application sont pris en charge par Archive Reporting ?Dans quelles langues Archive Data Reporting est disponible ?Combien de temps faut-il pour mettre en \u0153uvre Archive Data Reporting ?","inLanguage":"fr-FR","potentialAction":[{"@type":"ReadAction","target":["https:\/\/archivehub.io\/fr\/questions-frequemment-posees\/"]}]},{"@type":"WebSite","@id":"https:\/\/archivehub.io\/fr\/#website","url":"https:\/\/archivehub.io\/fr\/","name":"ArchiveHub.io","description":"SAP Archived Data Reporting Made Easy","publisher":{"@id":"https:\/\/archivehub.io\/fr\/#organization"},"potentialAction":[{"@type":"SearchAction","target":{"@type":"EntryPoint","urlTemplate":"https:\/\/archivehub.io\/fr\/?s={search_term_string}"},"query-input":{"@type":"PropertyValueSpecification","valueRequired":true,"valueName":"search_term_string"}}],"inLanguage":"fr-FR"},{"@type":"Organization","@id":"https:\/\/archivehub.io\/fr\/#organization","name":"ArchiveHub.io","url":"https:\/\/archivehub.io\/fr\/","logo":{"@type":"ImageObject","inLanguage":"fr-FR","@id":"https:\/\/archivehub.io\/fr\/#\/schema\/logo\/image\/","url":"https:\/\/archivehub.io\/wp-content\/uploads\/2023\/03\/350px.png","contentUrl":"https:\/\/archivehub.io\/wp-content\/uploads\/2023\/03\/350px.png","width":351,"height":77,"caption":"ArchiveHub.io"},"image":{"@id":"https:\/\/archivehub.io\/fr\/#\/schema\/logo\/image\/"},"sameAs":["https:\/\/www.facebook.com\/people\/ArchiveHubio\/100091316926341\/"]}]}},"_links":{"self":[{"href":"https:\/\/archivehub.io\/fr\/wp-json\/wp\/v2\/pages\/5478","targetHints":{"allow":["GET"]}}],"collection":[{"href":"https:\/\/archivehub.io\/fr\/wp-json\/wp\/v2\/pages"}],"about":[{"href":"https:\/\/archivehub.io\/fr\/wp-json\/wp\/v2\/types\/page"}],"author":[{"embeddable":true,"href":"https:\/\/archivehub.io\/fr\/wp-json\/wp\/v2\/users\/1"}],"replies":[{"embeddable":true,"href":"https:\/\/archivehub.io\/fr\/wp-json\/wp\/v2\/comments?post=5478"}],"version-history":[{"count":1,"href":"https:\/\/archivehub.io\/fr\/wp-json\/wp\/v2\/pages\/5478\/revisions"}],"predecessor-version":[{"id":5479,"href":"https:\/\/archivehub.io\/fr\/wp-json\/wp\/v2\/pages\/5478\/revisions\/5479"}],"wp:attachment":[{"href":"https:\/\/archivehub.io\/fr\/wp-json\/wp\/v2\/media?parent=5478"}],"curies":[{"name":"wp","href":"https:\/\/api.w.org\/{rel}","templated":true}]}}