{"id":5476,"date":"2023-03-28T14:05:47","date_gmt":"2023-03-28T14:05:47","guid":{"rendered":"https:\/\/archivehub.io\/documigrator-pro-pour-sap\/"},"modified":"2023-04-10T19:19:09","modified_gmt":"2023-04-10T19:19:09","slug":"documigrator-pro-pour-sap","status":"publish","type":"page","link":"https:\/\/archivehub.io\/fr\/documigrator-pro-pour-sap\/","title":{"rendered":"DocuMigrator Pro pour SAP"},"content":{"rendered":"\t\t<div data-elementor-type=\"wp-page\" data-elementor-id=\"5476\" class=\"elementor elementor-5476 elementor-3719\">\n\t\t\t\t\t\t<section class=\"elementor-section elementor-top-section elementor-element elementor-element-95f44a2 elementor-section-boxed elementor-section-height-default elementor-section-height-default\" data-id=\"95f44a2\" data-element_type=\"section\">\n\t\t\t\t\t\t<div class=\"elementor-container elementor-column-gap-default\">\n\t\t\t\t\t<div class=\"elementor-column elementor-col-100 elementor-top-column elementor-element elementor-element-610d609\" data-id=\"610d609\" data-element_type=\"column\">\n\t\t\t<div class=\"elementor-widget-wrap elementor-element-populated\">\n\t\t\t\t\t\t<div class=\"elementor-element elementor-element-bc8f38f elementor-widget elementor-widget-image\" data-id=\"bc8f38f\" data-element_type=\"widget\" data-widget_type=\"image.default\">\n\t\t\t\t<div class=\"elementor-widget-container\">\n\t\t\t\t\t\t\t\t\t\t\t\t\t\t\t<img fetchpriority=\"high\" decoding=\"async\" width=\"940\" height=\"305\" src=\"https:\/\/archivehub.io\/wp-content\/uploads\/2023\/03\/attachment_migration-1024x332.jpg\" class=\"attachment-large size-large wp-image-5404\" alt=\"\" srcset=\"https:\/\/archivehub.io\/wp-content\/uploads\/2023\/03\/attachment_migration-1024x332.jpg 1024w, https:\/\/archivehub.io\/wp-content\/uploads\/2023\/03\/attachment_migration-300x97.jpg 300w, https:\/\/archivehub.io\/wp-content\/uploads\/2023\/03\/attachment_migration-768x249.jpg 768w, https:\/\/archivehub.io\/wp-content\/uploads\/2023\/03\/attachment_migration.jpg 1080w\" sizes=\"(max-width: 940px) 100vw, 940px\" \/>\t\t\t\t\t\t\t\t\t\t\t\t\t\t\t<\/div>\n\t\t\t\t<\/div>\n\t\t\t\t\t<\/div>\n\t\t<\/div>\n\t\t\t\t\t<\/div>\n\t\t<\/section>\n\t\t\t\t<section class=\"elementor-section elementor-top-section elementor-element elementor-element-2184330 elementor-section-boxed elementor-section-height-default elementor-section-height-default\" data-id=\"2184330\" data-element_type=\"section\">\n\t\t\t\t\t\t<div class=\"elementor-container elementor-column-gap-default\">\n\t\t\t\t\t<div class=\"elementor-column elementor-col-100 elementor-top-column elementor-element elementor-element-be62257\" data-id=\"be62257\" data-element_type=\"column\">\n\t\t\t<div class=\"elementor-widget-wrap elementor-element-populated\">\n\t\t\t\t\t\t<div class=\"elementor-element elementor-element-6c80edc elementor-widget elementor-widget-heading\" data-id=\"6c80edc\" data-element_type=\"widget\" data-widget_type=\"heading.default\">\n\t\t\t\t<div class=\"elementor-widget-container\">\n\t\t\t\t\t<h2 class=\"elementor-heading-title elementor-size-default\">Pr\u00e9sentation de \"DocuMigrator Pro pour SAP\" - L'outil utilitaire ultime pour une migration transparente du r\u00e9f\u00e9rentiel de contenu, d\u00e9sormais avec int\u00e9gration dans le cloud et prise en charge compl\u00e8te des pi\u00e8ces jointes !<\/h2>\t\t\t\t<\/div>\n\t\t\t\t<\/div>\n\t\t\t\t\t<\/div>\n\t\t<\/div>\n\t\t\t\t\t<\/div>\n\t\t<\/section>\n\t\t\t\t<section class=\"elementor-section elementor-top-section elementor-element elementor-element-562da8e elementor-section-boxed elementor-section-height-default elementor-section-height-default\" data-id=\"562da8e\" data-element_type=\"section\">\n\t\t\t\t\t\t<div class=\"elementor-container elementor-column-gap-default\">\n\t\t\t\t\t<div class=\"elementor-column elementor-col-100 elementor-top-column elementor-element elementor-element-e95fa3c\" data-id=\"e95fa3c\" data-element_type=\"column\">\n\t\t\t<div class=\"elementor-widget-wrap elementor-element-populated\">\n\t\t\t\t\t\t<div class=\"elementor-element elementor-element-6235435 elementor-widget elementor-widget-text-editor\" data-id=\"6235435\" data-element_type=\"widget\" data-widget_type=\"text-editor.default\">\n\t\t\t\t<div class=\"elementor-widget-container\">\n\t\t\t\t\t\t\t\t\t<ul>\n<li><strong>Migration sans effort :<\/strong> transf\u00e9rez facilement des documents et des pi\u00e8ces jointes d&#8217;un r\u00e9f\u00e9rentiel de contenu \u00e0 un autre, qu&#8217;ils soient sur site ou dans le cloud. Notre solution innovante maintient l&#8217;int\u00e9grit\u00e9 et la structure de vos donn\u00e9es sur toutes les plateformes, ce qui facilite la migration.<\/li>\n<\/ul>\n<ul>\n<li><strong>Int\u00e9gration dans le cloud :<\/strong> profitez de la puissance du cloud avec notre outil utilitaire de pointe. DocuMigrator Pro pour SAP prend en charge la migration transparente des r\u00e9f\u00e9rentiels sur site vers le cloud et vice versa, vous assurant ainsi d&#8217;\u00eatre toujours \u00e0 la pointe de la transformation num\u00e9rique.<\/li>\n<\/ul>\n<ul>\n<li><strong>Prise en charge compl\u00e8te des pi\u00e8ces jointes :<\/strong> DocuMigrator Pro pour SAP vous couvre, que vous ayez affaire \u00e0 des pi\u00e8ces jointes GOS, ArchiveLink ou DMS. Notre outil utilitaire est con\u00e7u pour g\u00e9rer un large \u00e9ventail de types de pi\u00e8ces jointes, vous offrant une solution de migration compl\u00e8te.<\/li>\n<\/ul>\n<ul>\n<li><strong>S\u00e9curit\u00e9 in\u00e9gal\u00e9e :<\/strong> Prot\u00e9gez vos informations sensibles tout au long du processus de migration gr\u00e2ce \u00e0 notre technologie de cryptage de pointe, vous offrant une tranquillit\u00e9 d&#8217;esprit, que vous migriez entre des r\u00e9f\u00e9rentiels sur site ou dans le cloud.<\/li>\n<\/ul>\n<ul>\n<li><strong>Vitesses ultra-rapides :<\/strong> Le temps est essentiel. C&#8217;est pourquoi DocuMigrator Pro pour SAP est con\u00e7u pour offrir des vitesses de migration ultra-rapides, en minimisant les temps d&#8217;arr\u00eat et en maximisant la productivit\u00e9 de votre entreprise.<\/li>\n<\/ul>\n<ul>\n<li><strong>Compatibilit\u00e9 multiplateforme :<\/strong> que vous utilisiez SAP ECC, S\/4HANA ou d&#8217;autres plateformes, notre outil utilitaire est enti\u00e8rement compatible, garantissant une exp\u00e9rience de migration fluide \u00e0 tous les niveaux.<\/li>\n<\/ul>\n<ul>\n<li><strong>Gestion intelligente des erreurs :<\/strong> notre syst\u00e8me avanc\u00e9 de d\u00e9tection et de gestion des erreurs identifie de mani\u00e8re proactive les probl\u00e8mes potentiels avant la migration, vous donnant la confiance n\u00e9cessaire pour aller de l&#8217;avant sans aucune surprise inattendue.<\/li>\n<\/ul>\n<ul>\n<li><strong>Rapports complets :<\/strong> restez inform\u00e9 et prenez des d\u00e9cisions bas\u00e9es sur les donn\u00e9es gr\u00e2ce \u00e0 des rapports de migration d\u00e9taill\u00e9s qui fournissent des informations et des analyses pour les r\u00e9f\u00e9rentiels de contenu sur site et dans le cloud.<\/li>\n<\/ul>\n<ul>\n<li><strong>Interface conviviale :<\/strong> DocuMigrator Pro pour SAP est con\u00e7u pour les utilisateurs de tous niveaux de comp\u00e9tence, ce qui facilite la navigation sans connaissances techniques approfondies.<\/li>\n<\/ul>\n<ul>\n<li><strong>Assistance d&#8217;experts 24 heures sur 24, 7 jours sur 7 :<\/strong> Notre \u00e9quipe d&#8217;experts SAP est disponible 24 heures sur 24 et vous fournit une assistance in\u00e9gal\u00e9e d\u00e8s que vous en avez besoin.<\/li>\n<\/ul>\n\t\t\t\t\t\t\t\t<\/div>\n\t\t\t\t<\/div>\n\t\t\t\t\t<\/div>\n\t\t<\/div>\n\t\t\t\t\t<\/div>\n\t\t<\/section>\n\t\t\t\t<section class=\"elementor-section elementor-top-section elementor-element elementor-element-374f9fa elementor-section-boxed elementor-section-height-default elementor-section-height-default\" data-id=\"374f9fa\" data-element_type=\"section\">\n\t\t\t\t\t\t<div class=\"elementor-container elementor-column-gap-default\">\n\t\t\t\t\t<div class=\"elementor-column elementor-col-100 elementor-top-column elementor-element elementor-element-f898715\" data-id=\"f898715\" data-element_type=\"column\">\n\t\t\t<div class=\"elementor-widget-wrap elementor-element-populated\">\n\t\t\t\t\t\t<div class=\"elementor-element elementor-element-3203ce1 elementor-widget elementor-widget-heading\" data-id=\"3203ce1\" data-element_type=\"widget\" data-widget_type=\"heading.default\">\n\t\t\t\t<div class=\"elementor-widget-container\">\n\t\t\t\t\t<h3 class=\"elementor-heading-title elementor-size-default\">Am\u00e9liorez la gestion de votre r\u00e9f\u00e9rentiel de contenu, adoptez le cloud et profitez d\u00e8s aujourd'hui d'une prise en charge compl\u00e8te des pi\u00e8ces jointes avec DocuMigrator Pro pour SAP ! Visitez notre site Web ou contactez notre \u00e9quipe de vente pour en savoir plus et commencer votre voyage vers une gestion de contenu sans tracas, \u00e0 la fois sur site et dans le cloud.<\/h3>\t\t\t\t<\/div>\n\t\t\t\t<\/div>\n\t\t\t\t\t<\/div>\n\t\t<\/div>\n\t\t\t\t\t<\/div>\n\t\t<\/section>\n\t\t\t\t<\/div>\n\t\t","protected":false},"excerpt":{"rendered":"<p>Pr\u00e9sentation de &#8220;DocuMigrator Pro pour SAP&#8221; &#8211; L&#8217;outil utilitaire ultime pour une migration transparente du r\u00e9f\u00e9rentiel de contenu, d\u00e9sormais avec int\u00e9gration dans le cloud et prise en charge compl\u00e8te des pi\u00e8ces jointes ! Migration sans effort : transf\u00e9rez facilement des documents et des pi\u00e8ces jointes d&#8217;un r\u00e9f\u00e9rentiel de contenu \u00e0 un autre, qu&#8217;ils soient sur [&hellip;]<\/p>\n","protected":false},"author":1,"featured_media":0,"parent":0,"menu_order":0,"comment_status":"closed","ping_status":"closed","template":"","meta":{"om_disable_all_campaigns":false,"_monsterinsights_skip_tracking":false,"_monsterinsights_sitenote_active":false,"_monsterinsights_sitenote_note":"","_monsterinsights_sitenote_category":0,"footnotes":""},"class_list":["post-5476","page","type-page","status-publish","hentry"],"aioseo_notices":[],"yoast_head":"<!-- This site is optimized with the Yoast SEO plugin v25.0 - https:\/\/yoast.com\/wordpress\/plugins\/seo\/ -->\n<title>DocuMigrator Pro pour SAP - ArchiveHub.io<\/title>\n<meta name=\"description\" content=\"Pr\u00e9sentation de &quot;DocuMigrator Pro pour SAP&quot; - L&#039;outil utilitaire ultime pour une migration transparente du r\u00e9f\u00e9rentiel de contenu, d\u00e9sormais avec int\u00e9gration dans le cloud et prise en charge compl\u00e8te des pi\u00e8ces jointes !\" \/>\n<meta name=\"robots\" content=\"index, follow, max-snippet:-1, max-image-preview:large, max-video-preview:-1\" \/>\n<link rel=\"canonical\" href=\"https:\/\/archivehub.io\/fr\/documigrator-pro-pour-sap\/\" \/>\n<meta property=\"og:locale\" content=\"fr_FR\" \/>\n<meta property=\"og:type\" content=\"article\" \/>\n<meta property=\"og:title\" content=\"DocuMigrator Pro pour SAP - ArchiveHub.io\" \/>\n<meta property=\"og:description\" content=\"Pr\u00e9sentation de &quot;DocuMigrator Pro pour SAP&quot; - L&#039;outil utilitaire ultime pour une migration transparente du r\u00e9f\u00e9rentiel de contenu, d\u00e9sormais avec int\u00e9gration dans le cloud et prise en charge compl\u00e8te des pi\u00e8ces jointes !\" \/>\n<meta property=\"og:url\" content=\"https:\/\/archivehub.io\/fr\/documigrator-pro-pour-sap\/\" \/>\n<meta property=\"og:site_name\" content=\"ArchiveHub.io\" \/>\n<meta property=\"article:publisher\" content=\"https:\/\/www.facebook.com\/people\/ArchiveHubio\/100091316926341\/\" \/>\n<meta property=\"article:modified_time\" content=\"2023-04-10T19:19:09+00:00\" \/>\n<meta property=\"og:image\" content=\"https:\/\/archivehub.io\/wp-content\/uploads\/2023\/03\/attachment_migration-1024x332.jpg\" \/>\n<meta name=\"twitter:card\" content=\"summary_large_image\" \/>\n<meta name=\"twitter:label1\" content=\"Dur\u00e9e de lecture estim\u00e9e\" \/>\n\t<meta name=\"twitter:data1\" content=\"3 minutes\" \/>\n<script type=\"application\/ld+json\" class=\"yoast-schema-graph\">{\"@context\":\"https:\/\/schema.org\",\"@graph\":[{\"@type\":\"WebPage\",\"@id\":\"https:\/\/archivehub.io\/fr\/documigrator-pro-pour-sap\/\",\"url\":\"https:\/\/archivehub.io\/fr\/documigrator-pro-pour-sap\/\",\"name\":\"DocuMigrator Pro pour SAP - ArchiveHub.io\",\"isPartOf\":{\"@id\":\"https:\/\/archivehub.io\/fr\/#website\"},\"primaryImageOfPage\":{\"@id\":\"https:\/\/archivehub.io\/fr\/documigrator-pro-pour-sap\/#primaryimage\"},\"image\":{\"@id\":\"https:\/\/archivehub.io\/fr\/documigrator-pro-pour-sap\/#primaryimage\"},\"thumbnailUrl\":\"https:\/\/archivehub.io\/wp-content\/uploads\/2023\/03\/attachment_migration-1024x332.jpg\",\"datePublished\":\"2023-03-28T14:05:47+00:00\",\"dateModified\":\"2023-04-10T19:19:09+00:00\",\"description\":\"Pr\u00e9sentation de \\\"DocuMigrator Pro pour SAP\\\" - L'outil utilitaire ultime pour une migration transparente du r\u00e9f\u00e9rentiel de contenu, d\u00e9sormais avec int\u00e9gration dans le cloud et prise en charge compl\u00e8te des pi\u00e8ces jointes !\",\"inLanguage\":\"fr-FR\",\"potentialAction\":[{\"@type\":\"ReadAction\",\"target\":[\"https:\/\/archivehub.io\/fr\/documigrator-pro-pour-sap\/\"]}]},{\"@type\":\"ImageObject\",\"inLanguage\":\"fr-FR\",\"@id\":\"https:\/\/archivehub.io\/fr\/documigrator-pro-pour-sap\/#primaryimage\",\"url\":\"https:\/\/archivehub.io\/wp-content\/uploads\/2023\/03\/attachment_migration-1024x332.jpg\",\"contentUrl\":\"https:\/\/archivehub.io\/wp-content\/uploads\/2023\/03\/attachment_migration-1024x332.jpg\"},{\"@type\":\"WebSite\",\"@id\":\"https:\/\/archivehub.io\/fr\/#website\",\"url\":\"https:\/\/archivehub.io\/fr\/\",\"name\":\"ArchiveHub.io\",\"description\":\"SAP Archived Data Reporting Made Easy\",\"publisher\":{\"@id\":\"https:\/\/archivehub.io\/fr\/#organization\"},\"potentialAction\":[{\"@type\":\"SearchAction\",\"target\":{\"@type\":\"EntryPoint\",\"urlTemplate\":\"https:\/\/archivehub.io\/fr\/?s={search_term_string}\"},\"query-input\":{\"@type\":\"PropertyValueSpecification\",\"valueRequired\":true,\"valueName\":\"search_term_string\"}}],\"inLanguage\":\"fr-FR\"},{\"@type\":\"Organization\",\"@id\":\"https:\/\/archivehub.io\/fr\/#organization\",\"name\":\"ArchiveHub.io\",\"url\":\"https:\/\/archivehub.io\/fr\/\",\"logo\":{\"@type\":\"ImageObject\",\"inLanguage\":\"fr-FR\",\"@id\":\"https:\/\/archivehub.io\/fr\/#\/schema\/logo\/image\/\",\"url\":\"https:\/\/archivehub.io\/wp-content\/uploads\/2023\/03\/350px.png\",\"contentUrl\":\"https:\/\/archivehub.io\/wp-content\/uploads\/2023\/03\/350px.png\",\"width\":351,\"height\":77,\"caption\":\"ArchiveHub.io\"},\"image\":{\"@id\":\"https:\/\/archivehub.io\/fr\/#\/schema\/logo\/image\/\"},\"sameAs\":[\"https:\/\/www.facebook.com\/people\/ArchiveHubio\/100091316926341\/\"]}]}<\/script>\n<!-- \/ Yoast SEO plugin. -->","yoast_head_json":{"title":"DocuMigrator Pro pour SAP - ArchiveHub.io","description":"Pr\u00e9sentation de \"DocuMigrator Pro pour SAP\" - L'outil utilitaire ultime pour une migration transparente du r\u00e9f\u00e9rentiel de contenu, d\u00e9sormais avec int\u00e9gration dans le cloud et prise en charge compl\u00e8te des pi\u00e8ces jointes !","robots":{"index":"index","follow":"follow","max-snippet":"max-snippet:-1","max-image-preview":"max-image-preview:large","max-video-preview":"max-video-preview:-1"},"canonical":"https:\/\/archivehub.io\/fr\/documigrator-pro-pour-sap\/","og_locale":"fr_FR","og_type":"article","og_title":"DocuMigrator Pro pour SAP - ArchiveHub.io","og_description":"Pr\u00e9sentation de \"DocuMigrator Pro pour SAP\" - L'outil utilitaire ultime pour une migration transparente du r\u00e9f\u00e9rentiel de contenu, d\u00e9sormais avec int\u00e9gration dans le cloud et prise en charge compl\u00e8te des pi\u00e8ces jointes !","og_url":"https:\/\/archivehub.io\/fr\/documigrator-pro-pour-sap\/","og_site_name":"ArchiveHub.io","article_publisher":"https:\/\/www.facebook.com\/people\/ArchiveHubio\/100091316926341\/","article_modified_time":"2023-04-10T19:19:09+00:00","og_image":[{"url":"https:\/\/archivehub.io\/wp-content\/uploads\/2023\/03\/attachment_migration-1024x332.jpg","type":"","width":"","height":""}],"twitter_card":"summary_large_image","twitter_misc":{"Dur\u00e9e de lecture estim\u00e9e":"3 minutes"},"schema":{"@context":"https:\/\/schema.org","@graph":[{"@type":"WebPage","@id":"https:\/\/archivehub.io\/fr\/documigrator-pro-pour-sap\/","url":"https:\/\/archivehub.io\/fr\/documigrator-pro-pour-sap\/","name":"DocuMigrator Pro pour SAP - ArchiveHub.io","isPartOf":{"@id":"https:\/\/archivehub.io\/fr\/#website"},"primaryImageOfPage":{"@id":"https:\/\/archivehub.io\/fr\/documigrator-pro-pour-sap\/#primaryimage"},"image":{"@id":"https:\/\/archivehub.io\/fr\/documigrator-pro-pour-sap\/#primaryimage"},"thumbnailUrl":"https:\/\/archivehub.io\/wp-content\/uploads\/2023\/03\/attachment_migration-1024x332.jpg","datePublished":"2023-03-28T14:05:47+00:00","dateModified":"2023-04-10T19:19:09+00:00","description":"Pr\u00e9sentation de \"DocuMigrator Pro pour SAP\" - L'outil utilitaire ultime pour une migration transparente du r\u00e9f\u00e9rentiel de contenu, d\u00e9sormais avec int\u00e9gration dans le cloud et prise en charge compl\u00e8te des pi\u00e8ces jointes !","inLanguage":"fr-FR","potentialAction":[{"@type":"ReadAction","target":["https:\/\/archivehub.io\/fr\/documigrator-pro-pour-sap\/"]}]},{"@type":"ImageObject","inLanguage":"fr-FR","@id":"https:\/\/archivehub.io\/fr\/documigrator-pro-pour-sap\/#primaryimage","url":"https:\/\/archivehub.io\/wp-content\/uploads\/2023\/03\/attachment_migration-1024x332.jpg","contentUrl":"https:\/\/archivehub.io\/wp-content\/uploads\/2023\/03\/attachment_migration-1024x332.jpg"},{"@type":"WebSite","@id":"https:\/\/archivehub.io\/fr\/#website","url":"https:\/\/archivehub.io\/fr\/","name":"ArchiveHub.io","description":"SAP Archived Data Reporting Made Easy","publisher":{"@id":"https:\/\/archivehub.io\/fr\/#organization"},"potentialAction":[{"@type":"SearchAction","target":{"@type":"EntryPoint","urlTemplate":"https:\/\/archivehub.io\/fr\/?s={search_term_string}"},"query-input":{"@type":"PropertyValueSpecification","valueRequired":true,"valueName":"search_term_string"}}],"inLanguage":"fr-FR"},{"@type":"Organization","@id":"https:\/\/archivehub.io\/fr\/#organization","name":"ArchiveHub.io","url":"https:\/\/archivehub.io\/fr\/","logo":{"@type":"ImageObject","inLanguage":"fr-FR","@id":"https:\/\/archivehub.io\/fr\/#\/schema\/logo\/image\/","url":"https:\/\/archivehub.io\/wp-content\/uploads\/2023\/03\/350px.png","contentUrl":"https:\/\/archivehub.io\/wp-content\/uploads\/2023\/03\/350px.png","width":351,"height":77,"caption":"ArchiveHub.io"},"image":{"@id":"https:\/\/archivehub.io\/fr\/#\/schema\/logo\/image\/"},"sameAs":["https:\/\/www.facebook.com\/people\/ArchiveHubio\/100091316926341\/"]}]}},"_links":{"self":[{"href":"https:\/\/archivehub.io\/fr\/wp-json\/wp\/v2\/pages\/5476","targetHints":{"allow":["GET"]}}],"collection":[{"href":"https:\/\/archivehub.io\/fr\/wp-json\/wp\/v2\/pages"}],"about":[{"href":"https:\/\/archivehub.io\/fr\/wp-json\/wp\/v2\/types\/page"}],"author":[{"embeddable":true,"href":"https:\/\/archivehub.io\/fr\/wp-json\/wp\/v2\/users\/1"}],"replies":[{"embeddable":true,"href":"https:\/\/archivehub.io\/fr\/wp-json\/wp\/v2\/comments?post=5476"}],"version-history":[{"count":1,"href":"https:\/\/archivehub.io\/fr\/wp-json\/wp\/v2\/pages\/5476\/revisions"}],"predecessor-version":[{"id":5477,"href":"https:\/\/archivehub.io\/fr\/wp-json\/wp\/v2\/pages\/5476\/revisions\/5477"}],"wp:attachment":[{"href":"https:\/\/archivehub.io\/fr\/wp-json\/wp\/v2\/media?parent=5476"}],"curies":[{"name":"wp","href":"https:\/\/api.w.org\/{rel}","templated":true}]}}