{"id":5474,"date":"2015-06-16T10:55:19","date_gmt":"2015-06-16T10:55:19","guid":{"rendered":"https:\/\/archivehub.io\/contactez-nous\/"},"modified":"2023-04-10T19:13:56","modified_gmt":"2023-04-10T19:13:56","slug":"contactez-nous","status":"publish","type":"page","link":"https:\/\/archivehub.io\/fr\/contactez-nous\/","title":{"rendered":"Contactez-nous"},"content":{"rendered":"\t\t<div data-elementor-type=\"wp-page\" data-elementor-id=\"5474\" class=\"elementor elementor-5474 elementor-2409\">\n\t\t\t\t\t\t<section class=\"elementor-section elementor-top-section elementor-element elementor-element-cb117db elementor-section-boxed elementor-section-height-default elementor-section-height-default\" data-id=\"cb117db\" data-element_type=\"section\">\n\t\t\t\t\t\t<div class=\"elementor-container elementor-column-gap-default\">\n\t\t\t\t\t<div class=\"elementor-column elementor-col-100 elementor-top-column elementor-element elementor-element-5877d78\" data-id=\"5877d78\" data-element_type=\"column\">\n\t\t\t<div class=\"elementor-widget-wrap elementor-element-populated\">\n\t\t\t\t\t\t<div class=\"elementor-element elementor-element-3e69995 elementor-widget elementor-widget-heading\" data-id=\"3e69995\" data-element_type=\"widget\" data-widget_type=\"heading.default\">\n\t\t\t\t<div class=\"elementor-widget-container\">\n\t\t\t\t\t<h2 class=\"elementor-heading-title elementor-size-default\">Nous appr\u00e9cions votre int\u00e9r\u00eat ! Si vous avez des questions ou des commentaires, n'h\u00e9sitez pas \u00e0 nous contacter en utilisant les coordonn\u00e9es ci-dessous :<\/h2>\t\t\t\t<\/div>\n\t\t\t\t<\/div>\n\t\t\t\t\t<\/div>\n\t\t<\/div>\n\t\t\t\t\t<\/div>\n\t\t<\/section>\n\t\t\t\t<section class=\"elementor-section elementor-top-section elementor-element elementor-element-d17927d elementor-section-boxed elementor-section-height-default elementor-section-height-default\" data-id=\"d17927d\" data-element_type=\"section\">\n\t\t\t\t\t\t<div class=\"elementor-container elementor-column-gap-default\">\n\t\t\t\t\t<div class=\"elementor-column elementor-col-100 elementor-top-column elementor-element elementor-element-7733431\" data-id=\"7733431\" data-element_type=\"column\">\n\t\t\t<div class=\"elementor-widget-wrap elementor-element-populated\">\n\t\t\t\t\t\t<div class=\"elementor-element elementor-element-845900f elementor-widget elementor-widget-spacer\" data-id=\"845900f\" data-element_type=\"widget\" data-widget_type=\"spacer.default\">\n\t\t\t\t<div class=\"elementor-widget-container\">\n\t\t\t\t\t\t\t<div class=\"elementor-spacer\">\n\t\t\t<div class=\"elementor-spacer-inner\"><\/div>\n\t\t<\/div>\n\t\t\t\t\t\t<\/div>\n\t\t\t\t<\/div>\n\t\t\t\t\t<\/div>\n\t\t<\/div>\n\t\t\t\t\t<\/div>\n\t\t<\/section>\n\t\t\t\t<section class=\"elementor-section elementor-top-section elementor-element elementor-element-7b62316 elementor-section-boxed elementor-section-height-default elementor-section-height-default\" data-id=\"7b62316\" data-element_type=\"section\">\n\t\t\t\t\t\t<div class=\"elementor-container elementor-column-gap-default\">\n\t\t\t\t\t<div class=\"elementor-column elementor-col-100 elementor-top-column elementor-element elementor-element-465cbd7\" data-id=\"465cbd7\" data-element_type=\"column\">\n\t\t\t<div class=\"elementor-widget-wrap elementor-element-populated\">\n\t\t\t\t\t\t<div class=\"elementor-element elementor-element-7503146 elementor-widget elementor-widget-formidable\" data-id=\"7503146\" data-element_type=\"widget\" data-widget_type=\"formidable.default\">\n\t\t\t\t<div class=\"elementor-widget-container\">\n\t\t\t\t\t<div class=\"frm_forms  with_frm_style frm_style_formidable-style\" id=\"frm_form_1_container\" >\n<form enctype=\"multipart\/form-data\" method=\"post\" class=\"frm-show-form  frm_pro_form \" id=\"form_contact-form\" >\n<div class=\"frm_form_fields \">\n<fieldset>\n<legend class=\"frm_screen_reader\">Contact Us<\/legend>\r\n\r\n<div class=\"frm_fields_container\">\n<input type=\"hidden\" name=\"frm_action\" value=\"create\" \/>\n<input type=\"hidden\" name=\"form_id\" value=\"1\" \/>\n<input type=\"hidden\" name=\"frm_hide_fields_1\" id=\"frm_hide_fields_1\" value=\"\" \/>\n<input type=\"hidden\" name=\"form_key\" value=\"contact-form\" \/>\n<input type=\"hidden\" name=\"item_meta[0]\" value=\"\" \/>\n<input type=\"hidden\" id=\"frm_submit_entry_1\" name=\"frm_submit_entry_1\" value=\"3a8f3508bc\" \/><input type=\"hidden\" name=\"_wp_http_referer\" value=\"\/fr\/wp-json\/wp\/v2\/pages\/5474\" \/><div id=\"frm_field_98_container\" class=\"frm_form_field form-field  frm_required_field frm_top_container\">\r\n    <div  id=\"field_h78nd_label\" class=\"frm_primary_label\">Name\r\n        <span class=\"frm_required\" aria-hidden=\"true\">*<\/span>\r\n    <\/div>\r\n    <fieldset aria-labelledby=\"field_h78nd_label\">\n\t<legend class=\"frm_screen_reader frm_hidden\">\n\t\tName\t<\/legend>\n\n\t<div  class=\"frm_combo_inputs_container\" id=\"frm_combo_inputs_container_98\" data-name-layout=\"first_last\">\n\t\t\t\t\t<div\n\t\t\t\tid=\"frm_field_98-first_container\"\n\t\t\t\tclass=\"frm_form_field form-field frm_form_subfield-first  frm6\"\n\t\t\t\tdata-sub-field-name=\"first\"\n\t\t\t>\n\t\t\t\t<label for=\"field_h78nd_first\" class=\"frm_screen_reader frm_hidden\">\n\t\t\t\t\tFirst\t\t\t\t<\/label>\n\n\t\t\t\t\t\t\t\t\t\t<input\n\t\t\t\t\t\t\ttype=\"text\"\n\t\t\t\t\t\t\tid=\"field_h78nd_first\"\n\t\t\t\t\t\t\tvalue=\"\"\n\t\t\t\t\t\t\tname=\"item_meta[98][first]\"  data-reqmsg=\"Name cannot be blank.\" aria-required=\"true\" data-invmsg=\"Name est non valide\" aria-invalid=\"false\"  \t\t\t\t\t\t\/>\n\t\t\t\t\t\t<div class=\"frm_description\" id=\"frm_field_98_first_desc\">First<\/div>\t\t\t<\/div>\n\t\t\t\t\t\t<div\n\t\t\t\tid=\"frm_field_98-last_container\"\n\t\t\t\tclass=\"frm_form_field form-field frm_form_subfield-last  frm6\"\n\t\t\t\tdata-sub-field-name=\"last\"\n\t\t\t>\n\t\t\t\t<label for=\"field_h78nd_last\" class=\"frm_screen_reader frm_hidden\">\n\t\t\t\t\tLast\t\t\t\t<\/label>\n\n\t\t\t\t\t\t\t\t\t\t<input\n\t\t\t\t\t\t\ttype=\"text\"\n\t\t\t\t\t\t\tid=\"field_h78nd_last\"\n\t\t\t\t\t\t\tvalue=\"\"\n\t\t\t\t\t\t\tname=\"item_meta[98][last]\"  data-reqmsg=\"Name cannot be blank.\" aria-required=\"true\" data-invmsg=\"Name est non valide\" aria-invalid=\"false\"  \t\t\t\t\t\t\/>\n\t\t\t\t\t\t<div class=\"frm_description\" id=\"frm_field_98_last_desc\">Last<\/div>\t\t\t<\/div>\n\t\t\t\t<\/div>\n<\/fieldset>\n\r\n    \r\n    \r\n<\/div>\n<div id=\"frm_field_3_container\" class=\"frm_form_field form-field  frm_required_field frm_top_container frm6 frm_first\">\r\n    <label for=\"field_29yf4d\" id=\"field_29yf4d_label\" class=\"frm_primary_label\">Email\r\n        <span class=\"frm_required\" aria-hidden=\"true\">*<\/span>\r\n    <\/label>\r\n    <input type=\"email\" id=\"field_29yf4d\" name=\"item_meta[3]\" value=\"\"  data-reqmsg=\"Email cannot be blank.\" aria-required=\"true\" data-invmsg=\"Please enter a valid email address\" aria-invalid=\"false\"  \/>\r\n    \r\n    \r\n<\/div>\n<div id=\"frm_field_89_container\" class=\"frm_form_field form-field  frm_required_field frm_top_container frm6\">\r\n    <label for=\"field_ak33v\" id=\"field_ak33v_label\" class=\"frm_primary_label\">Phone Number\r\n        <span class=\"frm_required\" aria-hidden=\"true\">*<\/span>\r\n    <\/label>\r\n    <input  type=\"text\" id=\"field_ak33v\" name=\"item_meta[89]\" value=\"\"  data-reqmsg=\"Phone Number cannot be blank.\" aria-required=\"true\" data-invmsg=\"Text is invalid\" aria-invalid=\"false\"   \/>\r\n    \r\n    \r\n<\/div>\n<div id=\"frm_field_4_container\" class=\"frm_form_field form-field  frm_required_field frm_top_container frm_full\">\r\n    <label for=\"field_e6lis6\" id=\"field_e6lis6_label\" class=\"frm_primary_label\">Subject\r\n        <span class=\"frm_required\" aria-hidden=\"true\">*<\/span>\r\n    <\/label>\r\n    <input  type=\"text\" id=\"field_e6lis6\" name=\"item_meta[4]\" value=\"\"  data-reqmsg=\"Subject cannot be blank.\" aria-required=\"true\" data-invmsg=\"Subject is invalid\" aria-invalid=\"false\"   \/>\r\n    \r\n    \r\n<\/div>\n<div id=\"frm_field_5_container\" class=\"frm_form_field form-field  frm_required_field frm_top_container frm_full\">\r\n    <label for=\"field_9jv0r1\" id=\"field_9jv0r1_label\" class=\"frm_primary_label\">Message\r\n        <span class=\"frm_required\" aria-hidden=\"true\">*<\/span>\r\n    <\/label>\r\n    <textarea name=\"item_meta[5]\" id=\"field_9jv0r1\" rows=\"5\"  data-reqmsg=\"Message cannot be blank.\" aria-required=\"true\" data-invmsg=\"Message is invalid\" aria-invalid=\"false\"  ><\/textarea>\r\n    \r\n    \r\n<\/div>\n<div id=\"frm_field_94_container\" class=\"frm_form_field form-field  frm_none_container\">\r\n    <label for=\"h-captcha-response\" id=\"field_pvnc7_label\" class=\"frm_primary_label\">Captcha\r\n        <span class=\"frm_required\" aria-hidden=\"true\"><\/span>\r\n    <\/label>\r\n    <div  id=\"field_pvnc7\" class=\"h-captcha\" data-sitekey=\"03174ff0-3985-46c6-be28-f44a181bf015\" data-size=\"normal\" data-theme=\"light\"><\/div>\r\n    \r\n    \r\n<\/div>\n\t<input type=\"hidden\" name=\"item_key\" value=\"\" \/>\n\t\t\t\t<div class=\"frm__681305af9d1d6\">\n\t\t\t\t<label for=\"frm_email_1\" >\n\t\t\t\t\tSi vous \u00eates un humain, ne remplissez pas ce champ.\t\t\t\t<\/label>\n\t\t\t\t<input  id=\"frm_email_1\" type=\"text\" class=\"frm_verify\" name=\"frm__681305af9d1d6\" value=\"\" autocomplete=\"off\"  \/>\n\t\t\t<\/div>\n\t\t<input name=\"frm_state\" type=\"hidden\" value=\"hOkFpaYGR1onkFKe7EctNBECMf5lfofe66IUi1Fv7bg=\" \/><div class=\"frm_submit\">\r\n\r\n<button class=\"frm_button_submit frm_final_submit\" type=\"submit\"   formnovalidate=\"formnovalidate\">Submit<\/button>\r\n\r\n\r\n<\/div><\/div>\n<\/fieldset>\n<\/div>\n\n<\/form>\n<\/div>\n\t\t\t\t<\/div>\n\t\t\t\t<\/div>\n\t\t\t\t\t<\/div>\n\t\t<\/div>\n\t\t\t\t\t<\/div>\n\t\t<\/section>\n\t\t\t\t<\/div>\n\t\t","protected":false},"excerpt":{"rendered":"<p>Nous appr\u00e9cions votre int\u00e9r\u00eat ! Si vous avez des questions ou des commentaires, n&#8217;h\u00e9sitez pas \u00e0 nous contacter en utilisant les coordonn\u00e9es ci-dessous : Contact Us Name * Name First First Last Last Email * Phone Number * Subject * Message * Captcha If you are human, leave this field blank. Submit<\/p>\n","protected":false},"author":1,"featured_media":0,"parent":0,"menu_order":0,"comment_status":"closed","ping_status":"closed","template":"","meta":{"om_disable_all_campaigns":false,"_monsterinsights_skip_tracking":false,"_monsterinsights_sitenote_active":false,"_monsterinsights_sitenote_note":"","_monsterinsights_sitenote_category":0,"footnotes":""},"class_list":["post-5474","page","type-page","status-publish","hentry"],"aioseo_notices":[],"yoast_head":"<!-- This site is optimized with the Yoast SEO plugin v25.0 - https:\/\/yoast.com\/wordpress\/plugins\/seo\/ -->\n<title>Contactez-nous - ArchiveHub.io<\/title>\n<meta name=\"description\" content=\"Nous appr\u00e9cions votre int\u00e9r\u00eat ! Si vous avez des questions ou des commentaires, n&#039;h\u00e9sitez pas \u00e0 nous contacter\" \/>\n<meta name=\"robots\" content=\"noindex, nofollow\" \/>\n<meta property=\"og:locale\" content=\"fr_FR\" \/>\n<meta property=\"og:type\" content=\"article\" \/>\n<meta property=\"og:title\" content=\"Contactez-nous - ArchiveHub.io\" \/>\n<meta property=\"og:description\" content=\"Nous appr\u00e9cions votre int\u00e9r\u00eat ! Si vous avez des questions ou des commentaires, n&#039;h\u00e9sitez pas \u00e0 nous contacter\" \/>\n<meta property=\"og:url\" content=\"https:\/\/archivehub.io\/fr\/contactez-nous\/\" \/>\n<meta property=\"og:site_name\" content=\"ArchiveHub.io\" \/>\n<meta property=\"article:publisher\" content=\"https:\/\/www.facebook.com\/people\/ArchiveHubio\/100091316926341\/\" \/>\n<meta property=\"article:modified_time\" content=\"2023-04-10T19:13:56+00:00\" \/>\n<meta name=\"twitter:card\" content=\"summary_large_image\" \/>\n<script type=\"application\/ld+json\" class=\"yoast-schema-graph\">{\"@context\":\"https:\/\/schema.org\",\"@graph\":[{\"@type\":\"WebPage\",\"@id\":\"https:\/\/archivehub.io\/fr\/contactez-nous\/\",\"url\":\"https:\/\/archivehub.io\/fr\/contactez-nous\/\",\"name\":\"Contactez-nous - ArchiveHub.io\",\"isPartOf\":{\"@id\":\"https:\/\/archivehub.io\/fr\/#website\"},\"datePublished\":\"2015-06-16T10:55:19+00:00\",\"dateModified\":\"2023-04-10T19:13:56+00:00\",\"description\":\"Nous appr\u00e9cions votre int\u00e9r\u00eat ! Si vous avez des questions ou des commentaires, n'h\u00e9sitez pas \u00e0 nous contacter\",\"inLanguage\":\"fr-FR\",\"potentialAction\":[{\"@type\":\"ReadAction\",\"target\":[\"https:\/\/archivehub.io\/fr\/contactez-nous\/\"]}]},{\"@type\":\"WebSite\",\"@id\":\"https:\/\/archivehub.io\/fr\/#website\",\"url\":\"https:\/\/archivehub.io\/fr\/\",\"name\":\"ArchiveHub.io\",\"description\":\"SAP Archived Data Reporting Made Easy\",\"publisher\":{\"@id\":\"https:\/\/archivehub.io\/fr\/#organization\"},\"potentialAction\":[{\"@type\":\"SearchAction\",\"target\":{\"@type\":\"EntryPoint\",\"urlTemplate\":\"https:\/\/archivehub.io\/fr\/?s={search_term_string}\"},\"query-input\":{\"@type\":\"PropertyValueSpecification\",\"valueRequired\":true,\"valueName\":\"search_term_string\"}}],\"inLanguage\":\"fr-FR\"},{\"@type\":\"Organization\",\"@id\":\"https:\/\/archivehub.io\/fr\/#organization\",\"name\":\"ArchiveHub.io\",\"url\":\"https:\/\/archivehub.io\/fr\/\",\"logo\":{\"@type\":\"ImageObject\",\"inLanguage\":\"fr-FR\",\"@id\":\"https:\/\/archivehub.io\/fr\/#\/schema\/logo\/image\/\",\"url\":\"https:\/\/archivehub.io\/wp-content\/uploads\/2023\/03\/350px.png\",\"contentUrl\":\"https:\/\/archivehub.io\/wp-content\/uploads\/2023\/03\/350px.png\",\"width\":351,\"height\":77,\"caption\":\"ArchiveHub.io\"},\"image\":{\"@id\":\"https:\/\/archivehub.io\/fr\/#\/schema\/logo\/image\/\"},\"sameAs\":[\"https:\/\/www.facebook.com\/people\/ArchiveHubio\/100091316926341\/\"]}]}<\/script>\n<!-- \/ Yoast SEO plugin. -->","yoast_head_json":{"title":"Contactez-nous - ArchiveHub.io","description":"Nous appr\u00e9cions votre int\u00e9r\u00eat ! Si vous avez des questions ou des commentaires, n'h\u00e9sitez pas \u00e0 nous contacter","robots":{"index":"noindex","follow":"nofollow"},"og_locale":"fr_FR","og_type":"article","og_title":"Contactez-nous - ArchiveHub.io","og_description":"Nous appr\u00e9cions votre int\u00e9r\u00eat ! Si vous avez des questions ou des commentaires, n'h\u00e9sitez pas \u00e0 nous contacter","og_url":"https:\/\/archivehub.io\/fr\/contactez-nous\/","og_site_name":"ArchiveHub.io","article_publisher":"https:\/\/www.facebook.com\/people\/ArchiveHubio\/100091316926341\/","article_modified_time":"2023-04-10T19:13:56+00:00","twitter_card":"summary_large_image","schema":{"@context":"https:\/\/schema.org","@graph":[{"@type":"WebPage","@id":"https:\/\/archivehub.io\/fr\/contactez-nous\/","url":"https:\/\/archivehub.io\/fr\/contactez-nous\/","name":"Contactez-nous - ArchiveHub.io","isPartOf":{"@id":"https:\/\/archivehub.io\/fr\/#website"},"datePublished":"2015-06-16T10:55:19+00:00","dateModified":"2023-04-10T19:13:56+00:00","description":"Nous appr\u00e9cions votre int\u00e9r\u00eat ! Si vous avez des questions ou des commentaires, n'h\u00e9sitez pas \u00e0 nous contacter","inLanguage":"fr-FR","potentialAction":[{"@type":"ReadAction","target":["https:\/\/archivehub.io\/fr\/contactez-nous\/"]}]},{"@type":"WebSite","@id":"https:\/\/archivehub.io\/fr\/#website","url":"https:\/\/archivehub.io\/fr\/","name":"ArchiveHub.io","description":"SAP Archived Data Reporting Made Easy","publisher":{"@id":"https:\/\/archivehub.io\/fr\/#organization"},"potentialAction":[{"@type":"SearchAction","target":{"@type":"EntryPoint","urlTemplate":"https:\/\/archivehub.io\/fr\/?s={search_term_string}"},"query-input":{"@type":"PropertyValueSpecification","valueRequired":true,"valueName":"search_term_string"}}],"inLanguage":"fr-FR"},{"@type":"Organization","@id":"https:\/\/archivehub.io\/fr\/#organization","name":"ArchiveHub.io","url":"https:\/\/archivehub.io\/fr\/","logo":{"@type":"ImageObject","inLanguage":"fr-FR","@id":"https:\/\/archivehub.io\/fr\/#\/schema\/logo\/image\/","url":"https:\/\/archivehub.io\/wp-content\/uploads\/2023\/03\/350px.png","contentUrl":"https:\/\/archivehub.io\/wp-content\/uploads\/2023\/03\/350px.png","width":351,"height":77,"caption":"ArchiveHub.io"},"image":{"@id":"https:\/\/archivehub.io\/fr\/#\/schema\/logo\/image\/"},"sameAs":["https:\/\/www.facebook.com\/people\/ArchiveHubio\/100091316926341\/"]}]}},"_links":{"self":[{"href":"https:\/\/archivehub.io\/fr\/wp-json\/wp\/v2\/pages\/5474","targetHints":{"allow":["GET"]}}],"collection":[{"href":"https:\/\/archivehub.io\/fr\/wp-json\/wp\/v2\/pages"}],"about":[{"href":"https:\/\/archivehub.io\/fr\/wp-json\/wp\/v2\/types\/page"}],"author":[{"embeddable":true,"href":"https:\/\/archivehub.io\/fr\/wp-json\/wp\/v2\/users\/1"}],"replies":[{"embeddable":true,"href":"https:\/\/archivehub.io\/fr\/wp-json\/wp\/v2\/comments?post=5474"}],"version-history":[{"count":1,"href":"https:\/\/archivehub.io\/fr\/wp-json\/wp\/v2\/pages\/5474\/revisions"}],"predecessor-version":[{"id":5475,"href":"https:\/\/archivehub.io\/fr\/wp-json\/wp\/v2\/pages\/5474\/revisions\/5475"}],"wp:attachment":[{"href":"https:\/\/archivehub.io\/fr\/wp-json\/wp\/v2\/media?parent=5474"}],"curies":[{"name":"wp","href":"https:\/\/api.w.org\/{rel}","templated":true}]}}