{"id":5471,"date":"2023-03-25T19:31:37","date_gmt":"2023-03-25T19:31:37","guid":{"rendered":"https:\/\/archivehub.io\/archivehub-archive-data-reporting-pour-sap-ilm-rw-avec-lcnc\/"},"modified":"2023-04-11T08:43:33","modified_gmt":"2023-04-11T08:43:33","slug":"archivehub-archive-data-reporting-pour-sap-ilm-rw-avec-lcnc","status":"publish","type":"page","link":"https:\/\/archivehub.io\/fr\/archivehub-archive-data-reporting-pour-sap-ilm-rw-avec-lcnc\/","title":{"rendered":"ArchiveHub Archive Data Reporting pour SAP ILM RW avec LCNC"},"content":{"rendered":"\t\t<div data-elementor-type=\"wp-page\" data-elementor-id=\"5471\" class=\"elementor elementor-5471 elementor-2902\">\n\t\t\t\t\t\t<section class=\"elementor-section elementor-top-section elementor-element elementor-element-a18be20 elementor-section-boxed elementor-section-height-default elementor-section-height-default\" data-id=\"a18be20\" data-element_type=\"section\">\n\t\t\t\t\t\t<div class=\"elementor-container elementor-column-gap-default\">\n\t\t\t\t\t<div class=\"elementor-column elementor-col-50 elementor-top-column elementor-element elementor-element-a77edad\" data-id=\"a77edad\" data-element_type=\"column\">\n\t\t\t<div class=\"elementor-widget-wrap elementor-element-populated\">\n\t\t\t\t\t\t<div class=\"elementor-element elementor-element-de8ea4d elementor-widget elementor-widget-image\" data-id=\"de8ea4d\" data-element_type=\"widget\" data-widget_type=\"image.default\">\n\t\t\t\t<div class=\"elementor-widget-container\">\n\t\t\t\t\t\t\t\t\t\t\t\t\t\t\t<img fetchpriority=\"high\" decoding=\"async\" width=\"530\" height=\"350\" src=\"https:\/\/archivehub.io\/wp-content\/uploads\/2023\/03\/ilm_rw_lcnc2.png\" class=\"attachment-large size-large wp-image-5381\" alt=\"\" srcset=\"https:\/\/archivehub.io\/wp-content\/uploads\/2023\/03\/ilm_rw_lcnc2.png 530w, https:\/\/archivehub.io\/wp-content\/uploads\/2023\/03\/ilm_rw_lcnc2-300x198.png 300w\" sizes=\"(max-width: 530px) 100vw, 530px\" \/>\t\t\t\t\t\t\t\t\t\t\t\t\t\t\t<\/div>\n\t\t\t\t<\/div>\n\t\t\t\t\t<\/div>\n\t\t<\/div>\n\t\t\t\t<div class=\"elementor-column elementor-col-50 elementor-top-column elementor-element elementor-element-1527fda\" data-id=\"1527fda\" data-element_type=\"column\">\n\t\t\t<div class=\"elementor-widget-wrap elementor-element-populated\">\n\t\t\t\t\t\t<div class=\"elementor-element elementor-element-43584f8 elementor-widget elementor-widget-text-editor\" data-id=\"43584f8\" data-element_type=\"widget\" data-widget_type=\"text-editor.default\">\n\t\t\t\t<div class=\"elementor-widget-container\">\n\t\t\t\t\t\t\t\t\t<h3>Faits marquants :<\/h3>\n<ul>\n<li>Ex\u00e9cutez des rapports fonctionnels sur SAP avec les donn\u00e9es archiv\u00e9es ILM RW.<\/li>\n<li>Cr\u00e9ez des rapports sur SAP avec des donn\u00e9es archiv\u00e9es \/ d\u00e9saffect\u00e9es ILM RW avec Low Code No Code par des utilisateurs professionnels cl\u00e9s.<\/li>\n<\/ul>\n\t\t\t\t\t\t\t\t<\/div>\n\t\t\t\t<\/div>\n\t\t\t\t\t<\/div>\n\t\t<\/div>\n\t\t\t\t\t<\/div>\n\t\t<\/section>\n\t\t\t\t<\/div>\n\t\t","protected":false},"excerpt":{"rendered":"<p>Faits marquants : Ex\u00e9cutez des rapports fonctionnels sur SAP avec les donn\u00e9es archiv\u00e9es ILM RW. Cr\u00e9ez des rapports sur SAP avec des donn\u00e9es archiv\u00e9es \/ d\u00e9saffect\u00e9es ILM RW avec Low Code No Code par des utilisateurs professionnels cl\u00e9s.<\/p>\n","protected":false},"author":1,"featured_media":0,"parent":0,"menu_order":0,"comment_status":"closed","ping_status":"closed","template":"","meta":{"om_disable_all_campaigns":false,"_monsterinsights_skip_tracking":false,"_monsterinsights_sitenote_active":false,"_monsterinsights_sitenote_note":"","_monsterinsights_sitenote_category":0,"footnotes":""},"class_list":["post-5471","page","type-page","status-publish","hentry"],"aioseo_notices":[],"yoast_head":"<!-- This site is optimized with the Yoast SEO plugin v25.0 - https:\/\/yoast.com\/wordpress\/plugins\/seo\/ -->\n<title>ArchiveHub Archive Data Reporting pour SAP ILM RW avec LCNC - ArchiveHub.io<\/title>\n<meta name=\"description\" content=\"Ex\u00e9cutez des rapports fonctionnels sur SAP avec les donn\u00e9es archiv\u00e9es ILM RW. Cr\u00e9ez des rapports sur SAP avec des donn\u00e9es archiv\u00e9es \/ d\u00e9saffect\u00e9es ILM RW avec Low Code No Code par des utilisateurs professionnels cl\u00e9s.\" \/>\n<meta name=\"robots\" content=\"index, follow, max-snippet:-1, max-image-preview:large, max-video-preview:-1\" \/>\n<link rel=\"canonical\" href=\"https:\/\/archivehub.io\/fr\/archivehub-archive-data-reporting-pour-sap-ilm-rw-avec-lcnc\/\" \/>\n<meta property=\"og:locale\" content=\"fr_FR\" \/>\n<meta property=\"og:type\" content=\"article\" \/>\n<meta property=\"og:title\" content=\"ArchiveHub Archive Data Reporting pour SAP ILM RW avec LCNC - ArchiveHub.io\" \/>\n<meta property=\"og:description\" content=\"Ex\u00e9cutez des rapports fonctionnels sur SAP avec les donn\u00e9es archiv\u00e9es ILM RW. Cr\u00e9ez des rapports sur SAP avec des donn\u00e9es archiv\u00e9es \/ d\u00e9saffect\u00e9es ILM RW avec Low Code No Code par des utilisateurs professionnels cl\u00e9s.\" \/>\n<meta property=\"og:url\" content=\"https:\/\/archivehub.io\/fr\/archivehub-archive-data-reporting-pour-sap-ilm-rw-avec-lcnc\/\" \/>\n<meta property=\"og:site_name\" content=\"ArchiveHub.io\" \/>\n<meta property=\"article:publisher\" content=\"https:\/\/www.facebook.com\/people\/ArchiveHubio\/100091316926341\/\" \/>\n<meta property=\"article:modified_time\" content=\"2023-04-11T08:43:33+00:00\" \/>\n<meta property=\"og:image\" content=\"https:\/\/archivehub.io\/wp-content\/uploads\/2023\/03\/ilm_rw_lcnc2.png\" \/>\n<meta name=\"twitter:card\" content=\"summary_large_image\" \/>\n<meta name=\"twitter:label1\" content=\"Dur\u00e9e de lecture estim\u00e9e\" \/>\n\t<meta name=\"twitter:data1\" content=\"1 minute\" \/>\n<script type=\"application\/ld+json\" class=\"yoast-schema-graph\">{\"@context\":\"https:\/\/schema.org\",\"@graph\":[{\"@type\":\"WebPage\",\"@id\":\"https:\/\/archivehub.io\/fr\/archivehub-archive-data-reporting-pour-sap-ilm-rw-avec-lcnc\/\",\"url\":\"https:\/\/archivehub.io\/fr\/archivehub-archive-data-reporting-pour-sap-ilm-rw-avec-lcnc\/\",\"name\":\"ArchiveHub Archive Data Reporting pour SAP ILM RW avec LCNC - ArchiveHub.io\",\"isPartOf\":{\"@id\":\"https:\/\/archivehub.io\/fr\/#website\"},\"primaryImageOfPage\":{\"@id\":\"https:\/\/archivehub.io\/fr\/archivehub-archive-data-reporting-pour-sap-ilm-rw-avec-lcnc\/#primaryimage\"},\"image\":{\"@id\":\"https:\/\/archivehub.io\/fr\/archivehub-archive-data-reporting-pour-sap-ilm-rw-avec-lcnc\/#primaryimage\"},\"thumbnailUrl\":\"https:\/\/archivehub.io\/wp-content\/uploads\/2023\/03\/ilm_rw_lcnc2.png\",\"datePublished\":\"2023-03-25T19:31:37+00:00\",\"dateModified\":\"2023-04-11T08:43:33+00:00\",\"description\":\"Ex\u00e9cutez des rapports fonctionnels sur SAP avec les donn\u00e9es archiv\u00e9es ILM RW. Cr\u00e9ez des rapports sur SAP avec des donn\u00e9es archiv\u00e9es \/ d\u00e9saffect\u00e9es ILM RW avec Low Code No Code par des utilisateurs professionnels cl\u00e9s.\",\"inLanguage\":\"fr-FR\",\"potentialAction\":[{\"@type\":\"ReadAction\",\"target\":[\"https:\/\/archivehub.io\/fr\/archivehub-archive-data-reporting-pour-sap-ilm-rw-avec-lcnc\/\"]}]},{\"@type\":\"ImageObject\",\"inLanguage\":\"fr-FR\",\"@id\":\"https:\/\/archivehub.io\/fr\/archivehub-archive-data-reporting-pour-sap-ilm-rw-avec-lcnc\/#primaryimage\",\"url\":\"https:\/\/archivehub.io\/wp-content\/uploads\/2023\/03\/ilm_rw_lcnc2.png\",\"contentUrl\":\"https:\/\/archivehub.io\/wp-content\/uploads\/2023\/03\/ilm_rw_lcnc2.png\"},{\"@type\":\"WebSite\",\"@id\":\"https:\/\/archivehub.io\/fr\/#website\",\"url\":\"https:\/\/archivehub.io\/fr\/\",\"name\":\"ArchiveHub.io\",\"description\":\"SAP Archived Data Reporting Made Easy\",\"publisher\":{\"@id\":\"https:\/\/archivehub.io\/fr\/#organization\"},\"potentialAction\":[{\"@type\":\"SearchAction\",\"target\":{\"@type\":\"EntryPoint\",\"urlTemplate\":\"https:\/\/archivehub.io\/fr\/?s={search_term_string}\"},\"query-input\":{\"@type\":\"PropertyValueSpecification\",\"valueRequired\":true,\"valueName\":\"search_term_string\"}}],\"inLanguage\":\"fr-FR\"},{\"@type\":\"Organization\",\"@id\":\"https:\/\/archivehub.io\/fr\/#organization\",\"name\":\"ArchiveHub.io\",\"url\":\"https:\/\/archivehub.io\/fr\/\",\"logo\":{\"@type\":\"ImageObject\",\"inLanguage\":\"fr-FR\",\"@id\":\"https:\/\/archivehub.io\/fr\/#\/schema\/logo\/image\/\",\"url\":\"https:\/\/archivehub.io\/wp-content\/uploads\/2023\/03\/350px.png\",\"contentUrl\":\"https:\/\/archivehub.io\/wp-content\/uploads\/2023\/03\/350px.png\",\"width\":351,\"height\":77,\"caption\":\"ArchiveHub.io\"},\"image\":{\"@id\":\"https:\/\/archivehub.io\/fr\/#\/schema\/logo\/image\/\"},\"sameAs\":[\"https:\/\/www.facebook.com\/people\/ArchiveHubio\/100091316926341\/\"]}]}<\/script>\n<!-- \/ Yoast SEO plugin. -->","yoast_head_json":{"title":"ArchiveHub Archive Data Reporting pour SAP ILM RW avec LCNC - ArchiveHub.io","description":"Ex\u00e9cutez des rapports fonctionnels sur SAP avec les donn\u00e9es archiv\u00e9es ILM RW. Cr\u00e9ez des rapports sur SAP avec des donn\u00e9es archiv\u00e9es \/ d\u00e9saffect\u00e9es ILM RW avec Low Code No Code par des utilisateurs professionnels cl\u00e9s.","robots":{"index":"index","follow":"follow","max-snippet":"max-snippet:-1","max-image-preview":"max-image-preview:large","max-video-preview":"max-video-preview:-1"},"canonical":"https:\/\/archivehub.io\/fr\/archivehub-archive-data-reporting-pour-sap-ilm-rw-avec-lcnc\/","og_locale":"fr_FR","og_type":"article","og_title":"ArchiveHub Archive Data Reporting pour SAP ILM RW avec LCNC - ArchiveHub.io","og_description":"Ex\u00e9cutez des rapports fonctionnels sur SAP avec les donn\u00e9es archiv\u00e9es ILM RW. Cr\u00e9ez des rapports sur SAP avec des donn\u00e9es archiv\u00e9es \/ d\u00e9saffect\u00e9es ILM RW avec Low Code No Code par des utilisateurs professionnels cl\u00e9s.","og_url":"https:\/\/archivehub.io\/fr\/archivehub-archive-data-reporting-pour-sap-ilm-rw-avec-lcnc\/","og_site_name":"ArchiveHub.io","article_publisher":"https:\/\/www.facebook.com\/people\/ArchiveHubio\/100091316926341\/","article_modified_time":"2023-04-11T08:43:33+00:00","og_image":[{"url":"https:\/\/archivehub.io\/wp-content\/uploads\/2023\/03\/ilm_rw_lcnc2.png","type":"","width":"","height":""}],"twitter_card":"summary_large_image","twitter_misc":{"Dur\u00e9e de lecture estim\u00e9e":"1 minute"},"schema":{"@context":"https:\/\/schema.org","@graph":[{"@type":"WebPage","@id":"https:\/\/archivehub.io\/fr\/archivehub-archive-data-reporting-pour-sap-ilm-rw-avec-lcnc\/","url":"https:\/\/archivehub.io\/fr\/archivehub-archive-data-reporting-pour-sap-ilm-rw-avec-lcnc\/","name":"ArchiveHub Archive Data Reporting pour SAP ILM RW avec LCNC - ArchiveHub.io","isPartOf":{"@id":"https:\/\/archivehub.io\/fr\/#website"},"primaryImageOfPage":{"@id":"https:\/\/archivehub.io\/fr\/archivehub-archive-data-reporting-pour-sap-ilm-rw-avec-lcnc\/#primaryimage"},"image":{"@id":"https:\/\/archivehub.io\/fr\/archivehub-archive-data-reporting-pour-sap-ilm-rw-avec-lcnc\/#primaryimage"},"thumbnailUrl":"https:\/\/archivehub.io\/wp-content\/uploads\/2023\/03\/ilm_rw_lcnc2.png","datePublished":"2023-03-25T19:31:37+00:00","dateModified":"2023-04-11T08:43:33+00:00","description":"Ex\u00e9cutez des rapports fonctionnels sur SAP avec les donn\u00e9es archiv\u00e9es ILM RW. Cr\u00e9ez des rapports sur SAP avec des donn\u00e9es archiv\u00e9es \/ d\u00e9saffect\u00e9es ILM RW avec Low Code No Code par des utilisateurs professionnels cl\u00e9s.","inLanguage":"fr-FR","potentialAction":[{"@type":"ReadAction","target":["https:\/\/archivehub.io\/fr\/archivehub-archive-data-reporting-pour-sap-ilm-rw-avec-lcnc\/"]}]},{"@type":"ImageObject","inLanguage":"fr-FR","@id":"https:\/\/archivehub.io\/fr\/archivehub-archive-data-reporting-pour-sap-ilm-rw-avec-lcnc\/#primaryimage","url":"https:\/\/archivehub.io\/wp-content\/uploads\/2023\/03\/ilm_rw_lcnc2.png","contentUrl":"https:\/\/archivehub.io\/wp-content\/uploads\/2023\/03\/ilm_rw_lcnc2.png"},{"@type":"WebSite","@id":"https:\/\/archivehub.io\/fr\/#website","url":"https:\/\/archivehub.io\/fr\/","name":"ArchiveHub.io","description":"SAP Archived Data Reporting Made Easy","publisher":{"@id":"https:\/\/archivehub.io\/fr\/#organization"},"potentialAction":[{"@type":"SearchAction","target":{"@type":"EntryPoint","urlTemplate":"https:\/\/archivehub.io\/fr\/?s={search_term_string}"},"query-input":{"@type":"PropertyValueSpecification","valueRequired":true,"valueName":"search_term_string"}}],"inLanguage":"fr-FR"},{"@type":"Organization","@id":"https:\/\/archivehub.io\/fr\/#organization","name":"ArchiveHub.io","url":"https:\/\/archivehub.io\/fr\/","logo":{"@type":"ImageObject","inLanguage":"fr-FR","@id":"https:\/\/archivehub.io\/fr\/#\/schema\/logo\/image\/","url":"https:\/\/archivehub.io\/wp-content\/uploads\/2023\/03\/350px.png","contentUrl":"https:\/\/archivehub.io\/wp-content\/uploads\/2023\/03\/350px.png","width":351,"height":77,"caption":"ArchiveHub.io"},"image":{"@id":"https:\/\/archivehub.io\/fr\/#\/schema\/logo\/image\/"},"sameAs":["https:\/\/www.facebook.com\/people\/ArchiveHubio\/100091316926341\/"]}]}},"_links":{"self":[{"href":"https:\/\/archivehub.io\/fr\/wp-json\/wp\/v2\/pages\/5471","targetHints":{"allow":["GET"]}}],"collection":[{"href":"https:\/\/archivehub.io\/fr\/wp-json\/wp\/v2\/pages"}],"about":[{"href":"https:\/\/archivehub.io\/fr\/wp-json\/wp\/v2\/types\/page"}],"author":[{"embeddable":true,"href":"https:\/\/archivehub.io\/fr\/wp-json\/wp\/v2\/users\/1"}],"replies":[{"embeddable":true,"href":"https:\/\/archivehub.io\/fr\/wp-json\/wp\/v2\/comments?post=5471"}],"version-history":[{"count":2,"href":"https:\/\/archivehub.io\/fr\/wp-json\/wp\/v2\/pages\/5471\/revisions"}],"predecessor-version":[{"id":5534,"href":"https:\/\/archivehub.io\/fr\/wp-json\/wp\/v2\/pages\/5471\/revisions\/5534"}],"wp:attachment":[{"href":"https:\/\/archivehub.io\/fr\/wp-json\/wp\/v2\/media?parent=5471"}],"curies":[{"name":"wp","href":"https:\/\/api.w.org\/{rel}","templated":true}]}}