{"id":5469,"date":"2023-03-25T19:30:04","date_gmt":"2023-03-25T19:30:04","guid":{"rendered":"https:\/\/archivehub.io\/archivehub-archive-data-reporting-pour-sap-ecc-avec-ilm-et-lcnc\/"},"modified":"2023-04-11T08:41:33","modified_gmt":"2023-04-11T08:41:33","slug":"archivehub-archive-data-reporting-pour-sap-ecc-avec-ilm-et-lcnc","status":"publish","type":"page","link":"https:\/\/archivehub.io\/fr\/archivehub-archive-data-reporting-pour-sap-ecc-avec-ilm-et-lcnc\/","title":{"rendered":"ArchiveHub Archive Data Reporting pour SAP ECC avec ILM et LCNC"},"content":{"rendered":"\t\t<div data-elementor-type=\"wp-page\" data-elementor-id=\"5469\" class=\"elementor elementor-5469 elementor-2897\">\n\t\t\t\t\t\t<section class=\"elementor-section elementor-top-section elementor-element elementor-element-c124197 elementor-section-boxed elementor-section-height-default elementor-section-height-default\" data-id=\"c124197\" data-element_type=\"section\">\n\t\t\t\t\t\t<div class=\"elementor-container elementor-column-gap-default\">\n\t\t\t\t\t<div class=\"elementor-column elementor-col-50 elementor-top-column elementor-element elementor-element-56e0fc9\" data-id=\"56e0fc9\" data-element_type=\"column\">\n\t\t\t<div class=\"elementor-widget-wrap elementor-element-populated\">\n\t\t\t\t\t\t<div class=\"elementor-element elementor-element-1ed441c elementor-widget elementor-widget-image\" data-id=\"1ed441c\" data-element_type=\"widget\" data-widget_type=\"image.default\">\n\t\t\t\t<div class=\"elementor-widget-container\">\n\t\t\t\t\t\t\t\t\t\t\t\t\t\t\t<img fetchpriority=\"high\" decoding=\"async\" width=\"530\" height=\"350\" src=\"https:\/\/archivehub.io\/wp-content\/uploads\/2023\/03\/ecc_ilm_lcnc.png\" class=\"attachment-large size-large wp-image-5363\" alt=\"\" srcset=\"https:\/\/archivehub.io\/wp-content\/uploads\/2023\/03\/ecc_ilm_lcnc.png 530w, https:\/\/archivehub.io\/wp-content\/uploads\/2023\/03\/ecc_ilm_lcnc-300x198.png 300w\" sizes=\"(max-width: 530px) 100vw, 530px\" \/>\t\t\t\t\t\t\t\t\t\t\t\t\t\t\t<\/div>\n\t\t\t\t<\/div>\n\t\t\t\t\t<\/div>\n\t\t<\/div>\n\t\t\t\t<div class=\"elementor-column elementor-col-50 elementor-top-column elementor-element elementor-element-eb81f30\" data-id=\"eb81f30\" data-element_type=\"column\">\n\t\t\t<div class=\"elementor-widget-wrap elementor-element-populated\">\n\t\t\t\t\t\t<div class=\"elementor-element elementor-element-1be61eb elementor-widget elementor-widget-text-editor\" data-id=\"1be61eb\" data-element_type=\"widget\" data-widget_type=\"text-editor.default\">\n\t\t\t\t<div class=\"elementor-widget-container\">\n\t\t\t\t\t\t\t\t\t<h3>Faits marquants :<\/h3>\n<ul>\n<li>Ex\u00e9cutez des rapports fonctionnels sur SAP ECC avec des donn\u00e9es archiv\u00e9es ILM.<\/li>\n<li>Cr\u00e9ez des rapports sur SAP ECC avec des donn\u00e9es archiv\u00e9es ILM avec Low Code No Code par des utilisateurs m\u00e9tier cl\u00e9s.<\/li>\n<\/ul>\n\t\t\t\t\t\t\t\t<\/div>\n\t\t\t\t<\/div>\n\t\t\t\t\t<\/div>\n\t\t<\/div>\n\t\t\t\t\t<\/div>\n\t\t<\/section>\n\t\t\t\t<\/div>\n\t\t","protected":false},"excerpt":{"rendered":"<p>Faits marquants : Ex\u00e9cutez des rapports fonctionnels sur SAP ECC avec des donn\u00e9es archiv\u00e9es ILM. Cr\u00e9ez des rapports sur SAP ECC avec des donn\u00e9es archiv\u00e9es ILM avec Low Code No Code par des utilisateurs m\u00e9tier cl\u00e9s.<\/p>\n","protected":false},"author":1,"featured_media":0,"parent":0,"menu_order":0,"comment_status":"closed","ping_status":"closed","template":"","meta":{"om_disable_all_campaigns":false,"_monsterinsights_skip_tracking":false,"_monsterinsights_sitenote_active":false,"_monsterinsights_sitenote_note":"","_monsterinsights_sitenote_category":0,"footnotes":""},"class_list":["post-5469","page","type-page","status-publish","hentry"],"aioseo_notices":[],"yoast_head":"<!-- This site is optimized with the Yoast SEO plugin v25.0 - https:\/\/yoast.com\/wordpress\/plugins\/seo\/ -->\n<title>ArchiveHub Archive Data Reporting pour SAP ECC avec ILM et LCNC - ArchiveHub.io<\/title>\n<meta name=\"description\" content=\"Ex\u00e9cutez des rapports fonctionnels sur SAP ECC avec des donn\u00e9es archiv\u00e9es ILM. Cr\u00e9ez des rapports sur SAP ECC avec des donn\u00e9es archiv\u00e9es ILM avec Low Code No Code par des utilisateurs m\u00e9tier cl\u00e9s.\" \/>\n<meta name=\"robots\" content=\"index, follow, max-snippet:-1, max-image-preview:large, max-video-preview:-1\" \/>\n<link rel=\"canonical\" href=\"https:\/\/archivehub.io\/fr\/archivehub-archive-data-reporting-pour-sap-ecc-avec-ilm-et-lcnc\/\" \/>\n<meta property=\"og:locale\" content=\"fr_FR\" \/>\n<meta property=\"og:type\" content=\"article\" \/>\n<meta property=\"og:title\" content=\"ArchiveHub Archive Data Reporting pour SAP ECC avec ILM et LCNC - ArchiveHub.io\" \/>\n<meta property=\"og:description\" content=\"Ex\u00e9cutez des rapports fonctionnels sur SAP ECC avec des donn\u00e9es archiv\u00e9es ILM. Cr\u00e9ez des rapports sur SAP ECC avec des donn\u00e9es archiv\u00e9es ILM avec Low Code No Code par des utilisateurs m\u00e9tier cl\u00e9s.\" \/>\n<meta property=\"og:url\" content=\"https:\/\/archivehub.io\/fr\/archivehub-archive-data-reporting-pour-sap-ecc-avec-ilm-et-lcnc\/\" \/>\n<meta property=\"og:site_name\" content=\"ArchiveHub.io\" \/>\n<meta property=\"article:publisher\" content=\"https:\/\/www.facebook.com\/people\/ArchiveHubio\/100091316926341\/\" \/>\n<meta property=\"article:modified_time\" content=\"2023-04-11T08:41:33+00:00\" \/>\n<meta property=\"og:image\" content=\"https:\/\/archivehub.io\/wp-content\/uploads\/2023\/03\/ecc_ilm_lcnc.png\" \/>\n<meta name=\"twitter:card\" content=\"summary_large_image\" \/>\n<meta name=\"twitter:label1\" content=\"Dur\u00e9e de lecture estim\u00e9e\" \/>\n\t<meta name=\"twitter:data1\" content=\"1 minute\" \/>\n<script type=\"application\/ld+json\" class=\"yoast-schema-graph\">{\"@context\":\"https:\/\/schema.org\",\"@graph\":[{\"@type\":\"WebPage\",\"@id\":\"https:\/\/archivehub.io\/fr\/archivehub-archive-data-reporting-pour-sap-ecc-avec-ilm-et-lcnc\/\",\"url\":\"https:\/\/archivehub.io\/fr\/archivehub-archive-data-reporting-pour-sap-ecc-avec-ilm-et-lcnc\/\",\"name\":\"ArchiveHub Archive Data Reporting pour SAP ECC avec ILM et LCNC - ArchiveHub.io\",\"isPartOf\":{\"@id\":\"https:\/\/archivehub.io\/fr\/#website\"},\"primaryImageOfPage\":{\"@id\":\"https:\/\/archivehub.io\/fr\/archivehub-archive-data-reporting-pour-sap-ecc-avec-ilm-et-lcnc\/#primaryimage\"},\"image\":{\"@id\":\"https:\/\/archivehub.io\/fr\/archivehub-archive-data-reporting-pour-sap-ecc-avec-ilm-et-lcnc\/#primaryimage\"},\"thumbnailUrl\":\"https:\/\/archivehub.io\/wp-content\/uploads\/2023\/03\/ecc_ilm_lcnc.png\",\"datePublished\":\"2023-03-25T19:30:04+00:00\",\"dateModified\":\"2023-04-11T08:41:33+00:00\",\"description\":\"Ex\u00e9cutez des rapports fonctionnels sur SAP ECC avec des donn\u00e9es archiv\u00e9es ILM. Cr\u00e9ez des rapports sur SAP ECC avec des donn\u00e9es archiv\u00e9es ILM avec Low Code No Code par des utilisateurs m\u00e9tier cl\u00e9s.\",\"inLanguage\":\"fr-FR\",\"potentialAction\":[{\"@type\":\"ReadAction\",\"target\":[\"https:\/\/archivehub.io\/fr\/archivehub-archive-data-reporting-pour-sap-ecc-avec-ilm-et-lcnc\/\"]}]},{\"@type\":\"ImageObject\",\"inLanguage\":\"fr-FR\",\"@id\":\"https:\/\/archivehub.io\/fr\/archivehub-archive-data-reporting-pour-sap-ecc-avec-ilm-et-lcnc\/#primaryimage\",\"url\":\"https:\/\/archivehub.io\/wp-content\/uploads\/2023\/03\/ecc_ilm_lcnc.png\",\"contentUrl\":\"https:\/\/archivehub.io\/wp-content\/uploads\/2023\/03\/ecc_ilm_lcnc.png\"},{\"@type\":\"WebSite\",\"@id\":\"https:\/\/archivehub.io\/fr\/#website\",\"url\":\"https:\/\/archivehub.io\/fr\/\",\"name\":\"ArchiveHub.io\",\"description\":\"SAP Archived Data Reporting Made Easy\",\"publisher\":{\"@id\":\"https:\/\/archivehub.io\/fr\/#organization\"},\"potentialAction\":[{\"@type\":\"SearchAction\",\"target\":{\"@type\":\"EntryPoint\",\"urlTemplate\":\"https:\/\/archivehub.io\/fr\/?s={search_term_string}\"},\"query-input\":{\"@type\":\"PropertyValueSpecification\",\"valueRequired\":true,\"valueName\":\"search_term_string\"}}],\"inLanguage\":\"fr-FR\"},{\"@type\":\"Organization\",\"@id\":\"https:\/\/archivehub.io\/fr\/#organization\",\"name\":\"ArchiveHub.io\",\"url\":\"https:\/\/archivehub.io\/fr\/\",\"logo\":{\"@type\":\"ImageObject\",\"inLanguage\":\"fr-FR\",\"@id\":\"https:\/\/archivehub.io\/fr\/#\/schema\/logo\/image\/\",\"url\":\"https:\/\/archivehub.io\/wp-content\/uploads\/2023\/03\/350px.png\",\"contentUrl\":\"https:\/\/archivehub.io\/wp-content\/uploads\/2023\/03\/350px.png\",\"width\":351,\"height\":77,\"caption\":\"ArchiveHub.io\"},\"image\":{\"@id\":\"https:\/\/archivehub.io\/fr\/#\/schema\/logo\/image\/\"},\"sameAs\":[\"https:\/\/www.facebook.com\/people\/ArchiveHubio\/100091316926341\/\"]}]}<\/script>\n<!-- \/ Yoast SEO plugin. -->","yoast_head_json":{"title":"ArchiveHub Archive Data Reporting pour SAP ECC avec ILM et LCNC - ArchiveHub.io","description":"Ex\u00e9cutez des rapports fonctionnels sur SAP ECC avec des donn\u00e9es archiv\u00e9es ILM. Cr\u00e9ez des rapports sur SAP ECC avec des donn\u00e9es archiv\u00e9es ILM avec Low Code No Code par des utilisateurs m\u00e9tier cl\u00e9s.","robots":{"index":"index","follow":"follow","max-snippet":"max-snippet:-1","max-image-preview":"max-image-preview:large","max-video-preview":"max-video-preview:-1"},"canonical":"https:\/\/archivehub.io\/fr\/archivehub-archive-data-reporting-pour-sap-ecc-avec-ilm-et-lcnc\/","og_locale":"fr_FR","og_type":"article","og_title":"ArchiveHub Archive Data Reporting pour SAP ECC avec ILM et LCNC - ArchiveHub.io","og_description":"Ex\u00e9cutez des rapports fonctionnels sur SAP ECC avec des donn\u00e9es archiv\u00e9es ILM. Cr\u00e9ez des rapports sur SAP ECC avec des donn\u00e9es archiv\u00e9es ILM avec Low Code No Code par des utilisateurs m\u00e9tier cl\u00e9s.","og_url":"https:\/\/archivehub.io\/fr\/archivehub-archive-data-reporting-pour-sap-ecc-avec-ilm-et-lcnc\/","og_site_name":"ArchiveHub.io","article_publisher":"https:\/\/www.facebook.com\/people\/ArchiveHubio\/100091316926341\/","article_modified_time":"2023-04-11T08:41:33+00:00","og_image":[{"url":"https:\/\/archivehub.io\/wp-content\/uploads\/2023\/03\/ecc_ilm_lcnc.png","type":"","width":"","height":""}],"twitter_card":"summary_large_image","twitter_misc":{"Dur\u00e9e de lecture estim\u00e9e":"1 minute"},"schema":{"@context":"https:\/\/schema.org","@graph":[{"@type":"WebPage","@id":"https:\/\/archivehub.io\/fr\/archivehub-archive-data-reporting-pour-sap-ecc-avec-ilm-et-lcnc\/","url":"https:\/\/archivehub.io\/fr\/archivehub-archive-data-reporting-pour-sap-ecc-avec-ilm-et-lcnc\/","name":"ArchiveHub Archive Data Reporting pour SAP ECC avec ILM et LCNC - ArchiveHub.io","isPartOf":{"@id":"https:\/\/archivehub.io\/fr\/#website"},"primaryImageOfPage":{"@id":"https:\/\/archivehub.io\/fr\/archivehub-archive-data-reporting-pour-sap-ecc-avec-ilm-et-lcnc\/#primaryimage"},"image":{"@id":"https:\/\/archivehub.io\/fr\/archivehub-archive-data-reporting-pour-sap-ecc-avec-ilm-et-lcnc\/#primaryimage"},"thumbnailUrl":"https:\/\/archivehub.io\/wp-content\/uploads\/2023\/03\/ecc_ilm_lcnc.png","datePublished":"2023-03-25T19:30:04+00:00","dateModified":"2023-04-11T08:41:33+00:00","description":"Ex\u00e9cutez des rapports fonctionnels sur SAP ECC avec des donn\u00e9es archiv\u00e9es ILM. Cr\u00e9ez des rapports sur SAP ECC avec des donn\u00e9es archiv\u00e9es ILM avec Low Code No Code par des utilisateurs m\u00e9tier cl\u00e9s.","inLanguage":"fr-FR","potentialAction":[{"@type":"ReadAction","target":["https:\/\/archivehub.io\/fr\/archivehub-archive-data-reporting-pour-sap-ecc-avec-ilm-et-lcnc\/"]}]},{"@type":"ImageObject","inLanguage":"fr-FR","@id":"https:\/\/archivehub.io\/fr\/archivehub-archive-data-reporting-pour-sap-ecc-avec-ilm-et-lcnc\/#primaryimage","url":"https:\/\/archivehub.io\/wp-content\/uploads\/2023\/03\/ecc_ilm_lcnc.png","contentUrl":"https:\/\/archivehub.io\/wp-content\/uploads\/2023\/03\/ecc_ilm_lcnc.png"},{"@type":"WebSite","@id":"https:\/\/archivehub.io\/fr\/#website","url":"https:\/\/archivehub.io\/fr\/","name":"ArchiveHub.io","description":"SAP Archived Data Reporting Made Easy","publisher":{"@id":"https:\/\/archivehub.io\/fr\/#organization"},"potentialAction":[{"@type":"SearchAction","target":{"@type":"EntryPoint","urlTemplate":"https:\/\/archivehub.io\/fr\/?s={search_term_string}"},"query-input":{"@type":"PropertyValueSpecification","valueRequired":true,"valueName":"search_term_string"}}],"inLanguage":"fr-FR"},{"@type":"Organization","@id":"https:\/\/archivehub.io\/fr\/#organization","name":"ArchiveHub.io","url":"https:\/\/archivehub.io\/fr\/","logo":{"@type":"ImageObject","inLanguage":"fr-FR","@id":"https:\/\/archivehub.io\/fr\/#\/schema\/logo\/image\/","url":"https:\/\/archivehub.io\/wp-content\/uploads\/2023\/03\/350px.png","contentUrl":"https:\/\/archivehub.io\/wp-content\/uploads\/2023\/03\/350px.png","width":351,"height":77,"caption":"ArchiveHub.io"},"image":{"@id":"https:\/\/archivehub.io\/fr\/#\/schema\/logo\/image\/"},"sameAs":["https:\/\/www.facebook.com\/people\/ArchiveHubio\/100091316926341\/"]}]}},"_links":{"self":[{"href":"https:\/\/archivehub.io\/fr\/wp-json\/wp\/v2\/pages\/5469","targetHints":{"allow":["GET"]}}],"collection":[{"href":"https:\/\/archivehub.io\/fr\/wp-json\/wp\/v2\/pages"}],"about":[{"href":"https:\/\/archivehub.io\/fr\/wp-json\/wp\/v2\/types\/page"}],"author":[{"embeddable":true,"href":"https:\/\/archivehub.io\/fr\/wp-json\/wp\/v2\/users\/1"}],"replies":[{"embeddable":true,"href":"https:\/\/archivehub.io\/fr\/wp-json\/wp\/v2\/comments?post=5469"}],"version-history":[{"count":2,"href":"https:\/\/archivehub.io\/fr\/wp-json\/wp\/v2\/pages\/5469\/revisions"}],"predecessor-version":[{"id":5531,"href":"https:\/\/archivehub.io\/fr\/wp-json\/wp\/v2\/pages\/5469\/revisions\/5531"}],"wp:attachment":[{"href":"https:\/\/archivehub.io\/fr\/wp-json\/wp\/v2\/media?parent=5469"}],"curies":[{"name":"wp","href":"https:\/\/api.w.org\/{rel}","templated":true}]}}