{"id":5467,"date":"2023-03-25T12:25:14","date_gmt":"2023-03-25T12:25:14","guid":{"rendered":"https:\/\/archivehub.io\/rapports-de-donnees-darchives-archivehub-pour-sap-dart-fiori-tool\/"},"modified":"2023-04-10T19:04:59","modified_gmt":"2023-04-10T19:04:59","slug":"rapports-de-donnees-darchives-archivehub-pour-sap-dart-fiori-tool","status":"publish","type":"page","link":"https:\/\/archivehub.io\/fr\/rapports-de-donnees-darchives-archivehub-pour-sap-dart-fiori-tool\/","title":{"rendered":"Rapports de donn\u00e9es d&#8217;archives ArchiveHub pour SAP DART &#8211; Fiori Tool"},"content":{"rendered":"\t\t<div data-elementor-type=\"wp-page\" data-elementor-id=\"5467\" class=\"elementor elementor-5467 elementor-2790\">\n\t\t\t\t\t\t<section class=\"elementor-section elementor-top-section elementor-element elementor-element-4f5b710 elementor-section-boxed elementor-section-height-default elementor-section-height-default\" data-id=\"4f5b710\" data-element_type=\"section\">\n\t\t\t\t\t\t<div class=\"elementor-container elementor-column-gap-default\">\n\t\t\t\t\t<div class=\"elementor-column elementor-col-50 elementor-top-column elementor-element elementor-element-a50e108\" data-id=\"a50e108\" data-element_type=\"column\">\n\t\t\t<div class=\"elementor-widget-wrap elementor-element-populated\">\n\t\t\t\t\t\t<div class=\"elementor-element elementor-element-35a47b3 elementor-widget elementor-widget-image\" data-id=\"35a47b3\" data-element_type=\"widget\" data-widget_type=\"image.default\">\n\t\t\t\t<div class=\"elementor-widget-container\">\n\t\t\t\t\t\t\t\t\t\t\t\t\t\t\t<img fetchpriority=\"high\" decoding=\"async\" width=\"530\" height=\"350\" src=\"https:\/\/archivehub.io\/wp-content\/uploads\/2023\/03\/sap_dart.png\" class=\"attachment-large size-large wp-image-5377\" alt=\"\" srcset=\"https:\/\/archivehub.io\/wp-content\/uploads\/2023\/03\/sap_dart.png 530w, https:\/\/archivehub.io\/wp-content\/uploads\/2023\/03\/sap_dart-300x198.png 300w\" sizes=\"(max-width: 530px) 100vw, 530px\" \/>\t\t\t\t\t\t\t\t\t\t\t\t\t\t\t<\/div>\n\t\t\t\t<\/div>\n\t\t\t\t\t<\/div>\n\t\t<\/div>\n\t\t\t\t<div class=\"elementor-column elementor-col-50 elementor-top-column elementor-element elementor-element-d8090eb\" data-id=\"d8090eb\" data-element_type=\"column\">\n\t\t\t<div class=\"elementor-widget-wrap elementor-element-populated\">\n\t\t\t\t\t\t<div class=\"elementor-element elementor-element-6ca403e elementor-widget elementor-widget-text-editor\" data-id=\"6ca403e\" data-element_type=\"widget\" data-widget_type=\"text-editor.default\">\n\t\t\t\t<div class=\"elementor-widget-container\">\n\t\t\t\t\t\t\t\t\t<p>SAP DART (Data Archiving and Retrieval Tool) est un utilitaire qui permet aux organisations d&#8217;acc\u00e9der, de r\u00e9cup\u00e9rer et d&#8217;analyser les donn\u00e9es archiv\u00e9es \u00e0 partir des syst\u00e8mes SAP. DART est con\u00e7u pour r\u00e9pondre aux exigences des autorit\u00e9s fiscales et des auditeurs, qui peuvent avoir besoin d&#8217;acc\u00e9der aux donn\u00e9es commerciales historiques \u00e0 des fins d&#8217;audit et de conformit\u00e9.<\/p>\n<p>DART fonctionne en extrayant les donn\u00e9es archiv\u00e9es du syst\u00e8me SAP et en cr\u00e9ant des fichiers plats, qui sont ensuite stock\u00e9s dans un syst\u00e8me de fichiers ou un support de stockage s\u00e9par\u00e9. Ces fichiers plats peuvent \u00eatre consult\u00e9s et analys\u00e9s \u00e0 l&#8217;aide d&#8217;outils de reporting externes ou r\u00e9import\u00e9s dans le syst\u00e8me SAP pour un traitement ult\u00e9rieur.<\/p>\n\t\t\t\t\t\t\t\t<\/div>\n\t\t\t\t<\/div>\n\t\t\t\t\t<\/div>\n\t\t<\/div>\n\t\t\t\t\t<\/div>\n\t\t<\/section>\n\t\t\t\t<section class=\"elementor-section elementor-top-section elementor-element elementor-element-76ad786 elementor-section-boxed elementor-section-height-default elementor-section-height-default\" data-id=\"76ad786\" data-element_type=\"section\">\n\t\t\t\t\t\t<div class=\"elementor-container elementor-column-gap-default\">\n\t\t\t\t\t<div class=\"elementor-column elementor-col-100 elementor-top-column elementor-element elementor-element-1ceb140\" data-id=\"1ceb140\" data-element_type=\"column\">\n\t\t\t<div class=\"elementor-widget-wrap elementor-element-populated\">\n\t\t\t\t\t\t<div class=\"elementor-element elementor-element-d85d1af elementor-widget elementor-widget-text-editor\" data-id=\"d85d1af\" data-element_type=\"widget\" data-widget_type=\"text-editor.default\">\n\t\t\t\t<div class=\"elementor-widget-container\">\n\t\t\t\t\t\t\t\t\t<p><strong>Les principales fonctionnalit\u00e9s des applications SAP DART Fiori de notre ArchiveHub incluent :<\/strong><\/p>\n<ul>\n<li><strong>Extraction de donn\u00e9es :<\/strong> DART permet l&#8217;extraction de donn\u00e9es archiv\u00e9es \u00e0 partir de syst\u00e8mes SAP, y compris des tables SAP standard et des tables personnalis\u00e9es.<\/li>\n<li><strong>Formatage des donn\u00e9es :<\/strong> les donn\u00e9es extraites sont format\u00e9es dans des fichiers plats faciles \u00e0 lire, qui peuvent \u00eatre utilis\u00e9s par des outils de reporting externes ou r\u00e9import\u00e9s dans le syst\u00e8me SAP.<\/li>\n<li><strong>S\u00e9lection des donn\u00e9es :<\/strong> les utilisateurs peuvent choisir des donn\u00e9es sp\u00e9cifiques ou des tables enti\u00e8res \u00e0 extraire en fonction de leurs besoins. Les crit\u00e8res de s\u00e9lection peuvent \u00eatre personnalis\u00e9s pour r\u00e9cup\u00e9rer uniquement les donn\u00e9es requises.<\/li>\n<li><strong>S\u00e9curit\u00e9 des donn\u00e9es :<\/strong> DART garantit que l&#8217;acc\u00e8s et l&#8217;extraction des donn\u00e9es sont effectu\u00e9s en toute s\u00e9curit\u00e9 et conform\u00e9ment aux r\u00e9glementations sur la protection des donn\u00e9es.<\/li>\n<li><strong>Compatibilit\u00e9 :<\/strong> DART est compatible avec divers modules SAP et peut \u00eatre utilis\u00e9 pour extraire des donn\u00e9es des syst\u00e8mes SAP R\/3 et SAP S\/4HANA.<\/li>\n<\/ul>\n<p>SAP DART est particuli\u00e8rement utile pour les organisations qui doivent fournir des donn\u00e9es historiques pour des audits fiscaux ou \u00e0 d&#8217;autres fins de conformit\u00e9 r\u00e9glementaire. En permettant un acc\u00e8s facile aux donn\u00e9es archiv\u00e9es, DART garantit que les organisations peuvent respecter leurs obligations de d\u00e9claration tout en maintenant les performances de leurs syst\u00e8mes SAP en gardant la base de donn\u00e9es active optimis\u00e9e et \u00e9pur\u00e9e.<\/p>\n\t\t\t\t\t\t\t\t<\/div>\n\t\t\t\t<\/div>\n\t\t\t\t\t<\/div>\n\t\t<\/div>\n\t\t\t\t\t<\/div>\n\t\t<\/section>\n\t\t\t\t<\/div>\n\t\t","protected":false},"excerpt":{"rendered":"<p>SAP DART (Data Archiving and Retrieval Tool) est un utilitaire qui permet aux organisations d&#8217;acc\u00e9der, de r\u00e9cup\u00e9rer et d&#8217;analyser les donn\u00e9es archiv\u00e9es \u00e0 partir des syst\u00e8mes SAP. DART est con\u00e7u pour r\u00e9pondre aux exigences des autorit\u00e9s fiscales et des auditeurs, qui peuvent avoir besoin d&#8217;acc\u00e9der aux donn\u00e9es commerciales historiques \u00e0 des fins d&#8217;audit et de [&hellip;]<\/p>\n","protected":false},"author":1,"featured_media":0,"parent":0,"menu_order":0,"comment_status":"closed","ping_status":"closed","template":"","meta":{"om_disable_all_campaigns":false,"_monsterinsights_skip_tracking":false,"_monsterinsights_sitenote_active":false,"_monsterinsights_sitenote_note":"","_monsterinsights_sitenote_category":0,"footnotes":""},"class_list":["post-5467","page","type-page","status-publish","hentry"],"aioseo_notices":[],"yoast_head":"<!-- This site is optimized with the Yoast SEO plugin v25.0 - https:\/\/yoast.com\/wordpress\/plugins\/seo\/ -->\n<title>Rapports de donn\u00e9es d&#039;archives ArchiveHub pour SAP DART - Fiori Tool - ArchiveHub.io<\/title>\n<meta name=\"description\" content=\"SAP DART (Data Archiving and Retrieval Tool) est un utilitaire qui permet aux organisations d&#039;acc\u00e9der, de r\u00e9cup\u00e9rer et d&#039;analyser des donn\u00e9es archiv\u00e9es \u00e0 partir de syst\u00e8mes SAP. DART est con\u00e7u pour r\u00e9pondre aux exigences des autorit\u00e9s fiscales et des auditeurs, qui peuvent avoir besoin d&#039;acc\u00e9der aux donn\u00e9es commerciales historiques \u00e0 des fins d&#039;audit et de conformit\u00e9.\" \/>\n<meta name=\"robots\" content=\"index, follow, max-snippet:-1, max-image-preview:large, max-video-preview:-1\" \/>\n<link rel=\"canonical\" href=\"https:\/\/archivehub.io\/fr\/rapports-de-donnees-darchives-archivehub-pour-sap-dart-fiori-tool\/\" \/>\n<meta property=\"og:locale\" content=\"fr_FR\" \/>\n<meta property=\"og:type\" content=\"article\" \/>\n<meta property=\"og:title\" content=\"Rapports de donn\u00e9es d&#039;archives ArchiveHub pour SAP DART - Fiori Tool - ArchiveHub.io\" \/>\n<meta property=\"og:description\" content=\"SAP DART (Data Archiving and Retrieval Tool) est un utilitaire qui permet aux organisations d&#039;acc\u00e9der, de r\u00e9cup\u00e9rer et d&#039;analyser des donn\u00e9es archiv\u00e9es \u00e0 partir de syst\u00e8mes SAP. DART est con\u00e7u pour r\u00e9pondre aux exigences des autorit\u00e9s fiscales et des auditeurs, qui peuvent avoir besoin d&#039;acc\u00e9der aux donn\u00e9es commerciales historiques \u00e0 des fins d&#039;audit et de conformit\u00e9.\" \/>\n<meta property=\"og:url\" content=\"https:\/\/archivehub.io\/fr\/rapports-de-donnees-darchives-archivehub-pour-sap-dart-fiori-tool\/\" \/>\n<meta property=\"og:site_name\" content=\"ArchiveHub.io\" \/>\n<meta property=\"article:publisher\" content=\"https:\/\/www.facebook.com\/people\/ArchiveHubio\/100091316926341\/\" \/>\n<meta property=\"article:modified_time\" content=\"2023-04-10T19:04:59+00:00\" \/>\n<meta property=\"og:image\" content=\"https:\/\/archivehub.io\/wp-content\/uploads\/2023\/03\/sap_dart.png\" \/>\n<meta name=\"twitter:card\" content=\"summary_large_image\" \/>\n<meta name=\"twitter:label1\" content=\"Dur\u00e9e de lecture estim\u00e9e\" \/>\n\t<meta name=\"twitter:data1\" content=\"2 minutes\" \/>\n<script type=\"application\/ld+json\" class=\"yoast-schema-graph\">{\"@context\":\"https:\/\/schema.org\",\"@graph\":[{\"@type\":\"WebPage\",\"@id\":\"https:\/\/archivehub.io\/fr\/rapports-de-donnees-darchives-archivehub-pour-sap-dart-fiori-tool\/\",\"url\":\"https:\/\/archivehub.io\/fr\/rapports-de-donnees-darchives-archivehub-pour-sap-dart-fiori-tool\/\",\"name\":\"Rapports de donn\u00e9es d'archives ArchiveHub pour SAP DART - Fiori Tool - ArchiveHub.io\",\"isPartOf\":{\"@id\":\"https:\/\/archivehub.io\/fr\/#website\"},\"primaryImageOfPage\":{\"@id\":\"https:\/\/archivehub.io\/fr\/rapports-de-donnees-darchives-archivehub-pour-sap-dart-fiori-tool\/#primaryimage\"},\"image\":{\"@id\":\"https:\/\/archivehub.io\/fr\/rapports-de-donnees-darchives-archivehub-pour-sap-dart-fiori-tool\/#primaryimage\"},\"thumbnailUrl\":\"https:\/\/archivehub.io\/wp-content\/uploads\/2023\/03\/sap_dart.png\",\"datePublished\":\"2023-03-25T12:25:14+00:00\",\"dateModified\":\"2023-04-10T19:04:59+00:00\",\"description\":\"SAP DART (Data Archiving and Retrieval Tool) est un utilitaire qui permet aux organisations d'acc\u00e9der, de r\u00e9cup\u00e9rer et d'analyser des donn\u00e9es archiv\u00e9es \u00e0 partir de syst\u00e8mes SAP. DART est con\u00e7u pour r\u00e9pondre aux exigences des autorit\u00e9s fiscales et des auditeurs, qui peuvent avoir besoin d'acc\u00e9der aux donn\u00e9es commerciales historiques \u00e0 des fins d'audit et de conformit\u00e9.\",\"inLanguage\":\"fr-FR\",\"potentialAction\":[{\"@type\":\"ReadAction\",\"target\":[\"https:\/\/archivehub.io\/fr\/rapports-de-donnees-darchives-archivehub-pour-sap-dart-fiori-tool\/\"]}]},{\"@type\":\"ImageObject\",\"inLanguage\":\"fr-FR\",\"@id\":\"https:\/\/archivehub.io\/fr\/rapports-de-donnees-darchives-archivehub-pour-sap-dart-fiori-tool\/#primaryimage\",\"url\":\"https:\/\/archivehub.io\/wp-content\/uploads\/2023\/03\/sap_dart.png\",\"contentUrl\":\"https:\/\/archivehub.io\/wp-content\/uploads\/2023\/03\/sap_dart.png\"},{\"@type\":\"WebSite\",\"@id\":\"https:\/\/archivehub.io\/fr\/#website\",\"url\":\"https:\/\/archivehub.io\/fr\/\",\"name\":\"ArchiveHub.io\",\"description\":\"SAP Archived Data Reporting Made Easy\",\"publisher\":{\"@id\":\"https:\/\/archivehub.io\/fr\/#organization\"},\"potentialAction\":[{\"@type\":\"SearchAction\",\"target\":{\"@type\":\"EntryPoint\",\"urlTemplate\":\"https:\/\/archivehub.io\/fr\/?s={search_term_string}\"},\"query-input\":{\"@type\":\"PropertyValueSpecification\",\"valueRequired\":true,\"valueName\":\"search_term_string\"}}],\"inLanguage\":\"fr-FR\"},{\"@type\":\"Organization\",\"@id\":\"https:\/\/archivehub.io\/fr\/#organization\",\"name\":\"ArchiveHub.io\",\"url\":\"https:\/\/archivehub.io\/fr\/\",\"logo\":{\"@type\":\"ImageObject\",\"inLanguage\":\"fr-FR\",\"@id\":\"https:\/\/archivehub.io\/fr\/#\/schema\/logo\/image\/\",\"url\":\"https:\/\/archivehub.io\/wp-content\/uploads\/2023\/03\/350px.png\",\"contentUrl\":\"https:\/\/archivehub.io\/wp-content\/uploads\/2023\/03\/350px.png\",\"width\":351,\"height\":77,\"caption\":\"ArchiveHub.io\"},\"image\":{\"@id\":\"https:\/\/archivehub.io\/fr\/#\/schema\/logo\/image\/\"},\"sameAs\":[\"https:\/\/www.facebook.com\/people\/ArchiveHubio\/100091316926341\/\"]}]}<\/script>\n<!-- \/ Yoast SEO plugin. -->","yoast_head_json":{"title":"Rapports de donn\u00e9es d'archives ArchiveHub pour SAP DART - Fiori Tool - ArchiveHub.io","description":"SAP DART (Data Archiving and Retrieval Tool) est un utilitaire qui permet aux organisations d'acc\u00e9der, de r\u00e9cup\u00e9rer et d'analyser des donn\u00e9es archiv\u00e9es \u00e0 partir de syst\u00e8mes SAP. DART est con\u00e7u pour r\u00e9pondre aux exigences des autorit\u00e9s fiscales et des auditeurs, qui peuvent avoir besoin d'acc\u00e9der aux donn\u00e9es commerciales historiques \u00e0 des fins d'audit et de conformit\u00e9.","robots":{"index":"index","follow":"follow","max-snippet":"max-snippet:-1","max-image-preview":"max-image-preview:large","max-video-preview":"max-video-preview:-1"},"canonical":"https:\/\/archivehub.io\/fr\/rapports-de-donnees-darchives-archivehub-pour-sap-dart-fiori-tool\/","og_locale":"fr_FR","og_type":"article","og_title":"Rapports de donn\u00e9es d'archives ArchiveHub pour SAP DART - Fiori Tool - ArchiveHub.io","og_description":"SAP DART (Data Archiving and Retrieval Tool) est un utilitaire qui permet aux organisations d'acc\u00e9der, de r\u00e9cup\u00e9rer et d'analyser des donn\u00e9es archiv\u00e9es \u00e0 partir de syst\u00e8mes SAP. DART est con\u00e7u pour r\u00e9pondre aux exigences des autorit\u00e9s fiscales et des auditeurs, qui peuvent avoir besoin d'acc\u00e9der aux donn\u00e9es commerciales historiques \u00e0 des fins d'audit et de conformit\u00e9.","og_url":"https:\/\/archivehub.io\/fr\/rapports-de-donnees-darchives-archivehub-pour-sap-dart-fiori-tool\/","og_site_name":"ArchiveHub.io","article_publisher":"https:\/\/www.facebook.com\/people\/ArchiveHubio\/100091316926341\/","article_modified_time":"2023-04-10T19:04:59+00:00","og_image":[{"url":"https:\/\/archivehub.io\/wp-content\/uploads\/2023\/03\/sap_dart.png","type":"","width":"","height":""}],"twitter_card":"summary_large_image","twitter_misc":{"Dur\u00e9e de lecture estim\u00e9e":"2 minutes"},"schema":{"@context":"https:\/\/schema.org","@graph":[{"@type":"WebPage","@id":"https:\/\/archivehub.io\/fr\/rapports-de-donnees-darchives-archivehub-pour-sap-dart-fiori-tool\/","url":"https:\/\/archivehub.io\/fr\/rapports-de-donnees-darchives-archivehub-pour-sap-dart-fiori-tool\/","name":"Rapports de donn\u00e9es d'archives ArchiveHub pour SAP DART - Fiori Tool - ArchiveHub.io","isPartOf":{"@id":"https:\/\/archivehub.io\/fr\/#website"},"primaryImageOfPage":{"@id":"https:\/\/archivehub.io\/fr\/rapports-de-donnees-darchives-archivehub-pour-sap-dart-fiori-tool\/#primaryimage"},"image":{"@id":"https:\/\/archivehub.io\/fr\/rapports-de-donnees-darchives-archivehub-pour-sap-dart-fiori-tool\/#primaryimage"},"thumbnailUrl":"https:\/\/archivehub.io\/wp-content\/uploads\/2023\/03\/sap_dart.png","datePublished":"2023-03-25T12:25:14+00:00","dateModified":"2023-04-10T19:04:59+00:00","description":"SAP DART (Data Archiving and Retrieval Tool) est un utilitaire qui permet aux organisations d'acc\u00e9der, de r\u00e9cup\u00e9rer et d'analyser des donn\u00e9es archiv\u00e9es \u00e0 partir de syst\u00e8mes SAP. DART est con\u00e7u pour r\u00e9pondre aux exigences des autorit\u00e9s fiscales et des auditeurs, qui peuvent avoir besoin d'acc\u00e9der aux donn\u00e9es commerciales historiques \u00e0 des fins d'audit et de conformit\u00e9.","inLanguage":"fr-FR","potentialAction":[{"@type":"ReadAction","target":["https:\/\/archivehub.io\/fr\/rapports-de-donnees-darchives-archivehub-pour-sap-dart-fiori-tool\/"]}]},{"@type":"ImageObject","inLanguage":"fr-FR","@id":"https:\/\/archivehub.io\/fr\/rapports-de-donnees-darchives-archivehub-pour-sap-dart-fiori-tool\/#primaryimage","url":"https:\/\/archivehub.io\/wp-content\/uploads\/2023\/03\/sap_dart.png","contentUrl":"https:\/\/archivehub.io\/wp-content\/uploads\/2023\/03\/sap_dart.png"},{"@type":"WebSite","@id":"https:\/\/archivehub.io\/fr\/#website","url":"https:\/\/archivehub.io\/fr\/","name":"ArchiveHub.io","description":"SAP Archived Data Reporting Made Easy","publisher":{"@id":"https:\/\/archivehub.io\/fr\/#organization"},"potentialAction":[{"@type":"SearchAction","target":{"@type":"EntryPoint","urlTemplate":"https:\/\/archivehub.io\/fr\/?s={search_term_string}"},"query-input":{"@type":"PropertyValueSpecification","valueRequired":true,"valueName":"search_term_string"}}],"inLanguage":"fr-FR"},{"@type":"Organization","@id":"https:\/\/archivehub.io\/fr\/#organization","name":"ArchiveHub.io","url":"https:\/\/archivehub.io\/fr\/","logo":{"@type":"ImageObject","inLanguage":"fr-FR","@id":"https:\/\/archivehub.io\/fr\/#\/schema\/logo\/image\/","url":"https:\/\/archivehub.io\/wp-content\/uploads\/2023\/03\/350px.png","contentUrl":"https:\/\/archivehub.io\/wp-content\/uploads\/2023\/03\/350px.png","width":351,"height":77,"caption":"ArchiveHub.io"},"image":{"@id":"https:\/\/archivehub.io\/fr\/#\/schema\/logo\/image\/"},"sameAs":["https:\/\/www.facebook.com\/people\/ArchiveHubio\/100091316926341\/"]}]}},"_links":{"self":[{"href":"https:\/\/archivehub.io\/fr\/wp-json\/wp\/v2\/pages\/5467","targetHints":{"allow":["GET"]}}],"collection":[{"href":"https:\/\/archivehub.io\/fr\/wp-json\/wp\/v2\/pages"}],"about":[{"href":"https:\/\/archivehub.io\/fr\/wp-json\/wp\/v2\/types\/page"}],"author":[{"embeddable":true,"href":"https:\/\/archivehub.io\/fr\/wp-json\/wp\/v2\/users\/1"}],"replies":[{"embeddable":true,"href":"https:\/\/archivehub.io\/fr\/wp-json\/wp\/v2\/comments?post=5467"}],"version-history":[{"count":1,"href":"https:\/\/archivehub.io\/fr\/wp-json\/wp\/v2\/pages\/5467\/revisions"}],"predecessor-version":[{"id":5468,"href":"https:\/\/archivehub.io\/fr\/wp-json\/wp\/v2\/pages\/5467\/revisions\/5468"}],"wp:attachment":[{"href":"https:\/\/archivehub.io\/fr\/wp-json\/wp\/v2\/media?parent=5467"}],"curies":[{"name":"wp","href":"https:\/\/api.w.org\/{rel}","templated":true}]}}