{"id":5461,"date":"2023-03-26T16:13:35","date_gmt":"2023-03-26T16:13:35","guid":{"rendered":"https:\/\/archivehub.io\/rapports-de-donnees-darchive-archivehub-pour-s-4hana-avec-lcnc\/"},"modified":"2023-04-10T18:58:06","modified_gmt":"2023-04-10T18:58:06","slug":"rapports-de-donnees-darchive-archivehub-pour-s-4hana-avec-lcnc","status":"publish","type":"page","link":"https:\/\/archivehub.io\/fr\/rapports-de-donnees-darchive-archivehub-pour-s-4hana-avec-lcnc\/","title":{"rendered":"Rapports de donn\u00e9es d&#8217;archive ArchiveHub pour S\/4HANA avec LCNC"},"content":{"rendered":"\t\t<div data-elementor-type=\"wp-page\" data-elementor-id=\"5461\" class=\"elementor elementor-5461 elementor-3142\">\n\t\t\t\t\t\t<section class=\"elementor-section elementor-top-section elementor-element elementor-element-8e2cfc9 elementor-section-boxed elementor-section-height-default elementor-section-height-default\" data-id=\"8e2cfc9\" data-element_type=\"section\">\n\t\t\t\t\t\t<div class=\"elementor-container elementor-column-gap-default\">\n\t\t\t\t\t<div class=\"elementor-column elementor-col-50 elementor-top-column elementor-element elementor-element-05b8928\" data-id=\"05b8928\" data-element_type=\"column\">\n\t\t\t<div class=\"elementor-widget-wrap elementor-element-populated\">\n\t\t\t\t\t\t<div class=\"elementor-element elementor-element-44de2b3 elementor-widget elementor-widget-image\" data-id=\"44de2b3\" data-element_type=\"widget\" data-widget_type=\"image.default\">\n\t\t\t\t<div class=\"elementor-widget-container\">\n\t\t\t\t\t\t\t\t\t\t\t\t\t\t\t<img fetchpriority=\"high\" decoding=\"async\" width=\"530\" height=\"350\" src=\"https:\/\/archivehub.io\/wp-content\/uploads\/2023\/03\/s4hana_lcnc.png\" class=\"attachment-large size-large wp-image-5375\" alt=\"\" srcset=\"https:\/\/archivehub.io\/wp-content\/uploads\/2023\/03\/s4hana_lcnc.png 530w, https:\/\/archivehub.io\/wp-content\/uploads\/2023\/03\/s4hana_lcnc-300x198.png 300w\" sizes=\"(max-width: 530px) 100vw, 530px\" \/>\t\t\t\t\t\t\t\t\t\t\t\t\t\t\t<\/div>\n\t\t\t\t<\/div>\n\t\t\t\t\t<\/div>\n\t\t<\/div>\n\t\t\t\t<div class=\"elementor-column elementor-col-50 elementor-top-column elementor-element elementor-element-0460c80\" data-id=\"0460c80\" data-element_type=\"column\">\n\t\t\t<div class=\"elementor-widget-wrap elementor-element-populated\">\n\t\t\t\t\t\t<div class=\"elementor-element elementor-element-0991920 elementor-widget elementor-widget-text-editor\" data-id=\"0991920\" data-element_type=\"widget\" data-widget_type=\"text-editor.default\">\n\t\t\t\t<div class=\"elementor-widget-container\">\n\t\t\t\t\t\t\t\t\t<h3>Faits marquants :<\/h3>\n<ul>\n<li>Ex\u00e9cutez des rapports fonctionnels sur les donn\u00e9es archiv\u00e9es SAP ILM RW.<\/li>\n<li>Cr\u00e9ez des rapports sur les donn\u00e9es archiv\u00e9es SAP ILM RW avec Low Code No Code par les principaux utilisateurs m\u00e9tier.<\/li>\n<\/ul>\n\t\t\t\t\t\t\t\t<\/div>\n\t\t\t\t<\/div>\n\t\t\t\t\t<\/div>\n\t\t<\/div>\n\t\t\t\t\t<\/div>\n\t\t<\/section>\n\t\t\t\t<\/div>\n\t\t","protected":false},"excerpt":{"rendered":"<p>Faits marquants : Ex\u00e9cutez des rapports fonctionnels sur les donn\u00e9es archiv\u00e9es SAP ILM RW. Cr\u00e9ez des rapports sur les donn\u00e9es archiv\u00e9es SAP ILM RW avec Low Code No Code par les principaux utilisateurs m\u00e9tier.<\/p>\n","protected":false},"author":1,"featured_media":0,"parent":0,"menu_order":0,"comment_status":"closed","ping_status":"closed","template":"","meta":{"om_disable_all_campaigns":false,"_monsterinsights_skip_tracking":false,"_monsterinsights_sitenote_active":false,"_monsterinsights_sitenote_note":"","_monsterinsights_sitenote_category":0,"footnotes":""},"class_list":["post-5461","page","type-page","status-publish","hentry"],"aioseo_notices":[],"yoast_head":"<!-- This site is optimized with the Yoast SEO plugin v25.0 - https:\/\/yoast.com\/wordpress\/plugins\/seo\/ -->\n<title>Rapports de donn\u00e9es d&#039;archive ArchiveHub pour S\/4HANA avec LCNC - ArchiveHub.io<\/title>\n<meta name=\"description\" content=\"Ex\u00e9cutez des rapports fonctionnels sur les donn\u00e9es archiv\u00e9es SAP ILM RW. Cr\u00e9ez des rapports sur les donn\u00e9es archiv\u00e9es SAP ILM RW avec Low Code No Code par les principaux utilisateurs m\u00e9tier.\" \/>\n<meta name=\"robots\" content=\"index, follow, max-snippet:-1, max-image-preview:large, max-video-preview:-1\" \/>\n<link rel=\"canonical\" href=\"https:\/\/archivehub.io\/fr\/rapports-de-donnees-darchive-archivehub-pour-s-4hana-avec-lcnc\/\" \/>\n<meta property=\"og:locale\" content=\"fr_FR\" \/>\n<meta property=\"og:type\" content=\"article\" \/>\n<meta property=\"og:title\" content=\"Rapports de donn\u00e9es d&#039;archive ArchiveHub pour S\/4HANA avec LCNC - ArchiveHub.io\" \/>\n<meta property=\"og:description\" content=\"Ex\u00e9cutez des rapports fonctionnels sur les donn\u00e9es archiv\u00e9es SAP ILM RW. Cr\u00e9ez des rapports sur les donn\u00e9es archiv\u00e9es SAP ILM RW avec Low Code No Code par les principaux utilisateurs m\u00e9tier.\" \/>\n<meta property=\"og:url\" content=\"https:\/\/archivehub.io\/fr\/rapports-de-donnees-darchive-archivehub-pour-s-4hana-avec-lcnc\/\" \/>\n<meta property=\"og:site_name\" content=\"ArchiveHub.io\" \/>\n<meta property=\"article:publisher\" content=\"https:\/\/www.facebook.com\/people\/ArchiveHubio\/100091316926341\/\" \/>\n<meta property=\"article:modified_time\" content=\"2023-04-10T18:58:06+00:00\" \/>\n<meta property=\"og:image\" content=\"https:\/\/archivehub.io\/wp-content\/uploads\/2023\/03\/s4hana_lcnc.png\" \/>\n<meta name=\"twitter:card\" content=\"summary_large_image\" \/>\n<script type=\"application\/ld+json\" class=\"yoast-schema-graph\">{\"@context\":\"https:\/\/schema.org\",\"@graph\":[{\"@type\":\"WebPage\",\"@id\":\"https:\/\/archivehub.io\/fr\/rapports-de-donnees-darchive-archivehub-pour-s-4hana-avec-lcnc\/\",\"url\":\"https:\/\/archivehub.io\/fr\/rapports-de-donnees-darchive-archivehub-pour-s-4hana-avec-lcnc\/\",\"name\":\"Rapports de donn\u00e9es d'archive ArchiveHub pour S\/4HANA avec LCNC - ArchiveHub.io\",\"isPartOf\":{\"@id\":\"https:\/\/archivehub.io\/fr\/#website\"},\"primaryImageOfPage\":{\"@id\":\"https:\/\/archivehub.io\/fr\/rapports-de-donnees-darchive-archivehub-pour-s-4hana-avec-lcnc\/#primaryimage\"},\"image\":{\"@id\":\"https:\/\/archivehub.io\/fr\/rapports-de-donnees-darchive-archivehub-pour-s-4hana-avec-lcnc\/#primaryimage\"},\"thumbnailUrl\":\"https:\/\/archivehub.io\/wp-content\/uploads\/2023\/03\/s4hana_lcnc.png\",\"datePublished\":\"2023-03-26T16:13:35+00:00\",\"dateModified\":\"2023-04-10T18:58:06+00:00\",\"description\":\"Ex\u00e9cutez des rapports fonctionnels sur les donn\u00e9es archiv\u00e9es SAP ILM RW. Cr\u00e9ez des rapports sur les donn\u00e9es archiv\u00e9es SAP ILM RW avec Low Code No Code par les principaux utilisateurs m\u00e9tier.\",\"inLanguage\":\"fr-FR\",\"potentialAction\":[{\"@type\":\"ReadAction\",\"target\":[\"https:\/\/archivehub.io\/fr\/rapports-de-donnees-darchive-archivehub-pour-s-4hana-avec-lcnc\/\"]}]},{\"@type\":\"ImageObject\",\"inLanguage\":\"fr-FR\",\"@id\":\"https:\/\/archivehub.io\/fr\/rapports-de-donnees-darchive-archivehub-pour-s-4hana-avec-lcnc\/#primaryimage\",\"url\":\"https:\/\/archivehub.io\/wp-content\/uploads\/2023\/03\/s4hana_lcnc.png\",\"contentUrl\":\"https:\/\/archivehub.io\/wp-content\/uploads\/2023\/03\/s4hana_lcnc.png\"},{\"@type\":\"WebSite\",\"@id\":\"https:\/\/archivehub.io\/fr\/#website\",\"url\":\"https:\/\/archivehub.io\/fr\/\",\"name\":\"ArchiveHub.io\",\"description\":\"SAP Archived Data Reporting Made Easy\",\"publisher\":{\"@id\":\"https:\/\/archivehub.io\/fr\/#organization\"},\"potentialAction\":[{\"@type\":\"SearchAction\",\"target\":{\"@type\":\"EntryPoint\",\"urlTemplate\":\"https:\/\/archivehub.io\/fr\/?s={search_term_string}\"},\"query-input\":{\"@type\":\"PropertyValueSpecification\",\"valueRequired\":true,\"valueName\":\"search_term_string\"}}],\"inLanguage\":\"fr-FR\"},{\"@type\":\"Organization\",\"@id\":\"https:\/\/archivehub.io\/fr\/#organization\",\"name\":\"ArchiveHub.io\",\"url\":\"https:\/\/archivehub.io\/fr\/\",\"logo\":{\"@type\":\"ImageObject\",\"inLanguage\":\"fr-FR\",\"@id\":\"https:\/\/archivehub.io\/fr\/#\/schema\/logo\/image\/\",\"url\":\"https:\/\/archivehub.io\/wp-content\/uploads\/2023\/03\/350px.png\",\"contentUrl\":\"https:\/\/archivehub.io\/wp-content\/uploads\/2023\/03\/350px.png\",\"width\":351,\"height\":77,\"caption\":\"ArchiveHub.io\"},\"image\":{\"@id\":\"https:\/\/archivehub.io\/fr\/#\/schema\/logo\/image\/\"},\"sameAs\":[\"https:\/\/www.facebook.com\/people\/ArchiveHubio\/100091316926341\/\"]}]}<\/script>\n<!-- \/ Yoast SEO plugin. -->","yoast_head_json":{"title":"Rapports de donn\u00e9es d'archive ArchiveHub pour S\/4HANA avec LCNC - ArchiveHub.io","description":"Ex\u00e9cutez des rapports fonctionnels sur les donn\u00e9es archiv\u00e9es SAP ILM RW. Cr\u00e9ez des rapports sur les donn\u00e9es archiv\u00e9es SAP ILM RW avec Low Code No Code par les principaux utilisateurs m\u00e9tier.","robots":{"index":"index","follow":"follow","max-snippet":"max-snippet:-1","max-image-preview":"max-image-preview:large","max-video-preview":"max-video-preview:-1"},"canonical":"https:\/\/archivehub.io\/fr\/rapports-de-donnees-darchive-archivehub-pour-s-4hana-avec-lcnc\/","og_locale":"fr_FR","og_type":"article","og_title":"Rapports de donn\u00e9es d'archive ArchiveHub pour S\/4HANA avec LCNC - ArchiveHub.io","og_description":"Ex\u00e9cutez des rapports fonctionnels sur les donn\u00e9es archiv\u00e9es SAP ILM RW. Cr\u00e9ez des rapports sur les donn\u00e9es archiv\u00e9es SAP ILM RW avec Low Code No Code par les principaux utilisateurs m\u00e9tier.","og_url":"https:\/\/archivehub.io\/fr\/rapports-de-donnees-darchive-archivehub-pour-s-4hana-avec-lcnc\/","og_site_name":"ArchiveHub.io","article_publisher":"https:\/\/www.facebook.com\/people\/ArchiveHubio\/100091316926341\/","article_modified_time":"2023-04-10T18:58:06+00:00","og_image":[{"url":"https:\/\/archivehub.io\/wp-content\/uploads\/2023\/03\/s4hana_lcnc.png","type":"","width":"","height":""}],"twitter_card":"summary_large_image","schema":{"@context":"https:\/\/schema.org","@graph":[{"@type":"WebPage","@id":"https:\/\/archivehub.io\/fr\/rapports-de-donnees-darchive-archivehub-pour-s-4hana-avec-lcnc\/","url":"https:\/\/archivehub.io\/fr\/rapports-de-donnees-darchive-archivehub-pour-s-4hana-avec-lcnc\/","name":"Rapports de donn\u00e9es d'archive ArchiveHub pour S\/4HANA avec LCNC - ArchiveHub.io","isPartOf":{"@id":"https:\/\/archivehub.io\/fr\/#website"},"primaryImageOfPage":{"@id":"https:\/\/archivehub.io\/fr\/rapports-de-donnees-darchive-archivehub-pour-s-4hana-avec-lcnc\/#primaryimage"},"image":{"@id":"https:\/\/archivehub.io\/fr\/rapports-de-donnees-darchive-archivehub-pour-s-4hana-avec-lcnc\/#primaryimage"},"thumbnailUrl":"https:\/\/archivehub.io\/wp-content\/uploads\/2023\/03\/s4hana_lcnc.png","datePublished":"2023-03-26T16:13:35+00:00","dateModified":"2023-04-10T18:58:06+00:00","description":"Ex\u00e9cutez des rapports fonctionnels sur les donn\u00e9es archiv\u00e9es SAP ILM RW. Cr\u00e9ez des rapports sur les donn\u00e9es archiv\u00e9es SAP ILM RW avec Low Code No Code par les principaux utilisateurs m\u00e9tier.","inLanguage":"fr-FR","potentialAction":[{"@type":"ReadAction","target":["https:\/\/archivehub.io\/fr\/rapports-de-donnees-darchive-archivehub-pour-s-4hana-avec-lcnc\/"]}]},{"@type":"ImageObject","inLanguage":"fr-FR","@id":"https:\/\/archivehub.io\/fr\/rapports-de-donnees-darchive-archivehub-pour-s-4hana-avec-lcnc\/#primaryimage","url":"https:\/\/archivehub.io\/wp-content\/uploads\/2023\/03\/s4hana_lcnc.png","contentUrl":"https:\/\/archivehub.io\/wp-content\/uploads\/2023\/03\/s4hana_lcnc.png"},{"@type":"WebSite","@id":"https:\/\/archivehub.io\/fr\/#website","url":"https:\/\/archivehub.io\/fr\/","name":"ArchiveHub.io","description":"SAP Archived Data Reporting Made Easy","publisher":{"@id":"https:\/\/archivehub.io\/fr\/#organization"},"potentialAction":[{"@type":"SearchAction","target":{"@type":"EntryPoint","urlTemplate":"https:\/\/archivehub.io\/fr\/?s={search_term_string}"},"query-input":{"@type":"PropertyValueSpecification","valueRequired":true,"valueName":"search_term_string"}}],"inLanguage":"fr-FR"},{"@type":"Organization","@id":"https:\/\/archivehub.io\/fr\/#organization","name":"ArchiveHub.io","url":"https:\/\/archivehub.io\/fr\/","logo":{"@type":"ImageObject","inLanguage":"fr-FR","@id":"https:\/\/archivehub.io\/fr\/#\/schema\/logo\/image\/","url":"https:\/\/archivehub.io\/wp-content\/uploads\/2023\/03\/350px.png","contentUrl":"https:\/\/archivehub.io\/wp-content\/uploads\/2023\/03\/350px.png","width":351,"height":77,"caption":"ArchiveHub.io"},"image":{"@id":"https:\/\/archivehub.io\/fr\/#\/schema\/logo\/image\/"},"sameAs":["https:\/\/www.facebook.com\/people\/ArchiveHubio\/100091316926341\/"]}]}},"_links":{"self":[{"href":"https:\/\/archivehub.io\/fr\/wp-json\/wp\/v2\/pages\/5461","targetHints":{"allow":["GET"]}}],"collection":[{"href":"https:\/\/archivehub.io\/fr\/wp-json\/wp\/v2\/pages"}],"about":[{"href":"https:\/\/archivehub.io\/fr\/wp-json\/wp\/v2\/types\/page"}],"author":[{"embeddable":true,"href":"https:\/\/archivehub.io\/fr\/wp-json\/wp\/v2\/users\/1"}],"replies":[{"embeddable":true,"href":"https:\/\/archivehub.io\/fr\/wp-json\/wp\/v2\/comments?post=5461"}],"version-history":[{"count":1,"href":"https:\/\/archivehub.io\/fr\/wp-json\/wp\/v2\/pages\/5461\/revisions"}],"predecessor-version":[{"id":5462,"href":"https:\/\/archivehub.io\/fr\/wp-json\/wp\/v2\/pages\/5461\/revisions\/5462"}],"wp:attachment":[{"href":"https:\/\/archivehub.io\/fr\/wp-json\/wp\/v2\/media?parent=5461"}],"curies":[{"name":"wp","href":"https:\/\/api.w.org\/{rel}","templated":true}]}}