{"id":5455,"date":"2023-03-26T16:35:29","date_gmt":"2023-03-26T16:35:29","guid":{"rendered":"https:\/\/archivehub.io\/rapports-et-analyses-de-donnees-darchivage-archivehub-pour-s-4hana-avec-ilm\/"},"modified":"2023-04-10T18:52:55","modified_gmt":"2023-04-10T18:52:55","slug":"rapports-et-analyses-de-donnees-darchivage-archivehub-pour-s-4hana-avec-ilm","status":"publish","type":"page","link":"https:\/\/archivehub.io\/fr\/rapports-et-analyses-de-donnees-darchivage-archivehub-pour-s-4hana-avec-ilm\/","title":{"rendered":"Rapports et analyses de donn\u00e9es d&#8217;archivage ArchiveHub pour S\/4HANA avec ILM"},"content":{"rendered":"\t\t<div data-elementor-type=\"wp-page\" data-elementor-id=\"5455\" class=\"elementor elementor-5455 elementor-3184\">\n\t\t\t\t\t\t<section class=\"elementor-section elementor-top-section elementor-element elementor-element-8d30c45 elementor-section-boxed elementor-section-height-default elementor-section-height-default\" data-id=\"8d30c45\" data-element_type=\"section\">\n\t\t\t\t\t\t<div class=\"elementor-container elementor-column-gap-default\">\n\t\t\t\t\t<div class=\"elementor-column elementor-col-50 elementor-top-column elementor-element elementor-element-b2657c3\" data-id=\"b2657c3\" data-element_type=\"column\">\n\t\t\t<div class=\"elementor-widget-wrap elementor-element-populated\">\n\t\t\t\t\t\t<div class=\"elementor-element elementor-element-48d49db elementor-widget elementor-widget-image\" data-id=\"48d49db\" data-element_type=\"widget\" data-widget_type=\"image.default\">\n\t\t\t\t<div class=\"elementor-widget-container\">\n\t\t\t\t\t\t\t\t\t\t\t\t\t\t\t<img fetchpriority=\"high\" decoding=\"async\" width=\"530\" height=\"350\" src=\"https:\/\/archivehub.io\/wp-content\/uploads\/2023\/03\/s4hana_ilm_analytics.png\" class=\"attachment-large size-large wp-image-5371\" alt=\"\" srcset=\"https:\/\/archivehub.io\/wp-content\/uploads\/2023\/03\/s4hana_ilm_analytics.png 530w, https:\/\/archivehub.io\/wp-content\/uploads\/2023\/03\/s4hana_ilm_analytics-300x198.png 300w\" sizes=\"(max-width: 530px) 100vw, 530px\" \/>\t\t\t\t\t\t\t\t\t\t\t\t\t\t\t<\/div>\n\t\t\t\t<\/div>\n\t\t\t\t\t<\/div>\n\t\t<\/div>\n\t\t\t\t<div class=\"elementor-column elementor-col-50 elementor-top-column elementor-element elementor-element-dd71cb3\" data-id=\"dd71cb3\" data-element_type=\"column\">\n\t\t\t<div class=\"elementor-widget-wrap elementor-element-populated\">\n\t\t\t\t\t\t<div class=\"elementor-element elementor-element-543cd9e elementor-widget elementor-widget-text-editor\" data-id=\"543cd9e\" data-element_type=\"widget\" data-widget_type=\"text-editor.default\">\n\t\t\t\t<div class=\"elementor-widget-container\">\n\t\t\t\t\t\t\t\t\t<h3>Faits marquants :<\/h3>\n<ul>\n<li>Ex\u00e9cutez des rapports fonctionnels sur les donn\u00e9es archiv\u00e9es S\/4HANA ILM.<\/li>\n<li>Ex\u00e9cutez des rapports Analytics sur les donn\u00e9es archiv\u00e9es S\/4HANA ILM.<\/li>\n<\/ul>\n\t\t\t\t\t\t\t\t<\/div>\n\t\t\t\t<\/div>\n\t\t\t\t\t<\/div>\n\t\t<\/div>\n\t\t\t\t\t<\/div>\n\t\t<\/section>\n\t\t\t\t<\/div>\n\t\t","protected":false},"excerpt":{"rendered":"<p>Faits marquants : Ex\u00e9cutez des rapports fonctionnels sur les donn\u00e9es archiv\u00e9es S\/4HANA ILM. Ex\u00e9cutez des rapports Analytics sur les donn\u00e9es archiv\u00e9es S\/4HANA ILM.<\/p>\n","protected":false},"author":1,"featured_media":0,"parent":0,"menu_order":0,"comment_status":"closed","ping_status":"closed","template":"","meta":{"om_disable_all_campaigns":false,"_monsterinsights_skip_tracking":false,"_monsterinsights_sitenote_active":false,"_monsterinsights_sitenote_note":"","_monsterinsights_sitenote_category":0,"footnotes":""},"class_list":["post-5455","page","type-page","status-publish","hentry"],"aioseo_notices":[],"yoast_head":"<!-- This site is optimized with the Yoast SEO plugin v25.0 - https:\/\/yoast.com\/wordpress\/plugins\/seo\/ -->\n<title>Rapports et analyses de donn\u00e9es d&#039;archivage ArchiveHub pour S\/4HANA avec ILM - ArchiveHub.io<\/title>\n<meta name=\"description\" content=\"Faits saillants : Ex\u00e9cuter des rapports fonctionnels sur les donn\u00e9es archiv\u00e9es S\/4HANA ILM. Ex\u00e9cutez des rapports Analytics sur les donn\u00e9es archiv\u00e9es S\/4HANA ILM.\" \/>\n<meta name=\"robots\" content=\"index, follow, max-snippet:-1, max-image-preview:large, max-video-preview:-1\" \/>\n<link rel=\"canonical\" href=\"https:\/\/archivehub.io\/fr\/rapports-et-analyses-de-donnees-darchivage-archivehub-pour-s-4hana-avec-ilm\/\" \/>\n<meta property=\"og:locale\" content=\"fr_FR\" \/>\n<meta property=\"og:type\" content=\"article\" \/>\n<meta property=\"og:title\" content=\"Rapports et analyses de donn\u00e9es d&#039;archivage ArchiveHub pour S\/4HANA avec ILM - ArchiveHub.io\" \/>\n<meta property=\"og:description\" content=\"Faits saillants : Ex\u00e9cuter des rapports fonctionnels sur les donn\u00e9es archiv\u00e9es S\/4HANA ILM. Ex\u00e9cutez des rapports Analytics sur les donn\u00e9es archiv\u00e9es S\/4HANA ILM.\" \/>\n<meta property=\"og:url\" content=\"https:\/\/archivehub.io\/fr\/rapports-et-analyses-de-donnees-darchivage-archivehub-pour-s-4hana-avec-ilm\/\" \/>\n<meta property=\"og:site_name\" content=\"ArchiveHub.io\" \/>\n<meta property=\"article:publisher\" content=\"https:\/\/www.facebook.com\/people\/ArchiveHubio\/100091316926341\/\" \/>\n<meta property=\"article:modified_time\" content=\"2023-04-10T18:52:55+00:00\" \/>\n<meta property=\"og:image\" content=\"https:\/\/archivehub.io\/wp-content\/uploads\/2023\/03\/s4hana_ilm_analytics.png\" \/>\n<meta name=\"twitter:card\" content=\"summary_large_image\" \/>\n<script type=\"application\/ld+json\" class=\"yoast-schema-graph\">{\"@context\":\"https:\/\/schema.org\",\"@graph\":[{\"@type\":\"WebPage\",\"@id\":\"https:\/\/archivehub.io\/fr\/rapports-et-analyses-de-donnees-darchivage-archivehub-pour-s-4hana-avec-ilm\/\",\"url\":\"https:\/\/archivehub.io\/fr\/rapports-et-analyses-de-donnees-darchivage-archivehub-pour-s-4hana-avec-ilm\/\",\"name\":\"Rapports et analyses de donn\u00e9es d'archivage ArchiveHub pour S\/4HANA avec ILM - ArchiveHub.io\",\"isPartOf\":{\"@id\":\"https:\/\/archivehub.io\/fr\/#website\"},\"primaryImageOfPage\":{\"@id\":\"https:\/\/archivehub.io\/fr\/rapports-et-analyses-de-donnees-darchivage-archivehub-pour-s-4hana-avec-ilm\/#primaryimage\"},\"image\":{\"@id\":\"https:\/\/archivehub.io\/fr\/rapports-et-analyses-de-donnees-darchivage-archivehub-pour-s-4hana-avec-ilm\/#primaryimage\"},\"thumbnailUrl\":\"https:\/\/archivehub.io\/wp-content\/uploads\/2023\/03\/s4hana_ilm_analytics.png\",\"datePublished\":\"2023-03-26T16:35:29+00:00\",\"dateModified\":\"2023-04-10T18:52:55+00:00\",\"description\":\"Faits saillants : Ex\u00e9cuter des rapports fonctionnels sur les donn\u00e9es archiv\u00e9es S\/4HANA ILM. Ex\u00e9cutez des rapports Analytics sur les donn\u00e9es archiv\u00e9es S\/4HANA ILM.\",\"inLanguage\":\"fr-FR\",\"potentialAction\":[{\"@type\":\"ReadAction\",\"target\":[\"https:\/\/archivehub.io\/fr\/rapports-et-analyses-de-donnees-darchivage-archivehub-pour-s-4hana-avec-ilm\/\"]}]},{\"@type\":\"ImageObject\",\"inLanguage\":\"fr-FR\",\"@id\":\"https:\/\/archivehub.io\/fr\/rapports-et-analyses-de-donnees-darchivage-archivehub-pour-s-4hana-avec-ilm\/#primaryimage\",\"url\":\"https:\/\/archivehub.io\/wp-content\/uploads\/2023\/03\/s4hana_ilm_analytics.png\",\"contentUrl\":\"https:\/\/archivehub.io\/wp-content\/uploads\/2023\/03\/s4hana_ilm_analytics.png\"},{\"@type\":\"WebSite\",\"@id\":\"https:\/\/archivehub.io\/fr\/#website\",\"url\":\"https:\/\/archivehub.io\/fr\/\",\"name\":\"ArchiveHub.io\",\"description\":\"SAP Archived Data Reporting Made Easy\",\"publisher\":{\"@id\":\"https:\/\/archivehub.io\/fr\/#organization\"},\"potentialAction\":[{\"@type\":\"SearchAction\",\"target\":{\"@type\":\"EntryPoint\",\"urlTemplate\":\"https:\/\/archivehub.io\/fr\/?s={search_term_string}\"},\"query-input\":{\"@type\":\"PropertyValueSpecification\",\"valueRequired\":true,\"valueName\":\"search_term_string\"}}],\"inLanguage\":\"fr-FR\"},{\"@type\":\"Organization\",\"@id\":\"https:\/\/archivehub.io\/fr\/#organization\",\"name\":\"ArchiveHub.io\",\"url\":\"https:\/\/archivehub.io\/fr\/\",\"logo\":{\"@type\":\"ImageObject\",\"inLanguage\":\"fr-FR\",\"@id\":\"https:\/\/archivehub.io\/fr\/#\/schema\/logo\/image\/\",\"url\":\"https:\/\/archivehub.io\/wp-content\/uploads\/2023\/03\/350px.png\",\"contentUrl\":\"https:\/\/archivehub.io\/wp-content\/uploads\/2023\/03\/350px.png\",\"width\":351,\"height\":77,\"caption\":\"ArchiveHub.io\"},\"image\":{\"@id\":\"https:\/\/archivehub.io\/fr\/#\/schema\/logo\/image\/\"},\"sameAs\":[\"https:\/\/www.facebook.com\/people\/ArchiveHubio\/100091316926341\/\"]}]}<\/script>\n<!-- \/ Yoast SEO plugin. -->","yoast_head_json":{"title":"Rapports et analyses de donn\u00e9es d'archivage ArchiveHub pour S\/4HANA avec ILM - ArchiveHub.io","description":"Faits saillants : Ex\u00e9cuter des rapports fonctionnels sur les donn\u00e9es archiv\u00e9es S\/4HANA ILM. Ex\u00e9cutez des rapports Analytics sur les donn\u00e9es archiv\u00e9es S\/4HANA ILM.","robots":{"index":"index","follow":"follow","max-snippet":"max-snippet:-1","max-image-preview":"max-image-preview:large","max-video-preview":"max-video-preview:-1"},"canonical":"https:\/\/archivehub.io\/fr\/rapports-et-analyses-de-donnees-darchivage-archivehub-pour-s-4hana-avec-ilm\/","og_locale":"fr_FR","og_type":"article","og_title":"Rapports et analyses de donn\u00e9es d'archivage ArchiveHub pour S\/4HANA avec ILM - ArchiveHub.io","og_description":"Faits saillants : Ex\u00e9cuter des rapports fonctionnels sur les donn\u00e9es archiv\u00e9es S\/4HANA ILM. Ex\u00e9cutez des rapports Analytics sur les donn\u00e9es archiv\u00e9es S\/4HANA ILM.","og_url":"https:\/\/archivehub.io\/fr\/rapports-et-analyses-de-donnees-darchivage-archivehub-pour-s-4hana-avec-ilm\/","og_site_name":"ArchiveHub.io","article_publisher":"https:\/\/www.facebook.com\/people\/ArchiveHubio\/100091316926341\/","article_modified_time":"2023-04-10T18:52:55+00:00","og_image":[{"url":"https:\/\/archivehub.io\/wp-content\/uploads\/2023\/03\/s4hana_ilm_analytics.png","type":"","width":"","height":""}],"twitter_card":"summary_large_image","schema":{"@context":"https:\/\/schema.org","@graph":[{"@type":"WebPage","@id":"https:\/\/archivehub.io\/fr\/rapports-et-analyses-de-donnees-darchivage-archivehub-pour-s-4hana-avec-ilm\/","url":"https:\/\/archivehub.io\/fr\/rapports-et-analyses-de-donnees-darchivage-archivehub-pour-s-4hana-avec-ilm\/","name":"Rapports et analyses de donn\u00e9es d'archivage ArchiveHub pour S\/4HANA avec ILM - ArchiveHub.io","isPartOf":{"@id":"https:\/\/archivehub.io\/fr\/#website"},"primaryImageOfPage":{"@id":"https:\/\/archivehub.io\/fr\/rapports-et-analyses-de-donnees-darchivage-archivehub-pour-s-4hana-avec-ilm\/#primaryimage"},"image":{"@id":"https:\/\/archivehub.io\/fr\/rapports-et-analyses-de-donnees-darchivage-archivehub-pour-s-4hana-avec-ilm\/#primaryimage"},"thumbnailUrl":"https:\/\/archivehub.io\/wp-content\/uploads\/2023\/03\/s4hana_ilm_analytics.png","datePublished":"2023-03-26T16:35:29+00:00","dateModified":"2023-04-10T18:52:55+00:00","description":"Faits saillants : Ex\u00e9cuter des rapports fonctionnels sur les donn\u00e9es archiv\u00e9es S\/4HANA ILM. Ex\u00e9cutez des rapports Analytics sur les donn\u00e9es archiv\u00e9es S\/4HANA ILM.","inLanguage":"fr-FR","potentialAction":[{"@type":"ReadAction","target":["https:\/\/archivehub.io\/fr\/rapports-et-analyses-de-donnees-darchivage-archivehub-pour-s-4hana-avec-ilm\/"]}]},{"@type":"ImageObject","inLanguage":"fr-FR","@id":"https:\/\/archivehub.io\/fr\/rapports-et-analyses-de-donnees-darchivage-archivehub-pour-s-4hana-avec-ilm\/#primaryimage","url":"https:\/\/archivehub.io\/wp-content\/uploads\/2023\/03\/s4hana_ilm_analytics.png","contentUrl":"https:\/\/archivehub.io\/wp-content\/uploads\/2023\/03\/s4hana_ilm_analytics.png"},{"@type":"WebSite","@id":"https:\/\/archivehub.io\/fr\/#website","url":"https:\/\/archivehub.io\/fr\/","name":"ArchiveHub.io","description":"SAP Archived Data Reporting Made Easy","publisher":{"@id":"https:\/\/archivehub.io\/fr\/#organization"},"potentialAction":[{"@type":"SearchAction","target":{"@type":"EntryPoint","urlTemplate":"https:\/\/archivehub.io\/fr\/?s={search_term_string}"},"query-input":{"@type":"PropertyValueSpecification","valueRequired":true,"valueName":"search_term_string"}}],"inLanguage":"fr-FR"},{"@type":"Organization","@id":"https:\/\/archivehub.io\/fr\/#organization","name":"ArchiveHub.io","url":"https:\/\/archivehub.io\/fr\/","logo":{"@type":"ImageObject","inLanguage":"fr-FR","@id":"https:\/\/archivehub.io\/fr\/#\/schema\/logo\/image\/","url":"https:\/\/archivehub.io\/wp-content\/uploads\/2023\/03\/350px.png","contentUrl":"https:\/\/archivehub.io\/wp-content\/uploads\/2023\/03\/350px.png","width":351,"height":77,"caption":"ArchiveHub.io"},"image":{"@id":"https:\/\/archivehub.io\/fr\/#\/schema\/logo\/image\/"},"sameAs":["https:\/\/www.facebook.com\/people\/ArchiveHubio\/100091316926341\/"]}]}},"_links":{"self":[{"href":"https:\/\/archivehub.io\/fr\/wp-json\/wp\/v2\/pages\/5455","targetHints":{"allow":["GET"]}}],"collection":[{"href":"https:\/\/archivehub.io\/fr\/wp-json\/wp\/v2\/pages"}],"about":[{"href":"https:\/\/archivehub.io\/fr\/wp-json\/wp\/v2\/types\/page"}],"author":[{"embeddable":true,"href":"https:\/\/archivehub.io\/fr\/wp-json\/wp\/v2\/users\/1"}],"replies":[{"embeddable":true,"href":"https:\/\/archivehub.io\/fr\/wp-json\/wp\/v2\/comments?post=5455"}],"version-history":[{"count":1,"href":"https:\/\/archivehub.io\/fr\/wp-json\/wp\/v2\/pages\/5455\/revisions"}],"predecessor-version":[{"id":5456,"href":"https:\/\/archivehub.io\/fr\/wp-json\/wp\/v2\/pages\/5455\/revisions\/5456"}],"wp:attachment":[{"href":"https:\/\/archivehub.io\/fr\/wp-json\/wp\/v2\/media?parent=5455"}],"curies":[{"name":"wp","href":"https:\/\/api.w.org\/{rel}","templated":true}]}}