{"id":5451,"date":"2023-03-25T09:54:54","date_gmt":"2023-03-25T09:54:54","guid":{"rendered":"https:\/\/archivehub.io\/rapports-de-donnees-darchive-archivehub-pour-s-4hana-avec-ilm\/"},"modified":"2023-04-10T18:49:52","modified_gmt":"2023-04-10T18:49:52","slug":"rapports-de-donnees-darchive-archivehub-pour-s-4hana-avec-ilm","status":"publish","type":"page","link":"https:\/\/archivehub.io\/fr\/rapports-de-donnees-darchive-archivehub-pour-s-4hana-avec-ilm\/","title":{"rendered":"Rapports de donn\u00e9es d&#8217;archive ArchiveHub pour S\/4HANA avec ILM"},"content":{"rendered":"\t\t<div data-elementor-type=\"wp-page\" data-elementor-id=\"5451\" class=\"elementor elementor-5451 elementor-2714\">\n\t\t\t\t\t\t<section class=\"elementor-section elementor-top-section elementor-element elementor-element-2ed24b8 elementor-section-boxed elementor-section-height-default elementor-section-height-default\" data-id=\"2ed24b8\" data-element_type=\"section\">\n\t\t\t\t\t\t<div class=\"elementor-container elementor-column-gap-default\">\n\t\t\t\t\t<div class=\"elementor-column elementor-col-50 elementor-top-column elementor-element elementor-element-7cbf0f9\" data-id=\"7cbf0f9\" data-element_type=\"column\">\n\t\t\t<div class=\"elementor-widget-wrap elementor-element-populated\">\n\t\t\t\t\t\t<div class=\"elementor-element elementor-element-801ce99 elementor-widget elementor-widget-image\" data-id=\"801ce99\" data-element_type=\"widget\" data-widget_type=\"image.default\">\n\t\t\t\t<div class=\"elementor-widget-container\">\n\t\t\t\t\t\t\t\t\t\t\t\t\t\t\t<img fetchpriority=\"high\" decoding=\"async\" width=\"530\" height=\"350\" src=\"https:\/\/archivehub.io\/wp-content\/uploads\/2023\/03\/s4hana_ilm.png\" class=\"attachment-large size-large wp-image-5374\" alt=\"\" srcset=\"https:\/\/archivehub.io\/wp-content\/uploads\/2023\/03\/s4hana_ilm.png 530w, https:\/\/archivehub.io\/wp-content\/uploads\/2023\/03\/s4hana_ilm-300x198.png 300w\" sizes=\"(max-width: 530px) 100vw, 530px\" \/>\t\t\t\t\t\t\t\t\t\t\t\t\t\t\t<\/div>\n\t\t\t\t<\/div>\n\t\t\t\t\t<\/div>\n\t\t<\/div>\n\t\t\t\t<div class=\"elementor-column elementor-col-50 elementor-top-column elementor-element elementor-element-ab8a5f7\" data-id=\"ab8a5f7\" data-element_type=\"column\">\n\t\t\t<div class=\"elementor-widget-wrap elementor-element-populated\">\n\t\t\t\t\t\t<div class=\"elementor-element elementor-element-8426dde elementor-widget elementor-widget-text-editor\" data-id=\"8426dde\" data-element_type=\"widget\" data-widget_type=\"text-editor.default\">\n\t\t\t\t<div class=\"elementor-widget-container\">\n\t\t\t\t\t\t\t\t\t<p>L&#8217;archivage des donn\u00e9es dans SAP S\/4HANA avec ILM fait r\u00e9f\u00e9rence au processus de d\u00e9placement des donn\u00e9es rarement consult\u00e9es ou obsol\u00e8tes de la base de donn\u00e9es principale vers un syst\u00e8me de stockage s\u00e9par\u00e9 et plus rentable, tout en les gardant accessibles pour les exigences l\u00e9gales ou commerciales ainsi que les fonctionnalit\u00e9s de gestion de la r\u00e9tention. . L&#8217;archivage permet de maintenir les performances du syst\u00e8me, de r\u00e9duire l&#8217;empreinte des donn\u00e9es et de diminuer le co\u00fbt total de possession.<\/p>\n<p>Dans le contexte de SAP S\/4HANA avec ILM, l&#8217;archivage des donn\u00e9es est particuli\u00e8rement important car le syst\u00e8me s&#8217;appuie sur la base de donn\u00e9es HANA hautes performances en m\u00e9moire ainsi que sur la table la plus importante de S\/4HANA ACDOCA. Au fur et \u00e0 mesure que les volumes de donn\u00e9es augmentent, la gestion efficace des donn\u00e9es devient cruciale pour optimiser les performances du syst\u00e8me et garantir son bon fonctionnement.<\/p>\n\t\t\t\t\t\t\t\t<\/div>\n\t\t\t\t<\/div>\n\t\t\t\t\t<\/div>\n\t\t<\/div>\n\t\t\t\t\t<\/div>\n\t\t<\/section>\n\t\t\t\t<section class=\"elementor-section elementor-top-section elementor-element elementor-element-2b9ab7a elementor-section-boxed elementor-section-height-default elementor-section-height-default\" data-id=\"2b9ab7a\" data-element_type=\"section\">\n\t\t\t\t\t\t<div class=\"elementor-container elementor-column-gap-default\">\n\t\t\t\t\t<div class=\"elementor-column elementor-col-100 elementor-top-column elementor-element elementor-element-8b5a284\" data-id=\"8b5a284\" data-element_type=\"column\">\n\t\t\t<div class=\"elementor-widget-wrap elementor-element-populated\">\n\t\t\t\t\t\t<div class=\"elementor-element elementor-element-12dc8dc elementor-widget elementor-widget-text-editor\" data-id=\"12dc8dc\" data-element_type=\"widget\" data-widget_type=\"text-editor.default\">\n\t\t\t\t<div class=\"elementor-widget-container\">\n\t\t\t\t\t\t\t\t\t<p>La r\u00e9duction du temps de s\u00e9jour est essentielle pour contr\u00f4ler la croissance des donn\u00e9es. Cela ne peut \u00eatre r\u00e9alis\u00e9 que si les utilisateurs professionnels sont convaincus qu&#8217;ils peuvent acc\u00e9der aux donn\u00e9es de la m\u00eame mani\u00e8re que dans leurs applications Fiori natives. ArchiveHub Archive Data Reporting pour S\/4HANA avec ILM comble compl\u00e8tement cette lacune, rendant les utilisateurs professionnels heureux de voir les donn\u00e9es archiv\u00e9es dans les applications Fiori natives.<\/p>\n\t\t\t\t\t\t\t\t<\/div>\n\t\t\t\t<\/div>\n\t\t\t\t\t<\/div>\n\t\t<\/div>\n\t\t\t\t\t<\/div>\n\t\t<\/section>\n\t\t\t\t<\/div>\n\t\t","protected":false},"excerpt":{"rendered":"<p>L&#8217;archivage des donn\u00e9es dans SAP S\/4HANA avec ILM fait r\u00e9f\u00e9rence au processus de d\u00e9placement des donn\u00e9es rarement consult\u00e9es ou obsol\u00e8tes de la base de donn\u00e9es principale vers un syst\u00e8me de stockage s\u00e9par\u00e9 et plus rentable, tout en les gardant accessibles pour les exigences l\u00e9gales ou commerciales ainsi que les fonctionnalit\u00e9s de gestion de la r\u00e9tention. [&hellip;]<\/p>\n","protected":false},"author":1,"featured_media":0,"parent":0,"menu_order":0,"comment_status":"closed","ping_status":"closed","template":"","meta":{"om_disable_all_campaigns":false,"_monsterinsights_skip_tracking":false,"_monsterinsights_sitenote_active":false,"_monsterinsights_sitenote_note":"","_monsterinsights_sitenote_category":0,"footnotes":""},"class_list":["post-5451","page","type-page","status-publish","hentry"],"aioseo_notices":[],"yoast_head":"<!-- This site is optimized with the Yoast SEO plugin v25.0 - https:\/\/yoast.com\/wordpress\/plugins\/seo\/ -->\n<title>Rapports de donn\u00e9es d&#039;archive ArchiveHub pour S\/4HANA avec ILM - ArchiveHub.io<\/title>\n<meta name=\"description\" content=\"L&#039;archivage des donn\u00e9es dans SAP S\/4HANA avec ILM fait r\u00e9f\u00e9rence au processus de d\u00e9placement des donn\u00e9es rarement consult\u00e9es ou obsol\u00e8tes de la base de donn\u00e9es principale vers un syst\u00e8me de stockage s\u00e9par\u00e9 et plus rentable, tout en les gardant accessibles pour les exigences l\u00e9gales ou commerciales ainsi que les fonctionnalit\u00e9s de gestion de la r\u00e9tention. . L&#039;archivage permet de maintenir les performances du syst\u00e8me, de r\u00e9duire l&#039;empreinte des donn\u00e9es et de diminuer le co\u00fbt total de possession.\" \/>\n<meta name=\"robots\" content=\"index, follow, max-snippet:-1, max-image-preview:large, max-video-preview:-1\" \/>\n<link rel=\"canonical\" href=\"https:\/\/archivehub.io\/fr\/rapports-de-donnees-darchive-archivehub-pour-s-4hana-avec-ilm\/\" \/>\n<meta property=\"og:locale\" content=\"fr_FR\" \/>\n<meta property=\"og:type\" content=\"article\" \/>\n<meta property=\"og:title\" content=\"Rapports de donn\u00e9es d&#039;archive ArchiveHub pour S\/4HANA avec ILM - ArchiveHub.io\" \/>\n<meta property=\"og:description\" content=\"L&#039;archivage des donn\u00e9es dans SAP S\/4HANA avec ILM fait r\u00e9f\u00e9rence au processus de d\u00e9placement des donn\u00e9es rarement consult\u00e9es ou obsol\u00e8tes de la base de donn\u00e9es principale vers un syst\u00e8me de stockage s\u00e9par\u00e9 et plus rentable, tout en les gardant accessibles pour les exigences l\u00e9gales ou commerciales ainsi que les fonctionnalit\u00e9s de gestion de la r\u00e9tention. . L&#039;archivage permet de maintenir les performances du syst\u00e8me, de r\u00e9duire l&#039;empreinte des donn\u00e9es et de diminuer le co\u00fbt total de possession.\" \/>\n<meta property=\"og:url\" content=\"https:\/\/archivehub.io\/fr\/rapports-de-donnees-darchive-archivehub-pour-s-4hana-avec-ilm\/\" \/>\n<meta property=\"og:site_name\" content=\"ArchiveHub.io\" \/>\n<meta property=\"article:publisher\" content=\"https:\/\/www.facebook.com\/people\/ArchiveHubio\/100091316926341\/\" \/>\n<meta property=\"article:modified_time\" content=\"2023-04-10T18:49:52+00:00\" \/>\n<meta property=\"og:image\" content=\"https:\/\/archivehub.io\/wp-content\/uploads\/2023\/03\/s4hana_ilm.png\" \/>\n<meta name=\"twitter:card\" content=\"summary_large_image\" \/>\n<meta name=\"twitter:label1\" content=\"Dur\u00e9e de lecture estim\u00e9e\" \/>\n\t<meta name=\"twitter:data1\" content=\"1 minute\" \/>\n<script type=\"application\/ld+json\" class=\"yoast-schema-graph\">{\"@context\":\"https:\/\/schema.org\",\"@graph\":[{\"@type\":\"WebPage\",\"@id\":\"https:\/\/archivehub.io\/fr\/rapports-de-donnees-darchive-archivehub-pour-s-4hana-avec-ilm\/\",\"url\":\"https:\/\/archivehub.io\/fr\/rapports-de-donnees-darchive-archivehub-pour-s-4hana-avec-ilm\/\",\"name\":\"Rapports de donn\u00e9es d'archive ArchiveHub pour S\/4HANA avec ILM - ArchiveHub.io\",\"isPartOf\":{\"@id\":\"https:\/\/archivehub.io\/fr\/#website\"},\"primaryImageOfPage\":{\"@id\":\"https:\/\/archivehub.io\/fr\/rapports-de-donnees-darchive-archivehub-pour-s-4hana-avec-ilm\/#primaryimage\"},\"image\":{\"@id\":\"https:\/\/archivehub.io\/fr\/rapports-de-donnees-darchive-archivehub-pour-s-4hana-avec-ilm\/#primaryimage\"},\"thumbnailUrl\":\"https:\/\/archivehub.io\/wp-content\/uploads\/2023\/03\/s4hana_ilm.png\",\"datePublished\":\"2023-03-25T09:54:54+00:00\",\"dateModified\":\"2023-04-10T18:49:52+00:00\",\"description\":\"L'archivage des donn\u00e9es dans SAP S\/4HANA avec ILM fait r\u00e9f\u00e9rence au processus de d\u00e9placement des donn\u00e9es rarement consult\u00e9es ou obsol\u00e8tes de la base de donn\u00e9es principale vers un syst\u00e8me de stockage s\u00e9par\u00e9 et plus rentable, tout en les gardant accessibles pour les exigences l\u00e9gales ou commerciales ainsi que les fonctionnalit\u00e9s de gestion de la r\u00e9tention. . L'archivage permet de maintenir les performances du syst\u00e8me, de r\u00e9duire l'empreinte des donn\u00e9es et de diminuer le co\u00fbt total de possession.\",\"inLanguage\":\"fr-FR\",\"potentialAction\":[{\"@type\":\"ReadAction\",\"target\":[\"https:\/\/archivehub.io\/fr\/rapports-de-donnees-darchive-archivehub-pour-s-4hana-avec-ilm\/\"]}]},{\"@type\":\"ImageObject\",\"inLanguage\":\"fr-FR\",\"@id\":\"https:\/\/archivehub.io\/fr\/rapports-de-donnees-darchive-archivehub-pour-s-4hana-avec-ilm\/#primaryimage\",\"url\":\"https:\/\/archivehub.io\/wp-content\/uploads\/2023\/03\/s4hana_ilm.png\",\"contentUrl\":\"https:\/\/archivehub.io\/wp-content\/uploads\/2023\/03\/s4hana_ilm.png\"},{\"@type\":\"WebSite\",\"@id\":\"https:\/\/archivehub.io\/fr\/#website\",\"url\":\"https:\/\/archivehub.io\/fr\/\",\"name\":\"ArchiveHub.io\",\"description\":\"SAP Archived Data Reporting Made Easy\",\"publisher\":{\"@id\":\"https:\/\/archivehub.io\/fr\/#organization\"},\"potentialAction\":[{\"@type\":\"SearchAction\",\"target\":{\"@type\":\"EntryPoint\",\"urlTemplate\":\"https:\/\/archivehub.io\/fr\/?s={search_term_string}\"},\"query-input\":{\"@type\":\"PropertyValueSpecification\",\"valueRequired\":true,\"valueName\":\"search_term_string\"}}],\"inLanguage\":\"fr-FR\"},{\"@type\":\"Organization\",\"@id\":\"https:\/\/archivehub.io\/fr\/#organization\",\"name\":\"ArchiveHub.io\",\"url\":\"https:\/\/archivehub.io\/fr\/\",\"logo\":{\"@type\":\"ImageObject\",\"inLanguage\":\"fr-FR\",\"@id\":\"https:\/\/archivehub.io\/fr\/#\/schema\/logo\/image\/\",\"url\":\"https:\/\/archivehub.io\/wp-content\/uploads\/2023\/03\/350px.png\",\"contentUrl\":\"https:\/\/archivehub.io\/wp-content\/uploads\/2023\/03\/350px.png\",\"width\":351,\"height\":77,\"caption\":\"ArchiveHub.io\"},\"image\":{\"@id\":\"https:\/\/archivehub.io\/fr\/#\/schema\/logo\/image\/\"},\"sameAs\":[\"https:\/\/www.facebook.com\/people\/ArchiveHubio\/100091316926341\/\"]}]}<\/script>\n<!-- \/ Yoast SEO plugin. -->","yoast_head_json":{"title":"Rapports de donn\u00e9es d'archive ArchiveHub pour S\/4HANA avec ILM - ArchiveHub.io","description":"L'archivage des donn\u00e9es dans SAP S\/4HANA avec ILM fait r\u00e9f\u00e9rence au processus de d\u00e9placement des donn\u00e9es rarement consult\u00e9es ou obsol\u00e8tes de la base de donn\u00e9es principale vers un syst\u00e8me de stockage s\u00e9par\u00e9 et plus rentable, tout en les gardant accessibles pour les exigences l\u00e9gales ou commerciales ainsi que les fonctionnalit\u00e9s de gestion de la r\u00e9tention. . L'archivage permet de maintenir les performances du syst\u00e8me, de r\u00e9duire l'empreinte des donn\u00e9es et de diminuer le co\u00fbt total de possession.","robots":{"index":"index","follow":"follow","max-snippet":"max-snippet:-1","max-image-preview":"max-image-preview:large","max-video-preview":"max-video-preview:-1"},"canonical":"https:\/\/archivehub.io\/fr\/rapports-de-donnees-darchive-archivehub-pour-s-4hana-avec-ilm\/","og_locale":"fr_FR","og_type":"article","og_title":"Rapports de donn\u00e9es d'archive ArchiveHub pour S\/4HANA avec ILM - ArchiveHub.io","og_description":"L'archivage des donn\u00e9es dans SAP S\/4HANA avec ILM fait r\u00e9f\u00e9rence au processus de d\u00e9placement des donn\u00e9es rarement consult\u00e9es ou obsol\u00e8tes de la base de donn\u00e9es principale vers un syst\u00e8me de stockage s\u00e9par\u00e9 et plus rentable, tout en les gardant accessibles pour les exigences l\u00e9gales ou commerciales ainsi que les fonctionnalit\u00e9s de gestion de la r\u00e9tention. . L'archivage permet de maintenir les performances du syst\u00e8me, de r\u00e9duire l'empreinte des donn\u00e9es et de diminuer le co\u00fbt total de possession.","og_url":"https:\/\/archivehub.io\/fr\/rapports-de-donnees-darchive-archivehub-pour-s-4hana-avec-ilm\/","og_site_name":"ArchiveHub.io","article_publisher":"https:\/\/www.facebook.com\/people\/ArchiveHubio\/100091316926341\/","article_modified_time":"2023-04-10T18:49:52+00:00","og_image":[{"url":"https:\/\/archivehub.io\/wp-content\/uploads\/2023\/03\/s4hana_ilm.png","type":"","width":"","height":""}],"twitter_card":"summary_large_image","twitter_misc":{"Dur\u00e9e de lecture estim\u00e9e":"1 minute"},"schema":{"@context":"https:\/\/schema.org","@graph":[{"@type":"WebPage","@id":"https:\/\/archivehub.io\/fr\/rapports-de-donnees-darchive-archivehub-pour-s-4hana-avec-ilm\/","url":"https:\/\/archivehub.io\/fr\/rapports-de-donnees-darchive-archivehub-pour-s-4hana-avec-ilm\/","name":"Rapports de donn\u00e9es d'archive ArchiveHub pour S\/4HANA avec ILM - ArchiveHub.io","isPartOf":{"@id":"https:\/\/archivehub.io\/fr\/#website"},"primaryImageOfPage":{"@id":"https:\/\/archivehub.io\/fr\/rapports-de-donnees-darchive-archivehub-pour-s-4hana-avec-ilm\/#primaryimage"},"image":{"@id":"https:\/\/archivehub.io\/fr\/rapports-de-donnees-darchive-archivehub-pour-s-4hana-avec-ilm\/#primaryimage"},"thumbnailUrl":"https:\/\/archivehub.io\/wp-content\/uploads\/2023\/03\/s4hana_ilm.png","datePublished":"2023-03-25T09:54:54+00:00","dateModified":"2023-04-10T18:49:52+00:00","description":"L'archivage des donn\u00e9es dans SAP S\/4HANA avec ILM fait r\u00e9f\u00e9rence au processus de d\u00e9placement des donn\u00e9es rarement consult\u00e9es ou obsol\u00e8tes de la base de donn\u00e9es principale vers un syst\u00e8me de stockage s\u00e9par\u00e9 et plus rentable, tout en les gardant accessibles pour les exigences l\u00e9gales ou commerciales ainsi que les fonctionnalit\u00e9s de gestion de la r\u00e9tention. . L'archivage permet de maintenir les performances du syst\u00e8me, de r\u00e9duire l'empreinte des donn\u00e9es et de diminuer le co\u00fbt total de possession.","inLanguage":"fr-FR","potentialAction":[{"@type":"ReadAction","target":["https:\/\/archivehub.io\/fr\/rapports-de-donnees-darchive-archivehub-pour-s-4hana-avec-ilm\/"]}]},{"@type":"ImageObject","inLanguage":"fr-FR","@id":"https:\/\/archivehub.io\/fr\/rapports-de-donnees-darchive-archivehub-pour-s-4hana-avec-ilm\/#primaryimage","url":"https:\/\/archivehub.io\/wp-content\/uploads\/2023\/03\/s4hana_ilm.png","contentUrl":"https:\/\/archivehub.io\/wp-content\/uploads\/2023\/03\/s4hana_ilm.png"},{"@type":"WebSite","@id":"https:\/\/archivehub.io\/fr\/#website","url":"https:\/\/archivehub.io\/fr\/","name":"ArchiveHub.io","description":"SAP Archived Data Reporting Made Easy","publisher":{"@id":"https:\/\/archivehub.io\/fr\/#organization"},"potentialAction":[{"@type":"SearchAction","target":{"@type":"EntryPoint","urlTemplate":"https:\/\/archivehub.io\/fr\/?s={search_term_string}"},"query-input":{"@type":"PropertyValueSpecification","valueRequired":true,"valueName":"search_term_string"}}],"inLanguage":"fr-FR"},{"@type":"Organization","@id":"https:\/\/archivehub.io\/fr\/#organization","name":"ArchiveHub.io","url":"https:\/\/archivehub.io\/fr\/","logo":{"@type":"ImageObject","inLanguage":"fr-FR","@id":"https:\/\/archivehub.io\/fr\/#\/schema\/logo\/image\/","url":"https:\/\/archivehub.io\/wp-content\/uploads\/2023\/03\/350px.png","contentUrl":"https:\/\/archivehub.io\/wp-content\/uploads\/2023\/03\/350px.png","width":351,"height":77,"caption":"ArchiveHub.io"},"image":{"@id":"https:\/\/archivehub.io\/fr\/#\/schema\/logo\/image\/"},"sameAs":["https:\/\/www.facebook.com\/people\/ArchiveHubio\/100091316926341\/"]}]}},"_links":{"self":[{"href":"https:\/\/archivehub.io\/fr\/wp-json\/wp\/v2\/pages\/5451","targetHints":{"allow":["GET"]}}],"collection":[{"href":"https:\/\/archivehub.io\/fr\/wp-json\/wp\/v2\/pages"}],"about":[{"href":"https:\/\/archivehub.io\/fr\/wp-json\/wp\/v2\/types\/page"}],"author":[{"embeddable":true,"href":"https:\/\/archivehub.io\/fr\/wp-json\/wp\/v2\/users\/1"}],"replies":[{"embeddable":true,"href":"https:\/\/archivehub.io\/fr\/wp-json\/wp\/v2\/comments?post=5451"}],"version-history":[{"count":1,"href":"https:\/\/archivehub.io\/fr\/wp-json\/wp\/v2\/pages\/5451\/revisions"}],"predecessor-version":[{"id":5452,"href":"https:\/\/archivehub.io\/fr\/wp-json\/wp\/v2\/pages\/5451\/revisions\/5452"}],"wp:attachment":[{"href":"https:\/\/archivehub.io\/fr\/wp-json\/wp\/v2\/media?parent=5451"}],"curies":[{"name":"wp","href":"https:\/\/api.w.org\/{rel}","templated":true}]}}