{"id":5449,"date":"2023-03-25T09:28:23","date_gmt":"2023-03-25T09:28:23","guid":{"rendered":"https:\/\/archivehub.io\/rapports-de-donnees-darchives-archivehub-pour-s-4hana\/"},"modified":"2023-04-10T18:46:51","modified_gmt":"2023-04-10T18:46:51","slug":"rapports-de-donnees-darchives-archivehub-pour-s-4hana","status":"publish","type":"page","link":"https:\/\/archivehub.io\/fr\/rapports-de-donnees-darchives-archivehub-pour-s-4hana\/","title":{"rendered":"Rapports de donn\u00e9es d&#8217;archives ArchiveHub pour S\/4HANA"},"content":{"rendered":"\t\t<div data-elementor-type=\"wp-page\" data-elementor-id=\"5449\" class=\"elementor elementor-5449 elementor-2680\">\n\t\t\t\t\t\t<section class=\"elementor-section elementor-top-section elementor-element elementor-element-b1a766d elementor-section-boxed elementor-section-height-default elementor-section-height-default\" data-id=\"b1a766d\" data-element_type=\"section\">\n\t\t\t\t\t\t<div class=\"elementor-container elementor-column-gap-default\">\n\t\t\t\t\t<div class=\"elementor-column elementor-col-50 elementor-top-column elementor-element elementor-element-064082d\" data-id=\"064082d\" data-element_type=\"column\">\n\t\t\t<div class=\"elementor-widget-wrap elementor-element-populated\">\n\t\t\t\t\t\t<div class=\"elementor-element elementor-element-b3014cc elementor-widget elementor-widget-image\" data-id=\"b3014cc\" data-element_type=\"widget\" data-widget_type=\"image.default\">\n\t\t\t\t<div class=\"elementor-widget-container\">\n\t\t\t\t\t\t\t\t\t\t\t\t\t\t\t<img fetchpriority=\"high\" decoding=\"async\" width=\"530\" height=\"350\" src=\"https:\/\/archivehub.io\/wp-content\/uploads\/2023\/03\/s4hana.png\" class=\"attachment-large size-large wp-image-5376\" alt=\"\" srcset=\"https:\/\/archivehub.io\/wp-content\/uploads\/2023\/03\/s4hana.png 530w, https:\/\/archivehub.io\/wp-content\/uploads\/2023\/03\/s4hana-300x198.png 300w\" sizes=\"(max-width: 530px) 100vw, 530px\" \/>\t\t\t\t\t\t\t\t\t\t\t\t\t\t\t<\/div>\n\t\t\t\t<\/div>\n\t\t\t\t\t<\/div>\n\t\t<\/div>\n\t\t\t\t<div class=\"elementor-column elementor-col-50 elementor-top-column elementor-element elementor-element-fa5ecbf\" data-id=\"fa5ecbf\" data-element_type=\"column\">\n\t\t\t<div class=\"elementor-widget-wrap elementor-element-populated\">\n\t\t\t\t\t\t<div class=\"elementor-element elementor-element-b9300fa elementor-widget elementor-widget-text-editor\" data-id=\"b9300fa\" data-element_type=\"widget\" data-widget_type=\"text-editor.default\">\n\t\t\t\t<div class=\"elementor-widget-container\">\n\t\t\t\t\t\t\t\t\t<p>L&#8217;archivage des donn\u00e9es dans SAP S\/4HANA fait r\u00e9f\u00e9rence au processus de d\u00e9placement des donn\u00e9es rarement consult\u00e9es ou obsol\u00e8tes de la base de donn\u00e9es principale vers un syst\u00e8me de stockage s\u00e9par\u00e9 et plus rentable, tout en les gardant accessibles pour les exigences l\u00e9gales ou commerciales. L&#8217;archivage permet de maintenir les performances du syst\u00e8me, de r\u00e9duire l&#8217;empreinte des donn\u00e9es et de diminuer le co\u00fbt total de possession.<\/p>\n<p>Dans le contexte de SAP S\/4HANA, l&#8217;archivage des donn\u00e9es est particuli\u00e8rement important car le syst\u00e8me s&#8217;appuie sur la base de donn\u00e9es HANA haute performance en m\u00e9moire ainsi que sur la table la plus importante de S\/4HANA ACDOCA est impliqu\u00e9e ici. Au fur et \u00e0 mesure que les volumes de donn\u00e9es augmentent, la gestion efficace des donn\u00e9es devient cruciale pour optimiser les performances du syst\u00e8me et garantir son bon fonctionnement.<\/p>\n\t\t\t\t\t\t\t\t<\/div>\n\t\t\t\t<\/div>\n\t\t\t\t\t<\/div>\n\t\t<\/div>\n\t\t\t\t\t<\/div>\n\t\t<\/section>\n\t\t\t\t<section class=\"elementor-section elementor-top-section elementor-element elementor-element-ac19336 elementor-section-boxed elementor-section-height-default elementor-section-height-default\" data-id=\"ac19336\" data-element_type=\"section\">\n\t\t\t\t\t\t<div class=\"elementor-container elementor-column-gap-default\">\n\t\t\t\t\t<div class=\"elementor-column elementor-col-100 elementor-top-column elementor-element elementor-element-6107003\" data-id=\"6107003\" data-element_type=\"column\">\n\t\t\t<div class=\"elementor-widget-wrap elementor-element-populated\">\n\t\t\t\t\t\t<div class=\"elementor-element elementor-element-ac04040 elementor-widget elementor-widget-text-editor\" data-id=\"ac04040\" data-element_type=\"widget\" data-widget_type=\"text-editor.default\">\n\t\t\t\t<div class=\"elementor-widget-container\">\n\t\t\t\t\t\t\t\t\t<p>La r\u00e9duction du temps de s\u00e9jour est essentielle pour contr\u00f4ler la croissance des donn\u00e9es. Cela ne peut \u00eatre r\u00e9alis\u00e9 que si les utilisateurs professionnels sont convaincus qu&#8217;ils peuvent acc\u00e9der aux donn\u00e9es de la m\u00eame mani\u00e8re que dans leurs applications Fiori natives. ArchiveHub Archive Data Reporting for S\/4HANA comble compl\u00e8tement cette lacune, rendant les utilisateurs professionnels heureux de voir les donn\u00e9es archiv\u00e9es dans les applications Fiori natives.<\/p>\n\t\t\t\t\t\t\t\t<\/div>\n\t\t\t\t<\/div>\n\t\t\t\t\t<\/div>\n\t\t<\/div>\n\t\t\t\t\t<\/div>\n\t\t<\/section>\n\t\t\t\t<\/div>\n\t\t","protected":false},"excerpt":{"rendered":"<p>L&#8217;archivage des donn\u00e9es dans SAP S\/4HANA fait r\u00e9f\u00e9rence au processus de d\u00e9placement des donn\u00e9es rarement consult\u00e9es ou obsol\u00e8tes de la base de donn\u00e9es principale vers un syst\u00e8me de stockage s\u00e9par\u00e9 et plus rentable, tout en les gardant accessibles pour les exigences l\u00e9gales ou commerciales. L&#8217;archivage permet de maintenir les performances du syst\u00e8me, de r\u00e9duire l&#8217;empreinte [&hellip;]<\/p>\n","protected":false},"author":1,"featured_media":0,"parent":0,"menu_order":0,"comment_status":"closed","ping_status":"closed","template":"","meta":{"om_disable_all_campaigns":false,"_monsterinsights_skip_tracking":false,"_monsterinsights_sitenote_active":false,"_monsterinsights_sitenote_note":"","_monsterinsights_sitenote_category":0,"footnotes":""},"class_list":["post-5449","page","type-page","status-publish","hentry"],"aioseo_notices":[],"yoast_head":"<!-- This site is optimized with the Yoast SEO plugin v25.0 - https:\/\/yoast.com\/wordpress\/plugins\/seo\/ -->\n<title>Rapports de donn\u00e9es d&#039;archives ArchiveHub pour S\/4HANA - ArchiveHub.io<\/title>\n<meta name=\"description\" content=\"Acc\u00e8s transparent aux donn\u00e9es archiv\u00e9es SAP S4HANA dans Fiori. Les donn\u00e9es des fichiers archiv\u00e9s sont accessibles \u00e0 la vitesse de l&#039;\u00e9clair.\" \/>\n<meta name=\"robots\" content=\"index, follow, max-snippet:-1, max-image-preview:large, max-video-preview:-1\" \/>\n<link rel=\"canonical\" href=\"https:\/\/archivehub.io\/fr\/rapports-de-donnees-darchives-archivehub-pour-s-4hana\/\" \/>\n<meta property=\"og:locale\" content=\"fr_FR\" \/>\n<meta property=\"og:type\" content=\"article\" \/>\n<meta property=\"og:title\" content=\"Rapports de donn\u00e9es d&#039;archives ArchiveHub pour S\/4HANA - ArchiveHub.io\" \/>\n<meta property=\"og:description\" content=\"Acc\u00e8s transparent aux donn\u00e9es archiv\u00e9es SAP S4HANA dans Fiori. Les donn\u00e9es des fichiers archiv\u00e9s sont accessibles \u00e0 la vitesse de l&#039;\u00e9clair.\" \/>\n<meta property=\"og:url\" content=\"https:\/\/archivehub.io\/fr\/rapports-de-donnees-darchives-archivehub-pour-s-4hana\/\" \/>\n<meta property=\"og:site_name\" content=\"ArchiveHub.io\" \/>\n<meta property=\"article:publisher\" content=\"https:\/\/www.facebook.com\/people\/ArchiveHubio\/100091316926341\/\" \/>\n<meta property=\"article:modified_time\" content=\"2023-04-10T18:46:51+00:00\" \/>\n<meta property=\"og:image\" content=\"https:\/\/archivehub.io\/wp-content\/uploads\/2023\/03\/s4hana.png\" \/>\n<meta name=\"twitter:card\" content=\"summary_large_image\" \/>\n<meta name=\"twitter:label1\" content=\"Dur\u00e9e de lecture estim\u00e9e\" \/>\n\t<meta name=\"twitter:data1\" content=\"1 minute\" \/>\n<script type=\"application\/ld+json\" class=\"yoast-schema-graph\">{\"@context\":\"https:\/\/schema.org\",\"@graph\":[{\"@type\":\"WebPage\",\"@id\":\"https:\/\/archivehub.io\/fr\/rapports-de-donnees-darchives-archivehub-pour-s-4hana\/\",\"url\":\"https:\/\/archivehub.io\/fr\/rapports-de-donnees-darchives-archivehub-pour-s-4hana\/\",\"name\":\"Rapports de donn\u00e9es d'archives ArchiveHub pour S\/4HANA - ArchiveHub.io\",\"isPartOf\":{\"@id\":\"https:\/\/archivehub.io\/fr\/#website\"},\"primaryImageOfPage\":{\"@id\":\"https:\/\/archivehub.io\/fr\/rapports-de-donnees-darchives-archivehub-pour-s-4hana\/#primaryimage\"},\"image\":{\"@id\":\"https:\/\/archivehub.io\/fr\/rapports-de-donnees-darchives-archivehub-pour-s-4hana\/#primaryimage\"},\"thumbnailUrl\":\"https:\/\/archivehub.io\/wp-content\/uploads\/2023\/03\/s4hana.png\",\"datePublished\":\"2023-03-25T09:28:23+00:00\",\"dateModified\":\"2023-04-10T18:46:51+00:00\",\"description\":\"Acc\u00e8s transparent aux donn\u00e9es archiv\u00e9es SAP S4HANA dans Fiori. Les donn\u00e9es des fichiers archiv\u00e9s sont accessibles \u00e0 la vitesse de l'\u00e9clair.\",\"inLanguage\":\"fr-FR\",\"potentialAction\":[{\"@type\":\"ReadAction\",\"target\":[\"https:\/\/archivehub.io\/fr\/rapports-de-donnees-darchives-archivehub-pour-s-4hana\/\"]}]},{\"@type\":\"ImageObject\",\"inLanguage\":\"fr-FR\",\"@id\":\"https:\/\/archivehub.io\/fr\/rapports-de-donnees-darchives-archivehub-pour-s-4hana\/#primaryimage\",\"url\":\"https:\/\/archivehub.io\/wp-content\/uploads\/2023\/03\/s4hana.png\",\"contentUrl\":\"https:\/\/archivehub.io\/wp-content\/uploads\/2023\/03\/s4hana.png\"},{\"@type\":\"WebSite\",\"@id\":\"https:\/\/archivehub.io\/fr\/#website\",\"url\":\"https:\/\/archivehub.io\/fr\/\",\"name\":\"ArchiveHub.io\",\"description\":\"SAP Archived Data Reporting Made Easy\",\"publisher\":{\"@id\":\"https:\/\/archivehub.io\/fr\/#organization\"},\"potentialAction\":[{\"@type\":\"SearchAction\",\"target\":{\"@type\":\"EntryPoint\",\"urlTemplate\":\"https:\/\/archivehub.io\/fr\/?s={search_term_string}\"},\"query-input\":{\"@type\":\"PropertyValueSpecification\",\"valueRequired\":true,\"valueName\":\"search_term_string\"}}],\"inLanguage\":\"fr-FR\"},{\"@type\":\"Organization\",\"@id\":\"https:\/\/archivehub.io\/fr\/#organization\",\"name\":\"ArchiveHub.io\",\"url\":\"https:\/\/archivehub.io\/fr\/\",\"logo\":{\"@type\":\"ImageObject\",\"inLanguage\":\"fr-FR\",\"@id\":\"https:\/\/archivehub.io\/fr\/#\/schema\/logo\/image\/\",\"url\":\"https:\/\/archivehub.io\/wp-content\/uploads\/2023\/03\/350px.png\",\"contentUrl\":\"https:\/\/archivehub.io\/wp-content\/uploads\/2023\/03\/350px.png\",\"width\":351,\"height\":77,\"caption\":\"ArchiveHub.io\"},\"image\":{\"@id\":\"https:\/\/archivehub.io\/fr\/#\/schema\/logo\/image\/\"},\"sameAs\":[\"https:\/\/www.facebook.com\/people\/ArchiveHubio\/100091316926341\/\"]}]}<\/script>\n<!-- \/ Yoast SEO plugin. -->","yoast_head_json":{"title":"Rapports de donn\u00e9es d'archives ArchiveHub pour S\/4HANA - ArchiveHub.io","description":"Acc\u00e8s transparent aux donn\u00e9es archiv\u00e9es SAP S4HANA dans Fiori. Les donn\u00e9es des fichiers archiv\u00e9s sont accessibles \u00e0 la vitesse de l'\u00e9clair.","robots":{"index":"index","follow":"follow","max-snippet":"max-snippet:-1","max-image-preview":"max-image-preview:large","max-video-preview":"max-video-preview:-1"},"canonical":"https:\/\/archivehub.io\/fr\/rapports-de-donnees-darchives-archivehub-pour-s-4hana\/","og_locale":"fr_FR","og_type":"article","og_title":"Rapports de donn\u00e9es d'archives ArchiveHub pour S\/4HANA - ArchiveHub.io","og_description":"Acc\u00e8s transparent aux donn\u00e9es archiv\u00e9es SAP S4HANA dans Fiori. Les donn\u00e9es des fichiers archiv\u00e9s sont accessibles \u00e0 la vitesse de l'\u00e9clair.","og_url":"https:\/\/archivehub.io\/fr\/rapports-de-donnees-darchives-archivehub-pour-s-4hana\/","og_site_name":"ArchiveHub.io","article_publisher":"https:\/\/www.facebook.com\/people\/ArchiveHubio\/100091316926341\/","article_modified_time":"2023-04-10T18:46:51+00:00","og_image":[{"url":"https:\/\/archivehub.io\/wp-content\/uploads\/2023\/03\/s4hana.png","type":"","width":"","height":""}],"twitter_card":"summary_large_image","twitter_misc":{"Dur\u00e9e de lecture estim\u00e9e":"1 minute"},"schema":{"@context":"https:\/\/schema.org","@graph":[{"@type":"WebPage","@id":"https:\/\/archivehub.io\/fr\/rapports-de-donnees-darchives-archivehub-pour-s-4hana\/","url":"https:\/\/archivehub.io\/fr\/rapports-de-donnees-darchives-archivehub-pour-s-4hana\/","name":"Rapports de donn\u00e9es d'archives ArchiveHub pour S\/4HANA - ArchiveHub.io","isPartOf":{"@id":"https:\/\/archivehub.io\/fr\/#website"},"primaryImageOfPage":{"@id":"https:\/\/archivehub.io\/fr\/rapports-de-donnees-darchives-archivehub-pour-s-4hana\/#primaryimage"},"image":{"@id":"https:\/\/archivehub.io\/fr\/rapports-de-donnees-darchives-archivehub-pour-s-4hana\/#primaryimage"},"thumbnailUrl":"https:\/\/archivehub.io\/wp-content\/uploads\/2023\/03\/s4hana.png","datePublished":"2023-03-25T09:28:23+00:00","dateModified":"2023-04-10T18:46:51+00:00","description":"Acc\u00e8s transparent aux donn\u00e9es archiv\u00e9es SAP S4HANA dans Fiori. Les donn\u00e9es des fichiers archiv\u00e9s sont accessibles \u00e0 la vitesse de l'\u00e9clair.","inLanguage":"fr-FR","potentialAction":[{"@type":"ReadAction","target":["https:\/\/archivehub.io\/fr\/rapports-de-donnees-darchives-archivehub-pour-s-4hana\/"]}]},{"@type":"ImageObject","inLanguage":"fr-FR","@id":"https:\/\/archivehub.io\/fr\/rapports-de-donnees-darchives-archivehub-pour-s-4hana\/#primaryimage","url":"https:\/\/archivehub.io\/wp-content\/uploads\/2023\/03\/s4hana.png","contentUrl":"https:\/\/archivehub.io\/wp-content\/uploads\/2023\/03\/s4hana.png"},{"@type":"WebSite","@id":"https:\/\/archivehub.io\/fr\/#website","url":"https:\/\/archivehub.io\/fr\/","name":"ArchiveHub.io","description":"SAP Archived Data Reporting Made Easy","publisher":{"@id":"https:\/\/archivehub.io\/fr\/#organization"},"potentialAction":[{"@type":"SearchAction","target":{"@type":"EntryPoint","urlTemplate":"https:\/\/archivehub.io\/fr\/?s={search_term_string}"},"query-input":{"@type":"PropertyValueSpecification","valueRequired":true,"valueName":"search_term_string"}}],"inLanguage":"fr-FR"},{"@type":"Organization","@id":"https:\/\/archivehub.io\/fr\/#organization","name":"ArchiveHub.io","url":"https:\/\/archivehub.io\/fr\/","logo":{"@type":"ImageObject","inLanguage":"fr-FR","@id":"https:\/\/archivehub.io\/fr\/#\/schema\/logo\/image\/","url":"https:\/\/archivehub.io\/wp-content\/uploads\/2023\/03\/350px.png","contentUrl":"https:\/\/archivehub.io\/wp-content\/uploads\/2023\/03\/350px.png","width":351,"height":77,"caption":"ArchiveHub.io"},"image":{"@id":"https:\/\/archivehub.io\/fr\/#\/schema\/logo\/image\/"},"sameAs":["https:\/\/www.facebook.com\/people\/ArchiveHubio\/100091316926341\/"]}]}},"_links":{"self":[{"href":"https:\/\/archivehub.io\/fr\/wp-json\/wp\/v2\/pages\/5449","targetHints":{"allow":["GET"]}}],"collection":[{"href":"https:\/\/archivehub.io\/fr\/wp-json\/wp\/v2\/pages"}],"about":[{"href":"https:\/\/archivehub.io\/fr\/wp-json\/wp\/v2\/types\/page"}],"author":[{"embeddable":true,"href":"https:\/\/archivehub.io\/fr\/wp-json\/wp\/v2\/users\/1"}],"replies":[{"embeddable":true,"href":"https:\/\/archivehub.io\/fr\/wp-json\/wp\/v2\/comments?post=5449"}],"version-history":[{"count":1,"href":"https:\/\/archivehub.io\/fr\/wp-json\/wp\/v2\/pages\/5449\/revisions"}],"predecessor-version":[{"id":5450,"href":"https:\/\/archivehub.io\/fr\/wp-json\/wp\/v2\/pages\/5449\/revisions\/5450"}],"wp:attachment":[{"href":"https:\/\/archivehub.io\/fr\/wp-json\/wp\/v2\/media?parent=5449"}],"curies":[{"name":"wp","href":"https:\/\/api.w.org\/{rel}","templated":true}]}}