{"id":5437,"date":"2023-03-25T10:57:58","date_gmt":"2023-03-25T10:57:58","guid":{"rendered":"https:\/\/archivehub.io\/archivehub-archive-data-reporting-pour-sap-ilm-rw\/"},"modified":"2023-04-11T08:42:53","modified_gmt":"2023-04-11T08:42:53","slug":"archivehub-archive-data-reporting-pour-sap-ilm-rw","status":"publish","type":"page","link":"https:\/\/archivehub.io\/fr\/archivehub-archive-data-reporting-pour-sap-ilm-rw\/","title":{"rendered":"ArchiveHub Archive Data Reporting pour SAP ILM RW"},"content":{"rendered":"\t\t<div data-elementor-type=\"wp-page\" data-elementor-id=\"5437\" class=\"elementor elementor-5437 elementor-2724\">\n\t\t\t\t\t\t<section class=\"elementor-section elementor-top-section elementor-element elementor-element-873f148 elementor-section-boxed elementor-section-height-default elementor-section-height-default\" data-id=\"873f148\" data-element_type=\"section\">\n\t\t\t\t\t\t<div class=\"elementor-container elementor-column-gap-default\">\n\t\t\t\t\t<div class=\"elementor-column elementor-col-50 elementor-top-column elementor-element elementor-element-ef1f173\" data-id=\"ef1f173\" data-element_type=\"column\">\n\t\t\t<div class=\"elementor-widget-wrap elementor-element-populated\">\n\t\t\t\t\t\t<div class=\"elementor-element elementor-element-d40729b elementor-widget elementor-widget-image\" data-id=\"d40729b\" data-element_type=\"widget\" data-widget_type=\"image.default\">\n\t\t\t\t<div class=\"elementor-widget-container\">\n\t\t\t\t\t\t\t\t\t\t\t\t\t\t\t<img fetchpriority=\"high\" decoding=\"async\" width=\"530\" height=\"350\" src=\"https:\/\/archivehub.io\/wp-content\/uploads\/2023\/03\/ilm_rw2.png\" class=\"attachment-large size-large wp-image-5382\" alt=\"\" srcset=\"https:\/\/archivehub.io\/wp-content\/uploads\/2023\/03\/ilm_rw2.png 530w, https:\/\/archivehub.io\/wp-content\/uploads\/2023\/03\/ilm_rw2-300x198.png 300w\" sizes=\"(max-width: 530px) 100vw, 530px\" \/>\t\t\t\t\t\t\t\t\t\t\t\t\t\t\t<\/div>\n\t\t\t\t<\/div>\n\t\t\t\t\t<\/div>\n\t\t<\/div>\n\t\t\t\t<div class=\"elementor-column elementor-col-50 elementor-top-column elementor-element elementor-element-35a9970\" data-id=\"35a9970\" data-element_type=\"column\">\n\t\t\t<div class=\"elementor-widget-wrap elementor-element-populated\">\n\t\t\t\t\t\t<div class=\"elementor-element elementor-element-5c9e92c elementor-widget elementor-widget-text-editor\" data-id=\"5c9e92c\" data-element_type=\"widget\" data-widget_type=\"text-editor.default\">\n\t\t\t\t<div class=\"elementor-widget-container\">\n\t\t\t\t\t\t\t\t\t<p>L&#8217;utilisation de SAP ILM with RW comme solution pour le d\u00e9classement de syst\u00e8mes offre une gamme de fonctionnalit\u00e9s et de capacit\u00e9s permettant de d\u00e9classer efficacement un syst\u00e8me entier. ArchiveHub a \u00e9largi les fonctionnalit\u00e9s du produit en incorporant des outils et du contenu sur les meilleures pratiques de Fiori, en s&#8217;appuyant sur de nombreux projets r\u00e9ussis. Cette am\u00e9lioration permet non seulement d&#8217;ajouter des fonctionnalit\u00e9s essentielles, mais aussi de r\u00e9duire le co\u00fbt global du projet.<\/p>\n<p>Par cons\u00e9quent, le d\u00e9classement des syst\u00e8mes devient une option plus attrayante pour les clients, leur permettant de r\u00e9duire les d\u00e9penses, de minimiser le risque d&#8217;utiliser des logiciels\/mat\u00e9riels obsol\u00e8tes et de respecter les exigences en mati\u00e8re de conformit\u00e9 des donn\u00e9es. ArchiveHub Archive Data Reporting for SAP ILM RW fournit tous les rapports n\u00e9cessaires, y compris les objets personnalis\u00e9s.<\/p>\n\t\t\t\t\t\t\t\t<\/div>\n\t\t\t\t<\/div>\n\t\t\t\t\t<\/div>\n\t\t<\/div>\n\t\t\t\t\t<\/div>\n\t\t<\/section>\n\t\t\t\t<section class=\"elementor-section elementor-top-section elementor-element elementor-element-15ded65 elementor-section-boxed elementor-section-height-default elementor-section-height-default\" data-id=\"15ded65\" data-element_type=\"section\">\n\t\t\t\t\t\t<div class=\"elementor-container elementor-column-gap-default\">\n\t\t\t\t\t<div class=\"elementor-column elementor-col-100 elementor-top-column elementor-element elementor-element-38458ce\" data-id=\"38458ce\" data-element_type=\"column\">\n\t\t\t<div class=\"elementor-widget-wrap elementor-element-populated\">\n\t\t\t\t\t\t<div class=\"elementor-element elementor-element-6a76fd3 elementor-widget elementor-widget-text-editor\" data-id=\"6a76fd3\" data-element_type=\"widget\" data-widget_type=\"text-editor.default\">\n\t\t\t\t<div class=\"elementor-widget-container\">\n\t\t\t\t\t\t\t\t\t<p>* Demandez le d\u00e9ploiement rapide d&#8217;ILM RW pour les syst\u00e8mes et rapports existants.<\/p>\n\t\t\t\t\t\t\t\t<\/div>\n\t\t\t\t<\/div>\n\t\t\t\t\t<\/div>\n\t\t<\/div>\n\t\t\t\t\t<\/div>\n\t\t<\/section>\n\t\t\t\t<\/div>\n\t\t","protected":false},"excerpt":{"rendered":"<p>L&#8217;utilisation de SAP ILM with RW comme solution pour le d\u00e9classement de syst\u00e8mes offre une gamme de fonctionnalit\u00e9s et de capacit\u00e9s permettant de d\u00e9classer efficacement un syst\u00e8me entier. ArchiveHub a \u00e9largi les fonctionnalit\u00e9s du produit en incorporant des outils et du contenu sur les meilleures pratiques de Fiori, en s&#8217;appuyant sur de nombreux projets r\u00e9ussis. [&hellip;]<\/p>\n","protected":false},"author":1,"featured_media":0,"parent":0,"menu_order":0,"comment_status":"closed","ping_status":"closed","template":"","meta":{"om_disable_all_campaigns":false,"_monsterinsights_skip_tracking":false,"_monsterinsights_sitenote_active":false,"_monsterinsights_sitenote_note":"","_monsterinsights_sitenote_category":0,"footnotes":""},"class_list":["post-5437","page","type-page","status-publish","hentry"],"aioseo_notices":[],"yoast_head":"<!-- This site is optimized with the Yoast SEO plugin v25.0 - https:\/\/yoast.com\/wordpress\/plugins\/seo\/ -->\n<title>ArchiveHub Archive Data Reporting pour SAP ILM RW - ArchiveHub.io<\/title>\n<meta name=\"description\" content=\"L&#039;utilisation de SAP ILM with RW comme solution pour le d\u00e9classement de syst\u00e8mes offre une gamme de fonctionnalit\u00e9s et de capacit\u00e9s permettant de d\u00e9classer efficacement un syst\u00e8me entier. ArchiveHub a \u00e9largi les fonctionnalit\u00e9s du produit en incorporant des outils et du contenu sur les meilleures pratiques de Fiori, en s&#039;appuyant sur de nombreux projets r\u00e9ussis. Cette am\u00e9lioration permet non seulement d&#039;ajouter des fonctionnalit\u00e9s essentielles, mais aussi de r\u00e9duire le co\u00fbt global du projet.\" \/>\n<meta name=\"robots\" content=\"index, follow, max-snippet:-1, max-image-preview:large, max-video-preview:-1\" \/>\n<link rel=\"canonical\" href=\"https:\/\/archivehub.io\/fr\/archivehub-archive-data-reporting-pour-sap-ilm-rw\/\" \/>\n<meta property=\"og:locale\" content=\"fr_FR\" \/>\n<meta property=\"og:type\" content=\"article\" \/>\n<meta property=\"og:title\" content=\"ArchiveHub Archive Data Reporting pour SAP ILM RW - ArchiveHub.io\" \/>\n<meta property=\"og:description\" content=\"L&#039;utilisation de SAP ILM with RW comme solution pour le d\u00e9classement de syst\u00e8mes offre une gamme de fonctionnalit\u00e9s et de capacit\u00e9s permettant de d\u00e9classer efficacement un syst\u00e8me entier. ArchiveHub a \u00e9largi les fonctionnalit\u00e9s du produit en incorporant des outils et du contenu sur les meilleures pratiques de Fiori, en s&#039;appuyant sur de nombreux projets r\u00e9ussis. Cette am\u00e9lioration permet non seulement d&#039;ajouter des fonctionnalit\u00e9s essentielles, mais aussi de r\u00e9duire le co\u00fbt global du projet.\" \/>\n<meta property=\"og:url\" content=\"https:\/\/archivehub.io\/fr\/archivehub-archive-data-reporting-pour-sap-ilm-rw\/\" \/>\n<meta property=\"og:site_name\" content=\"ArchiveHub.io\" \/>\n<meta property=\"article:publisher\" content=\"https:\/\/www.facebook.com\/people\/ArchiveHubio\/100091316926341\/\" \/>\n<meta property=\"article:modified_time\" content=\"2023-04-11T08:42:53+00:00\" \/>\n<meta property=\"og:image\" content=\"https:\/\/archivehub.io\/wp-content\/uploads\/2023\/03\/ilm_rw2.png\" \/>\n<meta name=\"twitter:card\" content=\"summary_large_image\" \/>\n<meta name=\"twitter:label1\" content=\"Dur\u00e9e de lecture estim\u00e9e\" \/>\n\t<meta name=\"twitter:data1\" content=\"1 minute\" \/>\n<script type=\"application\/ld+json\" class=\"yoast-schema-graph\">{\"@context\":\"https:\/\/schema.org\",\"@graph\":[{\"@type\":\"WebPage\",\"@id\":\"https:\/\/archivehub.io\/fr\/archivehub-archive-data-reporting-pour-sap-ilm-rw\/\",\"url\":\"https:\/\/archivehub.io\/fr\/archivehub-archive-data-reporting-pour-sap-ilm-rw\/\",\"name\":\"ArchiveHub Archive Data Reporting pour SAP ILM RW - ArchiveHub.io\",\"isPartOf\":{\"@id\":\"https:\/\/archivehub.io\/fr\/#website\"},\"primaryImageOfPage\":{\"@id\":\"https:\/\/archivehub.io\/fr\/archivehub-archive-data-reporting-pour-sap-ilm-rw\/#primaryimage\"},\"image\":{\"@id\":\"https:\/\/archivehub.io\/fr\/archivehub-archive-data-reporting-pour-sap-ilm-rw\/#primaryimage\"},\"thumbnailUrl\":\"https:\/\/archivehub.io\/wp-content\/uploads\/2023\/03\/ilm_rw2.png\",\"datePublished\":\"2023-03-25T10:57:58+00:00\",\"dateModified\":\"2023-04-11T08:42:53+00:00\",\"description\":\"L'utilisation de SAP ILM with RW comme solution pour le d\u00e9classement de syst\u00e8mes offre une gamme de fonctionnalit\u00e9s et de capacit\u00e9s permettant de d\u00e9classer efficacement un syst\u00e8me entier. ArchiveHub a \u00e9largi les fonctionnalit\u00e9s du produit en incorporant des outils et du contenu sur les meilleures pratiques de Fiori, en s'appuyant sur de nombreux projets r\u00e9ussis. Cette am\u00e9lioration permet non seulement d'ajouter des fonctionnalit\u00e9s essentielles, mais aussi de r\u00e9duire le co\u00fbt global du projet.\",\"inLanguage\":\"fr-FR\",\"potentialAction\":[{\"@type\":\"ReadAction\",\"target\":[\"https:\/\/archivehub.io\/fr\/archivehub-archive-data-reporting-pour-sap-ilm-rw\/\"]}]},{\"@type\":\"ImageObject\",\"inLanguage\":\"fr-FR\",\"@id\":\"https:\/\/archivehub.io\/fr\/archivehub-archive-data-reporting-pour-sap-ilm-rw\/#primaryimage\",\"url\":\"https:\/\/archivehub.io\/wp-content\/uploads\/2023\/03\/ilm_rw2.png\",\"contentUrl\":\"https:\/\/archivehub.io\/wp-content\/uploads\/2023\/03\/ilm_rw2.png\"},{\"@type\":\"WebSite\",\"@id\":\"https:\/\/archivehub.io\/fr\/#website\",\"url\":\"https:\/\/archivehub.io\/fr\/\",\"name\":\"ArchiveHub.io\",\"description\":\"SAP Archived Data Reporting Made Easy\",\"publisher\":{\"@id\":\"https:\/\/archivehub.io\/fr\/#organization\"},\"potentialAction\":[{\"@type\":\"SearchAction\",\"target\":{\"@type\":\"EntryPoint\",\"urlTemplate\":\"https:\/\/archivehub.io\/fr\/?s={search_term_string}\"},\"query-input\":{\"@type\":\"PropertyValueSpecification\",\"valueRequired\":true,\"valueName\":\"search_term_string\"}}],\"inLanguage\":\"fr-FR\"},{\"@type\":\"Organization\",\"@id\":\"https:\/\/archivehub.io\/fr\/#organization\",\"name\":\"ArchiveHub.io\",\"url\":\"https:\/\/archivehub.io\/fr\/\",\"logo\":{\"@type\":\"ImageObject\",\"inLanguage\":\"fr-FR\",\"@id\":\"https:\/\/archivehub.io\/fr\/#\/schema\/logo\/image\/\",\"url\":\"https:\/\/archivehub.io\/wp-content\/uploads\/2023\/03\/350px.png\",\"contentUrl\":\"https:\/\/archivehub.io\/wp-content\/uploads\/2023\/03\/350px.png\",\"width\":351,\"height\":77,\"caption\":\"ArchiveHub.io\"},\"image\":{\"@id\":\"https:\/\/archivehub.io\/fr\/#\/schema\/logo\/image\/\"},\"sameAs\":[\"https:\/\/www.facebook.com\/people\/ArchiveHubio\/100091316926341\/\"]}]}<\/script>\n<!-- \/ Yoast SEO plugin. -->","yoast_head_json":{"title":"ArchiveHub Archive Data Reporting pour SAP ILM RW - ArchiveHub.io","description":"L'utilisation de SAP ILM with RW comme solution pour le d\u00e9classement de syst\u00e8mes offre une gamme de fonctionnalit\u00e9s et de capacit\u00e9s permettant de d\u00e9classer efficacement un syst\u00e8me entier. ArchiveHub a \u00e9largi les fonctionnalit\u00e9s du produit en incorporant des outils et du contenu sur les meilleures pratiques de Fiori, en s'appuyant sur de nombreux projets r\u00e9ussis. Cette am\u00e9lioration permet non seulement d'ajouter des fonctionnalit\u00e9s essentielles, mais aussi de r\u00e9duire le co\u00fbt global du projet.","robots":{"index":"index","follow":"follow","max-snippet":"max-snippet:-1","max-image-preview":"max-image-preview:large","max-video-preview":"max-video-preview:-1"},"canonical":"https:\/\/archivehub.io\/fr\/archivehub-archive-data-reporting-pour-sap-ilm-rw\/","og_locale":"fr_FR","og_type":"article","og_title":"ArchiveHub Archive Data Reporting pour SAP ILM RW - ArchiveHub.io","og_description":"L'utilisation de SAP ILM with RW comme solution pour le d\u00e9classement de syst\u00e8mes offre une gamme de fonctionnalit\u00e9s et de capacit\u00e9s permettant de d\u00e9classer efficacement un syst\u00e8me entier. ArchiveHub a \u00e9largi les fonctionnalit\u00e9s du produit en incorporant des outils et du contenu sur les meilleures pratiques de Fiori, en s'appuyant sur de nombreux projets r\u00e9ussis. Cette am\u00e9lioration permet non seulement d'ajouter des fonctionnalit\u00e9s essentielles, mais aussi de r\u00e9duire le co\u00fbt global du projet.","og_url":"https:\/\/archivehub.io\/fr\/archivehub-archive-data-reporting-pour-sap-ilm-rw\/","og_site_name":"ArchiveHub.io","article_publisher":"https:\/\/www.facebook.com\/people\/ArchiveHubio\/100091316926341\/","article_modified_time":"2023-04-11T08:42:53+00:00","og_image":[{"url":"https:\/\/archivehub.io\/wp-content\/uploads\/2023\/03\/ilm_rw2.png","type":"","width":"","height":""}],"twitter_card":"summary_large_image","twitter_misc":{"Dur\u00e9e de lecture estim\u00e9e":"1 minute"},"schema":{"@context":"https:\/\/schema.org","@graph":[{"@type":"WebPage","@id":"https:\/\/archivehub.io\/fr\/archivehub-archive-data-reporting-pour-sap-ilm-rw\/","url":"https:\/\/archivehub.io\/fr\/archivehub-archive-data-reporting-pour-sap-ilm-rw\/","name":"ArchiveHub Archive Data Reporting pour SAP ILM RW - ArchiveHub.io","isPartOf":{"@id":"https:\/\/archivehub.io\/fr\/#website"},"primaryImageOfPage":{"@id":"https:\/\/archivehub.io\/fr\/archivehub-archive-data-reporting-pour-sap-ilm-rw\/#primaryimage"},"image":{"@id":"https:\/\/archivehub.io\/fr\/archivehub-archive-data-reporting-pour-sap-ilm-rw\/#primaryimage"},"thumbnailUrl":"https:\/\/archivehub.io\/wp-content\/uploads\/2023\/03\/ilm_rw2.png","datePublished":"2023-03-25T10:57:58+00:00","dateModified":"2023-04-11T08:42:53+00:00","description":"L'utilisation de SAP ILM with RW comme solution pour le d\u00e9classement de syst\u00e8mes offre une gamme de fonctionnalit\u00e9s et de capacit\u00e9s permettant de d\u00e9classer efficacement un syst\u00e8me entier. ArchiveHub a \u00e9largi les fonctionnalit\u00e9s du produit en incorporant des outils et du contenu sur les meilleures pratiques de Fiori, en s'appuyant sur de nombreux projets r\u00e9ussis. Cette am\u00e9lioration permet non seulement d'ajouter des fonctionnalit\u00e9s essentielles, mais aussi de r\u00e9duire le co\u00fbt global du projet.","inLanguage":"fr-FR","potentialAction":[{"@type":"ReadAction","target":["https:\/\/archivehub.io\/fr\/archivehub-archive-data-reporting-pour-sap-ilm-rw\/"]}]},{"@type":"ImageObject","inLanguage":"fr-FR","@id":"https:\/\/archivehub.io\/fr\/archivehub-archive-data-reporting-pour-sap-ilm-rw\/#primaryimage","url":"https:\/\/archivehub.io\/wp-content\/uploads\/2023\/03\/ilm_rw2.png","contentUrl":"https:\/\/archivehub.io\/wp-content\/uploads\/2023\/03\/ilm_rw2.png"},{"@type":"WebSite","@id":"https:\/\/archivehub.io\/fr\/#website","url":"https:\/\/archivehub.io\/fr\/","name":"ArchiveHub.io","description":"SAP Archived Data Reporting Made Easy","publisher":{"@id":"https:\/\/archivehub.io\/fr\/#organization"},"potentialAction":[{"@type":"SearchAction","target":{"@type":"EntryPoint","urlTemplate":"https:\/\/archivehub.io\/fr\/?s={search_term_string}"},"query-input":{"@type":"PropertyValueSpecification","valueRequired":true,"valueName":"search_term_string"}}],"inLanguage":"fr-FR"},{"@type":"Organization","@id":"https:\/\/archivehub.io\/fr\/#organization","name":"ArchiveHub.io","url":"https:\/\/archivehub.io\/fr\/","logo":{"@type":"ImageObject","inLanguage":"fr-FR","@id":"https:\/\/archivehub.io\/fr\/#\/schema\/logo\/image\/","url":"https:\/\/archivehub.io\/wp-content\/uploads\/2023\/03\/350px.png","contentUrl":"https:\/\/archivehub.io\/wp-content\/uploads\/2023\/03\/350px.png","width":351,"height":77,"caption":"ArchiveHub.io"},"image":{"@id":"https:\/\/archivehub.io\/fr\/#\/schema\/logo\/image\/"},"sameAs":["https:\/\/www.facebook.com\/people\/ArchiveHubio\/100091316926341\/"]}]}},"_links":{"self":[{"href":"https:\/\/archivehub.io\/fr\/wp-json\/wp\/v2\/pages\/5437","targetHints":{"allow":["GET"]}}],"collection":[{"href":"https:\/\/archivehub.io\/fr\/wp-json\/wp\/v2\/pages"}],"about":[{"href":"https:\/\/archivehub.io\/fr\/wp-json\/wp\/v2\/types\/page"}],"author":[{"embeddable":true,"href":"https:\/\/archivehub.io\/fr\/wp-json\/wp\/v2\/users\/1"}],"replies":[{"embeddable":true,"href":"https:\/\/archivehub.io\/fr\/wp-json\/wp\/v2\/comments?post=5437"}],"version-history":[{"count":2,"href":"https:\/\/archivehub.io\/fr\/wp-json\/wp\/v2\/pages\/5437\/revisions"}],"predecessor-version":[{"id":5533,"href":"https:\/\/archivehub.io\/fr\/wp-json\/wp\/v2\/pages\/5437\/revisions\/5533"}],"wp:attachment":[{"href":"https:\/\/archivehub.io\/fr\/wp-json\/wp\/v2\/media?parent=5437"}],"curies":[{"name":"wp","href":"https:\/\/api.w.org\/{rel}","templated":true}]}}