{"id":5433,"date":"2023-03-25T11:01:52","date_gmt":"2023-03-25T11:01:52","guid":{"rendered":"https:\/\/archivehub.io\/archivehub-archive-data-reporting-pour-sap-ecc-avec-ilm\/"},"modified":"2023-04-11T08:39:50","modified_gmt":"2023-04-11T08:39:50","slug":"archivehub-archive-data-reporting-pour-sap-ecc-avec-ilm","status":"publish","type":"page","link":"https:\/\/archivehub.io\/fr\/archivehub-archive-data-reporting-pour-sap-ecc-avec-ilm\/","title":{"rendered":"ArchiveHub Archive Data Reporting pour SAP ECC avec ILM"},"content":{"rendered":"\t\t<div data-elementor-type=\"wp-page\" data-elementor-id=\"5433\" class=\"elementor elementor-5433 elementor-2732\">\n\t\t\t\t\t\t<section class=\"elementor-section elementor-top-section elementor-element elementor-element-9f514e8 elementor-section-boxed elementor-section-height-default elementor-section-height-default\" data-id=\"9f514e8\" data-element_type=\"section\">\n\t\t\t\t\t\t<div class=\"elementor-container elementor-column-gap-default\">\n\t\t\t\t\t<div class=\"elementor-column elementor-col-50 elementor-top-column elementor-element elementor-element-a0ca7a2\" data-id=\"a0ca7a2\" data-element_type=\"column\">\n\t\t\t<div class=\"elementor-widget-wrap elementor-element-populated\">\n\t\t\t\t\t\t<div class=\"elementor-element elementor-element-6af534a elementor-widget elementor-widget-image\" data-id=\"6af534a\" data-element_type=\"widget\" data-widget_type=\"image.default\">\n\t\t\t\t<div class=\"elementor-widget-container\">\n\t\t\t\t\t\t\t\t\t\t\t\t\t\t\t<img fetchpriority=\"high\" decoding=\"async\" width=\"530\" height=\"350\" src=\"https:\/\/archivehub.io\/wp-content\/uploads\/2023\/03\/ecc_ilm.png\" class=\"attachment-large size-large wp-image-5364\" alt=\"\" srcset=\"https:\/\/archivehub.io\/wp-content\/uploads\/2023\/03\/ecc_ilm.png 530w, https:\/\/archivehub.io\/wp-content\/uploads\/2023\/03\/ecc_ilm-300x198.png 300w\" sizes=\"(max-width: 530px) 100vw, 530px\" \/>\t\t\t\t\t\t\t\t\t\t\t\t\t\t\t<\/div>\n\t\t\t\t<\/div>\n\t\t\t\t\t<\/div>\n\t\t<\/div>\n\t\t\t\t<div class=\"elementor-column elementor-col-50 elementor-top-column elementor-element elementor-element-02ab878\" data-id=\"02ab878\" data-element_type=\"column\">\n\t\t\t<div class=\"elementor-widget-wrap elementor-element-populated\">\n\t\t\t\t\t\t<div class=\"elementor-element elementor-element-ead2f8c elementor-widget elementor-widget-text-editor\" data-id=\"ead2f8c\" data-element_type=\"widget\" data-widget_type=\"text-editor.default\">\n\t\t\t\t<div class=\"elementor-widget-container\">\n\t\t\t\t\t\t\t\t\t<p>L&#8217;archivage des donn\u00e9es dans SAP ECC fait r\u00e9f\u00e9rence au processus de d\u00e9placement des donn\u00e9es rarement consult\u00e9es ou obsol\u00e8tes de la base de donn\u00e9es principale vers un syst\u00e8me de stockage distinct et plus rentable, tout en les gardant accessibles pour des raisons l\u00e9gales ou commerciales, avec des fonctions de gestion de la conservation des donn\u00e9es. L&#8217;archivage permet de maintenir les performances du syst\u00e8me, de r\u00e9duire l&#8217;empreinte des donn\u00e9es et de diminuer le co\u00fbt total de possession.<\/p>\n<p>Dans le contexte de SAP ECC, l&#8217;archivage des donn\u00e9es est particuli\u00e8rement important car le syst\u00e8me s&#8217;appuie sur la base de donn\u00e9es haute performance en m\u00e9moire HANA (Suite on HANA) ou anyDB. Au fur et \u00e0 mesure que les volumes de donn\u00e9es augmentent, la gestion efficace des donn\u00e9es devient cruciale pour optimiser les performances du syst\u00e8me et garantir son bon fonctionnement.<\/p>\n\t\t\t\t\t\t\t\t<\/div>\n\t\t\t\t<\/div>\n\t\t\t\t\t<\/div>\n\t\t<\/div>\n\t\t\t\t\t<\/div>\n\t\t<\/section>\n\t\t\t\t<section class=\"elementor-section elementor-top-section elementor-element elementor-element-baa34e7 elementor-section-boxed elementor-section-height-default elementor-section-height-default\" data-id=\"baa34e7\" data-element_type=\"section\">\n\t\t\t\t\t\t<div class=\"elementor-container elementor-column-gap-default\">\n\t\t\t\t\t<div class=\"elementor-column elementor-col-100 elementor-top-column elementor-element elementor-element-e46f716\" data-id=\"e46f716\" data-element_type=\"column\">\n\t\t\t<div class=\"elementor-widget-wrap elementor-element-populated\">\n\t\t\t\t\t\t<div class=\"elementor-element elementor-element-7f24d70 elementor-widget elementor-widget-text-editor\" data-id=\"7f24d70\" data-element_type=\"widget\" data-widget_type=\"text-editor.default\">\n\t\t\t\t<div class=\"elementor-widget-container\">\n\t\t\t\t\t\t\t\t\t<p>La r\u00e9duction du temps de s\u00e9jour est essentielle pour contr\u00f4ler la croissance des donn\u00e9es. Cet objectif ne peut \u00eatre atteint que si les utilisateurs sont convaincus qu&#8217;ils peuvent acc\u00e9der aux donn\u00e9es de la m\u00eame mani\u00e8re que dans SAP ECC. ArchiveHub Archive Data Reporting for SAP ECC with ILM comble cette lacune et permet aux utilisateurs de voir les donn\u00e9es archiv\u00e9es dans des applications Fiori modernes.<\/p>\n\t\t\t\t\t\t\t\t<\/div>\n\t\t\t\t<\/div>\n\t\t\t\t\t<\/div>\n\t\t<\/div>\n\t\t\t\t\t<\/div>\n\t\t<\/section>\n\t\t\t\t<\/div>\n\t\t","protected":false},"excerpt":{"rendered":"<p>L&#8217;archivage des donn\u00e9es dans SAP ECC fait r\u00e9f\u00e9rence au processus de d\u00e9placement des donn\u00e9es rarement consult\u00e9es ou obsol\u00e8tes de la base de donn\u00e9es principale vers un syst\u00e8me de stockage distinct et plus rentable, tout en les gardant accessibles pour des raisons l\u00e9gales ou commerciales, avec des fonctions de gestion de la conservation des donn\u00e9es. L&#8217;archivage [&hellip;]<\/p>\n","protected":false},"author":1,"featured_media":0,"parent":0,"menu_order":0,"comment_status":"closed","ping_status":"closed","template":"","meta":{"om_disable_all_campaigns":false,"_monsterinsights_skip_tracking":false,"_monsterinsights_sitenote_active":false,"_monsterinsights_sitenote_note":"","_monsterinsights_sitenote_category":0,"footnotes":""},"class_list":["post-5433","page","type-page","status-publish","hentry"],"aioseo_notices":[],"yoast_head":"<!-- This site is optimized with the Yoast SEO plugin v25.0 - https:\/\/yoast.com\/wordpress\/plugins\/seo\/ -->\n<title>ArchiveHub Archive Data Reporting pour SAP ECC avec ILM - ArchiveHub.io<\/title>\n<meta name=\"description\" content=\"L&#039;archivage des donn\u00e9es dans SAP ECC avec ILM fait r\u00e9f\u00e9rence au processus de d\u00e9placement des donn\u00e9es rarement consult\u00e9es ou obsol\u00e8tes de la base de donn\u00e9es principale vers un syst\u00e8me de stockage distinct et plus rentable, tout en les gardant accessibles pour r\u00e9pondre aux exigences l\u00e9gales ou commerciales, avec des fonctions de gestion de la conservation des donn\u00e9es. L&#039;archivage permet de maintenir les performances du syst\u00e8me, de r\u00e9duire l&#039;empreinte des donn\u00e9es et de diminuer le co\u00fbt total de possession.\" \/>\n<meta name=\"robots\" content=\"index, follow, max-snippet:-1, max-image-preview:large, max-video-preview:-1\" \/>\n<link rel=\"canonical\" href=\"https:\/\/archivehub.io\/fr\/archivehub-archive-data-reporting-pour-sap-ecc-avec-ilm\/\" \/>\n<meta property=\"og:locale\" content=\"fr_FR\" \/>\n<meta property=\"og:type\" content=\"article\" \/>\n<meta property=\"og:title\" content=\"ArchiveHub Archive Data Reporting pour SAP ECC avec ILM - ArchiveHub.io\" \/>\n<meta property=\"og:description\" content=\"L&#039;archivage des donn\u00e9es dans SAP ECC avec ILM fait r\u00e9f\u00e9rence au processus de d\u00e9placement des donn\u00e9es rarement consult\u00e9es ou obsol\u00e8tes de la base de donn\u00e9es principale vers un syst\u00e8me de stockage distinct et plus rentable, tout en les gardant accessibles pour r\u00e9pondre aux exigences l\u00e9gales ou commerciales, avec des fonctions de gestion de la conservation des donn\u00e9es. L&#039;archivage permet de maintenir les performances du syst\u00e8me, de r\u00e9duire l&#039;empreinte des donn\u00e9es et de diminuer le co\u00fbt total de possession.\" \/>\n<meta property=\"og:url\" content=\"https:\/\/archivehub.io\/fr\/archivehub-archive-data-reporting-pour-sap-ecc-avec-ilm\/\" \/>\n<meta property=\"og:site_name\" content=\"ArchiveHub.io\" \/>\n<meta property=\"article:publisher\" content=\"https:\/\/www.facebook.com\/people\/ArchiveHubio\/100091316926341\/\" \/>\n<meta property=\"article:modified_time\" content=\"2023-04-11T08:39:50+00:00\" \/>\n<meta property=\"og:image\" content=\"https:\/\/archivehub.io\/wp-content\/uploads\/2023\/03\/ecc_ilm.png\" \/>\n<meta name=\"twitter:card\" content=\"summary_large_image\" \/>\n<meta name=\"twitter:label1\" content=\"Dur\u00e9e de lecture estim\u00e9e\" \/>\n\t<meta name=\"twitter:data1\" content=\"2 minutes\" \/>\n<script type=\"application\/ld+json\" class=\"yoast-schema-graph\">{\"@context\":\"https:\/\/schema.org\",\"@graph\":[{\"@type\":\"WebPage\",\"@id\":\"https:\/\/archivehub.io\/fr\/archivehub-archive-data-reporting-pour-sap-ecc-avec-ilm\/\",\"url\":\"https:\/\/archivehub.io\/fr\/archivehub-archive-data-reporting-pour-sap-ecc-avec-ilm\/\",\"name\":\"ArchiveHub Archive Data Reporting pour SAP ECC avec ILM - ArchiveHub.io\",\"isPartOf\":{\"@id\":\"https:\/\/archivehub.io\/fr\/#website\"},\"primaryImageOfPage\":{\"@id\":\"https:\/\/archivehub.io\/fr\/archivehub-archive-data-reporting-pour-sap-ecc-avec-ilm\/#primaryimage\"},\"image\":{\"@id\":\"https:\/\/archivehub.io\/fr\/archivehub-archive-data-reporting-pour-sap-ecc-avec-ilm\/#primaryimage\"},\"thumbnailUrl\":\"https:\/\/archivehub.io\/wp-content\/uploads\/2023\/03\/ecc_ilm.png\",\"datePublished\":\"2023-03-25T11:01:52+00:00\",\"dateModified\":\"2023-04-11T08:39:50+00:00\",\"description\":\"L'archivage des donn\u00e9es dans SAP ECC avec ILM fait r\u00e9f\u00e9rence au processus de d\u00e9placement des donn\u00e9es rarement consult\u00e9es ou obsol\u00e8tes de la base de donn\u00e9es principale vers un syst\u00e8me de stockage distinct et plus rentable, tout en les gardant accessibles pour r\u00e9pondre aux exigences l\u00e9gales ou commerciales, avec des fonctions de gestion de la conservation des donn\u00e9es. L'archivage permet de maintenir les performances du syst\u00e8me, de r\u00e9duire l'empreinte des donn\u00e9es et de diminuer le co\u00fbt total de possession.\",\"inLanguage\":\"fr-FR\",\"potentialAction\":[{\"@type\":\"ReadAction\",\"target\":[\"https:\/\/archivehub.io\/fr\/archivehub-archive-data-reporting-pour-sap-ecc-avec-ilm\/\"]}]},{\"@type\":\"ImageObject\",\"inLanguage\":\"fr-FR\",\"@id\":\"https:\/\/archivehub.io\/fr\/archivehub-archive-data-reporting-pour-sap-ecc-avec-ilm\/#primaryimage\",\"url\":\"https:\/\/archivehub.io\/wp-content\/uploads\/2023\/03\/ecc_ilm.png\",\"contentUrl\":\"https:\/\/archivehub.io\/wp-content\/uploads\/2023\/03\/ecc_ilm.png\"},{\"@type\":\"WebSite\",\"@id\":\"https:\/\/archivehub.io\/fr\/#website\",\"url\":\"https:\/\/archivehub.io\/fr\/\",\"name\":\"ArchiveHub.io\",\"description\":\"SAP Archived Data Reporting Made Easy\",\"publisher\":{\"@id\":\"https:\/\/archivehub.io\/fr\/#organization\"},\"potentialAction\":[{\"@type\":\"SearchAction\",\"target\":{\"@type\":\"EntryPoint\",\"urlTemplate\":\"https:\/\/archivehub.io\/fr\/?s={search_term_string}\"},\"query-input\":{\"@type\":\"PropertyValueSpecification\",\"valueRequired\":true,\"valueName\":\"search_term_string\"}}],\"inLanguage\":\"fr-FR\"},{\"@type\":\"Organization\",\"@id\":\"https:\/\/archivehub.io\/fr\/#organization\",\"name\":\"ArchiveHub.io\",\"url\":\"https:\/\/archivehub.io\/fr\/\",\"logo\":{\"@type\":\"ImageObject\",\"inLanguage\":\"fr-FR\",\"@id\":\"https:\/\/archivehub.io\/fr\/#\/schema\/logo\/image\/\",\"url\":\"https:\/\/archivehub.io\/wp-content\/uploads\/2023\/03\/350px.png\",\"contentUrl\":\"https:\/\/archivehub.io\/wp-content\/uploads\/2023\/03\/350px.png\",\"width\":351,\"height\":77,\"caption\":\"ArchiveHub.io\"},\"image\":{\"@id\":\"https:\/\/archivehub.io\/fr\/#\/schema\/logo\/image\/\"},\"sameAs\":[\"https:\/\/www.facebook.com\/people\/ArchiveHubio\/100091316926341\/\"]}]}<\/script>\n<!-- \/ Yoast SEO plugin. -->","yoast_head_json":{"title":"ArchiveHub Archive Data Reporting pour SAP ECC avec ILM - ArchiveHub.io","description":"L'archivage des donn\u00e9es dans SAP ECC avec ILM fait r\u00e9f\u00e9rence au processus de d\u00e9placement des donn\u00e9es rarement consult\u00e9es ou obsol\u00e8tes de la base de donn\u00e9es principale vers un syst\u00e8me de stockage distinct et plus rentable, tout en les gardant accessibles pour r\u00e9pondre aux exigences l\u00e9gales ou commerciales, avec des fonctions de gestion de la conservation des donn\u00e9es. L'archivage permet de maintenir les performances du syst\u00e8me, de r\u00e9duire l'empreinte des donn\u00e9es et de diminuer le co\u00fbt total de possession.","robots":{"index":"index","follow":"follow","max-snippet":"max-snippet:-1","max-image-preview":"max-image-preview:large","max-video-preview":"max-video-preview:-1"},"canonical":"https:\/\/archivehub.io\/fr\/archivehub-archive-data-reporting-pour-sap-ecc-avec-ilm\/","og_locale":"fr_FR","og_type":"article","og_title":"ArchiveHub Archive Data Reporting pour SAP ECC avec ILM - ArchiveHub.io","og_description":"L'archivage des donn\u00e9es dans SAP ECC avec ILM fait r\u00e9f\u00e9rence au processus de d\u00e9placement des donn\u00e9es rarement consult\u00e9es ou obsol\u00e8tes de la base de donn\u00e9es principale vers un syst\u00e8me de stockage distinct et plus rentable, tout en les gardant accessibles pour r\u00e9pondre aux exigences l\u00e9gales ou commerciales, avec des fonctions de gestion de la conservation des donn\u00e9es. L'archivage permet de maintenir les performances du syst\u00e8me, de r\u00e9duire l'empreinte des donn\u00e9es et de diminuer le co\u00fbt total de possession.","og_url":"https:\/\/archivehub.io\/fr\/archivehub-archive-data-reporting-pour-sap-ecc-avec-ilm\/","og_site_name":"ArchiveHub.io","article_publisher":"https:\/\/www.facebook.com\/people\/ArchiveHubio\/100091316926341\/","article_modified_time":"2023-04-11T08:39:50+00:00","og_image":[{"url":"https:\/\/archivehub.io\/wp-content\/uploads\/2023\/03\/ecc_ilm.png","type":"","width":"","height":""}],"twitter_card":"summary_large_image","twitter_misc":{"Dur\u00e9e de lecture estim\u00e9e":"2 minutes"},"schema":{"@context":"https:\/\/schema.org","@graph":[{"@type":"WebPage","@id":"https:\/\/archivehub.io\/fr\/archivehub-archive-data-reporting-pour-sap-ecc-avec-ilm\/","url":"https:\/\/archivehub.io\/fr\/archivehub-archive-data-reporting-pour-sap-ecc-avec-ilm\/","name":"ArchiveHub Archive Data Reporting pour SAP ECC avec ILM - ArchiveHub.io","isPartOf":{"@id":"https:\/\/archivehub.io\/fr\/#website"},"primaryImageOfPage":{"@id":"https:\/\/archivehub.io\/fr\/archivehub-archive-data-reporting-pour-sap-ecc-avec-ilm\/#primaryimage"},"image":{"@id":"https:\/\/archivehub.io\/fr\/archivehub-archive-data-reporting-pour-sap-ecc-avec-ilm\/#primaryimage"},"thumbnailUrl":"https:\/\/archivehub.io\/wp-content\/uploads\/2023\/03\/ecc_ilm.png","datePublished":"2023-03-25T11:01:52+00:00","dateModified":"2023-04-11T08:39:50+00:00","description":"L'archivage des donn\u00e9es dans SAP ECC avec ILM fait r\u00e9f\u00e9rence au processus de d\u00e9placement des donn\u00e9es rarement consult\u00e9es ou obsol\u00e8tes de la base de donn\u00e9es principale vers un syst\u00e8me de stockage distinct et plus rentable, tout en les gardant accessibles pour r\u00e9pondre aux exigences l\u00e9gales ou commerciales, avec des fonctions de gestion de la conservation des donn\u00e9es. L'archivage permet de maintenir les performances du syst\u00e8me, de r\u00e9duire l'empreinte des donn\u00e9es et de diminuer le co\u00fbt total de possession.","inLanguage":"fr-FR","potentialAction":[{"@type":"ReadAction","target":["https:\/\/archivehub.io\/fr\/archivehub-archive-data-reporting-pour-sap-ecc-avec-ilm\/"]}]},{"@type":"ImageObject","inLanguage":"fr-FR","@id":"https:\/\/archivehub.io\/fr\/archivehub-archive-data-reporting-pour-sap-ecc-avec-ilm\/#primaryimage","url":"https:\/\/archivehub.io\/wp-content\/uploads\/2023\/03\/ecc_ilm.png","contentUrl":"https:\/\/archivehub.io\/wp-content\/uploads\/2023\/03\/ecc_ilm.png"},{"@type":"WebSite","@id":"https:\/\/archivehub.io\/fr\/#website","url":"https:\/\/archivehub.io\/fr\/","name":"ArchiveHub.io","description":"SAP Archived Data Reporting Made Easy","publisher":{"@id":"https:\/\/archivehub.io\/fr\/#organization"},"potentialAction":[{"@type":"SearchAction","target":{"@type":"EntryPoint","urlTemplate":"https:\/\/archivehub.io\/fr\/?s={search_term_string}"},"query-input":{"@type":"PropertyValueSpecification","valueRequired":true,"valueName":"search_term_string"}}],"inLanguage":"fr-FR"},{"@type":"Organization","@id":"https:\/\/archivehub.io\/fr\/#organization","name":"ArchiveHub.io","url":"https:\/\/archivehub.io\/fr\/","logo":{"@type":"ImageObject","inLanguage":"fr-FR","@id":"https:\/\/archivehub.io\/fr\/#\/schema\/logo\/image\/","url":"https:\/\/archivehub.io\/wp-content\/uploads\/2023\/03\/350px.png","contentUrl":"https:\/\/archivehub.io\/wp-content\/uploads\/2023\/03\/350px.png","width":351,"height":77,"caption":"ArchiveHub.io"},"image":{"@id":"https:\/\/archivehub.io\/fr\/#\/schema\/logo\/image\/"},"sameAs":["https:\/\/www.facebook.com\/people\/ArchiveHubio\/100091316926341\/"]}]}},"_links":{"self":[{"href":"https:\/\/archivehub.io\/fr\/wp-json\/wp\/v2\/pages\/5433","targetHints":{"allow":["GET"]}}],"collection":[{"href":"https:\/\/archivehub.io\/fr\/wp-json\/wp\/v2\/pages"}],"about":[{"href":"https:\/\/archivehub.io\/fr\/wp-json\/wp\/v2\/types\/page"}],"author":[{"embeddable":true,"href":"https:\/\/archivehub.io\/fr\/wp-json\/wp\/v2\/users\/1"}],"replies":[{"embeddable":true,"href":"https:\/\/archivehub.io\/fr\/wp-json\/wp\/v2\/comments?post=5433"}],"version-history":[{"count":1,"href":"https:\/\/archivehub.io\/fr\/wp-json\/wp\/v2\/pages\/5433\/revisions"}],"predecessor-version":[{"id":5434,"href":"https:\/\/archivehub.io\/fr\/wp-json\/wp\/v2\/pages\/5433\/revisions\/5434"}],"wp:attachment":[{"href":"https:\/\/archivehub.io\/fr\/wp-json\/wp\/v2\/media?parent=5433"}],"curies":[{"name":"wp","href":"https:\/\/api.w.org\/{rel}","templated":true}]}}