{"id":5425,"date":"2023-03-28T14:04:47","date_gmt":"2023-03-28T14:04:47","guid":{"rendered":"https:\/\/archivehub.io\/adkmigrator-pro-pour-sap\/"},"modified":"2023-04-11T08:29:09","modified_gmt":"2023-04-11T08:29:09","slug":"adkmigrator-pro-pour-sap","status":"publish","type":"page","link":"https:\/\/archivehub.io\/fr\/adkmigrator-pro-pour-sap\/","title":{"rendered":"ADKMigrator Pro pour SAP"},"content":{"rendered":"\t\t<div data-elementor-type=\"wp-page\" data-elementor-id=\"5425\" class=\"elementor elementor-5425 elementor-3714\">\n\t\t\t\t\t\t<section class=\"elementor-section elementor-top-section elementor-element elementor-element-822cbed elementor-section-boxed elementor-section-height-default elementor-section-height-default\" data-id=\"822cbed\" data-element_type=\"section\">\n\t\t\t\t\t\t<div class=\"elementor-container elementor-column-gap-default\">\n\t\t\t\t\t<div class=\"elementor-column elementor-col-100 elementor-top-column elementor-element elementor-element-a6a79a1\" data-id=\"a6a79a1\" data-element_type=\"column\">\n\t\t\t<div class=\"elementor-widget-wrap elementor-element-populated\">\n\t\t\t\t\t\t<div class=\"elementor-element elementor-element-bbaf69f elementor-widget elementor-widget-image\" data-id=\"bbaf69f\" data-element_type=\"widget\" data-widget_type=\"image.default\">\n\t\t\t\t<div class=\"elementor-widget-container\">\n\t\t\t\t\t\t\t\t\t\t\t\t\t\t\t<img fetchpriority=\"high\" decoding=\"async\" width=\"940\" height=\"305\" src=\"https:\/\/archivehub.io\/wp-content\/uploads\/2023\/03\/adk_migration-1024x332.jpg\" class=\"attachment-large size-large wp-image-5403\" alt=\"\" srcset=\"https:\/\/archivehub.io\/wp-content\/uploads\/2023\/03\/adk_migration-1024x332.jpg 1024w, https:\/\/archivehub.io\/wp-content\/uploads\/2023\/03\/adk_migration-300x97.jpg 300w, https:\/\/archivehub.io\/wp-content\/uploads\/2023\/03\/adk_migration-768x249.jpg 768w, https:\/\/archivehub.io\/wp-content\/uploads\/2023\/03\/adk_migration.jpg 1080w\" sizes=\"(max-width: 940px) 100vw, 940px\" \/>\t\t\t\t\t\t\t\t\t\t\t\t\t\t\t<\/div>\n\t\t\t\t<\/div>\n\t\t\t\t\t<\/div>\n\t\t<\/div>\n\t\t\t\t\t<\/div>\n\t\t<\/section>\n\t\t\t\t<section class=\"elementor-section elementor-top-section elementor-element elementor-element-f7f5a3a elementor-section-boxed elementor-section-height-default elementor-section-height-default\" data-id=\"f7f5a3a\" data-element_type=\"section\">\n\t\t\t\t\t\t<div class=\"elementor-container elementor-column-gap-default\">\n\t\t\t\t\t<div class=\"elementor-column elementor-col-100 elementor-top-column elementor-element elementor-element-8a6a2f8\" data-id=\"8a6a2f8\" data-element_type=\"column\">\n\t\t\t<div class=\"elementor-widget-wrap elementor-element-populated\">\n\t\t\t\t\t\t<div class=\"elementor-element elementor-element-2c45da3 elementor-widget elementor-widget-heading\" data-id=\"2c45da3\" data-element_type=\"widget\" data-widget_type=\"heading.default\">\n\t\t\t\t<div class=\"elementor-widget-container\">\n\t\t\t\t\t<h2 class=\"elementor-heading-title elementor-size-default\">Voici \"ADKMigrator Pro for SAP\" - l'outil utilitaire ultime pour une migration sans effort des pi\u00e8ces jointes ADK et des fichiers d'archives ILM ADK, d\u00e9sormais avec une int\u00e9gration dans le nuage !<\/h2>\t\t\t\t<\/div>\n\t\t\t\t<\/div>\n\t\t\t\t\t<\/div>\n\t\t<\/div>\n\t\t\t\t\t<\/div>\n\t\t<\/section>\n\t\t\t\t<section class=\"elementor-section elementor-top-section elementor-element elementor-element-4d7df1a elementor-section-boxed elementor-section-height-default elementor-section-height-default\" data-id=\"4d7df1a\" data-element_type=\"section\">\n\t\t\t\t\t\t<div class=\"elementor-container elementor-column-gap-default\">\n\t\t\t\t\t<div class=\"elementor-column elementor-col-100 elementor-top-column elementor-element elementor-element-1be52af\" data-id=\"1be52af\" data-element_type=\"column\">\n\t\t\t<div class=\"elementor-widget-wrap elementor-element-populated\">\n\t\t\t\t\t\t<div class=\"elementor-element elementor-element-cb7b969 elementor-widget elementor-widget-text-editor\" data-id=\"cb7b969\" data-element_type=\"widget\" data-widget_type=\"text-editor.default\">\n\t\t\t\t<div class=\"elementor-widget-container\">\n\t\t\t\t\t\t\t\t\t<ul>\n<li><strong>Migration transparente :<\/strong> Dites adieu au processus fastidieux de transfert des pi\u00e8ces jointes ADK et des fichiers d&#8217;archive ADK ILM d&#8217;un r\u00e9f\u00e9rentiel de contenu \u00e0 un autre. Notre solution de pointe garantit une migration en douceur, en pr\u00e9servant l&#8217;int\u00e9grit\u00e9 et la structure de vos donn\u00e9es sur toutes les plateformes.<\/li>\n<\/ul>\n<ul>\n<li><strong>Int\u00e9gration dans le nuage :<\/strong> Exploitez la puissance du cloud avec ADKMigrator Pro pour SAP. Notre outil utilitaire robuste prend en charge la migration sans effort entre les r\u00e9f\u00e9rentiels de contenu sur site et dans le cloud, ce qui permet \u00e0 votre entreprise de rester \u00e0 la pointe de la transformation num\u00e9rique.<\/li>\n<\/ul>\n<ul>\n<li><strong>Support ADK complet :<\/strong> ADKMigrator Pro pour SAP est con\u00e7u pour g\u00e9rer les pi\u00e8ces jointes ADK et les fichiers d&#8217;archive ILM ADK, offrant ainsi une solution de migration compl\u00e8te pour r\u00e9pondre aux besoins uniques de votre entreprise.<\/li>\n<\/ul>\n<ul>\n<li><strong>S\u00e9curit\u00e9 in\u00e9gal\u00e9e :<\/strong> Soyez rassur\u00e9 en sachant que notre technologie de cryptage de pointe prot\u00e8ge vos informations sensibles tout au long du processus de migration, que vous d\u00e9placiez des donn\u00e9es entre des r\u00e9f\u00e9rentiels sur site ou dans le nuage.<\/li>\n<\/ul>\n<ul>\n<li><strong>Des vitesses fulgurantes :<\/strong> Le temps, c&#8217;est de l&#8217;argent, et nous le savons. ADKMigrator Pro pour SAP est con\u00e7u pour offrir des vitesses de migration ultra-rapides, r\u00e9duisant les temps d&#8217;arr\u00eat et maximisant la productivit\u00e9 de votre entreprise.<\/li>\n<\/ul>\n<ul>\n<li><strong>Compatibilit\u00e9 multiplateforme :<\/strong> Qu&#8217;il s&#8217;agisse de SAP ECC, S\/4HANA ou d&#8217;autres plateformes, notre outil utilitaire est enti\u00e8rement compatible, ce qui garantit une exp\u00e9rience de migration transparente.<\/li>\n<\/ul>\n<ul>\n<li><strong>Traitement intelligent des erreurs :<\/strong> Notre syst\u00e8me avanc\u00e9 de d\u00e9tection et de traitement des erreurs identifie de mani\u00e8re proactive les probl\u00e8mes potentiels avant la migration, ce qui vous permet de proc\u00e9der en toute confiance et sans mauvaise surprise.<\/li>\n<\/ul>\n<ul>\n<li><strong>Rapports d\u00e9taill\u00e9s :<\/strong> Restez inform\u00e9 et prenez des d\u00e9cisions bas\u00e9es sur des donn\u00e9es gr\u00e2ce \u00e0 des rapports de migration d\u00e9taill\u00e9s qui fournissent des informations et des analyses pour les r\u00e9f\u00e9rentiels de contenu sur site et dans le cloud.<\/li>\n<\/ul>\n<ul>\n<li><strong>Interface conviviale :<\/strong> ADKMigrator Pro pour SAP est con\u00e7u pour les utilisateurs de tous les niveaux de comp\u00e9tence, ce qui le rend facile \u00e0 naviguer sans connaissances techniques approfondies.<\/li>\n<\/ul>\n<ul>\n<li><strong>Assistance d&#8217;experts 24 heures sur 24, 7 jours sur 7 :<\/strong> Notre \u00e9quipe d&#8217;experts SAP est disponible 24 heures sur 24 et vous fournit une assistance in\u00e9gal\u00e9e d\u00e8s que vous en avez besoin.<\/li>\n<\/ul>\n\t\t\t\t\t\t\t\t<\/div>\n\t\t\t\t<\/div>\n\t\t\t\t\t<\/div>\n\t\t<\/div>\n\t\t\t\t\t<\/div>\n\t\t<\/section>\n\t\t\t\t<section class=\"elementor-section elementor-top-section elementor-element elementor-element-a89c55e elementor-section-boxed elementor-section-height-default elementor-section-height-default\" data-id=\"a89c55e\" data-element_type=\"section\">\n\t\t\t\t\t\t<div class=\"elementor-container elementor-column-gap-default\">\n\t\t\t\t\t<div class=\"elementor-column elementor-col-100 elementor-top-column elementor-element elementor-element-c440802\" data-id=\"c440802\" data-element_type=\"column\">\n\t\t\t<div class=\"elementor-widget-wrap elementor-element-populated\">\n\t\t\t\t\t\t<div class=\"elementor-element elementor-element-6801524 elementor-widget elementor-widget-heading\" data-id=\"6801524\" data-element_type=\"widget\" data-widget_type=\"heading.default\">\n\t\t\t\t<div class=\"elementor-widget-container\">\n\t\t\t\t\t<h2 class=\"elementor-heading-title elementor-size-default\">Transformez la gestion de votre r\u00e9f\u00e9rentiel de contenu, adoptez le cloud et migrez sans effort les pi\u00e8ces jointes ADK et les fichiers d'archive ILM ADK avec ADKMigrator Pro pour SAP d\u00e8s aujourd'hui ! Visitez notre site web ou contactez notre \u00e9quipe commerciale pour en savoir plus et commencer votre voyage vers une gestion de contenu sans tracas, \u00e0 la fois sur site et dans le nuage.  <\/h2>\t\t\t\t<\/div>\n\t\t\t\t<\/div>\n\t\t\t\t\t<\/div>\n\t\t<\/div>\n\t\t\t\t\t<\/div>\n\t\t<\/section>\n\t\t\t\t<\/div>\n\t\t","protected":false},"excerpt":{"rendered":"<p>Voici &#8220;ADKMigrator Pro for SAP&#8221; &#8211; l&#8217;outil utilitaire ultime pour une migration sans effort des pi\u00e8ces jointes ADK et des fichiers d&#8217;archives ILM ADK, d\u00e9sormais avec une int\u00e9gration dans le nuage ! Migration transparente : Dites adieu au processus fastidieux de transfert des pi\u00e8ces jointes ADK et des fichiers d&#8217;archive ADK ILM d&#8217;un r\u00e9f\u00e9rentiel de [&hellip;]<\/p>\n","protected":false},"author":1,"featured_media":0,"parent":0,"menu_order":0,"comment_status":"closed","ping_status":"closed","template":"","meta":{"om_disable_all_campaigns":false,"_monsterinsights_skip_tracking":false,"_monsterinsights_sitenote_active":false,"_monsterinsights_sitenote_note":"","_monsterinsights_sitenote_category":0,"footnotes":""},"class_list":["post-5425","page","type-page","status-publish","hentry"],"aioseo_notices":[],"yoast_head":"<!-- This site is optimized with the Yoast SEO plugin v25.0 - https:\/\/yoast.com\/wordpress\/plugins\/seo\/ -->\n<title>ADKMigrator Pro pour SAP - ArchiveHub.io<\/title>\n<meta name=\"description\" content=\"&quot;ADKMigrator Pro for SAP&quot; - L&#039;outil utilitaire ultime pour une migration sans effort des pi\u00e8ces jointes ADK et des fichiers d&#039;archives ILM ADK, d\u00e9sormais avec une int\u00e9gration dans le nuage.\" \/>\n<meta name=\"robots\" content=\"index, follow, max-snippet:-1, max-image-preview:large, max-video-preview:-1\" \/>\n<link rel=\"canonical\" href=\"https:\/\/archivehub.io\/fr\/adkmigrator-pro-pour-sap\/\" \/>\n<meta property=\"og:locale\" content=\"fr_FR\" \/>\n<meta property=\"og:type\" content=\"article\" \/>\n<meta property=\"og:title\" content=\"ADKMigrator Pro pour SAP - ArchiveHub.io\" \/>\n<meta property=\"og:description\" content=\"&quot;ADKMigrator Pro for SAP&quot; - L&#039;outil utilitaire ultime pour une migration sans effort des pi\u00e8ces jointes ADK et des fichiers d&#039;archives ILM ADK, d\u00e9sormais avec une int\u00e9gration dans le nuage.\" \/>\n<meta property=\"og:url\" content=\"https:\/\/archivehub.io\/fr\/adkmigrator-pro-pour-sap\/\" \/>\n<meta property=\"og:site_name\" content=\"ArchiveHub.io\" \/>\n<meta property=\"article:publisher\" content=\"https:\/\/www.facebook.com\/people\/ArchiveHubio\/100091316926341\/\" \/>\n<meta property=\"article:modified_time\" content=\"2023-04-11T08:29:09+00:00\" \/>\n<meta property=\"og:image\" content=\"https:\/\/archivehub.io\/wp-content\/uploads\/2023\/03\/adk_migration-1024x332.jpg\" \/>\n<meta name=\"twitter:card\" content=\"summary_large_image\" \/>\n<meta name=\"twitter:label1\" content=\"Dur\u00e9e de lecture estim\u00e9e\" \/>\n\t<meta name=\"twitter:data1\" content=\"3 minutes\" \/>\n<script type=\"application\/ld+json\" class=\"yoast-schema-graph\">{\"@context\":\"https:\/\/schema.org\",\"@graph\":[{\"@type\":\"WebPage\",\"@id\":\"https:\/\/archivehub.io\/fr\/adkmigrator-pro-pour-sap\/\",\"url\":\"https:\/\/archivehub.io\/fr\/adkmigrator-pro-pour-sap\/\",\"name\":\"ADKMigrator Pro pour SAP - ArchiveHub.io\",\"isPartOf\":{\"@id\":\"https:\/\/archivehub.io\/fr\/#website\"},\"primaryImageOfPage\":{\"@id\":\"https:\/\/archivehub.io\/fr\/adkmigrator-pro-pour-sap\/#primaryimage\"},\"image\":{\"@id\":\"https:\/\/archivehub.io\/fr\/adkmigrator-pro-pour-sap\/#primaryimage\"},\"thumbnailUrl\":\"https:\/\/archivehub.io\/wp-content\/uploads\/2023\/03\/adk_migration-1024x332.jpg\",\"datePublished\":\"2023-03-28T14:04:47+00:00\",\"dateModified\":\"2023-04-11T08:29:09+00:00\",\"description\":\"\\\"ADKMigrator Pro for SAP\\\" - L'outil utilitaire ultime pour une migration sans effort des pi\u00e8ces jointes ADK et des fichiers d'archives ILM ADK, d\u00e9sormais avec une int\u00e9gration dans le nuage.\",\"inLanguage\":\"fr-FR\",\"potentialAction\":[{\"@type\":\"ReadAction\",\"target\":[\"https:\/\/archivehub.io\/fr\/adkmigrator-pro-pour-sap\/\"]}]},{\"@type\":\"ImageObject\",\"inLanguage\":\"fr-FR\",\"@id\":\"https:\/\/archivehub.io\/fr\/adkmigrator-pro-pour-sap\/#primaryimage\",\"url\":\"https:\/\/archivehub.io\/wp-content\/uploads\/2023\/03\/adk_migration-1024x332.jpg\",\"contentUrl\":\"https:\/\/archivehub.io\/wp-content\/uploads\/2023\/03\/adk_migration-1024x332.jpg\"},{\"@type\":\"WebSite\",\"@id\":\"https:\/\/archivehub.io\/fr\/#website\",\"url\":\"https:\/\/archivehub.io\/fr\/\",\"name\":\"ArchiveHub.io\",\"description\":\"SAP Archived Data Reporting Made Easy\",\"publisher\":{\"@id\":\"https:\/\/archivehub.io\/fr\/#organization\"},\"potentialAction\":[{\"@type\":\"SearchAction\",\"target\":{\"@type\":\"EntryPoint\",\"urlTemplate\":\"https:\/\/archivehub.io\/fr\/?s={search_term_string}\"},\"query-input\":{\"@type\":\"PropertyValueSpecification\",\"valueRequired\":true,\"valueName\":\"search_term_string\"}}],\"inLanguage\":\"fr-FR\"},{\"@type\":\"Organization\",\"@id\":\"https:\/\/archivehub.io\/fr\/#organization\",\"name\":\"ArchiveHub.io\",\"url\":\"https:\/\/archivehub.io\/fr\/\",\"logo\":{\"@type\":\"ImageObject\",\"inLanguage\":\"fr-FR\",\"@id\":\"https:\/\/archivehub.io\/fr\/#\/schema\/logo\/image\/\",\"url\":\"https:\/\/archivehub.io\/wp-content\/uploads\/2023\/03\/350px.png\",\"contentUrl\":\"https:\/\/archivehub.io\/wp-content\/uploads\/2023\/03\/350px.png\",\"width\":351,\"height\":77,\"caption\":\"ArchiveHub.io\"},\"image\":{\"@id\":\"https:\/\/archivehub.io\/fr\/#\/schema\/logo\/image\/\"},\"sameAs\":[\"https:\/\/www.facebook.com\/people\/ArchiveHubio\/100091316926341\/\"]}]}<\/script>\n<!-- \/ Yoast SEO plugin. -->","yoast_head_json":{"title":"ADKMigrator Pro pour SAP - ArchiveHub.io","description":"\"ADKMigrator Pro for SAP\" - L'outil utilitaire ultime pour une migration sans effort des pi\u00e8ces jointes ADK et des fichiers d'archives ILM ADK, d\u00e9sormais avec une int\u00e9gration dans le nuage.","robots":{"index":"index","follow":"follow","max-snippet":"max-snippet:-1","max-image-preview":"max-image-preview:large","max-video-preview":"max-video-preview:-1"},"canonical":"https:\/\/archivehub.io\/fr\/adkmigrator-pro-pour-sap\/","og_locale":"fr_FR","og_type":"article","og_title":"ADKMigrator Pro pour SAP - ArchiveHub.io","og_description":"\"ADKMigrator Pro for SAP\" - L'outil utilitaire ultime pour une migration sans effort des pi\u00e8ces jointes ADK et des fichiers d'archives ILM ADK, d\u00e9sormais avec une int\u00e9gration dans le nuage.","og_url":"https:\/\/archivehub.io\/fr\/adkmigrator-pro-pour-sap\/","og_site_name":"ArchiveHub.io","article_publisher":"https:\/\/www.facebook.com\/people\/ArchiveHubio\/100091316926341\/","article_modified_time":"2023-04-11T08:29:09+00:00","og_image":[{"url":"https:\/\/archivehub.io\/wp-content\/uploads\/2023\/03\/adk_migration-1024x332.jpg","type":"","width":"","height":""}],"twitter_card":"summary_large_image","twitter_misc":{"Dur\u00e9e de lecture estim\u00e9e":"3 minutes"},"schema":{"@context":"https:\/\/schema.org","@graph":[{"@type":"WebPage","@id":"https:\/\/archivehub.io\/fr\/adkmigrator-pro-pour-sap\/","url":"https:\/\/archivehub.io\/fr\/adkmigrator-pro-pour-sap\/","name":"ADKMigrator Pro pour SAP - ArchiveHub.io","isPartOf":{"@id":"https:\/\/archivehub.io\/fr\/#website"},"primaryImageOfPage":{"@id":"https:\/\/archivehub.io\/fr\/adkmigrator-pro-pour-sap\/#primaryimage"},"image":{"@id":"https:\/\/archivehub.io\/fr\/adkmigrator-pro-pour-sap\/#primaryimage"},"thumbnailUrl":"https:\/\/archivehub.io\/wp-content\/uploads\/2023\/03\/adk_migration-1024x332.jpg","datePublished":"2023-03-28T14:04:47+00:00","dateModified":"2023-04-11T08:29:09+00:00","description":"\"ADKMigrator Pro for SAP\" - L'outil utilitaire ultime pour une migration sans effort des pi\u00e8ces jointes ADK et des fichiers d'archives ILM ADK, d\u00e9sormais avec une int\u00e9gration dans le nuage.","inLanguage":"fr-FR","potentialAction":[{"@type":"ReadAction","target":["https:\/\/archivehub.io\/fr\/adkmigrator-pro-pour-sap\/"]}]},{"@type":"ImageObject","inLanguage":"fr-FR","@id":"https:\/\/archivehub.io\/fr\/adkmigrator-pro-pour-sap\/#primaryimage","url":"https:\/\/archivehub.io\/wp-content\/uploads\/2023\/03\/adk_migration-1024x332.jpg","contentUrl":"https:\/\/archivehub.io\/wp-content\/uploads\/2023\/03\/adk_migration-1024x332.jpg"},{"@type":"WebSite","@id":"https:\/\/archivehub.io\/fr\/#website","url":"https:\/\/archivehub.io\/fr\/","name":"ArchiveHub.io","description":"SAP Archived Data Reporting Made Easy","publisher":{"@id":"https:\/\/archivehub.io\/fr\/#organization"},"potentialAction":[{"@type":"SearchAction","target":{"@type":"EntryPoint","urlTemplate":"https:\/\/archivehub.io\/fr\/?s={search_term_string}"},"query-input":{"@type":"PropertyValueSpecification","valueRequired":true,"valueName":"search_term_string"}}],"inLanguage":"fr-FR"},{"@type":"Organization","@id":"https:\/\/archivehub.io\/fr\/#organization","name":"ArchiveHub.io","url":"https:\/\/archivehub.io\/fr\/","logo":{"@type":"ImageObject","inLanguage":"fr-FR","@id":"https:\/\/archivehub.io\/fr\/#\/schema\/logo\/image\/","url":"https:\/\/archivehub.io\/wp-content\/uploads\/2023\/03\/350px.png","contentUrl":"https:\/\/archivehub.io\/wp-content\/uploads\/2023\/03\/350px.png","width":351,"height":77,"caption":"ArchiveHub.io"},"image":{"@id":"https:\/\/archivehub.io\/fr\/#\/schema\/logo\/image\/"},"sameAs":["https:\/\/www.facebook.com\/people\/ArchiveHubio\/100091316926341\/"]}]}},"_links":{"self":[{"href":"https:\/\/archivehub.io\/fr\/wp-json\/wp\/v2\/pages\/5425","targetHints":{"allow":["GET"]}}],"collection":[{"href":"https:\/\/archivehub.io\/fr\/wp-json\/wp\/v2\/pages"}],"about":[{"href":"https:\/\/archivehub.io\/fr\/wp-json\/wp\/v2\/types\/page"}],"author":[{"embeddable":true,"href":"https:\/\/archivehub.io\/fr\/wp-json\/wp\/v2\/users\/1"}],"replies":[{"embeddable":true,"href":"https:\/\/archivehub.io\/fr\/wp-json\/wp\/v2\/comments?post=5425"}],"version-history":[{"count":4,"href":"https:\/\/archivehub.io\/fr\/wp-json\/wp\/v2\/pages\/5425\/revisions"}],"predecessor-version":[{"id":5527,"href":"https:\/\/archivehub.io\/fr\/wp-json\/wp\/v2\/pages\/5425\/revisions\/5527"}],"wp:attachment":[{"href":"https:\/\/archivehub.io\/fr\/wp-json\/wp\/v2\/media?parent=5425"}],"curies":[{"name":"wp","href":"https:\/\/api.w.org\/{rel}","templated":true}]}}