{"id":5741,"date":"2023-04-13T09:59:12","date_gmt":"2023-04-13T09:59:12","guid":{"rendered":"https:\/\/archivehub.io\/ecc-archivierte-datenberichte-fuer-s-4hana\/"},"modified":"2023-04-13T14:02:03","modified_gmt":"2023-04-13T14:02:03","slug":"ecc-archivierte-datenberichte-fuer-s-4hana","status":"publish","type":"page","link":"https:\/\/archivehub.io\/de\/ecc-archivierte-datenberichte-fuer-s-4hana\/","title":{"rendered":"ECC archivierte Datenberichte f\u00fcr S\/4HANA"},"content":{"rendered":"\t\t<div data-elementor-type=\"wp-page\" data-elementor-id=\"5741\" class=\"elementor elementor-5741 elementor-5618\">\n\t\t\t\t\t\t<section class=\"elementor-section elementor-top-section elementor-element elementor-element-5ab9d7b elementor-section-boxed elementor-section-height-default elementor-section-height-default\" data-id=\"5ab9d7b\" data-element_type=\"section\">\n\t\t\t\t\t\t<div class=\"elementor-container elementor-column-gap-default\">\n\t\t\t\t\t<div class=\"elementor-column elementor-col-100 elementor-top-column elementor-element elementor-element-1be50b2\" data-id=\"1be50b2\" data-element_type=\"column\">\n\t\t\t<div class=\"elementor-widget-wrap elementor-element-populated\">\n\t\t\t\t\t\t<div class=\"elementor-element elementor-element-760a90b elementor-widget elementor-widget-heading\" data-id=\"760a90b\" data-element_type=\"widget\" data-widget_type=\"heading.default\">\n\t\t\t\t<div class=\"elementor-widget-container\">\n\t\t\t\t\t<h2 class=\"elementor-heading-title elementor-size-default\">Die entscheidende Rolle der Datenarchivierung vor der S\/4HANA-Migration<\/h2>\t\t\t\t<\/div>\n\t\t\t\t<\/div>\n\t\t\t\t\t<\/div>\n\t\t<\/div>\n\t\t\t\t\t<\/div>\n\t\t<\/section>\n\t\t\t\t<section class=\"elementor-section elementor-top-section elementor-element elementor-element-ff58407 elementor-section-boxed elementor-section-height-default elementor-section-height-default\" data-id=\"ff58407\" data-element_type=\"section\">\n\t\t\t\t\t\t<div class=\"elementor-container elementor-column-gap-default\">\n\t\t\t\t\t<div class=\"elementor-column elementor-col-50 elementor-top-column elementor-element elementor-element-36af06a\" data-id=\"36af06a\" data-element_type=\"column\">\n\t\t\t<div class=\"elementor-widget-wrap elementor-element-populated\">\n\t\t\t\t\t\t<div class=\"elementor-element elementor-element-32ba8f6 elementor-widget elementor-widget-image\" data-id=\"32ba8f6\" data-element_type=\"widget\" data-widget_type=\"image.default\">\n\t\t\t\t<div class=\"elementor-widget-container\">\n\t\t\t\t\t\t\t\t\t\t\t\t\t\t\t<img fetchpriority=\"high\" decoding=\"async\" width=\"530\" height=\"350\" src=\"https:\/\/archivehub.io\/wp-content\/uploads\/2023\/04\/ecc_s4hana.png\" class=\"attachment-large size-large wp-image-5625\" alt=\"\" srcset=\"https:\/\/archivehub.io\/wp-content\/uploads\/2023\/04\/ecc_s4hana.png 530w, https:\/\/archivehub.io\/wp-content\/uploads\/2023\/04\/ecc_s4hana-300x198.png 300w\" sizes=\"(max-width: 530px) 100vw, 530px\" \/>\t\t\t\t\t\t\t\t\t\t\t\t\t\t\t<\/div>\n\t\t\t\t<\/div>\n\t\t\t\t\t<\/div>\n\t\t<\/div>\n\t\t\t\t<div class=\"elementor-column elementor-col-50 elementor-top-column elementor-element elementor-element-f46a963\" data-id=\"f46a963\" data-element_type=\"column\">\n\t\t\t<div class=\"elementor-widget-wrap elementor-element-populated\">\n\t\t\t\t\t\t<div class=\"elementor-element elementor-element-e83b4b2 elementor-widget elementor-widget-text-editor\" data-id=\"e83b4b2\" data-element_type=\"widget\" data-widget_type=\"text-editor.default\">\n\t\t\t\t<div class=\"elementor-widget-container\">\n\t\t\t\t\t\t\t\t\t<p>SAP S\/4HANA basiert auf der hochmodernen In-Memory-Datenbankplattform HANA, die dank ihrer spaltenf\u00f6rmigen Datenbankstruktur f\u00fcr die m\u00fchelose Verarbeitung von Terabytes an Daten ausgelegt ist. Eine wichtige \u00dcberlegung f\u00fcr den zuk\u00fcnftigen Betrieb von S\/4HANA ist jedoch die betr\u00e4chtliche Menge an RAM, die zum Ausf\u00fchren der In-Memory-Datenbank erforderlich ist. Diese Art von Datenbank ist etwa f\u00fcnfmal teurer als herk\u00f6mmliche Datenbanken, da die Lizenzkosten volumenabh\u00e4ngig sind.<\/p>\n\t\t\t\t\t\t\t\t<\/div>\n\t\t\t\t<\/div>\n\t\t\t\t\t<\/div>\n\t\t<\/div>\n\t\t\t\t\t<\/div>\n\t\t<\/section>\n\t\t\t\t<section class=\"elementor-section elementor-top-section elementor-element elementor-element-c8c8c10 elementor-section-boxed elementor-section-height-default elementor-section-height-default\" data-id=\"c8c8c10\" data-element_type=\"section\">\n\t\t\t\t\t\t<div class=\"elementor-container elementor-column-gap-default\">\n\t\t\t\t\t<div class=\"elementor-column elementor-col-100 elementor-top-column elementor-element elementor-element-1cf6d0b\" data-id=\"1cf6d0b\" data-element_type=\"column\">\n\t\t\t<div class=\"elementor-widget-wrap elementor-element-populated\">\n\t\t\t\t\t\t<div class=\"elementor-element elementor-element-3fa9425 elementor-widget elementor-widget-text-editor\" data-id=\"3fa9425\" data-element_type=\"widget\" data-widget_type=\"text-editor.default\">\n\t\t\t\t<div class=\"elementor-widget-container\">\n\t\t\t\t\t\t\t\t\tDie Durchf\u00fchrung der SAP-Datenarchivierung vor der Migration zu S\/4HANA ist entscheidend, um explodierende Betriebskosten im Zusammenhang mit dem Betrieb der fortschrittlichen ERP-Suite zu vermeiden. W\u00e4hrend Sie m\u00f6glicherweise Zugriff auf riesige Datenmengen ben\u00f6tigen, ist es unn\u00f6tig, sie alle in der HANA-Datenbank des Produktionssystems zu speichern. Die Datenarchivierung hilft bei der Kostenkontrolle, und Unternehmen sollten sie priorisieren, bevor sie zu S\/4HANA wechseln. Dar\u00fcber hinaus kann die Archivierung von Daten den Zeitrahmen f\u00fcr die eigentliche Umstellung des SAP S\/4HANA-Systems erheblich verk\u00fcrzen und den Migrationsprozess rationalisieren.\n\nAber hier sind die aktuellen Einschr\u00e4nkungen:\n<ul>\n \t<li>Fiori-Apps, die \u00fcber oDATA-Dienste auf S\/4HANA-Daten zugreifen, rufen keine archivierten Daten ab, da Standard-oDATA-Dienste nicht f\u00fcr die Auswahl archivierter Daten konfiguriert sind.<\/li>\n \t<br><li>Analysis for Office-Berichte zeigen auch nicht automatisch archivierte Daten aus S\/4HANA an.<\/li>\n \t<br><li>Bei der Erstellung von Berichten auf Basis der ACDOCA-Tabelle m\u00fcssen unbedingt der Belegstatus und die Gesamtsaldozeilen ber\u00fccksichtigt werden, die w\u00e4hrend des Archivierungsprozesses generiert werden.<\/li>\n \t<br><li>In einer zentralen Finanzarchitektur, in der ein oder mehrere Quellsysteme mit einem zentralen Finanzsystem verbunden sind, ber\u00fccksichtigen standardm\u00e4\u00dfige Abstimmungsberichte die archivierten Daten nicht.<\/li>\n<\/ul>\nAlle Einschr\u00e4nkungen werden mit ECC-archiviertem Data Reporting f\u00fcr S\/4HANA \u00fcberwunden\t\t\t\t\t\t\t\t<\/div>\n\t\t\t\t<\/div>\n\t\t\t\t\t<\/div>\n\t\t<\/div>\n\t\t\t\t\t<\/div>\n\t\t<\/section>\n\t\t\t\t<\/div>\n\t\t","protected":false},"excerpt":{"rendered":"<p>Die entscheidende Rolle der Datenarchivierung vor der S\/4HANA-Migration SAP S\/4HANA basiert auf der hochmodernen In-Memory-Datenbankplattform HANA, die dank ihrer spaltenf\u00f6rmigen Datenbankstruktur f\u00fcr die m\u00fchelose Verarbeitung von Terabytes an Daten ausgelegt ist. Eine wichtige \u00dcberlegung f\u00fcr den zuk\u00fcnftigen Betrieb von S\/4HANA ist jedoch die betr\u00e4chtliche Menge an RAM, die zum Ausf\u00fchren der In-Memory-Datenbank erforderlich ist. Diese [&hellip;]<\/p>\n","protected":false},"author":2,"featured_media":0,"parent":0,"menu_order":0,"comment_status":"closed","ping_status":"closed","template":"","meta":{"om_disable_all_campaigns":false,"_monsterinsights_skip_tracking":false,"_monsterinsights_sitenote_active":false,"_monsterinsights_sitenote_note":"","_monsterinsights_sitenote_category":0,"footnotes":""},"class_list":["post-5741","page","type-page","status-publish","hentry"],"aioseo_notices":[],"yoast_head":"<!-- This site is optimized with the Yoast SEO plugin v25.0 - https:\/\/yoast.com\/wordpress\/plugins\/seo\/ -->\n<title>ECC archivierte Datenberichte f\u00fcr S\/4HANA - ArchiveHub.io<\/title>\n<meta name=\"description\" content=\"Entdecken Sie die Vorteile der Datenarchivierungsl\u00f6sung von ArchiveHub, die entwickelt wurde, um die Herausforderungen der SAP S\/4HANA-Migration zu bew\u00e4ltigen, indem sie einen optimierten Zugriff auf wichtige archivierte ECC-Daten und Kostenoptimierung gew\u00e4hrleistet\" \/>\n<meta name=\"robots\" content=\"index, follow, max-snippet:-1, max-image-preview:large, max-video-preview:-1\" \/>\n<link rel=\"canonical\" href=\"https:\/\/archivehub.io\/de\/ecc-archivierte-datenberichte-fuer-s-4hana\/\" \/>\n<meta property=\"og:locale\" content=\"de_DE\" \/>\n<meta property=\"og:type\" content=\"article\" \/>\n<meta property=\"og:title\" content=\"ECC archivierte Datenberichte f\u00fcr S\/4HANA - ArchiveHub.io\" \/>\n<meta property=\"og:description\" content=\"Entdecken Sie die Vorteile der Datenarchivierungsl\u00f6sung von ArchiveHub, die entwickelt wurde, um die Herausforderungen der SAP S\/4HANA-Migration zu bew\u00e4ltigen, indem sie einen optimierten Zugriff auf wichtige archivierte ECC-Daten und Kostenoptimierung gew\u00e4hrleistet\" \/>\n<meta property=\"og:url\" content=\"https:\/\/archivehub.io\/de\/ecc-archivierte-datenberichte-fuer-s-4hana\/\" \/>\n<meta property=\"og:site_name\" content=\"ArchiveHub.io\" \/>\n<meta property=\"article:publisher\" content=\"https:\/\/www.facebook.com\/people\/ArchiveHubio\/100091316926341\/\" \/>\n<meta property=\"article:modified_time\" content=\"2023-04-13T14:02:03+00:00\" \/>\n<meta property=\"og:image\" content=\"https:\/\/archivehub.io\/wp-content\/uploads\/2023\/04\/ecc_s4hana.png\" \/>\n<meta name=\"twitter:card\" content=\"summary_large_image\" \/>\n<meta name=\"twitter:label1\" content=\"Gesch\u00e4tzte Lesezeit\" \/>\n\t<meta name=\"twitter:data1\" content=\"1\u00a0Minute\" \/>\n<script type=\"application\/ld+json\" class=\"yoast-schema-graph\">{\"@context\":\"https:\/\/schema.org\",\"@graph\":[{\"@type\":\"WebPage\",\"@id\":\"https:\/\/archivehub.io\/de\/ecc-archivierte-datenberichte-fuer-s-4hana\/\",\"url\":\"https:\/\/archivehub.io\/de\/ecc-archivierte-datenberichte-fuer-s-4hana\/\",\"name\":\"ECC archivierte Datenberichte f\u00fcr S\/4HANA - ArchiveHub.io\",\"isPartOf\":{\"@id\":\"https:\/\/archivehub.io\/de\/#website\"},\"primaryImageOfPage\":{\"@id\":\"https:\/\/archivehub.io\/de\/ecc-archivierte-datenberichte-fuer-s-4hana\/#primaryimage\"},\"image\":{\"@id\":\"https:\/\/archivehub.io\/de\/ecc-archivierte-datenberichte-fuer-s-4hana\/#primaryimage\"},\"thumbnailUrl\":\"https:\/\/archivehub.io\/wp-content\/uploads\/2023\/04\/ecc_s4hana.png\",\"datePublished\":\"2023-04-13T09:59:12+00:00\",\"dateModified\":\"2023-04-13T14:02:03+00:00\",\"description\":\"Entdecken Sie die Vorteile der Datenarchivierungsl\u00f6sung von ArchiveHub, die entwickelt wurde, um die Herausforderungen der SAP S\/4HANA-Migration zu bew\u00e4ltigen, indem sie einen optimierten Zugriff auf wichtige archivierte ECC-Daten und Kostenoptimierung gew\u00e4hrleistet\",\"inLanguage\":\"de\",\"potentialAction\":[{\"@type\":\"ReadAction\",\"target\":[\"https:\/\/archivehub.io\/de\/ecc-archivierte-datenberichte-fuer-s-4hana\/\"]}]},{\"@type\":\"ImageObject\",\"inLanguage\":\"de\",\"@id\":\"https:\/\/archivehub.io\/de\/ecc-archivierte-datenberichte-fuer-s-4hana\/#primaryimage\",\"url\":\"https:\/\/archivehub.io\/wp-content\/uploads\/2023\/04\/ecc_s4hana.png\",\"contentUrl\":\"https:\/\/archivehub.io\/wp-content\/uploads\/2023\/04\/ecc_s4hana.png\"},{\"@type\":\"WebSite\",\"@id\":\"https:\/\/archivehub.io\/de\/#website\",\"url\":\"https:\/\/archivehub.io\/de\/\",\"name\":\"ArchiveHub.io\",\"description\":\"SAP Archived Data Reporting Made Easy\",\"publisher\":{\"@id\":\"https:\/\/archivehub.io\/de\/#organization\"},\"potentialAction\":[{\"@type\":\"SearchAction\",\"target\":{\"@type\":\"EntryPoint\",\"urlTemplate\":\"https:\/\/archivehub.io\/de\/?s={search_term_string}\"},\"query-input\":{\"@type\":\"PropertyValueSpecification\",\"valueRequired\":true,\"valueName\":\"search_term_string\"}}],\"inLanguage\":\"de\"},{\"@type\":\"Organization\",\"@id\":\"https:\/\/archivehub.io\/de\/#organization\",\"name\":\"ArchiveHub.io\",\"url\":\"https:\/\/archivehub.io\/de\/\",\"logo\":{\"@type\":\"ImageObject\",\"inLanguage\":\"de\",\"@id\":\"https:\/\/archivehub.io\/de\/#\/schema\/logo\/image\/\",\"url\":\"https:\/\/archivehub.io\/wp-content\/uploads\/2023\/03\/350px.png\",\"contentUrl\":\"https:\/\/archivehub.io\/wp-content\/uploads\/2023\/03\/350px.png\",\"width\":351,\"height\":77,\"caption\":\"ArchiveHub.io\"},\"image\":{\"@id\":\"https:\/\/archivehub.io\/de\/#\/schema\/logo\/image\/\"},\"sameAs\":[\"https:\/\/www.facebook.com\/people\/ArchiveHubio\/100091316926341\/\"]}]}<\/script>\n<!-- \/ Yoast SEO plugin. -->","yoast_head_json":{"title":"ECC archivierte Datenberichte f\u00fcr S\/4HANA - ArchiveHub.io","description":"Entdecken Sie die Vorteile der Datenarchivierungsl\u00f6sung von ArchiveHub, die entwickelt wurde, um die Herausforderungen der SAP S\/4HANA-Migration zu bew\u00e4ltigen, indem sie einen optimierten Zugriff auf wichtige archivierte ECC-Daten und Kostenoptimierung gew\u00e4hrleistet","robots":{"index":"index","follow":"follow","max-snippet":"max-snippet:-1","max-image-preview":"max-image-preview:large","max-video-preview":"max-video-preview:-1"},"canonical":"https:\/\/archivehub.io\/de\/ecc-archivierte-datenberichte-fuer-s-4hana\/","og_locale":"de_DE","og_type":"article","og_title":"ECC archivierte Datenberichte f\u00fcr S\/4HANA - ArchiveHub.io","og_description":"Entdecken Sie die Vorteile der Datenarchivierungsl\u00f6sung von ArchiveHub, die entwickelt wurde, um die Herausforderungen der SAP S\/4HANA-Migration zu bew\u00e4ltigen, indem sie einen optimierten Zugriff auf wichtige archivierte ECC-Daten und Kostenoptimierung gew\u00e4hrleistet","og_url":"https:\/\/archivehub.io\/de\/ecc-archivierte-datenberichte-fuer-s-4hana\/","og_site_name":"ArchiveHub.io","article_publisher":"https:\/\/www.facebook.com\/people\/ArchiveHubio\/100091316926341\/","article_modified_time":"2023-04-13T14:02:03+00:00","og_image":[{"url":"https:\/\/archivehub.io\/wp-content\/uploads\/2023\/04\/ecc_s4hana.png","type":"","width":"","height":""}],"twitter_card":"summary_large_image","twitter_misc":{"Gesch\u00e4tzte Lesezeit":"1\u00a0Minute"},"schema":{"@context":"https:\/\/schema.org","@graph":[{"@type":"WebPage","@id":"https:\/\/archivehub.io\/de\/ecc-archivierte-datenberichte-fuer-s-4hana\/","url":"https:\/\/archivehub.io\/de\/ecc-archivierte-datenberichte-fuer-s-4hana\/","name":"ECC archivierte Datenberichte f\u00fcr S\/4HANA - ArchiveHub.io","isPartOf":{"@id":"https:\/\/archivehub.io\/de\/#website"},"primaryImageOfPage":{"@id":"https:\/\/archivehub.io\/de\/ecc-archivierte-datenberichte-fuer-s-4hana\/#primaryimage"},"image":{"@id":"https:\/\/archivehub.io\/de\/ecc-archivierte-datenberichte-fuer-s-4hana\/#primaryimage"},"thumbnailUrl":"https:\/\/archivehub.io\/wp-content\/uploads\/2023\/04\/ecc_s4hana.png","datePublished":"2023-04-13T09:59:12+00:00","dateModified":"2023-04-13T14:02:03+00:00","description":"Entdecken Sie die Vorteile der Datenarchivierungsl\u00f6sung von ArchiveHub, die entwickelt wurde, um die Herausforderungen der SAP S\/4HANA-Migration zu bew\u00e4ltigen, indem sie einen optimierten Zugriff auf wichtige archivierte ECC-Daten und Kostenoptimierung gew\u00e4hrleistet","inLanguage":"de","potentialAction":[{"@type":"ReadAction","target":["https:\/\/archivehub.io\/de\/ecc-archivierte-datenberichte-fuer-s-4hana\/"]}]},{"@type":"ImageObject","inLanguage":"de","@id":"https:\/\/archivehub.io\/de\/ecc-archivierte-datenberichte-fuer-s-4hana\/#primaryimage","url":"https:\/\/archivehub.io\/wp-content\/uploads\/2023\/04\/ecc_s4hana.png","contentUrl":"https:\/\/archivehub.io\/wp-content\/uploads\/2023\/04\/ecc_s4hana.png"},{"@type":"WebSite","@id":"https:\/\/archivehub.io\/de\/#website","url":"https:\/\/archivehub.io\/de\/","name":"ArchiveHub.io","description":"SAP Archived Data Reporting Made Easy","publisher":{"@id":"https:\/\/archivehub.io\/de\/#organization"},"potentialAction":[{"@type":"SearchAction","target":{"@type":"EntryPoint","urlTemplate":"https:\/\/archivehub.io\/de\/?s={search_term_string}"},"query-input":{"@type":"PropertyValueSpecification","valueRequired":true,"valueName":"search_term_string"}}],"inLanguage":"de"},{"@type":"Organization","@id":"https:\/\/archivehub.io\/de\/#organization","name":"ArchiveHub.io","url":"https:\/\/archivehub.io\/de\/","logo":{"@type":"ImageObject","inLanguage":"de","@id":"https:\/\/archivehub.io\/de\/#\/schema\/logo\/image\/","url":"https:\/\/archivehub.io\/wp-content\/uploads\/2023\/03\/350px.png","contentUrl":"https:\/\/archivehub.io\/wp-content\/uploads\/2023\/03\/350px.png","width":351,"height":77,"caption":"ArchiveHub.io"},"image":{"@id":"https:\/\/archivehub.io\/de\/#\/schema\/logo\/image\/"},"sameAs":["https:\/\/www.facebook.com\/people\/ArchiveHubio\/100091316926341\/"]}]}},"_links":{"self":[{"href":"https:\/\/archivehub.io\/de\/wp-json\/wp\/v2\/pages\/5741","targetHints":{"allow":["GET"]}}],"collection":[{"href":"https:\/\/archivehub.io\/de\/wp-json\/wp\/v2\/pages"}],"about":[{"href":"https:\/\/archivehub.io\/de\/wp-json\/wp\/v2\/types\/page"}],"author":[{"embeddable":true,"href":"https:\/\/archivehub.io\/de\/wp-json\/wp\/v2\/users\/2"}],"replies":[{"embeddable":true,"href":"https:\/\/archivehub.io\/de\/wp-json\/wp\/v2\/comments?post=5741"}],"version-history":[{"count":1,"href":"https:\/\/archivehub.io\/de\/wp-json\/wp\/v2\/pages\/5741\/revisions"}],"predecessor-version":[{"id":5742,"href":"https:\/\/archivehub.io\/de\/wp-json\/wp\/v2\/pages\/5741\/revisions\/5742"}],"wp:attachment":[{"href":"https:\/\/archivehub.io\/de\/wp-json\/wp\/v2\/media?parent=5741"}],"curies":[{"name":"wp","href":"https:\/\/api.w.org\/{rel}","templated":true}]}}