{"id":4855,"date":"2023-03-25T22:22:12","date_gmt":"2023-03-25T22:22:12","guid":{"rendered":"https:\/\/archivehub.io\/partners\/werden-sie-unabhaengiger-berater\/"},"modified":"2023-04-09T08:10:31","modified_gmt":"2023-04-09T08:10:31","slug":"werden-sie-unabhaengiger-berater","status":"publish","type":"page","link":"https:\/\/archivehub.io\/de\/partners\/werden-sie-unabhaengiger-berater\/","title":{"rendered":"Werden Sie unabh\u00e4ngiger Berater"},"content":{"rendered":"\t\t<div data-elementor-type=\"wp-page\" data-elementor-id=\"4855\" class=\"elementor elementor-4855 elementor-3001\">\n\t\t\t\t\t\t<section class=\"elementor-section elementor-top-section elementor-element elementor-element-cb147ed elementor-section-boxed elementor-section-height-default elementor-section-height-default\" data-id=\"cb147ed\" data-element_type=\"section\">\n\t\t\t\t\t\t<div class=\"elementor-container elementor-column-gap-default\">\n\t\t\t\t\t<div class=\"elementor-column elementor-col-100 elementor-top-column elementor-element elementor-element-fa6c55e\" data-id=\"fa6c55e\" data-element_type=\"column\">\n\t\t\t<div class=\"elementor-widget-wrap elementor-element-populated\">\n\t\t\t\t\t\t<div class=\"elementor-element elementor-element-88bcc08 elementor-widget elementor-widget-text-editor\" data-id=\"88bcc08\" data-element_type=\"widget\" data-widget_type=\"text-editor.default\">\n\t\t\t\t<div class=\"elementor-widget-container\">\n\t\t\t\t\t\t\t\t\t<p>Vielen Dank f\u00fcr Ihr Interesse an der Teilnahme am ArchiveHub Independent Consultant Program.<\/p>\n<p>Bitte f\u00fcllen Sie das unten stehende Antragsformular aus und senden Sie es ab. Bitte beachten Sie, dass ein Berater kein Mitarbeiter des Endkunden sein darf. Der Berater muss wirklich daran interessiert sein, die Archivierungsherausforderungen des Kunden zu l\u00f6sen, und findet, dass ArchiveHub-L\u00f6sungen f\u00fcr seinen Kunden geeignet sind. Dieser Antrag wird gepr\u00fcft und Sie werden von einem Berater\/Partnermanager benachrichtigt, ob Ihr Antrag weiter ber\u00fccksichtigt wird.<\/p>\n\t\t\t\t\t\t\t\t<\/div>\n\t\t\t\t<\/div>\n\t\t\t\t\t<\/div>\n\t\t<\/div>\n\t\t\t\t\t<\/div>\n\t\t<\/section>\n\t\t\t\t<section class=\"elementor-section elementor-top-section elementor-element elementor-element-101538d elementor-section-boxed elementor-section-height-default elementor-section-height-default\" data-id=\"101538d\" data-element_type=\"section\">\n\t\t\t\t\t\t<div class=\"elementor-container elementor-column-gap-default\">\n\t\t\t\t\t<div class=\"elementor-column elementor-col-100 elementor-top-column elementor-element elementor-element-161781b\" data-id=\"161781b\" data-element_type=\"column\">\n\t\t\t<div class=\"elementor-widget-wrap elementor-element-populated\">\n\t\t\t\t\t\t<div class=\"elementor-element elementor-element-41fa61c elementor-widget elementor-widget-formidable\" data-id=\"41fa61c\" data-element_type=\"widget\" data-widget_type=\"formidable.default\">\n\t\t\t\t<div class=\"elementor-widget-container\">\n\t\t\t\t\t<div class=\"frm_forms  with_frm_style frm_style_formidable-style\" id=\"frm_form_4_container\" data-token=\"6a3a64b560ee6c8147b9006171728e51\">\n<form enctype=\"multipart\/form-data\" method=\"post\" class=\"frm-show-form  frm_pro_form \" id=\"form_becomeanindependentconsulant\" data-token=\"6a3a64b560ee6c8147b9006171728e51\">\n<div class=\"frm_form_fields \">\n<fieldset>\n<legend class=\"frm_screen_reader\">Become an Independent Consulant<\/legend>\r\n\r\n<div class=\"frm_fields_container\">\n<input type=\"hidden\" name=\"frm_action\" value=\"create\" \/>\n<input type=\"hidden\" name=\"form_id\" value=\"4\" \/>\n<input type=\"hidden\" name=\"frm_hide_fields_4\" id=\"frm_hide_fields_4\" value=\"\" \/>\n<input type=\"hidden\" name=\"form_key\" value=\"becomeanindependentconsulant\" \/>\n<input type=\"hidden\" name=\"item_meta[0]\" value=\"\" \/>\n<input type=\"hidden\" id=\"frm_submit_entry_4\" name=\"frm_submit_entry_4\" value=\"ac3b846e92\" \/><input type=\"hidden\" name=\"_wp_http_referer\" value=\"\/de\/wp-json\/wp\/v2\/pages\/4855\" \/><div id=\"frm_field_64_container\" class=\"frm_form_field form-field  frm_required_field frm_top_container\">\r\n    <div  id=\"field_tlaw3_label\" class=\"frm_primary_label\">Name\r\n        <span class=\"frm_required\" aria-hidden=\"true\">*<\/span>\r\n    <\/div>\r\n    <fieldset aria-labelledby=\"field_tlaw3_label\">\n\t<legend class=\"frm_screen_reader frm_hidden\">\n\t\tName\t<\/legend>\n\n\t<div  class=\"frm_combo_inputs_container\" id=\"frm_combo_inputs_container_64\" data-name-layout=\"first_last\">\n\t\t\t\t\t<div\n\t\t\t\tid=\"frm_field_64-first_container\"\n\t\t\t\tclass=\"frm_form_field form-field frm_form_subfield-first  frm6\"\n\t\t\t\tdata-sub-field-name=\"first\"\n\t\t\t>\n\t\t\t\t<label for=\"field_tlaw3_first\" class=\"frm_screen_reader frm_hidden\">\n\t\t\t\t\tFirst\t\t\t\t<\/label>\n\n\t\t\t\t\t\t\t\t\t\t<input\n\t\t\t\t\t\t\ttype=\"text\"\n\t\t\t\t\t\t\tid=\"field_tlaw3_first\"\n\t\t\t\t\t\t\tvalue=\"\"\n\t\t\t\t\t\t\tname=\"item_meta[64][first]\"  data-reqmsg=\"Name cannot be blank.\" aria-required=\"true\" data-invmsg=\"Name ist ung\u00fcltig\" aria-invalid=\"false\"  \t\t\t\t\t\t\/>\n\t\t\t\t\t\t<div class=\"frm_description\" id=\"frm_field_64_first_desc\">First<\/div>\t\t\t<\/div>\n\t\t\t\t\t\t<div\n\t\t\t\tid=\"frm_field_64-last_container\"\n\t\t\t\tclass=\"frm_form_field form-field frm_form_subfield-last  frm6\"\n\t\t\t\tdata-sub-field-name=\"last\"\n\t\t\t>\n\t\t\t\t<label for=\"field_tlaw3_last\" class=\"frm_screen_reader frm_hidden\">\n\t\t\t\t\tLast\t\t\t\t<\/label>\n\n\t\t\t\t\t\t\t\t\t\t<input\n\t\t\t\t\t\t\ttype=\"text\"\n\t\t\t\t\t\t\tid=\"field_tlaw3_last\"\n\t\t\t\t\t\t\tvalue=\"\"\n\t\t\t\t\t\t\tname=\"item_meta[64][last]\"  data-reqmsg=\"Name cannot be blank.\" aria-required=\"true\" data-invmsg=\"Name ist ung\u00fcltig\" aria-invalid=\"false\"  \t\t\t\t\t\t\/>\n\t\t\t\t\t\t<div class=\"frm_description\" id=\"frm_field_64_last_desc\">Last<\/div>\t\t\t<\/div>\n\t\t\t\t<\/div>\n<\/fieldset>\n\r\n    \r\n    \r\n<\/div>\n<div id=\"frm_field_68_container\" class=\"frm_form_field form-field  frm_required_field frm_top_container frm12 frm_first\">\r\n    <label for=\"field_mous7\" id=\"field_mous7_label\" class=\"frm_primary_label\">LinkedIn Profile URL\r\n        <span class=\"frm_required\" aria-hidden=\"true\">*<\/span>\r\n    <\/label>\r\n    <input type=\"url\" id=\"field_mous7\" name=\"item_meta[68]\" value=\"\"  data-reqmsg=\"LinkedIn Profile URL cannot be blank.\" aria-required=\"true\" data-invmsg=\"Website\/URL is invalid\" aria-invalid=\"false\"  \/>\r\n    \r\n    \r\n<\/div>\n<div id=\"frm_field_65_container\" class=\"frm_form_field form-field  frm_required_field frm_top_container frm6 frm_first\">\r\n    <label for=\"field_uk1l3\" id=\"field_uk1l3_label\" class=\"frm_primary_label\">Email\r\n        <span class=\"frm_required\" aria-hidden=\"true\">*<\/span>\r\n    <\/label>\r\n    <input type=\"email\" id=\"field_uk1l3\" name=\"item_meta[65]\" value=\"\"  data-reqmsg=\"Email cannot be blank.\" aria-required=\"true\" data-invmsg=\"Email is invalid\" aria-invalid=\"false\"  \/>\r\n    \r\n    \r\n<\/div>\n<div id=\"frm_field_99_container\" class=\"frm_form_field form-field  frm_required_field frm_top_container frm6\">\r\n    <label for=\"field_co4h8\" id=\"field_co4h8_label\" class=\"frm_primary_label\">Phone Number\r\n        <span class=\"frm_required\" aria-hidden=\"true\">*<\/span>\r\n    <\/label>\r\n    <input  type=\"text\" id=\"field_co4h8\" name=\"item_meta[99]\" value=\"\"  data-reqmsg=\"Phone Number cannot be blank.\" aria-required=\"true\" data-invmsg=\"Text is invalid\" aria-invalid=\"false\"   \/>\r\n    \r\n    \r\n<\/div>\n<div id=\"frm_field_69_container\" class=\"frm_form_field form-field  frm_top_container frm6 frm_first\">\r\n    <label for=\"field_8fgtc\" id=\"field_8fgtc_label\" class=\"frm_primary_label\">Independent Company Name\r\n        <span class=\"frm_required\" aria-hidden=\"true\"><\/span>\r\n    <\/label>\r\n    <input  type=\"text\" id=\"field_8fgtc\" name=\"item_meta[69]\" value=\"\"  data-invmsg=\"Text is invalid\" aria-invalid=\"false\"   \/>\r\n    \r\n    \r\n<\/div>\n<div id=\"frm_field_70_container\" class=\"frm_form_field form-field  frm_top_container frm6\">\r\n    <label for=\"field_ewg8r\" id=\"field_ewg8r_label\" class=\"frm_primary_label\">Website\r\n        <span class=\"frm_required\" aria-hidden=\"true\"><\/span>\r\n    <\/label>\r\n    <input  type=\"text\" id=\"field_ewg8r\" name=\"item_meta[70]\" value=\"\"  data-invmsg=\"Text is invalid\" aria-invalid=\"false\"   \/>\r\n    \r\n    \r\n<\/div>\n<div id=\"frm_field_71_container\" class=\"frm_form_field form-field  frm_required_field frm_top_container frm6 frm_first\">\r\n    <label for=\"field_5p5nw\" id=\"field_5p5nw_label\" class=\"frm_primary_label\">City\r\n        <span class=\"frm_required\" aria-hidden=\"true\">*<\/span>\r\n    <\/label>\r\n    <input  type=\"text\" id=\"field_5p5nw\" name=\"item_meta[71]\" value=\"\"  data-reqmsg=\"City cannot be blank.\" aria-required=\"true\" data-invmsg=\"Text is invalid\" aria-invalid=\"false\"   \/>\r\n    \r\n    \r\n<\/div>\n<div id=\"frm_field_72_container\" class=\"frm_form_field form-field  frm_required_field frm_top_container frm6\">\r\n    <label for=\"field_9tsx6\" id=\"field_9tsx6_label\" class=\"frm_primary_label\">Country\r\n        <span class=\"frm_required\" aria-hidden=\"true\">*<\/span>\r\n    <\/label>\r\n    <input  type=\"text\" id=\"field_9tsx6\" name=\"item_meta[72]\" value=\"\"  data-reqmsg=\"Country cannot be blank.\" aria-required=\"true\" data-invmsg=\"Text is invalid\" aria-invalid=\"false\"   \/>\r\n    \r\n    \r\n<\/div>\n<div id=\"frm_field_74_container\" class=\"frm_form_field form-field  frm_required_field frm_top_container frm12 frm_first\">\r\n    <label for=\"field_ev4iu\" id=\"field_ev4iu_label\" class=\"frm_primary_label\">SAP Expertise\/Skills\r\n        <span class=\"frm_required\" aria-hidden=\"true\">*<\/span>\r\n    <\/label>\r\n    <textarea name=\"item_meta[74]\" id=\"field_ev4iu\" rows=\"5\"  data-reqmsg=\"SAP Expertise\/Skills cannot be blank.\" aria-required=\"true\" data-invmsg=\"SAP Expertise\/Skills is invalid\" aria-invalid=\"false\"  ><\/textarea>\r\n    \r\n    \r\n<\/div>\n<div id=\"frm_field_96_container\" class=\"frm_form_field form-field  frm_none_container frm12 frm_first\">\r\n    <label for=\"h-captcha-response\" id=\"field_nuvb1_label\" class=\"frm_primary_label\">Captcha\r\n        <span class=\"frm_required\" aria-hidden=\"true\"><\/span>\r\n    <\/label>\r\n    <div  id=\"field_nuvb1\" class=\"h-captcha\" data-sitekey=\"03174ff0-3985-46c6-be28-f44a181bf015\" data-size=\"normal\" data-theme=\"light\"><\/div>\r\n    \r\n    \r\n<\/div>\n\t<input type=\"hidden\" name=\"item_key\" value=\"\" \/>\n\t\t\t\t<div class=\"frm__681305af9d1d6\">\n\t\t\t\t<label for=\"frm_email_4\" >\n\t\t\t\t\tFalls Du menschlich bist, lasse dieses Feld leer.\t\t\t\t<\/label>\n\t\t\t\t<input  id=\"frm_email_4\" type=\"text\" class=\"frm_verify\" name=\"frm__681305af9d1d6\" value=\"\" autocomplete=\"off\"  \/>\n\t\t\t<\/div>\n\t\t<input name=\"frm_state\" type=\"hidden\" value=\"hOkFpaYGR1onkFKe7EctNGaFOu6WujMneXd\/U4RkBXY=\" \/><div class=\"frm_submit\">\r\n\r\n<button class=\"frm_button_submit frm_final_submit\" type=\"submit\"   formnovalidate=\"formnovalidate\">Submit<\/button>\r\n\r\n\r\n<\/div><\/div>\n<\/fieldset>\n<\/div>\n\n<\/form>\n<\/div>\n\t\t\t\t<\/div>\n\t\t\t\t<\/div>\n\t\t\t\t\t<\/div>\n\t\t<\/div>\n\t\t\t\t\t<\/div>\n\t\t<\/section>\n\t\t\t\t<\/div>\n\t\t","protected":false},"excerpt":{"rendered":"<p>Vielen Dank f\u00fcr Ihr Interesse an der Teilnahme am ArchiveHub Independent Consultant Program. Bitte f\u00fcllen Sie das unten stehende Antragsformular aus und senden Sie es ab. Bitte beachten Sie, dass ein Berater kein Mitarbeiter des Endkunden sein darf. Der Berater muss wirklich daran interessiert sein, die Archivierungsherausforderungen des Kunden zu l\u00f6sen, und findet, dass ArchiveHub-L\u00f6sungen [&hellip;]<\/p>\n","protected":false},"author":1,"featured_media":0,"parent":4851,"menu_order":0,"comment_status":"closed","ping_status":"closed","template":"","meta":{"om_disable_all_campaigns":false,"_monsterinsights_skip_tracking":false,"_monsterinsights_sitenote_active":false,"_monsterinsights_sitenote_note":"","_monsterinsights_sitenote_category":0,"footnotes":""},"class_list":["post-4855","page","type-page","status-publish","hentry"],"aioseo_notices":[],"yoast_head":"<!-- This site is optimized with the Yoast SEO plugin v25.0 - https:\/\/yoast.com\/wordpress\/plugins\/seo\/ -->\n<title>Werden Sie unabh\u00e4ngiger Berater - ArchiveHub.io<\/title>\n<meta name=\"description\" content=\"Vielen Dank f\u00fcr Ihr Interesse an einer Teilnahme am ArchiveHub Independent Consultant Program. Bitte f\u00fcllen Sie das unten stehende Bewerbungsformular aus und senden Sie es ab. Bitte beachten Sie, dass ein Berater kein Mitarbeiter des Endkunden sein darf. Der Berater muss wirklich daran interessiert sein, die Archivierungsherausforderungen des Kunden zu l\u00f6sen, und findet, dass ArchiveHub-L\u00f6sungen f\u00fcr seinen Kunden geeignet sind. Dieser Antrag wird gepr\u00fcft und Sie werden von einem Berater\/Partnermanager benachrichtigt, ob Ihr Antrag weiter ber\u00fccksichtigt wird.\" \/>\n<meta name=\"robots\" content=\"noindex, nofollow\" \/>\n<meta property=\"og:locale\" content=\"de_DE\" \/>\n<meta property=\"og:type\" content=\"article\" \/>\n<meta property=\"og:title\" content=\"Werden Sie unabh\u00e4ngiger Berater - ArchiveHub.io\" \/>\n<meta property=\"og:description\" content=\"Vielen Dank f\u00fcr Ihr Interesse an einer Teilnahme am ArchiveHub Independent Consultant Program. Bitte f\u00fcllen Sie das unten stehende Bewerbungsformular aus und senden Sie es ab. Bitte beachten Sie, dass ein Berater kein Mitarbeiter des Endkunden sein darf. Der Berater muss wirklich daran interessiert sein, die Archivierungsherausforderungen des Kunden zu l\u00f6sen, und findet, dass ArchiveHub-L\u00f6sungen f\u00fcr seinen Kunden geeignet sind. Dieser Antrag wird gepr\u00fcft und Sie werden von einem Berater\/Partnermanager benachrichtigt, ob Ihr Antrag weiter ber\u00fccksichtigt wird.\" \/>\n<meta property=\"og:url\" content=\"https:\/\/archivehub.io\/de\/partners\/werden-sie-unabhaengiger-berater\/\" \/>\n<meta property=\"og:site_name\" content=\"ArchiveHub.io\" \/>\n<meta property=\"article:publisher\" content=\"https:\/\/www.facebook.com\/people\/ArchiveHubio\/100091316926341\/\" \/>\n<meta property=\"article:modified_time\" content=\"2023-04-09T08:10:31+00:00\" \/>\n<meta name=\"twitter:card\" content=\"summary_large_image\" \/>\n<meta name=\"twitter:label1\" content=\"Gesch\u00e4tzte Lesezeit\" \/>\n\t<meta name=\"twitter:data1\" content=\"1\u00a0Minute\" \/>\n<script type=\"application\/ld+json\" class=\"yoast-schema-graph\">{\"@context\":\"https:\/\/schema.org\",\"@graph\":[{\"@type\":\"WebPage\",\"@id\":\"https:\/\/archivehub.io\/de\/partners\/werden-sie-unabhaengiger-berater\/\",\"url\":\"https:\/\/archivehub.io\/de\/partners\/werden-sie-unabhaengiger-berater\/\",\"name\":\"Werden Sie unabh\u00e4ngiger Berater - ArchiveHub.io\",\"isPartOf\":{\"@id\":\"https:\/\/archivehub.io\/de\/#website\"},\"datePublished\":\"2023-03-25T22:22:12+00:00\",\"dateModified\":\"2023-04-09T08:10:31+00:00\",\"description\":\"Vielen Dank f\u00fcr Ihr Interesse an einer Teilnahme am ArchiveHub Independent Consultant Program. Bitte f\u00fcllen Sie das unten stehende Bewerbungsformular aus und senden Sie es ab. Bitte beachten Sie, dass ein Berater kein Mitarbeiter des Endkunden sein darf. Der Berater muss wirklich daran interessiert sein, die Archivierungsherausforderungen des Kunden zu l\u00f6sen, und findet, dass ArchiveHub-L\u00f6sungen f\u00fcr seinen Kunden geeignet sind. Dieser Antrag wird gepr\u00fcft und Sie werden von einem Berater\/Partnermanager benachrichtigt, ob Ihr Antrag weiter ber\u00fccksichtigt wird.\",\"breadcrumb\":{\"@id\":\"https:\/\/archivehub.io\/de\/partners\/werden-sie-unabhaengiger-berater\/#breadcrumb\"},\"inLanguage\":\"de\",\"potentialAction\":[{\"@type\":\"ReadAction\",\"target\":[\"https:\/\/archivehub.io\/de\/partners\/werden-sie-unabhaengiger-berater\/\"]}]},{\"@type\":\"BreadcrumbList\",\"@id\":\"https:\/\/archivehub.io\/de\/partners\/werden-sie-unabhaengiger-berater\/#breadcrumb\",\"itemListElement\":[{\"@type\":\"ListItem\",\"position\":1,\"name\":\"Partners\",\"item\":\"https:\/\/archivehub.io\/de\/partners\/\"},{\"@type\":\"ListItem\",\"position\":2,\"name\":\"Werden Sie unabh\u00e4ngiger Berater\"}]},{\"@type\":\"WebSite\",\"@id\":\"https:\/\/archivehub.io\/de\/#website\",\"url\":\"https:\/\/archivehub.io\/de\/\",\"name\":\"ArchiveHub.io\",\"description\":\"SAP Archived Data Reporting Made Easy\",\"publisher\":{\"@id\":\"https:\/\/archivehub.io\/de\/#organization\"},\"potentialAction\":[{\"@type\":\"SearchAction\",\"target\":{\"@type\":\"EntryPoint\",\"urlTemplate\":\"https:\/\/archivehub.io\/de\/?s={search_term_string}\"},\"query-input\":{\"@type\":\"PropertyValueSpecification\",\"valueRequired\":true,\"valueName\":\"search_term_string\"}}],\"inLanguage\":\"de\"},{\"@type\":\"Organization\",\"@id\":\"https:\/\/archivehub.io\/de\/#organization\",\"name\":\"ArchiveHub.io\",\"url\":\"https:\/\/archivehub.io\/de\/\",\"logo\":{\"@type\":\"ImageObject\",\"inLanguage\":\"de\",\"@id\":\"https:\/\/archivehub.io\/de\/#\/schema\/logo\/image\/\",\"url\":\"https:\/\/archivehub.io\/wp-content\/uploads\/2023\/03\/350px.png\",\"contentUrl\":\"https:\/\/archivehub.io\/wp-content\/uploads\/2023\/03\/350px.png\",\"width\":351,\"height\":77,\"caption\":\"ArchiveHub.io\"},\"image\":{\"@id\":\"https:\/\/archivehub.io\/de\/#\/schema\/logo\/image\/\"},\"sameAs\":[\"https:\/\/www.facebook.com\/people\/ArchiveHubio\/100091316926341\/\"]}]}<\/script>\n<!-- \/ Yoast SEO plugin. -->","yoast_head_json":{"title":"Werden Sie unabh\u00e4ngiger Berater - ArchiveHub.io","description":"Vielen Dank f\u00fcr Ihr Interesse an einer Teilnahme am ArchiveHub Independent Consultant Program. Bitte f\u00fcllen Sie das unten stehende Bewerbungsformular aus und senden Sie es ab. Bitte beachten Sie, dass ein Berater kein Mitarbeiter des Endkunden sein darf. Der Berater muss wirklich daran interessiert sein, die Archivierungsherausforderungen des Kunden zu l\u00f6sen, und findet, dass ArchiveHub-L\u00f6sungen f\u00fcr seinen Kunden geeignet sind. Dieser Antrag wird gepr\u00fcft und Sie werden von einem Berater\/Partnermanager benachrichtigt, ob Ihr Antrag weiter ber\u00fccksichtigt wird.","robots":{"index":"noindex","follow":"nofollow"},"og_locale":"de_DE","og_type":"article","og_title":"Werden Sie unabh\u00e4ngiger Berater - ArchiveHub.io","og_description":"Vielen Dank f\u00fcr Ihr Interesse an einer Teilnahme am ArchiveHub Independent Consultant Program. Bitte f\u00fcllen Sie das unten stehende Bewerbungsformular aus und senden Sie es ab. Bitte beachten Sie, dass ein Berater kein Mitarbeiter des Endkunden sein darf. Der Berater muss wirklich daran interessiert sein, die Archivierungsherausforderungen des Kunden zu l\u00f6sen, und findet, dass ArchiveHub-L\u00f6sungen f\u00fcr seinen Kunden geeignet sind. Dieser Antrag wird gepr\u00fcft und Sie werden von einem Berater\/Partnermanager benachrichtigt, ob Ihr Antrag weiter ber\u00fccksichtigt wird.","og_url":"https:\/\/archivehub.io\/de\/partners\/werden-sie-unabhaengiger-berater\/","og_site_name":"ArchiveHub.io","article_publisher":"https:\/\/www.facebook.com\/people\/ArchiveHubio\/100091316926341\/","article_modified_time":"2023-04-09T08:10:31+00:00","twitter_card":"summary_large_image","twitter_misc":{"Gesch\u00e4tzte Lesezeit":"1\u00a0Minute"},"schema":{"@context":"https:\/\/schema.org","@graph":[{"@type":"WebPage","@id":"https:\/\/archivehub.io\/de\/partners\/werden-sie-unabhaengiger-berater\/","url":"https:\/\/archivehub.io\/de\/partners\/werden-sie-unabhaengiger-berater\/","name":"Werden Sie unabh\u00e4ngiger Berater - ArchiveHub.io","isPartOf":{"@id":"https:\/\/archivehub.io\/de\/#website"},"datePublished":"2023-03-25T22:22:12+00:00","dateModified":"2023-04-09T08:10:31+00:00","description":"Vielen Dank f\u00fcr Ihr Interesse an einer Teilnahme am ArchiveHub Independent Consultant Program. Bitte f\u00fcllen Sie das unten stehende Bewerbungsformular aus und senden Sie es ab. Bitte beachten Sie, dass ein Berater kein Mitarbeiter des Endkunden sein darf. Der Berater muss wirklich daran interessiert sein, die Archivierungsherausforderungen des Kunden zu l\u00f6sen, und findet, dass ArchiveHub-L\u00f6sungen f\u00fcr seinen Kunden geeignet sind. Dieser Antrag wird gepr\u00fcft und Sie werden von einem Berater\/Partnermanager benachrichtigt, ob Ihr Antrag weiter ber\u00fccksichtigt wird.","breadcrumb":{"@id":"https:\/\/archivehub.io\/de\/partners\/werden-sie-unabhaengiger-berater\/#breadcrumb"},"inLanguage":"de","potentialAction":[{"@type":"ReadAction","target":["https:\/\/archivehub.io\/de\/partners\/werden-sie-unabhaengiger-berater\/"]}]},{"@type":"BreadcrumbList","@id":"https:\/\/archivehub.io\/de\/partners\/werden-sie-unabhaengiger-berater\/#breadcrumb","itemListElement":[{"@type":"ListItem","position":1,"name":"Partners","item":"https:\/\/archivehub.io\/de\/partners\/"},{"@type":"ListItem","position":2,"name":"Werden Sie unabh\u00e4ngiger Berater"}]},{"@type":"WebSite","@id":"https:\/\/archivehub.io\/de\/#website","url":"https:\/\/archivehub.io\/de\/","name":"ArchiveHub.io","description":"SAP Archived Data Reporting Made Easy","publisher":{"@id":"https:\/\/archivehub.io\/de\/#organization"},"potentialAction":[{"@type":"SearchAction","target":{"@type":"EntryPoint","urlTemplate":"https:\/\/archivehub.io\/de\/?s={search_term_string}"},"query-input":{"@type":"PropertyValueSpecification","valueRequired":true,"valueName":"search_term_string"}}],"inLanguage":"de"},{"@type":"Organization","@id":"https:\/\/archivehub.io\/de\/#organization","name":"ArchiveHub.io","url":"https:\/\/archivehub.io\/de\/","logo":{"@type":"ImageObject","inLanguage":"de","@id":"https:\/\/archivehub.io\/de\/#\/schema\/logo\/image\/","url":"https:\/\/archivehub.io\/wp-content\/uploads\/2023\/03\/350px.png","contentUrl":"https:\/\/archivehub.io\/wp-content\/uploads\/2023\/03\/350px.png","width":351,"height":77,"caption":"ArchiveHub.io"},"image":{"@id":"https:\/\/archivehub.io\/de\/#\/schema\/logo\/image\/"},"sameAs":["https:\/\/www.facebook.com\/people\/ArchiveHubio\/100091316926341\/"]}]}},"_links":{"self":[{"href":"https:\/\/archivehub.io\/de\/wp-json\/wp\/v2\/pages\/4855","targetHints":{"allow":["GET"]}}],"collection":[{"href":"https:\/\/archivehub.io\/de\/wp-json\/wp\/v2\/pages"}],"about":[{"href":"https:\/\/archivehub.io\/de\/wp-json\/wp\/v2\/types\/page"}],"author":[{"embeddable":true,"href":"https:\/\/archivehub.io\/de\/wp-json\/wp\/v2\/users\/1"}],"replies":[{"embeddable":true,"href":"https:\/\/archivehub.io\/de\/wp-json\/wp\/v2\/comments?post=4855"}],"version-history":[{"count":1,"href":"https:\/\/archivehub.io\/de\/wp-json\/wp\/v2\/pages\/4855\/revisions"}],"predecessor-version":[{"id":4856,"href":"https:\/\/archivehub.io\/de\/wp-json\/wp\/v2\/pages\/4855\/revisions\/4856"}],"up":[{"embeddable":true,"href":"https:\/\/archivehub.io\/de\/wp-json\/wp\/v2\/pages\/4851"}],"wp:attachment":[{"href":"https:\/\/archivehub.io\/de\/wp-json\/wp\/v2\/media?parent=4855"}],"curies":[{"name":"wp","href":"https:\/\/api.w.org\/{rel}","templated":true}]}}