{"id":4851,"date":"2023-03-25T20:39:27","date_gmt":"2023-03-25T20:39:27","guid":{"rendered":"https:\/\/archivehub.io\/partners\/"},"modified":"2023-04-09T08:08:33","modified_gmt":"2023-04-09T08:08:33","slug":"partners","status":"publish","type":"page","link":"https:\/\/archivehub.io\/de\/partners\/","title":{"rendered":"Partners"},"content":{"rendered":"\t\t<div data-elementor-type=\"wp-page\" data-elementor-id=\"4851\" class=\"elementor elementor-4851 elementor-2958\">\n\t\t\t\t\t\t<section class=\"elementor-section elementor-top-section elementor-element elementor-element-c2f4476 elementor-section-boxed elementor-section-height-default elementor-section-height-default\" data-id=\"c2f4476\" data-element_type=\"section\">\n\t\t\t\t\t\t<div class=\"elementor-container elementor-column-gap-default\">\n\t\t\t\t\t<div class=\"elementor-column elementor-col-100 elementor-top-column elementor-element elementor-element-251d9f9\" data-id=\"251d9f9\" data-element_type=\"column\">\n\t\t\t<div class=\"elementor-widget-wrap elementor-element-populated\">\n\t\t\t\t\t\t<div class=\"elementor-element elementor-element-60fb5b9 elementor-widget elementor-widget-heading\" data-id=\"60fb5b9\" data-element_type=\"widget\" data-widget_type=\"heading.default\">\n\t\t\t\t<div class=\"elementor-widget-container\">\n\t\t\t\t\t<h2 class=\"elementor-heading-title elementor-size-default\">ArchiveHub arbeitet mit Wiederverk\u00e4ufern, Dienstanbietern und Technologieexperten auf der ganzen Welt zusammen. Gemeinsam helfen ArchiveHub und das Partner-\u00d6kosystem Organisationen dabei, neue Gesch\u00e4fte voranzutreiben, Wettbewerbsvorteile zu schaffen und einen nachweisbaren Gesch\u00e4ftswert zu schaffen<\/h2>\t\t\t\t<\/div>\n\t\t\t\t<\/div>\n\t\t\t\t\t<\/div>\n\t\t<\/div>\n\t\t\t\t\t<\/div>\n\t\t<\/section>\n\t\t\t\t<section class=\"elementor-section elementor-top-section elementor-element elementor-element-63706e2 elementor-section-boxed elementor-section-height-default elementor-section-height-default\" data-id=\"63706e2\" data-element_type=\"section\">\n\t\t\t\t\t\t<div class=\"elementor-container elementor-column-gap-default\">\n\t\t\t\t\t<div class=\"elementor-column elementor-col-100 elementor-top-column elementor-element elementor-element-5a58d01\" data-id=\"5a58d01\" data-element_type=\"column\">\n\t\t\t<div class=\"elementor-widget-wrap elementor-element-populated\">\n\t\t\t\t\t\t<div class=\"elementor-element elementor-element-5001427 elementor-widget elementor-widget-spacer\" data-id=\"5001427\" data-element_type=\"widget\" data-widget_type=\"spacer.default\">\n\t\t\t\t<div class=\"elementor-widget-container\">\n\t\t\t\t\t\t\t<div class=\"elementor-spacer\">\n\t\t\t<div class=\"elementor-spacer-inner\"><\/div>\n\t\t<\/div>\n\t\t\t\t\t\t<\/div>\n\t\t\t\t<\/div>\n\t\t\t\t\t<\/div>\n\t\t<\/div>\n\t\t\t\t\t<\/div>\n\t\t<\/section>\n\t\t\t\t<section class=\"elementor-section elementor-top-section elementor-element elementor-element-58ecc25 elementor-section-boxed elementor-section-height-default elementor-section-height-default\" data-id=\"58ecc25\" data-element_type=\"section\">\n\t\t\t\t\t\t<div class=\"elementor-container elementor-column-gap-default\">\n\t\t\t\t\t<div class=\"elementor-column elementor-col-100 elementor-top-column elementor-element elementor-element-2277d9f\" data-id=\"2277d9f\" data-element_type=\"column\">\n\t\t\t<div class=\"elementor-widget-wrap elementor-element-populated\">\n\t\t\t\t\t\t<div class=\"elementor-element elementor-element-0d188ff elementor-widget elementor-widget-heading\" data-id=\"0d188ff\" data-element_type=\"widget\" data-widget_type=\"heading.default\">\n\t\t\t\t<div class=\"elementor-widget-container\">\n\t\t\t\t\t<h2 class=\"elementor-heading-title elementor-size-default\">Ein Partner werden<\/h2>\t\t\t\t<\/div>\n\t\t\t\t<\/div>\n\t\t\t\t\t<\/div>\n\t\t<\/div>\n\t\t\t\t\t<\/div>\n\t\t<\/section>\n\t\t\t\t<section class=\"elementor-section elementor-top-section elementor-element elementor-element-e1d0cba elementor-section-boxed elementor-section-height-default elementor-section-height-default\" data-id=\"e1d0cba\" data-element_type=\"section\">\n\t\t\t\t\t\t<div class=\"elementor-container elementor-column-gap-default\">\n\t\t\t\t\t<div class=\"elementor-column elementor-col-100 elementor-top-column elementor-element elementor-element-2c9bd43\" data-id=\"2c9bd43\" data-element_type=\"column\">\n\t\t\t<div class=\"elementor-widget-wrap elementor-element-populated\">\n\t\t\t\t\t\t<div class=\"elementor-element elementor-element-5cba34d elementor-widget elementor-widget-text-editor\" data-id=\"5cba34d\" data-element_type=\"widget\" data-widget_type=\"text-editor.default\">\n\t\t\t\t<div class=\"elementor-widget-container\">\n\t\t\t\t\t\t\t\t\t<p>Vielen Dank f\u00fcr Ihr Interesse an einer Teilnahme am ArchiveHub-Partnerprogramm.<\/p>\n<p>Bitte f\u00fcllen Sie das unten stehende Antragsformular aus und senden Sie es ab. Diese Bewerbung wird gepr\u00fcft und Sie werden von einem Partnermanager benachrichtigt, ob Ihre Bewerbung weiter ber\u00fccksichtigt wird.<\/p>\n\t\t\t\t\t\t\t\t<\/div>\n\t\t\t\t<\/div>\n\t\t\t\t\t<\/div>\n\t\t<\/div>\n\t\t\t\t\t<\/div>\n\t\t<\/section>\n\t\t\t\t<section class=\"elementor-section elementor-top-section elementor-element elementor-element-fbbcf72 elementor-section-boxed elementor-section-height-default elementor-section-height-default\" data-id=\"fbbcf72\" data-element_type=\"section\">\n\t\t\t\t\t\t<div class=\"elementor-container elementor-column-gap-default\">\n\t\t\t\t\t<div class=\"elementor-column elementor-col-100 elementor-top-column elementor-element elementor-element-743eb9b\" data-id=\"743eb9b\" data-element_type=\"column\">\n\t\t\t<div class=\"elementor-widget-wrap elementor-element-populated\">\n\t\t\t\t\t\t<div class=\"elementor-element elementor-element-6a14563 elementor-align-center elementor-widget elementor-widget-button\" data-id=\"6a14563\" data-element_type=\"widget\" data-widget_type=\"button.default\">\n\t\t\t\t<div class=\"elementor-widget-container\">\n\t\t\t\t\t\t\t\t\t<div class=\"elementor-button-wrapper\">\n\t\t\t\t\t<a class=\"elementor-button elementor-button-link elementor-size-sm\" href=\"https:\/\/vio.exm.mybluehost.me\/partners\/become-a-partner\">\n\t\t\t\t\t\t<span class=\"elementor-button-content-wrapper\">\n\t\t\t\t\t\t\t\t\t<span class=\"elementor-button-text\">Ein Partner werden<\/span>\n\t\t\t\t\t<\/span>\n\t\t\t\t\t<\/a>\n\t\t\t\t<\/div>\n\t\t\t\t\t\t\t\t<\/div>\n\t\t\t\t<\/div>\n\t\t\t\t\t<\/div>\n\t\t<\/div>\n\t\t\t\t\t<\/div>\n\t\t<\/section>\n\t\t\t\t<section class=\"elementor-section elementor-top-section elementor-element elementor-element-b8b21e8 elementor-section-boxed elementor-section-height-default elementor-section-height-default\" data-id=\"b8b21e8\" data-element_type=\"section\">\n\t\t\t\t\t\t<div class=\"elementor-container elementor-column-gap-default\">\n\t\t\t\t\t<div class=\"elementor-column elementor-col-100 elementor-top-column elementor-element elementor-element-5d63fa8\" data-id=\"5d63fa8\" data-element_type=\"column\">\n\t\t\t<div class=\"elementor-widget-wrap elementor-element-populated\">\n\t\t\t\t\t\t<div class=\"elementor-element elementor-element-65fa5c1 elementor-widget elementor-widget-spacer\" data-id=\"65fa5c1\" data-element_type=\"widget\" data-widget_type=\"spacer.default\">\n\t\t\t\t<div class=\"elementor-widget-container\">\n\t\t\t\t\t\t\t<div class=\"elementor-spacer\">\n\t\t\t<div class=\"elementor-spacer-inner\"><\/div>\n\t\t<\/div>\n\t\t\t\t\t\t<\/div>\n\t\t\t\t<\/div>\n\t\t\t\t\t<\/div>\n\t\t<\/div>\n\t\t\t\t\t<\/div>\n\t\t<\/section>\n\t\t\t\t<section class=\"elementor-section elementor-top-section elementor-element elementor-element-ca8d4c8 elementor-section-boxed elementor-section-height-default elementor-section-height-default\" data-id=\"ca8d4c8\" data-element_type=\"section\">\n\t\t\t\t\t\t<div class=\"elementor-container elementor-column-gap-default\">\n\t\t\t\t\t<div class=\"elementor-column elementor-col-100 elementor-top-column elementor-element elementor-element-47eccab\" data-id=\"47eccab\" data-element_type=\"column\">\n\t\t\t<div class=\"elementor-widget-wrap elementor-element-populated\">\n\t\t\t\t\t\t<div class=\"elementor-element elementor-element-2ccced4 elementor-widget elementor-widget-heading\" data-id=\"2ccced4\" data-element_type=\"widget\" data-widget_type=\"heading.default\">\n\t\t\t\t<div class=\"elementor-widget-container\">\n\t\t\t\t\t<h2 class=\"elementor-heading-title elementor-size-default\">Registrieren Sie eine Gelegenheit<\/h2>\t\t\t\t<\/div>\n\t\t\t\t<\/div>\n\t\t\t\t\t<\/div>\n\t\t<\/div>\n\t\t\t\t\t<\/div>\n\t\t<\/section>\n\t\t\t\t<section class=\"elementor-section elementor-top-section elementor-element elementor-element-599c9c0 elementor-section-boxed elementor-section-height-default elementor-section-height-default\" data-id=\"599c9c0\" data-element_type=\"section\">\n\t\t\t\t\t\t<div class=\"elementor-container elementor-column-gap-default\">\n\t\t\t\t\t<div class=\"elementor-column elementor-col-100 elementor-top-column elementor-element elementor-element-05ec94c\" data-id=\"05ec94c\" data-element_type=\"column\">\n\t\t\t<div class=\"elementor-widget-wrap elementor-element-populated\">\n\t\t\t\t\t\t<div class=\"elementor-element elementor-element-09cc735 elementor-widget elementor-widget-text-editor\" data-id=\"09cc735\" data-element_type=\"widget\" data-widget_type=\"text-editor.default\">\n\t\t\t\t<div class=\"elementor-widget-container\">\n\t\t\t\t\t\t\t\t\t<p>Das ArchiveHub-Empfehlungsprogramm bietet Partnern, die neue Leads f\u00fcr Lizenzen, Abonnements und professionelle Dienstleistungen gewinnen, Findergeb\u00fchren. Verweisen Sie auf ArchiveHub auf neue Gelegenheiten, um Gesch\u00e4fte zu beschleunigen, den Umsatz zu steigern und Kunden zu gewinnen. Deals m\u00fcssen registriert und genehmigt werden, um sich zu qualifizieren.<\/p>\n\t\t\t\t\t\t\t\t<\/div>\n\t\t\t\t<\/div>\n\t\t\t\t\t<\/div>\n\t\t<\/div>\n\t\t\t\t\t<\/div>\n\t\t<\/section>\n\t\t\t\t<section class=\"elementor-section elementor-top-section elementor-element elementor-element-25b3201 elementor-section-boxed elementor-section-height-default elementor-section-height-default\" data-id=\"25b3201\" data-element_type=\"section\">\n\t\t\t\t\t\t<div class=\"elementor-container elementor-column-gap-default\">\n\t\t\t\t\t<div class=\"elementor-column elementor-col-100 elementor-top-column elementor-element elementor-element-7c6b80a\" data-id=\"7c6b80a\" data-element_type=\"column\">\n\t\t\t<div class=\"elementor-widget-wrap elementor-element-populated\">\n\t\t\t\t\t\t<div class=\"elementor-element elementor-element-2400d13 elementor-align-center elementor-widget elementor-widget-button\" data-id=\"2400d13\" data-element_type=\"widget\" data-widget_type=\"button.default\">\n\t\t\t\t<div class=\"elementor-widget-container\">\n\t\t\t\t\t\t\t\t\t<div class=\"elementor-button-wrapper\">\n\t\t\t\t\t<a class=\"elementor-button elementor-button-link elementor-size-sm\" href=\"https:\/\/vio.exm.mybluehost.me\/partners\/register-an-opportunity\/\">\n\t\t\t\t\t\t<span class=\"elementor-button-content-wrapper\">\n\t\t\t\t\t\t\t\t\t<span class=\"elementor-button-text\">Registrieren Sie eine Gelegenheit<\/span>\n\t\t\t\t\t<\/span>\n\t\t\t\t\t<\/a>\n\t\t\t\t<\/div>\n\t\t\t\t\t\t\t\t<\/div>\n\t\t\t\t<\/div>\n\t\t\t\t\t<\/div>\n\t\t<\/div>\n\t\t\t\t\t<\/div>\n\t\t<\/section>\n\t\t\t\t<section class=\"elementor-section elementor-top-section elementor-element elementor-element-50758fa elementor-section-boxed elementor-section-height-default elementor-section-height-default\" data-id=\"50758fa\" data-element_type=\"section\">\n\t\t\t\t\t\t<div class=\"elementor-container elementor-column-gap-default\">\n\t\t\t\t\t<div class=\"elementor-column elementor-col-100 elementor-top-column elementor-element elementor-element-11c1b37\" data-id=\"11c1b37\" data-element_type=\"column\">\n\t\t\t<div class=\"elementor-widget-wrap elementor-element-populated\">\n\t\t\t\t\t\t<div class=\"elementor-element elementor-element-165ccc3 elementor-widget elementor-widget-spacer\" data-id=\"165ccc3\" data-element_type=\"widget\" data-widget_type=\"spacer.default\">\n\t\t\t\t<div class=\"elementor-widget-container\">\n\t\t\t\t\t\t\t<div class=\"elementor-spacer\">\n\t\t\t<div class=\"elementor-spacer-inner\"><\/div>\n\t\t<\/div>\n\t\t\t\t\t\t<\/div>\n\t\t\t\t<\/div>\n\t\t\t\t\t<\/div>\n\t\t<\/div>\n\t\t\t\t\t<\/div>\n\t\t<\/section>\n\t\t\t\t<section class=\"elementor-section elementor-top-section elementor-element elementor-element-7ae5ef6 elementor-section-boxed elementor-section-height-default elementor-section-height-default\" data-id=\"7ae5ef6\" data-element_type=\"section\">\n\t\t\t\t\t\t<div class=\"elementor-container elementor-column-gap-default\">\n\t\t\t\t\t<div class=\"elementor-column elementor-col-100 elementor-top-column elementor-element elementor-element-095602c\" data-id=\"095602c\" data-element_type=\"column\">\n\t\t\t<div class=\"elementor-widget-wrap elementor-element-populated\">\n\t\t\t\t\t\t<div class=\"elementor-element elementor-element-cb8a7df elementor-widget elementor-widget-heading\" data-id=\"cb8a7df\" data-element_type=\"widget\" data-widget_type=\"heading.default\">\n\t\t\t\t<div class=\"elementor-widget-container\">\n\t\t\t\t\t<h2 class=\"elementor-heading-title elementor-size-default\">Werden Sie unabh\u00e4ngiger ArchiveHub-Berater f\u00fcr SAP<\/h2>\t\t\t\t<\/div>\n\t\t\t\t<\/div>\n\t\t\t\t\t<\/div>\n\t\t<\/div>\n\t\t\t\t\t<\/div>\n\t\t<\/section>\n\t\t\t\t<section class=\"elementor-section elementor-top-section elementor-element elementor-element-ea7c68f elementor-section-boxed elementor-section-height-default elementor-section-height-default\" data-id=\"ea7c68f\" data-element_type=\"section\">\n\t\t\t\t\t\t<div class=\"elementor-container elementor-column-gap-default\">\n\t\t\t\t\t<div class=\"elementor-column elementor-col-100 elementor-top-column elementor-element elementor-element-7ca0164\" data-id=\"7ca0164\" data-element_type=\"column\">\n\t\t\t<div class=\"elementor-widget-wrap elementor-element-populated\">\n\t\t\t\t\t\t<div class=\"elementor-element elementor-element-c637520 elementor-widget elementor-widget-text-editor\" data-id=\"c637520\" data-element_type=\"widget\" data-widget_type=\"text-editor.default\">\n\t\t\t\t<div class=\"elementor-widget-container\">\n\t\t\t\t\t\t\t\t\t<p>Vielen Dank f\u00fcr Ihr Interesse an der Teilnahme am ArchiveHub Independent Consultant Program.<\/p>\n<p>Bitte f\u00fcllen Sie das unten stehende Antragsformular aus und senden Sie es ab. Bitte beachten Sie, dass ein Berater kein Mitarbeiter des Endkunden sein darf. Der Berater muss wirklich daran interessiert sein, die Archivierungsherausforderungen des Kunden zu l\u00f6sen, und findet, dass ArchiveHub-L\u00f6sungen f\u00fcr seinen Kunden geeignet sind. Dieser Antrag wird gepr\u00fcft und Sie werden von einem Berater\/Partnermanager benachrichtigt, ob Ihr Antrag weiter ber\u00fccksichtigt wird.<\/p>\n\t\t\t\t\t\t\t\t<\/div>\n\t\t\t\t<\/div>\n\t\t\t\t\t<\/div>\n\t\t<\/div>\n\t\t\t\t\t<\/div>\n\t\t<\/section>\n\t\t\t\t<section class=\"elementor-section elementor-top-section elementor-element elementor-element-5da612b elementor-section-boxed elementor-section-height-default elementor-section-height-default\" data-id=\"5da612b\" data-element_type=\"section\">\n\t\t\t\t\t\t<div class=\"elementor-container elementor-column-gap-default\">\n\t\t\t\t\t<div class=\"elementor-column elementor-col-100 elementor-top-column elementor-element elementor-element-0620012\" data-id=\"0620012\" data-element_type=\"column\">\n\t\t\t<div class=\"elementor-widget-wrap elementor-element-populated\">\n\t\t\t\t\t\t<div class=\"elementor-element elementor-element-6d53e13 elementor-align-center elementor-widget elementor-widget-button\" data-id=\"6d53e13\" data-element_type=\"widget\" data-widget_type=\"button.default\">\n\t\t\t\t<div class=\"elementor-widget-container\">\n\t\t\t\t\t\t\t\t\t<div class=\"elementor-button-wrapper\">\n\t\t\t\t\t<a class=\"elementor-button elementor-button-link elementor-size-sm\" href=\"https:\/\/vio.exm.mybluehost.me\/partners\/become-an-independent-consultant\/\">\n\t\t\t\t\t\t<span class=\"elementor-button-content-wrapper\">\n\t\t\t\t\t\t\t\t\t<span class=\"elementor-button-text\">Werden Sie unabh\u00e4ngiger Berater<\/span>\n\t\t\t\t\t<\/span>\n\t\t\t\t\t<\/a>\n\t\t\t\t<\/div>\n\t\t\t\t\t\t\t\t<\/div>\n\t\t\t\t<\/div>\n\t\t\t\t\t<\/div>\n\t\t<\/div>\n\t\t\t\t\t<\/div>\n\t\t<\/section>\n\t\t\t\t<\/div>\n\t\t","protected":false},"excerpt":{"rendered":"<p>ArchiveHub arbeitet mit Wiederverk\u00e4ufern, Dienstanbietern und Technologieexperten auf der ganzen Welt zusammen. Gemeinsam helfen ArchiveHub und das Partner-\u00d6kosystem Organisationen dabei, neue Gesch\u00e4fte voranzutreiben, Wettbewerbsvorteile zu schaffen und einen nachweisbaren Gesch\u00e4ftswert zu schaffen Ein Partner werden Vielen Dank f\u00fcr Ihr Interesse an einer Teilnahme am ArchiveHub-Partnerprogramm. Bitte f\u00fcllen Sie das unten stehende Antragsformular aus und senden [&hellip;]<\/p>\n","protected":false},"author":1,"featured_media":0,"parent":0,"menu_order":0,"comment_status":"closed","ping_status":"closed","template":"","meta":{"om_disable_all_campaigns":false,"_monsterinsights_skip_tracking":false,"_monsterinsights_sitenote_active":false,"_monsterinsights_sitenote_note":"","_monsterinsights_sitenote_category":0,"footnotes":""},"class_list":["post-4851","page","type-page","status-publish","hentry"],"aioseo_notices":[],"yoast_head":"<!-- This site is optimized with the Yoast SEO plugin v25.0 - https:\/\/yoast.com\/wordpress\/plugins\/seo\/ -->\n<title>Partners - ArchiveHub.io<\/title>\n<meta name=\"description\" content=\"ArchiveHub arbeitet mit Wiederverk\u00e4ufern, Dienstanbietern und Technologieexperten auf der ganzen Welt zusammen. Gemeinsam helfen ArchiveHub und das Partner-\u00d6kosystem Organisationen dabei, neue Gesch\u00e4fte voranzutreiben, Wettbewerbsvorteile zu schaffen und einen nachweisbaren Gesch\u00e4ftswert zu schaffen\" \/>\n<meta name=\"robots\" content=\"index, follow, max-snippet:-1, max-image-preview:large, max-video-preview:-1\" \/>\n<link rel=\"canonical\" href=\"https:\/\/archivehub.io\/de\/partners\/\" \/>\n<meta property=\"og:locale\" content=\"de_DE\" \/>\n<meta property=\"og:type\" content=\"article\" \/>\n<meta property=\"og:title\" content=\"Partners - ArchiveHub.io\" \/>\n<meta property=\"og:description\" content=\"ArchiveHub arbeitet mit Wiederverk\u00e4ufern, Dienstanbietern und Technologieexperten auf der ganzen Welt zusammen. Gemeinsam helfen ArchiveHub und das Partner-\u00d6kosystem Organisationen dabei, neue Gesch\u00e4fte voranzutreiben, Wettbewerbsvorteile zu schaffen und einen nachweisbaren Gesch\u00e4ftswert zu schaffen\" \/>\n<meta property=\"og:url\" content=\"https:\/\/archivehub.io\/de\/partners\/\" \/>\n<meta property=\"og:site_name\" content=\"ArchiveHub.io\" \/>\n<meta property=\"article:publisher\" content=\"https:\/\/www.facebook.com\/people\/ArchiveHubio\/100091316926341\/\" \/>\n<meta property=\"article:modified_time\" content=\"2023-04-09T08:08:33+00:00\" \/>\n<meta name=\"twitter:card\" content=\"summary_large_image\" \/>\n<meta name=\"twitter:label1\" content=\"Gesch\u00e4tzte Lesezeit\" \/>\n\t<meta name=\"twitter:data1\" content=\"1\u00a0Minute\" \/>\n<script type=\"application\/ld+json\" class=\"yoast-schema-graph\">{\"@context\":\"https:\/\/schema.org\",\"@graph\":[{\"@type\":\"WebPage\",\"@id\":\"https:\/\/archivehub.io\/de\/partners\/\",\"url\":\"https:\/\/archivehub.io\/de\/partners\/\",\"name\":\"Partners - ArchiveHub.io\",\"isPartOf\":{\"@id\":\"https:\/\/archivehub.io\/de\/#website\"},\"datePublished\":\"2023-03-25T20:39:27+00:00\",\"dateModified\":\"2023-04-09T08:08:33+00:00\",\"description\":\"ArchiveHub arbeitet mit Wiederverk\u00e4ufern, Dienstanbietern und Technologieexperten auf der ganzen Welt zusammen. Gemeinsam helfen ArchiveHub und das Partner-\u00d6kosystem Organisationen dabei, neue Gesch\u00e4fte voranzutreiben, Wettbewerbsvorteile zu schaffen und einen nachweisbaren Gesch\u00e4ftswert zu schaffen\",\"inLanguage\":\"de\",\"potentialAction\":[{\"@type\":\"ReadAction\",\"target\":[\"https:\/\/archivehub.io\/de\/partners\/\"]}]},{\"@type\":\"WebSite\",\"@id\":\"https:\/\/archivehub.io\/de\/#website\",\"url\":\"https:\/\/archivehub.io\/de\/\",\"name\":\"ArchiveHub.io\",\"description\":\"SAP Archived Data Reporting Made Easy\",\"publisher\":{\"@id\":\"https:\/\/archivehub.io\/de\/#organization\"},\"potentialAction\":[{\"@type\":\"SearchAction\",\"target\":{\"@type\":\"EntryPoint\",\"urlTemplate\":\"https:\/\/archivehub.io\/de\/?s={search_term_string}\"},\"query-input\":{\"@type\":\"PropertyValueSpecification\",\"valueRequired\":true,\"valueName\":\"search_term_string\"}}],\"inLanguage\":\"de\"},{\"@type\":\"Organization\",\"@id\":\"https:\/\/archivehub.io\/de\/#organization\",\"name\":\"ArchiveHub.io\",\"url\":\"https:\/\/archivehub.io\/de\/\",\"logo\":{\"@type\":\"ImageObject\",\"inLanguage\":\"de\",\"@id\":\"https:\/\/archivehub.io\/de\/#\/schema\/logo\/image\/\",\"url\":\"https:\/\/archivehub.io\/wp-content\/uploads\/2023\/03\/350px.png\",\"contentUrl\":\"https:\/\/archivehub.io\/wp-content\/uploads\/2023\/03\/350px.png\",\"width\":351,\"height\":77,\"caption\":\"ArchiveHub.io\"},\"image\":{\"@id\":\"https:\/\/archivehub.io\/de\/#\/schema\/logo\/image\/\"},\"sameAs\":[\"https:\/\/www.facebook.com\/people\/ArchiveHubio\/100091316926341\/\"]}]}<\/script>\n<!-- \/ Yoast SEO plugin. -->","yoast_head_json":{"title":"Partners - ArchiveHub.io","description":"ArchiveHub arbeitet mit Wiederverk\u00e4ufern, Dienstanbietern und Technologieexperten auf der ganzen Welt zusammen. Gemeinsam helfen ArchiveHub und das Partner-\u00d6kosystem Organisationen dabei, neue Gesch\u00e4fte voranzutreiben, Wettbewerbsvorteile zu schaffen und einen nachweisbaren Gesch\u00e4ftswert zu schaffen","robots":{"index":"index","follow":"follow","max-snippet":"max-snippet:-1","max-image-preview":"max-image-preview:large","max-video-preview":"max-video-preview:-1"},"canonical":"https:\/\/archivehub.io\/de\/partners\/","og_locale":"de_DE","og_type":"article","og_title":"Partners - ArchiveHub.io","og_description":"ArchiveHub arbeitet mit Wiederverk\u00e4ufern, Dienstanbietern und Technologieexperten auf der ganzen Welt zusammen. Gemeinsam helfen ArchiveHub und das Partner-\u00d6kosystem Organisationen dabei, neue Gesch\u00e4fte voranzutreiben, Wettbewerbsvorteile zu schaffen und einen nachweisbaren Gesch\u00e4ftswert zu schaffen","og_url":"https:\/\/archivehub.io\/de\/partners\/","og_site_name":"ArchiveHub.io","article_publisher":"https:\/\/www.facebook.com\/people\/ArchiveHubio\/100091316926341\/","article_modified_time":"2023-04-09T08:08:33+00:00","twitter_card":"summary_large_image","twitter_misc":{"Gesch\u00e4tzte Lesezeit":"1\u00a0Minute"},"schema":{"@context":"https:\/\/schema.org","@graph":[{"@type":"WebPage","@id":"https:\/\/archivehub.io\/de\/partners\/","url":"https:\/\/archivehub.io\/de\/partners\/","name":"Partners - ArchiveHub.io","isPartOf":{"@id":"https:\/\/archivehub.io\/de\/#website"},"datePublished":"2023-03-25T20:39:27+00:00","dateModified":"2023-04-09T08:08:33+00:00","description":"ArchiveHub arbeitet mit Wiederverk\u00e4ufern, Dienstanbietern und Technologieexperten auf der ganzen Welt zusammen. Gemeinsam helfen ArchiveHub und das Partner-\u00d6kosystem Organisationen dabei, neue Gesch\u00e4fte voranzutreiben, Wettbewerbsvorteile zu schaffen und einen nachweisbaren Gesch\u00e4ftswert zu schaffen","inLanguage":"de","potentialAction":[{"@type":"ReadAction","target":["https:\/\/archivehub.io\/de\/partners\/"]}]},{"@type":"WebSite","@id":"https:\/\/archivehub.io\/de\/#website","url":"https:\/\/archivehub.io\/de\/","name":"ArchiveHub.io","description":"SAP Archived Data Reporting Made Easy","publisher":{"@id":"https:\/\/archivehub.io\/de\/#organization"},"potentialAction":[{"@type":"SearchAction","target":{"@type":"EntryPoint","urlTemplate":"https:\/\/archivehub.io\/de\/?s={search_term_string}"},"query-input":{"@type":"PropertyValueSpecification","valueRequired":true,"valueName":"search_term_string"}}],"inLanguage":"de"},{"@type":"Organization","@id":"https:\/\/archivehub.io\/de\/#organization","name":"ArchiveHub.io","url":"https:\/\/archivehub.io\/de\/","logo":{"@type":"ImageObject","inLanguage":"de","@id":"https:\/\/archivehub.io\/de\/#\/schema\/logo\/image\/","url":"https:\/\/archivehub.io\/wp-content\/uploads\/2023\/03\/350px.png","contentUrl":"https:\/\/archivehub.io\/wp-content\/uploads\/2023\/03\/350px.png","width":351,"height":77,"caption":"ArchiveHub.io"},"image":{"@id":"https:\/\/archivehub.io\/de\/#\/schema\/logo\/image\/"},"sameAs":["https:\/\/www.facebook.com\/people\/ArchiveHubio\/100091316926341\/"]}]}},"_links":{"self":[{"href":"https:\/\/archivehub.io\/de\/wp-json\/wp\/v2\/pages\/4851","targetHints":{"allow":["GET"]}}],"collection":[{"href":"https:\/\/archivehub.io\/de\/wp-json\/wp\/v2\/pages"}],"about":[{"href":"https:\/\/archivehub.io\/de\/wp-json\/wp\/v2\/types\/page"}],"author":[{"embeddable":true,"href":"https:\/\/archivehub.io\/de\/wp-json\/wp\/v2\/users\/1"}],"replies":[{"embeddable":true,"href":"https:\/\/archivehub.io\/de\/wp-json\/wp\/v2\/comments?post=4851"}],"version-history":[{"count":1,"href":"https:\/\/archivehub.io\/de\/wp-json\/wp\/v2\/pages\/4851\/revisions"}],"predecessor-version":[{"id":4852,"href":"https:\/\/archivehub.io\/de\/wp-json\/wp\/v2\/pages\/4851\/revisions\/4852"}],"wp:attachment":[{"href":"https:\/\/archivehub.io\/de\/wp-json\/wp\/v2\/media?parent=4851"}],"curies":[{"name":"wp","href":"https:\/\/api.w.org\/{rel}","templated":true}]}}