{"id":4849,"date":"2023-03-25T11:43:12","date_gmt":"2023-03-25T11:43:12","guid":{"rendered":"https:\/\/archivehub.io\/loesung-zur-stilllegung-alter-erp-systeme-auf-basis-von-sap-btp\/"},"modified":"2023-04-09T07:59:54","modified_gmt":"2023-04-09T07:59:54","slug":"loesung-zur-stilllegung-alter-erp-systeme-auf-basis-von-sap-btp","status":"publish","type":"page","link":"https:\/\/archivehub.io\/de\/loesung-zur-stilllegung-alter-erp-systeme-auf-basis-von-sap-btp\/","title":{"rendered":"L\u00f6sung zur Stilllegung alter ERP-Systeme auf Basis von SAP BTP"},"content":{"rendered":"\t\t<div data-elementor-type=\"wp-page\" data-elementor-id=\"4849\" class=\"elementor elementor-4849 elementor-2763\">\n\t\t\t\t\t\t<section class=\"elementor-section elementor-top-section elementor-element elementor-element-8fd573e elementor-section-boxed elementor-section-height-default elementor-section-height-default\" data-id=\"8fd573e\" data-element_type=\"section\">\n\t\t\t\t\t\t<div class=\"elementor-container elementor-column-gap-default\">\n\t\t\t\t\t<div class=\"elementor-column elementor-col-50 elementor-top-column elementor-element elementor-element-5c9dbd6\" data-id=\"5c9dbd6\" data-element_type=\"column\">\n\t\t\t<div class=\"elementor-widget-wrap elementor-element-populated\">\n\t\t\t\t\t\t<div class=\"elementor-element elementor-element-7dbb16e elementor-widget elementor-widget-image\" data-id=\"7dbb16e\" data-element_type=\"widget\" data-widget_type=\"image.default\">\n\t\t\t\t<div class=\"elementor-widget-container\">\n\t\t\t\t\t\t\t\t\t\t\t\t\t\t\t<img fetchpriority=\"high\" decoding=\"async\" width=\"530\" height=\"350\" src=\"https:\/\/archivehub.io\/wp-content\/uploads\/2023\/03\/legacy_decom_btp.png\" class=\"attachment-large size-large wp-image-4614\" alt=\"\" srcset=\"https:\/\/archivehub.io\/wp-content\/uploads\/2023\/03\/legacy_decom_btp.png 530w, https:\/\/archivehub.io\/wp-content\/uploads\/2023\/03\/legacy_decom_btp-300x198.png 300w\" sizes=\"(max-width: 530px) 100vw, 530px\" \/>\t\t\t\t\t\t\t\t\t\t\t\t\t\t\t<\/div>\n\t\t\t\t<\/div>\n\t\t\t\t\t<\/div>\n\t\t<\/div>\n\t\t\t\t<div class=\"elementor-column elementor-col-50 elementor-top-column elementor-element elementor-element-78e471c\" data-id=\"78e471c\" data-element_type=\"column\">\n\t\t\t<div class=\"elementor-widget-wrap elementor-element-populated\">\n\t\t\t\t\t\t<div class=\"elementor-element elementor-element-5155402 elementor-widget elementor-widget-text-editor\" data-id=\"5155402\" data-element_type=\"widget\" data-widget_type=\"text-editor.default\">\n\t\t\t\t<div class=\"elementor-widget-container\">\n\t\t\t\t\t\t\t\t\t<p>Entdecken Sie eine einfache und leistungsstarke L\u00f6sung zur Umwandlung von Altlasten, die mit allen ERP-Systemen und Datenbanken kompatibel ist.<\/p>\n<ul>\n<li>Ausgliederung oder vollst\u00e4ndige Stilllegung von Altlasten mit schneller Bereitstellung sowohl f\u00fcr strukturierte als auch f\u00fcr unstrukturierte Daten.<\/li>\n<li>Benutzerfreundliche SAPUI5-Schnittstelle mit nahtlosem Zugriff auf Altdaten und 100%iger Genauigkeit.<\/li>\n<li>Mehr als 100 vorgefertigte Berichte sowie ein Ad-Hoc-Abfrageprogramm, das Folgendes erm\u00f6glicht<br \/>Benutzer k\u00f6nnen bei Bedarf ihre eigenen Berichte erstellen<\/li>\n<li>Integrierte Content-Management-L\u00f6sung auf der Basis von CMIS<br \/>Open-Source-L\u00f6sung mit niedrigeren Lizenzkosten und unbegrenztem Benutzerzugang<\/li>\n<\/ul>\n\t\t\t\t\t\t\t\t<\/div>\n\t\t\t\t<\/div>\n\t\t\t\t\t<\/div>\n\t\t<\/div>\n\t\t\t\t\t<\/div>\n\t\t<\/section>\n\t\t\t\t<section class=\"elementor-section elementor-top-section elementor-element elementor-element-d6599c7 elementor-section-boxed elementor-section-height-default elementor-section-height-default\" data-id=\"d6599c7\" data-element_type=\"section\">\n\t\t\t\t\t\t<div class=\"elementor-container elementor-column-gap-default\">\n\t\t\t\t\t<div class=\"elementor-column elementor-col-100 elementor-top-column elementor-element elementor-element-4934219\" data-id=\"4934219\" data-element_type=\"column\">\n\t\t\t<div class=\"elementor-widget-wrap elementor-element-populated\">\n\t\t\t\t\t\t<div class=\"elementor-element elementor-element-b08c789 elementor-widget elementor-widget-text-editor\" data-id=\"b08c789\" data-element_type=\"widget\" data-widget_type=\"text-editor.default\">\n\t\t\t\t<div class=\"elementor-widget-container\">\n\t\t\t\t\t\t\t\t\t<p>Ein komplettes Konzept f\u00fcr die Abschaltung von Altsystemen und die Zusammenf\u00fchrung der Daten aus SAP- und Nicht-SAP-Software an einem zentralen Ort in SAP BTP.<\/p>\n<p>Erzielen Sie Kosteneinsparungen und eine h\u00f6here Prozesseffizienz durch die Archivierung veralteter Daten in Open-Source-Speichersystemen.<\/p>\n\t\t\t\t\t\t\t\t<\/div>\n\t\t\t\t<\/div>\n\t\t\t\t\t<\/div>\n\t\t<\/div>\n\t\t\t\t\t<\/div>\n\t\t<\/section>\n\t\t\t\t<\/div>\n\t\t","protected":false},"excerpt":{"rendered":"<p>Entdecken Sie eine einfache und leistungsstarke L\u00f6sung zur Umwandlung von Altlasten, die mit allen ERP-Systemen und Datenbanken kompatibel ist. Ausgliederung oder vollst\u00e4ndige Stilllegung von Altlasten mit schneller Bereitstellung sowohl f\u00fcr strukturierte als auch f\u00fcr unstrukturierte Daten. Benutzerfreundliche SAPUI5-Schnittstelle mit nahtlosem Zugriff auf Altdaten und 100%iger Genauigkeit. Mehr als 100 vorgefertigte Berichte sowie ein Ad-Hoc-Abfrageprogramm, das [&hellip;]<\/p>\n","protected":false},"author":1,"featured_media":0,"parent":0,"menu_order":0,"comment_status":"closed","ping_status":"closed","template":"","meta":{"om_disable_all_campaigns":false,"_monsterinsights_skip_tracking":false,"_monsterinsights_sitenote_active":false,"_monsterinsights_sitenote_note":"","_monsterinsights_sitenote_category":0,"footnotes":""},"class_list":["post-4849","page","type-page","status-publish","hentry"],"aioseo_notices":[],"yoast_head":"<!-- This site is optimized with the Yoast SEO plugin v25.0 - https:\/\/yoast.com\/wordpress\/plugins\/seo\/ -->\n<title>L\u00f6sung zur Stilllegung alter ERP-Systeme auf Basis von SAP BTP - ArchiveHub.io<\/title>\n<meta name=\"description\" content=\"Entdecken Sie eine einfache und leistungsstarke L\u00f6sung f\u00fcr die Umwandlung von Altdaten, die mit allen ERP-Systemen und Datenbanken kompatibel ist.Ausgliederung oder vollst\u00e4ndige Stilllegung von Altdaten mit schneller Bereitstellung f\u00fcr strukturierte und unstrukturierte Daten.Benutzerfreundliche SAPUI5-Schnittstelle mit nahtlosem Zugriff auf Altdaten und 100-prozentiger Genauigkeit.Mehr als 100 vorgefertigte Berichte sowie ein Ad-Hoc-Query-Builder, mit dem Benutzer bei Bedarf eigene Berichte erstellen k\u00f6nnen.Integrierte Content-Management-L\u00f6sung auf der Basis von CMISOpen-Source-L\u00f6sung mit niedrigeren Lizenzkosten und unbegrenztem Benutzerzugriff\" \/>\n<meta name=\"robots\" content=\"index, follow, max-snippet:-1, max-image-preview:large, max-video-preview:-1\" \/>\n<link rel=\"canonical\" href=\"https:\/\/archivehub.io\/de\/loesung-zur-stilllegung-alter-erp-systeme-auf-basis-von-sap-btp\/\" \/>\n<meta property=\"og:locale\" content=\"de_DE\" \/>\n<meta property=\"og:type\" content=\"article\" \/>\n<meta property=\"og:title\" content=\"L\u00f6sung zur Stilllegung alter ERP-Systeme auf Basis von SAP BTP - ArchiveHub.io\" \/>\n<meta property=\"og:description\" content=\"Entdecken Sie eine einfache und leistungsstarke L\u00f6sung f\u00fcr die Umwandlung von Altdaten, die mit allen ERP-Systemen und Datenbanken kompatibel ist.Ausgliederung oder vollst\u00e4ndige Stilllegung von Altdaten mit schneller Bereitstellung f\u00fcr strukturierte und unstrukturierte Daten.Benutzerfreundliche SAPUI5-Schnittstelle mit nahtlosem Zugriff auf Altdaten und 100-prozentiger Genauigkeit.Mehr als 100 vorgefertigte Berichte sowie ein Ad-Hoc-Query-Builder, mit dem Benutzer bei Bedarf eigene Berichte erstellen k\u00f6nnen.Integrierte Content-Management-L\u00f6sung auf der Basis von CMISOpen-Source-L\u00f6sung mit niedrigeren Lizenzkosten und unbegrenztem Benutzerzugriff\" \/>\n<meta property=\"og:url\" content=\"https:\/\/archivehub.io\/de\/loesung-zur-stilllegung-alter-erp-systeme-auf-basis-von-sap-btp\/\" \/>\n<meta property=\"og:site_name\" content=\"ArchiveHub.io\" \/>\n<meta property=\"article:publisher\" content=\"https:\/\/www.facebook.com\/people\/ArchiveHubio\/100091316926341\/\" \/>\n<meta property=\"article:modified_time\" content=\"2023-04-09T07:59:54+00:00\" \/>\n<meta property=\"og:image\" content=\"https:\/\/archivehub.io\/wp-content\/uploads\/2023\/03\/legacy_decom_btp.png\" \/>\n<meta name=\"twitter:card\" content=\"summary_large_image\" \/>\n<meta name=\"twitter:label1\" content=\"Gesch\u00e4tzte Lesezeit\" \/>\n\t<meta name=\"twitter:data1\" content=\"1\u00a0Minute\" \/>\n<script type=\"application\/ld+json\" class=\"yoast-schema-graph\">{\"@context\":\"https:\/\/schema.org\",\"@graph\":[{\"@type\":\"WebPage\",\"@id\":\"https:\/\/archivehub.io\/de\/loesung-zur-stilllegung-alter-erp-systeme-auf-basis-von-sap-btp\/\",\"url\":\"https:\/\/archivehub.io\/de\/loesung-zur-stilllegung-alter-erp-systeme-auf-basis-von-sap-btp\/\",\"name\":\"L\u00f6sung zur Stilllegung alter ERP-Systeme auf Basis von SAP BTP - ArchiveHub.io\",\"isPartOf\":{\"@id\":\"https:\/\/archivehub.io\/de\/#website\"},\"primaryImageOfPage\":{\"@id\":\"https:\/\/archivehub.io\/de\/loesung-zur-stilllegung-alter-erp-systeme-auf-basis-von-sap-btp\/#primaryimage\"},\"image\":{\"@id\":\"https:\/\/archivehub.io\/de\/loesung-zur-stilllegung-alter-erp-systeme-auf-basis-von-sap-btp\/#primaryimage\"},\"thumbnailUrl\":\"https:\/\/archivehub.io\/wp-content\/uploads\/2023\/03\/legacy_decom_btp.png\",\"datePublished\":\"2023-03-25T11:43:12+00:00\",\"dateModified\":\"2023-04-09T07:59:54+00:00\",\"description\":\"Entdecken Sie eine einfache und leistungsstarke L\u00f6sung f\u00fcr die Umwandlung von Altdaten, die mit allen ERP-Systemen und Datenbanken kompatibel ist.Ausgliederung oder vollst\u00e4ndige Stilllegung von Altdaten mit schneller Bereitstellung f\u00fcr strukturierte und unstrukturierte Daten.Benutzerfreundliche SAPUI5-Schnittstelle mit nahtlosem Zugriff auf Altdaten und 100-prozentiger Genauigkeit.Mehr als 100 vorgefertigte Berichte sowie ein Ad-Hoc-Query-Builder, mit dem Benutzer bei Bedarf eigene Berichte erstellen k\u00f6nnen.Integrierte Content-Management-L\u00f6sung auf der Basis von CMISOpen-Source-L\u00f6sung mit niedrigeren Lizenzkosten und unbegrenztem Benutzerzugriff\",\"inLanguage\":\"de\",\"potentialAction\":[{\"@type\":\"ReadAction\",\"target\":[\"https:\/\/archivehub.io\/de\/loesung-zur-stilllegung-alter-erp-systeme-auf-basis-von-sap-btp\/\"]}]},{\"@type\":\"ImageObject\",\"inLanguage\":\"de\",\"@id\":\"https:\/\/archivehub.io\/de\/loesung-zur-stilllegung-alter-erp-systeme-auf-basis-von-sap-btp\/#primaryimage\",\"url\":\"https:\/\/archivehub.io\/wp-content\/uploads\/2023\/03\/legacy_decom_btp.png\",\"contentUrl\":\"https:\/\/archivehub.io\/wp-content\/uploads\/2023\/03\/legacy_decom_btp.png\"},{\"@type\":\"WebSite\",\"@id\":\"https:\/\/archivehub.io\/de\/#website\",\"url\":\"https:\/\/archivehub.io\/de\/\",\"name\":\"ArchiveHub.io\",\"description\":\"SAP Archived Data Reporting Made Easy\",\"publisher\":{\"@id\":\"https:\/\/archivehub.io\/de\/#organization\"},\"potentialAction\":[{\"@type\":\"SearchAction\",\"target\":{\"@type\":\"EntryPoint\",\"urlTemplate\":\"https:\/\/archivehub.io\/de\/?s={search_term_string}\"},\"query-input\":{\"@type\":\"PropertyValueSpecification\",\"valueRequired\":true,\"valueName\":\"search_term_string\"}}],\"inLanguage\":\"de\"},{\"@type\":\"Organization\",\"@id\":\"https:\/\/archivehub.io\/de\/#organization\",\"name\":\"ArchiveHub.io\",\"url\":\"https:\/\/archivehub.io\/de\/\",\"logo\":{\"@type\":\"ImageObject\",\"inLanguage\":\"de\",\"@id\":\"https:\/\/archivehub.io\/de\/#\/schema\/logo\/image\/\",\"url\":\"https:\/\/archivehub.io\/wp-content\/uploads\/2023\/03\/350px.png\",\"contentUrl\":\"https:\/\/archivehub.io\/wp-content\/uploads\/2023\/03\/350px.png\",\"width\":351,\"height\":77,\"caption\":\"ArchiveHub.io\"},\"image\":{\"@id\":\"https:\/\/archivehub.io\/de\/#\/schema\/logo\/image\/\"},\"sameAs\":[\"https:\/\/www.facebook.com\/people\/ArchiveHubio\/100091316926341\/\"]}]}<\/script>\n<!-- \/ Yoast SEO plugin. -->","yoast_head_json":{"title":"L\u00f6sung zur Stilllegung alter ERP-Systeme auf Basis von SAP BTP - ArchiveHub.io","description":"Entdecken Sie eine einfache und leistungsstarke L\u00f6sung f\u00fcr die Umwandlung von Altdaten, die mit allen ERP-Systemen und Datenbanken kompatibel ist.Ausgliederung oder vollst\u00e4ndige Stilllegung von Altdaten mit schneller Bereitstellung f\u00fcr strukturierte und unstrukturierte Daten.Benutzerfreundliche SAPUI5-Schnittstelle mit nahtlosem Zugriff auf Altdaten und 100-prozentiger Genauigkeit.Mehr als 100 vorgefertigte Berichte sowie ein Ad-Hoc-Query-Builder, mit dem Benutzer bei Bedarf eigene Berichte erstellen k\u00f6nnen.Integrierte Content-Management-L\u00f6sung auf der Basis von CMISOpen-Source-L\u00f6sung mit niedrigeren Lizenzkosten und unbegrenztem Benutzerzugriff","robots":{"index":"index","follow":"follow","max-snippet":"max-snippet:-1","max-image-preview":"max-image-preview:large","max-video-preview":"max-video-preview:-1"},"canonical":"https:\/\/archivehub.io\/de\/loesung-zur-stilllegung-alter-erp-systeme-auf-basis-von-sap-btp\/","og_locale":"de_DE","og_type":"article","og_title":"L\u00f6sung zur Stilllegung alter ERP-Systeme auf Basis von SAP BTP - ArchiveHub.io","og_description":"Entdecken Sie eine einfache und leistungsstarke L\u00f6sung f\u00fcr die Umwandlung von Altdaten, die mit allen ERP-Systemen und Datenbanken kompatibel ist.Ausgliederung oder vollst\u00e4ndige Stilllegung von Altdaten mit schneller Bereitstellung f\u00fcr strukturierte und unstrukturierte Daten.Benutzerfreundliche SAPUI5-Schnittstelle mit nahtlosem Zugriff auf Altdaten und 100-prozentiger Genauigkeit.Mehr als 100 vorgefertigte Berichte sowie ein Ad-Hoc-Query-Builder, mit dem Benutzer bei Bedarf eigene Berichte erstellen k\u00f6nnen.Integrierte Content-Management-L\u00f6sung auf der Basis von CMISOpen-Source-L\u00f6sung mit niedrigeren Lizenzkosten und unbegrenztem Benutzerzugriff","og_url":"https:\/\/archivehub.io\/de\/loesung-zur-stilllegung-alter-erp-systeme-auf-basis-von-sap-btp\/","og_site_name":"ArchiveHub.io","article_publisher":"https:\/\/www.facebook.com\/people\/ArchiveHubio\/100091316926341\/","article_modified_time":"2023-04-09T07:59:54+00:00","og_image":[{"url":"https:\/\/archivehub.io\/wp-content\/uploads\/2023\/03\/legacy_decom_btp.png","type":"","width":"","height":""}],"twitter_card":"summary_large_image","twitter_misc":{"Gesch\u00e4tzte Lesezeit":"1\u00a0Minute"},"schema":{"@context":"https:\/\/schema.org","@graph":[{"@type":"WebPage","@id":"https:\/\/archivehub.io\/de\/loesung-zur-stilllegung-alter-erp-systeme-auf-basis-von-sap-btp\/","url":"https:\/\/archivehub.io\/de\/loesung-zur-stilllegung-alter-erp-systeme-auf-basis-von-sap-btp\/","name":"L\u00f6sung zur Stilllegung alter ERP-Systeme auf Basis von SAP BTP - ArchiveHub.io","isPartOf":{"@id":"https:\/\/archivehub.io\/de\/#website"},"primaryImageOfPage":{"@id":"https:\/\/archivehub.io\/de\/loesung-zur-stilllegung-alter-erp-systeme-auf-basis-von-sap-btp\/#primaryimage"},"image":{"@id":"https:\/\/archivehub.io\/de\/loesung-zur-stilllegung-alter-erp-systeme-auf-basis-von-sap-btp\/#primaryimage"},"thumbnailUrl":"https:\/\/archivehub.io\/wp-content\/uploads\/2023\/03\/legacy_decom_btp.png","datePublished":"2023-03-25T11:43:12+00:00","dateModified":"2023-04-09T07:59:54+00:00","description":"Entdecken Sie eine einfache und leistungsstarke L\u00f6sung f\u00fcr die Umwandlung von Altdaten, die mit allen ERP-Systemen und Datenbanken kompatibel ist.Ausgliederung oder vollst\u00e4ndige Stilllegung von Altdaten mit schneller Bereitstellung f\u00fcr strukturierte und unstrukturierte Daten.Benutzerfreundliche SAPUI5-Schnittstelle mit nahtlosem Zugriff auf Altdaten und 100-prozentiger Genauigkeit.Mehr als 100 vorgefertigte Berichte sowie ein Ad-Hoc-Query-Builder, mit dem Benutzer bei Bedarf eigene Berichte erstellen k\u00f6nnen.Integrierte Content-Management-L\u00f6sung auf der Basis von CMISOpen-Source-L\u00f6sung mit niedrigeren Lizenzkosten und unbegrenztem Benutzerzugriff","inLanguage":"de","potentialAction":[{"@type":"ReadAction","target":["https:\/\/archivehub.io\/de\/loesung-zur-stilllegung-alter-erp-systeme-auf-basis-von-sap-btp\/"]}]},{"@type":"ImageObject","inLanguage":"de","@id":"https:\/\/archivehub.io\/de\/loesung-zur-stilllegung-alter-erp-systeme-auf-basis-von-sap-btp\/#primaryimage","url":"https:\/\/archivehub.io\/wp-content\/uploads\/2023\/03\/legacy_decom_btp.png","contentUrl":"https:\/\/archivehub.io\/wp-content\/uploads\/2023\/03\/legacy_decom_btp.png"},{"@type":"WebSite","@id":"https:\/\/archivehub.io\/de\/#website","url":"https:\/\/archivehub.io\/de\/","name":"ArchiveHub.io","description":"SAP Archived Data Reporting Made Easy","publisher":{"@id":"https:\/\/archivehub.io\/de\/#organization"},"potentialAction":[{"@type":"SearchAction","target":{"@type":"EntryPoint","urlTemplate":"https:\/\/archivehub.io\/de\/?s={search_term_string}"},"query-input":{"@type":"PropertyValueSpecification","valueRequired":true,"valueName":"search_term_string"}}],"inLanguage":"de"},{"@type":"Organization","@id":"https:\/\/archivehub.io\/de\/#organization","name":"ArchiveHub.io","url":"https:\/\/archivehub.io\/de\/","logo":{"@type":"ImageObject","inLanguage":"de","@id":"https:\/\/archivehub.io\/de\/#\/schema\/logo\/image\/","url":"https:\/\/archivehub.io\/wp-content\/uploads\/2023\/03\/350px.png","contentUrl":"https:\/\/archivehub.io\/wp-content\/uploads\/2023\/03\/350px.png","width":351,"height":77,"caption":"ArchiveHub.io"},"image":{"@id":"https:\/\/archivehub.io\/de\/#\/schema\/logo\/image\/"},"sameAs":["https:\/\/www.facebook.com\/people\/ArchiveHubio\/100091316926341\/"]}]}},"_links":{"self":[{"href":"https:\/\/archivehub.io\/de\/wp-json\/wp\/v2\/pages\/4849","targetHints":{"allow":["GET"]}}],"collection":[{"href":"https:\/\/archivehub.io\/de\/wp-json\/wp\/v2\/pages"}],"about":[{"href":"https:\/\/archivehub.io\/de\/wp-json\/wp\/v2\/types\/page"}],"author":[{"embeddable":true,"href":"https:\/\/archivehub.io\/de\/wp-json\/wp\/v2\/users\/1"}],"replies":[{"embeddable":true,"href":"https:\/\/archivehub.io\/de\/wp-json\/wp\/v2\/comments?post=4849"}],"version-history":[{"count":1,"href":"https:\/\/archivehub.io\/de\/wp-json\/wp\/v2\/pages\/4849\/revisions"}],"predecessor-version":[{"id":4850,"href":"https:\/\/archivehub.io\/de\/wp-json\/wp\/v2\/pages\/4849\/revisions\/4850"}],"wp:attachment":[{"href":"https:\/\/archivehub.io\/de\/wp-json\/wp\/v2\/media?parent=4849"}],"curies":[{"name":"wp","href":"https:\/\/api.w.org\/{rel}","templated":true}]}}