{"id":4841,"date":"2023-03-25T10:57:58","date_gmt":"2023-03-25T10:57:58","guid":{"rendered":"https:\/\/archivehub.io\/archivehub-archivdatenauswertung-fuer-sap-ilm-rw\/"},"modified":"2023-04-09T07:51:21","modified_gmt":"2023-04-09T07:51:21","slug":"archivehub-archivdatenauswertung-fuer-sap-ilm-rw","status":"publish","type":"page","link":"https:\/\/archivehub.io\/de\/archivehub-archivdatenauswertung-fuer-sap-ilm-rw\/","title":{"rendered":"ArchiveHub Archivdatenauswertung f\u00fcr SAP ILM RW"},"content":{"rendered":"\t\t<div data-elementor-type=\"wp-page\" data-elementor-id=\"4841\" class=\"elementor elementor-4841 elementor-2724\">\n\t\t\t\t\t\t<section class=\"elementor-section elementor-top-section elementor-element elementor-element-873f148 elementor-section-boxed elementor-section-height-default elementor-section-height-default\" data-id=\"873f148\" data-element_type=\"section\">\n\t\t\t\t\t\t<div class=\"elementor-container elementor-column-gap-default\">\n\t\t\t\t\t<div class=\"elementor-column elementor-col-50 elementor-top-column elementor-element elementor-element-ef1f173\" data-id=\"ef1f173\" data-element_type=\"column\">\n\t\t\t<div class=\"elementor-widget-wrap elementor-element-populated\">\n\t\t\t\t\t\t<div class=\"elementor-element elementor-element-d40729b elementor-widget elementor-widget-image\" data-id=\"d40729b\" data-element_type=\"widget\" data-widget_type=\"image.default\">\n\t\t\t\t<div class=\"elementor-widget-container\">\n\t\t\t\t\t\t\t\t\t\t\t\t\t\t\t<img fetchpriority=\"high\" decoding=\"async\" width=\"530\" height=\"350\" src=\"https:\/\/archivehub.io\/wp-content\/uploads\/2023\/03\/ilm_rw2.png\" class=\"attachment-large size-large wp-image-4629\" alt=\"\" srcset=\"https:\/\/archivehub.io\/wp-content\/uploads\/2023\/03\/ilm_rw2.png 530w, https:\/\/archivehub.io\/wp-content\/uploads\/2023\/03\/ilm_rw2-300x198.png 300w\" sizes=\"(max-width: 530px) 100vw, 530px\" \/>\t\t\t\t\t\t\t\t\t\t\t\t\t\t\t<\/div>\n\t\t\t\t<\/div>\n\t\t\t\t\t<\/div>\n\t\t<\/div>\n\t\t\t\t<div class=\"elementor-column elementor-col-50 elementor-top-column elementor-element elementor-element-35a9970\" data-id=\"35a9970\" data-element_type=\"column\">\n\t\t\t<div class=\"elementor-widget-wrap elementor-element-populated\">\n\t\t\t\t\t\t<div class=\"elementor-element elementor-element-5c9e92c elementor-widget elementor-widget-text-editor\" data-id=\"5c9e92c\" data-element_type=\"widget\" data-widget_type=\"text-editor.default\">\n\t\t\t\t<div class=\"elementor-widget-container\">\n\t\t\t\t\t\t\t\t\t<p>Der Einsatz von SAP ILM mit RW als L\u00f6sung f\u00fcr die Systemstilllegung bietet eine Reihe von Funktionen und M\u00f6glichkeiten f\u00fcr die effektive Stilllegung eines gesamten Systems. ArchiveHub hat die Funktionalit\u00e4t des Produkts durch die Einbindung von Tools und nativen Fiori-Best-Practice-Inhalten erweitert, die aus mehreren erfolgreichen Projekten stammen. Durch diese Verbesserung werden nicht nur wichtige Funktionen hinzugef\u00fcgt, sondern auch die Gesamtkosten des Projekts gesenkt.<\/p>\n<p>Infolgedessen wird die Stilllegung von Systemen f\u00fcr die Kunden immer interessanter, da sie dadurch Kosten sparen, das Risiko des Betriebs veralteter Software\/Hardware minimieren und die Anforderungen an die Datenkonformit\u00e4t einhalten k\u00f6nnen. ArchiveHub Archive Data Reporting for SAP ILM RW bietet alle erforderlichen Berichte, einschlie\u00dflich der benutzerdefinierten Objekte, sofort nach der Installation.<\/p>\n\t\t\t\t\t\t\t\t<\/div>\n\t\t\t\t<\/div>\n\t\t\t\t\t<\/div>\n\t\t<\/div>\n\t\t\t\t\t<\/div>\n\t\t<\/section>\n\t\t\t\t<section class=\"elementor-section elementor-top-section elementor-element elementor-element-15ded65 elementor-section-boxed elementor-section-height-default elementor-section-height-default\" data-id=\"15ded65\" data-element_type=\"section\">\n\t\t\t\t\t\t<div class=\"elementor-container elementor-column-gap-default\">\n\t\t\t\t\t<div class=\"elementor-column elementor-col-100 elementor-top-column elementor-element elementor-element-38458ce\" data-id=\"38458ce\" data-element_type=\"column\">\n\t\t\t<div class=\"elementor-widget-wrap elementor-element-populated\">\n\t\t\t\t\t\t<div class=\"elementor-element elementor-element-6a76fd3 elementor-widget elementor-widget-text-editor\" data-id=\"6a76fd3\" data-element_type=\"widget\" data-widget_type=\"text-editor.default\">\n\t\t\t\t<div class=\"elementor-widget-container\">\n\t\t\t\t\t\t\t\t\t<p>* Fragen Sie nach unserer schnellen Bereitstellung von ILM RW f\u00fcr Altsysteme und Berichte<\/p>\n\t\t\t\t\t\t\t\t<\/div>\n\t\t\t\t<\/div>\n\t\t\t\t\t<\/div>\n\t\t<\/div>\n\t\t\t\t\t<\/div>\n\t\t<\/section>\n\t\t\t\t<\/div>\n\t\t","protected":false},"excerpt":{"rendered":"<p>Der Einsatz von SAP ILM mit RW als L\u00f6sung f\u00fcr die Systemstilllegung bietet eine Reihe von Funktionen und M\u00f6glichkeiten f\u00fcr die effektive Stilllegung eines gesamten Systems. ArchiveHub hat die Funktionalit\u00e4t des Produkts durch die Einbindung von Tools und nativen Fiori-Best-Practice-Inhalten erweitert, die aus mehreren erfolgreichen Projekten stammen. Durch diese Verbesserung werden nicht nur wichtige Funktionen [&hellip;]<\/p>\n","protected":false},"author":1,"featured_media":0,"parent":0,"menu_order":0,"comment_status":"closed","ping_status":"closed","template":"","meta":{"om_disable_all_campaigns":false,"_monsterinsights_skip_tracking":false,"_monsterinsights_sitenote_active":false,"_monsterinsights_sitenote_note":"","_monsterinsights_sitenote_category":0,"footnotes":""},"class_list":["post-4841","page","type-page","status-publish","hentry"],"aioseo_notices":[],"yoast_head":"<!-- This site is optimized with the Yoast SEO plugin v25.0 - https:\/\/yoast.com\/wordpress\/plugins\/seo\/ -->\n<title>ArchiveHub Archivdatenauswertung f\u00fcr SAP ILM RW - ArchiveHub.io<\/title>\n<meta name=\"description\" content=\"Der Einsatz von SAP ILM mit RW als L\u00f6sung f\u00fcr die Systemstilllegung bietet eine Reihe von Funktionen und M\u00f6glichkeiten f\u00fcr die effektive Stilllegung eines gesamten Systems. ArchiveHub hat die Funktionalit\u00e4t des Produkts durch die Einbindung von Tools und nativen Fiori-Best-Practice-Inhalten erweitert, die aus mehreren erfolgreichen Projekten stammen. Durch diese Verbesserung werden nicht nur wichtige Funktionen hinzugef\u00fcgt, sondern auch die Gesamtkosten des Projekts gesenkt.\" \/>\n<meta name=\"robots\" content=\"index, follow, max-snippet:-1, max-image-preview:large, max-video-preview:-1\" \/>\n<link rel=\"canonical\" href=\"https:\/\/archivehub.io\/de\/archivehub-archivdatenauswertung-fuer-sap-ilm-rw\/\" \/>\n<meta property=\"og:locale\" content=\"de_DE\" \/>\n<meta property=\"og:type\" content=\"article\" \/>\n<meta property=\"og:title\" content=\"ArchiveHub Archivdatenauswertung f\u00fcr SAP ILM RW - ArchiveHub.io\" \/>\n<meta property=\"og:description\" content=\"Der Einsatz von SAP ILM mit RW als L\u00f6sung f\u00fcr die Systemstilllegung bietet eine Reihe von Funktionen und M\u00f6glichkeiten f\u00fcr die effektive Stilllegung eines gesamten Systems. ArchiveHub hat die Funktionalit\u00e4t des Produkts durch die Einbindung von Tools und nativen Fiori-Best-Practice-Inhalten erweitert, die aus mehreren erfolgreichen Projekten stammen. Durch diese Verbesserung werden nicht nur wichtige Funktionen hinzugef\u00fcgt, sondern auch die Gesamtkosten des Projekts gesenkt.\" \/>\n<meta property=\"og:url\" content=\"https:\/\/archivehub.io\/de\/archivehub-archivdatenauswertung-fuer-sap-ilm-rw\/\" \/>\n<meta property=\"og:site_name\" content=\"ArchiveHub.io\" \/>\n<meta property=\"article:publisher\" content=\"https:\/\/www.facebook.com\/people\/ArchiveHubio\/100091316926341\/\" \/>\n<meta property=\"article:modified_time\" content=\"2023-04-09T07:51:21+00:00\" \/>\n<meta property=\"og:image\" content=\"https:\/\/archivehub.io\/wp-content\/uploads\/2023\/03\/ilm_rw2.png\" \/>\n<meta name=\"twitter:card\" content=\"summary_large_image\" \/>\n<meta name=\"twitter:label1\" content=\"Gesch\u00e4tzte Lesezeit\" \/>\n\t<meta name=\"twitter:data1\" content=\"1\u00a0Minute\" \/>\n<script type=\"application\/ld+json\" class=\"yoast-schema-graph\">{\"@context\":\"https:\/\/schema.org\",\"@graph\":[{\"@type\":\"WebPage\",\"@id\":\"https:\/\/archivehub.io\/de\/archivehub-archivdatenauswertung-fuer-sap-ilm-rw\/\",\"url\":\"https:\/\/archivehub.io\/de\/archivehub-archivdatenauswertung-fuer-sap-ilm-rw\/\",\"name\":\"ArchiveHub Archivdatenauswertung f\u00fcr SAP ILM RW - ArchiveHub.io\",\"isPartOf\":{\"@id\":\"https:\/\/archivehub.io\/de\/#website\"},\"primaryImageOfPage\":{\"@id\":\"https:\/\/archivehub.io\/de\/archivehub-archivdatenauswertung-fuer-sap-ilm-rw\/#primaryimage\"},\"image\":{\"@id\":\"https:\/\/archivehub.io\/de\/archivehub-archivdatenauswertung-fuer-sap-ilm-rw\/#primaryimage\"},\"thumbnailUrl\":\"https:\/\/archivehub.io\/wp-content\/uploads\/2023\/03\/ilm_rw2.png\",\"datePublished\":\"2023-03-25T10:57:58+00:00\",\"dateModified\":\"2023-04-09T07:51:21+00:00\",\"description\":\"Der Einsatz von SAP ILM mit RW als L\u00f6sung f\u00fcr die Systemstilllegung bietet eine Reihe von Funktionen und M\u00f6glichkeiten f\u00fcr die effektive Stilllegung eines gesamten Systems. ArchiveHub hat die Funktionalit\u00e4t des Produkts durch die Einbindung von Tools und nativen Fiori-Best-Practice-Inhalten erweitert, die aus mehreren erfolgreichen Projekten stammen. Durch diese Verbesserung werden nicht nur wichtige Funktionen hinzugef\u00fcgt, sondern auch die Gesamtkosten des Projekts gesenkt.\",\"inLanguage\":\"de\",\"potentialAction\":[{\"@type\":\"ReadAction\",\"target\":[\"https:\/\/archivehub.io\/de\/archivehub-archivdatenauswertung-fuer-sap-ilm-rw\/\"]}]},{\"@type\":\"ImageObject\",\"inLanguage\":\"de\",\"@id\":\"https:\/\/archivehub.io\/de\/archivehub-archivdatenauswertung-fuer-sap-ilm-rw\/#primaryimage\",\"url\":\"https:\/\/archivehub.io\/wp-content\/uploads\/2023\/03\/ilm_rw2.png\",\"contentUrl\":\"https:\/\/archivehub.io\/wp-content\/uploads\/2023\/03\/ilm_rw2.png\"},{\"@type\":\"WebSite\",\"@id\":\"https:\/\/archivehub.io\/de\/#website\",\"url\":\"https:\/\/archivehub.io\/de\/\",\"name\":\"ArchiveHub.io\",\"description\":\"SAP Archived Data Reporting Made Easy\",\"publisher\":{\"@id\":\"https:\/\/archivehub.io\/de\/#organization\"},\"potentialAction\":[{\"@type\":\"SearchAction\",\"target\":{\"@type\":\"EntryPoint\",\"urlTemplate\":\"https:\/\/archivehub.io\/de\/?s={search_term_string}\"},\"query-input\":{\"@type\":\"PropertyValueSpecification\",\"valueRequired\":true,\"valueName\":\"search_term_string\"}}],\"inLanguage\":\"de\"},{\"@type\":\"Organization\",\"@id\":\"https:\/\/archivehub.io\/de\/#organization\",\"name\":\"ArchiveHub.io\",\"url\":\"https:\/\/archivehub.io\/de\/\",\"logo\":{\"@type\":\"ImageObject\",\"inLanguage\":\"de\",\"@id\":\"https:\/\/archivehub.io\/de\/#\/schema\/logo\/image\/\",\"url\":\"https:\/\/archivehub.io\/wp-content\/uploads\/2023\/03\/350px.png\",\"contentUrl\":\"https:\/\/archivehub.io\/wp-content\/uploads\/2023\/03\/350px.png\",\"width\":351,\"height\":77,\"caption\":\"ArchiveHub.io\"},\"image\":{\"@id\":\"https:\/\/archivehub.io\/de\/#\/schema\/logo\/image\/\"},\"sameAs\":[\"https:\/\/www.facebook.com\/people\/ArchiveHubio\/100091316926341\/\"]}]}<\/script>\n<!-- \/ Yoast SEO plugin. -->","yoast_head_json":{"title":"ArchiveHub Archivdatenauswertung f\u00fcr SAP ILM RW - ArchiveHub.io","description":"Der Einsatz von SAP ILM mit RW als L\u00f6sung f\u00fcr die Systemstilllegung bietet eine Reihe von Funktionen und M\u00f6glichkeiten f\u00fcr die effektive Stilllegung eines gesamten Systems. ArchiveHub hat die Funktionalit\u00e4t des Produkts durch die Einbindung von Tools und nativen Fiori-Best-Practice-Inhalten erweitert, die aus mehreren erfolgreichen Projekten stammen. Durch diese Verbesserung werden nicht nur wichtige Funktionen hinzugef\u00fcgt, sondern auch die Gesamtkosten des Projekts gesenkt.","robots":{"index":"index","follow":"follow","max-snippet":"max-snippet:-1","max-image-preview":"max-image-preview:large","max-video-preview":"max-video-preview:-1"},"canonical":"https:\/\/archivehub.io\/de\/archivehub-archivdatenauswertung-fuer-sap-ilm-rw\/","og_locale":"de_DE","og_type":"article","og_title":"ArchiveHub Archivdatenauswertung f\u00fcr SAP ILM RW - ArchiveHub.io","og_description":"Der Einsatz von SAP ILM mit RW als L\u00f6sung f\u00fcr die Systemstilllegung bietet eine Reihe von Funktionen und M\u00f6glichkeiten f\u00fcr die effektive Stilllegung eines gesamten Systems. ArchiveHub hat die Funktionalit\u00e4t des Produkts durch die Einbindung von Tools und nativen Fiori-Best-Practice-Inhalten erweitert, die aus mehreren erfolgreichen Projekten stammen. Durch diese Verbesserung werden nicht nur wichtige Funktionen hinzugef\u00fcgt, sondern auch die Gesamtkosten des Projekts gesenkt.","og_url":"https:\/\/archivehub.io\/de\/archivehub-archivdatenauswertung-fuer-sap-ilm-rw\/","og_site_name":"ArchiveHub.io","article_publisher":"https:\/\/www.facebook.com\/people\/ArchiveHubio\/100091316926341\/","article_modified_time":"2023-04-09T07:51:21+00:00","og_image":[{"url":"https:\/\/archivehub.io\/wp-content\/uploads\/2023\/03\/ilm_rw2.png","type":"","width":"","height":""}],"twitter_card":"summary_large_image","twitter_misc":{"Gesch\u00e4tzte Lesezeit":"1\u00a0Minute"},"schema":{"@context":"https:\/\/schema.org","@graph":[{"@type":"WebPage","@id":"https:\/\/archivehub.io\/de\/archivehub-archivdatenauswertung-fuer-sap-ilm-rw\/","url":"https:\/\/archivehub.io\/de\/archivehub-archivdatenauswertung-fuer-sap-ilm-rw\/","name":"ArchiveHub Archivdatenauswertung f\u00fcr SAP ILM RW - ArchiveHub.io","isPartOf":{"@id":"https:\/\/archivehub.io\/de\/#website"},"primaryImageOfPage":{"@id":"https:\/\/archivehub.io\/de\/archivehub-archivdatenauswertung-fuer-sap-ilm-rw\/#primaryimage"},"image":{"@id":"https:\/\/archivehub.io\/de\/archivehub-archivdatenauswertung-fuer-sap-ilm-rw\/#primaryimage"},"thumbnailUrl":"https:\/\/archivehub.io\/wp-content\/uploads\/2023\/03\/ilm_rw2.png","datePublished":"2023-03-25T10:57:58+00:00","dateModified":"2023-04-09T07:51:21+00:00","description":"Der Einsatz von SAP ILM mit RW als L\u00f6sung f\u00fcr die Systemstilllegung bietet eine Reihe von Funktionen und M\u00f6glichkeiten f\u00fcr die effektive Stilllegung eines gesamten Systems. ArchiveHub hat die Funktionalit\u00e4t des Produkts durch die Einbindung von Tools und nativen Fiori-Best-Practice-Inhalten erweitert, die aus mehreren erfolgreichen Projekten stammen. Durch diese Verbesserung werden nicht nur wichtige Funktionen hinzugef\u00fcgt, sondern auch die Gesamtkosten des Projekts gesenkt.","inLanguage":"de","potentialAction":[{"@type":"ReadAction","target":["https:\/\/archivehub.io\/de\/archivehub-archivdatenauswertung-fuer-sap-ilm-rw\/"]}]},{"@type":"ImageObject","inLanguage":"de","@id":"https:\/\/archivehub.io\/de\/archivehub-archivdatenauswertung-fuer-sap-ilm-rw\/#primaryimage","url":"https:\/\/archivehub.io\/wp-content\/uploads\/2023\/03\/ilm_rw2.png","contentUrl":"https:\/\/archivehub.io\/wp-content\/uploads\/2023\/03\/ilm_rw2.png"},{"@type":"WebSite","@id":"https:\/\/archivehub.io\/de\/#website","url":"https:\/\/archivehub.io\/de\/","name":"ArchiveHub.io","description":"SAP Archived Data Reporting Made Easy","publisher":{"@id":"https:\/\/archivehub.io\/de\/#organization"},"potentialAction":[{"@type":"SearchAction","target":{"@type":"EntryPoint","urlTemplate":"https:\/\/archivehub.io\/de\/?s={search_term_string}"},"query-input":{"@type":"PropertyValueSpecification","valueRequired":true,"valueName":"search_term_string"}}],"inLanguage":"de"},{"@type":"Organization","@id":"https:\/\/archivehub.io\/de\/#organization","name":"ArchiveHub.io","url":"https:\/\/archivehub.io\/de\/","logo":{"@type":"ImageObject","inLanguage":"de","@id":"https:\/\/archivehub.io\/de\/#\/schema\/logo\/image\/","url":"https:\/\/archivehub.io\/wp-content\/uploads\/2023\/03\/350px.png","contentUrl":"https:\/\/archivehub.io\/wp-content\/uploads\/2023\/03\/350px.png","width":351,"height":77,"caption":"ArchiveHub.io"},"image":{"@id":"https:\/\/archivehub.io\/de\/#\/schema\/logo\/image\/"},"sameAs":["https:\/\/www.facebook.com\/people\/ArchiveHubio\/100091316926341\/"]}]}},"_links":{"self":[{"href":"https:\/\/archivehub.io\/de\/wp-json\/wp\/v2\/pages\/4841","targetHints":{"allow":["GET"]}}],"collection":[{"href":"https:\/\/archivehub.io\/de\/wp-json\/wp\/v2\/pages"}],"about":[{"href":"https:\/\/archivehub.io\/de\/wp-json\/wp\/v2\/types\/page"}],"author":[{"embeddable":true,"href":"https:\/\/archivehub.io\/de\/wp-json\/wp\/v2\/users\/1"}],"replies":[{"embeddable":true,"href":"https:\/\/archivehub.io\/de\/wp-json\/wp\/v2\/comments?post=4841"}],"version-history":[{"count":1,"href":"https:\/\/archivehub.io\/de\/wp-json\/wp\/v2\/pages\/4841\/revisions"}],"predecessor-version":[{"id":4842,"href":"https:\/\/archivehub.io\/de\/wp-json\/wp\/v2\/pages\/4841\/revisions\/4842"}],"wp:attachment":[{"href":"https:\/\/archivehub.io\/de\/wp-json\/wp\/v2\/media?parent=4841"}],"curies":[{"name":"wp","href":"https:\/\/api.w.org\/{rel}","templated":true}]}}