{"id":4829,"date":"2023-03-25T12:25:14","date_gmt":"2023-03-25T12:25:14","guid":{"rendered":"https:\/\/archivehub.io\/archivehub-archive-data-reporting-fuer-sap-dart-fiori-tool\/"},"modified":"2023-04-09T07:28:39","modified_gmt":"2023-04-09T07:28:39","slug":"archivehub-archive-data-reporting-fuer-sap-dart-fiori-tool","status":"publish","type":"page","link":"https:\/\/archivehub.io\/de\/archivehub-archive-data-reporting-fuer-sap-dart-fiori-tool\/","title":{"rendered":"ArchiveHub Archive Data Reporting f\u00fcr SAP DART &#8211; Fiori Tool"},"content":{"rendered":"\t\t<div data-elementor-type=\"wp-page\" data-elementor-id=\"4829\" class=\"elementor elementor-4829 elementor-2790\">\n\t\t\t\t\t\t<section class=\"elementor-section elementor-top-section elementor-element elementor-element-4f5b710 elementor-section-boxed elementor-section-height-default elementor-section-height-default\" data-id=\"4f5b710\" data-element_type=\"section\">\n\t\t\t\t\t\t<div class=\"elementor-container elementor-column-gap-default\">\n\t\t\t\t\t<div class=\"elementor-column elementor-col-50 elementor-top-column elementor-element elementor-element-a50e108\" data-id=\"a50e108\" data-element_type=\"column\">\n\t\t\t<div class=\"elementor-widget-wrap elementor-element-populated\">\n\t\t\t\t\t\t<div class=\"elementor-element elementor-element-35a47b3 elementor-widget elementor-widget-image\" data-id=\"35a47b3\" data-element_type=\"widget\" data-widget_type=\"image.default\">\n\t\t\t\t<div class=\"elementor-widget-container\">\n\t\t\t\t\t\t\t\t\t\t\t\t\t\t\t<img fetchpriority=\"high\" decoding=\"async\" width=\"530\" height=\"350\" src=\"https:\/\/archivehub.io\/wp-content\/uploads\/2023\/03\/sap_dart.png\" class=\"attachment-large size-large wp-image-4624\" alt=\"\" srcset=\"https:\/\/archivehub.io\/wp-content\/uploads\/2023\/03\/sap_dart.png 530w, https:\/\/archivehub.io\/wp-content\/uploads\/2023\/03\/sap_dart-300x198.png 300w\" sizes=\"(max-width: 530px) 100vw, 530px\" \/>\t\t\t\t\t\t\t\t\t\t\t\t\t\t\t<\/div>\n\t\t\t\t<\/div>\n\t\t\t\t\t<\/div>\n\t\t<\/div>\n\t\t\t\t<div class=\"elementor-column elementor-col-50 elementor-top-column elementor-element elementor-element-d8090eb\" data-id=\"d8090eb\" data-element_type=\"column\">\n\t\t\t<div class=\"elementor-widget-wrap elementor-element-populated\">\n\t\t\t\t\t\t<div class=\"elementor-element elementor-element-6ca403e elementor-widget elementor-widget-text-editor\" data-id=\"6ca403e\" data-element_type=\"widget\" data-widget_type=\"text-editor.default\">\n\t\t\t\t<div class=\"elementor-widget-container\">\n\t\t\t\t\t\t\t\t\t<p>SAP DART (Data Archiving and Retrieval Tool) ist ein Tool, mit dem Unternehmen auf archivierte Daten aus SAP-Systemen zugreifen, diese abrufen und analysieren k\u00f6nnen. DART wurde entwickelt, um die Anforderungen dieser Beh\u00f6rden und Wirtschaftspr\u00fcfer zu erf\u00fcllen und auf historische Gesch\u00e4ftsdaten f\u00fcr Audit- und Compliance-Zwecke zuzugreifen.<\/p>\n<p>DART extrahiert archivierte Daten aus dem SAP-System und erstellt Flatfiles, die dann in einem separaten Dateisystem oder Speichermedium gespeichert werden. Diese Flatfiles k\u00f6nnen mit externen Reporting-Tools abgerufen und analysiert oder zur weiteren Verarbeitung wieder in das SAP-System importiert werden.<\/p>\n\t\t\t\t\t\t\t\t<\/div>\n\t\t\t\t<\/div>\n\t\t\t\t\t<\/div>\n\t\t<\/div>\n\t\t\t\t\t<\/div>\n\t\t<\/section>\n\t\t\t\t<section class=\"elementor-section elementor-top-section elementor-element elementor-element-76ad786 elementor-section-boxed elementor-section-height-default elementor-section-height-default\" data-id=\"76ad786\" data-element_type=\"section\">\n\t\t\t\t\t\t<div class=\"elementor-container elementor-column-gap-default\">\n\t\t\t\t\t<div class=\"elementor-column elementor-col-100 elementor-top-column elementor-element elementor-element-1ceb140\" data-id=\"1ceb140\" data-element_type=\"column\">\n\t\t\t<div class=\"elementor-widget-wrap elementor-element-populated\">\n\t\t\t\t\t\t<div class=\"elementor-element elementor-element-d85d1af elementor-widget elementor-widget-text-editor\" data-id=\"d85d1af\" data-element_type=\"widget\" data-widget_type=\"text-editor.default\">\n\t\t\t\t<div class=\"elementor-widget-container\">\n\t\t\t\t\t\t\t\t\t<p><strong>Zu den wichtigsten Funktionen der SAP DART Fiori-Apps unseres ArchiveHub geh\u00f6ren:<\/strong><\/p>\n<ul>\n<li><strong>Datenextraktion:<\/strong> DART erm\u00f6glicht die Extraktion archivierter Daten aus SAP-Systemen, einschlie\u00dflich sowohl standardm\u00e4\u00dfiger SAP-Tabellen als auch benutzerdefinierter Tabellen.<\/li>\n<li><strong>Datenformatierung:<\/strong> Extrahierte Daten werden in einfach zu lesende Flatfiles formatiert, die von externen Reporting-Tools verwendet oder zur\u00fcck in das SAP-System importiert werden k\u00f6nnen.<\/li>\n<li><strong>Datenauswahl:<\/strong> Benutzer k\u00f6nnen bestimmte Daten oder ganze Tabellen ausw\u00e4hlen, die basierend auf ihren Anforderungen extrahiert werden sollen. Auswahlkriterien k\u00f6nnen angepasst werden, um nur die erforderlichen Daten abzurufen.<\/li>\n<li><strong>Datensicherheit:<\/strong> DART stellt sicher, dass Datenzugriff und -extraktion sicher und datenschutzkonform durchgef\u00fchrt werden.<\/li>\n<li><strong>Kompatibilit\u00e4t:<\/strong> DART ist mit verschiedenen SAP-Modulen kompatibel und kann verwendet werden, um Daten sowohl aus SAP R\/3- als auch aus SAP S\/4HANA-Systemen zu extrahieren.<\/li>\n<\/ul>\n<p>SAP DART ist besonders n\u00fctzlich f\u00fcr Organisationen, die historische Daten f\u00fcr Steuerpr\u00fcfungen oder andere Zwecke der Einhaltung gesetzlicher Vorschriften bereitstellen m\u00fcssen. Durch die Erm\u00f6glichung des einfachen Zugriffs auf archivierte Daten stellt DART sicher, dass Unternehmen ihre Berichtspflichten erf\u00fcllen und gleichzeitig die Leistung ihrer SAP-Systeme aufrechterhalten k\u00f6nnen, indem die aktive Datenbank optimiert und aufger\u00e4umt bleibt.<\/p>\n\t\t\t\t\t\t\t\t<\/div>\n\t\t\t\t<\/div>\n\t\t\t\t\t<\/div>\n\t\t<\/div>\n\t\t\t\t\t<\/div>\n\t\t<\/section>\n\t\t\t\t<\/div>\n\t\t","protected":false},"excerpt":{"rendered":"<p>SAP DART (Data Archiving and Retrieval Tool) ist ein Tool, mit dem Unternehmen auf archivierte Daten aus SAP-Systemen zugreifen, diese abrufen und analysieren k\u00f6nnen. DART wurde entwickelt, um die Anforderungen dieser Beh\u00f6rden und Wirtschaftspr\u00fcfer zu erf\u00fcllen und auf historische Gesch\u00e4ftsdaten f\u00fcr Audit- und Compliance-Zwecke zuzugreifen. DART extrahiert archivierte Daten aus dem SAP-System und erstellt Flatfiles, [&hellip;]<\/p>\n","protected":false},"author":1,"featured_media":0,"parent":0,"menu_order":0,"comment_status":"closed","ping_status":"closed","template":"","meta":{"om_disable_all_campaigns":false,"_monsterinsights_skip_tracking":false,"_monsterinsights_sitenote_active":false,"_monsterinsights_sitenote_note":"","_monsterinsights_sitenote_category":0,"footnotes":""},"class_list":["post-4829","page","type-page","status-publish","hentry"],"aioseo_notices":[],"yoast_head":"<!-- This site is optimized with the Yoast SEO plugin v25.0 - https:\/\/yoast.com\/wordpress\/plugins\/seo\/ -->\n<title>ArchiveHub Archive Data Reporting f\u00fcr SAP DART - Fiori Tool - ArchiveHub.io<\/title>\n<meta name=\"description\" content=\"SAP DART (Data Archiving and Retrieval Tool) ist ein Tool, mit dem Unternehmen auf archivierte Daten aus SAP-Systemen zugreifen, diese abrufen und analysieren k\u00f6nnen. DART wurde entwickelt, um die Anforderungen dieser Beh\u00f6rden und Wirtschaftspr\u00fcfer zu erf\u00fcllen und auf historische Gesch\u00e4ftsdaten f\u00fcr Audit- und Compliance-Zwecke zuzugreifen.\" \/>\n<meta name=\"robots\" content=\"index, follow, max-snippet:-1, max-image-preview:large, max-video-preview:-1\" \/>\n<link rel=\"canonical\" href=\"https:\/\/archivehub.io\/de\/archivehub-archive-data-reporting-fuer-sap-dart-fiori-tool\/\" \/>\n<meta property=\"og:locale\" content=\"de_DE\" \/>\n<meta property=\"og:type\" content=\"article\" \/>\n<meta property=\"og:title\" content=\"ArchiveHub Archive Data Reporting f\u00fcr SAP DART - Fiori Tool - ArchiveHub.io\" \/>\n<meta property=\"og:description\" content=\"SAP DART (Data Archiving and Retrieval Tool) ist ein Tool, mit dem Unternehmen auf archivierte Daten aus SAP-Systemen zugreifen, diese abrufen und analysieren k\u00f6nnen. DART wurde entwickelt, um die Anforderungen dieser Beh\u00f6rden und Wirtschaftspr\u00fcfer zu erf\u00fcllen und auf historische Gesch\u00e4ftsdaten f\u00fcr Audit- und Compliance-Zwecke zuzugreifen.\" \/>\n<meta property=\"og:url\" content=\"https:\/\/archivehub.io\/de\/archivehub-archive-data-reporting-fuer-sap-dart-fiori-tool\/\" \/>\n<meta property=\"og:site_name\" content=\"ArchiveHub.io\" \/>\n<meta property=\"article:publisher\" content=\"https:\/\/www.facebook.com\/people\/ArchiveHubio\/100091316926341\/\" \/>\n<meta property=\"article:modified_time\" content=\"2023-04-09T07:28:39+00:00\" \/>\n<meta property=\"og:image\" content=\"https:\/\/archivehub.io\/wp-content\/uploads\/2023\/03\/sap_dart.png\" \/>\n<meta name=\"twitter:card\" content=\"summary_large_image\" \/>\n<meta name=\"twitter:label1\" content=\"Gesch\u00e4tzte Lesezeit\" \/>\n\t<meta name=\"twitter:data1\" content=\"1\u00a0Minute\" \/>\n<script type=\"application\/ld+json\" class=\"yoast-schema-graph\">{\"@context\":\"https:\/\/schema.org\",\"@graph\":[{\"@type\":\"WebPage\",\"@id\":\"https:\/\/archivehub.io\/de\/archivehub-archive-data-reporting-fuer-sap-dart-fiori-tool\/\",\"url\":\"https:\/\/archivehub.io\/de\/archivehub-archive-data-reporting-fuer-sap-dart-fiori-tool\/\",\"name\":\"ArchiveHub Archive Data Reporting f\u00fcr SAP DART - Fiori Tool - ArchiveHub.io\",\"isPartOf\":{\"@id\":\"https:\/\/archivehub.io\/de\/#website\"},\"primaryImageOfPage\":{\"@id\":\"https:\/\/archivehub.io\/de\/archivehub-archive-data-reporting-fuer-sap-dart-fiori-tool\/#primaryimage\"},\"image\":{\"@id\":\"https:\/\/archivehub.io\/de\/archivehub-archive-data-reporting-fuer-sap-dart-fiori-tool\/#primaryimage\"},\"thumbnailUrl\":\"https:\/\/archivehub.io\/wp-content\/uploads\/2023\/03\/sap_dart.png\",\"datePublished\":\"2023-03-25T12:25:14+00:00\",\"dateModified\":\"2023-04-09T07:28:39+00:00\",\"description\":\"SAP DART (Data Archiving and Retrieval Tool) ist ein Tool, mit dem Unternehmen auf archivierte Daten aus SAP-Systemen zugreifen, diese abrufen und analysieren k\u00f6nnen. DART wurde entwickelt, um die Anforderungen dieser Beh\u00f6rden und Wirtschaftspr\u00fcfer zu erf\u00fcllen und auf historische Gesch\u00e4ftsdaten f\u00fcr Audit- und Compliance-Zwecke zuzugreifen.\",\"inLanguage\":\"de\",\"potentialAction\":[{\"@type\":\"ReadAction\",\"target\":[\"https:\/\/archivehub.io\/de\/archivehub-archive-data-reporting-fuer-sap-dart-fiori-tool\/\"]}]},{\"@type\":\"ImageObject\",\"inLanguage\":\"de\",\"@id\":\"https:\/\/archivehub.io\/de\/archivehub-archive-data-reporting-fuer-sap-dart-fiori-tool\/#primaryimage\",\"url\":\"https:\/\/archivehub.io\/wp-content\/uploads\/2023\/03\/sap_dart.png\",\"contentUrl\":\"https:\/\/archivehub.io\/wp-content\/uploads\/2023\/03\/sap_dart.png\"},{\"@type\":\"WebSite\",\"@id\":\"https:\/\/archivehub.io\/de\/#website\",\"url\":\"https:\/\/archivehub.io\/de\/\",\"name\":\"ArchiveHub.io\",\"description\":\"SAP Archived Data Reporting Made Easy\",\"publisher\":{\"@id\":\"https:\/\/archivehub.io\/de\/#organization\"},\"potentialAction\":[{\"@type\":\"SearchAction\",\"target\":{\"@type\":\"EntryPoint\",\"urlTemplate\":\"https:\/\/archivehub.io\/de\/?s={search_term_string}\"},\"query-input\":{\"@type\":\"PropertyValueSpecification\",\"valueRequired\":true,\"valueName\":\"search_term_string\"}}],\"inLanguage\":\"de\"},{\"@type\":\"Organization\",\"@id\":\"https:\/\/archivehub.io\/de\/#organization\",\"name\":\"ArchiveHub.io\",\"url\":\"https:\/\/archivehub.io\/de\/\",\"logo\":{\"@type\":\"ImageObject\",\"inLanguage\":\"de\",\"@id\":\"https:\/\/archivehub.io\/de\/#\/schema\/logo\/image\/\",\"url\":\"https:\/\/archivehub.io\/wp-content\/uploads\/2023\/03\/350px.png\",\"contentUrl\":\"https:\/\/archivehub.io\/wp-content\/uploads\/2023\/03\/350px.png\",\"width\":351,\"height\":77,\"caption\":\"ArchiveHub.io\"},\"image\":{\"@id\":\"https:\/\/archivehub.io\/de\/#\/schema\/logo\/image\/\"},\"sameAs\":[\"https:\/\/www.facebook.com\/people\/ArchiveHubio\/100091316926341\/\"]}]}<\/script>\n<!-- \/ Yoast SEO plugin. -->","yoast_head_json":{"title":"ArchiveHub Archive Data Reporting f\u00fcr SAP DART - Fiori Tool - ArchiveHub.io","description":"SAP DART (Data Archiving and Retrieval Tool) ist ein Tool, mit dem Unternehmen auf archivierte Daten aus SAP-Systemen zugreifen, diese abrufen und analysieren k\u00f6nnen. DART wurde entwickelt, um die Anforderungen dieser Beh\u00f6rden und Wirtschaftspr\u00fcfer zu erf\u00fcllen und auf historische Gesch\u00e4ftsdaten f\u00fcr Audit- und Compliance-Zwecke zuzugreifen.","robots":{"index":"index","follow":"follow","max-snippet":"max-snippet:-1","max-image-preview":"max-image-preview:large","max-video-preview":"max-video-preview:-1"},"canonical":"https:\/\/archivehub.io\/de\/archivehub-archive-data-reporting-fuer-sap-dart-fiori-tool\/","og_locale":"de_DE","og_type":"article","og_title":"ArchiveHub Archive Data Reporting f\u00fcr SAP DART - Fiori Tool - ArchiveHub.io","og_description":"SAP DART (Data Archiving and Retrieval Tool) ist ein Tool, mit dem Unternehmen auf archivierte Daten aus SAP-Systemen zugreifen, diese abrufen und analysieren k\u00f6nnen. DART wurde entwickelt, um die Anforderungen dieser Beh\u00f6rden und Wirtschaftspr\u00fcfer zu erf\u00fcllen und auf historische Gesch\u00e4ftsdaten f\u00fcr Audit- und Compliance-Zwecke zuzugreifen.","og_url":"https:\/\/archivehub.io\/de\/archivehub-archive-data-reporting-fuer-sap-dart-fiori-tool\/","og_site_name":"ArchiveHub.io","article_publisher":"https:\/\/www.facebook.com\/people\/ArchiveHubio\/100091316926341\/","article_modified_time":"2023-04-09T07:28:39+00:00","og_image":[{"url":"https:\/\/archivehub.io\/wp-content\/uploads\/2023\/03\/sap_dart.png","type":"","width":"","height":""}],"twitter_card":"summary_large_image","twitter_misc":{"Gesch\u00e4tzte Lesezeit":"1\u00a0Minute"},"schema":{"@context":"https:\/\/schema.org","@graph":[{"@type":"WebPage","@id":"https:\/\/archivehub.io\/de\/archivehub-archive-data-reporting-fuer-sap-dart-fiori-tool\/","url":"https:\/\/archivehub.io\/de\/archivehub-archive-data-reporting-fuer-sap-dart-fiori-tool\/","name":"ArchiveHub Archive Data Reporting f\u00fcr SAP DART - Fiori Tool - ArchiveHub.io","isPartOf":{"@id":"https:\/\/archivehub.io\/de\/#website"},"primaryImageOfPage":{"@id":"https:\/\/archivehub.io\/de\/archivehub-archive-data-reporting-fuer-sap-dart-fiori-tool\/#primaryimage"},"image":{"@id":"https:\/\/archivehub.io\/de\/archivehub-archive-data-reporting-fuer-sap-dart-fiori-tool\/#primaryimage"},"thumbnailUrl":"https:\/\/archivehub.io\/wp-content\/uploads\/2023\/03\/sap_dart.png","datePublished":"2023-03-25T12:25:14+00:00","dateModified":"2023-04-09T07:28:39+00:00","description":"SAP DART (Data Archiving and Retrieval Tool) ist ein Tool, mit dem Unternehmen auf archivierte Daten aus SAP-Systemen zugreifen, diese abrufen und analysieren k\u00f6nnen. DART wurde entwickelt, um die Anforderungen dieser Beh\u00f6rden und Wirtschaftspr\u00fcfer zu erf\u00fcllen und auf historische Gesch\u00e4ftsdaten f\u00fcr Audit- und Compliance-Zwecke zuzugreifen.","inLanguage":"de","potentialAction":[{"@type":"ReadAction","target":["https:\/\/archivehub.io\/de\/archivehub-archive-data-reporting-fuer-sap-dart-fiori-tool\/"]}]},{"@type":"ImageObject","inLanguage":"de","@id":"https:\/\/archivehub.io\/de\/archivehub-archive-data-reporting-fuer-sap-dart-fiori-tool\/#primaryimage","url":"https:\/\/archivehub.io\/wp-content\/uploads\/2023\/03\/sap_dart.png","contentUrl":"https:\/\/archivehub.io\/wp-content\/uploads\/2023\/03\/sap_dart.png"},{"@type":"WebSite","@id":"https:\/\/archivehub.io\/de\/#website","url":"https:\/\/archivehub.io\/de\/","name":"ArchiveHub.io","description":"SAP Archived Data Reporting Made Easy","publisher":{"@id":"https:\/\/archivehub.io\/de\/#organization"},"potentialAction":[{"@type":"SearchAction","target":{"@type":"EntryPoint","urlTemplate":"https:\/\/archivehub.io\/de\/?s={search_term_string}"},"query-input":{"@type":"PropertyValueSpecification","valueRequired":true,"valueName":"search_term_string"}}],"inLanguage":"de"},{"@type":"Organization","@id":"https:\/\/archivehub.io\/de\/#organization","name":"ArchiveHub.io","url":"https:\/\/archivehub.io\/de\/","logo":{"@type":"ImageObject","inLanguage":"de","@id":"https:\/\/archivehub.io\/de\/#\/schema\/logo\/image\/","url":"https:\/\/archivehub.io\/wp-content\/uploads\/2023\/03\/350px.png","contentUrl":"https:\/\/archivehub.io\/wp-content\/uploads\/2023\/03\/350px.png","width":351,"height":77,"caption":"ArchiveHub.io"},"image":{"@id":"https:\/\/archivehub.io\/de\/#\/schema\/logo\/image\/"},"sameAs":["https:\/\/www.facebook.com\/people\/ArchiveHubio\/100091316926341\/"]}]}},"_links":{"self":[{"href":"https:\/\/archivehub.io\/de\/wp-json\/wp\/v2\/pages\/4829","targetHints":{"allow":["GET"]}}],"collection":[{"href":"https:\/\/archivehub.io\/de\/wp-json\/wp\/v2\/pages"}],"about":[{"href":"https:\/\/archivehub.io\/de\/wp-json\/wp\/v2\/types\/page"}],"author":[{"embeddable":true,"href":"https:\/\/archivehub.io\/de\/wp-json\/wp\/v2\/users\/1"}],"replies":[{"embeddable":true,"href":"https:\/\/archivehub.io\/de\/wp-json\/wp\/v2\/comments?post=4829"}],"version-history":[{"count":1,"href":"https:\/\/archivehub.io\/de\/wp-json\/wp\/v2\/pages\/4829\/revisions"}],"predecessor-version":[{"id":4830,"href":"https:\/\/archivehub.io\/de\/wp-json\/wp\/v2\/pages\/4829\/revisions\/4830"}],"wp:attachment":[{"href":"https:\/\/archivehub.io\/de\/wp-json\/wp\/v2\/media?parent=4829"}],"curies":[{"name":"wp","href":"https:\/\/api.w.org\/{rel}","templated":true}]}}