{"id":4791,"date":"2023-03-25T09:39:40","date_gmt":"2023-03-25T09:39:40","guid":{"rendered":"https:\/\/archivehub.io\/sap-datenarchivierung-ilm-archivierung\/"},"modified":"2023-04-10T07:42:36","modified_gmt":"2023-04-10T07:42:36","slug":"sap-datenarchivierung-ilm-archivierung","status":"publish","type":"page","link":"https:\/\/archivehub.io\/de\/sap-datenarchivierung-ilm-archivierung\/","title":{"rendered":"SAP-Datenarchivierung \/ ILM-Archivierung"},"content":{"rendered":"\t\t<div data-elementor-type=\"wp-page\" data-elementor-id=\"4791\" class=\"elementor elementor-4791 elementor-2704\">\n\t\t\t\t\t\t<section class=\"elementor-section elementor-top-section elementor-element elementor-element-89d77cb elementor-section-boxed elementor-section-height-default elementor-section-height-default\" data-id=\"89d77cb\" data-element_type=\"section\">\n\t\t\t\t\t\t<div class=\"elementor-container elementor-column-gap-default\">\n\t\t\t\t\t<div class=\"elementor-column elementor-col-100 elementor-top-column elementor-element elementor-element-1c5da9f\" data-id=\"1c5da9f\" data-element_type=\"column\">\n\t\t\t<div class=\"elementor-widget-wrap elementor-element-populated\">\n\t\t\t\t\t\t<div class=\"elementor-element elementor-element-234b87b elementor-widget elementor-widget-image\" data-id=\"234b87b\" data-element_type=\"widget\" data-widget_type=\"image.default\">\n\t\t\t\t<div class=\"elementor-widget-container\">\n\t\t\t\t\t\t\t\t\t\t\t\t\t\t\t<img fetchpriority=\"high\" decoding=\"async\" width=\"940\" height=\"305\" src=\"https:\/\/archivehub.io\/wp-content\/uploads\/2023\/04\/data_archiving_ilm_de-1024x332.png\" class=\"attachment-large size-large wp-image-5162\" alt=\"\" srcset=\"https:\/\/archivehub.io\/wp-content\/uploads\/2023\/04\/data_archiving_ilm_de-1024x332.png 1024w, https:\/\/archivehub.io\/wp-content\/uploads\/2023\/04\/data_archiving_ilm_de-300x97.png 300w, https:\/\/archivehub.io\/wp-content\/uploads\/2023\/04\/data_archiving_ilm_de-768x249.png 768w, https:\/\/archivehub.io\/wp-content\/uploads\/2023\/04\/data_archiving_ilm_de.png 1080w\" sizes=\"(max-width: 940px) 100vw, 940px\" \/>\t\t\t\t\t\t\t\t\t\t\t\t\t\t\t<\/div>\n\t\t\t\t<\/div>\n\t\t\t\t\t<\/div>\n\t\t<\/div>\n\t\t\t\t\t<\/div>\n\t\t<\/section>\n\t\t\t\t<section class=\"elementor-section elementor-top-section elementor-element elementor-element-03e3364 elementor-section-boxed elementor-section-height-default elementor-section-height-default\" data-id=\"03e3364\" data-element_type=\"section\">\n\t\t\t\t\t\t<div class=\"elementor-container elementor-column-gap-default\">\n\t\t\t\t\t<div class=\"elementor-column elementor-col-100 elementor-top-column elementor-element elementor-element-df8c566\" data-id=\"df8c566\" data-element_type=\"column\">\n\t\t\t<div class=\"elementor-widget-wrap elementor-element-populated\">\n\t\t\t\t\t\t<div class=\"elementor-element elementor-element-bff095b elementor-widget elementor-widget-text-editor\" data-id=\"bff095b\" data-element_type=\"widget\" data-widget_type=\"text-editor.default\">\n\t\t\t\t<div class=\"elementor-widget-container\">\n\t\t\t\t\t\t\t\t\t<p>Unser SAP-Datenarchivierungsservice bew\u00e4ltigt dieses Wachstum effektiv, indem inaktive SAP-Daten in ein sicheres und leicht zug\u00e4ngliches Repository \u00fcbertragen werden. Diese zuverl\u00e4ssige und getestete L\u00f6sung minimiert Ihren Daten-Footprint, was zu geringeren IT-Betriebskosten, verbesserter IT-Leistung und gesicherter Compliance f\u00fchrt.<\/p>\n<p>ArchiveHub ist Ihr zuverl\u00e4ssiger Partner f\u00fcr die SAP-Datenarchivierung, ganz gleich, ob Sie den Speicherplatz reduzieren m\u00f6chten, um die Systemleistung zu verbessern, auf SAP S\/4HANA migrieren, in die Cloud wechseln oder einfach nur Ihre Daten verwalten wollen.<\/p>\n<p>Steigerung der SAP-Systemleistung<br \/>Verbessern Sie die Systemleistung durch Begrenzung des Datenbankwachstums und Steigerung der Leistung. Eine kleinere aktive Datenbank f\u00fchrt zu einem verbesserten t\u00e4glichen Betrieb mit schnelleren Systemreaktionszeiten und geringeren Ausfallzeiten bei Aktualisierungen und Sicherungen.<\/p>\n\t\t\t\t\t\t\t\t<\/div>\n\t\t\t\t<\/div>\n\t\t\t\t\t<\/div>\n\t\t<\/div>\n\t\t\t\t\t<\/div>\n\t\t<\/section>\n\t\t\t\t<\/div>\n\t\t","protected":false},"excerpt":{"rendered":"<p>Unser SAP-Datenarchivierungsservice bew\u00e4ltigt dieses Wachstum effektiv, indem inaktive SAP-Daten in ein sicheres und leicht zug\u00e4ngliches Repository \u00fcbertragen werden. Diese zuverl\u00e4ssige und getestete L\u00f6sung minimiert Ihren Daten-Footprint, was zu geringeren IT-Betriebskosten, verbesserter IT-Leistung und gesicherter Compliance f\u00fchrt. ArchiveHub ist Ihr zuverl\u00e4ssiger Partner f\u00fcr die SAP-Datenarchivierung, ganz gleich, ob Sie den Speicherplatz reduzieren m\u00f6chten, um die Systemleistung [&hellip;]<\/p>\n","protected":false},"author":1,"featured_media":0,"parent":0,"menu_order":0,"comment_status":"closed","ping_status":"closed","template":"","meta":{"om_disable_all_campaigns":false,"_monsterinsights_skip_tracking":false,"_monsterinsights_sitenote_active":false,"_monsterinsights_sitenote_note":"","_monsterinsights_sitenote_category":0,"footnotes":""},"class_list":["post-4791","page","type-page","status-publish","hentry"],"aioseo_notices":[],"yoast_head":"<!-- This site is optimized with the Yoast SEO plugin v25.0 - https:\/\/yoast.com\/wordpress\/plugins\/seo\/ -->\n<title>SAP-Datenarchivierung \/ ILM-Archivierung - ArchiveHub.io<\/title>\n<meta name=\"description\" content=\"Erschlie\u00dfen Sie das volle Potenzial der SAP-Datenarchivierung. Eine unkontrollierte SAP-Datenerweiterung kann hartn\u00e4ckig, unvorhersehbar und l\u00e4stig sein. Wenn sie nicht ordnungsgem\u00e4\u00df verwaltet werden, kann dies zu einer verminderten IT-Leistung, erh\u00f6hten Kosten und gef\u00e4hrdeten Compliance-Strategien f\u00fchren.\" \/>\n<meta name=\"robots\" content=\"index, follow, max-snippet:-1, max-image-preview:large, max-video-preview:-1\" \/>\n<link rel=\"canonical\" href=\"https:\/\/archivehub.io\/de\/sap-datenarchivierung-ilm-archivierung\/\" \/>\n<meta property=\"og:locale\" content=\"de_DE\" \/>\n<meta property=\"og:type\" content=\"article\" \/>\n<meta property=\"og:title\" content=\"SAP-Datenarchivierung \/ ILM-Archivierung - ArchiveHub.io\" \/>\n<meta property=\"og:description\" content=\"Erschlie\u00dfen Sie das volle Potenzial der SAP-Datenarchivierung. Eine unkontrollierte SAP-Datenerweiterung kann hartn\u00e4ckig, unvorhersehbar und l\u00e4stig sein. Wenn sie nicht ordnungsgem\u00e4\u00df verwaltet werden, kann dies zu einer verminderten IT-Leistung, erh\u00f6hten Kosten und gef\u00e4hrdeten Compliance-Strategien f\u00fchren.\" \/>\n<meta property=\"og:url\" content=\"https:\/\/archivehub.io\/de\/sap-datenarchivierung-ilm-archivierung\/\" \/>\n<meta property=\"og:site_name\" content=\"ArchiveHub.io\" \/>\n<meta property=\"article:publisher\" content=\"https:\/\/www.facebook.com\/people\/ArchiveHubio\/100091316926341\/\" \/>\n<meta property=\"article:modified_time\" content=\"2023-04-10T07:42:36+00:00\" \/>\n<meta property=\"og:image\" content=\"https:\/\/archivehub.io\/wp-content\/uploads\/2023\/04\/data_archiving_ilm_de-1024x332.png\" \/>\n<meta name=\"twitter:card\" content=\"summary_large_image\" \/>\n<meta name=\"twitter:label1\" content=\"Gesch\u00e4tzte Lesezeit\" \/>\n\t<meta name=\"twitter:data1\" content=\"1\u00a0Minute\" \/>\n<script type=\"application\/ld+json\" class=\"yoast-schema-graph\">{\"@context\":\"https:\/\/schema.org\",\"@graph\":[{\"@type\":\"WebPage\",\"@id\":\"https:\/\/archivehub.io\/de\/sap-datenarchivierung-ilm-archivierung\/\",\"url\":\"https:\/\/archivehub.io\/de\/sap-datenarchivierung-ilm-archivierung\/\",\"name\":\"SAP-Datenarchivierung \/ ILM-Archivierung - ArchiveHub.io\",\"isPartOf\":{\"@id\":\"https:\/\/archivehub.io\/de\/#website\"},\"primaryImageOfPage\":{\"@id\":\"https:\/\/archivehub.io\/de\/sap-datenarchivierung-ilm-archivierung\/#primaryimage\"},\"image\":{\"@id\":\"https:\/\/archivehub.io\/de\/sap-datenarchivierung-ilm-archivierung\/#primaryimage\"},\"thumbnailUrl\":\"https:\/\/archivehub.io\/wp-content\/uploads\/2023\/04\/data_archiving_ilm_de-1024x332.png\",\"datePublished\":\"2023-03-25T09:39:40+00:00\",\"dateModified\":\"2023-04-10T07:42:36+00:00\",\"description\":\"Erschlie\u00dfen Sie das volle Potenzial der SAP-Datenarchivierung. Eine unkontrollierte SAP-Datenerweiterung kann hartn\u00e4ckig, unvorhersehbar und l\u00e4stig sein. Wenn sie nicht ordnungsgem\u00e4\u00df verwaltet werden, kann dies zu einer verminderten IT-Leistung, erh\u00f6hten Kosten und gef\u00e4hrdeten Compliance-Strategien f\u00fchren.\",\"inLanguage\":\"de\",\"potentialAction\":[{\"@type\":\"ReadAction\",\"target\":[\"https:\/\/archivehub.io\/de\/sap-datenarchivierung-ilm-archivierung\/\"]}]},{\"@type\":\"ImageObject\",\"inLanguage\":\"de\",\"@id\":\"https:\/\/archivehub.io\/de\/sap-datenarchivierung-ilm-archivierung\/#primaryimage\",\"url\":\"https:\/\/archivehub.io\/wp-content\/uploads\/2023\/04\/data_archiving_ilm_de-1024x332.png\",\"contentUrl\":\"https:\/\/archivehub.io\/wp-content\/uploads\/2023\/04\/data_archiving_ilm_de-1024x332.png\"},{\"@type\":\"WebSite\",\"@id\":\"https:\/\/archivehub.io\/de\/#website\",\"url\":\"https:\/\/archivehub.io\/de\/\",\"name\":\"ArchiveHub.io\",\"description\":\"SAP Archived Data Reporting Made Easy\",\"publisher\":{\"@id\":\"https:\/\/archivehub.io\/de\/#organization\"},\"potentialAction\":[{\"@type\":\"SearchAction\",\"target\":{\"@type\":\"EntryPoint\",\"urlTemplate\":\"https:\/\/archivehub.io\/de\/?s={search_term_string}\"},\"query-input\":{\"@type\":\"PropertyValueSpecification\",\"valueRequired\":true,\"valueName\":\"search_term_string\"}}],\"inLanguage\":\"de\"},{\"@type\":\"Organization\",\"@id\":\"https:\/\/archivehub.io\/de\/#organization\",\"name\":\"ArchiveHub.io\",\"url\":\"https:\/\/archivehub.io\/de\/\",\"logo\":{\"@type\":\"ImageObject\",\"inLanguage\":\"de\",\"@id\":\"https:\/\/archivehub.io\/de\/#\/schema\/logo\/image\/\",\"url\":\"https:\/\/archivehub.io\/wp-content\/uploads\/2023\/03\/350px.png\",\"contentUrl\":\"https:\/\/archivehub.io\/wp-content\/uploads\/2023\/03\/350px.png\",\"width\":351,\"height\":77,\"caption\":\"ArchiveHub.io\"},\"image\":{\"@id\":\"https:\/\/archivehub.io\/de\/#\/schema\/logo\/image\/\"},\"sameAs\":[\"https:\/\/www.facebook.com\/people\/ArchiveHubio\/100091316926341\/\"]}]}<\/script>\n<!-- \/ Yoast SEO plugin. -->","yoast_head_json":{"title":"SAP-Datenarchivierung \/ ILM-Archivierung - ArchiveHub.io","description":"Erschlie\u00dfen Sie das volle Potenzial der SAP-Datenarchivierung. Eine unkontrollierte SAP-Datenerweiterung kann hartn\u00e4ckig, unvorhersehbar und l\u00e4stig sein. Wenn sie nicht ordnungsgem\u00e4\u00df verwaltet werden, kann dies zu einer verminderten IT-Leistung, erh\u00f6hten Kosten und gef\u00e4hrdeten Compliance-Strategien f\u00fchren.","robots":{"index":"index","follow":"follow","max-snippet":"max-snippet:-1","max-image-preview":"max-image-preview:large","max-video-preview":"max-video-preview:-1"},"canonical":"https:\/\/archivehub.io\/de\/sap-datenarchivierung-ilm-archivierung\/","og_locale":"de_DE","og_type":"article","og_title":"SAP-Datenarchivierung \/ ILM-Archivierung - ArchiveHub.io","og_description":"Erschlie\u00dfen Sie das volle Potenzial der SAP-Datenarchivierung. Eine unkontrollierte SAP-Datenerweiterung kann hartn\u00e4ckig, unvorhersehbar und l\u00e4stig sein. Wenn sie nicht ordnungsgem\u00e4\u00df verwaltet werden, kann dies zu einer verminderten IT-Leistung, erh\u00f6hten Kosten und gef\u00e4hrdeten Compliance-Strategien f\u00fchren.","og_url":"https:\/\/archivehub.io\/de\/sap-datenarchivierung-ilm-archivierung\/","og_site_name":"ArchiveHub.io","article_publisher":"https:\/\/www.facebook.com\/people\/ArchiveHubio\/100091316926341\/","article_modified_time":"2023-04-10T07:42:36+00:00","og_image":[{"url":"https:\/\/archivehub.io\/wp-content\/uploads\/2023\/04\/data_archiving_ilm_de-1024x332.png","type":"","width":"","height":""}],"twitter_card":"summary_large_image","twitter_misc":{"Gesch\u00e4tzte Lesezeit":"1\u00a0Minute"},"schema":{"@context":"https:\/\/schema.org","@graph":[{"@type":"WebPage","@id":"https:\/\/archivehub.io\/de\/sap-datenarchivierung-ilm-archivierung\/","url":"https:\/\/archivehub.io\/de\/sap-datenarchivierung-ilm-archivierung\/","name":"SAP-Datenarchivierung \/ ILM-Archivierung - ArchiveHub.io","isPartOf":{"@id":"https:\/\/archivehub.io\/de\/#website"},"primaryImageOfPage":{"@id":"https:\/\/archivehub.io\/de\/sap-datenarchivierung-ilm-archivierung\/#primaryimage"},"image":{"@id":"https:\/\/archivehub.io\/de\/sap-datenarchivierung-ilm-archivierung\/#primaryimage"},"thumbnailUrl":"https:\/\/archivehub.io\/wp-content\/uploads\/2023\/04\/data_archiving_ilm_de-1024x332.png","datePublished":"2023-03-25T09:39:40+00:00","dateModified":"2023-04-10T07:42:36+00:00","description":"Erschlie\u00dfen Sie das volle Potenzial der SAP-Datenarchivierung. Eine unkontrollierte SAP-Datenerweiterung kann hartn\u00e4ckig, unvorhersehbar und l\u00e4stig sein. Wenn sie nicht ordnungsgem\u00e4\u00df verwaltet werden, kann dies zu einer verminderten IT-Leistung, erh\u00f6hten Kosten und gef\u00e4hrdeten Compliance-Strategien f\u00fchren.","inLanguage":"de","potentialAction":[{"@type":"ReadAction","target":["https:\/\/archivehub.io\/de\/sap-datenarchivierung-ilm-archivierung\/"]}]},{"@type":"ImageObject","inLanguage":"de","@id":"https:\/\/archivehub.io\/de\/sap-datenarchivierung-ilm-archivierung\/#primaryimage","url":"https:\/\/archivehub.io\/wp-content\/uploads\/2023\/04\/data_archiving_ilm_de-1024x332.png","contentUrl":"https:\/\/archivehub.io\/wp-content\/uploads\/2023\/04\/data_archiving_ilm_de-1024x332.png"},{"@type":"WebSite","@id":"https:\/\/archivehub.io\/de\/#website","url":"https:\/\/archivehub.io\/de\/","name":"ArchiveHub.io","description":"SAP Archived Data Reporting Made Easy","publisher":{"@id":"https:\/\/archivehub.io\/de\/#organization"},"potentialAction":[{"@type":"SearchAction","target":{"@type":"EntryPoint","urlTemplate":"https:\/\/archivehub.io\/de\/?s={search_term_string}"},"query-input":{"@type":"PropertyValueSpecification","valueRequired":true,"valueName":"search_term_string"}}],"inLanguage":"de"},{"@type":"Organization","@id":"https:\/\/archivehub.io\/de\/#organization","name":"ArchiveHub.io","url":"https:\/\/archivehub.io\/de\/","logo":{"@type":"ImageObject","inLanguage":"de","@id":"https:\/\/archivehub.io\/de\/#\/schema\/logo\/image\/","url":"https:\/\/archivehub.io\/wp-content\/uploads\/2023\/03\/350px.png","contentUrl":"https:\/\/archivehub.io\/wp-content\/uploads\/2023\/03\/350px.png","width":351,"height":77,"caption":"ArchiveHub.io"},"image":{"@id":"https:\/\/archivehub.io\/de\/#\/schema\/logo\/image\/"},"sameAs":["https:\/\/www.facebook.com\/people\/ArchiveHubio\/100091316926341\/"]}]}},"_links":{"self":[{"href":"https:\/\/archivehub.io\/de\/wp-json\/wp\/v2\/pages\/4791","targetHints":{"allow":["GET"]}}],"collection":[{"href":"https:\/\/archivehub.io\/de\/wp-json\/wp\/v2\/pages"}],"about":[{"href":"https:\/\/archivehub.io\/de\/wp-json\/wp\/v2\/types\/page"}],"author":[{"embeddable":true,"href":"https:\/\/archivehub.io\/de\/wp-json\/wp\/v2\/users\/1"}],"replies":[{"embeddable":true,"href":"https:\/\/archivehub.io\/de\/wp-json\/wp\/v2\/comments?post=4791"}],"version-history":[{"count":5,"href":"https:\/\/archivehub.io\/de\/wp-json\/wp\/v2\/pages\/4791\/revisions"}],"predecessor-version":[{"id":5166,"href":"https:\/\/archivehub.io\/de\/wp-json\/wp\/v2\/pages\/4791\/revisions\/5166"}],"wp:attachment":[{"href":"https:\/\/archivehub.io\/de\/wp-json\/wp\/v2\/media?parent=4791"}],"curies":[{"name":"wp","href":"https:\/\/api.w.org\/{rel}","templated":true}]}}