{"id":4783,"date":"2023-03-25T09:28:23","date_gmt":"2023-03-25T09:28:23","guid":{"rendered":"https:\/\/archivehub.io\/archivehub-archivdatenberichterstattung-fuer-s-4hana\/"},"modified":"2023-04-09T06:44:56","modified_gmt":"2023-04-09T06:44:56","slug":"archivehub-archivdatenberichterstattung-fuer-s-4hana","status":"publish","type":"page","link":"https:\/\/archivehub.io\/de\/archivehub-archivdatenberichterstattung-fuer-s-4hana\/","title":{"rendered":"ArchiveHub Archivdatenberichterstattung f\u00fcr S\/4HANA"},"content":{"rendered":"\t\t<div data-elementor-type=\"wp-page\" data-elementor-id=\"4783\" class=\"elementor elementor-4783 elementor-2680\">\n\t\t\t\t\t\t<section class=\"elementor-section elementor-top-section elementor-element elementor-element-b1a766d elementor-section-boxed elementor-section-height-default elementor-section-height-default\" data-id=\"b1a766d\" data-element_type=\"section\">\n\t\t\t\t\t\t<div class=\"elementor-container elementor-column-gap-default\">\n\t\t\t\t\t<div class=\"elementor-column elementor-col-50 elementor-top-column elementor-element elementor-element-064082d\" data-id=\"064082d\" data-element_type=\"column\">\n\t\t\t<div class=\"elementor-widget-wrap elementor-element-populated\">\n\t\t\t\t\t\t<div class=\"elementor-element elementor-element-b3014cc elementor-widget elementor-widget-image\" data-id=\"b3014cc\" data-element_type=\"widget\" data-widget_type=\"image.default\">\n\t\t\t\t<div class=\"elementor-widget-container\">\n\t\t\t\t\t\t\t\t\t\t\t\t\t\t\t<img fetchpriority=\"high\" decoding=\"async\" width=\"530\" height=\"350\" src=\"https:\/\/archivehub.io\/wp-content\/uploads\/2023\/03\/s4hana.png\" class=\"attachment-large size-large wp-image-4623\" alt=\"\" srcset=\"https:\/\/archivehub.io\/wp-content\/uploads\/2023\/03\/s4hana.png 530w, https:\/\/archivehub.io\/wp-content\/uploads\/2023\/03\/s4hana-300x198.png 300w\" sizes=\"(max-width: 530px) 100vw, 530px\" \/>\t\t\t\t\t\t\t\t\t\t\t\t\t\t\t<\/div>\n\t\t\t\t<\/div>\n\t\t\t\t\t<\/div>\n\t\t<\/div>\n\t\t\t\t<div class=\"elementor-column elementor-col-50 elementor-top-column elementor-element elementor-element-fa5ecbf\" data-id=\"fa5ecbf\" data-element_type=\"column\">\n\t\t\t<div class=\"elementor-widget-wrap elementor-element-populated\">\n\t\t\t\t\t\t<div class=\"elementor-element elementor-element-b9300fa elementor-widget elementor-widget-text-editor\" data-id=\"b9300fa\" data-element_type=\"widget\" data-widget_type=\"text-editor.default\">\n\t\t\t\t<div class=\"elementor-widget-container\">\n\t\t\t\t\t\t\t\t\t<p>Die Datenarchivierung in SAP S\/4HANA bezieht sich auf den Prozess der Verlagerung von Daten, auf die nur selten zugegriffen wird oder die veraltet sind, von der prim\u00e4ren Datenbank in ein separates, kosteng\u00fcnstigeres Speichersystem, wobei die Daten f\u00fcr rechtliche oder gesch\u00e4ftliche Anforderungen weiterhin zug\u00e4nglich bleiben. Die Archivierung tr\u00e4gt dazu bei, die Systemleistung aufrechtzuerhalten, den Datenbestand zu reduzieren und die Gesamtbetriebskosten zu senken.<\/p>\n<p>Im Kontext von SAP S\/4HANA ist die Datenarchivierung besonders wichtig, da das System auf die hochperformante In-Memory-HANA-Datenbank setzt und hier die wichtigste Tabelle von S\/4HANA ACDOCA betroffen ist. Da das Datenvolumen im Laufe der Zeit w\u00e4chst, ist eine effiziente Datenverwaltung von entscheidender Bedeutung, um die Systemleistung zu optimieren und den reibungslosen Betrieb des Systems zu gew\u00e4hrleisten.<\/p>\n\t\t\t\t\t\t\t\t<\/div>\n\t\t\t\t<\/div>\n\t\t\t\t\t<\/div>\n\t\t<\/div>\n\t\t\t\t\t<\/div>\n\t\t<\/section>\n\t\t\t\t<section class=\"elementor-section elementor-top-section elementor-element elementor-element-ac19336 elementor-section-boxed elementor-section-height-default elementor-section-height-default\" data-id=\"ac19336\" data-element_type=\"section\">\n\t\t\t\t\t\t<div class=\"elementor-container elementor-column-gap-default\">\n\t\t\t\t\t<div class=\"elementor-column elementor-col-100 elementor-top-column elementor-element elementor-element-6107003\" data-id=\"6107003\" data-element_type=\"column\">\n\t\t\t<div class=\"elementor-widget-wrap elementor-element-populated\">\n\t\t\t\t\t\t<div class=\"elementor-element elementor-element-ac04040 elementor-widget elementor-widget-text-editor\" data-id=\"ac04040\" data-element_type=\"widget\" data-widget_type=\"text-editor.default\">\n\t\t\t\t<div class=\"elementor-widget-container\">\n\t\t\t\t\t\t\t\t\t<p>Die Verk\u00fcrzung der Residenzzeit ist der Schl\u00fcssel zur Kontrolle des Datenwachstums. Dies kann nur erreicht werden, wenn die Gesch\u00e4ftsanwender davon \u00fcberzeugt sind, dass sie auf die Daten auf die gleiche Weise zugreifen k\u00f6nnen wie in ihren nativen Fiori-Anwendungen. ArchiveHub Archive Data Reporting for S\/4HANA schlie\u00dft diese L\u00fccke vollst\u00e4ndig und sorgt daf\u00fcr, dass die Gesch\u00e4ftsanwender die archivierten Daten in nativen Fiori-Anwendungen sehen k\u00f6nnen.<\/p>\n\t\t\t\t\t\t\t\t<\/div>\n\t\t\t\t<\/div>\n\t\t\t\t\t<\/div>\n\t\t<\/div>\n\t\t\t\t\t<\/div>\n\t\t<\/section>\n\t\t\t\t<\/div>\n\t\t","protected":false},"excerpt":{"rendered":"<p>Die Datenarchivierung in SAP S\/4HANA bezieht sich auf den Prozess der Verlagerung von Daten, auf die nur selten zugegriffen wird oder die veraltet sind, von der prim\u00e4ren Datenbank in ein separates, kosteng\u00fcnstigeres Speichersystem, wobei die Daten f\u00fcr rechtliche oder gesch\u00e4ftliche Anforderungen weiterhin zug\u00e4nglich bleiben. Die Archivierung tr\u00e4gt dazu bei, die Systemleistung aufrechtzuerhalten, den Datenbestand zu [&hellip;]<\/p>\n","protected":false},"author":1,"featured_media":0,"parent":0,"menu_order":0,"comment_status":"closed","ping_status":"closed","template":"","meta":{"om_disable_all_campaigns":false,"_monsterinsights_skip_tracking":false,"_monsterinsights_sitenote_active":false,"_monsterinsights_sitenote_note":"","_monsterinsights_sitenote_category":0,"footnotes":""},"class_list":["post-4783","page","type-page","status-publish","hentry"],"aioseo_notices":[],"yoast_head":"<!-- This site is optimized with the Yoast SEO plugin v25.0 - https:\/\/yoast.com\/wordpress\/plugins\/seo\/ -->\n<title>ArchiveHub Archivdatenberichterstattung f\u00fcr S\/4HANA - ArchiveHub.io<\/title>\n<meta name=\"description\" content=\"Nahtloser Zugriff auf archivierte SAP S4HANA-Daten in Fiori. Der Zugriff auf Daten aus archivierten Dateien erfolgt in Windeseile.\" \/>\n<meta name=\"robots\" content=\"index, follow, max-snippet:-1, max-image-preview:large, max-video-preview:-1\" \/>\n<link rel=\"canonical\" href=\"https:\/\/archivehub.io\/de\/archivehub-archivdatenberichterstattung-fuer-s-4hana\/\" \/>\n<meta property=\"og:locale\" content=\"de_DE\" \/>\n<meta property=\"og:type\" content=\"article\" \/>\n<meta property=\"og:title\" content=\"ArchiveHub Archivdatenberichterstattung f\u00fcr S\/4HANA - ArchiveHub.io\" \/>\n<meta property=\"og:description\" content=\"Nahtloser Zugriff auf archivierte SAP S4HANA-Daten in Fiori. Der Zugriff auf Daten aus archivierten Dateien erfolgt in Windeseile.\" \/>\n<meta property=\"og:url\" content=\"https:\/\/archivehub.io\/de\/archivehub-archivdatenberichterstattung-fuer-s-4hana\/\" \/>\n<meta property=\"og:site_name\" content=\"ArchiveHub.io\" \/>\n<meta property=\"article:publisher\" content=\"https:\/\/www.facebook.com\/people\/ArchiveHubio\/100091316926341\/\" \/>\n<meta property=\"article:modified_time\" content=\"2023-04-09T06:44:56+00:00\" \/>\n<meta property=\"og:image\" content=\"https:\/\/archivehub.io\/wp-content\/uploads\/2023\/03\/s4hana.png\" \/>\n<meta name=\"twitter:card\" content=\"summary_large_image\" \/>\n<meta name=\"twitter:label1\" content=\"Gesch\u00e4tzte Lesezeit\" \/>\n\t<meta name=\"twitter:data1\" content=\"1\u00a0Minute\" \/>\n<script type=\"application\/ld+json\" class=\"yoast-schema-graph\">{\"@context\":\"https:\/\/schema.org\",\"@graph\":[{\"@type\":\"WebPage\",\"@id\":\"https:\/\/archivehub.io\/de\/archivehub-archivdatenberichterstattung-fuer-s-4hana\/\",\"url\":\"https:\/\/archivehub.io\/de\/archivehub-archivdatenberichterstattung-fuer-s-4hana\/\",\"name\":\"ArchiveHub Archivdatenberichterstattung f\u00fcr S\/4HANA - ArchiveHub.io\",\"isPartOf\":{\"@id\":\"https:\/\/archivehub.io\/de\/#website\"},\"primaryImageOfPage\":{\"@id\":\"https:\/\/archivehub.io\/de\/archivehub-archivdatenberichterstattung-fuer-s-4hana\/#primaryimage\"},\"image\":{\"@id\":\"https:\/\/archivehub.io\/de\/archivehub-archivdatenberichterstattung-fuer-s-4hana\/#primaryimage\"},\"thumbnailUrl\":\"https:\/\/archivehub.io\/wp-content\/uploads\/2023\/03\/s4hana.png\",\"datePublished\":\"2023-03-25T09:28:23+00:00\",\"dateModified\":\"2023-04-09T06:44:56+00:00\",\"description\":\"Nahtloser Zugriff auf archivierte SAP S4HANA-Daten in Fiori. Der Zugriff auf Daten aus archivierten Dateien erfolgt in Windeseile.\",\"inLanguage\":\"de\",\"potentialAction\":[{\"@type\":\"ReadAction\",\"target\":[\"https:\/\/archivehub.io\/de\/archivehub-archivdatenberichterstattung-fuer-s-4hana\/\"]}]},{\"@type\":\"ImageObject\",\"inLanguage\":\"de\",\"@id\":\"https:\/\/archivehub.io\/de\/archivehub-archivdatenberichterstattung-fuer-s-4hana\/#primaryimage\",\"url\":\"https:\/\/archivehub.io\/wp-content\/uploads\/2023\/03\/s4hana.png\",\"contentUrl\":\"https:\/\/archivehub.io\/wp-content\/uploads\/2023\/03\/s4hana.png\"},{\"@type\":\"WebSite\",\"@id\":\"https:\/\/archivehub.io\/de\/#website\",\"url\":\"https:\/\/archivehub.io\/de\/\",\"name\":\"ArchiveHub.io\",\"description\":\"SAP Archived Data Reporting Made Easy\",\"publisher\":{\"@id\":\"https:\/\/archivehub.io\/de\/#organization\"},\"potentialAction\":[{\"@type\":\"SearchAction\",\"target\":{\"@type\":\"EntryPoint\",\"urlTemplate\":\"https:\/\/archivehub.io\/de\/?s={search_term_string}\"},\"query-input\":{\"@type\":\"PropertyValueSpecification\",\"valueRequired\":true,\"valueName\":\"search_term_string\"}}],\"inLanguage\":\"de\"},{\"@type\":\"Organization\",\"@id\":\"https:\/\/archivehub.io\/de\/#organization\",\"name\":\"ArchiveHub.io\",\"url\":\"https:\/\/archivehub.io\/de\/\",\"logo\":{\"@type\":\"ImageObject\",\"inLanguage\":\"de\",\"@id\":\"https:\/\/archivehub.io\/de\/#\/schema\/logo\/image\/\",\"url\":\"https:\/\/archivehub.io\/wp-content\/uploads\/2023\/03\/350px.png\",\"contentUrl\":\"https:\/\/archivehub.io\/wp-content\/uploads\/2023\/03\/350px.png\",\"width\":351,\"height\":77,\"caption\":\"ArchiveHub.io\"},\"image\":{\"@id\":\"https:\/\/archivehub.io\/de\/#\/schema\/logo\/image\/\"},\"sameAs\":[\"https:\/\/www.facebook.com\/people\/ArchiveHubio\/100091316926341\/\"]}]}<\/script>\n<!-- \/ Yoast SEO plugin. -->","yoast_head_json":{"title":"ArchiveHub Archivdatenberichterstattung f\u00fcr S\/4HANA - ArchiveHub.io","description":"Nahtloser Zugriff auf archivierte SAP S4HANA-Daten in Fiori. Der Zugriff auf Daten aus archivierten Dateien erfolgt in Windeseile.","robots":{"index":"index","follow":"follow","max-snippet":"max-snippet:-1","max-image-preview":"max-image-preview:large","max-video-preview":"max-video-preview:-1"},"canonical":"https:\/\/archivehub.io\/de\/archivehub-archivdatenberichterstattung-fuer-s-4hana\/","og_locale":"de_DE","og_type":"article","og_title":"ArchiveHub Archivdatenberichterstattung f\u00fcr S\/4HANA - ArchiveHub.io","og_description":"Nahtloser Zugriff auf archivierte SAP S4HANA-Daten in Fiori. Der Zugriff auf Daten aus archivierten Dateien erfolgt in Windeseile.","og_url":"https:\/\/archivehub.io\/de\/archivehub-archivdatenberichterstattung-fuer-s-4hana\/","og_site_name":"ArchiveHub.io","article_publisher":"https:\/\/www.facebook.com\/people\/ArchiveHubio\/100091316926341\/","article_modified_time":"2023-04-09T06:44:56+00:00","og_image":[{"url":"https:\/\/archivehub.io\/wp-content\/uploads\/2023\/03\/s4hana.png","type":"","width":"","height":""}],"twitter_card":"summary_large_image","twitter_misc":{"Gesch\u00e4tzte Lesezeit":"1\u00a0Minute"},"schema":{"@context":"https:\/\/schema.org","@graph":[{"@type":"WebPage","@id":"https:\/\/archivehub.io\/de\/archivehub-archivdatenberichterstattung-fuer-s-4hana\/","url":"https:\/\/archivehub.io\/de\/archivehub-archivdatenberichterstattung-fuer-s-4hana\/","name":"ArchiveHub Archivdatenberichterstattung f\u00fcr S\/4HANA - ArchiveHub.io","isPartOf":{"@id":"https:\/\/archivehub.io\/de\/#website"},"primaryImageOfPage":{"@id":"https:\/\/archivehub.io\/de\/archivehub-archivdatenberichterstattung-fuer-s-4hana\/#primaryimage"},"image":{"@id":"https:\/\/archivehub.io\/de\/archivehub-archivdatenberichterstattung-fuer-s-4hana\/#primaryimage"},"thumbnailUrl":"https:\/\/archivehub.io\/wp-content\/uploads\/2023\/03\/s4hana.png","datePublished":"2023-03-25T09:28:23+00:00","dateModified":"2023-04-09T06:44:56+00:00","description":"Nahtloser Zugriff auf archivierte SAP S4HANA-Daten in Fiori. Der Zugriff auf Daten aus archivierten Dateien erfolgt in Windeseile.","inLanguage":"de","potentialAction":[{"@type":"ReadAction","target":["https:\/\/archivehub.io\/de\/archivehub-archivdatenberichterstattung-fuer-s-4hana\/"]}]},{"@type":"ImageObject","inLanguage":"de","@id":"https:\/\/archivehub.io\/de\/archivehub-archivdatenberichterstattung-fuer-s-4hana\/#primaryimage","url":"https:\/\/archivehub.io\/wp-content\/uploads\/2023\/03\/s4hana.png","contentUrl":"https:\/\/archivehub.io\/wp-content\/uploads\/2023\/03\/s4hana.png"},{"@type":"WebSite","@id":"https:\/\/archivehub.io\/de\/#website","url":"https:\/\/archivehub.io\/de\/","name":"ArchiveHub.io","description":"SAP Archived Data Reporting Made Easy","publisher":{"@id":"https:\/\/archivehub.io\/de\/#organization"},"potentialAction":[{"@type":"SearchAction","target":{"@type":"EntryPoint","urlTemplate":"https:\/\/archivehub.io\/de\/?s={search_term_string}"},"query-input":{"@type":"PropertyValueSpecification","valueRequired":true,"valueName":"search_term_string"}}],"inLanguage":"de"},{"@type":"Organization","@id":"https:\/\/archivehub.io\/de\/#organization","name":"ArchiveHub.io","url":"https:\/\/archivehub.io\/de\/","logo":{"@type":"ImageObject","inLanguage":"de","@id":"https:\/\/archivehub.io\/de\/#\/schema\/logo\/image\/","url":"https:\/\/archivehub.io\/wp-content\/uploads\/2023\/03\/350px.png","contentUrl":"https:\/\/archivehub.io\/wp-content\/uploads\/2023\/03\/350px.png","width":351,"height":77,"caption":"ArchiveHub.io"},"image":{"@id":"https:\/\/archivehub.io\/de\/#\/schema\/logo\/image\/"},"sameAs":["https:\/\/www.facebook.com\/people\/ArchiveHubio\/100091316926341\/"]}]}},"_links":{"self":[{"href":"https:\/\/archivehub.io\/de\/wp-json\/wp\/v2\/pages\/4783","targetHints":{"allow":["GET"]}}],"collection":[{"href":"https:\/\/archivehub.io\/de\/wp-json\/wp\/v2\/pages"}],"about":[{"href":"https:\/\/archivehub.io\/de\/wp-json\/wp\/v2\/types\/page"}],"author":[{"embeddable":true,"href":"https:\/\/archivehub.io\/de\/wp-json\/wp\/v2\/users\/1"}],"replies":[{"embeddable":true,"href":"https:\/\/archivehub.io\/de\/wp-json\/wp\/v2\/comments?post=4783"}],"version-history":[{"count":2,"href":"https:\/\/archivehub.io\/de\/wp-json\/wp\/v2\/pages\/4783\/revisions"}],"predecessor-version":[{"id":4812,"href":"https:\/\/archivehub.io\/de\/wp-json\/wp\/v2\/pages\/4783\/revisions\/4812"}],"wp:attachment":[{"href":"https:\/\/archivehub.io\/de\/wp-json\/wp\/v2\/media?parent=4783"}],"curies":[{"name":"wp","href":"https:\/\/api.w.org\/{rel}","templated":true}]}}