{"id":4764,"date":"2023-03-25T08:05:43","date_gmt":"2023-03-25T08:05:43","guid":{"rendered":"https:\/\/archivehub.io\/stilllegung-von-altsystemen-mit-sap-ilm-rw\/"},"modified":"2023-04-09T07:02:39","modified_gmt":"2023-04-09T07:02:39","slug":"stilllegung-von-altsystemen-mit-sap-ilm-rw","status":"publish","type":"page","link":"https:\/\/archivehub.io\/de\/stilllegung-von-altsystemen-mit-sap-ilm-rw\/","title":{"rendered":"Stilllegung von Altsystemen mit SAP ILM RW"},"content":{"rendered":"\t\t<div data-elementor-type=\"wp-page\" data-elementor-id=\"4764\" class=\"elementor elementor-4764 elementor-2633\">\n\t\t\t\t\t\t<section class=\"elementor-section elementor-top-section elementor-element elementor-element-b2a8142 elementor-section-boxed elementor-section-height-default elementor-section-height-default\" data-id=\"b2a8142\" data-element_type=\"section\">\n\t\t\t\t\t\t<div class=\"elementor-container elementor-column-gap-default\">\n\t\t\t\t\t<div class=\"elementor-column elementor-col-50 elementor-top-column elementor-element elementor-element-011e8e9\" data-id=\"011e8e9\" data-element_type=\"column\">\n\t\t\t<div class=\"elementor-widget-wrap elementor-element-populated\">\n\t\t\t\t\t\t<div class=\"elementor-element elementor-element-264804d elementor-widget elementor-widget-image\" data-id=\"264804d\" data-element_type=\"widget\" data-widget_type=\"image.default\">\n\t\t\t\t<div class=\"elementor-widget-container\">\n\t\t\t\t\t\t\t\t\t\t\t\t\t\t\t<img fetchpriority=\"high\" decoding=\"async\" width=\"530\" height=\"350\" src=\"https:\/\/archivehub.io\/wp-content\/uploads\/2023\/03\/legacy_decom_ilm_rw2.png\" class=\"attachment-large size-large wp-image-4630\" alt=\"\" srcset=\"https:\/\/archivehub.io\/wp-content\/uploads\/2023\/03\/legacy_decom_ilm_rw2.png 530w, https:\/\/archivehub.io\/wp-content\/uploads\/2023\/03\/legacy_decom_ilm_rw2-300x198.png 300w\" sizes=\"(max-width: 530px) 100vw, 530px\" \/>\t\t\t\t\t\t\t\t\t\t\t\t\t\t\t<\/div>\n\t\t\t\t<\/div>\n\t\t\t\t\t<\/div>\n\t\t<\/div>\n\t\t\t\t<div class=\"elementor-column elementor-col-50 elementor-top-column elementor-element elementor-element-c0bdb19\" data-id=\"c0bdb19\" data-element_type=\"column\">\n\t\t\t<div class=\"elementor-widget-wrap elementor-element-populated\">\n\t\t\t\t\t\t<div class=\"elementor-element elementor-element-e8c5f45 elementor-widget elementor-widget-text-editor\" data-id=\"e8c5f45\" data-element_type=\"widget\" data-widget_type=\"text-editor.default\">\n\t\t\t\t<div class=\"elementor-widget-container\">\n\t\t\t\t\t\t\t\t\t<p>SAP ILM Retention Warehouse spielt eine entscheidende Rolle bei der Stilllegung von Altsystemen, da es einen strukturierten und konformen Ansatz f\u00fcr die Archivierung, Speicherung und eventuelle L\u00f6schung von Daten bietet.  <\/p>\n\t\t\t\t\t\t\t\t<\/div>\n\t\t\t\t<\/div>\n\t\t\t\t\t<\/div>\n\t\t<\/div>\n\t\t\t\t\t<\/div>\n\t\t<\/section>\n\t\t\t\t<section class=\"elementor-section elementor-top-section elementor-element elementor-element-944446e elementor-section-boxed elementor-section-height-default elementor-section-height-default\" data-id=\"944446e\" data-element_type=\"section\">\n\t\t\t\t\t\t<div class=\"elementor-container elementor-column-gap-default\">\n\t\t\t\t\t<div class=\"elementor-column elementor-col-100 elementor-top-column elementor-element elementor-element-01def9e\" data-id=\"01def9e\" data-element_type=\"column\">\n\t\t\t<div class=\"elementor-widget-wrap elementor-element-populated\">\n\t\t\t\t\t\t<div class=\"elementor-element elementor-element-836e93a elementor-widget elementor-widget-text-editor\" data-id=\"836e93a\" data-element_type=\"widget\" data-widget_type=\"text-editor.default\">\n\t\t\t\t<div class=\"elementor-widget-container\">\n\t\t\t\t\t\t\t\t\t<h3>Hier erfahren Sie, wie es bei der Stilllegung von Altsystemen hilft:<\/h3>\n<ul>\n<li><strong>Datenextraktion:<\/strong> ILM Retention Warehouse erm\u00f6glicht es Unternehmen, relevante Daten aus Altsystemen zu extrahieren und sie in einem sicheren, zug\u00e4nglichen Repository zu speichern. Dadurch wird sichergestellt, dass bei der Stilllegung \u00e4lterer Systeme keine wichtigen historischen Daten verloren gehen.<\/li>\n<li><strong>Zentralisierte Datenverwaltung:<\/strong> Durch die Konsolidierung der Daten aus mehreren Legacy-Systemen im ILM Retention Warehouse k\u00f6nnen Unternehmen die archivierten Daten von einem einzigen, zentralen Ort aus verwalten und darauf zugreifen, wodurch der gesamte Datenverwaltungsprozess vereinfacht wird.<\/li>\n<li><strong>Einhaltung gesetzlicher Vorschriften:<\/strong> Die Stilllegung von Altsystemen erfordert h\u00e4ufig die Einhaltung verschiedener Vorschriften zur Datenaufbewahrung und zum Datenschutz. Mit dem ILM Retention Warehouse k\u00f6nnen Unternehmen Aufbewahrungsregeln und -richtlinien f\u00fcr archivierte Daten definieren, um sicherzustellen, dass die Daten f\u00fcr die erforderliche Dauer aufbewahrt und erst gel\u00f6scht werden, wenn sie nicht mehr ben\u00f6tigt werden.<\/li>\n<li><strong>Geringere Betriebskosten:<\/strong> Durch die Archivierung von Daten aus Altsystemen und deren Stilllegung k\u00f6nnen Unternehmen die mit \u00e4lteren Systemen verbundenen Wartungs-, Support- und Infrastrukturkosten erheblich senken.<\/li>\n<li><strong>Verbesserte Systemleistung:<\/strong> Die Stilllegung von Altsystemen und die Archivierung ihrer Daten im ILM Retention Warehouse tr\u00e4gt dazu bei, den gesamten Datenbestand zu reduzieren, was zu einer verbesserten Leistung der verbleibenden IT-Infrastruktur f\u00fchrt.<\/li>\n<li><strong>Risikominimierung:<\/strong> Die Stilllegung von Altsystemen kann Risiken wie Datenverlust, Sicherheitsl\u00fccken und Nichteinhaltung von Vorschriften mit sich bringen. Durch den Einsatz des ILM Retention Warehouse k\u00f6nnen Unternehmen diese Risiken durch sichere Speicherung, Verwaltung und Zugriff auf die archivierten Daten auf eine konforme Art und Weise mindern.<\/li>\n<\/ul>\n<p>Zusammenfassend l\u00e4sst sich sagen, dass SAP ILM Retention Warehouse die Stilllegung von Altsystemen erleichtert, indem es eine sichere und gesetzeskonforme L\u00f6sung f\u00fcr die Datenarchivierung bietet, die sicherstellt, dass wertvolle Daten erhalten bleiben und zug\u00e4nglich sind, w\u00e4hrend die mit der Wartung \u00e4lterer Systeme verbundenen Risiken und Kosten minimiert werden.<\/p>\n<p>Wir unterst\u00fctzen Sie bei der Implementierung von SAP ILM RW f\u00fcr die Stilllegung von Altsystemen in k\u00fcrzester Zeit mit automatisierten Berichten.<\/p>\n\t\t\t\t\t\t\t\t<\/div>\n\t\t\t\t<\/div>\n\t\t\t\t\t<\/div>\n\t\t<\/div>\n\t\t\t\t\t<\/div>\n\t\t<\/section>\n\t\t\t\t<\/div>\n\t\t","protected":false},"excerpt":{"rendered":"<p>SAP ILM Retention Warehouse spielt eine entscheidende Rolle bei der Stilllegung von Altsystemen, da es einen strukturierten und konformen Ansatz f\u00fcr die Archivierung, Speicherung und eventuelle L\u00f6schung von Daten bietet. Hier erfahren Sie, wie es bei der Stilllegung von Altsystemen hilft: Datenextraktion: ILM Retention Warehouse erm\u00f6glicht es Unternehmen, relevante Daten aus Altsystemen zu extrahieren und [&hellip;]<\/p>\n","protected":false},"author":1,"featured_media":0,"parent":0,"menu_order":0,"comment_status":"closed","ping_status":"closed","template":"","meta":{"om_disable_all_campaigns":false,"_monsterinsights_skip_tracking":false,"_monsterinsights_sitenote_active":false,"_monsterinsights_sitenote_note":"","_monsterinsights_sitenote_category":0,"footnotes":""},"class_list":["post-4764","page","type-page","status-publish","hentry"],"aioseo_notices":[],"yoast_head":"<!-- This site is optimized with the Yoast SEO plugin v25.0 - https:\/\/yoast.com\/wordpress\/plugins\/seo\/ -->\n<title>Stilllegung von Altsystemen mit SAP ILM RW - ArchiveHub.io<\/title>\n<meta name=\"description\" content=\"SAP ILM Retention Warehouse spielt eine entscheidende Rolle bei der Stilllegung von Altsystemen, da es einen strukturierten und konformen Ansatz f\u00fcr die Archivierung, Speicherung und eventuelle L\u00f6schung von Daten bietet.\" \/>\n<meta name=\"robots\" content=\"index, follow, max-snippet:-1, max-image-preview:large, max-video-preview:-1\" \/>\n<link rel=\"canonical\" href=\"https:\/\/archivehub.io\/de\/stilllegung-von-altsystemen-mit-sap-ilm-rw\/\" \/>\n<meta property=\"og:locale\" content=\"de_DE\" \/>\n<meta property=\"og:type\" content=\"article\" \/>\n<meta property=\"og:title\" content=\"Stilllegung von Altsystemen mit SAP ILM RW - ArchiveHub.io\" \/>\n<meta property=\"og:description\" content=\"SAP ILM Retention Warehouse spielt eine entscheidende Rolle bei der Stilllegung von Altsystemen, da es einen strukturierten und konformen Ansatz f\u00fcr die Archivierung, Speicherung und eventuelle L\u00f6schung von Daten bietet.\" \/>\n<meta property=\"og:url\" content=\"https:\/\/archivehub.io\/de\/stilllegung-von-altsystemen-mit-sap-ilm-rw\/\" \/>\n<meta property=\"og:site_name\" content=\"ArchiveHub.io\" \/>\n<meta property=\"article:publisher\" content=\"https:\/\/www.facebook.com\/people\/ArchiveHubio\/100091316926341\/\" \/>\n<meta property=\"article:modified_time\" content=\"2023-04-09T07:02:39+00:00\" \/>\n<meta property=\"og:image\" content=\"https:\/\/archivehub.io\/wp-content\/uploads\/2023\/03\/legacy_decom_ilm_rw2.png\" \/>\n<meta name=\"twitter:card\" content=\"summary_large_image\" \/>\n<meta name=\"twitter:label1\" content=\"Gesch\u00e4tzte Lesezeit\" \/>\n\t<meta name=\"twitter:data1\" content=\"2\u00a0Minuten\" \/>\n<script type=\"application\/ld+json\" class=\"yoast-schema-graph\">{\"@context\":\"https:\/\/schema.org\",\"@graph\":[{\"@type\":\"WebPage\",\"@id\":\"https:\/\/archivehub.io\/de\/stilllegung-von-altsystemen-mit-sap-ilm-rw\/\",\"url\":\"https:\/\/archivehub.io\/de\/stilllegung-von-altsystemen-mit-sap-ilm-rw\/\",\"name\":\"Stilllegung von Altsystemen mit SAP ILM RW - ArchiveHub.io\",\"isPartOf\":{\"@id\":\"https:\/\/archivehub.io\/de\/#website\"},\"primaryImageOfPage\":{\"@id\":\"https:\/\/archivehub.io\/de\/stilllegung-von-altsystemen-mit-sap-ilm-rw\/#primaryimage\"},\"image\":{\"@id\":\"https:\/\/archivehub.io\/de\/stilllegung-von-altsystemen-mit-sap-ilm-rw\/#primaryimage\"},\"thumbnailUrl\":\"https:\/\/archivehub.io\/wp-content\/uploads\/2023\/03\/legacy_decom_ilm_rw2.png\",\"datePublished\":\"2023-03-25T08:05:43+00:00\",\"dateModified\":\"2023-04-09T07:02:39+00:00\",\"description\":\"SAP ILM Retention Warehouse spielt eine entscheidende Rolle bei der Stilllegung von Altsystemen, da es einen strukturierten und konformen Ansatz f\u00fcr die Archivierung, Speicherung und eventuelle L\u00f6schung von Daten bietet.\",\"inLanguage\":\"de\",\"potentialAction\":[{\"@type\":\"ReadAction\",\"target\":[\"https:\/\/archivehub.io\/de\/stilllegung-von-altsystemen-mit-sap-ilm-rw\/\"]}]},{\"@type\":\"ImageObject\",\"inLanguage\":\"de\",\"@id\":\"https:\/\/archivehub.io\/de\/stilllegung-von-altsystemen-mit-sap-ilm-rw\/#primaryimage\",\"url\":\"https:\/\/archivehub.io\/wp-content\/uploads\/2023\/03\/legacy_decom_ilm_rw2.png\",\"contentUrl\":\"https:\/\/archivehub.io\/wp-content\/uploads\/2023\/03\/legacy_decom_ilm_rw2.png\"},{\"@type\":\"WebSite\",\"@id\":\"https:\/\/archivehub.io\/de\/#website\",\"url\":\"https:\/\/archivehub.io\/de\/\",\"name\":\"ArchiveHub.io\",\"description\":\"SAP Archived Data Reporting Made Easy\",\"publisher\":{\"@id\":\"https:\/\/archivehub.io\/de\/#organization\"},\"potentialAction\":[{\"@type\":\"SearchAction\",\"target\":{\"@type\":\"EntryPoint\",\"urlTemplate\":\"https:\/\/archivehub.io\/de\/?s={search_term_string}\"},\"query-input\":{\"@type\":\"PropertyValueSpecification\",\"valueRequired\":true,\"valueName\":\"search_term_string\"}}],\"inLanguage\":\"de\"},{\"@type\":\"Organization\",\"@id\":\"https:\/\/archivehub.io\/de\/#organization\",\"name\":\"ArchiveHub.io\",\"url\":\"https:\/\/archivehub.io\/de\/\",\"logo\":{\"@type\":\"ImageObject\",\"inLanguage\":\"de\",\"@id\":\"https:\/\/archivehub.io\/de\/#\/schema\/logo\/image\/\",\"url\":\"https:\/\/archivehub.io\/wp-content\/uploads\/2023\/03\/350px.png\",\"contentUrl\":\"https:\/\/archivehub.io\/wp-content\/uploads\/2023\/03\/350px.png\",\"width\":351,\"height\":77,\"caption\":\"ArchiveHub.io\"},\"image\":{\"@id\":\"https:\/\/archivehub.io\/de\/#\/schema\/logo\/image\/\"},\"sameAs\":[\"https:\/\/www.facebook.com\/people\/ArchiveHubio\/100091316926341\/\"]}]}<\/script>\n<!-- \/ Yoast SEO plugin. -->","yoast_head_json":{"title":"Stilllegung von Altsystemen mit SAP ILM RW - ArchiveHub.io","description":"SAP ILM Retention Warehouse spielt eine entscheidende Rolle bei der Stilllegung von Altsystemen, da es einen strukturierten und konformen Ansatz f\u00fcr die Archivierung, Speicherung und eventuelle L\u00f6schung von Daten bietet.","robots":{"index":"index","follow":"follow","max-snippet":"max-snippet:-1","max-image-preview":"max-image-preview:large","max-video-preview":"max-video-preview:-1"},"canonical":"https:\/\/archivehub.io\/de\/stilllegung-von-altsystemen-mit-sap-ilm-rw\/","og_locale":"de_DE","og_type":"article","og_title":"Stilllegung von Altsystemen mit SAP ILM RW - ArchiveHub.io","og_description":"SAP ILM Retention Warehouse spielt eine entscheidende Rolle bei der Stilllegung von Altsystemen, da es einen strukturierten und konformen Ansatz f\u00fcr die Archivierung, Speicherung und eventuelle L\u00f6schung von Daten bietet.","og_url":"https:\/\/archivehub.io\/de\/stilllegung-von-altsystemen-mit-sap-ilm-rw\/","og_site_name":"ArchiveHub.io","article_publisher":"https:\/\/www.facebook.com\/people\/ArchiveHubio\/100091316926341\/","article_modified_time":"2023-04-09T07:02:39+00:00","og_image":[{"url":"https:\/\/archivehub.io\/wp-content\/uploads\/2023\/03\/legacy_decom_ilm_rw2.png","type":"","width":"","height":""}],"twitter_card":"summary_large_image","twitter_misc":{"Gesch\u00e4tzte Lesezeit":"2\u00a0Minuten"},"schema":{"@context":"https:\/\/schema.org","@graph":[{"@type":"WebPage","@id":"https:\/\/archivehub.io\/de\/stilllegung-von-altsystemen-mit-sap-ilm-rw\/","url":"https:\/\/archivehub.io\/de\/stilllegung-von-altsystemen-mit-sap-ilm-rw\/","name":"Stilllegung von Altsystemen mit SAP ILM RW - ArchiveHub.io","isPartOf":{"@id":"https:\/\/archivehub.io\/de\/#website"},"primaryImageOfPage":{"@id":"https:\/\/archivehub.io\/de\/stilllegung-von-altsystemen-mit-sap-ilm-rw\/#primaryimage"},"image":{"@id":"https:\/\/archivehub.io\/de\/stilllegung-von-altsystemen-mit-sap-ilm-rw\/#primaryimage"},"thumbnailUrl":"https:\/\/archivehub.io\/wp-content\/uploads\/2023\/03\/legacy_decom_ilm_rw2.png","datePublished":"2023-03-25T08:05:43+00:00","dateModified":"2023-04-09T07:02:39+00:00","description":"SAP ILM Retention Warehouse spielt eine entscheidende Rolle bei der Stilllegung von Altsystemen, da es einen strukturierten und konformen Ansatz f\u00fcr die Archivierung, Speicherung und eventuelle L\u00f6schung von Daten bietet.","inLanguage":"de","potentialAction":[{"@type":"ReadAction","target":["https:\/\/archivehub.io\/de\/stilllegung-von-altsystemen-mit-sap-ilm-rw\/"]}]},{"@type":"ImageObject","inLanguage":"de","@id":"https:\/\/archivehub.io\/de\/stilllegung-von-altsystemen-mit-sap-ilm-rw\/#primaryimage","url":"https:\/\/archivehub.io\/wp-content\/uploads\/2023\/03\/legacy_decom_ilm_rw2.png","contentUrl":"https:\/\/archivehub.io\/wp-content\/uploads\/2023\/03\/legacy_decom_ilm_rw2.png"},{"@type":"WebSite","@id":"https:\/\/archivehub.io\/de\/#website","url":"https:\/\/archivehub.io\/de\/","name":"ArchiveHub.io","description":"SAP Archived Data Reporting Made Easy","publisher":{"@id":"https:\/\/archivehub.io\/de\/#organization"},"potentialAction":[{"@type":"SearchAction","target":{"@type":"EntryPoint","urlTemplate":"https:\/\/archivehub.io\/de\/?s={search_term_string}"},"query-input":{"@type":"PropertyValueSpecification","valueRequired":true,"valueName":"search_term_string"}}],"inLanguage":"de"},{"@type":"Organization","@id":"https:\/\/archivehub.io\/de\/#organization","name":"ArchiveHub.io","url":"https:\/\/archivehub.io\/de\/","logo":{"@type":"ImageObject","inLanguage":"de","@id":"https:\/\/archivehub.io\/de\/#\/schema\/logo\/image\/","url":"https:\/\/archivehub.io\/wp-content\/uploads\/2023\/03\/350px.png","contentUrl":"https:\/\/archivehub.io\/wp-content\/uploads\/2023\/03\/350px.png","width":351,"height":77,"caption":"ArchiveHub.io"},"image":{"@id":"https:\/\/archivehub.io\/de\/#\/schema\/logo\/image\/"},"sameAs":["https:\/\/www.facebook.com\/people\/ArchiveHubio\/100091316926341\/"]}]}},"_links":{"self":[{"href":"https:\/\/archivehub.io\/de\/wp-json\/wp\/v2\/pages\/4764","targetHints":{"allow":["GET"]}}],"collection":[{"href":"https:\/\/archivehub.io\/de\/wp-json\/wp\/v2\/pages"}],"about":[{"href":"https:\/\/archivehub.io\/de\/wp-json\/wp\/v2\/types\/page"}],"author":[{"embeddable":true,"href":"https:\/\/archivehub.io\/de\/wp-json\/wp\/v2\/users\/1"}],"replies":[{"embeddable":true,"href":"https:\/\/archivehub.io\/de\/wp-json\/wp\/v2\/comments?post=4764"}],"version-history":[{"count":1,"href":"https:\/\/archivehub.io\/de\/wp-json\/wp\/v2\/pages\/4764\/revisions"}],"predecessor-version":[{"id":4774,"href":"https:\/\/archivehub.io\/de\/wp-json\/wp\/v2\/pages\/4764\/revisions\/4774"}],"wp:attachment":[{"href":"https:\/\/archivehub.io\/de\/wp-json\/wp\/v2\/media?parent=4764"}],"curies":[{"name":"wp","href":"https:\/\/api.w.org\/{rel}","templated":true}]}}