{"id":4762,"date":"2023-03-30T17:40:45","date_gmt":"2023-03-30T17:40:45","guid":{"rendered":"https:\/\/archivehub.io\/erklaerung-zu-den-nutzungsbestimmungen\/"},"modified":"2023-04-09T06:53:38","modified_gmt":"2023-04-09T06:53:38","slug":"erklaerung-zu-den-nutzungsbestimmungen","status":"publish","type":"page","link":"https:\/\/archivehub.io\/de\/erklaerung-zu-den-nutzungsbestimmungen\/","title":{"rendered":"Erkl\u00e4rung zu den Nutzungsbestimmungen"},"content":{"rendered":"\t\t<div data-elementor-type=\"wp-page\" data-elementor-id=\"4762\" class=\"elementor elementor-4762 elementor-3999\">\n\t\t\t\t\t\t<section class=\"elementor-section elementor-top-section elementor-element elementor-element-488eadd elementor-section-boxed elementor-section-height-default elementor-section-height-default\" data-id=\"488eadd\" data-element_type=\"section\">\n\t\t\t\t\t\t<div class=\"elementor-container elementor-column-gap-default\">\n\t\t\t\t\t<div class=\"elementor-column elementor-col-100 elementor-top-column elementor-element elementor-element-0e001b2\" data-id=\"0e001b2\" data-element_type=\"column\">\n\t\t\t<div class=\"elementor-widget-wrap elementor-element-populated\">\n\t\t\t\t\t\t<div class=\"elementor-element elementor-element-34ee565 elementor-widget elementor-widget-text-editor\" data-id=\"34ee565\" data-element_type=\"widget\" data-widget_type=\"text-editor.default\">\n\t\t\t\t<div class=\"elementor-widget-container\">\n\t\t\t\t\t\t\t\t\t<p><em>Zuletzt aktualisiert: M\u00e4rz 30, 2023<\/em><\/p>\n<p>Bitte lesen Sie diese Nutzungsbedingungen (&#8220;Bedingungen&#8221;, &#8220;Nutzungsbedingungen&#8221;) sorgf\u00e4ltig durch, bevor Sie die ArchiveHub.io-Website (der &#8220;Service&#8221;), die von Smart ERP Soft Inc (&#8220;uns&#8221;, &#8220;wir&#8221; oder &#8220;unser&#8221;) betrieben wird, nutzen.<\/p>\n<p>Indem Sie auf den Dienst zugreifen oder ihn nutzen, erkl\u00e4ren Sie sich mit den vorliegenden Bedingungen einverstanden. Wenn Sie mit irgendeinem Teil der Bedingungen nicht einverstanden sind, d\u00fcrfen Sie nicht auf den Dienst zugreifen.<\/p>\n<h4>Geistiges Eigentum<\/h4>\n<p>Der gesamte Inhalt dieser Website, einschlie\u00dflich, aber nicht beschr\u00e4nkt auf Texte, Bilder, Grafiken, Logos und digitale Downloads, ist das Eigentum von Smart ERP Soft Inc. oder seinen Inhaltslieferanten und ist durch kanadische und internationale Urheberrechtsgesetze gesch\u00fctzt. Die unbefugte Verwendung dieser Inhalte kann gegen das Urheberrecht, das Markenrecht und andere Gesetze versto\u00dfen.<\/p>\n<h4>Benutzerverhalten<\/h4>\n<p>Sie verpflichten sich, den Dienst nicht in einer Weise zu nutzen, die ungesetzlich, missbr\u00e4uchlich, bel\u00e4stigend oder bedrohlich ist oder in irgendeiner anderen Weise die Rechte anderer verletzt. Sie sind allein f\u00fcr Ihr Verhalten bei der Nutzung des Dienstes verantwortlich.<\/p>\n<h4>Links zu anderen Websites<\/h4>\n<p>Unser Service kann Links zu Webseiten oder Diensten Dritter enthalten, die nicht im Besitz oder unter der Kontrolle von Smart ERP Soft Inc. sind. Smart ERP Soft Inc. hat keine Kontrolle \u00fcber und \u00fcbernimmt keine Verantwortung f\u00fcr den Inhalt, die Datenschutzrichtlinien oder die Praktiken von Websites oder Diensten Dritter. Sie erkennen weiterhin an und stimmen zu, dass Smart ERP Soft Inc. nicht verantwortlich oder haftbar ist, weder direkt noch indirekt, f\u00fcr jegliche Sch\u00e4den oder Verluste, die durch oder in Verbindung mit der Nutzung oder dem Vertrauen auf solche Inhalte, Waren oder Dienstleistungen, die auf oder durch solche Websites oder Dienste verf\u00fcgbar sind, verursacht wurden oder angeblich verursacht wurden.<\/p>\n<p>Wir raten Ihnen dringend, die Gesch\u00e4ftsbedingungen und Datenschutzrichtlinien aller Websites oder Dienste Dritter, die Sie besuchen, zu lesen.<\/p>\n<h4>Gew\u00e4hrleistungsausschluss und Haftungsbeschr\u00e4nkung<\/h4>\n<p>Der Dienst wird auf einer &#8220;AS IS&#8221;- und &#8220;AS AVAILABLE&#8221;-Basis bereitgestellt. Smart ERP Soft Inc macht keine Zusicherungen oder Garantien jeglicher Art, ausdr\u00fccklich oder stillschweigend, in Bezug auf den Betrieb des Dienstes oder die Informationen, Inhalte oder Materialien, die im Dienst enthalten sind. Sie erkl\u00e4ren sich ausdr\u00fccklich damit einverstanden, dass die Nutzung des Dienstes auf Ihr eigenes Risiko erfolgt.<\/p>\n<p>Soweit gesetzlich zul\u00e4ssig, lehnt Smart ERP Soft Inc. alle ausdr\u00fccklichen oder stillschweigenden Garantien ab, einschlie\u00dflich, aber nicht beschr\u00e4nkt auf stillschweigende Garantien der Marktg\u00e4ngigkeit und Eignung f\u00fcr einen bestimmten Zweck. Smart ERP Soft Inc haftet nicht f\u00fcr Sch\u00e4den jeglicher Art, die aus der Nutzung des Dienstes entstehen, einschlie\u00dflich, aber nicht beschr\u00e4nkt auf direkte, indirekte, zuf\u00e4llige, strafende und Folgesch\u00e4den.<\/p>\n<h4>Geltendes Recht<\/h4>\n<p>Diese Bedingungen unterliegen den Gesetzen Kanadas und der Provinz Ontario, ohne R\u00fccksicht auf die Bestimmungen des Kollisionsrechts.<\/p>\n<p>Unser Vers\u00e4umnis, ein Recht oder eine Bestimmung dieser Bedingungen durchzusetzen, gilt nicht als Verzicht auf diese Rechte. Falls eine Bestimmung dieser Bedingungen von einem Gericht f\u00fcr ung\u00fcltig oder nicht durchsetzbar erkl\u00e4rt wird, bleiben die \u00fcbrigen Bestimmungen dieser Bedingungen in Kraft. Diese Bedingungen stellen die gesamte Vereinbarung zwischen uns in Bezug auf unseren Service dar und ersetzen alle fr\u00fcheren Vereinbarungen, die wir m\u00f6glicherweise zwischen uns in Bezug auf den Service getroffen haben.<\/p>\n<h4>\u00c4nderungen<\/h4>\n<p>Wir behalten uns das Recht vor, diese Bedingungen jederzeit und nach eigenem Ermessen zu \u00e4ndern oder zu ersetzen. Indem Sie nach Inkrafttreten von \u00c4nderungen weiterhin auf unseren Service zugreifen oder ihn nutzen, erkl\u00e4ren Sie sich mit den \u00fcberarbeiteten Bedingungen einverstanden. Wenn Sie den neuen Bedingungen nicht zustimmen, sind Sie nicht mehr berechtigt, den Dienst zu nutzen.<\/p>\n<h4>Kontakt<\/h4>\n<p>Wenn Sie Fragen zu diesen Bedingungen haben, kontaktieren Sie uns bitte unter info at archivehub.io.<\/p>\n\t\t\t\t\t\t\t\t<\/div>\n\t\t\t\t<\/div>\n\t\t\t\t\t<\/div>\n\t\t<\/div>\n\t\t\t\t\t<\/div>\n\t\t<\/section>\n\t\t\t\t<\/div>\n\t\t","protected":false},"excerpt":{"rendered":"<p>Zuletzt aktualisiert: M\u00e4rz 30, 2023 Bitte lesen Sie diese Nutzungsbedingungen (&#8220;Bedingungen&#8221;, &#8220;Nutzungsbedingungen&#8221;) sorgf\u00e4ltig durch, bevor Sie die ArchiveHub.io-Website (der &#8220;Service&#8221;), die von Smart ERP Soft Inc (&#8220;uns&#8221;, &#8220;wir&#8221; oder &#8220;unser&#8221;) betrieben wird, nutzen. Indem Sie auf den Dienst zugreifen oder ihn nutzen, erkl\u00e4ren Sie sich mit den vorliegenden Bedingungen einverstanden. Wenn Sie mit irgendeinem Teil [&hellip;]<\/p>\n","protected":false},"author":2,"featured_media":0,"parent":0,"menu_order":0,"comment_status":"closed","ping_status":"closed","template":"","meta":{"om_disable_all_campaigns":false,"_monsterinsights_skip_tracking":false,"_monsterinsights_sitenote_active":false,"_monsterinsights_sitenote_note":"","_monsterinsights_sitenote_category":0,"footnotes":""},"class_list":["post-4762","page","type-page","status-publish","hentry"],"aioseo_notices":[],"yoast_head":"<!-- This site is optimized with the Yoast SEO plugin v25.0 - https:\/\/yoast.com\/wordpress\/plugins\/seo\/ -->\n<title>Erkl\u00e4rung zu den Nutzungsbestimmungen - ArchiveHub.io<\/title>\n<meta name=\"robots\" content=\"noindex, nofollow\" \/>\n<meta property=\"og:locale\" content=\"de_DE\" \/>\n<meta property=\"og:type\" content=\"article\" \/>\n<meta property=\"og:title\" content=\"Erkl\u00e4rung zu den Nutzungsbestimmungen - ArchiveHub.io\" \/>\n<meta property=\"og:description\" content=\"Zuletzt aktualisiert: M\u00e4rz 30, 2023 Bitte lesen Sie diese Nutzungsbedingungen (&#8220;Bedingungen&#8221;, &#8220;Nutzungsbedingungen&#8221;) sorgf\u00e4ltig durch, bevor Sie die ArchiveHub.io-Website (der &#8220;Service&#8221;), die von Smart ERP Soft Inc (&#8220;uns&#8221;, &#8220;wir&#8221; oder &#8220;unser&#8221;) betrieben wird, nutzen. Indem Sie auf den Dienst zugreifen oder ihn nutzen, erkl\u00e4ren Sie sich mit den vorliegenden Bedingungen einverstanden. Wenn Sie mit irgendeinem Teil [&hellip;]\" \/>\n<meta property=\"og:url\" content=\"https:\/\/archivehub.io\/de\/erklaerung-zu-den-nutzungsbestimmungen\/\" \/>\n<meta property=\"og:site_name\" content=\"ArchiveHub.io\" \/>\n<meta property=\"article:publisher\" content=\"https:\/\/www.facebook.com\/people\/ArchiveHubio\/100091316926341\/\" \/>\n<meta property=\"article:modified_time\" content=\"2023-04-09T06:53:38+00:00\" \/>\n<meta name=\"twitter:card\" content=\"summary_large_image\" \/>\n<meta name=\"twitter:label1\" content=\"Gesch\u00e4tzte Lesezeit\" \/>\n\t<meta name=\"twitter:data1\" content=\"3\u00a0Minuten\" \/>\n<script type=\"application\/ld+json\" class=\"yoast-schema-graph\">{\"@context\":\"https:\/\/schema.org\",\"@graph\":[{\"@type\":\"WebPage\",\"@id\":\"https:\/\/archivehub.io\/de\/erklaerung-zu-den-nutzungsbestimmungen\/\",\"url\":\"https:\/\/archivehub.io\/de\/erklaerung-zu-den-nutzungsbestimmungen\/\",\"name\":\"Erkl\u00e4rung zu den Nutzungsbestimmungen - ArchiveHub.io\",\"isPartOf\":{\"@id\":\"https:\/\/archivehub.io\/de\/#website\"},\"datePublished\":\"2023-03-30T17:40:45+00:00\",\"dateModified\":\"2023-04-09T06:53:38+00:00\",\"inLanguage\":\"de\",\"potentialAction\":[{\"@type\":\"ReadAction\",\"target\":[\"https:\/\/archivehub.io\/de\/erklaerung-zu-den-nutzungsbestimmungen\/\"]}]},{\"@type\":\"WebSite\",\"@id\":\"https:\/\/archivehub.io\/de\/#website\",\"url\":\"https:\/\/archivehub.io\/de\/\",\"name\":\"ArchiveHub.io\",\"description\":\"SAP Archived Data Reporting Made Easy\",\"publisher\":{\"@id\":\"https:\/\/archivehub.io\/de\/#organization\"},\"potentialAction\":[{\"@type\":\"SearchAction\",\"target\":{\"@type\":\"EntryPoint\",\"urlTemplate\":\"https:\/\/archivehub.io\/de\/?s={search_term_string}\"},\"query-input\":{\"@type\":\"PropertyValueSpecification\",\"valueRequired\":true,\"valueName\":\"search_term_string\"}}],\"inLanguage\":\"de\"},{\"@type\":\"Organization\",\"@id\":\"https:\/\/archivehub.io\/de\/#organization\",\"name\":\"ArchiveHub.io\",\"url\":\"https:\/\/archivehub.io\/de\/\",\"logo\":{\"@type\":\"ImageObject\",\"inLanguage\":\"de\",\"@id\":\"https:\/\/archivehub.io\/de\/#\/schema\/logo\/image\/\",\"url\":\"https:\/\/archivehub.io\/wp-content\/uploads\/2023\/03\/350px.png\",\"contentUrl\":\"https:\/\/archivehub.io\/wp-content\/uploads\/2023\/03\/350px.png\",\"width\":351,\"height\":77,\"caption\":\"ArchiveHub.io\"},\"image\":{\"@id\":\"https:\/\/archivehub.io\/de\/#\/schema\/logo\/image\/\"},\"sameAs\":[\"https:\/\/www.facebook.com\/people\/ArchiveHubio\/100091316926341\/\"]}]}<\/script>\n<!-- \/ Yoast SEO plugin. -->","yoast_head_json":{"title":"Erkl\u00e4rung zu den Nutzungsbestimmungen - ArchiveHub.io","robots":{"index":"noindex","follow":"nofollow"},"og_locale":"de_DE","og_type":"article","og_title":"Erkl\u00e4rung zu den Nutzungsbestimmungen - ArchiveHub.io","og_description":"Zuletzt aktualisiert: M\u00e4rz 30, 2023 Bitte lesen Sie diese Nutzungsbedingungen (&#8220;Bedingungen&#8221;, &#8220;Nutzungsbedingungen&#8221;) sorgf\u00e4ltig durch, bevor Sie die ArchiveHub.io-Website (der &#8220;Service&#8221;), die von Smart ERP Soft Inc (&#8220;uns&#8221;, &#8220;wir&#8221; oder &#8220;unser&#8221;) betrieben wird, nutzen. Indem Sie auf den Dienst zugreifen oder ihn nutzen, erkl\u00e4ren Sie sich mit den vorliegenden Bedingungen einverstanden. Wenn Sie mit irgendeinem Teil [&hellip;]","og_url":"https:\/\/archivehub.io\/de\/erklaerung-zu-den-nutzungsbestimmungen\/","og_site_name":"ArchiveHub.io","article_publisher":"https:\/\/www.facebook.com\/people\/ArchiveHubio\/100091316926341\/","article_modified_time":"2023-04-09T06:53:38+00:00","twitter_card":"summary_large_image","twitter_misc":{"Gesch\u00e4tzte Lesezeit":"3\u00a0Minuten"},"schema":{"@context":"https:\/\/schema.org","@graph":[{"@type":"WebPage","@id":"https:\/\/archivehub.io\/de\/erklaerung-zu-den-nutzungsbestimmungen\/","url":"https:\/\/archivehub.io\/de\/erklaerung-zu-den-nutzungsbestimmungen\/","name":"Erkl\u00e4rung zu den Nutzungsbestimmungen - ArchiveHub.io","isPartOf":{"@id":"https:\/\/archivehub.io\/de\/#website"},"datePublished":"2023-03-30T17:40:45+00:00","dateModified":"2023-04-09T06:53:38+00:00","inLanguage":"de","potentialAction":[{"@type":"ReadAction","target":["https:\/\/archivehub.io\/de\/erklaerung-zu-den-nutzungsbestimmungen\/"]}]},{"@type":"WebSite","@id":"https:\/\/archivehub.io\/de\/#website","url":"https:\/\/archivehub.io\/de\/","name":"ArchiveHub.io","description":"SAP Archived Data Reporting Made Easy","publisher":{"@id":"https:\/\/archivehub.io\/de\/#organization"},"potentialAction":[{"@type":"SearchAction","target":{"@type":"EntryPoint","urlTemplate":"https:\/\/archivehub.io\/de\/?s={search_term_string}"},"query-input":{"@type":"PropertyValueSpecification","valueRequired":true,"valueName":"search_term_string"}}],"inLanguage":"de"},{"@type":"Organization","@id":"https:\/\/archivehub.io\/de\/#organization","name":"ArchiveHub.io","url":"https:\/\/archivehub.io\/de\/","logo":{"@type":"ImageObject","inLanguage":"de","@id":"https:\/\/archivehub.io\/de\/#\/schema\/logo\/image\/","url":"https:\/\/archivehub.io\/wp-content\/uploads\/2023\/03\/350px.png","contentUrl":"https:\/\/archivehub.io\/wp-content\/uploads\/2023\/03\/350px.png","width":351,"height":77,"caption":"ArchiveHub.io"},"image":{"@id":"https:\/\/archivehub.io\/de\/#\/schema\/logo\/image\/"},"sameAs":["https:\/\/www.facebook.com\/people\/ArchiveHubio\/100091316926341\/"]}]}},"_links":{"self":[{"href":"https:\/\/archivehub.io\/de\/wp-json\/wp\/v2\/pages\/4762","targetHints":{"allow":["GET"]}}],"collection":[{"href":"https:\/\/archivehub.io\/de\/wp-json\/wp\/v2\/pages"}],"about":[{"href":"https:\/\/archivehub.io\/de\/wp-json\/wp\/v2\/types\/page"}],"author":[{"embeddable":true,"href":"https:\/\/archivehub.io\/de\/wp-json\/wp\/v2\/users\/2"}],"replies":[{"embeddable":true,"href":"https:\/\/archivehub.io\/de\/wp-json\/wp\/v2\/comments?post=4762"}],"version-history":[{"count":2,"href":"https:\/\/archivehub.io\/de\/wp-json\/wp\/v2\/pages\/4762\/revisions"}],"predecessor-version":[{"id":4820,"href":"https:\/\/archivehub.io\/de\/wp-json\/wp\/v2\/pages\/4762\/revisions\/4820"}],"wp:attachment":[{"href":"https:\/\/archivehub.io\/de\/wp-json\/wp\/v2\/media?parent=4762"}],"curies":[{"name":"wp","href":"https:\/\/api.w.org\/{rel}","templated":true}]}}