{"id":4727,"date":"2023-03-28T14:05:47","date_gmt":"2023-03-28T14:05:47","guid":{"rendered":"https:\/\/archivehub.io\/documigrator-pro-fuer-sap\/"},"modified":"2023-04-10T07:38:58","modified_gmt":"2023-04-10T07:38:58","slug":"documigrator-pro-fuer-sap","status":"publish","type":"page","link":"https:\/\/archivehub.io\/de\/documigrator-pro-fuer-sap\/","title":{"rendered":"DocuMigrator Pro f\u00fcr SAP"},"content":{"rendered":"\t\t<div data-elementor-type=\"wp-page\" data-elementor-id=\"4727\" class=\"elementor elementor-4727 elementor-3719\">\n\t\t\t\t\t\t<section class=\"elementor-section elementor-top-section elementor-element elementor-element-95f44a2 elementor-section-boxed elementor-section-height-default elementor-section-height-default\" data-id=\"95f44a2\" data-element_type=\"section\">\n\t\t\t\t\t\t<div class=\"elementor-container elementor-column-gap-default\">\n\t\t\t\t\t<div class=\"elementor-column elementor-col-100 elementor-top-column elementor-element elementor-element-610d609\" data-id=\"610d609\" data-element_type=\"column\">\n\t\t\t<div class=\"elementor-widget-wrap elementor-element-populated\">\n\t\t\t\t\t\t<div class=\"elementor-element elementor-element-bc8f38f elementor-widget elementor-widget-image\" data-id=\"bc8f38f\" data-element_type=\"widget\" data-widget_type=\"image.default\">\n\t\t\t\t<div class=\"elementor-widget-container\">\n\t\t\t\t\t\t\t\t\t\t\t\t\t\t\t<img fetchpriority=\"high\" decoding=\"async\" width=\"940\" height=\"305\" src=\"https:\/\/archivehub.io\/wp-content\/uploads\/2023\/04\/attachment_migration_de-1024x332.png\" class=\"attachment-large size-large wp-image-5152\" alt=\"\" srcset=\"https:\/\/archivehub.io\/wp-content\/uploads\/2023\/04\/attachment_migration_de-1024x332.png 1024w, https:\/\/archivehub.io\/wp-content\/uploads\/2023\/04\/attachment_migration_de-300x97.png 300w, https:\/\/archivehub.io\/wp-content\/uploads\/2023\/04\/attachment_migration_de-768x249.png 768w, https:\/\/archivehub.io\/wp-content\/uploads\/2023\/04\/attachment_migration_de.png 1080w\" sizes=\"(max-width: 940px) 100vw, 940px\" \/>\t\t\t\t\t\t\t\t\t\t\t\t\t\t\t<\/div>\n\t\t\t\t<\/div>\n\t\t\t\t\t<\/div>\n\t\t<\/div>\n\t\t\t\t\t<\/div>\n\t\t<\/section>\n\t\t\t\t<section class=\"elementor-section elementor-top-section elementor-element elementor-element-2184330 elementor-section-boxed elementor-section-height-default elementor-section-height-default\" data-id=\"2184330\" data-element_type=\"section\">\n\t\t\t\t\t\t<div class=\"elementor-container elementor-column-gap-default\">\n\t\t\t\t\t<div class=\"elementor-column elementor-col-100 elementor-top-column elementor-element elementor-element-be62257\" data-id=\"be62257\" data-element_type=\"column\">\n\t\t\t<div class=\"elementor-widget-wrap elementor-element-populated\">\n\t\t\t\t\t\t<div class=\"elementor-element elementor-element-6c80edc elementor-widget elementor-widget-heading\" data-id=\"6c80edc\" data-element_type=\"widget\" data-widget_type=\"heading.default\">\n\t\t\t\t<div class=\"elementor-widget-container\">\n\t\t\t\t\t<h2 class=\"elementor-heading-title elementor-size-default\">DocuMigrator Pro for SAP\" - das ultimative Tool f\u00fcr die nahtlose Migration von Content Repositories, jetzt mit Cloud-Integration und voller Attachment-Unterst\u00fctzung!<\/h2>\t\t\t\t<\/div>\n\t\t\t\t<\/div>\n\t\t\t\t\t<\/div>\n\t\t<\/div>\n\t\t\t\t\t<\/div>\n\t\t<\/section>\n\t\t\t\t<section class=\"elementor-section elementor-top-section elementor-element elementor-element-562da8e elementor-section-boxed elementor-section-height-default elementor-section-height-default\" data-id=\"562da8e\" data-element_type=\"section\">\n\t\t\t\t\t\t<div class=\"elementor-container elementor-column-gap-default\">\n\t\t\t\t\t<div class=\"elementor-column elementor-col-100 elementor-top-column elementor-element elementor-element-e95fa3c\" data-id=\"e95fa3c\" data-element_type=\"column\">\n\t\t\t<div class=\"elementor-widget-wrap elementor-element-populated\">\n\t\t\t\t\t\t<div class=\"elementor-element elementor-element-6235435 elementor-widget elementor-widget-text-editor\" data-id=\"6235435\" data-element_type=\"widget\" data-widget_type=\"text-editor.default\">\n\t\t\t\t<div class=\"elementor-widget-container\">\n\t\t\t\t\t\t\t\t\t<ul>\n<li><strong>M\u00fchelose Migration:<\/strong> \u00dcbertragen Sie Dokumente und Anh\u00e4nge m\u00fchelos von einem Content Repository in ein anderes, unabh\u00e4ngig davon, ob sie vor Ort oder in der Cloud gespeichert sind. Unsere innovative L\u00f6sung bewahrt die Integrit\u00e4t und Struktur Ihrer Daten \u00fcber alle Plattformen hinweg und macht die Migration zu einem Kinderspiel.<\/li>\n<\/ul>\n<ul>\n<li><strong>Cloud-Integration:<\/strong> Nutzen Sie die Vorteile der Cloud mit unserem innovativen Dienstprogramm. DocuMigrator Pro for SAP unterst\u00fctzt die nahtlose Migration von On-Premise- zu Cloud-Repositories und umgekehrt und sorgt daf\u00fcr, dass Sie bei der digitalen Transformation immer an vorderster Front dabei sind.<\/li>\n<\/ul>\n<ul>\n<li><strong>Volle Unterst\u00fctzung von Anh\u00e4ngen:<\/strong> DocuMigrator Pro f\u00fcr SAP unterst\u00fctzt Sie, egal ob Sie mit GOS-, ArchiveLink- oder DMS-Anh\u00e4ngen arbeiten. Unser Utility-Tool ist f\u00fcr eine Vielzahl von Anlagentypen ausgelegt und bietet Ihnen eine umfassende Migrationsl\u00f6sung.<\/li>\n<\/ul>\n<ul>\n<li><strong>Un\u00fcbertroffene Sicherheit:<\/strong> Unsere hochmoderne Verschl\u00fcsselungstechnologie sch\u00fctzt Ihre sensiblen Daten w\u00e4hrend des gesamten Migrationsprozesses und gibt Ihnen die Gewissheit, dass Sie bei der Migration zwischen On-Premise- und Cloud-Repositories auf der sicheren Seite sind.<\/li>\n<\/ul>\n<ul>\n<li><strong>Rasend schnelle Geschwindigkeiten:<\/strong> Die Zeit ist von entscheidender Bedeutung. Deshalb ist DocuMigrator Pro f\u00fcr SAP so konzipiert, dass es blitzschnelle Migrationsgeschwindigkeiten liefert, Ausfallzeiten minimiert und die Produktivit\u00e4t Ihres Unternehmens maximiert.<\/li>\n<\/ul>\n<ul>\n<li><strong>Plattform\u00fcbergreifende Kompatibilit\u00e4t:<\/strong> Unabh\u00e4ngig davon, ob Sie SAP ECC, S\/4HANA oder andere Plattformen verwenden, unser Utility-Tool ist vollst\u00e4ndig kompatibel und sorgt f\u00fcr eine reibungslose Migration auf allen Plattformen.<\/li>\n<\/ul>\n<ul>\n<li><strong>Intelligente Fehlerbehandlung:<\/strong> Unser fortschrittliches Fehlererkennungs- und -behandlungssystem identifiziert proaktiv potenzielle Probleme vor der Migration und gibt Ihnen die Sicherheit, ohne unerwartete \u00dcberraschungen voranzukommen.<\/li>\n<\/ul>\n<ul>\n<li><strong>Umfassende Berichterstattung:<\/strong> Bleiben Sie informiert und treffen Sie datengest\u00fctzte Entscheidungen mit detaillierten Migrationsberichten, die Einblicke und Analysen f\u00fcr Content Repositories vor Ort und in der Cloud bieten.<\/li>\n<\/ul>\n<ul>\n<li><strong>Benutzerfreundliches Interface:<\/strong> DocuMigrator Pro f\u00fcr SAP wurde f\u00fcr Benutzer aller Qualifikationsstufen entwickelt und ist auch ohne umfassende technische Kenntnisse leicht zu bedienen.<\/li>\n<\/ul>\n<ul>\n<li><strong>24\/7 Experten-Unterst\u00fctzung:<\/strong> Unser engagiertes Team von SAP-Experten steht Ihnen rund um die Uhr zur Verf\u00fcgung und unterst\u00fctzt Sie, wann immer Sie es brauchen, mit einem unvergleichlichen Service.<\/li>\n<\/ul>\n\t\t\t\t\t\t\t\t<\/div>\n\t\t\t\t<\/div>\n\t\t\t\t\t<\/div>\n\t\t<\/div>\n\t\t\t\t\t<\/div>\n\t\t<\/section>\n\t\t\t\t<section class=\"elementor-section elementor-top-section elementor-element elementor-element-374f9fa elementor-section-boxed elementor-section-height-default elementor-section-height-default\" data-id=\"374f9fa\" data-element_type=\"section\">\n\t\t\t\t\t\t<div class=\"elementor-container elementor-column-gap-default\">\n\t\t\t\t\t<div class=\"elementor-column elementor-col-100 elementor-top-column elementor-element elementor-element-f898715\" data-id=\"f898715\" data-element_type=\"column\">\n\t\t\t<div class=\"elementor-widget-wrap elementor-element-populated\">\n\t\t\t\t\t\t<div class=\"elementor-element elementor-element-3203ce1 elementor-widget elementor-widget-heading\" data-id=\"3203ce1\" data-element_type=\"widget\" data-widget_type=\"heading.default\">\n\t\t\t\t<div class=\"elementor-widget-container\">\n\t\t\t\t\t<h3 class=\"elementor-heading-title elementor-size-default\">Verbessern Sie Ihr Content-Repository-Management, nutzen Sie die Cloud und genie\u00dfen Sie die volle Unterst\u00fctzung f\u00fcr Anh\u00e4nge mit DocuMigrator Pro f\u00fcr SAP! Besuchen Sie unsere Website oder wenden Sie sich an unser Vertriebsteam, um mehr zu erfahren und sich auf den Weg zu einem problemlosen Content Management zu machen - sowohl vor Ort als auch in der Cloud.<\/h3>\t\t\t\t<\/div>\n\t\t\t\t<\/div>\n\t\t\t\t\t<\/div>\n\t\t<\/div>\n\t\t\t\t\t<\/div>\n\t\t<\/section>\n\t\t\t\t<\/div>\n\t\t","protected":false},"excerpt":{"rendered":"<p>DocuMigrator Pro for SAP&#8221; &#8211; das ultimative Tool f\u00fcr die nahtlose Migration von Content Repositories, jetzt mit Cloud-Integration und voller Attachment-Unterst\u00fctzung! M\u00fchelose Migration: \u00dcbertragen Sie Dokumente und Anh\u00e4nge m\u00fchelos von einem Content Repository in ein anderes, unabh\u00e4ngig davon, ob sie vor Ort oder in der Cloud gespeichert sind. Unsere innovative L\u00f6sung bewahrt die Integrit\u00e4t und [&hellip;]<\/p>\n","protected":false},"author":1,"featured_media":0,"parent":0,"menu_order":0,"comment_status":"closed","ping_status":"closed","template":"","meta":{"om_disable_all_campaigns":false,"_monsterinsights_skip_tracking":false,"_monsterinsights_sitenote_active":false,"_monsterinsights_sitenote_note":"","_monsterinsights_sitenote_category":0,"footnotes":""},"class_list":["post-4727","page","type-page","status-publish","hentry"],"aioseo_notices":[],"yoast_head":"<!-- This site is optimized with the Yoast SEO plugin v25.0 - https:\/\/yoast.com\/wordpress\/plugins\/seo\/ -->\n<title>DocuMigrator Pro f\u00fcr SAP - ArchiveHub.io<\/title>\n<meta name=\"description\" content=\"DocuMigrator Pro for SAP&quot; - das ultimative Utility-Tool f\u00fcr die nahtlose Migration von Content Repositorys, jetzt mit Cloud-Integration und voller Attachment-Unterst\u00fctzung!\" \/>\n<meta name=\"robots\" content=\"index, follow, max-snippet:-1, max-image-preview:large, max-video-preview:-1\" \/>\n<link rel=\"canonical\" href=\"https:\/\/archivehub.io\/de\/documigrator-pro-fuer-sap\/\" \/>\n<meta property=\"og:locale\" content=\"de_DE\" \/>\n<meta property=\"og:type\" content=\"article\" \/>\n<meta property=\"og:title\" content=\"DocuMigrator Pro f\u00fcr SAP - ArchiveHub.io\" \/>\n<meta property=\"og:description\" content=\"DocuMigrator Pro for SAP&quot; - das ultimative Utility-Tool f\u00fcr die nahtlose Migration von Content Repositorys, jetzt mit Cloud-Integration und voller Attachment-Unterst\u00fctzung!\" \/>\n<meta property=\"og:url\" content=\"https:\/\/archivehub.io\/de\/documigrator-pro-fuer-sap\/\" \/>\n<meta property=\"og:site_name\" content=\"ArchiveHub.io\" \/>\n<meta property=\"article:publisher\" content=\"https:\/\/www.facebook.com\/people\/ArchiveHubio\/100091316926341\/\" \/>\n<meta property=\"article:modified_time\" content=\"2023-04-10T07:38:58+00:00\" \/>\n<meta property=\"og:image\" content=\"https:\/\/archivehub.io\/wp-content\/uploads\/2023\/04\/attachment_migration_de-1024x332.png\" \/>\n<meta name=\"twitter:card\" content=\"summary_large_image\" \/>\n<meta name=\"twitter:label1\" content=\"Gesch\u00e4tzte Lesezeit\" \/>\n\t<meta name=\"twitter:data1\" content=\"3\u00a0Minuten\" \/>\n<script type=\"application\/ld+json\" class=\"yoast-schema-graph\">{\"@context\":\"https:\/\/schema.org\",\"@graph\":[{\"@type\":\"WebPage\",\"@id\":\"https:\/\/archivehub.io\/de\/documigrator-pro-fuer-sap\/\",\"url\":\"https:\/\/archivehub.io\/de\/documigrator-pro-fuer-sap\/\",\"name\":\"DocuMigrator Pro f\u00fcr SAP - ArchiveHub.io\",\"isPartOf\":{\"@id\":\"https:\/\/archivehub.io\/de\/#website\"},\"primaryImageOfPage\":{\"@id\":\"https:\/\/archivehub.io\/de\/documigrator-pro-fuer-sap\/#primaryimage\"},\"image\":{\"@id\":\"https:\/\/archivehub.io\/de\/documigrator-pro-fuer-sap\/#primaryimage\"},\"thumbnailUrl\":\"https:\/\/archivehub.io\/wp-content\/uploads\/2023\/04\/attachment_migration_de-1024x332.png\",\"datePublished\":\"2023-03-28T14:05:47+00:00\",\"dateModified\":\"2023-04-10T07:38:58+00:00\",\"description\":\"DocuMigrator Pro for SAP\\\" - das ultimative Utility-Tool f\u00fcr die nahtlose Migration von Content Repositorys, jetzt mit Cloud-Integration und voller Attachment-Unterst\u00fctzung!\",\"inLanguage\":\"de\",\"potentialAction\":[{\"@type\":\"ReadAction\",\"target\":[\"https:\/\/archivehub.io\/de\/documigrator-pro-fuer-sap\/\"]}]},{\"@type\":\"ImageObject\",\"inLanguage\":\"de\",\"@id\":\"https:\/\/archivehub.io\/de\/documigrator-pro-fuer-sap\/#primaryimage\",\"url\":\"https:\/\/archivehub.io\/wp-content\/uploads\/2023\/04\/attachment_migration_de-1024x332.png\",\"contentUrl\":\"https:\/\/archivehub.io\/wp-content\/uploads\/2023\/04\/attachment_migration_de-1024x332.png\"},{\"@type\":\"WebSite\",\"@id\":\"https:\/\/archivehub.io\/de\/#website\",\"url\":\"https:\/\/archivehub.io\/de\/\",\"name\":\"ArchiveHub.io\",\"description\":\"SAP Archived Data Reporting Made Easy\",\"publisher\":{\"@id\":\"https:\/\/archivehub.io\/de\/#organization\"},\"potentialAction\":[{\"@type\":\"SearchAction\",\"target\":{\"@type\":\"EntryPoint\",\"urlTemplate\":\"https:\/\/archivehub.io\/de\/?s={search_term_string}\"},\"query-input\":{\"@type\":\"PropertyValueSpecification\",\"valueRequired\":true,\"valueName\":\"search_term_string\"}}],\"inLanguage\":\"de\"},{\"@type\":\"Organization\",\"@id\":\"https:\/\/archivehub.io\/de\/#organization\",\"name\":\"ArchiveHub.io\",\"url\":\"https:\/\/archivehub.io\/de\/\",\"logo\":{\"@type\":\"ImageObject\",\"inLanguage\":\"de\",\"@id\":\"https:\/\/archivehub.io\/de\/#\/schema\/logo\/image\/\",\"url\":\"https:\/\/archivehub.io\/wp-content\/uploads\/2023\/03\/350px.png\",\"contentUrl\":\"https:\/\/archivehub.io\/wp-content\/uploads\/2023\/03\/350px.png\",\"width\":351,\"height\":77,\"caption\":\"ArchiveHub.io\"},\"image\":{\"@id\":\"https:\/\/archivehub.io\/de\/#\/schema\/logo\/image\/\"},\"sameAs\":[\"https:\/\/www.facebook.com\/people\/ArchiveHubio\/100091316926341\/\"]}]}<\/script>\n<!-- \/ Yoast SEO plugin. -->","yoast_head_json":{"title":"DocuMigrator Pro f\u00fcr SAP - ArchiveHub.io","description":"DocuMigrator Pro for SAP\" - das ultimative Utility-Tool f\u00fcr die nahtlose Migration von Content Repositorys, jetzt mit Cloud-Integration und voller Attachment-Unterst\u00fctzung!","robots":{"index":"index","follow":"follow","max-snippet":"max-snippet:-1","max-image-preview":"max-image-preview:large","max-video-preview":"max-video-preview:-1"},"canonical":"https:\/\/archivehub.io\/de\/documigrator-pro-fuer-sap\/","og_locale":"de_DE","og_type":"article","og_title":"DocuMigrator Pro f\u00fcr SAP - ArchiveHub.io","og_description":"DocuMigrator Pro for SAP\" - das ultimative Utility-Tool f\u00fcr die nahtlose Migration von Content Repositorys, jetzt mit Cloud-Integration und voller Attachment-Unterst\u00fctzung!","og_url":"https:\/\/archivehub.io\/de\/documigrator-pro-fuer-sap\/","og_site_name":"ArchiveHub.io","article_publisher":"https:\/\/www.facebook.com\/people\/ArchiveHubio\/100091316926341\/","article_modified_time":"2023-04-10T07:38:58+00:00","og_image":[{"url":"https:\/\/archivehub.io\/wp-content\/uploads\/2023\/04\/attachment_migration_de-1024x332.png","type":"","width":"","height":""}],"twitter_card":"summary_large_image","twitter_misc":{"Gesch\u00e4tzte Lesezeit":"3\u00a0Minuten"},"schema":{"@context":"https:\/\/schema.org","@graph":[{"@type":"WebPage","@id":"https:\/\/archivehub.io\/de\/documigrator-pro-fuer-sap\/","url":"https:\/\/archivehub.io\/de\/documigrator-pro-fuer-sap\/","name":"DocuMigrator Pro f\u00fcr SAP - ArchiveHub.io","isPartOf":{"@id":"https:\/\/archivehub.io\/de\/#website"},"primaryImageOfPage":{"@id":"https:\/\/archivehub.io\/de\/documigrator-pro-fuer-sap\/#primaryimage"},"image":{"@id":"https:\/\/archivehub.io\/de\/documigrator-pro-fuer-sap\/#primaryimage"},"thumbnailUrl":"https:\/\/archivehub.io\/wp-content\/uploads\/2023\/04\/attachment_migration_de-1024x332.png","datePublished":"2023-03-28T14:05:47+00:00","dateModified":"2023-04-10T07:38:58+00:00","description":"DocuMigrator Pro for SAP\" - das ultimative Utility-Tool f\u00fcr die nahtlose Migration von Content Repositorys, jetzt mit Cloud-Integration und voller Attachment-Unterst\u00fctzung!","inLanguage":"de","potentialAction":[{"@type":"ReadAction","target":["https:\/\/archivehub.io\/de\/documigrator-pro-fuer-sap\/"]}]},{"@type":"ImageObject","inLanguage":"de","@id":"https:\/\/archivehub.io\/de\/documigrator-pro-fuer-sap\/#primaryimage","url":"https:\/\/archivehub.io\/wp-content\/uploads\/2023\/04\/attachment_migration_de-1024x332.png","contentUrl":"https:\/\/archivehub.io\/wp-content\/uploads\/2023\/04\/attachment_migration_de-1024x332.png"},{"@type":"WebSite","@id":"https:\/\/archivehub.io\/de\/#website","url":"https:\/\/archivehub.io\/de\/","name":"ArchiveHub.io","description":"SAP Archived Data Reporting Made Easy","publisher":{"@id":"https:\/\/archivehub.io\/de\/#organization"},"potentialAction":[{"@type":"SearchAction","target":{"@type":"EntryPoint","urlTemplate":"https:\/\/archivehub.io\/de\/?s={search_term_string}"},"query-input":{"@type":"PropertyValueSpecification","valueRequired":true,"valueName":"search_term_string"}}],"inLanguage":"de"},{"@type":"Organization","@id":"https:\/\/archivehub.io\/de\/#organization","name":"ArchiveHub.io","url":"https:\/\/archivehub.io\/de\/","logo":{"@type":"ImageObject","inLanguage":"de","@id":"https:\/\/archivehub.io\/de\/#\/schema\/logo\/image\/","url":"https:\/\/archivehub.io\/wp-content\/uploads\/2023\/03\/350px.png","contentUrl":"https:\/\/archivehub.io\/wp-content\/uploads\/2023\/03\/350px.png","width":351,"height":77,"caption":"ArchiveHub.io"},"image":{"@id":"https:\/\/archivehub.io\/de\/#\/schema\/logo\/image\/"},"sameAs":["https:\/\/www.facebook.com\/people\/ArchiveHubio\/100091316926341\/"]}]}},"_links":{"self":[{"href":"https:\/\/archivehub.io\/de\/wp-json\/wp\/v2\/pages\/4727","targetHints":{"allow":["GET"]}}],"collection":[{"href":"https:\/\/archivehub.io\/de\/wp-json\/wp\/v2\/pages"}],"about":[{"href":"https:\/\/archivehub.io\/de\/wp-json\/wp\/v2\/types\/page"}],"author":[{"embeddable":true,"href":"https:\/\/archivehub.io\/de\/wp-json\/wp\/v2\/users\/1"}],"replies":[{"embeddable":true,"href":"https:\/\/archivehub.io\/de\/wp-json\/wp\/v2\/comments?post=4727"}],"version-history":[{"count":4,"href":"https:\/\/archivehub.io\/de\/wp-json\/wp\/v2\/pages\/4727\/revisions"}],"predecessor-version":[{"id":5156,"href":"https:\/\/archivehub.io\/de\/wp-json\/wp\/v2\/pages\/4727\/revisions\/5156"}],"wp:attachment":[{"href":"https:\/\/archivehub.io\/de\/wp-json\/wp\/v2\/media?parent=4727"}],"curies":[{"name":"wp","href":"https:\/\/api.w.org\/{rel}","templated":true}]}}