{"id":4714,"date":"2023-03-28T14:04:47","date_gmt":"2023-03-28T14:04:47","guid":{"rendered":"https:\/\/archivehub.io\/adkmigrator-pro-fuer-sap\/"},"modified":"2023-04-10T07:37:27","modified_gmt":"2023-04-10T07:37:27","slug":"adkmigrator-pro-fuer-sap","status":"publish","type":"page","link":"https:\/\/archivehub.io\/de\/adkmigrator-pro-fuer-sap\/","title":{"rendered":"ADKMigrator Pro f\u00fcr SAP"},"content":{"rendered":"\t\t<div data-elementor-type=\"wp-page\" data-elementor-id=\"4714\" class=\"elementor elementor-4714 elementor-3714\">\n\t\t\t\t\t\t<section class=\"elementor-section elementor-top-section elementor-element elementor-element-822cbed elementor-section-boxed elementor-section-height-default elementor-section-height-default\" data-id=\"822cbed\" data-element_type=\"section\">\n\t\t\t\t\t\t<div class=\"elementor-container elementor-column-gap-default\">\n\t\t\t\t\t<div class=\"elementor-column elementor-col-100 elementor-top-column elementor-element elementor-element-a6a79a1\" data-id=\"a6a79a1\" data-element_type=\"column\">\n\t\t\t<div class=\"elementor-widget-wrap elementor-element-populated\">\n\t\t\t\t\t\t<div class=\"elementor-element elementor-element-bbaf69f elementor-widget elementor-widget-image\" data-id=\"bbaf69f\" data-element_type=\"widget\" data-widget_type=\"image.default\">\n\t\t\t\t<div class=\"elementor-widget-container\">\n\t\t\t\t\t\t\t\t\t\t\t\t\t\t\t<img fetchpriority=\"high\" decoding=\"async\" width=\"940\" height=\"305\" src=\"https:\/\/archivehub.io\/wp-content\/uploads\/2023\/04\/adk_migration_de-1024x332.png\" class=\"attachment-large size-large wp-image-5147\" alt=\"\" srcset=\"https:\/\/archivehub.io\/wp-content\/uploads\/2023\/04\/adk_migration_de-1024x332.png 1024w, https:\/\/archivehub.io\/wp-content\/uploads\/2023\/04\/adk_migration_de-300x97.png 300w, https:\/\/archivehub.io\/wp-content\/uploads\/2023\/04\/adk_migration_de-768x249.png 768w, https:\/\/archivehub.io\/wp-content\/uploads\/2023\/04\/adk_migration_de.png 1080w\" sizes=\"(max-width: 940px) 100vw, 940px\" \/>\t\t\t\t\t\t\t\t\t\t\t\t\t\t\t<\/div>\n\t\t\t\t<\/div>\n\t\t\t\t\t<\/div>\n\t\t<\/div>\n\t\t\t\t\t<\/div>\n\t\t<\/section>\n\t\t\t\t<section class=\"elementor-section elementor-top-section elementor-element elementor-element-f7f5a3a elementor-section-boxed elementor-section-height-default elementor-section-height-default\" data-id=\"f7f5a3a\" data-element_type=\"section\">\n\t\t\t\t\t\t<div class=\"elementor-container elementor-column-gap-default\">\n\t\t\t\t\t<div class=\"elementor-column elementor-col-100 elementor-top-column elementor-element elementor-element-8a6a2f8\" data-id=\"8a6a2f8\" data-element_type=\"column\">\n\t\t\t<div class=\"elementor-widget-wrap elementor-element-populated\">\n\t\t\t\t\t\t<div class=\"elementor-element elementor-element-2c45da3 elementor-widget elementor-widget-heading\" data-id=\"2c45da3\" data-element_type=\"widget\" data-widget_type=\"heading.default\">\n\t\t\t\t<div class=\"elementor-widget-container\">\n\t\t\t\t\t<h2 class=\"elementor-heading-title elementor-size-default\">ADKMigrator Pro f\u00fcr SAP\" - das ultimative Tool f\u00fcr die m\u00fchelose Migration von ADK-Anh\u00e4ngen und ILM ADK-Archivdateien, jetzt mit Cloud-Integration!<\/h2>\t\t\t\t<\/div>\n\t\t\t\t<\/div>\n\t\t\t\t\t<\/div>\n\t\t<\/div>\n\t\t\t\t\t<\/div>\n\t\t<\/section>\n\t\t\t\t<section class=\"elementor-section elementor-top-section elementor-element elementor-element-4d7df1a elementor-section-boxed elementor-section-height-default elementor-section-height-default\" data-id=\"4d7df1a\" data-element_type=\"section\">\n\t\t\t\t\t\t<div class=\"elementor-container elementor-column-gap-default\">\n\t\t\t\t\t<div class=\"elementor-column elementor-col-100 elementor-top-column elementor-element elementor-element-1be52af\" data-id=\"1be52af\" data-element_type=\"column\">\n\t\t\t<div class=\"elementor-widget-wrap elementor-element-populated\">\n\t\t\t\t\t\t<div class=\"elementor-element elementor-element-cb7b969 elementor-widget elementor-widget-text-editor\" data-id=\"cb7b969\" data-element_type=\"widget\" data-widget_type=\"text-editor.default\">\n\t\t\t\t<div class=\"elementor-widget-container\">\n\t\t\t\t\t\t\t\t\t<ul>\n<li><strong>Nahtlose Migration:<\/strong> Verabschieden Sie sich von dem m\u00fchsamen Prozess der \u00dcbertragung von ADK-Anh\u00e4ngen und ILM-ADK-Archivdateien von einem Content-Repository zum anderen. Unsere hochmoderne L\u00f6sung garantiert eine reibungslose Migration, bei der die Integrit\u00e4t und Struktur Ihrer Daten plattform\u00fcbergreifend erhalten bleibt.<\/li>\n<\/ul>\n<ul>\n<li><strong>Cloud-Integration:<\/strong> Nutzen Sie die M\u00f6glichkeiten der Cloud mit ADKMigrator Pro f\u00fcr SAP. Unser robustes Utility-Tool unterst\u00fctzt die m\u00fchelose Migration zwischen On-Premise- und Cloud-Content-Repositories und sorgt daf\u00fcr, dass Ihr Unternehmen bei der digitalen Transformation ganz vorne mit dabei ist.<\/li>\n<\/ul>\n<ul>\n<li><strong>Umfassende ADK-Unterst\u00fctzung:<\/strong> ADKMigrator Pro f\u00fcr SAP ist auf die Handhabung von ADK-Anh\u00e4ngen und ILM-ADK-Archivdateien zugeschnitten und bietet eine umfassende Migrationsl\u00f6sung, die Ihre individuellen Gesch\u00e4ftsanforderungen erf\u00fcllt.<\/li>\n<\/ul>\n<ul>\n<li><strong>Un\u00fcbertroffene Sicherheit:<\/strong> Sie k\u00f6nnen sich darauf verlassen, dass unsere hochmoderne Verschl\u00fcsselungstechnologie Ihre sensiblen Daten w\u00e4hrend des gesamten Migrationsprozesses sch\u00fctzt, unabh\u00e4ngig davon, ob Sie Daten zwischen lokalen oder Cloud-Repositories verschieben.<\/li>\n<\/ul>\n<ul>\n<li><strong>Blitzschnelle Geschwindigkeiten:<\/strong> Zeit ist Geld, und das wissen wir. ADKMigrator Pro f\u00fcr SAP wurde entwickelt, um blitzschnelle Migrationsgeschwindigkeiten zu erreichen, Ausfallzeiten zu reduzieren und die Produktivit\u00e4t Ihres Unternehmens zu maximieren.<\/li>\n<\/ul>\n<ul>\n<li><strong>Plattform\u00fcbergreifende Kompatibilit\u00e4t:<\/strong> Ob SAP ECC, S\/4HANA oder andere Plattformen, unser Utility-Tool ist vollst\u00e4ndig kompatibel und gew\u00e4hrleistet eine nahtlose Migration auf allen Plattformen.<\/li>\n<\/ul>\n<ul>\n<li><strong>Intelligente Fehlerbehandlung:<\/strong> Unser fortschrittliches Fehlererkennungs- und -behandlungssystem identifiziert proaktiv potenzielle Probleme vor der Migration, so dass Sie mit Zuversicht und ohne unliebsame \u00dcberraschungen fortfahren k\u00f6nnen.<\/li>\n<\/ul>\n<ul>\n<li><strong>Detaillierte Berichte:<\/strong> Bleiben Sie informiert und treffen Sie datengest\u00fctzte Entscheidungen mit detaillierten Migrationsberichten, die Einblicke und Analysen sowohl f\u00fcr On-Premise- als auch f\u00fcr Cloud-Content-Repositories bieten.<\/li>\n<\/ul>\n<ul>\n<li><strong>Benutzerfreundliches Interface:<\/strong> ADKMigrator Pro f\u00fcr SAP wurde mit Blick auf Benutzer aller Qualifikationsniveaus entwickelt und ist daher auch ohne umfassende technische Kenntnisse leicht zu bedienen.<\/li>\n<\/ul>\n<ul>\n<li><strong>24\/7 Experten-Unterst\u00fctzung:<\/strong> Unser engagiertes Team von SAP-Experten steht Ihnen rund um die Uhr zur Verf\u00fcgung und unterst\u00fctzt Sie, wann immer Sie es brauchen, mit einem unvergleichlichen Service.<\/li>\n<\/ul>\n\t\t\t\t\t\t\t\t<\/div>\n\t\t\t\t<\/div>\n\t\t\t\t\t<\/div>\n\t\t<\/div>\n\t\t\t\t\t<\/div>\n\t\t<\/section>\n\t\t\t\t<section class=\"elementor-section elementor-top-section elementor-element elementor-element-a89c55e elementor-section-boxed elementor-section-height-default elementor-section-height-default\" data-id=\"a89c55e\" data-element_type=\"section\">\n\t\t\t\t\t\t<div class=\"elementor-container elementor-column-gap-default\">\n\t\t\t\t\t<div class=\"elementor-column elementor-col-100 elementor-top-column elementor-element elementor-element-c440802\" data-id=\"c440802\" data-element_type=\"column\">\n\t\t\t<div class=\"elementor-widget-wrap elementor-element-populated\">\n\t\t\t\t\t\t<div class=\"elementor-element elementor-element-6801524 elementor-widget elementor-widget-heading\" data-id=\"6801524\" data-element_type=\"widget\" data-widget_type=\"heading.default\">\n\t\t\t\t<div class=\"elementor-widget-container\">\n\t\t\t\t\t<h2 class=\"elementor-heading-title elementor-size-default\">Transformieren Sie Ihr Content-Repository-Management, nutzen Sie die Cloud und migrieren Sie m\u00fchelos ADK-Anh\u00e4nge und ILM-ADK-Archivdateien mit ADKMigrator Pro f\u00fcr SAP noch heute! Besuchen Sie unsere Website oder wenden Sie sich an unser Vertriebsteam, um mehr zu erfahren und sich auf den Weg zu einem problemlosen Content Management zu machen - sowohl vor Ort als auch in der Cloud.  <\/h2>\t\t\t\t<\/div>\n\t\t\t\t<\/div>\n\t\t\t\t\t<\/div>\n\t\t<\/div>\n\t\t\t\t\t<\/div>\n\t\t<\/section>\n\t\t\t\t<\/div>\n\t\t","protected":false},"excerpt":{"rendered":"<p>ADKMigrator Pro f\u00fcr SAP&#8221; &#8211; das ultimative Tool f\u00fcr die m\u00fchelose Migration von ADK-Anh\u00e4ngen und ILM ADK-Archivdateien, jetzt mit Cloud-Integration! Nahtlose Migration: Verabschieden Sie sich von dem m\u00fchsamen Prozess der \u00dcbertragung von ADK-Anh\u00e4ngen und ILM-ADK-Archivdateien von einem Content-Repository zum anderen. Unsere hochmoderne L\u00f6sung garantiert eine reibungslose Migration, bei der die Integrit\u00e4t und Struktur Ihrer Daten [&hellip;]<\/p>\n","protected":false},"author":1,"featured_media":0,"parent":0,"menu_order":0,"comment_status":"closed","ping_status":"closed","template":"","meta":{"om_disable_all_campaigns":false,"_monsterinsights_skip_tracking":false,"_monsterinsights_sitenote_active":false,"_monsterinsights_sitenote_note":"","_monsterinsights_sitenote_category":0,"footnotes":""},"class_list":["post-4714","page","type-page","status-publish","hentry"],"aioseo_notices":[],"yoast_head":"<!-- This site is optimized with the Yoast SEO plugin v25.0 - https:\/\/yoast.com\/wordpress\/plugins\/seo\/ -->\n<title>ADKMigrator Pro f\u00fcr SAP - ArchiveHub.io<\/title>\n<meta name=\"description\" content=\"&quot;ADKMigrator Pro f\u00fcr SAP&quot; - Das ultimative Utility-Tool f\u00fcr die m\u00fchelose Migration von ADK-Anh\u00e4ngen und ILM-ADK-Archivdateien, jetzt mit Cloud-Integration\" \/>\n<meta name=\"robots\" content=\"index, follow, max-snippet:-1, max-image-preview:large, max-video-preview:-1\" \/>\n<link rel=\"canonical\" href=\"https:\/\/archivehub.io\/de\/adkmigrator-pro-fuer-sap\/\" \/>\n<meta property=\"og:locale\" content=\"de_DE\" \/>\n<meta property=\"og:type\" content=\"article\" \/>\n<meta property=\"og:title\" content=\"ADKMigrator Pro f\u00fcr SAP - ArchiveHub.io\" \/>\n<meta property=\"og:description\" content=\"&quot;ADKMigrator Pro f\u00fcr SAP&quot; - Das ultimative Utility-Tool f\u00fcr die m\u00fchelose Migration von ADK-Anh\u00e4ngen und ILM-ADK-Archivdateien, jetzt mit Cloud-Integration\" \/>\n<meta property=\"og:url\" content=\"https:\/\/archivehub.io\/de\/adkmigrator-pro-fuer-sap\/\" \/>\n<meta property=\"og:site_name\" content=\"ArchiveHub.io\" \/>\n<meta property=\"article:publisher\" content=\"https:\/\/www.facebook.com\/people\/ArchiveHubio\/100091316926341\/\" \/>\n<meta property=\"article:modified_time\" content=\"2023-04-10T07:37:27+00:00\" \/>\n<meta property=\"og:image\" content=\"https:\/\/archivehub.io\/wp-content\/uploads\/2023\/04\/adk_migration_de-1024x332.png\" \/>\n<meta name=\"twitter:card\" content=\"summary_large_image\" \/>\n<meta name=\"twitter:label1\" content=\"Gesch\u00e4tzte Lesezeit\" \/>\n\t<meta name=\"twitter:data1\" content=\"3\u00a0Minuten\" \/>\n<script type=\"application\/ld+json\" class=\"yoast-schema-graph\">{\"@context\":\"https:\/\/schema.org\",\"@graph\":[{\"@type\":\"WebPage\",\"@id\":\"https:\/\/archivehub.io\/de\/adkmigrator-pro-fuer-sap\/\",\"url\":\"https:\/\/archivehub.io\/de\/adkmigrator-pro-fuer-sap\/\",\"name\":\"ADKMigrator Pro f\u00fcr SAP - ArchiveHub.io\",\"isPartOf\":{\"@id\":\"https:\/\/archivehub.io\/de\/#website\"},\"primaryImageOfPage\":{\"@id\":\"https:\/\/archivehub.io\/de\/adkmigrator-pro-fuer-sap\/#primaryimage\"},\"image\":{\"@id\":\"https:\/\/archivehub.io\/de\/adkmigrator-pro-fuer-sap\/#primaryimage\"},\"thumbnailUrl\":\"https:\/\/archivehub.io\/wp-content\/uploads\/2023\/04\/adk_migration_de-1024x332.png\",\"datePublished\":\"2023-03-28T14:04:47+00:00\",\"dateModified\":\"2023-04-10T07:37:27+00:00\",\"description\":\"\\\"ADKMigrator Pro f\u00fcr SAP\\\" - Das ultimative Utility-Tool f\u00fcr die m\u00fchelose Migration von ADK-Anh\u00e4ngen und ILM-ADK-Archivdateien, jetzt mit Cloud-Integration\",\"inLanguage\":\"de\",\"potentialAction\":[{\"@type\":\"ReadAction\",\"target\":[\"https:\/\/archivehub.io\/de\/adkmigrator-pro-fuer-sap\/\"]}]},{\"@type\":\"ImageObject\",\"inLanguage\":\"de\",\"@id\":\"https:\/\/archivehub.io\/de\/adkmigrator-pro-fuer-sap\/#primaryimage\",\"url\":\"https:\/\/archivehub.io\/wp-content\/uploads\/2023\/04\/adk_migration_de-1024x332.png\",\"contentUrl\":\"https:\/\/archivehub.io\/wp-content\/uploads\/2023\/04\/adk_migration_de-1024x332.png\"},{\"@type\":\"WebSite\",\"@id\":\"https:\/\/archivehub.io\/de\/#website\",\"url\":\"https:\/\/archivehub.io\/de\/\",\"name\":\"ArchiveHub.io\",\"description\":\"SAP Archived Data Reporting Made Easy\",\"publisher\":{\"@id\":\"https:\/\/archivehub.io\/de\/#organization\"},\"potentialAction\":[{\"@type\":\"SearchAction\",\"target\":{\"@type\":\"EntryPoint\",\"urlTemplate\":\"https:\/\/archivehub.io\/de\/?s={search_term_string}\"},\"query-input\":{\"@type\":\"PropertyValueSpecification\",\"valueRequired\":true,\"valueName\":\"search_term_string\"}}],\"inLanguage\":\"de\"},{\"@type\":\"Organization\",\"@id\":\"https:\/\/archivehub.io\/de\/#organization\",\"name\":\"ArchiveHub.io\",\"url\":\"https:\/\/archivehub.io\/de\/\",\"logo\":{\"@type\":\"ImageObject\",\"inLanguage\":\"de\",\"@id\":\"https:\/\/archivehub.io\/de\/#\/schema\/logo\/image\/\",\"url\":\"https:\/\/archivehub.io\/wp-content\/uploads\/2023\/03\/350px.png\",\"contentUrl\":\"https:\/\/archivehub.io\/wp-content\/uploads\/2023\/03\/350px.png\",\"width\":351,\"height\":77,\"caption\":\"ArchiveHub.io\"},\"image\":{\"@id\":\"https:\/\/archivehub.io\/de\/#\/schema\/logo\/image\/\"},\"sameAs\":[\"https:\/\/www.facebook.com\/people\/ArchiveHubio\/100091316926341\/\"]}]}<\/script>\n<!-- \/ Yoast SEO plugin. -->","yoast_head_json":{"title":"ADKMigrator Pro f\u00fcr SAP - ArchiveHub.io","description":"\"ADKMigrator Pro f\u00fcr SAP\" - Das ultimative Utility-Tool f\u00fcr die m\u00fchelose Migration von ADK-Anh\u00e4ngen und ILM-ADK-Archivdateien, jetzt mit Cloud-Integration","robots":{"index":"index","follow":"follow","max-snippet":"max-snippet:-1","max-image-preview":"max-image-preview:large","max-video-preview":"max-video-preview:-1"},"canonical":"https:\/\/archivehub.io\/de\/adkmigrator-pro-fuer-sap\/","og_locale":"de_DE","og_type":"article","og_title":"ADKMigrator Pro f\u00fcr SAP - ArchiveHub.io","og_description":"\"ADKMigrator Pro f\u00fcr SAP\" - Das ultimative Utility-Tool f\u00fcr die m\u00fchelose Migration von ADK-Anh\u00e4ngen und ILM-ADK-Archivdateien, jetzt mit Cloud-Integration","og_url":"https:\/\/archivehub.io\/de\/adkmigrator-pro-fuer-sap\/","og_site_name":"ArchiveHub.io","article_publisher":"https:\/\/www.facebook.com\/people\/ArchiveHubio\/100091316926341\/","article_modified_time":"2023-04-10T07:37:27+00:00","og_image":[{"url":"https:\/\/archivehub.io\/wp-content\/uploads\/2023\/04\/adk_migration_de-1024x332.png","type":"","width":"","height":""}],"twitter_card":"summary_large_image","twitter_misc":{"Gesch\u00e4tzte Lesezeit":"3\u00a0Minuten"},"schema":{"@context":"https:\/\/schema.org","@graph":[{"@type":"WebPage","@id":"https:\/\/archivehub.io\/de\/adkmigrator-pro-fuer-sap\/","url":"https:\/\/archivehub.io\/de\/adkmigrator-pro-fuer-sap\/","name":"ADKMigrator Pro f\u00fcr SAP - ArchiveHub.io","isPartOf":{"@id":"https:\/\/archivehub.io\/de\/#website"},"primaryImageOfPage":{"@id":"https:\/\/archivehub.io\/de\/adkmigrator-pro-fuer-sap\/#primaryimage"},"image":{"@id":"https:\/\/archivehub.io\/de\/adkmigrator-pro-fuer-sap\/#primaryimage"},"thumbnailUrl":"https:\/\/archivehub.io\/wp-content\/uploads\/2023\/04\/adk_migration_de-1024x332.png","datePublished":"2023-03-28T14:04:47+00:00","dateModified":"2023-04-10T07:37:27+00:00","description":"\"ADKMigrator Pro f\u00fcr SAP\" - Das ultimative Utility-Tool f\u00fcr die m\u00fchelose Migration von ADK-Anh\u00e4ngen und ILM-ADK-Archivdateien, jetzt mit Cloud-Integration","inLanguage":"de","potentialAction":[{"@type":"ReadAction","target":["https:\/\/archivehub.io\/de\/adkmigrator-pro-fuer-sap\/"]}]},{"@type":"ImageObject","inLanguage":"de","@id":"https:\/\/archivehub.io\/de\/adkmigrator-pro-fuer-sap\/#primaryimage","url":"https:\/\/archivehub.io\/wp-content\/uploads\/2023\/04\/adk_migration_de-1024x332.png","contentUrl":"https:\/\/archivehub.io\/wp-content\/uploads\/2023\/04\/adk_migration_de-1024x332.png"},{"@type":"WebSite","@id":"https:\/\/archivehub.io\/de\/#website","url":"https:\/\/archivehub.io\/de\/","name":"ArchiveHub.io","description":"SAP Archived Data Reporting Made Easy","publisher":{"@id":"https:\/\/archivehub.io\/de\/#organization"},"potentialAction":[{"@type":"SearchAction","target":{"@type":"EntryPoint","urlTemplate":"https:\/\/archivehub.io\/de\/?s={search_term_string}"},"query-input":{"@type":"PropertyValueSpecification","valueRequired":true,"valueName":"search_term_string"}}],"inLanguage":"de"},{"@type":"Organization","@id":"https:\/\/archivehub.io\/de\/#organization","name":"ArchiveHub.io","url":"https:\/\/archivehub.io\/de\/","logo":{"@type":"ImageObject","inLanguage":"de","@id":"https:\/\/archivehub.io\/de\/#\/schema\/logo\/image\/","url":"https:\/\/archivehub.io\/wp-content\/uploads\/2023\/03\/350px.png","contentUrl":"https:\/\/archivehub.io\/wp-content\/uploads\/2023\/03\/350px.png","width":351,"height":77,"caption":"ArchiveHub.io"},"image":{"@id":"https:\/\/archivehub.io\/de\/#\/schema\/logo\/image\/"},"sameAs":["https:\/\/www.facebook.com\/people\/ArchiveHubio\/100091316926341\/"]}]}},"_links":{"self":[{"href":"https:\/\/archivehub.io\/de\/wp-json\/wp\/v2\/pages\/4714","targetHints":{"allow":["GET"]}}],"collection":[{"href":"https:\/\/archivehub.io\/de\/wp-json\/wp\/v2\/pages"}],"about":[{"href":"https:\/\/archivehub.io\/de\/wp-json\/wp\/v2\/types\/page"}],"author":[{"embeddable":true,"href":"https:\/\/archivehub.io\/de\/wp-json\/wp\/v2\/users\/1"}],"replies":[{"embeddable":true,"href":"https:\/\/archivehub.io\/de\/wp-json\/wp\/v2\/comments?post=4714"}],"version-history":[{"count":6,"href":"https:\/\/archivehub.io\/de\/wp-json\/wp\/v2\/pages\/4714\/revisions"}],"predecessor-version":[{"id":5151,"href":"https:\/\/archivehub.io\/de\/wp-json\/wp\/v2\/pages\/4714\/revisions\/5151"}],"wp:attachment":[{"href":"https:\/\/archivehub.io\/de\/wp-json\/wp\/v2\/media?parent=4714"}],"curies":[{"name":"wp","href":"https:\/\/api.w.org\/{rel}","templated":true}]}}