{"id":4704,"date":"2023-03-26T18:45:40","date_gmt":"2023-03-26T18:45:40","guid":{"rendered":"https:\/\/archivehub.io\/von-archivehub-unterstuetzte-sap-anwendungsbereiche\/"},"modified":"2023-04-09T07:05:48","modified_gmt":"2023-04-09T07:05:48","slug":"von-archivehub-unterstuetzte-sap-anwendungsbereiche","status":"publish","type":"page","link":"https:\/\/archivehub.io\/de\/von-archivehub-unterstuetzte-sap-anwendungsbereiche\/","title":{"rendered":"Von ArchiveHub unterst\u00fctzte SAP-Anwendungsbereiche"},"content":{"rendered":"\t\t<div data-elementor-type=\"wp-page\" data-elementor-id=\"4704\" class=\"elementor elementor-4704 elementor-3273\">\n\t\t\t\t\t\t<section class=\"elementor-section elementor-top-section elementor-element elementor-element-87e9de7 elementor-section-boxed elementor-section-height-default elementor-section-height-default\" data-id=\"87e9de7\" data-element_type=\"section\">\n\t\t\t\t\t\t<div class=\"elementor-container elementor-column-gap-default\">\n\t\t\t\t\t<div class=\"elementor-column elementor-col-100 elementor-top-column elementor-element elementor-element-81b746d\" data-id=\"81b746d\" data-element_type=\"column\">\n\t\t\t<div class=\"elementor-widget-wrap elementor-element-populated\">\n\t\t\t\t\t\t<div class=\"elementor-element elementor-element-5256a0e elementor-widget elementor-widget-text-editor\" data-id=\"5256a0e\" data-element_type=\"widget\" data-widget_type=\"text-editor.default\">\n\t\t\t\t<div class=\"elementor-widget-container\">\n\t\t\t\t\t\t\t\t\t<table width=\"548\">\n<tbody>\n<tr>\n<td width=\"50\"><strong>Anwendungsbereich<\/strong><\/td>\n<td width=\"300\"><strong>Beschreibung<\/strong><\/td>\n<\/tr>\n<tr>\n<td width=\"50\">XF<\/td>\n<td width=\"407\">Anwendungsunabh\u00e4ngig aus der Finanzbuchhaltung<\/td>\n<\/tr>\n<tr>\n<td width=\"50\">AM<\/td>\n<td width=\"407\">Anlagenbuchhaltung<\/td>\n<\/tr>\n<tr>\n<td width=\"50\">BC<\/td>\n<td width=\"407\">SAP NetWeaver<\/td>\n<\/tr>\n<tr>\n<td width=\"50\">CO<\/td>\n<td width=\"407\">Kontrolle<\/td>\n<\/tr>\n<tr>\n<td width=\"50\">FI<\/td>\n<td width=\"407\">Finanzbuchhaltung<\/td>\n<\/tr>\n<tr>\n<td width=\"50\">GL<\/td>\n<td width=\"407\">Hauptbuch<\/td>\n<\/tr>\n<tr>\n<td width=\"50\">HR<\/td>\n<td width=\"407\">Personalwesen<\/td>\n<\/tr>\n<tr>\n<td width=\"50\">IS<\/td>\n<td width=\"407\">L\u00f6sungen f\u00fcr die Industrie<\/td>\n<\/tr>\n<tr>\n<td width=\"50\">MC<\/td>\n<td width=\"407\">Logistik-Controlling<\/td>\n<\/tr>\n<tr>\n<td width=\"50\">MM<\/td>\n<td width=\"407\">Materialwirtschaft<\/td>\n<\/tr>\n<tr>\n<td width=\"50\">OC<\/td>\n<td width=\"407\">B\u00fcro &amp; Kommunikation<\/td>\n<\/tr>\n<tr>\n<td width=\"50\">PM<\/td>\n<td width=\"407\">Instandhaltung<\/td>\n<\/tr>\n<tr>\n<td width=\"50\">PP<\/td>\n<td width=\"407\">Planung der Produktion<\/td>\n<\/tr>\n<tr>\n<td width=\"50\">PS<\/td>\n<td width=\"407\">Projekt-System<\/td>\n<\/tr>\n<tr>\n<td width=\"50\">QM<\/td>\n<td width=\"407\">Qualit\u00e4tsmanagement<\/td>\n<\/tr>\n<tr>\n<td width=\"50\">SD<\/td>\n<td width=\"407\">Verkauf und Vertrieb<\/td>\n<\/tr>\n<tr>\n<td width=\"50\">EC<\/td>\n<td width=\"407\">Unternehmenscontrolling<\/td>\n<\/tr>\n<tr>\n<td width=\"50\">TR<\/td>\n<td width=\"407\">Schatzamt<\/td>\n<\/tr>\n<tr>\n<td width=\"50\">CA<\/td>\n<td width=\"407\">Allgemeiner Quereinstieg<\/td>\n<\/tr>\n<tr>\n<td width=\"50\">CR<\/td>\n<td width=\"407\">Kundenbeziehungsmanagement (CRM)<\/td>\n<\/tr>\n<tr>\n<td width=\"50\">BW<\/td>\n<td width=\"407\">Business Information Warehouse (BW)<\/td>\n<\/tr>\n<tr>\n<td width=\"50\">EB<\/td>\n<td width=\"407\">EBP (Enterprise Buyer Professional)<\/td>\n<\/tr>\n<tr>\n<td width=\"50\">WM<\/td>\n<td width=\"407\">Lagerverwaltung<\/td>\n<\/tr>\n<tr>\n<td width=\"50\">TM<\/td>\n<td width=\"407\">Transport Management<\/td>\n<\/tr>\n<\/tbody>\n<\/table>\t\t\t\t\t\t\t\t<\/div>\n\t\t\t\t<\/div>\n\t\t\t\t\t<\/div>\n\t\t<\/div>\n\t\t\t\t\t<\/div>\n\t\t<\/section>\n\t\t\t\t<\/div>\n\t\t","protected":false},"excerpt":{"rendered":"<p>Anwendungsbereich Beschreibung XF Anwendungsunabh\u00e4ngig aus der Finanzbuchhaltung AM Anlagenbuchhaltung BC SAP NetWeaver CO Kontrolle FI Finanzbuchhaltung GL Hauptbuch HR Personalwesen IS L\u00f6sungen f\u00fcr die Industrie MC Logistik-Controlling MM Materialwirtschaft OC B\u00fcro &amp; Kommunikation PM Instandhaltung PP Planung der Produktion PS Projekt-System QM Qualit\u00e4tsmanagement SD Verkauf und Vertrieb EC Unternehmenscontrolling TR Schatzamt CA Allgemeiner Quereinstieg CR [&hellip;]<\/p>\n","protected":false},"author":1,"featured_media":0,"parent":0,"menu_order":0,"comment_status":"closed","ping_status":"closed","template":"","meta":{"om_disable_all_campaigns":false,"_monsterinsights_skip_tracking":false,"_monsterinsights_sitenote_active":false,"_monsterinsights_sitenote_note":"","_monsterinsights_sitenote_category":0,"footnotes":""},"class_list":["post-4704","page","type-page","status-publish","hentry"],"aioseo_notices":[],"yoast_head":"<!-- This site is optimized with the Yoast SEO plugin v25.0 - https:\/\/yoast.com\/wordpress\/plugins\/seo\/ -->\n<title>Von ArchiveHub unterst\u00fctzte SAP-Anwendungsbereiche - ArchiveHub.io<\/title>\n<meta name=\"robots\" content=\"index, follow, max-snippet:-1, max-image-preview:large, max-video-preview:-1\" \/>\n<link rel=\"canonical\" href=\"https:\/\/archivehub.io\/de\/von-archivehub-unterstuetzte-sap-anwendungsbereiche\/\" \/>\n<meta property=\"og:locale\" content=\"de_DE\" \/>\n<meta property=\"og:type\" content=\"article\" \/>\n<meta property=\"og:title\" content=\"Von ArchiveHub unterst\u00fctzte SAP-Anwendungsbereiche - ArchiveHub.io\" \/>\n<meta property=\"og:description\" content=\"Anwendungsbereich Beschreibung XF Anwendungsunabh\u00e4ngig aus der Finanzbuchhaltung AM Anlagenbuchhaltung BC SAP NetWeaver CO Kontrolle FI Finanzbuchhaltung GL Hauptbuch HR Personalwesen IS L\u00f6sungen f\u00fcr die Industrie MC Logistik-Controlling MM Materialwirtschaft OC B\u00fcro &amp; Kommunikation PM Instandhaltung PP Planung der Produktion PS Projekt-System QM Qualit\u00e4tsmanagement SD Verkauf und Vertrieb EC Unternehmenscontrolling TR Schatzamt CA Allgemeiner Quereinstieg CR [&hellip;]\" \/>\n<meta property=\"og:url\" content=\"https:\/\/archivehub.io\/de\/von-archivehub-unterstuetzte-sap-anwendungsbereiche\/\" \/>\n<meta property=\"og:site_name\" content=\"ArchiveHub.io\" \/>\n<meta property=\"article:publisher\" content=\"https:\/\/www.facebook.com\/people\/ArchiveHubio\/100091316926341\/\" \/>\n<meta property=\"article:modified_time\" content=\"2023-04-09T07:05:48+00:00\" \/>\n<meta name=\"twitter:card\" content=\"summary_large_image\" \/>\n<meta name=\"twitter:label1\" content=\"Gesch\u00e4tzte Lesezeit\" \/>\n\t<meta name=\"twitter:data1\" content=\"1\u00a0Minute\" \/>\n<script type=\"application\/ld+json\" class=\"yoast-schema-graph\">{\"@context\":\"https:\/\/schema.org\",\"@graph\":[{\"@type\":\"WebPage\",\"@id\":\"https:\/\/archivehub.io\/de\/von-archivehub-unterstuetzte-sap-anwendungsbereiche\/\",\"url\":\"https:\/\/archivehub.io\/de\/von-archivehub-unterstuetzte-sap-anwendungsbereiche\/\",\"name\":\"Von ArchiveHub unterst\u00fctzte SAP-Anwendungsbereiche - ArchiveHub.io\",\"isPartOf\":{\"@id\":\"https:\/\/archivehub.io\/de\/#website\"},\"datePublished\":\"2023-03-26T18:45:40+00:00\",\"dateModified\":\"2023-04-09T07:05:48+00:00\",\"inLanguage\":\"de\",\"potentialAction\":[{\"@type\":\"ReadAction\",\"target\":[\"https:\/\/archivehub.io\/de\/von-archivehub-unterstuetzte-sap-anwendungsbereiche\/\"]}]},{\"@type\":\"WebSite\",\"@id\":\"https:\/\/archivehub.io\/de\/#website\",\"url\":\"https:\/\/archivehub.io\/de\/\",\"name\":\"ArchiveHub.io\",\"description\":\"SAP Archived Data Reporting Made Easy\",\"publisher\":{\"@id\":\"https:\/\/archivehub.io\/de\/#organization\"},\"potentialAction\":[{\"@type\":\"SearchAction\",\"target\":{\"@type\":\"EntryPoint\",\"urlTemplate\":\"https:\/\/archivehub.io\/de\/?s={search_term_string}\"},\"query-input\":{\"@type\":\"PropertyValueSpecification\",\"valueRequired\":true,\"valueName\":\"search_term_string\"}}],\"inLanguage\":\"de\"},{\"@type\":\"Organization\",\"@id\":\"https:\/\/archivehub.io\/de\/#organization\",\"name\":\"ArchiveHub.io\",\"url\":\"https:\/\/archivehub.io\/de\/\",\"logo\":{\"@type\":\"ImageObject\",\"inLanguage\":\"de\",\"@id\":\"https:\/\/archivehub.io\/de\/#\/schema\/logo\/image\/\",\"url\":\"https:\/\/archivehub.io\/wp-content\/uploads\/2023\/03\/350px.png\",\"contentUrl\":\"https:\/\/archivehub.io\/wp-content\/uploads\/2023\/03\/350px.png\",\"width\":351,\"height\":77,\"caption\":\"ArchiveHub.io\"},\"image\":{\"@id\":\"https:\/\/archivehub.io\/de\/#\/schema\/logo\/image\/\"},\"sameAs\":[\"https:\/\/www.facebook.com\/people\/ArchiveHubio\/100091316926341\/\"]}]}<\/script>\n<!-- \/ Yoast SEO plugin. -->","yoast_head_json":{"title":"Von ArchiveHub unterst\u00fctzte SAP-Anwendungsbereiche - ArchiveHub.io","robots":{"index":"index","follow":"follow","max-snippet":"max-snippet:-1","max-image-preview":"max-image-preview:large","max-video-preview":"max-video-preview:-1"},"canonical":"https:\/\/archivehub.io\/de\/von-archivehub-unterstuetzte-sap-anwendungsbereiche\/","og_locale":"de_DE","og_type":"article","og_title":"Von ArchiveHub unterst\u00fctzte SAP-Anwendungsbereiche - ArchiveHub.io","og_description":"Anwendungsbereich Beschreibung XF Anwendungsunabh\u00e4ngig aus der Finanzbuchhaltung AM Anlagenbuchhaltung BC SAP NetWeaver CO Kontrolle FI Finanzbuchhaltung GL Hauptbuch HR Personalwesen IS L\u00f6sungen f\u00fcr die Industrie MC Logistik-Controlling MM Materialwirtschaft OC B\u00fcro &amp; Kommunikation PM Instandhaltung PP Planung der Produktion PS Projekt-System QM Qualit\u00e4tsmanagement SD Verkauf und Vertrieb EC Unternehmenscontrolling TR Schatzamt CA Allgemeiner Quereinstieg CR [&hellip;]","og_url":"https:\/\/archivehub.io\/de\/von-archivehub-unterstuetzte-sap-anwendungsbereiche\/","og_site_name":"ArchiveHub.io","article_publisher":"https:\/\/www.facebook.com\/people\/ArchiveHubio\/100091316926341\/","article_modified_time":"2023-04-09T07:05:48+00:00","twitter_card":"summary_large_image","twitter_misc":{"Gesch\u00e4tzte Lesezeit":"1\u00a0Minute"},"schema":{"@context":"https:\/\/schema.org","@graph":[{"@type":"WebPage","@id":"https:\/\/archivehub.io\/de\/von-archivehub-unterstuetzte-sap-anwendungsbereiche\/","url":"https:\/\/archivehub.io\/de\/von-archivehub-unterstuetzte-sap-anwendungsbereiche\/","name":"Von ArchiveHub unterst\u00fctzte SAP-Anwendungsbereiche - ArchiveHub.io","isPartOf":{"@id":"https:\/\/archivehub.io\/de\/#website"},"datePublished":"2023-03-26T18:45:40+00:00","dateModified":"2023-04-09T07:05:48+00:00","inLanguage":"de","potentialAction":[{"@type":"ReadAction","target":["https:\/\/archivehub.io\/de\/von-archivehub-unterstuetzte-sap-anwendungsbereiche\/"]}]},{"@type":"WebSite","@id":"https:\/\/archivehub.io\/de\/#website","url":"https:\/\/archivehub.io\/de\/","name":"ArchiveHub.io","description":"SAP Archived Data Reporting Made Easy","publisher":{"@id":"https:\/\/archivehub.io\/de\/#organization"},"potentialAction":[{"@type":"SearchAction","target":{"@type":"EntryPoint","urlTemplate":"https:\/\/archivehub.io\/de\/?s={search_term_string}"},"query-input":{"@type":"PropertyValueSpecification","valueRequired":true,"valueName":"search_term_string"}}],"inLanguage":"de"},{"@type":"Organization","@id":"https:\/\/archivehub.io\/de\/#organization","name":"ArchiveHub.io","url":"https:\/\/archivehub.io\/de\/","logo":{"@type":"ImageObject","inLanguage":"de","@id":"https:\/\/archivehub.io\/de\/#\/schema\/logo\/image\/","url":"https:\/\/archivehub.io\/wp-content\/uploads\/2023\/03\/350px.png","contentUrl":"https:\/\/archivehub.io\/wp-content\/uploads\/2023\/03\/350px.png","width":351,"height":77,"caption":"ArchiveHub.io"},"image":{"@id":"https:\/\/archivehub.io\/de\/#\/schema\/logo\/image\/"},"sameAs":["https:\/\/www.facebook.com\/people\/ArchiveHubio\/100091316926341\/"]}]}},"_links":{"self":[{"href":"https:\/\/archivehub.io\/de\/wp-json\/wp\/v2\/pages\/4704","targetHints":{"allow":["GET"]}}],"collection":[{"href":"https:\/\/archivehub.io\/de\/wp-json\/wp\/v2\/pages"}],"about":[{"href":"https:\/\/archivehub.io\/de\/wp-json\/wp\/v2\/types\/page"}],"author":[{"embeddable":true,"href":"https:\/\/archivehub.io\/de\/wp-json\/wp\/v2\/users\/1"}],"replies":[{"embeddable":true,"href":"https:\/\/archivehub.io\/de\/wp-json\/wp\/v2\/comments?post=4704"}],"version-history":[{"count":1,"href":"https:\/\/archivehub.io\/de\/wp-json\/wp\/v2\/pages\/4704\/revisions"}],"predecessor-version":[{"id":4709,"href":"https:\/\/archivehub.io\/de\/wp-json\/wp\/v2\/pages\/4704\/revisions\/4709"}],"wp:attachment":[{"href":"https:\/\/archivehub.io\/de\/wp-json\/wp\/v2\/media?parent=4704"}],"curies":[{"name":"wp","href":"https:\/\/api.w.org\/{rel}","templated":true}]}}