{"id":4692,"date":"2023-03-26T18:19:24","date_gmt":"2023-03-26T18:19:24","guid":{"rendered":"https:\/\/archivehub.io\/haeufig-gestellte-fragen\/"},"modified":"2023-04-09T06:56:58","modified_gmt":"2023-04-09T06:56:58","slug":"haeufig-gestellte-fragen","status":"publish","type":"page","link":"https:\/\/archivehub.io\/de\/haeufig-gestellte-fragen\/","title":{"rendered":"H\u00e4ufig gestellte Fragen"},"content":{"rendered":"\t\t<div data-elementor-type=\"wp-page\" data-elementor-id=\"4692\" class=\"elementor elementor-4692 elementor-3238\">\n\t\t\t\t\t\t<section class=\"elementor-section elementor-top-section elementor-element elementor-element-9ebd08a elementor-section-boxed elementor-section-height-default elementor-section-height-default\" data-id=\"9ebd08a\" data-element_type=\"section\">\n\t\t\t\t\t\t<div class=\"elementor-container elementor-column-gap-default\">\n\t\t\t\t\t<div class=\"elementor-column elementor-col-100 elementor-top-column elementor-element elementor-element-3393cde\" data-id=\"3393cde\" data-element_type=\"column\">\n\t\t\t<div class=\"elementor-widget-wrap elementor-element-populated\">\n\t\t\t\t\t\t<div class=\"elementor-element elementor-element-276da18 elementor-widget elementor-widget-toggle\" data-id=\"276da18\" data-element_type=\"widget\" data-widget_type=\"toggle.default\">\n\t\t\t\t<div class=\"elementor-widget-container\">\n\t\t\t\t\t\t\t<div class=\"elementor-toggle\">\n\t\t\t\t\t\t\t<div class=\"elementor-toggle-item\">\n\t\t\t\t\t<div id=\"elementor-tab-title-4131\" class=\"elementor-tab-title\" data-tab=\"1\" role=\"button\" aria-controls=\"elementor-tab-content-4131\" aria-expanded=\"false\">\n\t\t\t\t\t\t\t\t\t\t\t\t<span class=\"elementor-toggle-icon elementor-toggle-icon-left\" aria-hidden=\"true\">\n\t\t\t\t\t\t\t\t\t\t\t\t\t\t\t<span class=\"elementor-toggle-icon-closed\"><i class=\"fas fa-caret-right\"><\/i><\/span>\n\t\t\t\t\t\t\t\t<span class=\"elementor-toggle-icon-opened\"><i class=\"elementor-toggle-icon-opened fas fa-caret-up\"><\/i><\/span>\n\t\t\t\t\t\t\t\t\t\t\t\t\t<\/span>\n\t\t\t\t\t\t\t\t\t\t\t\t<a class=\"elementor-toggle-title\" tabindex=\"0\">Welche SAP-Systeme werden mit ArchiveHub Archive Data Fiori Reporting unterst\u00fctzt?<\/a>\n\t\t\t\t\t<\/div>\n\n\t\t\t\t\t<div id=\"elementor-tab-content-4131\" class=\"elementor-tab-content elementor-clearfix\" data-tab=\"1\" role=\"region\" aria-labelledby=\"elementor-tab-title-4131\"><p>S\/4HANA<br \/>SAP ECC<br \/>SAP ILM RW<br \/>SAP CRM<br \/>SAP BW<br \/>SAP IS<\/p>\n<\/div>\n\t\t\t\t<\/div>\n\t\t\t\t\t\t\t<div class=\"elementor-toggle-item\">\n\t\t\t\t\t<div id=\"elementor-tab-title-4132\" class=\"elementor-tab-title\" data-tab=\"2\" role=\"button\" aria-controls=\"elementor-tab-content-4132\" aria-expanded=\"false\">\n\t\t\t\t\t\t\t\t\t\t\t\t<span class=\"elementor-toggle-icon elementor-toggle-icon-left\" aria-hidden=\"true\">\n\t\t\t\t\t\t\t\t\t\t\t\t\t\t\t<span class=\"elementor-toggle-icon-closed\"><i class=\"fas fa-caret-right\"><\/i><\/span>\n\t\t\t\t\t\t\t\t<span class=\"elementor-toggle-icon-opened\"><i class=\"elementor-toggle-icon-opened fas fa-caret-up\"><\/i><\/span>\n\t\t\t\t\t\t\t\t\t\t\t\t\t<\/span>\n\t\t\t\t\t\t\t\t\t\t\t\t<a class=\"elementor-toggle-title\" tabindex=\"0\">Welche Module oder Anwendungsbereiche werden von Archive Reporting unterst\u00fctzt?<\/a>\n\t\t\t\t\t<\/div>\n\n\t\t\t\t\t<div id=\"elementor-tab-content-4132\" class=\"elementor-tab-content elementor-clearfix\" data-tab=\"2\" role=\"region\" aria-labelledby=\"elementor-tab-title-4132\"><table width=\"548\">\n<tbody>\n<tr>\n<td width=\"141\">\n<p><strong>Modul<\/strong><\/p>\n<\/td>\n<td width=\"407\">\n<p><strong>Beschreibung<\/strong><\/p>\n<\/td>\n<\/tr>\n<tr>\n<td width=\"141\">\n<p>XF<\/p>\n<\/td>\n<td width=\"407\">\n<p>Aus Sicht der Finanzbuchhaltung anwendungsunabh\u00e4ngig<\/p>\n<\/td>\n<\/tr>\n<tr>\n<td width=\"141\">\n<p>AM<\/p>\n<\/td>\n<td width=\"407\">\n<p>Anlagenbuchhaltung<\/p>\n<\/td>\n<\/tr>\n<tr>\n<td width=\"141\">\n<p>BC<\/p>\n<\/td>\n<td width=\"407\">\n<p>SAP NetWeaver<\/p>\n<\/td>\n<\/tr>\n<tr>\n<td width=\"141\">\n<p>CO<\/p>\n<\/td>\n<td width=\"407\">\n<p>Kontrolle<\/p>\n<\/td>\n<\/tr>\n<tr>\n<td width=\"141\">\n<p>FI<\/p>\n<\/td>\n<td width=\"407\">\n<p>Finanzbuchhaltung<\/p>\n<\/td>\n<\/tr>\n<tr>\n<td width=\"141\">\n<p>GL<\/p>\n<\/td>\n<td width=\"407\">\n<p>Hauptbuch<\/p>\n<\/td>\n<\/tr>\n<tr>\n<td width=\"141\">\n<p>HR<\/p>\n<\/td>\n<td width=\"407\">\n<p>Personalwesen<\/p>\n<\/td>\n<\/tr>\n<tr>\n<td width=\"141\">\n<p>IS<\/p>\n<\/td>\n<td width=\"407\">\n<p>L\u00f6sungen f\u00fcr die Industrie<\/p>\n<\/td>\n<\/tr>\n<tr>\n<td width=\"141\">\n<p>MC<\/p>\n<\/td>\n<td width=\"407\">\n<p>Logistik-Controlling<\/p>\n<\/td>\n<\/tr>\n<tr>\n<td width=\"141\">\n<p>MM<\/p>\n<\/td>\n<td width=\"407\">\n<p>Materialwirtschaft<\/p>\n<\/td>\n<\/tr>\n<tr>\n<td width=\"141\">\n<p>OC<\/p>\n<\/td>\n<td width=\"407\">\n<p>B\u00fcro &amp; Kommunikation<\/p>\n<\/td>\n<\/tr>\n<tr>\n<td width=\"141\">\n<p>PM<\/p>\n<\/td>\n<td width=\"407\">\n<p>Instandhaltung<\/p>\n<\/td>\n<\/tr>\n<tr>\n<td width=\"141\">\n<p>PP<\/p>\n<\/td>\n<td width=\"407\">\n<p>Planung der Produktion<\/p>\n<\/td>\n<\/tr>\n<tr>\n<td width=\"141\">\n<p>PS<\/p>\n<\/td>\n<td width=\"407\">\n<p>Projekt-System<\/p>\n<\/td>\n<\/tr>\n<tr>\n<td width=\"141\">\n<p>QM<\/p>\n<\/td>\n<td width=\"407\">\n<p>Qualit\u00e4tsmanagement<\/p>\n<\/td>\n<\/tr>\n<tr>\n<td width=\"141\">\n<p>SD<\/p>\n<\/td>\n<td width=\"407\">\n<p>Verkauf und Vertrieb<\/p>\n<\/td>\n<\/tr>\n<tr>\n<td width=\"141\">\n<p>EC<\/p>\n<\/td>\n<td width=\"407\">\n<p>Unternehmenscontrolling<\/p>\n<\/td>\n<\/tr>\n<tr>\n<td width=\"141\">\n<p>TR<\/p>\n<\/td>\n<td width=\"407\">\n<p>Schatzamt<\/p>\n<\/td>\n<\/tr>\n<tr>\n<td width=\"141\">\n<p>CA<\/p>\n<\/td>\n<td width=\"407\">\n<p>Allgemeiner Quereinstieg<\/p>\n<\/td>\n<\/tr>\n<tr>\n<td width=\"141\">\n<p>CR<\/p>\n<\/td>\n<td width=\"407\">\n<p>Kundenbeziehungsmanagement (CRM)<\/p>\n<\/td>\n<\/tr>\n<tr>\n<td width=\"141\">\n<p>BW<\/p>\n<\/td>\n<td width=\"407\">\n<p>Business Information Warehouse (BW)<\/p>\n<\/td>\n<\/tr>\n<tr>\n<td width=\"141\">\n<p>EB<\/p>\n<\/td>\n<td width=\"407\">\n<p>EBP (Enterprise Buyer Professional)<\/p>\n<\/td>\n<\/tr>\n<tr>\n<td width=\"141\">\n<p>WM<\/p>\n<\/td>\n<td width=\"407\">\n<p>Lagerverwaltung<\/p>\n<\/td>\n<\/tr>\n<tr>\n<td width=\"141\">\n<p>TM<\/p>\n<\/td>\n<td width=\"407\">\n<p>Transport Management<\/p>\n<\/td>\n<\/tr>\n<\/tbody>\n<\/table>\n<\/div>\n\t\t\t\t<\/div>\n\t\t\t\t\t\t\t<div class=\"elementor-toggle-item\">\n\t\t\t\t\t<div id=\"elementor-tab-title-4133\" class=\"elementor-tab-title\" data-tab=\"3\" role=\"button\" aria-controls=\"elementor-tab-content-4133\" aria-expanded=\"false\">\n\t\t\t\t\t\t\t\t\t\t\t\t<span class=\"elementor-toggle-icon elementor-toggle-icon-left\" aria-hidden=\"true\">\n\t\t\t\t\t\t\t\t\t\t\t\t\t\t\t<span class=\"elementor-toggle-icon-closed\"><i class=\"fas fa-caret-right\"><\/i><\/span>\n\t\t\t\t\t\t\t\t<span class=\"elementor-toggle-icon-opened\"><i class=\"elementor-toggle-icon-opened fas fa-caret-up\"><\/i><\/span>\n\t\t\t\t\t\t\t\t\t\t\t\t\t<\/span>\n\t\t\t\t\t\t\t\t\t\t\t\t<a class=\"elementor-toggle-title\" tabindex=\"0\">In welchen Sprachen ist die Archivdatenauswertung verf\u00fcgbar?<\/a>\n\t\t\t\t\t<\/div>\n\n\t\t\t\t\t<div id=\"elementor-tab-content-4133\" class=\"elementor-tab-content elementor-clearfix\" data-tab=\"3\" role=\"region\" aria-labelledby=\"elementor-tab-title-4133\"><p>Das Archivdaten-Reporting wird von allen Sprachen unterst\u00fctzt, die von SAP unterst\u00fctzt werden.<\/p>\n<\/div>\n\t\t\t\t<\/div>\n\t\t\t\t\t\t\t<div class=\"elementor-toggle-item\">\n\t\t\t\t\t<div id=\"elementor-tab-title-4134\" class=\"elementor-tab-title\" data-tab=\"4\" role=\"button\" aria-controls=\"elementor-tab-content-4134\" aria-expanded=\"false\">\n\t\t\t\t\t\t\t\t\t\t\t\t<span class=\"elementor-toggle-icon elementor-toggle-icon-left\" aria-hidden=\"true\">\n\t\t\t\t\t\t\t\t\t\t\t\t\t\t\t<span class=\"elementor-toggle-icon-closed\"><i class=\"fas fa-caret-right\"><\/i><\/span>\n\t\t\t\t\t\t\t\t<span class=\"elementor-toggle-icon-opened\"><i class=\"elementor-toggle-icon-opened fas fa-caret-up\"><\/i><\/span>\n\t\t\t\t\t\t\t\t\t\t\t\t\t<\/span>\n\t\t\t\t\t\t\t\t\t\t\t\t<a class=\"elementor-toggle-title\" tabindex=\"0\">Wie lange dauert es, Archivdatenberichte zu implementieren?<\/a>\n\t\t\t\t\t<\/div>\n\n\t\t\t\t\t<div id=\"elementor-tab-content-4134\" class=\"elementor-tab-content elementor-clearfix\" data-tab=\"4\" role=\"region\" aria-labelledby=\"elementor-tab-title-4134\"><p>Die Einrichtung dauert 1-2 Tage und nicht Wochen.<\/p>\n<\/div>\n\t\t\t\t<\/div>\n\t\t\t\t\t\t\t<div class=\"elementor-toggle-item\">\n\t\t\t\t\t<div id=\"elementor-tab-title-4135\" class=\"elementor-tab-title\" data-tab=\"5\" role=\"button\" aria-controls=\"elementor-tab-content-4135\" aria-expanded=\"false\">\n\t\t\t\t\t\t\t\t\t\t\t\t<span class=\"elementor-toggle-icon elementor-toggle-icon-left\" aria-hidden=\"true\">\n\t\t\t\t\t\t\t\t\t\t\t\t\t\t\t<span class=\"elementor-toggle-icon-closed\"><i class=\"fas fa-caret-right\"><\/i><\/span>\n\t\t\t\t\t\t\t\t<span class=\"elementor-toggle-icon-opened\"><i class=\"elementor-toggle-icon-opened fas fa-caret-up\"><\/i><\/span>\n\t\t\t\t\t\t\t\t\t\t\t\t\t<\/span>\n\t\t\t\t\t\t\t\t\t\t\t\t<a class=\"elementor-toggle-title\" tabindex=\"0\">Basiert das Archivdaten-Reporting auf WebGUI-Kacheln?<\/a>\n\t\t\t\t\t<\/div>\n\n\t\t\t\t\t<div id=\"elementor-tab-content-4135\" class=\"elementor-tab-content elementor-clearfix\" data-tab=\"5\" role=\"region\" aria-labelledby=\"elementor-tab-title-4135\"><p>Nein, sie basieren auf Native Fiori Reports<\/p>\n<\/div>\n\t\t\t\t<\/div>\n\t\t\t\t\t\t\t<div class=\"elementor-toggle-item\">\n\t\t\t\t\t<div id=\"elementor-tab-title-4136\" class=\"elementor-tab-title\" data-tab=\"6\" role=\"button\" aria-controls=\"elementor-tab-content-4136\" aria-expanded=\"false\">\n\t\t\t\t\t\t\t\t\t\t\t\t<span class=\"elementor-toggle-icon elementor-toggle-icon-left\" aria-hidden=\"true\">\n\t\t\t\t\t\t\t\t\t\t\t\t\t\t\t<span class=\"elementor-toggle-icon-closed\"><i class=\"fas fa-caret-right\"><\/i><\/span>\n\t\t\t\t\t\t\t\t<span class=\"elementor-toggle-icon-opened\"><i class=\"elementor-toggle-icon-opened fas fa-caret-up\"><\/i><\/span>\n\t\t\t\t\t\t\t\t\t\t\t\t\t<\/span>\n\t\t\t\t\t\t\t\t\t\t\t\t<a class=\"elementor-toggle-title\" tabindex=\"0\">Wie viele Archivierungsobjekte werden f\u00fcr die Archivdatenauswertung unterst\u00fctzt?<\/a>\n\t\t\t\t\t<\/div>\n\n\t\t\t\t\t<div id=\"elementor-tab-content-4136\" class=\"elementor-tab-content elementor-clearfix\" data-tab=\"6\" role=\"region\" aria-labelledby=\"elementor-tab-title-4136\"><p>Derzeit 1851 Objekte, Tendenz steigend<\/p>\n<\/div>\n\t\t\t\t<\/div>\n\t\t\t\t\t\t\t<div class=\"elementor-toggle-item\">\n\t\t\t\t\t<div id=\"elementor-tab-title-4137\" class=\"elementor-tab-title\" data-tab=\"7\" role=\"button\" aria-controls=\"elementor-tab-content-4137\" aria-expanded=\"false\">\n\t\t\t\t\t\t\t\t\t\t\t\t<span class=\"elementor-toggle-icon elementor-toggle-icon-left\" aria-hidden=\"true\">\n\t\t\t\t\t\t\t\t\t\t\t\t\t\t\t<span class=\"elementor-toggle-icon-closed\"><i class=\"fas fa-caret-right\"><\/i><\/span>\n\t\t\t\t\t\t\t\t<span class=\"elementor-toggle-icon-opened\"><i class=\"elementor-toggle-icon-opened fas fa-caret-up\"><\/i><\/span>\n\t\t\t\t\t\t\t\t\t\t\t\t\t<\/span>\n\t\t\t\t\t\t\t\t\t\t\t\t<a class=\"elementor-toggle-title\" tabindex=\"0\">Welche Arten von Lizenzen sind verf\u00fcgbar?<\/a>\n\t\t\t\t\t<\/div>\n\n\t\t\t\t\t<div id=\"elementor-tab-content-4137\" class=\"elementor-tab-content elementor-clearfix\" data-tab=\"7\" role=\"region\" aria-labelledby=\"elementor-tab-title-4137\"><p>Wenden Sie sich bitte an einen unserer Kundenbetreuer, die Ihnen gerne weiterhelfen.<\/p>\n<\/div>\n\t\t\t\t<\/div>\n\t\t\t\t\t\t\t<div class=\"elementor-toggle-item\">\n\t\t\t\t\t<div id=\"elementor-tab-title-4138\" class=\"elementor-tab-title\" data-tab=\"8\" role=\"button\" aria-controls=\"elementor-tab-content-4138\" aria-expanded=\"false\">\n\t\t\t\t\t\t\t\t\t\t\t\t<span class=\"elementor-toggle-icon elementor-toggle-icon-left\" aria-hidden=\"true\">\n\t\t\t\t\t\t\t\t\t\t\t\t\t\t\t<span class=\"elementor-toggle-icon-closed\"><i class=\"fas fa-caret-right\"><\/i><\/span>\n\t\t\t\t\t\t\t\t<span class=\"elementor-toggle-icon-opened\"><i class=\"elementor-toggle-icon-opened fas fa-caret-up\"><\/i><\/span>\n\t\t\t\t\t\t\t\t\t\t\t\t\t<\/span>\n\t\t\t\t\t\t\t\t\t\t\t\t<a class=\"elementor-toggle-title\" tabindex=\"0\">Wie kann ich eine Demo sehen?<\/a>\n\t\t\t\t\t<\/div>\n\n\t\t\t\t\t<div id=\"elementor-tab-content-4138\" class=\"elementor-tab-content elementor-clearfix\" data-tab=\"8\" role=\"region\" aria-labelledby=\"elementor-tab-title-4138\"><p>Wenden Sie sich bitte an einen unserer Kundenbetreuer, die Ihnen gerne mit einer Demo helfen.<\/p>\n<\/div>\n\t\t\t\t<\/div>\n\t\t\t\t\t\t\t\t<\/div>\n\t\t\t\t\t\t<\/div>\n\t\t\t\t<\/div>\n\t\t\t\t\t<\/div>\n\t\t<\/div>\n\t\t\t\t\t<\/div>\n\t\t<\/section>\n\t\t\t\t<\/div>\n\t\t","protected":false},"excerpt":{"rendered":"<p>Welche SAP-Systeme werden mit ArchiveHub Archive Data Fiori Reporting unterst\u00fctzt? S\/4HANA SAP ECC SAP ILM RW SAP CRM SAP BW SAP IS Welche Module oder Anwendungsbereiche werden von Archive Reporting unterst\u00fctzt? Modul Beschreibung XF Aus Sicht der Finanzbuchhaltung anwendungsunabh\u00e4ngig AM Anlagenbuchhaltung BC SAP NetWeaver CO Kontrolle FI Finanzbuchhaltung GL Hauptbuch HR Personalwesen IS L\u00f6sungen f\u00fcr [&hellip;]<\/p>\n","protected":false},"author":1,"featured_media":0,"parent":0,"menu_order":0,"comment_status":"closed","ping_status":"closed","template":"","meta":{"om_disable_all_campaigns":false,"_monsterinsights_skip_tracking":false,"_monsterinsights_sitenote_active":false,"_monsterinsights_sitenote_note":"","_monsterinsights_sitenote_category":0,"footnotes":""},"class_list":["post-4692","page","type-page","status-publish","hentry"],"aioseo_notices":[],"yoast_head":"<!-- This site is optimized with the Yoast SEO plugin v25.0 - https:\/\/yoast.com\/wordpress\/plugins\/seo\/ -->\n<title>H\u00e4ufig gestellte Fragen - ArchiveHub.io<\/title>\n<meta name=\"description\" content=\"Welche SAP-Systeme werden von ArchiveHub Archive Data Fiori Reporting unterst\u00fctzt?Welche Module oder Anwendungsbereiche werden von Archive Reporting unterst\u00fctzt?In welchen Sprachen ist das Archive Data Reporting verf\u00fcgbar?Wie lange dauert die Implementierung von Archive Data Reporting?\" \/>\n<meta name=\"robots\" content=\"index, follow, max-snippet:-1, max-image-preview:large, max-video-preview:-1\" \/>\n<link rel=\"canonical\" href=\"https:\/\/archivehub.io\/de\/haeufig-gestellte-fragen\/\" \/>\n<meta property=\"og:locale\" content=\"de_DE\" \/>\n<meta property=\"og:type\" content=\"article\" \/>\n<meta property=\"og:title\" content=\"H\u00e4ufig gestellte Fragen - ArchiveHub.io\" \/>\n<meta property=\"og:description\" content=\"Welche SAP-Systeme werden von ArchiveHub Archive Data Fiori Reporting unterst\u00fctzt?Welche Module oder Anwendungsbereiche werden von Archive Reporting unterst\u00fctzt?In welchen Sprachen ist das Archive Data Reporting verf\u00fcgbar?Wie lange dauert die Implementierung von Archive Data Reporting?\" \/>\n<meta property=\"og:url\" content=\"https:\/\/archivehub.io\/de\/haeufig-gestellte-fragen\/\" \/>\n<meta property=\"og:site_name\" content=\"ArchiveHub.io\" \/>\n<meta property=\"article:publisher\" content=\"https:\/\/www.facebook.com\/people\/ArchiveHubio\/100091316926341\/\" \/>\n<meta property=\"article:modified_time\" content=\"2023-04-09T06:56:58+00:00\" \/>\n<meta name=\"twitter:card\" content=\"summary_large_image\" \/>\n<meta name=\"twitter:label1\" content=\"Gesch\u00e4tzte Lesezeit\" \/>\n\t<meta name=\"twitter:data1\" content=\"1\u00a0Minute\" \/>\n<script type=\"application\/ld+json\" class=\"yoast-schema-graph\">{\"@context\":\"https:\/\/schema.org\",\"@graph\":[{\"@type\":\"WebPage\",\"@id\":\"https:\/\/archivehub.io\/de\/haeufig-gestellte-fragen\/\",\"url\":\"https:\/\/archivehub.io\/de\/haeufig-gestellte-fragen\/\",\"name\":\"H\u00e4ufig gestellte Fragen - ArchiveHub.io\",\"isPartOf\":{\"@id\":\"https:\/\/archivehub.io\/de\/#website\"},\"datePublished\":\"2023-03-26T18:19:24+00:00\",\"dateModified\":\"2023-04-09T06:56:58+00:00\",\"description\":\"Welche SAP-Systeme werden von ArchiveHub Archive Data Fiori Reporting unterst\u00fctzt?Welche Module oder Anwendungsbereiche werden von Archive Reporting unterst\u00fctzt?In welchen Sprachen ist das Archive Data Reporting verf\u00fcgbar?Wie lange dauert die Implementierung von Archive Data Reporting?\",\"inLanguage\":\"de\",\"potentialAction\":[{\"@type\":\"ReadAction\",\"target\":[\"https:\/\/archivehub.io\/de\/haeufig-gestellte-fragen\/\"]}]},{\"@type\":\"WebSite\",\"@id\":\"https:\/\/archivehub.io\/de\/#website\",\"url\":\"https:\/\/archivehub.io\/de\/\",\"name\":\"ArchiveHub.io\",\"description\":\"SAP Archived Data Reporting Made Easy\",\"publisher\":{\"@id\":\"https:\/\/archivehub.io\/de\/#organization\"},\"potentialAction\":[{\"@type\":\"SearchAction\",\"target\":{\"@type\":\"EntryPoint\",\"urlTemplate\":\"https:\/\/archivehub.io\/de\/?s={search_term_string}\"},\"query-input\":{\"@type\":\"PropertyValueSpecification\",\"valueRequired\":true,\"valueName\":\"search_term_string\"}}],\"inLanguage\":\"de\"},{\"@type\":\"Organization\",\"@id\":\"https:\/\/archivehub.io\/de\/#organization\",\"name\":\"ArchiveHub.io\",\"url\":\"https:\/\/archivehub.io\/de\/\",\"logo\":{\"@type\":\"ImageObject\",\"inLanguage\":\"de\",\"@id\":\"https:\/\/archivehub.io\/de\/#\/schema\/logo\/image\/\",\"url\":\"https:\/\/archivehub.io\/wp-content\/uploads\/2023\/03\/350px.png\",\"contentUrl\":\"https:\/\/archivehub.io\/wp-content\/uploads\/2023\/03\/350px.png\",\"width\":351,\"height\":77,\"caption\":\"ArchiveHub.io\"},\"image\":{\"@id\":\"https:\/\/archivehub.io\/de\/#\/schema\/logo\/image\/\"},\"sameAs\":[\"https:\/\/www.facebook.com\/people\/ArchiveHubio\/100091316926341\/\"]}]}<\/script>\n<!-- \/ Yoast SEO plugin. -->","yoast_head_json":{"title":"H\u00e4ufig gestellte Fragen - ArchiveHub.io","description":"Welche SAP-Systeme werden von ArchiveHub Archive Data Fiori Reporting unterst\u00fctzt?Welche Module oder Anwendungsbereiche werden von Archive Reporting unterst\u00fctzt?In welchen Sprachen ist das Archive Data Reporting verf\u00fcgbar?Wie lange dauert die Implementierung von Archive Data Reporting?","robots":{"index":"index","follow":"follow","max-snippet":"max-snippet:-1","max-image-preview":"max-image-preview:large","max-video-preview":"max-video-preview:-1"},"canonical":"https:\/\/archivehub.io\/de\/haeufig-gestellte-fragen\/","og_locale":"de_DE","og_type":"article","og_title":"H\u00e4ufig gestellte Fragen - ArchiveHub.io","og_description":"Welche SAP-Systeme werden von ArchiveHub Archive Data Fiori Reporting unterst\u00fctzt?Welche Module oder Anwendungsbereiche werden von Archive Reporting unterst\u00fctzt?In welchen Sprachen ist das Archive Data Reporting verf\u00fcgbar?Wie lange dauert die Implementierung von Archive Data Reporting?","og_url":"https:\/\/archivehub.io\/de\/haeufig-gestellte-fragen\/","og_site_name":"ArchiveHub.io","article_publisher":"https:\/\/www.facebook.com\/people\/ArchiveHubio\/100091316926341\/","article_modified_time":"2023-04-09T06:56:58+00:00","twitter_card":"summary_large_image","twitter_misc":{"Gesch\u00e4tzte Lesezeit":"1\u00a0Minute"},"schema":{"@context":"https:\/\/schema.org","@graph":[{"@type":"WebPage","@id":"https:\/\/archivehub.io\/de\/haeufig-gestellte-fragen\/","url":"https:\/\/archivehub.io\/de\/haeufig-gestellte-fragen\/","name":"H\u00e4ufig gestellte Fragen - ArchiveHub.io","isPartOf":{"@id":"https:\/\/archivehub.io\/de\/#website"},"datePublished":"2023-03-26T18:19:24+00:00","dateModified":"2023-04-09T06:56:58+00:00","description":"Welche SAP-Systeme werden von ArchiveHub Archive Data Fiori Reporting unterst\u00fctzt?Welche Module oder Anwendungsbereiche werden von Archive Reporting unterst\u00fctzt?In welchen Sprachen ist das Archive Data Reporting verf\u00fcgbar?Wie lange dauert die Implementierung von Archive Data Reporting?","inLanguage":"de","potentialAction":[{"@type":"ReadAction","target":["https:\/\/archivehub.io\/de\/haeufig-gestellte-fragen\/"]}]},{"@type":"WebSite","@id":"https:\/\/archivehub.io\/de\/#website","url":"https:\/\/archivehub.io\/de\/","name":"ArchiveHub.io","description":"SAP Archived Data Reporting Made Easy","publisher":{"@id":"https:\/\/archivehub.io\/de\/#organization"},"potentialAction":[{"@type":"SearchAction","target":{"@type":"EntryPoint","urlTemplate":"https:\/\/archivehub.io\/de\/?s={search_term_string}"},"query-input":{"@type":"PropertyValueSpecification","valueRequired":true,"valueName":"search_term_string"}}],"inLanguage":"de"},{"@type":"Organization","@id":"https:\/\/archivehub.io\/de\/#organization","name":"ArchiveHub.io","url":"https:\/\/archivehub.io\/de\/","logo":{"@type":"ImageObject","inLanguage":"de","@id":"https:\/\/archivehub.io\/de\/#\/schema\/logo\/image\/","url":"https:\/\/archivehub.io\/wp-content\/uploads\/2023\/03\/350px.png","contentUrl":"https:\/\/archivehub.io\/wp-content\/uploads\/2023\/03\/350px.png","width":351,"height":77,"caption":"ArchiveHub.io"},"image":{"@id":"https:\/\/archivehub.io\/de\/#\/schema\/logo\/image\/"},"sameAs":["https:\/\/www.facebook.com\/people\/ArchiveHubio\/100091316926341\/"]}]}},"_links":{"self":[{"href":"https:\/\/archivehub.io\/de\/wp-json\/wp\/v2\/pages\/4692","targetHints":{"allow":["GET"]}}],"collection":[{"href":"https:\/\/archivehub.io\/de\/wp-json\/wp\/v2\/pages"}],"about":[{"href":"https:\/\/archivehub.io\/de\/wp-json\/wp\/v2\/types\/page"}],"author":[{"embeddable":true,"href":"https:\/\/archivehub.io\/de\/wp-json\/wp\/v2\/users\/1"}],"replies":[{"embeddable":true,"href":"https:\/\/archivehub.io\/de\/wp-json\/wp\/v2\/comments?post=4692"}],"version-history":[{"count":3,"href":"https:\/\/archivehub.io\/de\/wp-json\/wp\/v2\/pages\/4692\/revisions"}],"predecessor-version":[{"id":4821,"href":"https:\/\/archivehub.io\/de\/wp-json\/wp\/v2\/pages\/4692\/revisions\/4821"}],"wp:attachment":[{"href":"https:\/\/archivehub.io\/de\/wp-json\/wp\/v2\/media?parent=4692"}],"curies":[{"name":"wp","href":"https:\/\/api.w.org\/{rel}","templated":true}]}}