{"id":4684,"date":"2023-03-30T17:30:12","date_gmt":"2023-03-30T17:30:12","guid":{"rendered":"https:\/\/archivehub.io\/erklaerung-zum-datenschutz\/"},"modified":"2023-04-09T06:53:34","modified_gmt":"2023-04-09T06:53:34","slug":"erklaerung-zum-datenschutz","status":"publish","type":"page","link":"https:\/\/archivehub.io\/de\/erklaerung-zum-datenschutz\/","title":{"rendered":"Erkl\u00e4rung zum Datenschutz"},"content":{"rendered":"\t\t<div data-elementor-type=\"wp-page\" data-elementor-id=\"4684\" class=\"elementor elementor-4684 elementor-3987\">\n\t\t\t\t\t\t<section class=\"elementor-section elementor-top-section elementor-element elementor-element-d2f3def elementor-section-boxed elementor-section-height-default elementor-section-height-default\" data-id=\"d2f3def\" data-element_type=\"section\">\n\t\t\t\t\t\t<div class=\"elementor-container elementor-column-gap-default\">\n\t\t\t\t\t<div class=\"elementor-column elementor-col-100 elementor-top-column elementor-element elementor-element-9cc0f8e\" data-id=\"9cc0f8e\" data-element_type=\"column\">\n\t\t\t<div class=\"elementor-widget-wrap elementor-element-populated\">\n\t\t\t\t\t\t<div class=\"elementor-element elementor-element-9e6fc58 elementor-widget elementor-widget-text-editor\" data-id=\"9e6fc58\" data-element_type=\"widget\" data-widget_type=\"text-editor.default\">\n\t\t\t\t<div class=\"elementor-widget-container\">\n\t\t\t\t\t\t\t\t\t<h4><strong>Erkl\u00e4rung zum Datenschutz<\/strong><\/h4>\n<p>Wir von ArchiveHub.io respektieren Ihre Privatsph\u00e4re und verpflichten uns, Ihre pers\u00f6nlichen Daten zu sch\u00fctzen. In dieser Datenschutzerkl\u00e4rung wird erl\u00e4utert, wie wir pers\u00f6nliche Daten, die wir \u00fcber unsere Website sammeln, verwenden und sch\u00fctzen.<\/p>\n<h4>Gesammelte Informationen<\/h4>\n<p>Wir k\u00f6nnen personenbezogene Daten erfassen, die Sie uns zur Verf\u00fcgung stellen, wenn Sie ein Konto anlegen, sich f\u00fcr unseren Newsletter anmelden oder uns \u00fcber unsere Website kontaktieren. Diese Informationen k\u00f6nnen Ihren Namen, Ihre E-Mail-Adresse, Ihre Telefonnummer und Ihre Rechnungsdaten umfassen.<\/p>\n<p>Wir sammeln auch automatisch Informationen \u00fcber Ihre Nutzung unserer Website, wie z. B. Ihre IP-Adresse, den Browsertyp, den Ger\u00e4tetyp und das Betriebssystem. Diese Informationen helfen uns zu verstehen, wie Besucher unsere Website nutzen und wie wir unsere Dienste verbessern k\u00f6nnen.<\/p>\n<h4>Verwendung pers\u00f6nlicher Informationen<\/h4>\n<p>Wir verwenden die von uns erfassten pers\u00f6nlichen Daten, um Ihnen unsere Dienstleistungen anzubieten, mit Ihnen \u00fcber Ihr Konto oder Ihre Bestellungen zu kommunizieren, Ihnen Marketingmitteilungen zu senden und unsere Website und Dienstleistungen zu verbessern.<\/p>\n<p>Wir k\u00f6nnen Ihre pers\u00f6nlichen Daten an Drittanbieter weitergeben, die uns bei der Erbringung unserer Dienstleistungen unterst\u00fctzen oder die in unserem Auftrag Dienstleistungen erbringen, wie z. B. Zahlungsabwicklung, Auftragsabwicklung und Kundendienst.<\/p>\n<p>Wir k\u00f6nnen Ihre pers\u00f6nlichen Daten auch an unsere Partner weitergeben, um Ihnen Sonderangebote, Werbeaktionen und andere Marketingmitteilungen zukommen zu lassen. Wenn Sie diese Mitteilungen nicht erhalten m\u00f6chten, k\u00f6nnen Sie sich unter info at archivehub.io abmelden.<\/p>\n<h4>Aufbewahrung von Daten<\/h4>\n<p>Wir werden Ihre personenbezogenen Daten so lange aufbewahren, wie es f\u00fcr die Erf\u00fcllung der Zwecke, f\u00fcr die sie erhoben wurden, erforderlich ist, es sei denn, eine l\u00e4ngere Aufbewahrungsfrist ist gesetzlich vorgeschrieben oder zul\u00e4ssig.<\/p>\n<h4>Ihre Rechte<\/h4>\n<p>Sie haben das Recht, auf Ihre pers\u00f6nlichen Daten zuzugreifen, sie zu korrigieren oder zu l\u00f6schen. Sie haben auch das Recht, der Verarbeitung Ihrer personenbezogenen Daten durch uns zu widersprechen oder die Verwendung Ihrer personenbezogenen Daten einzuschr\u00e4nken. Um eines dieser Rechte auszu\u00fcben, kontaktieren Sie uns bitte unter info at archivehub.io.<\/p>\n<h4>Sicherheit<\/h4>\n<p>Wir ergreifen angemessene Ma\u00dfnahmen, um Ihre pers\u00f6nlichen Daten vor unbefugtem Zugriff, unbefugter Nutzung und unbefugter Offenlegung zu sch\u00fctzen. Allerdings kann keine Daten\u00fcbertragung \u00fcber das Internet oder ein drahtloses Netz zu 100 % sicher sein.<\/p>\n<h4>\u00c4nderungen der Datenschutzerkl\u00e4rung<\/h4>\n<p>Wir k\u00f6nnen diese Datenschutzerkl\u00e4rung von Zeit zu Zeit aktualisieren. Wir werden Sie \u00fcber alle \u00c4nderungen informieren, indem wir die aktualisierte Datenschutzerkl\u00e4rung auf unserer Website ver\u00f6ffentlichen.<\/p>\n<h4>Kontakt<\/h4>\n<p>Wenn Sie Fragen oder Bedenken bez\u00fcglich unserer Datenschutzerkl\u00e4rung oder der Verwendung Ihrer pers\u00f6nlichen Daten haben, kontaktieren Sie uns bitte unter info at archivehub.io.<\/p>\n\t\t\t\t\t\t\t\t<\/div>\n\t\t\t\t<\/div>\n\t\t\t\t\t<\/div>\n\t\t<\/div>\n\t\t\t\t\t<\/div>\n\t\t<\/section>\n\t\t\t\t<\/div>\n\t\t","protected":false},"excerpt":{"rendered":"<p>Erkl\u00e4rung zum Datenschutz Wir von ArchiveHub.io respektieren Ihre Privatsph\u00e4re und verpflichten uns, Ihre pers\u00f6nlichen Daten zu sch\u00fctzen. In dieser Datenschutzerkl\u00e4rung wird erl\u00e4utert, wie wir pers\u00f6nliche Daten, die wir \u00fcber unsere Website sammeln, verwenden und sch\u00fctzen. Gesammelte Informationen Wir k\u00f6nnen personenbezogene Daten erfassen, die Sie uns zur Verf\u00fcgung stellen, wenn Sie ein Konto anlegen, sich f\u00fcr [&hellip;]<\/p>\n","protected":false},"author":2,"featured_media":0,"parent":0,"menu_order":0,"comment_status":"closed","ping_status":"closed","template":"","meta":{"om_disable_all_campaigns":false,"_monsterinsights_skip_tracking":false,"_monsterinsights_sitenote_active":false,"_monsterinsights_sitenote_note":"","_monsterinsights_sitenote_category":0,"footnotes":""},"class_list":["post-4684","page","type-page","status-publish","hentry"],"aioseo_notices":[],"yoast_head":"<!-- This site is optimized with the Yoast SEO plugin v25.0 - https:\/\/yoast.com\/wordpress\/plugins\/seo\/ -->\n<title>Erkl\u00e4rung zum Datenschutz - ArchiveHub.io<\/title>\n<meta name=\"robots\" content=\"noindex, nofollow\" \/>\n<meta property=\"og:locale\" content=\"de_DE\" \/>\n<meta property=\"og:type\" content=\"article\" \/>\n<meta property=\"og:title\" content=\"Erkl\u00e4rung zum Datenschutz - ArchiveHub.io\" \/>\n<meta property=\"og:description\" content=\"Erkl\u00e4rung zum Datenschutz Wir von ArchiveHub.io respektieren Ihre Privatsph\u00e4re und verpflichten uns, Ihre pers\u00f6nlichen Daten zu sch\u00fctzen. In dieser Datenschutzerkl\u00e4rung wird erl\u00e4utert, wie wir pers\u00f6nliche Daten, die wir \u00fcber unsere Website sammeln, verwenden und sch\u00fctzen. Gesammelte Informationen Wir k\u00f6nnen personenbezogene Daten erfassen, die Sie uns zur Verf\u00fcgung stellen, wenn Sie ein Konto anlegen, sich f\u00fcr [&hellip;]\" \/>\n<meta property=\"og:url\" content=\"https:\/\/archivehub.io\/de\/erklaerung-zum-datenschutz\/\" \/>\n<meta property=\"og:site_name\" content=\"ArchiveHub.io\" \/>\n<meta property=\"article:publisher\" content=\"https:\/\/www.facebook.com\/people\/ArchiveHubio\/100091316926341\/\" \/>\n<meta property=\"article:modified_time\" content=\"2023-04-09T06:53:34+00:00\" \/>\n<meta name=\"twitter:card\" content=\"summary_large_image\" \/>\n<meta name=\"twitter:label1\" content=\"Gesch\u00e4tzte Lesezeit\" \/>\n\t<meta name=\"twitter:data1\" content=\"2\u00a0Minuten\" \/>\n<script type=\"application\/ld+json\" class=\"yoast-schema-graph\">{\"@context\":\"https:\/\/schema.org\",\"@graph\":[{\"@type\":\"WebPage\",\"@id\":\"https:\/\/archivehub.io\/de\/erklaerung-zum-datenschutz\/\",\"url\":\"https:\/\/archivehub.io\/de\/erklaerung-zum-datenschutz\/\",\"name\":\"Erkl\u00e4rung zum Datenschutz - ArchiveHub.io\",\"isPartOf\":{\"@id\":\"https:\/\/archivehub.io\/de\/#website\"},\"datePublished\":\"2023-03-30T17:30:12+00:00\",\"dateModified\":\"2023-04-09T06:53:34+00:00\",\"inLanguage\":\"de\",\"potentialAction\":[{\"@type\":\"ReadAction\",\"target\":[\"https:\/\/archivehub.io\/de\/erklaerung-zum-datenschutz\/\"]}]},{\"@type\":\"WebSite\",\"@id\":\"https:\/\/archivehub.io\/de\/#website\",\"url\":\"https:\/\/archivehub.io\/de\/\",\"name\":\"ArchiveHub.io\",\"description\":\"SAP Archived Data Reporting Made Easy\",\"publisher\":{\"@id\":\"https:\/\/archivehub.io\/de\/#organization\"},\"potentialAction\":[{\"@type\":\"SearchAction\",\"target\":{\"@type\":\"EntryPoint\",\"urlTemplate\":\"https:\/\/archivehub.io\/de\/?s={search_term_string}\"},\"query-input\":{\"@type\":\"PropertyValueSpecification\",\"valueRequired\":true,\"valueName\":\"search_term_string\"}}],\"inLanguage\":\"de\"},{\"@type\":\"Organization\",\"@id\":\"https:\/\/archivehub.io\/de\/#organization\",\"name\":\"ArchiveHub.io\",\"url\":\"https:\/\/archivehub.io\/de\/\",\"logo\":{\"@type\":\"ImageObject\",\"inLanguage\":\"de\",\"@id\":\"https:\/\/archivehub.io\/de\/#\/schema\/logo\/image\/\",\"url\":\"https:\/\/archivehub.io\/wp-content\/uploads\/2023\/03\/350px.png\",\"contentUrl\":\"https:\/\/archivehub.io\/wp-content\/uploads\/2023\/03\/350px.png\",\"width\":351,\"height\":77,\"caption\":\"ArchiveHub.io\"},\"image\":{\"@id\":\"https:\/\/archivehub.io\/de\/#\/schema\/logo\/image\/\"},\"sameAs\":[\"https:\/\/www.facebook.com\/people\/ArchiveHubio\/100091316926341\/\"]}]}<\/script>\n<!-- \/ Yoast SEO plugin. -->","yoast_head_json":{"title":"Erkl\u00e4rung zum Datenschutz - ArchiveHub.io","robots":{"index":"noindex","follow":"nofollow"},"og_locale":"de_DE","og_type":"article","og_title":"Erkl\u00e4rung zum Datenschutz - ArchiveHub.io","og_description":"Erkl\u00e4rung zum Datenschutz Wir von ArchiveHub.io respektieren Ihre Privatsph\u00e4re und verpflichten uns, Ihre pers\u00f6nlichen Daten zu sch\u00fctzen. In dieser Datenschutzerkl\u00e4rung wird erl\u00e4utert, wie wir pers\u00f6nliche Daten, die wir \u00fcber unsere Website sammeln, verwenden und sch\u00fctzen. Gesammelte Informationen Wir k\u00f6nnen personenbezogene Daten erfassen, die Sie uns zur Verf\u00fcgung stellen, wenn Sie ein Konto anlegen, sich f\u00fcr [&hellip;]","og_url":"https:\/\/archivehub.io\/de\/erklaerung-zum-datenschutz\/","og_site_name":"ArchiveHub.io","article_publisher":"https:\/\/www.facebook.com\/people\/ArchiveHubio\/100091316926341\/","article_modified_time":"2023-04-09T06:53:34+00:00","twitter_card":"summary_large_image","twitter_misc":{"Gesch\u00e4tzte Lesezeit":"2\u00a0Minuten"},"schema":{"@context":"https:\/\/schema.org","@graph":[{"@type":"WebPage","@id":"https:\/\/archivehub.io\/de\/erklaerung-zum-datenschutz\/","url":"https:\/\/archivehub.io\/de\/erklaerung-zum-datenschutz\/","name":"Erkl\u00e4rung zum Datenschutz - ArchiveHub.io","isPartOf":{"@id":"https:\/\/archivehub.io\/de\/#website"},"datePublished":"2023-03-30T17:30:12+00:00","dateModified":"2023-04-09T06:53:34+00:00","inLanguage":"de","potentialAction":[{"@type":"ReadAction","target":["https:\/\/archivehub.io\/de\/erklaerung-zum-datenschutz\/"]}]},{"@type":"WebSite","@id":"https:\/\/archivehub.io\/de\/#website","url":"https:\/\/archivehub.io\/de\/","name":"ArchiveHub.io","description":"SAP Archived Data Reporting Made Easy","publisher":{"@id":"https:\/\/archivehub.io\/de\/#organization"},"potentialAction":[{"@type":"SearchAction","target":{"@type":"EntryPoint","urlTemplate":"https:\/\/archivehub.io\/de\/?s={search_term_string}"},"query-input":{"@type":"PropertyValueSpecification","valueRequired":true,"valueName":"search_term_string"}}],"inLanguage":"de"},{"@type":"Organization","@id":"https:\/\/archivehub.io\/de\/#organization","name":"ArchiveHub.io","url":"https:\/\/archivehub.io\/de\/","logo":{"@type":"ImageObject","inLanguage":"de","@id":"https:\/\/archivehub.io\/de\/#\/schema\/logo\/image\/","url":"https:\/\/archivehub.io\/wp-content\/uploads\/2023\/03\/350px.png","contentUrl":"https:\/\/archivehub.io\/wp-content\/uploads\/2023\/03\/350px.png","width":351,"height":77,"caption":"ArchiveHub.io"},"image":{"@id":"https:\/\/archivehub.io\/de\/#\/schema\/logo\/image\/"},"sameAs":["https:\/\/www.facebook.com\/people\/ArchiveHubio\/100091316926341\/"]}]}},"_links":{"self":[{"href":"https:\/\/archivehub.io\/de\/wp-json\/wp\/v2\/pages\/4684","targetHints":{"allow":["GET"]}}],"collection":[{"href":"https:\/\/archivehub.io\/de\/wp-json\/wp\/v2\/pages"}],"about":[{"href":"https:\/\/archivehub.io\/de\/wp-json\/wp\/v2\/types\/page"}],"author":[{"embeddable":true,"href":"https:\/\/archivehub.io\/de\/wp-json\/wp\/v2\/users\/2"}],"replies":[{"embeddable":true,"href":"https:\/\/archivehub.io\/de\/wp-json\/wp\/v2\/comments?post=4684"}],"version-history":[{"count":4,"href":"https:\/\/archivehub.io\/de\/wp-json\/wp\/v2\/pages\/4684\/revisions"}],"predecessor-version":[{"id":4819,"href":"https:\/\/archivehub.io\/de\/wp-json\/wp\/v2\/pages\/4684\/revisions\/4819"}],"wp:attachment":[{"href":"https:\/\/archivehub.io\/de\/wp-json\/wp\/v2\/media?parent=4684"}],"curies":[{"name":"wp","href":"https:\/\/api.w.org\/{rel}","templated":true}]}}