{"id":4682,"date":"2023-03-26T16:38:05","date_gmt":"2023-03-26T16:38:05","guid":{"rendered":"https:\/\/archivehub.io\/archivehub-archivdatenbericht-und-analyse-fuer-sap-ilm-rw\/"},"modified":"2023-04-09T06:42:40","modified_gmt":"2023-04-09T06:42:40","slug":"archivehub-archivdatenbericht-und-analyse-fuer-sap-ilm-rw","status":"publish","type":"page","link":"https:\/\/archivehub.io\/de\/archivehub-archivdatenbericht-und-analyse-fuer-sap-ilm-rw\/","title":{"rendered":"ArchiveHub Archivdatenbericht und -analyse f\u00fcr SAP ILM RW"},"content":{"rendered":"\t\t<div data-elementor-type=\"wp-page\" data-elementor-id=\"4682\" class=\"elementor elementor-4682 elementor-3190\">\n\t\t\t\t\t\t<section class=\"elementor-section elementor-top-section elementor-element elementor-element-d275ea9 elementor-section-boxed elementor-section-height-default elementor-section-height-default\" data-id=\"d275ea9\" data-element_type=\"section\">\n\t\t\t\t\t\t<div class=\"elementor-container elementor-column-gap-default\">\n\t\t\t\t\t<div class=\"elementor-column elementor-col-50 elementor-top-column elementor-element elementor-element-7644738\" data-id=\"7644738\" data-element_type=\"column\">\n\t\t\t<div class=\"elementor-widget-wrap elementor-element-populated\">\n\t\t\t\t\t\t<div class=\"elementor-element elementor-element-eee8a22 elementor-widget elementor-widget-image\" data-id=\"eee8a22\" data-element_type=\"widget\" data-widget_type=\"image.default\">\n\t\t\t\t<div class=\"elementor-widget-container\">\n\t\t\t\t\t\t\t\t\t\t\t\t\t\t\t<img fetchpriority=\"high\" decoding=\"async\" width=\"530\" height=\"350\" src=\"https:\/\/archivehub.io\/wp-content\/uploads\/2023\/03\/ilm_rw_analytics2.png\" class=\"attachment-large size-large wp-image-4626\" alt=\"\" srcset=\"https:\/\/archivehub.io\/wp-content\/uploads\/2023\/03\/ilm_rw_analytics2.png 530w, https:\/\/archivehub.io\/wp-content\/uploads\/2023\/03\/ilm_rw_analytics2-300x198.png 300w\" sizes=\"(max-width: 530px) 100vw, 530px\" \/>\t\t\t\t\t\t\t\t\t\t\t\t\t\t\t<\/div>\n\t\t\t\t<\/div>\n\t\t\t\t\t<\/div>\n\t\t<\/div>\n\t\t\t\t<div class=\"elementor-column elementor-col-50 elementor-top-column elementor-element elementor-element-3312879\" data-id=\"3312879\" data-element_type=\"column\">\n\t\t\t<div class=\"elementor-widget-wrap elementor-element-populated\">\n\t\t\t\t\t\t<div class=\"elementor-element elementor-element-192ea07 elementor-widget elementor-widget-text-editor\" data-id=\"192ea07\" data-element_type=\"widget\" data-widget_type=\"text-editor.default\">\n\t\t\t\t<div class=\"elementor-widget-container\">\n\t\t\t\t\t\t\t\t\t<h3>H\u00f6hepunkte:<\/h3>\n<ul>\n<li>Funktionale Berichte \u00fcber archivierte SAP ILM RW-Daten ausf\u00fchren.<\/li>\n<li>F\u00fchren Sie Analytics-Berichte \u00fcber archivierte SAP ILM RW-Daten aus.<\/li>\n<\/ul>\n\t\t\t\t\t\t\t\t<\/div>\n\t\t\t\t<\/div>\n\t\t\t\t\t<\/div>\n\t\t<\/div>\n\t\t\t\t\t<\/div>\n\t\t<\/section>\n\t\t\t\t<\/div>\n\t\t","protected":false},"excerpt":{"rendered":"<p>H\u00f6hepunkte: Funktionale Berichte \u00fcber archivierte SAP ILM RW-Daten ausf\u00fchren. F\u00fchren Sie Analytics-Berichte \u00fcber archivierte SAP ILM RW-Daten aus.<\/p>\n","protected":false},"author":1,"featured_media":0,"parent":0,"menu_order":0,"comment_status":"closed","ping_status":"closed","template":"","meta":{"om_disable_all_campaigns":false,"_monsterinsights_skip_tracking":false,"_monsterinsights_sitenote_active":false,"_monsterinsights_sitenote_note":"","_monsterinsights_sitenote_category":0,"footnotes":""},"class_list":["post-4682","page","type-page","status-publish","hentry"],"aioseo_notices":[],"yoast_head":"<!-- This site is optimized with the Yoast SEO plugin v25.0 - https:\/\/yoast.com\/wordpress\/plugins\/seo\/ -->\n<title>ArchiveHub Archivdatenbericht und -analyse f\u00fcr SAP ILM RW - ArchiveHub.io<\/title>\n<meta name=\"description\" content=\"H\u00f6hepunkte: F\u00fchren Sie funktionale Berichte \u00fcber archivierte SAP ILM RW-Daten aus. F\u00fchren Sie Analytics-Berichte \u00fcber archivierte SAP ILM RW-Daten aus.\" \/>\n<meta name=\"robots\" content=\"index, follow, max-snippet:-1, max-image-preview:large, max-video-preview:-1\" \/>\n<link rel=\"canonical\" href=\"https:\/\/archivehub.io\/de\/archivehub-archivdatenbericht-und-analyse-fuer-sap-ilm-rw\/\" \/>\n<meta property=\"og:locale\" content=\"de_DE\" \/>\n<meta property=\"og:type\" content=\"article\" \/>\n<meta property=\"og:title\" content=\"ArchiveHub Archivdatenbericht und -analyse f\u00fcr SAP ILM RW - ArchiveHub.io\" \/>\n<meta property=\"og:description\" content=\"H\u00f6hepunkte: F\u00fchren Sie funktionale Berichte \u00fcber archivierte SAP ILM RW-Daten aus. F\u00fchren Sie Analytics-Berichte \u00fcber archivierte SAP ILM RW-Daten aus.\" \/>\n<meta property=\"og:url\" content=\"https:\/\/archivehub.io\/de\/archivehub-archivdatenbericht-und-analyse-fuer-sap-ilm-rw\/\" \/>\n<meta property=\"og:site_name\" content=\"ArchiveHub.io\" \/>\n<meta property=\"article:publisher\" content=\"https:\/\/www.facebook.com\/people\/ArchiveHubio\/100091316926341\/\" \/>\n<meta property=\"article:modified_time\" content=\"2023-04-09T06:42:40+00:00\" \/>\n<meta property=\"og:image\" content=\"https:\/\/archivehub.io\/wp-content\/uploads\/2023\/03\/ilm_rw_analytics2.png\" \/>\n<meta name=\"twitter:card\" content=\"summary_large_image\" \/>\n<meta name=\"twitter:label1\" content=\"Gesch\u00e4tzte Lesezeit\" \/>\n\t<meta name=\"twitter:data1\" content=\"1\u00a0Minute\" \/>\n<script type=\"application\/ld+json\" class=\"yoast-schema-graph\">{\"@context\":\"https:\/\/schema.org\",\"@graph\":[{\"@type\":\"WebPage\",\"@id\":\"https:\/\/archivehub.io\/de\/archivehub-archivdatenbericht-und-analyse-fuer-sap-ilm-rw\/\",\"url\":\"https:\/\/archivehub.io\/de\/archivehub-archivdatenbericht-und-analyse-fuer-sap-ilm-rw\/\",\"name\":\"ArchiveHub Archivdatenbericht und -analyse f\u00fcr SAP ILM RW - ArchiveHub.io\",\"isPartOf\":{\"@id\":\"https:\/\/archivehub.io\/de\/#website\"},\"primaryImageOfPage\":{\"@id\":\"https:\/\/archivehub.io\/de\/archivehub-archivdatenbericht-und-analyse-fuer-sap-ilm-rw\/#primaryimage\"},\"image\":{\"@id\":\"https:\/\/archivehub.io\/de\/archivehub-archivdatenbericht-und-analyse-fuer-sap-ilm-rw\/#primaryimage\"},\"thumbnailUrl\":\"https:\/\/archivehub.io\/wp-content\/uploads\/2023\/03\/ilm_rw_analytics2.png\",\"datePublished\":\"2023-03-26T16:38:05+00:00\",\"dateModified\":\"2023-04-09T06:42:40+00:00\",\"description\":\"H\u00f6hepunkte: F\u00fchren Sie funktionale Berichte \u00fcber archivierte SAP ILM RW-Daten aus. F\u00fchren Sie Analytics-Berichte \u00fcber archivierte SAP ILM RW-Daten aus.\",\"inLanguage\":\"de\",\"potentialAction\":[{\"@type\":\"ReadAction\",\"target\":[\"https:\/\/archivehub.io\/de\/archivehub-archivdatenbericht-und-analyse-fuer-sap-ilm-rw\/\"]}]},{\"@type\":\"ImageObject\",\"inLanguage\":\"de\",\"@id\":\"https:\/\/archivehub.io\/de\/archivehub-archivdatenbericht-und-analyse-fuer-sap-ilm-rw\/#primaryimage\",\"url\":\"https:\/\/archivehub.io\/wp-content\/uploads\/2023\/03\/ilm_rw_analytics2.png\",\"contentUrl\":\"https:\/\/archivehub.io\/wp-content\/uploads\/2023\/03\/ilm_rw_analytics2.png\"},{\"@type\":\"WebSite\",\"@id\":\"https:\/\/archivehub.io\/de\/#website\",\"url\":\"https:\/\/archivehub.io\/de\/\",\"name\":\"ArchiveHub.io\",\"description\":\"SAP Archived Data Reporting Made Easy\",\"publisher\":{\"@id\":\"https:\/\/archivehub.io\/de\/#organization\"},\"potentialAction\":[{\"@type\":\"SearchAction\",\"target\":{\"@type\":\"EntryPoint\",\"urlTemplate\":\"https:\/\/archivehub.io\/de\/?s={search_term_string}\"},\"query-input\":{\"@type\":\"PropertyValueSpecification\",\"valueRequired\":true,\"valueName\":\"search_term_string\"}}],\"inLanguage\":\"de\"},{\"@type\":\"Organization\",\"@id\":\"https:\/\/archivehub.io\/de\/#organization\",\"name\":\"ArchiveHub.io\",\"url\":\"https:\/\/archivehub.io\/de\/\",\"logo\":{\"@type\":\"ImageObject\",\"inLanguage\":\"de\",\"@id\":\"https:\/\/archivehub.io\/de\/#\/schema\/logo\/image\/\",\"url\":\"https:\/\/archivehub.io\/wp-content\/uploads\/2023\/03\/350px.png\",\"contentUrl\":\"https:\/\/archivehub.io\/wp-content\/uploads\/2023\/03\/350px.png\",\"width\":351,\"height\":77,\"caption\":\"ArchiveHub.io\"},\"image\":{\"@id\":\"https:\/\/archivehub.io\/de\/#\/schema\/logo\/image\/\"},\"sameAs\":[\"https:\/\/www.facebook.com\/people\/ArchiveHubio\/100091316926341\/\"]}]}<\/script>\n<!-- \/ Yoast SEO plugin. -->","yoast_head_json":{"title":"ArchiveHub Archivdatenbericht und -analyse f\u00fcr SAP ILM RW - ArchiveHub.io","description":"H\u00f6hepunkte: F\u00fchren Sie funktionale Berichte \u00fcber archivierte SAP ILM RW-Daten aus. F\u00fchren Sie Analytics-Berichte \u00fcber archivierte SAP ILM RW-Daten aus.","robots":{"index":"index","follow":"follow","max-snippet":"max-snippet:-1","max-image-preview":"max-image-preview:large","max-video-preview":"max-video-preview:-1"},"canonical":"https:\/\/archivehub.io\/de\/archivehub-archivdatenbericht-und-analyse-fuer-sap-ilm-rw\/","og_locale":"de_DE","og_type":"article","og_title":"ArchiveHub Archivdatenbericht und -analyse f\u00fcr SAP ILM RW - ArchiveHub.io","og_description":"H\u00f6hepunkte: F\u00fchren Sie funktionale Berichte \u00fcber archivierte SAP ILM RW-Daten aus. F\u00fchren Sie Analytics-Berichte \u00fcber archivierte SAP ILM RW-Daten aus.","og_url":"https:\/\/archivehub.io\/de\/archivehub-archivdatenbericht-und-analyse-fuer-sap-ilm-rw\/","og_site_name":"ArchiveHub.io","article_publisher":"https:\/\/www.facebook.com\/people\/ArchiveHubio\/100091316926341\/","article_modified_time":"2023-04-09T06:42:40+00:00","og_image":[{"url":"https:\/\/archivehub.io\/wp-content\/uploads\/2023\/03\/ilm_rw_analytics2.png","type":"","width":"","height":""}],"twitter_card":"summary_large_image","twitter_misc":{"Gesch\u00e4tzte Lesezeit":"1\u00a0Minute"},"schema":{"@context":"https:\/\/schema.org","@graph":[{"@type":"WebPage","@id":"https:\/\/archivehub.io\/de\/archivehub-archivdatenbericht-und-analyse-fuer-sap-ilm-rw\/","url":"https:\/\/archivehub.io\/de\/archivehub-archivdatenbericht-und-analyse-fuer-sap-ilm-rw\/","name":"ArchiveHub Archivdatenbericht und -analyse f\u00fcr SAP ILM RW - ArchiveHub.io","isPartOf":{"@id":"https:\/\/archivehub.io\/de\/#website"},"primaryImageOfPage":{"@id":"https:\/\/archivehub.io\/de\/archivehub-archivdatenbericht-und-analyse-fuer-sap-ilm-rw\/#primaryimage"},"image":{"@id":"https:\/\/archivehub.io\/de\/archivehub-archivdatenbericht-und-analyse-fuer-sap-ilm-rw\/#primaryimage"},"thumbnailUrl":"https:\/\/archivehub.io\/wp-content\/uploads\/2023\/03\/ilm_rw_analytics2.png","datePublished":"2023-03-26T16:38:05+00:00","dateModified":"2023-04-09T06:42:40+00:00","description":"H\u00f6hepunkte: F\u00fchren Sie funktionale Berichte \u00fcber archivierte SAP ILM RW-Daten aus. F\u00fchren Sie Analytics-Berichte \u00fcber archivierte SAP ILM RW-Daten aus.","inLanguage":"de","potentialAction":[{"@type":"ReadAction","target":["https:\/\/archivehub.io\/de\/archivehub-archivdatenbericht-und-analyse-fuer-sap-ilm-rw\/"]}]},{"@type":"ImageObject","inLanguage":"de","@id":"https:\/\/archivehub.io\/de\/archivehub-archivdatenbericht-und-analyse-fuer-sap-ilm-rw\/#primaryimage","url":"https:\/\/archivehub.io\/wp-content\/uploads\/2023\/03\/ilm_rw_analytics2.png","contentUrl":"https:\/\/archivehub.io\/wp-content\/uploads\/2023\/03\/ilm_rw_analytics2.png"},{"@type":"WebSite","@id":"https:\/\/archivehub.io\/de\/#website","url":"https:\/\/archivehub.io\/de\/","name":"ArchiveHub.io","description":"SAP Archived Data Reporting Made Easy","publisher":{"@id":"https:\/\/archivehub.io\/de\/#organization"},"potentialAction":[{"@type":"SearchAction","target":{"@type":"EntryPoint","urlTemplate":"https:\/\/archivehub.io\/de\/?s={search_term_string}"},"query-input":{"@type":"PropertyValueSpecification","valueRequired":true,"valueName":"search_term_string"}}],"inLanguage":"de"},{"@type":"Organization","@id":"https:\/\/archivehub.io\/de\/#organization","name":"ArchiveHub.io","url":"https:\/\/archivehub.io\/de\/","logo":{"@type":"ImageObject","inLanguage":"de","@id":"https:\/\/archivehub.io\/de\/#\/schema\/logo\/image\/","url":"https:\/\/archivehub.io\/wp-content\/uploads\/2023\/03\/350px.png","contentUrl":"https:\/\/archivehub.io\/wp-content\/uploads\/2023\/03\/350px.png","width":351,"height":77,"caption":"ArchiveHub.io"},"image":{"@id":"https:\/\/archivehub.io\/de\/#\/schema\/logo\/image\/"},"sameAs":["https:\/\/www.facebook.com\/people\/ArchiveHubio\/100091316926341\/"]}]}},"_links":{"self":[{"href":"https:\/\/archivehub.io\/de\/wp-json\/wp\/v2\/pages\/4682","targetHints":{"allow":["GET"]}}],"collection":[{"href":"https:\/\/archivehub.io\/de\/wp-json\/wp\/v2\/pages"}],"about":[{"href":"https:\/\/archivehub.io\/de\/wp-json\/wp\/v2\/types\/page"}],"author":[{"embeddable":true,"href":"https:\/\/archivehub.io\/de\/wp-json\/wp\/v2\/users\/1"}],"replies":[{"embeddable":true,"href":"https:\/\/archivehub.io\/de\/wp-json\/wp\/v2\/comments?post=4682"}],"version-history":[{"count":3,"href":"https:\/\/archivehub.io\/de\/wp-json\/wp\/v2\/pages\/4682\/revisions"}],"predecessor-version":[{"id":4808,"href":"https:\/\/archivehub.io\/de\/wp-json\/wp\/v2\/pages\/4682\/revisions\/4808"}],"wp:attachment":[{"href":"https:\/\/archivehub.io\/de\/wp-json\/wp\/v2\/media?parent=4682"}],"curies":[{"name":"wp","href":"https:\/\/api.w.org\/{rel}","templated":true}]}}