{"id":4669,"date":"2023-03-25T08:07:17","date_gmt":"2023-03-25T08:07:17","guid":{"rendered":"https:\/\/archivehub.io\/sap-datenvolumen-management\/"},"modified":"2023-04-10T20:38:11","modified_gmt":"2023-04-10T20:38:11","slug":"sap-datenvolumen-management","status":"publish","type":"page","link":"https:\/\/archivehub.io\/de\/sap-datenvolumen-management\/","title":{"rendered":"SAP-Datenvolumen-Management"},"content":{"rendered":"\t\t<div data-elementor-type=\"wp-page\" data-elementor-id=\"4669\" class=\"elementor elementor-4669 elementor-2639\">\n\t\t\t\t\t\t<section class=\"elementor-section elementor-top-section elementor-element elementor-element-36d137d elementor-section-boxed elementor-section-height-default elementor-section-height-default\" data-id=\"36d137d\" data-element_type=\"section\">\n\t\t\t\t\t\t<div class=\"elementor-container elementor-column-gap-default\">\n\t\t\t\t\t<div class=\"elementor-column elementor-col-100 elementor-top-column elementor-element elementor-element-edc0a23\" data-id=\"edc0a23\" data-element_type=\"column\">\n\t\t\t<div class=\"elementor-widget-wrap elementor-element-populated\">\n\t\t\t\t\t\t<div class=\"elementor-element elementor-element-f230a0a elementor-widget elementor-widget-image\" data-id=\"f230a0a\" data-element_type=\"widget\" data-widget_type=\"image.default\">\n\t\t\t\t<div class=\"elementor-widget-container\">\n\t\t\t\t\t\t\t\t\t\t\t\t\t\t\t<img fetchpriority=\"high\" decoding=\"async\" width=\"940\" height=\"305\" src=\"https:\/\/archivehub.io\/wp-content\/uploads\/2023\/03\/sap_dvm1-1024x332.png\" class=\"attachment-large size-large wp-image-4636\" alt=\"\" srcset=\"https:\/\/archivehub.io\/wp-content\/uploads\/2023\/03\/sap_dvm1-1024x332.png 1024w, https:\/\/archivehub.io\/wp-content\/uploads\/2023\/03\/sap_dvm1-300x97.png 300w, https:\/\/archivehub.io\/wp-content\/uploads\/2023\/03\/sap_dvm1-768x249.png 768w, https:\/\/archivehub.io\/wp-content\/uploads\/2023\/03\/sap_dvm1.png 1080w\" sizes=\"(max-width: 940px) 100vw, 940px\" \/>\t\t\t\t\t\t\t\t\t\t\t\t\t\t\t<\/div>\n\t\t\t\t<\/div>\n\t\t\t\t\t<\/div>\n\t\t<\/div>\n\t\t\t\t\t<\/div>\n\t\t<\/section>\n\t\t\t\t<section class=\"elementor-section elementor-top-section elementor-element elementor-element-0671fa7 elementor-section-boxed elementor-section-height-default elementor-section-height-default\" data-id=\"0671fa7\" data-element_type=\"section\">\n\t\t\t\t\t\t<div class=\"elementor-container elementor-column-gap-default\">\n\t\t\t\t\t<div class=\"elementor-column elementor-col-100 elementor-top-column elementor-element elementor-element-7ee5245\" data-id=\"7ee5245\" data-element_type=\"column\">\n\t\t\t<div class=\"elementor-widget-wrap elementor-element-populated\">\n\t\t\t\t\t\t<div class=\"elementor-element elementor-element-4dc5d6f elementor-widget elementor-widget-text-editor\" data-id=\"4dc5d6f\" data-element_type=\"widget\" data-widget_type=\"text-editor.default\">\n\t\t\t\t<div class=\"elementor-widget-container\">\n\t\t\t\t\t\t\t\t\t<strong>Zu den wichtigsten Komponenten von SAP Data Volume Management geh\u00f6ren:<\/strong>\n<ul>\n \t<li><strong>Datenanalyse und -\u00fcberwachung:<\/strong> Regelm\u00e4\u00dfige \u00dcberpr\u00fcfung des Datenvolumens und der Wachstumstrends im SAP-System, um Bereiche mit Optimierungsbedarf zu ermitteln, z. B. Datenarchivierung, -l\u00f6schung oder -komprimierung.<\/li>\n \t<br><li><strong>Datenarchivierung:<\/strong> Implementierung von Archivierungsstrategien, um historische Daten oder Daten, auf die nur selten zugegriffen wird, in Nearline- oder Offline-Speichersysteme zu verschieben und gleichzeitig den Zugriff f\u00fcr Berichts- oder Pr\u00fcfungszwecke aufrechtzuerhalten.<\/li>\n \t<br><li><strong>Datenkomprimierung:<\/strong> Anwendung von Komprimierungstechniken, um die Gr\u00f6\u00dfe der gespeicherten Daten zu reduzieren, die Speichernutzung zu optimieren und die Systemleistung zu verbessern.<\/li>\n \t<br><li><strong>L\u00f6schung von Daten:<\/strong> Identifizierung und sichere L\u00f6schung von Daten, die nicht mehr ben\u00f6tigt werden oder deren Aufbewahrungsfrist \u00fcberschritten ist, in \u00dcbereinstimmung mit rechtlichen und regulatorischen Anforderungen.<\/li>\n \t<br><li><strong>Verwaltung der Datenaufbewahrung:<\/strong> Festlegung und Durchsetzung von Richtlinien zur Datenaufbewahrung, um sicherzustellen, dass Daten nur so lange wie n\u00f6tig und in \u00dcbereinstimmung mit gesetzlichen, beh\u00f6rdlichen und gesch\u00e4ftlichen Anforderungen gespeichert werden.<\/li>\n \t<br><li><strong>Optimierung der Datenspeicherung:<\/strong> Implementierung effizienter Speicherl\u00f6sungen, wie z. B. Tiered Storage oder Datendeduplizierung, um die Speichernutzung zu optimieren und Kosten zu senken.<\/li>\n \t<br><li><strong>Prozess-Optimierung:<\/strong> \u00dcberpr\u00fcfung und Optimierung von SAP-Prozessen und -Konfigurationen zur Minimierung der Datenerstellung und des Datenwachstums, z. B. durch Reduzierung der Datenredundanz und Optimierung der Datenladeprozesse.<\/li>\n \t<br><li><strong>Regelm\u00e4\u00dfige Berichterstattung:<\/strong> Erstellung regelm\u00e4\u00dfiger Berichte \u00fcber Datenvolumen, Wachstumstrends und Optimierungsbem\u00fchungen zur Unterst\u00fctzung einer fundierten Entscheidungsfindung und kontinuierlichen Verbesserung.<\/li>\n<\/ul>\nDie Implementierung einer effektiven SAP Data Volume Management-Strategie erfordert eine Kombination aus technischem Fachwissen, betriebswirtschaftlichen Kenntnissen und einem tiefen Verst\u00e4ndnis der SAP-Systeme. Es handelt sich um einen fortlaufenden Prozess, der eine regelm\u00e4\u00dfige \u00dcberwachung, Analyse und Anpassung umfasst, um eine optimale Systemleistung, Kosteneffizienz und die Einhaltung der Anforderungen an die Datenaufbewahrung zu gew\u00e4hrleisten. ArchiveHub ist Ihr strategischer Partner, der Sie bei SAP DVM unterst\u00fctzt.\t\t\t\t\t\t\t\t<\/div>\n\t\t\t\t<\/div>\n\t\t\t\t\t<\/div>\n\t\t<\/div>\n\t\t\t\t\t<\/div>\n\t\t<\/section>\n\t\t\t\t<\/div>\n\t\t","protected":false},"excerpt":{"rendered":"<p>Zu den wichtigsten Komponenten von SAP Data Volume Management geh\u00f6ren: Datenanalyse und -\u00fcberwachung: Regelm\u00e4\u00dfige \u00dcberpr\u00fcfung des Datenvolumens und der Wachstumstrends im SAP-System, um Bereiche mit Optimierungsbedarf zu ermitteln, z. B. Datenarchivierung, -l\u00f6schung oder -komprimierung. Datenarchivierung: Implementierung von Archivierungsstrategien, um historische Daten oder Daten, auf die nur selten zugegriffen wird, in Nearline- oder Offline-Speichersysteme zu verschieben [&hellip;]<\/p>\n","protected":false},"author":1,"featured_media":0,"parent":0,"menu_order":0,"comment_status":"closed","ping_status":"closed","template":"","meta":{"om_disable_all_campaigns":false,"_monsterinsights_skip_tracking":false,"_monsterinsights_sitenote_active":false,"_monsterinsights_sitenote_note":"","_monsterinsights_sitenote_category":0,"footnotes":""},"class_list":["post-4669","page","type-page","status-publish","hentry"],"aioseo_notices":[],"yoast_head":"<!-- This site is optimized with the Yoast SEO plugin v25.0 - https:\/\/yoast.com\/wordpress\/plugins\/seo\/ -->\n<title>SAP-Datenvolumen-Management - ArchiveHub.io<\/title>\n<meta name=\"description\" content=\"SAP Data Volume Management (DVM) ist ein umfassender Ansatz zur Verwaltung des Wachstums und der Speicherung von Daten in einer SAP-Umgebung. Sie umfasst die \u00dcberwachung, Analyse und Optimierung des Daten-Footprints in SAP-Systemen, um die Leistung zu verbessern, die Speicherkosten zu senken und die Einhaltung der Datenaufbewahrungsrichtlinien zu gew\u00e4hrleisten. Ziel des DVM ist es, ein Gleichgewicht zwischen dem Bedarf an Datenzug\u00e4nglichkeit und der effizienten Nutzung von Ressourcen herzustellen.\" \/>\n<meta name=\"robots\" content=\"index, follow, max-snippet:-1, max-image-preview:large, max-video-preview:-1\" \/>\n<link rel=\"canonical\" href=\"https:\/\/archivehub.io\/de\/sap-datenvolumen-management\/\" \/>\n<meta property=\"og:locale\" content=\"de_DE\" \/>\n<meta property=\"og:type\" content=\"article\" \/>\n<meta property=\"og:title\" content=\"SAP-Datenvolumen-Management - ArchiveHub.io\" \/>\n<meta property=\"og:description\" content=\"SAP Data Volume Management (DVM) ist ein umfassender Ansatz zur Verwaltung des Wachstums und der Speicherung von Daten in einer SAP-Umgebung. Sie umfasst die \u00dcberwachung, Analyse und Optimierung des Daten-Footprints in SAP-Systemen, um die Leistung zu verbessern, die Speicherkosten zu senken und die Einhaltung der Datenaufbewahrungsrichtlinien zu gew\u00e4hrleisten. Ziel des DVM ist es, ein Gleichgewicht zwischen dem Bedarf an Datenzug\u00e4nglichkeit und der effizienten Nutzung von Ressourcen herzustellen.\" \/>\n<meta property=\"og:url\" content=\"https:\/\/archivehub.io\/de\/sap-datenvolumen-management\/\" \/>\n<meta property=\"og:site_name\" content=\"ArchiveHub.io\" \/>\n<meta property=\"article:publisher\" content=\"https:\/\/www.facebook.com\/people\/ArchiveHubio\/100091316926341\/\" \/>\n<meta property=\"article:modified_time\" content=\"2023-04-10T20:38:11+00:00\" \/>\n<meta property=\"og:image\" content=\"https:\/\/archivehub.io\/wp-content\/uploads\/2023\/03\/sap_dvm1-1024x332.png\" \/>\n<meta name=\"twitter:card\" content=\"summary_large_image\" \/>\n<meta name=\"twitter:label1\" content=\"Gesch\u00e4tzte Lesezeit\" \/>\n\t<meta name=\"twitter:data1\" content=\"2\u00a0Minuten\" \/>\n<script type=\"application\/ld+json\" class=\"yoast-schema-graph\">{\"@context\":\"https:\/\/schema.org\",\"@graph\":[{\"@type\":\"WebPage\",\"@id\":\"https:\/\/archivehub.io\/de\/sap-datenvolumen-management\/\",\"url\":\"https:\/\/archivehub.io\/de\/sap-datenvolumen-management\/\",\"name\":\"SAP-Datenvolumen-Management - ArchiveHub.io\",\"isPartOf\":{\"@id\":\"https:\/\/archivehub.io\/de\/#website\"},\"primaryImageOfPage\":{\"@id\":\"https:\/\/archivehub.io\/de\/sap-datenvolumen-management\/#primaryimage\"},\"image\":{\"@id\":\"https:\/\/archivehub.io\/de\/sap-datenvolumen-management\/#primaryimage\"},\"thumbnailUrl\":\"https:\/\/archivehub.io\/wp-content\/uploads\/2023\/03\/sap_dvm1-1024x332.png\",\"datePublished\":\"2023-03-25T08:07:17+00:00\",\"dateModified\":\"2023-04-10T20:38:11+00:00\",\"description\":\"SAP Data Volume Management (DVM) ist ein umfassender Ansatz zur Verwaltung des Wachstums und der Speicherung von Daten in einer SAP-Umgebung. Sie umfasst die \u00dcberwachung, Analyse und Optimierung des Daten-Footprints in SAP-Systemen, um die Leistung zu verbessern, die Speicherkosten zu senken und die Einhaltung der Datenaufbewahrungsrichtlinien zu gew\u00e4hrleisten. Ziel des DVM ist es, ein Gleichgewicht zwischen dem Bedarf an Datenzug\u00e4nglichkeit und der effizienten Nutzung von Ressourcen herzustellen.\",\"inLanguage\":\"de\",\"potentialAction\":[{\"@type\":\"ReadAction\",\"target\":[\"https:\/\/archivehub.io\/de\/sap-datenvolumen-management\/\"]}]},{\"@type\":\"ImageObject\",\"inLanguage\":\"de\",\"@id\":\"https:\/\/archivehub.io\/de\/sap-datenvolumen-management\/#primaryimage\",\"url\":\"https:\/\/archivehub.io\/wp-content\/uploads\/2023\/03\/sap_dvm1-1024x332.png\",\"contentUrl\":\"https:\/\/archivehub.io\/wp-content\/uploads\/2023\/03\/sap_dvm1-1024x332.png\"},{\"@type\":\"WebSite\",\"@id\":\"https:\/\/archivehub.io\/de\/#website\",\"url\":\"https:\/\/archivehub.io\/de\/\",\"name\":\"ArchiveHub.io\",\"description\":\"SAP Archived Data Reporting Made Easy\",\"publisher\":{\"@id\":\"https:\/\/archivehub.io\/de\/#organization\"},\"potentialAction\":[{\"@type\":\"SearchAction\",\"target\":{\"@type\":\"EntryPoint\",\"urlTemplate\":\"https:\/\/archivehub.io\/de\/?s={search_term_string}\"},\"query-input\":{\"@type\":\"PropertyValueSpecification\",\"valueRequired\":true,\"valueName\":\"search_term_string\"}}],\"inLanguage\":\"de\"},{\"@type\":\"Organization\",\"@id\":\"https:\/\/archivehub.io\/de\/#organization\",\"name\":\"ArchiveHub.io\",\"url\":\"https:\/\/archivehub.io\/de\/\",\"logo\":{\"@type\":\"ImageObject\",\"inLanguage\":\"de\",\"@id\":\"https:\/\/archivehub.io\/de\/#\/schema\/logo\/image\/\",\"url\":\"https:\/\/archivehub.io\/wp-content\/uploads\/2023\/03\/350px.png\",\"contentUrl\":\"https:\/\/archivehub.io\/wp-content\/uploads\/2023\/03\/350px.png\",\"width\":351,\"height\":77,\"caption\":\"ArchiveHub.io\"},\"image\":{\"@id\":\"https:\/\/archivehub.io\/de\/#\/schema\/logo\/image\/\"},\"sameAs\":[\"https:\/\/www.facebook.com\/people\/ArchiveHubio\/100091316926341\/\"]}]}<\/script>\n<!-- \/ Yoast SEO plugin. -->","yoast_head_json":{"title":"SAP-Datenvolumen-Management - ArchiveHub.io","description":"SAP Data Volume Management (DVM) ist ein umfassender Ansatz zur Verwaltung des Wachstums und der Speicherung von Daten in einer SAP-Umgebung. Sie umfasst die \u00dcberwachung, Analyse und Optimierung des Daten-Footprints in SAP-Systemen, um die Leistung zu verbessern, die Speicherkosten zu senken und die Einhaltung der Datenaufbewahrungsrichtlinien zu gew\u00e4hrleisten. Ziel des DVM ist es, ein Gleichgewicht zwischen dem Bedarf an Datenzug\u00e4nglichkeit und der effizienten Nutzung von Ressourcen herzustellen.","robots":{"index":"index","follow":"follow","max-snippet":"max-snippet:-1","max-image-preview":"max-image-preview:large","max-video-preview":"max-video-preview:-1"},"canonical":"https:\/\/archivehub.io\/de\/sap-datenvolumen-management\/","og_locale":"de_DE","og_type":"article","og_title":"SAP-Datenvolumen-Management - ArchiveHub.io","og_description":"SAP Data Volume Management (DVM) ist ein umfassender Ansatz zur Verwaltung des Wachstums und der Speicherung von Daten in einer SAP-Umgebung. Sie umfasst die \u00dcberwachung, Analyse und Optimierung des Daten-Footprints in SAP-Systemen, um die Leistung zu verbessern, die Speicherkosten zu senken und die Einhaltung der Datenaufbewahrungsrichtlinien zu gew\u00e4hrleisten. Ziel des DVM ist es, ein Gleichgewicht zwischen dem Bedarf an Datenzug\u00e4nglichkeit und der effizienten Nutzung von Ressourcen herzustellen.","og_url":"https:\/\/archivehub.io\/de\/sap-datenvolumen-management\/","og_site_name":"ArchiveHub.io","article_publisher":"https:\/\/www.facebook.com\/people\/ArchiveHubio\/100091316926341\/","article_modified_time":"2023-04-10T20:38:11+00:00","og_image":[{"url":"https:\/\/archivehub.io\/wp-content\/uploads\/2023\/03\/sap_dvm1-1024x332.png","type":"","width":"","height":""}],"twitter_card":"summary_large_image","twitter_misc":{"Gesch\u00e4tzte Lesezeit":"2\u00a0Minuten"},"schema":{"@context":"https:\/\/schema.org","@graph":[{"@type":"WebPage","@id":"https:\/\/archivehub.io\/de\/sap-datenvolumen-management\/","url":"https:\/\/archivehub.io\/de\/sap-datenvolumen-management\/","name":"SAP-Datenvolumen-Management - ArchiveHub.io","isPartOf":{"@id":"https:\/\/archivehub.io\/de\/#website"},"primaryImageOfPage":{"@id":"https:\/\/archivehub.io\/de\/sap-datenvolumen-management\/#primaryimage"},"image":{"@id":"https:\/\/archivehub.io\/de\/sap-datenvolumen-management\/#primaryimage"},"thumbnailUrl":"https:\/\/archivehub.io\/wp-content\/uploads\/2023\/03\/sap_dvm1-1024x332.png","datePublished":"2023-03-25T08:07:17+00:00","dateModified":"2023-04-10T20:38:11+00:00","description":"SAP Data Volume Management (DVM) ist ein umfassender Ansatz zur Verwaltung des Wachstums und der Speicherung von Daten in einer SAP-Umgebung. Sie umfasst die \u00dcberwachung, Analyse und Optimierung des Daten-Footprints in SAP-Systemen, um die Leistung zu verbessern, die Speicherkosten zu senken und die Einhaltung der Datenaufbewahrungsrichtlinien zu gew\u00e4hrleisten. Ziel des DVM ist es, ein Gleichgewicht zwischen dem Bedarf an Datenzug\u00e4nglichkeit und der effizienten Nutzung von Ressourcen herzustellen.","inLanguage":"de","potentialAction":[{"@type":"ReadAction","target":["https:\/\/archivehub.io\/de\/sap-datenvolumen-management\/"]}]},{"@type":"ImageObject","inLanguage":"de","@id":"https:\/\/archivehub.io\/de\/sap-datenvolumen-management\/#primaryimage","url":"https:\/\/archivehub.io\/wp-content\/uploads\/2023\/03\/sap_dvm1-1024x332.png","contentUrl":"https:\/\/archivehub.io\/wp-content\/uploads\/2023\/03\/sap_dvm1-1024x332.png"},{"@type":"WebSite","@id":"https:\/\/archivehub.io\/de\/#website","url":"https:\/\/archivehub.io\/de\/","name":"ArchiveHub.io","description":"SAP Archived Data Reporting Made Easy","publisher":{"@id":"https:\/\/archivehub.io\/de\/#organization"},"potentialAction":[{"@type":"SearchAction","target":{"@type":"EntryPoint","urlTemplate":"https:\/\/archivehub.io\/de\/?s={search_term_string}"},"query-input":{"@type":"PropertyValueSpecification","valueRequired":true,"valueName":"search_term_string"}}],"inLanguage":"de"},{"@type":"Organization","@id":"https:\/\/archivehub.io\/de\/#organization","name":"ArchiveHub.io","url":"https:\/\/archivehub.io\/de\/","logo":{"@type":"ImageObject","inLanguage":"de","@id":"https:\/\/archivehub.io\/de\/#\/schema\/logo\/image\/","url":"https:\/\/archivehub.io\/wp-content\/uploads\/2023\/03\/350px.png","contentUrl":"https:\/\/archivehub.io\/wp-content\/uploads\/2023\/03\/350px.png","width":351,"height":77,"caption":"ArchiveHub.io"},"image":{"@id":"https:\/\/archivehub.io\/de\/#\/schema\/logo\/image\/"},"sameAs":["https:\/\/www.facebook.com\/people\/ArchiveHubio\/100091316926341\/"]}]}},"_links":{"self":[{"href":"https:\/\/archivehub.io\/de\/wp-json\/wp\/v2\/pages\/4669","targetHints":{"allow":["GET"]}}],"collection":[{"href":"https:\/\/archivehub.io\/de\/wp-json\/wp\/v2\/pages"}],"about":[{"href":"https:\/\/archivehub.io\/de\/wp-json\/wp\/v2\/types\/page"}],"author":[{"embeddable":true,"href":"https:\/\/archivehub.io\/de\/wp-json\/wp\/v2\/users\/1"}],"replies":[{"embeddable":true,"href":"https:\/\/archivehub.io\/de\/wp-json\/wp\/v2\/comments?post=4669"}],"version-history":[{"count":9,"href":"https:\/\/archivehub.io\/de\/wp-json\/wp\/v2\/pages\/4669\/revisions"}],"predecessor-version":[{"id":5509,"href":"https:\/\/archivehub.io\/de\/wp-json\/wp\/v2\/pages\/4669\/revisions\/5509"}],"wp:attachment":[{"href":"https:\/\/archivehub.io\/de\/wp-json\/wp\/v2\/media?parent=4669"}],"curies":[{"name":"wp","href":"https:\/\/api.w.org\/{rel}","templated":true}]}}