{"id":4668,"date":"2023-03-25T08:06:50","date_gmt":"2023-03-25T08:06:50","guid":{"rendered":"https:\/\/archivehub.io\/sap-content-repository-migration\/"},"modified":"2023-04-10T20:20:57","modified_gmt":"2023-04-10T20:20:57","slug":"sap-content-repository-migration","status":"publish","type":"page","link":"https:\/\/archivehub.io\/de\/sap-content-repository-migration\/","title":{"rendered":"SAP Content Repository-Migration"},"content":{"rendered":"\t\t<div data-elementor-type=\"wp-page\" data-elementor-id=\"4668\" class=\"elementor elementor-4668 elementor-2637\">\n\t\t\t\t\t\t<section class=\"elementor-section elementor-top-section elementor-element elementor-element-2453efa elementor-section-boxed elementor-section-height-default elementor-section-height-default\" data-id=\"2453efa\" data-element_type=\"section\">\n\t\t\t\t\t\t<div class=\"elementor-container elementor-column-gap-default\">\n\t\t\t\t\t<div class=\"elementor-column elementor-col-100 elementor-top-column elementor-element elementor-element-66c9e3e\" data-id=\"66c9e3e\" data-element_type=\"column\">\n\t\t\t<div class=\"elementor-widget-wrap elementor-element-populated\">\n\t\t\t\t\t\t<div class=\"elementor-element elementor-element-c51705a elementor-widget elementor-widget-image\" data-id=\"c51705a\" data-element_type=\"widget\" data-widget_type=\"image.default\">\n\t\t\t\t<div class=\"elementor-widget-container\">\n\t\t\t\t\t\t\t\t\t\t\t\t\t\t\t<img fetchpriority=\"high\" decoding=\"async\" width=\"940\" height=\"305\" src=\"https:\/\/archivehub.io\/wp-content\/uploads\/2023\/03\/content_repository_migration-1024x332.png\" class=\"attachment-large size-large wp-image-4631\" alt=\"\" srcset=\"https:\/\/archivehub.io\/wp-content\/uploads\/2023\/03\/content_repository_migration-1024x332.png 1024w, https:\/\/archivehub.io\/wp-content\/uploads\/2023\/03\/content_repository_migration-300x97.png 300w, https:\/\/archivehub.io\/wp-content\/uploads\/2023\/03\/content_repository_migration-768x249.png 768w, https:\/\/archivehub.io\/wp-content\/uploads\/2023\/03\/content_repository_migration.png 1080w\" sizes=\"(max-width: 940px) 100vw, 940px\" \/>\t\t\t\t\t\t\t\t\t\t\t\t\t\t\t<\/div>\n\t\t\t\t<\/div>\n\t\t\t\t\t<\/div>\n\t\t<\/div>\n\t\t\t\t\t<\/div>\n\t\t<\/section>\n\t\t\t\t<section class=\"elementor-section elementor-top-section elementor-element elementor-element-4c6f196 elementor-section-boxed elementor-section-height-default elementor-section-height-default\" data-id=\"4c6f196\" data-element_type=\"section\">\n\t\t\t\t\t\t<div class=\"elementor-container elementor-column-gap-default\">\n\t\t\t\t\t<div class=\"elementor-column elementor-col-100 elementor-top-column elementor-element elementor-element-a7dee2d\" data-id=\"a7dee2d\" data-element_type=\"column\">\n\t\t\t<div class=\"elementor-widget-wrap elementor-element-populated\">\n\t\t\t\t\t\t<div class=\"elementor-element elementor-element-28a65e9 elementor-widget elementor-widget-heading\" data-id=\"28a65e9\" data-element_type=\"widget\" data-widget_type=\"heading.default\">\n\t\t\t\t<div class=\"elementor-widget-container\">\n\t\t\t\t\t<h2 class=\"elementor-heading-title elementor-size-default\">Es gibt mehrere Gr\u00fcnde, warum ein Unternehmen eine Migration des Content Repository durchf\u00fchren muss<\/h2>\t\t\t\t<\/div>\n\t\t\t\t<\/div>\n\t\t\t\t\t<\/div>\n\t\t<\/div>\n\t\t\t\t\t<\/div>\n\t\t<\/section>\n\t\t\t\t<section class=\"elementor-section elementor-top-section elementor-element elementor-element-d3e63bc elementor-section-boxed elementor-section-height-default elementor-section-height-default\" data-id=\"d3e63bc\" data-element_type=\"section\">\n\t\t\t\t\t\t<div class=\"elementor-container elementor-column-gap-default\">\n\t\t\t\t\t<div class=\"elementor-column elementor-col-100 elementor-top-column elementor-element elementor-element-e45ee42\" data-id=\"e45ee42\" data-element_type=\"column\">\n\t\t\t<div class=\"elementor-widget-wrap elementor-element-populated\">\n\t\t\t\t\t\t<div class=\"elementor-element elementor-element-aaa7d3f elementor-widget elementor-widget-text-editor\" data-id=\"aaa7d3f\" data-element_type=\"widget\" data-widget_type=\"text-editor.default\">\n\t\t\t\t<div class=\"elementor-widget-container\">\n\t\t\t\t\t\t\t\t\t<ul>\n \t<li><strong>\u00c4nderungen der Infrastruktur:<\/strong> Die Aufr\u00fcstung oder der Austausch von Speichersystemen kann die Migration von Daten von einem alten zu einem neuen Inhaltsspeicher erfordern.<\/li>\n \t<br><li><strong>Optimierung der Leistung:<\/strong> Die Migration von Daten auf eine effizientere oder leistungsst\u00e4rkere Speicherl\u00f6sung kann zur Verbesserung der Gesamtsystemleistung beitragen.<\/li>\n \t<br><li><strong>Datenkonsolidierung:<\/strong> Unternehmen m\u00f6chten m\u00f6glicherweise Daten aus mehreren Content-Repositories in einem einzigen Repository konsolidieren, um die Verwaltung und den Zugriff zu erleichtern.<\/li>\n \t<br><li><strong>Compliance- und Regulierungsanforderungen:<\/strong> Es kann sein, dass Daten auf ein anderes Speichersystem migriert werden m\u00fcssen, um bestimmte gesetzliche, regulatorische oder interne Anforderungen zu erf\u00fcllen.<\/li>\n<\/ul>\n<strong>Um eine SAP Content Repository Migration durchzuf\u00fchren, gehen wir in der Regel folgenderma\u00dfen vor:<\/strong>\n<ul>\n \t<li><strong>Analysieren und planen:<\/strong> Identifizieren Sie die zu migrierenden Daten und Dokumente, \u00fcberpr\u00fcfen Sie die Quell- und Ziel-Content-Repositories und entwickeln Sie einen Migrationsplan.<\/li>\n \t<br><li><strong>Bereiten Sie das Ziel-Content-Repository vor:<\/strong> Richten Sie das Ziel-Repository entsprechend der erforderlichen Speichertechnologie und -konfiguration ein und stellen Sie die Kompatibilit\u00e4t mit SAP-Anwendungen und -Prozessen sicher.<\/li>\n \t<br><li><strong>F\u00fchren Sie die Migration durch:<\/strong> Verwenden Sie SAP-Werkzeuge oder benutzerdefinierte Programme, um Daten und Dokumente aus dem Quell-Repository in das Ziel-Repository zu \u00fcbertragen. Dies kann bedeuten, dass die Daten aus dem Quell-Repository exportiert, gegebenenfalls transformiert und in das Ziel-Repository importiert werden.<\/li>\n \t<br><li><strong>Verifizierung und Validierung:<\/strong> \u00dcberpr\u00fcfung der Integrit\u00e4t und Konsistenz der migrierten Daten, um sicherzustellen, dass alle Dokumente und Metadaten korrekt \u00fcbertragen wurden und im Ziel-Repository zug\u00e4nglich sind.<\/li>\n \t<br><li><strong>Aktualisierung von Konfigurationen und Prozessen:<\/strong> Aktualisieren Sie SAP-Anwendungen, Konfigurationen und Prozesse, um das neue Content Repository zu nutzen und einen nahtlosen Zugriff auf die migrierten Daten zu gew\u00e4hrleisten.<\/li>\n<\/ul>\nDie Durchf\u00fchrung einer SAP Content Repository Migration erfordert eine sorgf\u00e4ltige Planung, Ausf\u00fchrung und Pr\u00fcfung, um einen erfolgreichen und m\u00f6glichst st\u00f6rungsfreien \u00dcbergang zu gew\u00e4hrleisten. Unternehmen sollten die Zusammenarbeit mit erfahrenen SAP-Beratern oder Fachleuten in Betracht ziehen, um den Migrationsprozess zu unterst\u00fctzen. ArchiveHub verf\u00fcgt \u00fcber gro\u00dfe Erfahrung in diesem Migrationsprozess, um Ihnen zu helfen.\t\t\t\t\t\t\t\t<\/div>\n\t\t\t\t<\/div>\n\t\t\t\t\t<\/div>\n\t\t<\/div>\n\t\t\t\t\t<\/div>\n\t\t<\/section>\n\t\t\t\t<\/div>\n\t\t","protected":false},"excerpt":{"rendered":"<p>Es gibt mehrere Gr\u00fcnde, warum ein Unternehmen eine Migration des Content Repository durchf\u00fchren muss \u00c4nderungen der Infrastruktur: Die Aufr\u00fcstung oder der Austausch von Speichersystemen kann die Migration von Daten von einem alten zu einem neuen Inhaltsspeicher erfordern. Optimierung der Leistung: Die Migration von Daten auf eine effizientere oder leistungsst\u00e4rkere Speicherl\u00f6sung kann zur Verbesserung der Gesamtsystemleistung [&hellip;]<\/p>\n","protected":false},"author":1,"featured_media":0,"parent":0,"menu_order":0,"comment_status":"closed","ping_status":"closed","template":"","meta":{"om_disable_all_campaigns":false,"_monsterinsights_skip_tracking":false,"_monsterinsights_sitenote_active":false,"_monsterinsights_sitenote_note":"","_monsterinsights_sitenote_category":0,"footnotes":""},"class_list":["post-4668","page","type-page","status-publish","hentry"],"aioseo_notices":[],"yoast_head":"<!-- This site is optimized with the Yoast SEO plugin v25.0 - https:\/\/yoast.com\/wordpress\/plugins\/seo\/ -->\n<title>SAP Content Repository-Migration - ArchiveHub.io<\/title>\n<meta name=\"description\" content=\"SAP Content Repository Migration bezieht sich auf den Prozess der \u00dcbertragung von Daten und Dokumenten von einem Content Repository in ein anderes innerhalb einer SAP-Umgebung. Ein Content Repository ist ein Speichersystem, das zur Verwaltung unstrukturierter Daten wie Dokumente, Bilder und Multimediadateien innerhalb von SAP-Anwendungen verwendet wird. Diese Repositories k\u00f6nnen auf verschiedenen Speichertechnologien basieren, darunter Dateisysteme, Datenbanken oder Speicherl\u00f6sungen von Drittanbietern.\" \/>\n<meta name=\"robots\" content=\"index, follow, max-snippet:-1, max-image-preview:large, max-video-preview:-1\" \/>\n<link rel=\"canonical\" href=\"https:\/\/archivehub.io\/de\/sap-content-repository-migration\/\" \/>\n<meta property=\"og:locale\" content=\"de_DE\" \/>\n<meta property=\"og:type\" content=\"article\" \/>\n<meta property=\"og:title\" content=\"SAP Content Repository-Migration - ArchiveHub.io\" \/>\n<meta property=\"og:description\" content=\"SAP Content Repository Migration bezieht sich auf den Prozess der \u00dcbertragung von Daten und Dokumenten von einem Content Repository in ein anderes innerhalb einer SAP-Umgebung. Ein Content Repository ist ein Speichersystem, das zur Verwaltung unstrukturierter Daten wie Dokumente, Bilder und Multimediadateien innerhalb von SAP-Anwendungen verwendet wird. Diese Repositories k\u00f6nnen auf verschiedenen Speichertechnologien basieren, darunter Dateisysteme, Datenbanken oder Speicherl\u00f6sungen von Drittanbietern.\" \/>\n<meta property=\"og:url\" content=\"https:\/\/archivehub.io\/de\/sap-content-repository-migration\/\" \/>\n<meta property=\"og:site_name\" content=\"ArchiveHub.io\" \/>\n<meta property=\"article:publisher\" content=\"https:\/\/www.facebook.com\/people\/ArchiveHubio\/100091316926341\/\" \/>\n<meta property=\"article:modified_time\" content=\"2023-04-10T20:20:57+00:00\" \/>\n<meta property=\"og:image\" content=\"https:\/\/archivehub.io\/wp-content\/uploads\/2023\/03\/content_repository_migration-1024x332.png\" \/>\n<meta name=\"twitter:card\" content=\"summary_large_image\" \/>\n<meta name=\"twitter:label1\" content=\"Gesch\u00e4tzte Lesezeit\" \/>\n\t<meta name=\"twitter:data1\" content=\"2\u00a0Minuten\" \/>\n<script type=\"application\/ld+json\" class=\"yoast-schema-graph\">{\"@context\":\"https:\/\/schema.org\",\"@graph\":[{\"@type\":\"WebPage\",\"@id\":\"https:\/\/archivehub.io\/de\/sap-content-repository-migration\/\",\"url\":\"https:\/\/archivehub.io\/de\/sap-content-repository-migration\/\",\"name\":\"SAP Content Repository-Migration - ArchiveHub.io\",\"isPartOf\":{\"@id\":\"https:\/\/archivehub.io\/de\/#website\"},\"primaryImageOfPage\":{\"@id\":\"https:\/\/archivehub.io\/de\/sap-content-repository-migration\/#primaryimage\"},\"image\":{\"@id\":\"https:\/\/archivehub.io\/de\/sap-content-repository-migration\/#primaryimage\"},\"thumbnailUrl\":\"https:\/\/archivehub.io\/wp-content\/uploads\/2023\/03\/content_repository_migration-1024x332.png\",\"datePublished\":\"2023-03-25T08:06:50+00:00\",\"dateModified\":\"2023-04-10T20:20:57+00:00\",\"description\":\"SAP Content Repository Migration bezieht sich auf den Prozess der \u00dcbertragung von Daten und Dokumenten von einem Content Repository in ein anderes innerhalb einer SAP-Umgebung. Ein Content Repository ist ein Speichersystem, das zur Verwaltung unstrukturierter Daten wie Dokumente, Bilder und Multimediadateien innerhalb von SAP-Anwendungen verwendet wird. Diese Repositories k\u00f6nnen auf verschiedenen Speichertechnologien basieren, darunter Dateisysteme, Datenbanken oder Speicherl\u00f6sungen von Drittanbietern.\",\"inLanguage\":\"de\",\"potentialAction\":[{\"@type\":\"ReadAction\",\"target\":[\"https:\/\/archivehub.io\/de\/sap-content-repository-migration\/\"]}]},{\"@type\":\"ImageObject\",\"inLanguage\":\"de\",\"@id\":\"https:\/\/archivehub.io\/de\/sap-content-repository-migration\/#primaryimage\",\"url\":\"https:\/\/archivehub.io\/wp-content\/uploads\/2023\/03\/content_repository_migration-1024x332.png\",\"contentUrl\":\"https:\/\/archivehub.io\/wp-content\/uploads\/2023\/03\/content_repository_migration-1024x332.png\"},{\"@type\":\"WebSite\",\"@id\":\"https:\/\/archivehub.io\/de\/#website\",\"url\":\"https:\/\/archivehub.io\/de\/\",\"name\":\"ArchiveHub.io\",\"description\":\"SAP Archived Data Reporting Made Easy\",\"publisher\":{\"@id\":\"https:\/\/archivehub.io\/de\/#organization\"},\"potentialAction\":[{\"@type\":\"SearchAction\",\"target\":{\"@type\":\"EntryPoint\",\"urlTemplate\":\"https:\/\/archivehub.io\/de\/?s={search_term_string}\"},\"query-input\":{\"@type\":\"PropertyValueSpecification\",\"valueRequired\":true,\"valueName\":\"search_term_string\"}}],\"inLanguage\":\"de\"},{\"@type\":\"Organization\",\"@id\":\"https:\/\/archivehub.io\/de\/#organization\",\"name\":\"ArchiveHub.io\",\"url\":\"https:\/\/archivehub.io\/de\/\",\"logo\":{\"@type\":\"ImageObject\",\"inLanguage\":\"de\",\"@id\":\"https:\/\/archivehub.io\/de\/#\/schema\/logo\/image\/\",\"url\":\"https:\/\/archivehub.io\/wp-content\/uploads\/2023\/03\/350px.png\",\"contentUrl\":\"https:\/\/archivehub.io\/wp-content\/uploads\/2023\/03\/350px.png\",\"width\":351,\"height\":77,\"caption\":\"ArchiveHub.io\"},\"image\":{\"@id\":\"https:\/\/archivehub.io\/de\/#\/schema\/logo\/image\/\"},\"sameAs\":[\"https:\/\/www.facebook.com\/people\/ArchiveHubio\/100091316926341\/\"]}]}<\/script>\n<!-- \/ Yoast SEO plugin. -->","yoast_head_json":{"title":"SAP Content Repository-Migration - ArchiveHub.io","description":"SAP Content Repository Migration bezieht sich auf den Prozess der \u00dcbertragung von Daten und Dokumenten von einem Content Repository in ein anderes innerhalb einer SAP-Umgebung. Ein Content Repository ist ein Speichersystem, das zur Verwaltung unstrukturierter Daten wie Dokumente, Bilder und Multimediadateien innerhalb von SAP-Anwendungen verwendet wird. Diese Repositories k\u00f6nnen auf verschiedenen Speichertechnologien basieren, darunter Dateisysteme, Datenbanken oder Speicherl\u00f6sungen von Drittanbietern.","robots":{"index":"index","follow":"follow","max-snippet":"max-snippet:-1","max-image-preview":"max-image-preview:large","max-video-preview":"max-video-preview:-1"},"canonical":"https:\/\/archivehub.io\/de\/sap-content-repository-migration\/","og_locale":"de_DE","og_type":"article","og_title":"SAP Content Repository-Migration - ArchiveHub.io","og_description":"SAP Content Repository Migration bezieht sich auf den Prozess der \u00dcbertragung von Daten und Dokumenten von einem Content Repository in ein anderes innerhalb einer SAP-Umgebung. Ein Content Repository ist ein Speichersystem, das zur Verwaltung unstrukturierter Daten wie Dokumente, Bilder und Multimediadateien innerhalb von SAP-Anwendungen verwendet wird. Diese Repositories k\u00f6nnen auf verschiedenen Speichertechnologien basieren, darunter Dateisysteme, Datenbanken oder Speicherl\u00f6sungen von Drittanbietern.","og_url":"https:\/\/archivehub.io\/de\/sap-content-repository-migration\/","og_site_name":"ArchiveHub.io","article_publisher":"https:\/\/www.facebook.com\/people\/ArchiveHubio\/100091316926341\/","article_modified_time":"2023-04-10T20:20:57+00:00","og_image":[{"url":"https:\/\/archivehub.io\/wp-content\/uploads\/2023\/03\/content_repository_migration-1024x332.png","type":"","width":"","height":""}],"twitter_card":"summary_large_image","twitter_misc":{"Gesch\u00e4tzte Lesezeit":"2\u00a0Minuten"},"schema":{"@context":"https:\/\/schema.org","@graph":[{"@type":"WebPage","@id":"https:\/\/archivehub.io\/de\/sap-content-repository-migration\/","url":"https:\/\/archivehub.io\/de\/sap-content-repository-migration\/","name":"SAP Content Repository-Migration - ArchiveHub.io","isPartOf":{"@id":"https:\/\/archivehub.io\/de\/#website"},"primaryImageOfPage":{"@id":"https:\/\/archivehub.io\/de\/sap-content-repository-migration\/#primaryimage"},"image":{"@id":"https:\/\/archivehub.io\/de\/sap-content-repository-migration\/#primaryimage"},"thumbnailUrl":"https:\/\/archivehub.io\/wp-content\/uploads\/2023\/03\/content_repository_migration-1024x332.png","datePublished":"2023-03-25T08:06:50+00:00","dateModified":"2023-04-10T20:20:57+00:00","description":"SAP Content Repository Migration bezieht sich auf den Prozess der \u00dcbertragung von Daten und Dokumenten von einem Content Repository in ein anderes innerhalb einer SAP-Umgebung. Ein Content Repository ist ein Speichersystem, das zur Verwaltung unstrukturierter Daten wie Dokumente, Bilder und Multimediadateien innerhalb von SAP-Anwendungen verwendet wird. Diese Repositories k\u00f6nnen auf verschiedenen Speichertechnologien basieren, darunter Dateisysteme, Datenbanken oder Speicherl\u00f6sungen von Drittanbietern.","inLanguage":"de","potentialAction":[{"@type":"ReadAction","target":["https:\/\/archivehub.io\/de\/sap-content-repository-migration\/"]}]},{"@type":"ImageObject","inLanguage":"de","@id":"https:\/\/archivehub.io\/de\/sap-content-repository-migration\/#primaryimage","url":"https:\/\/archivehub.io\/wp-content\/uploads\/2023\/03\/content_repository_migration-1024x332.png","contentUrl":"https:\/\/archivehub.io\/wp-content\/uploads\/2023\/03\/content_repository_migration-1024x332.png"},{"@type":"WebSite","@id":"https:\/\/archivehub.io\/de\/#website","url":"https:\/\/archivehub.io\/de\/","name":"ArchiveHub.io","description":"SAP Archived Data Reporting Made Easy","publisher":{"@id":"https:\/\/archivehub.io\/de\/#organization"},"potentialAction":[{"@type":"SearchAction","target":{"@type":"EntryPoint","urlTemplate":"https:\/\/archivehub.io\/de\/?s={search_term_string}"},"query-input":{"@type":"PropertyValueSpecification","valueRequired":true,"valueName":"search_term_string"}}],"inLanguage":"de"},{"@type":"Organization","@id":"https:\/\/archivehub.io\/de\/#organization","name":"ArchiveHub.io","url":"https:\/\/archivehub.io\/de\/","logo":{"@type":"ImageObject","inLanguage":"de","@id":"https:\/\/archivehub.io\/de\/#\/schema\/logo\/image\/","url":"https:\/\/archivehub.io\/wp-content\/uploads\/2023\/03\/350px.png","contentUrl":"https:\/\/archivehub.io\/wp-content\/uploads\/2023\/03\/350px.png","width":351,"height":77,"caption":"ArchiveHub.io"},"image":{"@id":"https:\/\/archivehub.io\/de\/#\/schema\/logo\/image\/"},"sameAs":["https:\/\/www.facebook.com\/people\/ArchiveHubio\/100091316926341\/"]}]}},"_links":{"self":[{"href":"https:\/\/archivehub.io\/de\/wp-json\/wp\/v2\/pages\/4668","targetHints":{"allow":["GET"]}}],"collection":[{"href":"https:\/\/archivehub.io\/de\/wp-json\/wp\/v2\/pages"}],"about":[{"href":"https:\/\/archivehub.io\/de\/wp-json\/wp\/v2\/types\/page"}],"author":[{"embeddable":true,"href":"https:\/\/archivehub.io\/de\/wp-json\/wp\/v2\/users\/1"}],"replies":[{"embeddable":true,"href":"https:\/\/archivehub.io\/de\/wp-json\/wp\/v2\/comments?post=4668"}],"version-history":[{"count":16,"href":"https:\/\/archivehub.io\/de\/wp-json\/wp\/v2\/pages\/4668\/revisions"}],"predecessor-version":[{"id":5502,"href":"https:\/\/archivehub.io\/de\/wp-json\/wp\/v2\/pages\/4668\/revisions\/5502"}],"wp:attachment":[{"href":"https:\/\/archivehub.io\/de\/wp-json\/wp\/v2\/media?parent=4668"}],"curies":[{"name":"wp","href":"https:\/\/api.w.org\/{rel}","templated":true}]}}