{"id":4666,"date":"2023-03-25T08:07:46","date_gmt":"2023-03-25T08:07:46","guid":{"rendered":"https:\/\/archivehub.io\/einrichten-des-sap-ilm-speichers-auf-azure\/"},"modified":"2023-04-10T21:10:31","modified_gmt":"2023-04-10T21:10:31","slug":"einrichten-des-sap-ilm-speichers-auf-azure","status":"publish","type":"page","link":"https:\/\/archivehub.io\/de\/einrichten-des-sap-ilm-speichers-auf-azure\/","title":{"rendered":"Einrichten des SAP ILM-Speichers auf Azure"},"content":{"rendered":"\t\t<div data-elementor-type=\"wp-page\" data-elementor-id=\"4666\" class=\"elementor elementor-4666 elementor-2641\">\n\t\t\t\t\t\t<section class=\"elementor-section elementor-top-section elementor-element elementor-element-a32bf29 elementor-section-boxed elementor-section-height-default elementor-section-height-default\" data-id=\"a32bf29\" data-element_type=\"section\">\n\t\t\t\t\t\t<div class=\"elementor-container elementor-column-gap-default\">\n\t\t\t\t\t<div class=\"elementor-column elementor-col-100 elementor-top-column elementor-element elementor-element-43a9a2a\" data-id=\"43a9a2a\" data-element_type=\"column\">\n\t\t\t<div class=\"elementor-widget-wrap elementor-element-populated\">\n\t\t\t\t\t\t<div class=\"elementor-element elementor-element-209c23e elementor-widget elementor-widget-image\" data-id=\"209c23e\" data-element_type=\"widget\" data-widget_type=\"image.default\">\n\t\t\t\t<div class=\"elementor-widget-container\">\n\t\t\t\t\t\t\t\t\t\t\t\t\t\t\t<img fetchpriority=\"high\" decoding=\"async\" width=\"940\" height=\"305\" src=\"https:\/\/archivehub.io\/wp-content\/uploads\/2023\/03\/ilm_store_azure-1024x332.png\" class=\"attachment-large size-large wp-image-4634\" alt=\"\" srcset=\"https:\/\/archivehub.io\/wp-content\/uploads\/2023\/03\/ilm_store_azure-1024x332.png 1024w, https:\/\/archivehub.io\/wp-content\/uploads\/2023\/03\/ilm_store_azure-300x97.png 300w, https:\/\/archivehub.io\/wp-content\/uploads\/2023\/03\/ilm_store_azure-768x249.png 768w, https:\/\/archivehub.io\/wp-content\/uploads\/2023\/03\/ilm_store_azure.png 1080w\" sizes=\"(max-width: 940px) 100vw, 940px\" \/>\t\t\t\t\t\t\t\t\t\t\t\t\t\t\t<\/div>\n\t\t\t\t<\/div>\n\t\t\t\t\t<\/div>\n\t\t<\/div>\n\t\t\t\t\t<\/div>\n\t\t<\/section>\n\t\t\t\t<section class=\"elementor-section elementor-top-section elementor-element elementor-element-8e51b55 elementor-section-boxed elementor-section-height-default elementor-section-height-default\" data-id=\"8e51b55\" data-element_type=\"section\">\n\t\t\t\t\t\t<div class=\"elementor-container elementor-column-gap-default\">\n\t\t\t\t\t<div class=\"elementor-column elementor-col-100 elementor-top-column elementor-element elementor-element-c74965c\" data-id=\"c74965c\" data-element_type=\"column\">\n\t\t\t<div class=\"elementor-widget-wrap elementor-element-populated\">\n\t\t\t\t\t\t<div class=\"elementor-element elementor-element-b44acb5 elementor-widget elementor-widget-text-editor\" data-id=\"b44acb5\" data-element_type=\"widget\" data-widget_type=\"text-editor.default\">\n\t\t\t\t<div class=\"elementor-widget-container\">\n\t\t\t\t\t\t\t\t\t<strong>\u00dcberblick \u00fcber die Einrichtung von SAP ILM Store auf Azure:<\/strong>\n<ul>\n \t<li><strong>Richten Sie ein Azure Storage-Konto ein:<\/strong> Erstellen Sie ein Microsoft Azure Storage-Konto, das als Grundlage f\u00fcr die Verwaltung und Speicherung von Daten dient. W\u00e4hlen Sie die geeignete Speicherebene auf der Grundlage der Leistungs- und Redundanzanforderungen des Unternehmens.<\/li>\n \t<br><li><strong>Erstellen Sie einen Speichercontainer:<\/strong> Erstellen Sie innerhalb des Azure-Storage-Kontos einen Speichercontainer (Blob Storage), um die SAP ILM-Daten zu speichern. Konfigurieren Sie die Zugriffskontrolle und die Sicherheitseinstellungen entsprechend den Anforderungen Ihres Unternehmens.<\/li>\n \t<br><li><strong>Konfigurieren Sie den SAP ILM-Speicher:<\/strong> Richten Sie in Ihrem SAP-System einen ILM-Speicher ein, indem Sie ein neues Inhalts-Repository (Transaktion OAC0) erstellen und es f\u00fcr die Verwendung des Azure-Speicher-Containers konfigurieren. Sie m\u00fcssen die erforderlichen Verbindungsdetails angeben, z. B. den Namen des Speicherkontos, den Zugriffsschl\u00fcssel und den Containernamen.<\/li>\n \t<br><li><strong>Installieren und konfigurieren Sie den Azure Storage Connector:<\/strong> Um SAP-Systeme in die Lage zu versetzen, mit dem Azure Blob Storage zu interagieren, m\u00fcssen Sie den Azure Storage Connector installieren und konfigurieren. Der Connector dient als Schnittstelle zwischen dem SAP-System und dem Azure Storage Container.<\/li>\n \t<br><li><strong>Einrichten von Datenarchivierungs- und Aufbewahrungsrichtlinien:<\/strong> Definieren Sie Regeln f\u00fcr die Datenarchivierung und -aufbewahrung innerhalb des SAP ILM-Frameworks, um den Lebenszyklus der Daten zu verwalten. Dazu geh\u00f6rt auch die Festlegung, wann Daten archiviert, wie lange sie aufbewahrt und wann sie gel\u00f6scht werden sollen.<\/li>\n \t<br><li><strong>Testen und validieren Sie die Einrichtung:<\/strong> Sobald der SAP ILM-Speicher auf Azure konfiguriert ist, testen Sie den Archivierungsprozess, den Zugriff auf archivierte Daten und die L\u00f6schung von Daten nach Ablauf der Aufbewahrungsfrist. Dadurch wird sichergestellt, dass die Einrichtung wie erwartet funktioniert und die Anforderungen des Unternehmens an die Datenverwaltung erf\u00fcllt.<\/li>\n<\/ul>\nDurch die Einrichtung von SAP ILM Store auf Azure k\u00f6nnen Unternehmen die Skalierbarkeit, Sicherheit und Kosteneffizienz der Cloud-Speicherinfrastruktur von Microsoft Azure nutzen, um ihre SAP-Daten w\u00e4hrend ihres gesamten Lebenszyklus zu verwalten und gleichzeitig die Einhaltung rechtlicher, regulatorischer und gesch\u00e4ftlicher Anforderungen zu gew\u00e4hrleisten.\t\t\t\t\t\t\t\t<\/div>\n\t\t\t\t<\/div>\n\t\t\t\t\t<\/div>\n\t\t<\/div>\n\t\t\t\t\t<\/div>\n\t\t<\/section>\n\t\t\t\t<\/div>\n\t\t","protected":false},"excerpt":{"rendered":"<p>\u00dcberblick \u00fcber die Einrichtung von SAP ILM Store auf Azure: Richten Sie ein Azure Storage-Konto ein: Erstellen Sie ein Microsoft Azure Storage-Konto, das als Grundlage f\u00fcr die Verwaltung und Speicherung von Daten dient. W\u00e4hlen Sie die geeignete Speicherebene auf der Grundlage der Leistungs- und Redundanzanforderungen des Unternehmens. Erstellen Sie einen Speichercontainer: Erstellen Sie innerhalb des [&hellip;]<\/p>\n","protected":false},"author":1,"featured_media":0,"parent":0,"menu_order":0,"comment_status":"closed","ping_status":"closed","template":"","meta":{"om_disable_all_campaigns":false,"_monsterinsights_skip_tracking":false,"_monsterinsights_sitenote_active":false,"_monsterinsights_sitenote_note":"","_monsterinsights_sitenote_category":0,"footnotes":""},"class_list":["post-4666","page","type-page","status-publish","hentry"],"aioseo_notices":[],"yoast_head":"<!-- This site is optimized with the Yoast SEO plugin v25.0 - https:\/\/yoast.com\/wordpress\/plugins\/seo\/ -->\n<title>Einrichten des SAP ILM-Speichers auf Azure - ArchiveHub.io<\/title>\n<meta name=\"description\" content=\"Die Einrichtung eines SAP ILM-Speichers (Information Lifecycle Management) auf Azure bezieht sich auf den Prozess der Konfiguration einer Speicherl\u00f6sung auf Microsoft Azure, die als sicheres und skalierbares Repository f\u00fcr die Verwaltung von Daten w\u00e4hrend ihres gesamten Lebenszyklus in einer SAP-Umgebung dient. So k\u00f6nnen Unternehmen die Cloud-Storage-Infrastruktur von Azure nutzen, um SAP-Daten in \u00dcbereinstimmung mit rechtlichen, regulatorischen und gesch\u00e4ftlichen Anforderungen zu speichern, aufzubewahren und zu verwalten.\" \/>\n<meta name=\"robots\" content=\"index, follow, max-snippet:-1, max-image-preview:large, max-video-preview:-1\" \/>\n<link rel=\"canonical\" href=\"https:\/\/archivehub.io\/de\/einrichten-des-sap-ilm-speichers-auf-azure\/\" \/>\n<meta property=\"og:locale\" content=\"de_DE\" \/>\n<meta property=\"og:type\" content=\"article\" \/>\n<meta property=\"og:title\" content=\"Einrichten des SAP ILM-Speichers auf Azure - ArchiveHub.io\" \/>\n<meta property=\"og:description\" content=\"Die Einrichtung eines SAP ILM-Speichers (Information Lifecycle Management) auf Azure bezieht sich auf den Prozess der Konfiguration einer Speicherl\u00f6sung auf Microsoft Azure, die als sicheres und skalierbares Repository f\u00fcr die Verwaltung von Daten w\u00e4hrend ihres gesamten Lebenszyklus in einer SAP-Umgebung dient. So k\u00f6nnen Unternehmen die Cloud-Storage-Infrastruktur von Azure nutzen, um SAP-Daten in \u00dcbereinstimmung mit rechtlichen, regulatorischen und gesch\u00e4ftlichen Anforderungen zu speichern, aufzubewahren und zu verwalten.\" \/>\n<meta property=\"og:url\" content=\"https:\/\/archivehub.io\/de\/einrichten-des-sap-ilm-speichers-auf-azure\/\" \/>\n<meta property=\"og:site_name\" content=\"ArchiveHub.io\" \/>\n<meta property=\"article:publisher\" content=\"https:\/\/www.facebook.com\/people\/ArchiveHubio\/100091316926341\/\" \/>\n<meta property=\"article:modified_time\" content=\"2023-04-10T21:10:31+00:00\" \/>\n<meta property=\"og:image\" content=\"https:\/\/archivehub.io\/wp-content\/uploads\/2023\/03\/ilm_store_azure-1024x332.png\" \/>\n<meta name=\"twitter:card\" content=\"summary_large_image\" \/>\n<meta name=\"twitter:label1\" content=\"Gesch\u00e4tzte Lesezeit\" \/>\n\t<meta name=\"twitter:data1\" content=\"2\u00a0Minuten\" \/>\n<script type=\"application\/ld+json\" class=\"yoast-schema-graph\">{\"@context\":\"https:\/\/schema.org\",\"@graph\":[{\"@type\":\"WebPage\",\"@id\":\"https:\/\/archivehub.io\/de\/einrichten-des-sap-ilm-speichers-auf-azure\/\",\"url\":\"https:\/\/archivehub.io\/de\/einrichten-des-sap-ilm-speichers-auf-azure\/\",\"name\":\"Einrichten des SAP ILM-Speichers auf Azure - ArchiveHub.io\",\"isPartOf\":{\"@id\":\"https:\/\/archivehub.io\/de\/#website\"},\"primaryImageOfPage\":{\"@id\":\"https:\/\/archivehub.io\/de\/einrichten-des-sap-ilm-speichers-auf-azure\/#primaryimage\"},\"image\":{\"@id\":\"https:\/\/archivehub.io\/de\/einrichten-des-sap-ilm-speichers-auf-azure\/#primaryimage\"},\"thumbnailUrl\":\"https:\/\/archivehub.io\/wp-content\/uploads\/2023\/03\/ilm_store_azure-1024x332.png\",\"datePublished\":\"2023-03-25T08:07:46+00:00\",\"dateModified\":\"2023-04-10T21:10:31+00:00\",\"description\":\"Die Einrichtung eines SAP ILM-Speichers (Information Lifecycle Management) auf Azure bezieht sich auf den Prozess der Konfiguration einer Speicherl\u00f6sung auf Microsoft Azure, die als sicheres und skalierbares Repository f\u00fcr die Verwaltung von Daten w\u00e4hrend ihres gesamten Lebenszyklus in einer SAP-Umgebung dient. So k\u00f6nnen Unternehmen die Cloud-Storage-Infrastruktur von Azure nutzen, um SAP-Daten in \u00dcbereinstimmung mit rechtlichen, regulatorischen und gesch\u00e4ftlichen Anforderungen zu speichern, aufzubewahren und zu verwalten.\",\"inLanguage\":\"de\",\"potentialAction\":[{\"@type\":\"ReadAction\",\"target\":[\"https:\/\/archivehub.io\/de\/einrichten-des-sap-ilm-speichers-auf-azure\/\"]}]},{\"@type\":\"ImageObject\",\"inLanguage\":\"de\",\"@id\":\"https:\/\/archivehub.io\/de\/einrichten-des-sap-ilm-speichers-auf-azure\/#primaryimage\",\"url\":\"https:\/\/archivehub.io\/wp-content\/uploads\/2023\/03\/ilm_store_azure-1024x332.png\",\"contentUrl\":\"https:\/\/archivehub.io\/wp-content\/uploads\/2023\/03\/ilm_store_azure-1024x332.png\"},{\"@type\":\"WebSite\",\"@id\":\"https:\/\/archivehub.io\/de\/#website\",\"url\":\"https:\/\/archivehub.io\/de\/\",\"name\":\"ArchiveHub.io\",\"description\":\"SAP Archived Data Reporting Made Easy\",\"publisher\":{\"@id\":\"https:\/\/archivehub.io\/de\/#organization\"},\"potentialAction\":[{\"@type\":\"SearchAction\",\"target\":{\"@type\":\"EntryPoint\",\"urlTemplate\":\"https:\/\/archivehub.io\/de\/?s={search_term_string}\"},\"query-input\":{\"@type\":\"PropertyValueSpecification\",\"valueRequired\":true,\"valueName\":\"search_term_string\"}}],\"inLanguage\":\"de\"},{\"@type\":\"Organization\",\"@id\":\"https:\/\/archivehub.io\/de\/#organization\",\"name\":\"ArchiveHub.io\",\"url\":\"https:\/\/archivehub.io\/de\/\",\"logo\":{\"@type\":\"ImageObject\",\"inLanguage\":\"de\",\"@id\":\"https:\/\/archivehub.io\/de\/#\/schema\/logo\/image\/\",\"url\":\"https:\/\/archivehub.io\/wp-content\/uploads\/2023\/03\/350px.png\",\"contentUrl\":\"https:\/\/archivehub.io\/wp-content\/uploads\/2023\/03\/350px.png\",\"width\":351,\"height\":77,\"caption\":\"ArchiveHub.io\"},\"image\":{\"@id\":\"https:\/\/archivehub.io\/de\/#\/schema\/logo\/image\/\"},\"sameAs\":[\"https:\/\/www.facebook.com\/people\/ArchiveHubio\/100091316926341\/\"]}]}<\/script>\n<!-- \/ Yoast SEO plugin. -->","yoast_head_json":{"title":"Einrichten des SAP ILM-Speichers auf Azure - ArchiveHub.io","description":"Die Einrichtung eines SAP ILM-Speichers (Information Lifecycle Management) auf Azure bezieht sich auf den Prozess der Konfiguration einer Speicherl\u00f6sung auf Microsoft Azure, die als sicheres und skalierbares Repository f\u00fcr die Verwaltung von Daten w\u00e4hrend ihres gesamten Lebenszyklus in einer SAP-Umgebung dient. So k\u00f6nnen Unternehmen die Cloud-Storage-Infrastruktur von Azure nutzen, um SAP-Daten in \u00dcbereinstimmung mit rechtlichen, regulatorischen und gesch\u00e4ftlichen Anforderungen zu speichern, aufzubewahren und zu verwalten.","robots":{"index":"index","follow":"follow","max-snippet":"max-snippet:-1","max-image-preview":"max-image-preview:large","max-video-preview":"max-video-preview:-1"},"canonical":"https:\/\/archivehub.io\/de\/einrichten-des-sap-ilm-speichers-auf-azure\/","og_locale":"de_DE","og_type":"article","og_title":"Einrichten des SAP ILM-Speichers auf Azure - ArchiveHub.io","og_description":"Die Einrichtung eines SAP ILM-Speichers (Information Lifecycle Management) auf Azure bezieht sich auf den Prozess der Konfiguration einer Speicherl\u00f6sung auf Microsoft Azure, die als sicheres und skalierbares Repository f\u00fcr die Verwaltung von Daten w\u00e4hrend ihres gesamten Lebenszyklus in einer SAP-Umgebung dient. So k\u00f6nnen Unternehmen die Cloud-Storage-Infrastruktur von Azure nutzen, um SAP-Daten in \u00dcbereinstimmung mit rechtlichen, regulatorischen und gesch\u00e4ftlichen Anforderungen zu speichern, aufzubewahren und zu verwalten.","og_url":"https:\/\/archivehub.io\/de\/einrichten-des-sap-ilm-speichers-auf-azure\/","og_site_name":"ArchiveHub.io","article_publisher":"https:\/\/www.facebook.com\/people\/ArchiveHubio\/100091316926341\/","article_modified_time":"2023-04-10T21:10:31+00:00","og_image":[{"url":"https:\/\/archivehub.io\/wp-content\/uploads\/2023\/03\/ilm_store_azure-1024x332.png","type":"","width":"","height":""}],"twitter_card":"summary_large_image","twitter_misc":{"Gesch\u00e4tzte Lesezeit":"2\u00a0Minuten"},"schema":{"@context":"https:\/\/schema.org","@graph":[{"@type":"WebPage","@id":"https:\/\/archivehub.io\/de\/einrichten-des-sap-ilm-speichers-auf-azure\/","url":"https:\/\/archivehub.io\/de\/einrichten-des-sap-ilm-speichers-auf-azure\/","name":"Einrichten des SAP ILM-Speichers auf Azure - ArchiveHub.io","isPartOf":{"@id":"https:\/\/archivehub.io\/de\/#website"},"primaryImageOfPage":{"@id":"https:\/\/archivehub.io\/de\/einrichten-des-sap-ilm-speichers-auf-azure\/#primaryimage"},"image":{"@id":"https:\/\/archivehub.io\/de\/einrichten-des-sap-ilm-speichers-auf-azure\/#primaryimage"},"thumbnailUrl":"https:\/\/archivehub.io\/wp-content\/uploads\/2023\/03\/ilm_store_azure-1024x332.png","datePublished":"2023-03-25T08:07:46+00:00","dateModified":"2023-04-10T21:10:31+00:00","description":"Die Einrichtung eines SAP ILM-Speichers (Information Lifecycle Management) auf Azure bezieht sich auf den Prozess der Konfiguration einer Speicherl\u00f6sung auf Microsoft Azure, die als sicheres und skalierbares Repository f\u00fcr die Verwaltung von Daten w\u00e4hrend ihres gesamten Lebenszyklus in einer SAP-Umgebung dient. So k\u00f6nnen Unternehmen die Cloud-Storage-Infrastruktur von Azure nutzen, um SAP-Daten in \u00dcbereinstimmung mit rechtlichen, regulatorischen und gesch\u00e4ftlichen Anforderungen zu speichern, aufzubewahren und zu verwalten.","inLanguage":"de","potentialAction":[{"@type":"ReadAction","target":["https:\/\/archivehub.io\/de\/einrichten-des-sap-ilm-speichers-auf-azure\/"]}]},{"@type":"ImageObject","inLanguage":"de","@id":"https:\/\/archivehub.io\/de\/einrichten-des-sap-ilm-speichers-auf-azure\/#primaryimage","url":"https:\/\/archivehub.io\/wp-content\/uploads\/2023\/03\/ilm_store_azure-1024x332.png","contentUrl":"https:\/\/archivehub.io\/wp-content\/uploads\/2023\/03\/ilm_store_azure-1024x332.png"},{"@type":"WebSite","@id":"https:\/\/archivehub.io\/de\/#website","url":"https:\/\/archivehub.io\/de\/","name":"ArchiveHub.io","description":"SAP Archived Data Reporting Made Easy","publisher":{"@id":"https:\/\/archivehub.io\/de\/#organization"},"potentialAction":[{"@type":"SearchAction","target":{"@type":"EntryPoint","urlTemplate":"https:\/\/archivehub.io\/de\/?s={search_term_string}"},"query-input":{"@type":"PropertyValueSpecification","valueRequired":true,"valueName":"search_term_string"}}],"inLanguage":"de"},{"@type":"Organization","@id":"https:\/\/archivehub.io\/de\/#organization","name":"ArchiveHub.io","url":"https:\/\/archivehub.io\/de\/","logo":{"@type":"ImageObject","inLanguage":"de","@id":"https:\/\/archivehub.io\/de\/#\/schema\/logo\/image\/","url":"https:\/\/archivehub.io\/wp-content\/uploads\/2023\/03\/350px.png","contentUrl":"https:\/\/archivehub.io\/wp-content\/uploads\/2023\/03\/350px.png","width":351,"height":77,"caption":"ArchiveHub.io"},"image":{"@id":"https:\/\/archivehub.io\/de\/#\/schema\/logo\/image\/"},"sameAs":["https:\/\/www.facebook.com\/people\/ArchiveHubio\/100091316926341\/"]}]}},"_links":{"self":[{"href":"https:\/\/archivehub.io\/de\/wp-json\/wp\/v2\/pages\/4666","targetHints":{"allow":["GET"]}}],"collection":[{"href":"https:\/\/archivehub.io\/de\/wp-json\/wp\/v2\/pages"}],"about":[{"href":"https:\/\/archivehub.io\/de\/wp-json\/wp\/v2\/types\/page"}],"author":[{"embeddable":true,"href":"https:\/\/archivehub.io\/de\/wp-json\/wp\/v2\/users\/1"}],"replies":[{"embeddable":true,"href":"https:\/\/archivehub.io\/de\/wp-json\/wp\/v2\/comments?post=4666"}],"version-history":[{"count":9,"href":"https:\/\/archivehub.io\/de\/wp-json\/wp\/v2\/pages\/4666\/revisions"}],"predecessor-version":[{"id":5522,"href":"https:\/\/archivehub.io\/de\/wp-json\/wp\/v2\/pages\/4666\/revisions\/5522"}],"wp:attachment":[{"href":"https:\/\/archivehub.io\/de\/wp-json\/wp\/v2\/media?parent=4666"}],"curies":[{"name":"wp","href":"https:\/\/api.w.org\/{rel}","templated":true}]}}