{"id":4664,"date":"2023-03-25T09:54:54","date_gmt":"2023-03-25T09:54:54","guid":{"rendered":"https:\/\/archivehub.io\/archivehub-archivdatenberichterstattung-fuer-s-4hana-mit-ilm\/"},"modified":"2023-04-09T06:46:01","modified_gmt":"2023-04-09T06:46:01","slug":"archivehub-archivdatenberichterstattung-fuer-s-4hana-mit-ilm","status":"publish","type":"page","link":"https:\/\/archivehub.io\/de\/archivehub-archivdatenberichterstattung-fuer-s-4hana-mit-ilm\/","title":{"rendered":"ArchiveHub Archivdatenberichterstattung f\u00fcr S\/4HANA mit ILM"},"content":{"rendered":"\t\t<div data-elementor-type=\"wp-page\" data-elementor-id=\"4664\" class=\"elementor elementor-4664 elementor-2714\">\n\t\t\t\t\t\t<section class=\"elementor-section elementor-top-section elementor-element elementor-element-2ed24b8 elementor-section-boxed elementor-section-height-default elementor-section-height-default\" data-id=\"2ed24b8\" data-element_type=\"section\">\n\t\t\t\t\t\t<div class=\"elementor-container elementor-column-gap-default\">\n\t\t\t\t\t<div class=\"elementor-column elementor-col-50 elementor-top-column elementor-element elementor-element-7cbf0f9\" data-id=\"7cbf0f9\" data-element_type=\"column\">\n\t\t\t<div class=\"elementor-widget-wrap elementor-element-populated\">\n\t\t\t\t\t\t<div class=\"elementor-element elementor-element-801ce99 elementor-widget elementor-widget-image\" data-id=\"801ce99\" data-element_type=\"widget\" data-widget_type=\"image.default\">\n\t\t\t\t<div class=\"elementor-widget-container\">\n\t\t\t\t\t\t\t\t\t\t\t\t\t\t\t<img fetchpriority=\"high\" decoding=\"async\" width=\"530\" height=\"350\" src=\"https:\/\/archivehub.io\/wp-content\/uploads\/2023\/03\/s4hana_ilm.png\" class=\"attachment-large size-large wp-image-4621\" alt=\"\" srcset=\"https:\/\/archivehub.io\/wp-content\/uploads\/2023\/03\/s4hana_ilm.png 530w, https:\/\/archivehub.io\/wp-content\/uploads\/2023\/03\/s4hana_ilm-300x198.png 300w\" sizes=\"(max-width: 530px) 100vw, 530px\" \/>\t\t\t\t\t\t\t\t\t\t\t\t\t\t\t<\/div>\n\t\t\t\t<\/div>\n\t\t\t\t\t<\/div>\n\t\t<\/div>\n\t\t\t\t<div class=\"elementor-column elementor-col-50 elementor-top-column elementor-element elementor-element-ab8a5f7\" data-id=\"ab8a5f7\" data-element_type=\"column\">\n\t\t\t<div class=\"elementor-widget-wrap elementor-element-populated\">\n\t\t\t\t\t\t<div class=\"elementor-element elementor-element-8426dde elementor-widget elementor-widget-text-editor\" data-id=\"8426dde\" data-element_type=\"widget\" data-widget_type=\"text-editor.default\">\n\t\t\t\t<div class=\"elementor-widget-container\">\n\t\t\t\t\t\t\t\t\t<p>Die Datenarchivierung in SAP S\/4HANA mit ILM bezieht sich auf den Prozess der Verlagerung von Daten, auf die nur selten zugegriffen wird oder die veraltet sind, von der prim\u00e4ren Datenbank in ein separates, kosteng\u00fcnstigeres Speichersystem, w\u00e4hrend sie gleichzeitig f\u00fcr rechtliche oder gesch\u00e4ftliche Anforderungen zug\u00e4nglich bleiben und Aufbewahrungsmanagementfunktionen aufweisen. Die Archivierung tr\u00e4gt dazu bei, die Systemleistung aufrechtzuerhalten, den Datenbestand zu reduzieren und die Gesamtbetriebskosten zu senken.<\/p>\n<p>Im Kontext von SAP S\/4HANA mit ILM ist die Datenarchivierung besonders wichtig, da das System auf die hochperformante In-Memory-HANA-Datenbank setzt und hier die wichtigste Tabelle von S\/4HANA ACDOCA betroffen ist. Da das Datenvolumen im Laufe der Zeit w\u00e4chst, ist eine effiziente Datenverwaltung von entscheidender Bedeutung, um die Systemleistung zu optimieren und den reibungslosen Betrieb des Systems zu gew\u00e4hrleisten.<\/p>\n\t\t\t\t\t\t\t\t<\/div>\n\t\t\t\t<\/div>\n\t\t\t\t\t<\/div>\n\t\t<\/div>\n\t\t\t\t\t<\/div>\n\t\t<\/section>\n\t\t\t\t<section class=\"elementor-section elementor-top-section elementor-element elementor-element-2b9ab7a elementor-section-boxed elementor-section-height-default elementor-section-height-default\" data-id=\"2b9ab7a\" data-element_type=\"section\">\n\t\t\t\t\t\t<div class=\"elementor-container elementor-column-gap-default\">\n\t\t\t\t\t<div class=\"elementor-column elementor-col-100 elementor-top-column elementor-element elementor-element-8b5a284\" data-id=\"8b5a284\" data-element_type=\"column\">\n\t\t\t<div class=\"elementor-widget-wrap elementor-element-populated\">\n\t\t\t\t\t\t<div class=\"elementor-element elementor-element-12dc8dc elementor-widget elementor-widget-text-editor\" data-id=\"12dc8dc\" data-element_type=\"widget\" data-widget_type=\"text-editor.default\">\n\t\t\t\t<div class=\"elementor-widget-container\">\n\t\t\t\t\t\t\t\t\t<p>Die Verk\u00fcrzung der Residenzzeit ist der Schl\u00fcssel zur Kontrolle des Datenwachstums. Dies kann nur erreicht werden, wenn die Gesch\u00e4ftsanwender davon \u00fcberzeugt sind, dass sie auf die Daten auf die gleiche Weise zugreifen k\u00f6nnen wie in ihren nativen Fiori-Anwendungen. ArchiveHub Archive Data Reporting for S\/4HANA with ILM f\u00fcllt diese L\u00fccke vollst\u00e4ndig, so dass die Gesch\u00e4ftsanwender die archivierten Daten in nativen Fiori-Anwendungen sehen k\u00f6nnen.<\/p>\n\t\t\t\t\t\t\t\t<\/div>\n\t\t\t\t<\/div>\n\t\t\t\t\t<\/div>\n\t\t<\/div>\n\t\t\t\t\t<\/div>\n\t\t<\/section>\n\t\t\t\t<\/div>\n\t\t","protected":false},"excerpt":{"rendered":"<p>Die Datenarchivierung in SAP S\/4HANA mit ILM bezieht sich auf den Prozess der Verlagerung von Daten, auf die nur selten zugegriffen wird oder die veraltet sind, von der prim\u00e4ren Datenbank in ein separates, kosteng\u00fcnstigeres Speichersystem, w\u00e4hrend sie gleichzeitig f\u00fcr rechtliche oder gesch\u00e4ftliche Anforderungen zug\u00e4nglich bleiben und Aufbewahrungsmanagementfunktionen aufweisen. Die Archivierung tr\u00e4gt dazu bei, die Systemleistung [&hellip;]<\/p>\n","protected":false},"author":1,"featured_media":0,"parent":0,"menu_order":0,"comment_status":"closed","ping_status":"closed","template":"","meta":{"om_disable_all_campaigns":false,"_monsterinsights_skip_tracking":false,"_monsterinsights_sitenote_active":false,"_monsterinsights_sitenote_note":"","_monsterinsights_sitenote_category":0,"footnotes":""},"class_list":["post-4664","page","type-page","status-publish","hentry"],"aioseo_notices":[],"yoast_head":"<!-- This site is optimized with the Yoast SEO plugin v25.0 - https:\/\/yoast.com\/wordpress\/plugins\/seo\/ -->\n<title>ArchiveHub Archivdatenberichterstattung f\u00fcr S\/4HANA mit ILM - ArchiveHub.io<\/title>\n<meta name=\"description\" content=\"Die Datenarchivierung in SAP S\/4HANA mit ILM bezieht sich auf den Prozess der Verlagerung von Daten, auf die nur selten zugegriffen wird oder die veraltet sind, von der prim\u00e4ren Datenbank in ein separates, kosteng\u00fcnstigeres Speichersystem, w\u00e4hrend sie gleichzeitig f\u00fcr rechtliche oder gesch\u00e4ftliche Anforderungen zug\u00e4nglich bleiben und Aufbewahrungsmanagementfunktionen aufweisen. Die Archivierung tr\u00e4gt dazu bei, die Systemleistung aufrechtzuerhalten, den Datenbestand zu reduzieren und die Gesamtbetriebskosten zu senken.\" \/>\n<meta name=\"robots\" content=\"index, follow, max-snippet:-1, max-image-preview:large, max-video-preview:-1\" \/>\n<link rel=\"canonical\" href=\"https:\/\/archivehub.io\/de\/archivehub-archivdatenberichterstattung-fuer-s-4hana-mit-ilm\/\" \/>\n<meta property=\"og:locale\" content=\"de_DE\" \/>\n<meta property=\"og:type\" content=\"article\" \/>\n<meta property=\"og:title\" content=\"ArchiveHub Archivdatenberichterstattung f\u00fcr S\/4HANA mit ILM - ArchiveHub.io\" \/>\n<meta property=\"og:description\" content=\"Die Datenarchivierung in SAP S\/4HANA mit ILM bezieht sich auf den Prozess der Verlagerung von Daten, auf die nur selten zugegriffen wird oder die veraltet sind, von der prim\u00e4ren Datenbank in ein separates, kosteng\u00fcnstigeres Speichersystem, w\u00e4hrend sie gleichzeitig f\u00fcr rechtliche oder gesch\u00e4ftliche Anforderungen zug\u00e4nglich bleiben und Aufbewahrungsmanagementfunktionen aufweisen. Die Archivierung tr\u00e4gt dazu bei, die Systemleistung aufrechtzuerhalten, den Datenbestand zu reduzieren und die Gesamtbetriebskosten zu senken.\" \/>\n<meta property=\"og:url\" content=\"https:\/\/archivehub.io\/de\/archivehub-archivdatenberichterstattung-fuer-s-4hana-mit-ilm\/\" \/>\n<meta property=\"og:site_name\" content=\"ArchiveHub.io\" \/>\n<meta property=\"article:publisher\" content=\"https:\/\/www.facebook.com\/people\/ArchiveHubio\/100091316926341\/\" \/>\n<meta property=\"article:modified_time\" content=\"2023-04-09T06:46:01+00:00\" \/>\n<meta property=\"og:image\" content=\"https:\/\/archivehub.io\/wp-content\/uploads\/2023\/03\/s4hana_ilm.png\" \/>\n<meta name=\"twitter:card\" content=\"summary_large_image\" \/>\n<meta name=\"twitter:label1\" content=\"Gesch\u00e4tzte Lesezeit\" \/>\n\t<meta name=\"twitter:data1\" content=\"1\u00a0Minute\" \/>\n<script type=\"application\/ld+json\" class=\"yoast-schema-graph\">{\"@context\":\"https:\/\/schema.org\",\"@graph\":[{\"@type\":\"WebPage\",\"@id\":\"https:\/\/archivehub.io\/de\/archivehub-archivdatenberichterstattung-fuer-s-4hana-mit-ilm\/\",\"url\":\"https:\/\/archivehub.io\/de\/archivehub-archivdatenberichterstattung-fuer-s-4hana-mit-ilm\/\",\"name\":\"ArchiveHub Archivdatenberichterstattung f\u00fcr S\/4HANA mit ILM - ArchiveHub.io\",\"isPartOf\":{\"@id\":\"https:\/\/archivehub.io\/de\/#website\"},\"primaryImageOfPage\":{\"@id\":\"https:\/\/archivehub.io\/de\/archivehub-archivdatenberichterstattung-fuer-s-4hana-mit-ilm\/#primaryimage\"},\"image\":{\"@id\":\"https:\/\/archivehub.io\/de\/archivehub-archivdatenberichterstattung-fuer-s-4hana-mit-ilm\/#primaryimage\"},\"thumbnailUrl\":\"https:\/\/archivehub.io\/wp-content\/uploads\/2023\/03\/s4hana_ilm.png\",\"datePublished\":\"2023-03-25T09:54:54+00:00\",\"dateModified\":\"2023-04-09T06:46:01+00:00\",\"description\":\"Die Datenarchivierung in SAP S\/4HANA mit ILM bezieht sich auf den Prozess der Verlagerung von Daten, auf die nur selten zugegriffen wird oder die veraltet sind, von der prim\u00e4ren Datenbank in ein separates, kosteng\u00fcnstigeres Speichersystem, w\u00e4hrend sie gleichzeitig f\u00fcr rechtliche oder gesch\u00e4ftliche Anforderungen zug\u00e4nglich bleiben und Aufbewahrungsmanagementfunktionen aufweisen. Die Archivierung tr\u00e4gt dazu bei, die Systemleistung aufrechtzuerhalten, den Datenbestand zu reduzieren und die Gesamtbetriebskosten zu senken.\",\"inLanguage\":\"de\",\"potentialAction\":[{\"@type\":\"ReadAction\",\"target\":[\"https:\/\/archivehub.io\/de\/archivehub-archivdatenberichterstattung-fuer-s-4hana-mit-ilm\/\"]}]},{\"@type\":\"ImageObject\",\"inLanguage\":\"de\",\"@id\":\"https:\/\/archivehub.io\/de\/archivehub-archivdatenberichterstattung-fuer-s-4hana-mit-ilm\/#primaryimage\",\"url\":\"https:\/\/archivehub.io\/wp-content\/uploads\/2023\/03\/s4hana_ilm.png\",\"contentUrl\":\"https:\/\/archivehub.io\/wp-content\/uploads\/2023\/03\/s4hana_ilm.png\"},{\"@type\":\"WebSite\",\"@id\":\"https:\/\/archivehub.io\/de\/#website\",\"url\":\"https:\/\/archivehub.io\/de\/\",\"name\":\"ArchiveHub.io\",\"description\":\"SAP Archived Data Reporting Made Easy\",\"publisher\":{\"@id\":\"https:\/\/archivehub.io\/de\/#organization\"},\"potentialAction\":[{\"@type\":\"SearchAction\",\"target\":{\"@type\":\"EntryPoint\",\"urlTemplate\":\"https:\/\/archivehub.io\/de\/?s={search_term_string}\"},\"query-input\":{\"@type\":\"PropertyValueSpecification\",\"valueRequired\":true,\"valueName\":\"search_term_string\"}}],\"inLanguage\":\"de\"},{\"@type\":\"Organization\",\"@id\":\"https:\/\/archivehub.io\/de\/#organization\",\"name\":\"ArchiveHub.io\",\"url\":\"https:\/\/archivehub.io\/de\/\",\"logo\":{\"@type\":\"ImageObject\",\"inLanguage\":\"de\",\"@id\":\"https:\/\/archivehub.io\/de\/#\/schema\/logo\/image\/\",\"url\":\"https:\/\/archivehub.io\/wp-content\/uploads\/2023\/03\/350px.png\",\"contentUrl\":\"https:\/\/archivehub.io\/wp-content\/uploads\/2023\/03\/350px.png\",\"width\":351,\"height\":77,\"caption\":\"ArchiveHub.io\"},\"image\":{\"@id\":\"https:\/\/archivehub.io\/de\/#\/schema\/logo\/image\/\"},\"sameAs\":[\"https:\/\/www.facebook.com\/people\/ArchiveHubio\/100091316926341\/\"]}]}<\/script>\n<!-- \/ Yoast SEO plugin. -->","yoast_head_json":{"title":"ArchiveHub Archivdatenberichterstattung f\u00fcr S\/4HANA mit ILM - ArchiveHub.io","description":"Die Datenarchivierung in SAP S\/4HANA mit ILM bezieht sich auf den Prozess der Verlagerung von Daten, auf die nur selten zugegriffen wird oder die veraltet sind, von der prim\u00e4ren Datenbank in ein separates, kosteng\u00fcnstigeres Speichersystem, w\u00e4hrend sie gleichzeitig f\u00fcr rechtliche oder gesch\u00e4ftliche Anforderungen zug\u00e4nglich bleiben und Aufbewahrungsmanagementfunktionen aufweisen. Die Archivierung tr\u00e4gt dazu bei, die Systemleistung aufrechtzuerhalten, den Datenbestand zu reduzieren und die Gesamtbetriebskosten zu senken.","robots":{"index":"index","follow":"follow","max-snippet":"max-snippet:-1","max-image-preview":"max-image-preview:large","max-video-preview":"max-video-preview:-1"},"canonical":"https:\/\/archivehub.io\/de\/archivehub-archivdatenberichterstattung-fuer-s-4hana-mit-ilm\/","og_locale":"de_DE","og_type":"article","og_title":"ArchiveHub Archivdatenberichterstattung f\u00fcr S\/4HANA mit ILM - ArchiveHub.io","og_description":"Die Datenarchivierung in SAP S\/4HANA mit ILM bezieht sich auf den Prozess der Verlagerung von Daten, auf die nur selten zugegriffen wird oder die veraltet sind, von der prim\u00e4ren Datenbank in ein separates, kosteng\u00fcnstigeres Speichersystem, w\u00e4hrend sie gleichzeitig f\u00fcr rechtliche oder gesch\u00e4ftliche Anforderungen zug\u00e4nglich bleiben und Aufbewahrungsmanagementfunktionen aufweisen. Die Archivierung tr\u00e4gt dazu bei, die Systemleistung aufrechtzuerhalten, den Datenbestand zu reduzieren und die Gesamtbetriebskosten zu senken.","og_url":"https:\/\/archivehub.io\/de\/archivehub-archivdatenberichterstattung-fuer-s-4hana-mit-ilm\/","og_site_name":"ArchiveHub.io","article_publisher":"https:\/\/www.facebook.com\/people\/ArchiveHubio\/100091316926341\/","article_modified_time":"2023-04-09T06:46:01+00:00","og_image":[{"url":"https:\/\/archivehub.io\/wp-content\/uploads\/2023\/03\/s4hana_ilm.png","type":"","width":"","height":""}],"twitter_card":"summary_large_image","twitter_misc":{"Gesch\u00e4tzte Lesezeit":"1\u00a0Minute"},"schema":{"@context":"https:\/\/schema.org","@graph":[{"@type":"WebPage","@id":"https:\/\/archivehub.io\/de\/archivehub-archivdatenberichterstattung-fuer-s-4hana-mit-ilm\/","url":"https:\/\/archivehub.io\/de\/archivehub-archivdatenberichterstattung-fuer-s-4hana-mit-ilm\/","name":"ArchiveHub Archivdatenberichterstattung f\u00fcr S\/4HANA mit ILM - ArchiveHub.io","isPartOf":{"@id":"https:\/\/archivehub.io\/de\/#website"},"primaryImageOfPage":{"@id":"https:\/\/archivehub.io\/de\/archivehub-archivdatenberichterstattung-fuer-s-4hana-mit-ilm\/#primaryimage"},"image":{"@id":"https:\/\/archivehub.io\/de\/archivehub-archivdatenberichterstattung-fuer-s-4hana-mit-ilm\/#primaryimage"},"thumbnailUrl":"https:\/\/archivehub.io\/wp-content\/uploads\/2023\/03\/s4hana_ilm.png","datePublished":"2023-03-25T09:54:54+00:00","dateModified":"2023-04-09T06:46:01+00:00","description":"Die Datenarchivierung in SAP S\/4HANA mit ILM bezieht sich auf den Prozess der Verlagerung von Daten, auf die nur selten zugegriffen wird oder die veraltet sind, von der prim\u00e4ren Datenbank in ein separates, kosteng\u00fcnstigeres Speichersystem, w\u00e4hrend sie gleichzeitig f\u00fcr rechtliche oder gesch\u00e4ftliche Anforderungen zug\u00e4nglich bleiben und Aufbewahrungsmanagementfunktionen aufweisen. Die Archivierung tr\u00e4gt dazu bei, die Systemleistung aufrechtzuerhalten, den Datenbestand zu reduzieren und die Gesamtbetriebskosten zu senken.","inLanguage":"de","potentialAction":[{"@type":"ReadAction","target":["https:\/\/archivehub.io\/de\/archivehub-archivdatenberichterstattung-fuer-s-4hana-mit-ilm\/"]}]},{"@type":"ImageObject","inLanguage":"de","@id":"https:\/\/archivehub.io\/de\/archivehub-archivdatenberichterstattung-fuer-s-4hana-mit-ilm\/#primaryimage","url":"https:\/\/archivehub.io\/wp-content\/uploads\/2023\/03\/s4hana_ilm.png","contentUrl":"https:\/\/archivehub.io\/wp-content\/uploads\/2023\/03\/s4hana_ilm.png"},{"@type":"WebSite","@id":"https:\/\/archivehub.io\/de\/#website","url":"https:\/\/archivehub.io\/de\/","name":"ArchiveHub.io","description":"SAP Archived Data Reporting Made Easy","publisher":{"@id":"https:\/\/archivehub.io\/de\/#organization"},"potentialAction":[{"@type":"SearchAction","target":{"@type":"EntryPoint","urlTemplate":"https:\/\/archivehub.io\/de\/?s={search_term_string}"},"query-input":{"@type":"PropertyValueSpecification","valueRequired":true,"valueName":"search_term_string"}}],"inLanguage":"de"},{"@type":"Organization","@id":"https:\/\/archivehub.io\/de\/#organization","name":"ArchiveHub.io","url":"https:\/\/archivehub.io\/de\/","logo":{"@type":"ImageObject","inLanguage":"de","@id":"https:\/\/archivehub.io\/de\/#\/schema\/logo\/image\/","url":"https:\/\/archivehub.io\/wp-content\/uploads\/2023\/03\/350px.png","contentUrl":"https:\/\/archivehub.io\/wp-content\/uploads\/2023\/03\/350px.png","width":351,"height":77,"caption":"ArchiveHub.io"},"image":{"@id":"https:\/\/archivehub.io\/de\/#\/schema\/logo\/image\/"},"sameAs":["https:\/\/www.facebook.com\/people\/ArchiveHubio\/100091316926341\/"]}]}},"_links":{"self":[{"href":"https:\/\/archivehub.io\/de\/wp-json\/wp\/v2\/pages\/4664","targetHints":{"allow":["GET"]}}],"collection":[{"href":"https:\/\/archivehub.io\/de\/wp-json\/wp\/v2\/pages"}],"about":[{"href":"https:\/\/archivehub.io\/de\/wp-json\/wp\/v2\/types\/page"}],"author":[{"embeddable":true,"href":"https:\/\/archivehub.io\/de\/wp-json\/wp\/v2\/users\/1"}],"replies":[{"embeddable":true,"href":"https:\/\/archivehub.io\/de\/wp-json\/wp\/v2\/comments?post=4664"}],"version-history":[{"count":3,"href":"https:\/\/archivehub.io\/de\/wp-json\/wp\/v2\/pages\/4664\/revisions"}],"predecessor-version":[{"id":4813,"href":"https:\/\/archivehub.io\/de\/wp-json\/wp\/v2\/pages\/4664\/revisions\/4813"}],"wp:attachment":[{"href":"https:\/\/archivehub.io\/de\/wp-json\/wp\/v2\/media?parent=4664"}],"curies":[{"name":"wp","href":"https:\/\/api.w.org\/{rel}","templated":true}]}}